{"id":35,"date":"2023-12-26T07:26:40","date_gmt":"2023-12-26T07:26:40","guid":{"rendered":"https:\/\/cannasmed.com\/gbl\/?post_type=product&#038;p=35"},"modified":"2026-04-11T07:15:58","modified_gmt":"2026-04-11T07:15:58","slug":"-19","status":"publish","type":"product","link":"https:\/\/gblexprimer.com\/cs\/produkt\/-19\/","title":{"rendered":"Diazepam Ratiopharm 5 mg Diazepam"},"content":{"rendered":"<h2>Koupit Diazepam Ratiopharm 5 mg Diazepam online<\/h2>\n<p>Na Sample.com si m\u016f\u017eete s d\u016fv\u011brou koupit origin\u00e1ln\u00ed diazepamov\u00e9 pilulky. P\u0159ed odesl\u00e1n\u00edm l\u00e9ku je nutn\u00e1 online konzultace s l\u00e9ka\u0159em, aby se zjistilo, zda lze vystavit legitimn\u00ed recept. Zaji\u0161t\u011bn\u00ed toho, \u017ee Diazepam (Valium) je pro v\u00e1s t\u00edm spr\u00e1vn\u00fdm l\u00e9kem, je dosa\u017eeno prost\u0159ednictv\u00edm online poradenstv\u00ed. Tento postup, srovnateln\u00fd s postupem v internetov\u00e9 l\u00e9k\u00e1rn\u011b, pom\u00e1h\u00e1 zajistit, \u017ee n\u00e1kup <a href=\"https:\/\/gblexprimer.com\/cs\/produkt\/-19\/\">Diazepam online<\/a> je pro v\u00e1s bezpe\u010dn\u00fd a vhodn\u00fd. P\u0159ed zah\u00e1jen\u00edm jak\u00e9hokoli l\u00e9\u010debn\u00e9ho re\u017eimu byste si m\u011bli v\u017edy promluvit se sv\u00fdm l\u00e9ka\u0159em nebo jin\u00fdm zdravotnick\u00fdm pracovn\u00edkem, abyste se ujistili, \u017ee l\u00e9k je bezpe\u010dn\u00fd a vhodn\u00fd pro va\u0161e specifick\u00e9 pot\u0159eby.<\/p>\n<h3>Co je diazepam?<\/h3>\n<p>Le <a href=\"https:\/\/en.wikipedia.org\/wiki\/Diazepam\">diazepam<\/a> je l\u00e9k pou\u017e\u00edvan\u00fd k l\u00e9\u010db\u011b \u00fazkosti, z\u00e1chvat\u016f paniky, svalov\u00fdch k\u0159e\u010d\u00ed a<br \/>\nN\u011bkter\u00fdm lidem je p\u0159edepisov\u00e1n diazepam jako l\u00e9k, kter\u00fd jim m\u00e1 pomoci uvolnit se p\u0159ed l\u00e9ka\u0159sk\u00fdm z\u00e1krokem. M\u016f\u017ee b\u00fdt p\u0159edeps\u00e1n jako svalov\u00fd relaxant<br \/>\nLe diaz\u00e9pam \u00e9tait autrefois connu sous le nom de <a href=\"https:\/\/gblexprimer.com\/cs\/produkt\/nebesky-cista-extaze-500-mg-%ce%b3-hydroxymaselna-kyselina-ghb\/\">Valium<\/a>, bien que cette marque de diaz\u00e9pam ne soit plus disponible au Royaume-Uni.<br \/>\nJe to kontrolovan\u00e1 l\u00e1tka<br \/>\nDiazepam se obvykle u\u017e\u00edv\u00e1 ve form\u011b tablet, ale m\u016f\u017ee b\u00fdt p\u0159edeps\u00e1n v tekut\u00e9 form\u011b nebo jako rekt\u00e1ln\u00ed l\u00e9k.<br \/>\nDoporu\u010duje se neu\u017e\u00edvat diazepam d\u00e9le ne\u017e \u010dty\u0159i t\u00fddny afiliace, proto\u017ee hroz\u00ed drogov\u00e1 z\u00e1vislost (Young Minds, 2023). V\u00e1\u0161 l\u00e9ka\u0159 v\u00e1m bude schopen vysv\u011btlit spr\u00e1vnou dobu u\u017e\u00edv\u00e1n\u00ed l\u00e9k\u016f na z\u00e1klad\u011b va\u0161ich individu\u00e1ln\u00edch pot\u0159eb.<br \/>\nVzhledem k tomu, \u017ee diazepam m\u016f\u017ee zp\u016fsobit ospalost, nem\u011bli byste p\u0159i jeho u\u017e\u00edv\u00e1n\u00ed \u0159\u00eddit nebo obsluhovat stroje nebo t\u011b\u017ek\u00e9 n\u00e1stroje.<br \/>\nJe d\u016fle\u017eit\u00e9, abyste si p\u0159e\u010detli p\u0159\u00edbalovou informaci pro pacienta, kde najdete \u00fapln\u00fd seznam \u010dast\u00fdch ne\u017e\u00e1douc\u00edch \u00fa\u010dink\u016f a varov\u00e1n\u00ed, a v\u017edy byste se m\u011bli poradit se sv\u00fdm l\u00e9ka\u0159em o vhodn\u00e9 l\u00e9\u010db\u011b pro v\u00e1\u0161 konkr\u00e9tn\u00ed zdravotn\u00ed stav.<\/p>\n<h3>Jak prot\u0159epat diazepam?<\/h3>\n<p>Benzodiazepiny, v\u010detn\u011b diazepamu, p\u016fsob\u00ed tak, \u017ee ovliv\u0148uj\u00ed ur\u010dit\u00e9 chemick\u00e9 l\u00e1tky v mozku, \u010d\u00edm\u017e zesiluj\u00ed vazbu GABA na receptory GABA (Michel, T., 2011). Tyto chemik\u00e1lie maj\u00ed uklid\u0148uj\u00edc\u00ed \u00fa\u010dinek na mozek (Cuncic, A., 2022), co\u017e m\u016f\u017ee pomoci sn\u00ed\u017eit \u00fazkost, pomoci va\u0161im sval\u016fm uvolnit se nebo se budete c\u00edtit uvoln\u011bn\u011b nebo ospale. M\u016f\u017ee dokonce zastavit z\u00e1chvatovou aktivitu (Epilepsy Foundation, 2018). N\u011bkdy je diazepam p\u0159edeps\u00e1n jako pr\u00e1\u0161ek na span\u00ed. <a href=\"https:\/\/gblexprimer.com\/cs\/\">Gblexprimer<\/a><\/p>\n<p>Proto\u017ee pilulka diazepamu m\u016f\u017ee m\u00edt mnoho r\u016fzn\u00fdch \u00fa\u010dink\u016f, je p\u0159edepisov\u00e1na pro r\u016fzn\u00e9 zdravotn\u00ed stavy. Ty mohou zahrnovat \u00fazkost, pot\u00ed\u017ee s us\u00edn\u00e1n\u00edm nebo jako nouzov\u00fd l\u00e9k, kter\u00fd se m\u00e1 podat v p\u0159\u00edpad\u011b krize.<\/p>","protected":false},"excerpt":{"rendered":"<p>Acheter Diaz\u00e9pam Ratiopharm 5 mg Diaz\u00e9pam en ligne Sur Sample.com, vous pouvez acheter des comprim\u00e9s de diaz\u00e9pam authentiques en toute confiance. Avant l&rsquo;envoi du m\u00e9dicament, une consultation en ligne d&rsquo;un m\u00e9decin est n\u00e9cessaire pour d\u00e9terminer si une ordonnance l\u00e9gitime peut \u00eatre \u00e9tablie. S&rsquo;assurer que le Diaz\u00e9pam (Valium) est le bon m\u00e9dicament pour vous est assur\u00e9 [&hellip;]<\/p>","protected":false},"featured_media":101,"comment_status":"open","ping_status":"closed","template":"","meta":{"site-sidebar-layout":"default","site-content-layout":"","ast-site-content-layout":"default","site-content-style":"default","site-sidebar-style":"default","ast-global-header-display":"","ast-banner-title-visibility":"","ast-main-header-display":"","ast-hfb-above-header-display":"","ast-hfb-below-header-display":"","ast-hfb-mobile-header-display":"","site-post-title":"","ast-breadcrumbs-content":"","ast-featured-img":"","footer-sml-layout":"","theme-transparent-header-meta":"default","adv-header-id-meta":"","stick-header-meta":"","header-above-stick-meta":"","header-main-stick-meta":"","header-below-stick-meta":"","astra-migrate-meta-layouts":"set","ast-page-background-enabled":"default","ast-page-background-meta":{"desktop":{"background-color":"","background-image":"","background-repeat":"repeat","background-position":"center center","background-size":"auto","background-attachment":"scroll","background-type":"","background-media":"","overlay-type":"","overlay-color":"","overlay-opacity":"","overlay-gradient":""},"tablet":{"background-color":"","background-image":"","background-repeat":"repeat","background-position":"center center","background-size":"auto","background-attachment":"scroll","background-type":"","background-media":"","overlay-type":"","overlay-color":"","overlay-opacity":"","overlay-gradient":""},"mobile":{"background-color":"","background-image":"","background-repeat":"repeat","background-position":"center center","background-size":"auto","background-attachment":"scroll","background-type":"","background-media":"","overlay-type":"","overlay-color":"","overlay-opacity":"","overlay-gradient":""}},"ast-content-background-meta":{"desktop":{"background-color":"var(--ast-global-color-5)","background-image":"","background-repeat":"repeat","background-position":"center center","background-size":"auto","background-attachment":"scroll","background-type":"","background-media":"","overlay-type":"","overlay-color":"","overlay-opacity":"","overlay-gradient":""},"tablet":{"background-color":"var(--ast-global-color-5)","background-image":"","background-repeat":"repeat","background-position":"center center","background-size":"auto","background-attachment":"scroll","background-type":"","background-media":"","overlay-type":"","overlay-color":"","overlay-opacity":"","overlay-gradient":""},"mobile":{"background-color":"var(--ast-global-color-5)","background-image":"","background-repeat":"repeat","background-position":"center center","background-size":"auto","background-attachment":"scroll","background-type":"","background-media":"","overlay-type":"","overlay-color":"","overlay-opacity":"","overlay-gradient":""}},"_joinchat":[]},"product_brand":[],"product_cat":[84],"product_tag":[],"class_list":{"0":"post-35","1":"product","2":"type-product","3":"status-publish","4":"has-post-thumbnail","6":"product_cat-ko-drops","7":"desktop-align-left","8":"tablet-align-left","9":"mobile-align-left","11":"first","12":"instock","13":"featured","14":"shipping-taxable","15":"purchasable","16":"product-type-variable","17":"has-default-attributes"},"yoast_head":"<!-- This site is optimized with the Yoast SEO plugin v26.9 - https:\/\/yoast.com\/product\/yoast-seo-wordpress\/ -->\n<title>Acheter du Diazepam-ratiopharm 5 mg en ligne | Gblexprimer<\/title>\n<meta name=\"description\" content=\"Le Diazepam-ratiopharm contient du diaz\u00e9pam, une benzodiaz\u00e9pine qui aide \u00e0 soulager l&#039;anxi\u00e9t\u00e9, les spasmes musculaires et les troubles convulsifs en apaisant le syst\u00e8me nerveux central.\" \/>\n<meta name=\"robots\" content=\"index, follow, max-snippet:-1, max-image-preview:large, max-video-preview:-1\" \/>\n<link rel=\"canonical\" href=\"https:\/\/gblexprimer.com\/cs\/produkt\/-19\/\" \/>\n<meta property=\"og:locale\" content=\"cs_CZ\" \/>\n<meta property=\"og:type\" content=\"article\" \/>\n<meta property=\"og:title\" content=\"Acheter du Diazepam-ratiopharm 5 mg en ligne | Gblexprimer\" \/>\n<meta property=\"og:description\" content=\"Le Diazepam-ratiopharm contient du diaz\u00e9pam, une benzodiaz\u00e9pine qui aide \u00e0 soulager l&#039;anxi\u00e9t\u00e9, les spasmes musculaires et les troubles convulsifs en apaisant le syst\u00e8me nerveux central.\" \/>\n<meta property=\"og:url\" content=\"https:\/\/gblexprimer.com\/cs\/produkt\/-19\/\" \/>\n<meta property=\"og:site_name\" content=\"GBL Exprimer\" \/>\n<meta property=\"article:modified_time\" content=\"2026-04-11T07:15:58+00:00\" \/>\n<meta property=\"og:image\" content=\"https:\/\/gblexprimer.com\/wp-content\/uploads\/2023\/12\/Diazepam-Ratiopharm-5-mg-Diazepam.jpg\" \/>\n\t<meta property=\"og:image:width\" content=\"600\" \/>\n\t<meta property=\"og:image:height\" content=\"600\" \/>\n\t<meta property=\"og:image:type\" content=\"image\/jpeg\" \/>\n<meta name=\"twitter:card\" content=\"summary_large_image\" \/>\n<meta name=\"twitter:label1\" content=\"Odhadovan\u00e1 doba \u010dten\u00ed\" \/>\n\t<meta name=\"twitter:data1\" content=\"3 minuty\" \/>\n<script type=\"application\/ld+json\" class=\"yoast-schema-graph\">{\"@context\":\"https:\/\/schema.org\",\"@graph\":[{\"@type\":\"WebPage\",\"@id\":\"https:\/\/gblexprimer.com\/product\/diazepam-ratiopharm-5-mg-diazepam\/\",\"url\":\"https:\/\/gblexprimer.com\/product\/diazepam-ratiopharm-5-mg-diazepam\/\",\"name\":\"Acheter du Diazepam-ratiopharm 5 mg en ligne | Gblexprimer\",\"isPartOf\":{\"@id\":\"https:\/\/gblexprimer.com\/#website\"},\"primaryImageOfPage\":{\"@id\":\"https:\/\/gblexprimer.com\/product\/diazepam-ratiopharm-5-mg-diazepam\/#primaryimage\"},\"image\":{\"@id\":\"https:\/\/gblexprimer.com\/product\/diazepam-ratiopharm-5-mg-diazepam\/#primaryimage\"},\"thumbnailUrl\":\"https:\/\/gblexprimer.com\/wp-content\/uploads\/2023\/12\/Diazepam-Ratiopharm-5-mg-Diazepam.jpg\",\"datePublished\":\"2023-12-26T07:26:40+00:00\",\"dateModified\":\"2026-04-11T07:15:58+00:00\",\"description\":\"Le Diazepam-ratiopharm contient du diaz\u00e9pam, une benzodiaz\u00e9pine qui aide \u00e0 soulager l'anxi\u00e9t\u00e9, les spasmes musculaires et les troubles convulsifs en apaisant le syst\u00e8me nerveux central.\",\"breadcrumb\":{\"@id\":\"https:\/\/gblexprimer.com\/product\/diazepam-ratiopharm-5-mg-diazepam\/#breadcrumb\"},\"inLanguage\":\"cs\",\"potentialAction\":[{\"@type\":\"ReadAction\",\"target\":[\"https:\/\/gblexprimer.com\/product\/diazepam-ratiopharm-5-mg-diazepam\/\"]}]},{\"@type\":\"ImageObject\",\"inLanguage\":\"cs\",\"@id\":\"https:\/\/gblexprimer.com\/product\/diazepam-ratiopharm-5-mg-diazepam\/#primaryimage\",\"url\":\"https:\/\/gblexprimer.com\/wp-content\/uploads\/2023\/12\/Diazepam-Ratiopharm-5-mg-Diazepam.jpg\",\"contentUrl\":\"https:\/\/gblexprimer.com\/wp-content\/uploads\/2023\/12\/Diazepam-Ratiopharm-5-mg-Diazepam.jpg\",\"width\":600,\"height\":600,\"caption\":\"Diaz\u00e9pam Ratiopharm 5 mg Diaz\u00e9pam\"},{\"@type\":\"BreadcrumbList\",\"@id\":\"https:\/\/gblexprimer.com\/product\/diazepam-ratiopharm-5-mg-diazepam\/#breadcrumb\",\"itemListElement\":[{\"@type\":\"ListItem\",\"position\":1,\"name\":\"Home\",\"item\":\"https:\/\/gblexprimer.com\/\"},{\"@type\":\"ListItem\",\"position\":2,\"name\":\"Shop\",\"item\":\"https:\/\/gblexprimer.com\/shop\/\"},{\"@type\":\"ListItem\",\"position\":3,\"name\":\"Diaz\u00e9pam Ratiopharm 5 mg Diaz\u00e9pam\"}]},{\"@type\":\"WebSite\",\"@id\":\"https:\/\/gblexprimer.com\/#website\",\"url\":\"https:\/\/gblexprimer.com\/\",\"name\":\"GBL Exprimer\",\"description\":\"\",\"publisher\":{\"@id\":\"https:\/\/gblexprimer.com\/#organization\"},\"potentialAction\":[{\"@type\":\"SearchAction\",\"target\":{\"@type\":\"EntryPoint\",\"urlTemplate\":\"https:\/\/gblexprimer.com\/?s={search_term_string}\"},\"query-input\":{\"@type\":\"PropertyValueSpecification\",\"valueRequired\":true,\"valueName\":\"search_term_string\"}}],\"inLanguage\":\"cs\"},{\"@type\":\"Organization\",\"@id\":\"https:\/\/gblexprimer.com\/#organization\",\"name\":\"GBL Exprimer\",\"url\":\"https:\/\/gblexprimer.com\/\",\"logo\":{\"@type\":\"ImageObject\",\"inLanguage\":\"cs\",\"@id\":\"https:\/\/gblexprimer.com\/#\/schema\/logo\/image\/\",\"url\":\"https:\/\/gblexprimer.com\/wp-content\/uploads\/2024\/01\/logo.png\",\"contentUrl\":\"https:\/\/gblexprimer.com\/wp-content\/uploads\/2024\/01\/logo.png\",\"width\":220,\"height\":80,\"caption\":\"GBL Exprimer\"},\"image\":{\"@id\":\"https:\/\/gblexprimer.com\/#\/schema\/logo\/image\/\"}}]}<\/script>\n<!-- \/ Yoast SEO plugin. -->","yoast_head_json":{"title":"Acheter du Diazepam-ratiopharm 5 mg en ligne | Gblexprimer","description":"Le Diazepam-ratiopharm contient du diaz\u00e9pam, une benzodiaz\u00e9pine qui aide \u00e0 soulager l'anxi\u00e9t\u00e9, les spasmes musculaires et les troubles convulsifs en apaisant le syst\u00e8me nerveux central.","robots":{"index":"index","follow":"follow","max-snippet":"max-snippet:-1","max-image-preview":"max-image-preview:large","max-video-preview":"max-video-preview:-1"},"canonical":"https:\/\/gblexprimer.com\/cs\/produkt\/-19\/","og_locale":"cs_CZ","og_type":"article","og_title":"Acheter du Diazepam-ratiopharm 5 mg en ligne | Gblexprimer","og_description":"Le Diazepam-ratiopharm contient du diaz\u00e9pam, une benzodiaz\u00e9pine qui aide \u00e0 soulager l'anxi\u00e9t\u00e9, les spasmes musculaires et les troubles convulsifs en apaisant le syst\u00e8me nerveux central.","og_url":"https:\/\/gblexprimer.com\/cs\/produkt\/-19\/","og_site_name":"GBL Exprimer","article_modified_time":"2026-04-11T07:15:58+00:00","og_image":[{"width":600,"height":600,"url":"https:\/\/gblexprimer.com\/wp-content\/uploads\/2023\/12\/Diazepam-Ratiopharm-5-mg-Diazepam.jpg","type":"image\/jpeg"}],"twitter_card":"summary_large_image","twitter_misc":{"Odhadovan\u00e1 doba \u010dten\u00ed":"3 minuty"},"schema":{"@context":"https:\/\/schema.org","@graph":[{"@type":"WebPage","@id":"https:\/\/gblexprimer.com\/product\/diazepam-ratiopharm-5-mg-diazepam\/","url":"https:\/\/gblexprimer.com\/product\/diazepam-ratiopharm-5-mg-diazepam\/","name":"Acheter du Diazepam-ratiopharm 5 mg en ligne | Gblexprimer","isPartOf":{"@id":"https:\/\/gblexprimer.com\/#website"},"primaryImageOfPage":{"@id":"https:\/\/gblexprimer.com\/product\/diazepam-ratiopharm-5-mg-diazepam\/#primaryimage"},"image":{"@id":"https:\/\/gblexprimer.com\/product\/diazepam-ratiopharm-5-mg-diazepam\/#primaryimage"},"thumbnailUrl":"https:\/\/gblexprimer.com\/wp-content\/uploads\/2023\/12\/Diazepam-Ratiopharm-5-mg-Diazepam.jpg","datePublished":"2023-12-26T07:26:40+00:00","dateModified":"2026-04-11T07:15:58+00:00","description":"Le Diazepam-ratiopharm contient du diaz\u00e9pam, une benzodiaz\u00e9pine qui aide \u00e0 soulager l'anxi\u00e9t\u00e9, les spasmes musculaires et les troubles convulsifs en apaisant le syst\u00e8me nerveux central.","breadcrumb":{"@id":"https:\/\/gblexprimer.com\/product\/diazepam-ratiopharm-5-mg-diazepam\/#breadcrumb"},"inLanguage":"cs","potentialAction":[{"@type":"ReadAction","target":["https:\/\/gblexprimer.com\/product\/diazepam-ratiopharm-5-mg-diazepam\/"]}]},{"@type":"ImageObject","inLanguage":"cs","@id":"https:\/\/gblexprimer.com\/product\/diazepam-ratiopharm-5-mg-diazepam\/#primaryimage","url":"https:\/\/gblexprimer.com\/wp-content\/uploads\/2023\/12\/Diazepam-Ratiopharm-5-mg-Diazepam.jpg","contentUrl":"https:\/\/gblexprimer.com\/wp-content\/uploads\/2023\/12\/Diazepam-Ratiopharm-5-mg-Diazepam.jpg","width":600,"height":600,"caption":"Diaz\u00e9pam Ratiopharm 5 mg Diaz\u00e9pam"},{"@type":"BreadcrumbList","@id":"https:\/\/gblexprimer.com\/product\/diazepam-ratiopharm-5-mg-diazepam\/#breadcrumb","itemListElement":[{"@type":"ListItem","position":1,"name":"Home","item":"https:\/\/gblexprimer.com\/"},{"@type":"ListItem","position":2,"name":"Shop","item":"https:\/\/gblexprimer.com\/shop\/"},{"@type":"ListItem","position":3,"name":"Diaz\u00e9pam Ratiopharm 5 mg Diaz\u00e9pam"}]},{"@type":"WebSite","@id":"https:\/\/gblexprimer.com\/#website","url":"https:\/\/gblexprimer.com\/","name":"GBL Express","description":"","publisher":{"@id":"https:\/\/gblexprimer.com\/#organization"},"potentialAction":[{"@type":"SearchAction","target":{"@type":"EntryPoint","urlTemplate":"https:\/\/gblexprimer.com\/?s={search_term_string}"},"query-input":{"@type":"PropertyValueSpecification","valueRequired":true,"valueName":"search_term_string"}}],"inLanguage":"cs"},{"@type":"Organization","@id":"https:\/\/gblexprimer.com\/#organization","name":"GBL Express","url":"https:\/\/gblexprimer.com\/","logo":{"@type":"ImageObject","inLanguage":"cs","@id":"https:\/\/gblexprimer.com\/#\/schema\/logo\/image\/","url":"https:\/\/gblexprimer.com\/wp-content\/uploads\/2024\/01\/logo.png","contentUrl":"https:\/\/gblexprimer.com\/wp-content\/uploads\/2024\/01\/logo.png","width":220,"height":80,"caption":"GBL Exprimer"},"image":{"@id":"https:\/\/gblexprimer.com\/#\/schema\/logo\/image\/"}}]}},"_links":{"self":[{"href":"https:\/\/gblexprimer.com\/cs\/wp-json\/wp\/v2\/product\/35","targetHints":{"allow":["GET"]}}],"collection":[{"href":"https:\/\/gblexprimer.com\/cs\/wp-json\/wp\/v2\/product"}],"about":[{"href":"https:\/\/gblexprimer.com\/cs\/wp-json\/wp\/v2\/types\/product"}],"replies":[{"embeddable":true,"href":"https:\/\/gblexprimer.com\/cs\/wp-json\/wp\/v2\/comments?post=35"}],"wp:featuredmedia":[{"embeddable":true,"href":"https:\/\/gblexprimer.com\/cs\/wp-json\/wp\/v2\/media\/101"}],"wp:attachment":[{"href":"https:\/\/gblexprimer.com\/cs\/wp-json\/wp\/v2\/media?parent=35"}],"wp:term":[{"taxonomy":"product_brand","embeddable":true,"href":"https:\/\/gblexprimer.com\/cs\/wp-json\/wp\/v2\/product_brand?post=35"},{"taxonomy":"product_cat","embeddable":true,"href":"https:\/\/gblexprimer.com\/cs\/wp-json\/wp\/v2\/product_cat?post=35"},{"taxonomy":"product_tag","embeddable":true,"href":"https:\/\/gblexprimer.com\/cs\/wp-json\/wp\/v2\/product_tag?post=35"}],"curies":[{"name":"wp","href":"https:\/\/api.w.org\/{rel}","templated":true}]}}