{"id":36,"date":"2023-12-26T07:26:41","date_gmt":"2023-12-26T07:26:41","guid":{"rendered":"https:\/\/cannasmed.com\/gbl\/?post_type=product&#038;p=36"},"modified":"2026-04-11T07:17:55","modified_gmt":"2026-04-11T07:17:55","slug":"nebesky-cista-extaze-500-mg-%ce%b3-hydroxymaselna-kyselina-ghb","status":"publish","type":"product","link":"https:\/\/gblexprimer.com\/cs\/produkt\/nebesky-cista-extaze-500-mg-%ce%b3-hydroxymaselna-kyselina-ghb\/","title":{"rendered":"Heaven Pure Ecstasy 500 mg kyseliny \u03b3-hydroxym\u00e1seln\u00e9 (GHB)"},"content":{"rendered":"<div class=\"ds-markdown\">\n<h2 class=\"ds-markdown-paragraph\">Achetez du Heaven Pure Ecstasy 500mg (GHB) en ligne \u2013 Puret\u00e9 de qualit\u00e9, S\u00e9curit\u00e9 de confiance<\/h2>\n<p class=\"ds-markdown-paragraph\"><a href=\"https:\/\/gblexprimer.com\/cs\/kategorie-produktu\/ghb\/\"><strong>Heaven Pure Ecstasy (GHB) online<\/strong><\/a>Objevte \u010distou esenci relaxace a euforie s Heaven Pure Ecstasy (GHB) \u2013 pr\u00e9miov\u00fdm roztokem gama-hydroxybutyr\u00e1tu, vyhled\u00e1van\u00fdm pro sv\u00e9 jedine\u010dn\u00e9 uklid\u0148uj\u00edc\u00ed a n\u00e1ladu zlep\u0161uj\u00edc\u00ed \u00fa\u010dinky. A\u0165 u\u017e si chcete Heaven Pure Ecstasy (GHB) objednat online pro osobn\u00ed pou\u017eit\u00ed, nebo zkoum\u00e1te mo\u017enosti rekrea\u010dn\u00edho po\u017eitku, je z\u00e1sadn\u00ed pochopit, co tento produkt odli\u0161uje a jak se na trhu zodpov\u011bdn\u011b orientovat.<\/p>\n<h3 class=\"ds-markdown-paragraph\">Co je Heaven Pure Ecstasy (GHB) Order Heaven Pure Ecstasy (GHB) online?<\/h3>\n<p class=\"ds-markdown-paragraph\">Le <strong>Heaven Pure Ecstasy (GHB)<\/strong> je vysoce rafinovan\u00e1 forma gama-hydroxybutyr\u00e1tu, kter\u00e1 je zn\u00e1m\u00e1 svou schopnost\u00ed navozovat hlubokou relaxaci, podporovat spole\u010denskost a posilovat smyslov\u00e9 pro\u017eitky. Tato l\u00e1tka, \u0161iroce uzn\u00e1van\u00e1 ve wellness a rekrea\u010dn\u00edch kruz\u00edch, je cen\u011bna pro sv\u016fj rychl\u00fd \u00fa\u010dinek a jemn\u00e9 \u00fa\u010dinky.<\/p>\n<p class=\"ds-markdown-paragraph\">Sa popularit\u00e9 d\u00e9coule de ses propri\u00e9t\u00e9s \u00e0 la <a href=\"https:\/\/gblexprimer.com\/cs\/produkt\/heroine\/\">fois euphorisantes<\/a> et s\u00e9datives, souvent utilis\u00e9es en environnements contr\u00f4l\u00e9s pour se d\u00e9tendre ou am\u00e9liorer l&rsquo;humeur<a href=\"https:\/\/nembutalboutique.com\/\">.<\/a><\/p>\n<h3 class=\"ds-markdown-paragraph\">Porozum\u011bn\u00ed GHB: chemick\u00e1 podstata a \u00fa\u010dinky<\/h3>\n<p class=\"ds-markdown-paragraph\">GHB je p\u0159irozen\u011b p\u0159\u00edtomen v lidsk\u00e9m t\u011ble a p\u016fsob\u00ed jako tlumiv\u00fd prost\u0159edek centr\u00e1ln\u00edho nervov\u00e9ho syst\u00e9mu. P\u0159i zodpov\u011bdn\u00e9m u\u017e\u00edv\u00e1n\u00ed <strong>Heaven Pure Ecstasy (GHB)<\/strong> m\u016f\u017ee podpo\u0159it klid, v\u011bt\u0161\u00ed pot\u011b\u0161en\u00ed a sn\u00ed\u017een\u00ed \u00fazkosti.<\/p>\n<p class=\"ds-markdown-paragraph\">Je v\u0161ak d\u016fle\u017eit\u00e9 si uv\u011bdomit, \u017ee nevhodn\u00e9 u\u017e\u00edv\u00e1n\u00ed s sebou nese rizika, jako je sedace, poruchy koordinace nebo z\u00e1va\u017en\u011bj\u0161\u00ed \u00fa\u010dinky p\u0159i vysok\u00fdch d\u00e1vk\u00e1ch.<\/p>\n<h3 class=\"ds-markdown-paragraph\">Pr\u00e1vn\u00ed status: Zjist\u011bte si to p\u0159ed n\u00e1kupem<\/h3>\n<p class=\"ds-markdown-paragraph\">Z\u00e1kony t\u00fdkaj\u00edc\u00ed se <a href=\"https:\/\/en.wikipedia.org\/wiki\/%CE%93-Hydroxybutyric_acid\"><strong>GHB<\/strong><\/a> se v jednotliv\u00fdch regionech zna\u010dn\u011b li\u0161\u00ed. V n\u011bkter\u00fdch oblastech je kv\u016fli sv\u00e9mu potenci\u00e1lu zneu\u017e\u00edv\u00e1n\u00ed klasifikov\u00e1n jako kontrolovan\u00e1 l\u00e1tka. P\u0159ed n\u00e1kupem Heaven Pure Ecstasy (GHB) online se ujist\u011bte, \u017ee zn\u00e1te m\u00edstn\u00ed pr\u00e1vn\u00ed r\u00e1mec, abyste se vyhnuli pr\u00e1vn\u00edm komplikac\u00edm.<\/p>\n<p class=\"ds-markdown-paragraph\">Odpov\u011bdn\u00fd n\u00e1kup zahrnuje dodr\u017eov\u00e1n\u00ed v\u0161ech m\u00edstn\u00edch p\u0159edpis\u016f a omezen\u00ed.<\/p>\n<h3 class=\"ds-markdown-paragraph\">Rizika n\u00e1kupu GHB online: Co byste m\u011bli v\u011bd\u011bt<\/h3>\n<p class=\"ds-markdown-paragraph\">Online trh nab\u00edz\u00ed pohodl\u00ed, ale tak\u00e9 rizika. Nejv\u011bt\u0161\u00ed obavy p\u0159i n\u00e1kupu GHB online vzbuzuj\u00ed pad\u011blky, kontaminovan\u00e9 \u0161ar\u017ee a nespolehliv\u00ed prodejci. Takov\u00e9 v\u00fdrobky nejen\u017ee nemus\u00ed vyvolat po\u017eadovan\u00e9 \u00fa\u010dinky, ale mohou tak\u00e9 ohrozit va\u0161e zdrav\u00ed.<\/p>\n<p class=\"ds-markdown-paragraph\">V\u017edy hledejte renomovan\u00e9 prodejce, kte\u0159\u00ed poskytuj\u00ed transparentn\u00ed informace o sv\u00fdch produktech a z\u00e1kaznick\u00e9m servisu.<\/p>\n<h4 class=\"ds-markdown-paragraph\">Jak z\u016fstat v bezpe\u010d\u00ed p\u0159i objedn\u00e1v\u00e1n\u00ed Heaven Pure Ecstasy (GHB) online<\/h4>\n<ul>\n<li>\n<p class=\"ds-markdown-paragraph\">Zkontrolujte zdroj: Vyberte si prodejce s ov\u011b\u0159en\u00fdmi recenzemi a jasn\u00fdmi kontaktn\u00edmi \u00fadaji.<\/p>\n<\/li>\n<li>\n<p class=\"ds-markdown-paragraph\">Zkontrolujte \u010distotu v\u00fdrobku: Hledejte laboratorn\u011b testovan\u00e9 v\u00fdrobky nebo z\u00e1ruky pravosti.<\/p>\n<\/li>\n<li>\n<p class=\"ds-markdown-paragraph\">Pochopte d\u00e1vkov\u00e1n\u00ed: za\u010dn\u011bte s nejmen\u0161\u00edm \u00fa\u010dinn\u00fdm mno\u017estv\u00edm a nikdy nem\u00edchejte s jin\u00fdmi l\u00e1tkami.<\/p>\n<\/li>\n<li>\n<p class=\"ds-markdown-paragraph\">Sni\u017eov\u00e1n\u00ed rizika v praxi: Pou\u017e\u00edvejte v bezpe\u010dn\u00e9m prost\u0159ed\u00ed, nejl\u00e9pe s d\u016fv\u011bryhodn\u00fdmi lidmi v bl\u00edzkosti.<\/p>\n<\/li>\n<\/ul>\n<h4 class=\"ds-markdown-paragraph\">Alternativy a podpora<\/h4>\n<p class=\"ds-markdown-paragraph\">Pokud zkoum\u00e1te dopl\u0148ky pro zlep\u0161en\u00ed n\u00e1lady nebo relaxaci, existuj\u00ed bezpe\u010dn\u011bj\u0161\u00ed a leg\u00e1ln\u00ed alternativy. Zva\u017ete konzultaci se zdravotnick\u00fdmi pracovn\u00edky, kte\u0159\u00ed v\u00e1m porad\u00ed, jak\u00e9 dopl\u0148ky stravy nebo terapie jsou pro va\u0161e pot\u0159eby vhodn\u00e9. Pro ty, kte\u0159\u00ed se pot\u00fdkaj\u00ed s probl\u00e9my s u\u017e\u00edv\u00e1n\u00edm n\u00e1vykov\u00fdch l\u00e1tek, nab\u00edz\u00ed d\u016fv\u011brnou pomoc a poradenstv\u00ed mnoho podp\u016frn\u00fdch skupin a zdroj\u016f. <a href=\"https:\/\/gblexprimer.com\/cs\/\"><strong>GBLExpress<\/strong><\/a><\/p>\n<p class=\"ds-markdown-paragraph\">Pro\u010d si vybrat n\u00e1s jako nejlep\u0161\u00ed m\u00edsto pro n\u00e1kup Heaven Pure Ecstasy (GHB)?<\/p>\n<p class=\"ds-markdown-paragraph\">Va\u0161i bezpe\u010dnost a spokojenost stav\u00edme na prvn\u00ed m\u00edsto a nab\u00edz\u00edme :<\/p>\n<ul>\n<li>\n<p class=\"ds-markdown-paragraph\">\u010cist\u00e1, vysoce kvalitn\u00ed ext\u00e1ze Heaven Pure Ecstasy (GHB), testovan\u00e1 na \u010distotu a s\u00edlu<\/p>\n<\/li>\n<li>\n<p class=\"ds-markdown-paragraph\">Konkuren\u010dn\u00ed, n\u00edzk\u00e9 ceny pro Heaven Pure Ecstasy (GHB) bez kompromis\u016f v kvalit\u011b<\/p>\n<\/li>\n<li>\n<p class=\"ds-markdown-paragraph\">Bezpe\u010dn\u00fd a diskr\u00e9tn\u00ed proces objedn\u00e1v\u00e1n\u00ed se spolehliv\u00fdm doru\u010den\u00edm po cel\u00e9m sv\u011bt\u011b.<\/p>\n<\/li>\n<li>\n<p class=\"ds-markdown-paragraph\">Odborn\u00fd z\u00e1kaznick\u00fd servis p\u0159ipraven\u00fd pomoci s jak\u00fdmikoliv dotazy nebo obavami<\/p>\n<\/li>\n<\/ul>\n<h5 class=\"ds-markdown-paragraph\">Z\u00e1v\u011br<\/h5>\n<p class=\"ds-markdown-paragraph\">Rozhodnut\u00ed o n\u00e1kupu Heaven Pure Ecstasy (GHB) online by m\u011blo b\u00fdt v\u017edy u\u010din\u011bno s pln\u00fdm v\u011bdom\u00edm a opatrnost\u00ed. Na\u0161\u00edm posl\u00e1n\u00edm je poskytovat d\u016fv\u011bryhodnou platformu, kde se m\u016f\u017eete bezpe\u010dn\u011b dostat k pr\u00e9miov\u00fdm produkt\u016fm a z\u00e1rove\u0148 z\u016fstat informov\u00e1ni o rizic\u00edch a zodpov\u011bdn\u00e9m u\u017e\u00edv\u00e1n\u00ed. Prozkoumejte nyn\u00ed na\u0161i nab\u00eddku a s d\u016fv\u011brou objevte uklid\u0148uj\u00edc\u00ed \u00fa\u010dinky p\u0159\u00edpravku Heaven Pure Ecstasy.<\/p>\n<p class=\"ds-markdown-paragraph\">Objednejte si Heaven Pure Ecstasy (GHB) online je\u0161t\u011b dnes - proto\u017ee va\u0161e bezpe\u010dnost a spokojenost jsou na prvn\u00edm m\u00edst\u011b.<\/p>\n<\/div>","protected":false},"excerpt":{"rendered":"<p>Kyselina \u03b3-hydroxym\u00e1seln\u00e1, zn\u00e1m\u00e1 tak\u00e9 jako kyselina gama-hydroxym\u00e1seln\u00e1, GHB nebo kyselina 4-hydroxybutanov\u00e1, je p\u0159\u00edrodn\u00ed neurotransmiter a tlumiv\u00e9 l\u00e9\u010divo. Je prekurzorem GABA, glutam\u00e1tu a glycinu v ur\u010dit\u00fdch oblastech mozku. P\u016fsob\u00ed na receptor GHB a je slab\u00fdm agonistou receptoru GABAB. GHB se v medic\u00edn\u011b pou\u017e\u00edv\u00e1 jako celkov\u00e9 anestetikum a jako l\u00e9\u010dba kataplexie, narkolepsie a alkoholismu.<\/p>","protected":false},"featured_media":99,"comment_status":"open","ping_status":"closed","template":"","meta":{"site-sidebar-layout":"default","site-content-layout":"","ast-site-content-layout":"default","site-content-style":"default","site-sidebar-style":"default","ast-global-header-display":"","ast-banner-title-visibility":"","ast-main-header-display":"","ast-hfb-above-header-display":"","ast-hfb-below-header-display":"","ast-hfb-mobile-header-display":"","site-post-title":"","ast-breadcrumbs-content":"","ast-featured-img":"","footer-sml-layout":"","theme-transparent-header-meta":"default","adv-header-id-meta":"","stick-header-meta":"","header-above-stick-meta":"","header-main-stick-meta":"","header-below-stick-meta":"","astra-migrate-meta-layouts":"set","ast-page-background-enabled":"default","ast-page-background-meta":{"desktop":{"background-color":"","background-image":"","background-repeat":"repeat","background-position":"center center","background-size":"auto","background-attachment":"scroll","background-type":"","background-media":"","overlay-type":"","overlay-color":"","overlay-opacity":"","overlay-gradient":""},"tablet":{"background-color":"","background-image":"","background-repeat":"repeat","background-position":"center center","background-size":"auto","background-attachment":"scroll","background-type":"","background-media":"","overlay-type":"","overlay-color":"","overlay-opacity":"","overlay-gradient":""},"mobile":{"background-color":"","background-image":"","background-repeat":"repeat","background-position":"center center","background-size":"auto","background-attachment":"scroll","background-type":"","background-media":"","overlay-type":"","overlay-color":"","overlay-opacity":"","overlay-gradient":""}},"ast-content-background-meta":{"desktop":{"background-color":"var(--ast-global-color-5)","background-image":"","background-repeat":"repeat","background-position":"center center","background-size":"auto","background-attachment":"scroll","background-type":"","background-media":"","overlay-type":"","overlay-color":"","overlay-opacity":"","overlay-gradient":""},"tablet":{"background-color":"var(--ast-global-color-5)","background-image":"","background-repeat":"repeat","background-position":"center center","background-size":"auto","background-attachment":"scroll","background-type":"","background-media":"","overlay-type":"","overlay-color":"","overlay-opacity":"","overlay-gradient":""},"mobile":{"background-color":"var(--ast-global-color-5)","background-image":"","background-repeat":"repeat","background-position":"center center","background-size":"auto","background-attachment":"scroll","background-type":"","background-media":"","overlay-type":"","overlay-color":"","overlay-opacity":"","overlay-gradient":""}},"_joinchat":[]},"product_brand":[],"product_cat":[18],"product_tag":[],"class_list":{"0":"post-36","1":"product","2":"type-product","3":"status-publish","4":"has-post-thumbnail","6":"product_cat-ghb","7":"desktop-align-left","8":"tablet-align-left","9":"mobile-align-left","11":"first","12":"instock","13":"shipping-taxable","14":"purchasable","15":"product-type-variable","16":"has-default-attributes"},"yoast_head":"<!-- This site is optimized with the Yoast SEO plugin v26.9 - https:\/\/yoast.com\/product\/yoast-seo-wordpress\/ -->\n<title>Acheter de l&#039;acide gamma-hydroxybutyrique (GHB) 500mg en ligne<\/title>\n<meta name=\"description\" content=\"L&#039;acide gamma-hydroxybutyrique (GHB) est un d\u00e9presseur du syst\u00e8me nerveux central qui poss\u00e8de \u00e0 la fois des d\u00e9riv\u00e9s \u00e0 usage m\u00e9dical et des usages r\u00e9cr\u00e9atifs illicites. Il pr\u00e9sente des risques importants, notamment la s\u00e9dation, la d\u00e9pression respiratoire et la d\u00e9pendance.\" \/>\n<meta name=\"robots\" content=\"index, follow, max-snippet:-1, max-image-preview:large, max-video-preview:-1\" \/>\n<link rel=\"canonical\" href=\"https:\/\/gblexprimer.com\/cs\/produkt\/nebesky-cista-extaze-500-mg-\u03b3-hydroxymaselna-kyselina-ghb\/\" \/>\n<meta property=\"og:locale\" content=\"cs_CZ\" \/>\n<meta property=\"og:type\" content=\"article\" \/>\n<meta property=\"og:title\" content=\"Acheter de l&#039;acide gamma-hydroxybutyrique (GHB) 500mg en ligne\" \/>\n<meta property=\"og:description\" content=\"L&#039;acide gamma-hydroxybutyrique (GHB) est un d\u00e9presseur du syst\u00e8me nerveux central qui poss\u00e8de \u00e0 la fois des d\u00e9riv\u00e9s \u00e0 usage m\u00e9dical et des usages r\u00e9cr\u00e9atifs illicites. Il pr\u00e9sente des risques importants, notamment la s\u00e9dation, la d\u00e9pression respiratoire et la d\u00e9pendance.\" \/>\n<meta property=\"og:url\" content=\"https:\/\/gblexprimer.com\/cs\/produkt\/nebesky-cista-extaze-500-mg-\u03b3-hydroxymaselna-kyselina-ghb\/\" \/>\n<meta property=\"og:site_name\" content=\"GBL Exprimer\" \/>\n<meta property=\"article:modified_time\" content=\"2026-04-11T07:17:55+00:00\" \/>\n<meta property=\"og:image\" content=\"https:\/\/gblexprimer.com\/wp-content\/uploads\/2023\/12\/Heaven-Pure-Ecstasy-500-mg.jpg\" \/>\n\t<meta property=\"og:image:width\" content=\"600\" \/>\n\t<meta property=\"og:image:height\" content=\"600\" \/>\n\t<meta property=\"og:image:type\" content=\"image\/jpeg\" \/>\n<meta name=\"twitter:card\" content=\"summary_large_image\" \/>\n<meta name=\"twitter:label1\" content=\"Odhadovan\u00e1 doba \u010dten\u00ed\" \/>\n\t<meta name=\"twitter:data1\" content=\"4 minuty\" \/>\n<script type=\"application\/ld+json\" class=\"yoast-schema-graph\">{\"@context\":\"https:\/\/schema.org\",\"@graph\":[{\"@type\":\"WebPage\",\"@id\":\"https:\/\/gblexprimer.com\/product\/heaven-pure-ecstasy-500-mg-dacide-%ce%b3-hydroxybutyrique-ghb\/\",\"url\":\"https:\/\/gblexprimer.com\/product\/heaven-pure-ecstasy-500-mg-dacide-%ce%b3-hydroxybutyrique-ghb\/\",\"name\":\"Acheter de l'acide gamma-hydroxybutyrique (GHB) 500mg en ligne\",\"isPartOf\":{\"@id\":\"https:\/\/gblexprimer.com\/#website\"},\"primaryImageOfPage\":{\"@id\":\"https:\/\/gblexprimer.com\/product\/heaven-pure-ecstasy-500-mg-dacide-%ce%b3-hydroxybutyrique-ghb\/#primaryimage\"},\"image\":{\"@id\":\"https:\/\/gblexprimer.com\/product\/heaven-pure-ecstasy-500-mg-dacide-%ce%b3-hydroxybutyrique-ghb\/#primaryimage\"},\"thumbnailUrl\":\"https:\/\/gblexprimer.com\/wp-content\/uploads\/2023\/12\/Heaven-Pure-Ecstasy-500-mg.jpg\",\"datePublished\":\"2023-12-26T07:26:41+00:00\",\"dateModified\":\"2026-04-11T07:17:55+00:00\",\"description\":\"L'acide gamma-hydroxybutyrique (GHB) est un d\u00e9presseur du syst\u00e8me nerveux central qui poss\u00e8de \u00e0 la fois des d\u00e9riv\u00e9s \u00e0 usage m\u00e9dical et des usages r\u00e9cr\u00e9atifs illicites. Il pr\u00e9sente des risques importants, notamment la s\u00e9dation, la d\u00e9pression respiratoire et la d\u00e9pendance.\",\"breadcrumb\":{\"@id\":\"https:\/\/gblexprimer.com\/product\/heaven-pure-ecstasy-500-mg-dacide-%ce%b3-hydroxybutyrique-ghb\/#breadcrumb\"},\"inLanguage\":\"cs\",\"potentialAction\":[{\"@type\":\"ReadAction\",\"target\":[\"https:\/\/gblexprimer.com\/product\/heaven-pure-ecstasy-500-mg-dacide-%ce%b3-hydroxybutyrique-ghb\/\"]}]},{\"@type\":\"ImageObject\",\"inLanguage\":\"cs\",\"@id\":\"https:\/\/gblexprimer.com\/product\/heaven-pure-ecstasy-500-mg-dacide-%ce%b3-hydroxybutyrique-ghb\/#primaryimage\",\"url\":\"https:\/\/gblexprimer.com\/wp-content\/uploads\/2023\/12\/Heaven-Pure-Ecstasy-500-mg.jpg\",\"contentUrl\":\"https:\/\/gblexprimer.com\/wp-content\/uploads\/2023\/12\/Heaven-Pure-Ecstasy-500-mg.jpg\",\"width\":600,\"height\":600,\"caption\":\"Gamma-Hydroxybutyrate GHB \u00e0 vendre\"},{\"@type\":\"BreadcrumbList\",\"@id\":\"https:\/\/gblexprimer.com\/product\/heaven-pure-ecstasy-500-mg-dacide-%ce%b3-hydroxybutyrique-ghb\/#breadcrumb\",\"itemListElement\":[{\"@type\":\"ListItem\",\"position\":1,\"name\":\"Home\",\"item\":\"https:\/\/gblexprimer.com\/\"},{\"@type\":\"ListItem\",\"position\":2,\"name\":\"Shop\",\"item\":\"https:\/\/gblexprimer.com\/shop\/\"},{\"@type\":\"ListItem\",\"position\":3,\"name\":\"Heaven Pure Ecstasy 500 mg d&#8217;acide \u03b3-hydroxybutyrique (GHB)\"}]},{\"@type\":\"WebSite\",\"@id\":\"https:\/\/gblexprimer.com\/#website\",\"url\":\"https:\/\/gblexprimer.com\/\",\"name\":\"GBL Exprimer\",\"description\":\"\",\"publisher\":{\"@id\":\"https:\/\/gblexprimer.com\/#organization\"},\"potentialAction\":[{\"@type\":\"SearchAction\",\"target\":{\"@type\":\"EntryPoint\",\"urlTemplate\":\"https:\/\/gblexprimer.com\/?s={search_term_string}\"},\"query-input\":{\"@type\":\"PropertyValueSpecification\",\"valueRequired\":true,\"valueName\":\"search_term_string\"}}],\"inLanguage\":\"cs\"},{\"@type\":\"Organization\",\"@id\":\"https:\/\/gblexprimer.com\/#organization\",\"name\":\"GBL Exprimer\",\"url\":\"https:\/\/gblexprimer.com\/\",\"logo\":{\"@type\":\"ImageObject\",\"inLanguage\":\"cs\",\"@id\":\"https:\/\/gblexprimer.com\/#\/schema\/logo\/image\/\",\"url\":\"https:\/\/gblexprimer.com\/wp-content\/uploads\/2024\/01\/logo.png\",\"contentUrl\":\"https:\/\/gblexprimer.com\/wp-content\/uploads\/2024\/01\/logo.png\",\"width\":220,\"height\":80,\"caption\":\"GBL Exprimer\"},\"image\":{\"@id\":\"https:\/\/gblexprimer.com\/#\/schema\/logo\/image\/\"}}]}<\/script>\n<!-- \/ Yoast SEO plugin. -->","yoast_head_json":{"title":"Acheter de l'acide gamma-hydroxybutyrique (GHB) 500mg en ligne","description":"L'acide gamma-hydroxybutyrique (GHB) est un d\u00e9presseur du syst\u00e8me nerveux central qui poss\u00e8de \u00e0 la fois des d\u00e9riv\u00e9s \u00e0 usage m\u00e9dical et des usages r\u00e9cr\u00e9atifs illicites. Il pr\u00e9sente des risques importants, notamment la s\u00e9dation, la d\u00e9pression respiratoire et la d\u00e9pendance.","robots":{"index":"index","follow":"follow","max-snippet":"max-snippet:-1","max-image-preview":"max-image-preview:large","max-video-preview":"max-video-preview:-1"},"canonical":"https:\/\/gblexprimer.com\/cs\/produkt\/nebesky-cista-extaze-500-mg-\u03b3-hydroxymaselna-kyselina-ghb\/","og_locale":"cs_CZ","og_type":"article","og_title":"Acheter de l'acide gamma-hydroxybutyrique (GHB) 500mg en ligne","og_description":"L'acide gamma-hydroxybutyrique (GHB) est un d\u00e9presseur du syst\u00e8me nerveux central qui poss\u00e8de \u00e0 la fois des d\u00e9riv\u00e9s \u00e0 usage m\u00e9dical et des usages r\u00e9cr\u00e9atifs illicites. Il pr\u00e9sente des risques importants, notamment la s\u00e9dation, la d\u00e9pression respiratoire et la d\u00e9pendance.","og_url":"https:\/\/gblexprimer.com\/cs\/produkt\/nebesky-cista-extaze-500-mg-\u03b3-hydroxymaselna-kyselina-ghb\/","og_site_name":"GBL Exprimer","article_modified_time":"2026-04-11T07:17:55+00:00","og_image":[{"width":600,"height":600,"url":"https:\/\/gblexprimer.com\/wp-content\/uploads\/2023\/12\/Heaven-Pure-Ecstasy-500-mg.jpg","type":"image\/jpeg"}],"twitter_card":"summary_large_image","twitter_misc":{"Odhadovan\u00e1 doba \u010dten\u00ed":"4 minuty"},"schema":{"@context":"https:\/\/schema.org","@graph":[{"@type":"WebPage","@id":"https:\/\/gblexprimer.com\/product\/heaven-pure-ecstasy-500-mg-dacide-%ce%b3-hydroxybutyrique-ghb\/","url":"https:\/\/gblexprimer.com\/product\/heaven-pure-ecstasy-500-mg-dacide-%ce%b3-hydroxybutyrique-ghb\/","name":"Acheter de l'acide gamma-hydroxybutyrique (GHB) 500mg en ligne","isPartOf":{"@id":"https:\/\/gblexprimer.com\/#website"},"primaryImageOfPage":{"@id":"https:\/\/gblexprimer.com\/product\/heaven-pure-ecstasy-500-mg-dacide-%ce%b3-hydroxybutyrique-ghb\/#primaryimage"},"image":{"@id":"https:\/\/gblexprimer.com\/product\/heaven-pure-ecstasy-500-mg-dacide-%ce%b3-hydroxybutyrique-ghb\/#primaryimage"},"thumbnailUrl":"https:\/\/gblexprimer.com\/wp-content\/uploads\/2023\/12\/Heaven-Pure-Ecstasy-500-mg.jpg","datePublished":"2023-12-26T07:26:41+00:00","dateModified":"2026-04-11T07:17:55+00:00","description":"L'acide gamma-hydroxybutyrique (GHB) est un d\u00e9presseur du syst\u00e8me nerveux central qui poss\u00e8de \u00e0 la fois des d\u00e9riv\u00e9s \u00e0 usage m\u00e9dical et des usages r\u00e9cr\u00e9atifs illicites. Il pr\u00e9sente des risques importants, notamment la s\u00e9dation, la d\u00e9pression respiratoire et la d\u00e9pendance.","breadcrumb":{"@id":"https:\/\/gblexprimer.com\/product\/heaven-pure-ecstasy-500-mg-dacide-%ce%b3-hydroxybutyrique-ghb\/#breadcrumb"},"inLanguage":"cs","potentialAction":[{"@type":"ReadAction","target":["https:\/\/gblexprimer.com\/product\/heaven-pure-ecstasy-500-mg-dacide-%ce%b3-hydroxybutyrique-ghb\/"]}]},{"@type":"ImageObject","inLanguage":"cs","@id":"https:\/\/gblexprimer.com\/product\/heaven-pure-ecstasy-500-mg-dacide-%ce%b3-hydroxybutyrique-ghb\/#primaryimage","url":"https:\/\/gblexprimer.com\/wp-content\/uploads\/2023\/12\/Heaven-Pure-Ecstasy-500-mg.jpg","contentUrl":"https:\/\/gblexprimer.com\/wp-content\/uploads\/2023\/12\/Heaven-Pure-Ecstasy-500-mg.jpg","width":600,"height":600,"caption":"Gamma-Hydroxybutyrate GHB \u00e0 vendre"},{"@type":"BreadcrumbList","@id":"https:\/\/gblexprimer.com\/product\/heaven-pure-ecstasy-500-mg-dacide-%ce%b3-hydroxybutyrique-ghb\/#breadcrumb","itemListElement":[{"@type":"ListItem","position":1,"name":"Home","item":"https:\/\/gblexprimer.com\/"},{"@type":"ListItem","position":2,"name":"Shop","item":"https:\/\/gblexprimer.com\/shop\/"},{"@type":"ListItem","position":3,"name":"Heaven Pure Ecstasy 500 mg d&#8217;acide \u03b3-hydroxybutyrique (GHB)"}]},{"@type":"WebSite","@id":"https:\/\/gblexprimer.com\/#website","url":"https:\/\/gblexprimer.com\/","name":"GBL Express","description":"","publisher":{"@id":"https:\/\/gblexprimer.com\/#organization"},"potentialAction":[{"@type":"SearchAction","target":{"@type":"EntryPoint","urlTemplate":"https:\/\/gblexprimer.com\/?s={search_term_string}"},"query-input":{"@type":"PropertyValueSpecification","valueRequired":true,"valueName":"search_term_string"}}],"inLanguage":"cs"},{"@type":"Organization","@id":"https:\/\/gblexprimer.com\/#organization","name":"GBL Express","url":"https:\/\/gblexprimer.com\/","logo":{"@type":"ImageObject","inLanguage":"cs","@id":"https:\/\/gblexprimer.com\/#\/schema\/logo\/image\/","url":"https:\/\/gblexprimer.com\/wp-content\/uploads\/2024\/01\/logo.png","contentUrl":"https:\/\/gblexprimer.com\/wp-content\/uploads\/2024\/01\/logo.png","width":220,"height":80,"caption":"GBL Exprimer"},"image":{"@id":"https:\/\/gblexprimer.com\/#\/schema\/logo\/image\/"}}]}},"_links":{"self":[{"href":"https:\/\/gblexprimer.com\/cs\/wp-json\/wp\/v2\/product\/36","targetHints":{"allow":["GET"]}}],"collection":[{"href":"https:\/\/gblexprimer.com\/cs\/wp-json\/wp\/v2\/product"}],"about":[{"href":"https:\/\/gblexprimer.com\/cs\/wp-json\/wp\/v2\/types\/product"}],"replies":[{"embeddable":true,"href":"https:\/\/gblexprimer.com\/cs\/wp-json\/wp\/v2\/comments?post=36"}],"wp:featuredmedia":[{"embeddable":true,"href":"https:\/\/gblexprimer.com\/cs\/wp-json\/wp\/v2\/media\/99"}],"wp:attachment":[{"href":"https:\/\/gblexprimer.com\/cs\/wp-json\/wp\/v2\/media?parent=36"}],"wp:term":[{"taxonomy":"product_brand","embeddable":true,"href":"https:\/\/gblexprimer.com\/cs\/wp-json\/wp\/v2\/product_brand?post=36"},{"taxonomy":"product_cat","embeddable":true,"href":"https:\/\/gblexprimer.com\/cs\/wp-json\/wp\/v2\/product_cat?post=36"},{"taxonomy":"product_tag","embeddable":true,"href":"https:\/\/gblexprimer.com\/cs\/wp-json\/wp\/v2\/product_tag?post=36"}],"curies":[{"name":"wp","href":"https:\/\/api.w.org\/{rel}","templated":true}]}}