{"id":43,"date":"2023-12-26T07:26:41","date_gmt":"2023-12-26T07:26:41","guid":{"rendered":"https:\/\/cannasmed.com\/gbl\/?post_type=product&#038;p=43"},"modified":"2026-04-10T10:02:28","modified_gmt":"2026-04-10T10:02:28","slug":"xyrem-180-ml-zu-500-mg-%ce%b3-hydroxybuttersaeure-ghb","status":"publish","type":"product","link":"https:\/\/gblexprimer.com\/cs\/produkt\/xyrem-180-ml-zu-500-mg-%ce%b3-hydroxybuttersaeure-ghb\/","title":{"rendered":"Koupit Xyrem 180 ml s 500 mg gama-hydroxy m\u00e1sla (GHB) online"},"content":{"rendered":"<h2>Koupit Xyrem 180 ml s 500 mg \u03b3-hydroxybutter (GHB) online<\/h2>\n<p>koupit <a href=\"https:\/\/gblexprimer.com\/cs\/produkt\/xyrem-180-ml-zu-500-mg-%ce%b3-hydroxybuttersaeure-ghb\/\">xyrem<\/a> Ka\u017ed\u00e1 jednotka produktu zn\u00e1m\u00e9ho jako Xyrem, kter\u00fd dod\u00e1v\u00e1me, je zcela nov\u00e9 zbo\u017e\u00ed farmaceutick\u00e9 kvality. V nepravd\u011bpodobn\u00e9m p\u0159\u00edpad\u011b, \u017ee dodan\u00e1 z\u00e1silka nebude spl\u0148ovat tento po\u017eadavek, obdr\u017e\u00edte bu\u010f n\u00e1hradn\u00ed z\u00e1silku, nebo v\u00e1m budou vr\u00e1ceny pen\u00edze. Po uplynut\u00ed doby pou\u017eitelnosti mus\u00ed b\u00fdt l\u00e9k zlikvidov\u00e1n v souladu s pokyny v\u00fdrobce (viz p\u0159\u00edbalov\u00fd let\u00e1k).<\/p>\n<h3>Dostupnostn\u00ed informace :<\/h3>\n<p>Le produit connu sous le nom de <a href=\"https:\/\/gblexprimer.com\/cs\/produkt\/alkohol\/\">Xyrem<\/a> peut \u00eatre exp\u00e9di\u00e9 d\u00e8s maintenant.<\/p>\n<h3>Omezen\u00ed doru\u010ditelnosti specifick\u00e1 pro danou zemi :<\/h3>\n<p>V sou\u010dasn\u00e9 dob\u011b neexistuj\u00ed pro p\u0159\u00edpravek Tramadol Tropfen Ratiopharm \u017e\u00e1dn\u00e1 omezen\u00ed t\u00fdkaj\u00edc\u00ed se doru\u010den\u00ed na z\u00e1klad\u011b zem\u011b z\u00e1kazn\u00edka. <a href=\"https:\/\/gblexprimer.com\/cs\/\"><strong>GBlexpress<\/strong><\/a><\/p>\n<h3>M\u011bjte na pam\u011bti:<\/h3>\n<p>Pros\u00edm, ponechte si produkt <a href=\"https:\/\/en.wikipedia.org\/wiki\/Sodium_oxybate\">Xyrem<\/a> v p\u016fvodn\u00edm obalu a mimo dosah d\u011bt\u00ed. Dal\u0161\u00ed informace o spr\u00e1vn\u00e9m skladov\u00e1n\u00ed a zach\u00e1zen\u00ed s p\u0159\u00edpravkem naleznete v p\u0159\u00edbalov\u00e9m let\u00e1ku; dal\u0161\u00ed informace naleznete v p\u0159\u00edbalov\u00e9m let\u00e1ku pro<\/p>","protected":false},"excerpt":{"rendered":"<p>Acheter Xyrem 180 ml \u00e0 500 mg de beurre de \u03b3-hydroxy (GHB) en ligne acheter du xyrem Chaque unit\u00e9 du produit connue sous le nom de Xyrem que nous fournissons est une marchandise neuve de qualit\u00e9 pharmaceutique. Dans le cas peu probable o\u00f9 un envoi livr\u00e9 ne r\u00e9pondrait pas \u00e0 cette exigence, vous recevrez soit [&hellip;]<\/p>","protected":false},"featured_media":91,"comment_status":"open","ping_status":"closed","template":"","meta":{"site-sidebar-layout":"default","site-content-layout":"","ast-site-content-layout":"default","site-content-style":"default","site-sidebar-style":"default","ast-global-header-display":"","ast-banner-title-visibility":"","ast-main-header-display":"","ast-hfb-above-header-display":"","ast-hfb-below-header-display":"","ast-hfb-mobile-header-display":"","site-post-title":"","ast-breadcrumbs-content":"","ast-featured-img":"","footer-sml-layout":"","theme-transparent-header-meta":"default","adv-header-id-meta":"","stick-header-meta":"","header-above-stick-meta":"","header-main-stick-meta":"","header-below-stick-meta":"","astra-migrate-meta-layouts":"set","ast-page-background-enabled":"default","ast-page-background-meta":{"desktop":{"background-color":"","background-image":"","background-repeat":"repeat","background-position":"center center","background-size":"auto","background-attachment":"scroll","background-type":"","background-media":"","overlay-type":"","overlay-color":"","overlay-opacity":"","overlay-gradient":""},"tablet":{"background-color":"","background-image":"","background-repeat":"repeat","background-position":"center center","background-size":"auto","background-attachment":"scroll","background-type":"","background-media":"","overlay-type":"","overlay-color":"","overlay-opacity":"","overlay-gradient":""},"mobile":{"background-color":"","background-image":"","background-repeat":"repeat","background-position":"center center","background-size":"auto","background-attachment":"scroll","background-type":"","background-media":"","overlay-type":"","overlay-color":"","overlay-opacity":"","overlay-gradient":""}},"ast-content-background-meta":{"desktop":{"background-color":"var(--ast-global-color-5)","background-image":"","background-repeat":"repeat","background-position":"center center","background-size":"auto","background-attachment":"scroll","background-type":"","background-media":"","overlay-type":"","overlay-color":"","overlay-opacity":"","overlay-gradient":""},"tablet":{"background-color":"var(--ast-global-color-5)","background-image":"","background-repeat":"repeat","background-position":"center center","background-size":"auto","background-attachment":"scroll","background-type":"","background-media":"","overlay-type":"","overlay-color":"","overlay-opacity":"","overlay-gradient":""},"mobile":{"background-color":"var(--ast-global-color-5)","background-image":"","background-repeat":"repeat","background-position":"center center","background-size":"auto","background-attachment":"scroll","background-type":"","background-media":"","overlay-type":"","overlay-color":"","overlay-opacity":"","overlay-gradient":""}},"_joinchat":[]},"product_brand":[],"product_cat":[18],"product_tag":[],"class_list":{"0":"post-43","1":"product","2":"type-product","3":"status-publish","4":"has-post-thumbnail","6":"product_cat-ghb","7":"desktop-align-left","8":"tablet-align-left","9":"mobile-align-left","11":"first","12":"instock","13":"shipping-taxable","14":"purchasable","15":"product-type-variable"},"yoast_head":"<!-- This site is optimized with the Yoast SEO plugin v26.9 - https:\/\/yoast.com\/product\/yoast-seo-wordpress\/ -->\n<title>Acheter Xyrem 180 ml \u00e0 500 mg en ligne | Gblexprimer<\/title>\n<meta name=\"description\" content=\"Xyrem 180 ml \u00e0 500 mg un m\u00e9dicament sur ordonnance contenant de l&#039;oxybate de sodium, utilis\u00e9 pour traiter les sympt\u00f4mes de la narcolepsie tels que la cataplexie et la somnolence diurne excessive.\" \/>\n<meta name=\"robots\" content=\"index, follow, max-snippet:-1, max-image-preview:large, max-video-preview:-1\" \/>\n<link rel=\"canonical\" href=\"https:\/\/gblexprimer.com\/cs\/produkt\/xyrem-180-ml-zu-500-mg-\u03b3-hydroxybuttersaeure-ghb\/\" \/>\n<meta property=\"og:locale\" content=\"cs_CZ\" \/>\n<meta property=\"og:type\" content=\"article\" \/>\n<meta property=\"og:title\" content=\"Acheter Xyrem 180 ml \u00e0 500 mg en ligne | Gblexprimer\" \/>\n<meta property=\"og:description\" content=\"Xyrem 180 ml \u00e0 500 mg un m\u00e9dicament sur ordonnance contenant de l&#039;oxybate de sodium, utilis\u00e9 pour traiter les sympt\u00f4mes de la narcolepsie tels que la cataplexie et la somnolence diurne excessive.\" \/>\n<meta property=\"og:url\" content=\"https:\/\/gblexprimer.com\/cs\/produkt\/xyrem-180-ml-zu-500-mg-\u03b3-hydroxybuttersaeure-ghb\/\" \/>\n<meta property=\"og:site_name\" content=\"GBL Exprimer\" \/>\n<meta property=\"article:modified_time\" content=\"2026-04-10T10:02:28+00:00\" \/>\n<meta property=\"og:image\" content=\"https:\/\/gblexprimer.com\/wp-content\/uploads\/2023\/12\/Xyrem-180-ml-zu-500-mg-Hydroxybuttersaure.jpg\" \/>\n\t<meta property=\"og:image:width\" content=\"600\" \/>\n\t<meta property=\"og:image:height\" content=\"600\" \/>\n\t<meta property=\"og:image:type\" content=\"image\/jpeg\" \/>\n<meta name=\"twitter:card\" content=\"summary_large_image\" \/>\n<meta name=\"twitter:label1\" content=\"Odhadovan\u00e1 doba \u010dten\u00ed\" \/>\n\t<meta name=\"twitter:data1\" content=\"1 minuta\" \/>\n<script type=\"application\/ld+json\" class=\"yoast-schema-graph\">{\"@context\":\"https:\/\/schema.org\",\"@graph\":[{\"@type\":\"WebPage\",\"@id\":\"https:\/\/gblexprimer.com\/product\/xyrem-180-ml-a-500-mg-beurre-de-gamma-hydroxy-ghb\/\",\"url\":\"https:\/\/gblexprimer.com\/product\/xyrem-180-ml-a-500-mg-beurre-de-gamma-hydroxy-ghb\/\",\"name\":\"Acheter Xyrem 180 ml \u00e0 500 mg en ligne | Gblexprimer\",\"isPartOf\":{\"@id\":\"https:\/\/gblexprimer.com\/#website\"},\"primaryImageOfPage\":{\"@id\":\"https:\/\/gblexprimer.com\/product\/xyrem-180-ml-a-500-mg-beurre-de-gamma-hydroxy-ghb\/#primaryimage\"},\"image\":{\"@id\":\"https:\/\/gblexprimer.com\/product\/xyrem-180-ml-a-500-mg-beurre-de-gamma-hydroxy-ghb\/#primaryimage\"},\"thumbnailUrl\":\"https:\/\/gblexprimer.com\/wp-content\/uploads\/2023\/12\/Xyrem-180-ml-zu-500-mg-Hydroxybuttersaure.jpg\",\"datePublished\":\"2023-12-26T07:26:41+00:00\",\"dateModified\":\"2026-04-10T10:02:28+00:00\",\"description\":\"Xyrem 180 ml \u00e0 500 mg un m\u00e9dicament sur ordonnance contenant de l'oxybate de sodium, utilis\u00e9 pour traiter les sympt\u00f4mes de la narcolepsie tels que la cataplexie et la somnolence diurne excessive.\",\"breadcrumb\":{\"@id\":\"https:\/\/gblexprimer.com\/product\/xyrem-180-ml-a-500-mg-beurre-de-gamma-hydroxy-ghb\/#breadcrumb\"},\"inLanguage\":\"cs\",\"potentialAction\":[{\"@type\":\"ReadAction\",\"target\":[\"https:\/\/gblexprimer.com\/product\/xyrem-180-ml-a-500-mg-beurre-de-gamma-hydroxy-ghb\/\"]}]},{\"@type\":\"ImageObject\",\"inLanguage\":\"cs\",\"@id\":\"https:\/\/gblexprimer.com\/product\/xyrem-180-ml-a-500-mg-beurre-de-gamma-hydroxy-ghb\/#primaryimage\",\"url\":\"https:\/\/gblexprimer.com\/wp-content\/uploads\/2023\/12\/Xyrem-180-ml-zu-500-mg-Hydroxybuttersaure.jpg\",\"contentUrl\":\"https:\/\/gblexprimer.com\/wp-content\/uploads\/2023\/12\/Xyrem-180-ml-zu-500-mg-Hydroxybuttersaure.jpg\",\"width\":600,\"height\":600,\"caption\":\"Acheter Xyrem 180 ml \u00e0 500 mg beurre de gamma-hydroxy (GHB) en ligne\"},{\"@type\":\"BreadcrumbList\",\"@id\":\"https:\/\/gblexprimer.com\/product\/xyrem-180-ml-a-500-mg-beurre-de-gamma-hydroxy-ghb\/#breadcrumb\",\"itemListElement\":[{\"@type\":\"ListItem\",\"position\":1,\"name\":\"Home\",\"item\":\"https:\/\/gblexprimer.com\/\"},{\"@type\":\"ListItem\",\"position\":2,\"name\":\"Shop\",\"item\":\"https:\/\/gblexprimer.com\/shop\/\"},{\"@type\":\"ListItem\",\"position\":3,\"name\":\"Acheter Xyrem 180 ml \u00e0 500 mg beurre de gamma-hydroxy (GHB) en ligne\"}]},{\"@type\":\"WebSite\",\"@id\":\"https:\/\/gblexprimer.com\/#website\",\"url\":\"https:\/\/gblexprimer.com\/\",\"name\":\"GBL Exprimer\",\"description\":\"\",\"publisher\":{\"@id\":\"https:\/\/gblexprimer.com\/#organization\"},\"potentialAction\":[{\"@type\":\"SearchAction\",\"target\":{\"@type\":\"EntryPoint\",\"urlTemplate\":\"https:\/\/gblexprimer.com\/?s={search_term_string}\"},\"query-input\":{\"@type\":\"PropertyValueSpecification\",\"valueRequired\":true,\"valueName\":\"search_term_string\"}}],\"inLanguage\":\"cs\"},{\"@type\":\"Organization\",\"@id\":\"https:\/\/gblexprimer.com\/#organization\",\"name\":\"GBL Exprimer\",\"url\":\"https:\/\/gblexprimer.com\/\",\"logo\":{\"@type\":\"ImageObject\",\"inLanguage\":\"cs\",\"@id\":\"https:\/\/gblexprimer.com\/#\/schema\/logo\/image\/\",\"url\":\"https:\/\/gblexprimer.com\/wp-content\/uploads\/2024\/01\/logo.png\",\"contentUrl\":\"https:\/\/gblexprimer.com\/wp-content\/uploads\/2024\/01\/logo.png\",\"width\":220,\"height\":80,\"caption\":\"GBL Exprimer\"},\"image\":{\"@id\":\"https:\/\/gblexprimer.com\/#\/schema\/logo\/image\/\"}}]}<\/script>\n<!-- \/ Yoast SEO plugin. -->","yoast_head_json":{"title":"Acheter Xyrem 180 ml \u00e0 500 mg en ligne | Gblexprimer","description":"Xyrem 180 ml \u00e0 500 mg un m\u00e9dicament sur ordonnance contenant de l'oxybate de sodium, utilis\u00e9 pour traiter les sympt\u00f4mes de la narcolepsie tels que la cataplexie et la somnolence diurne excessive.","robots":{"index":"index","follow":"follow","max-snippet":"max-snippet:-1","max-image-preview":"max-image-preview:large","max-video-preview":"max-video-preview:-1"},"canonical":"https:\/\/gblexprimer.com\/cs\/produkt\/xyrem-180-ml-zu-500-mg-\u03b3-hydroxybuttersaeure-ghb\/","og_locale":"cs_CZ","og_type":"article","og_title":"Acheter Xyrem 180 ml \u00e0 500 mg en ligne | Gblexprimer","og_description":"Xyrem 180 ml \u00e0 500 mg un m\u00e9dicament sur ordonnance contenant de l'oxybate de sodium, utilis\u00e9 pour traiter les sympt\u00f4mes de la narcolepsie tels que la cataplexie et la somnolence diurne excessive.","og_url":"https:\/\/gblexprimer.com\/cs\/produkt\/xyrem-180-ml-zu-500-mg-\u03b3-hydroxybuttersaeure-ghb\/","og_site_name":"GBL Exprimer","article_modified_time":"2026-04-10T10:02:28+00:00","og_image":[{"width":600,"height":600,"url":"https:\/\/gblexprimer.com\/wp-content\/uploads\/2023\/12\/Xyrem-180-ml-zu-500-mg-Hydroxybuttersaure.jpg","type":"image\/jpeg"}],"twitter_card":"summary_large_image","twitter_misc":{"Odhadovan\u00e1 doba \u010dten\u00ed":"1 minuta"},"schema":{"@context":"https:\/\/schema.org","@graph":[{"@type":"WebPage","@id":"https:\/\/gblexprimer.com\/product\/xyrem-180-ml-a-500-mg-beurre-de-gamma-hydroxy-ghb\/","url":"https:\/\/gblexprimer.com\/product\/xyrem-180-ml-a-500-mg-beurre-de-gamma-hydroxy-ghb\/","name":"Acheter Xyrem 180 ml \u00e0 500 mg en ligne | Gblexprimer","isPartOf":{"@id":"https:\/\/gblexprimer.com\/#website"},"primaryImageOfPage":{"@id":"https:\/\/gblexprimer.com\/product\/xyrem-180-ml-a-500-mg-beurre-de-gamma-hydroxy-ghb\/#primaryimage"},"image":{"@id":"https:\/\/gblexprimer.com\/product\/xyrem-180-ml-a-500-mg-beurre-de-gamma-hydroxy-ghb\/#primaryimage"},"thumbnailUrl":"https:\/\/gblexprimer.com\/wp-content\/uploads\/2023\/12\/Xyrem-180-ml-zu-500-mg-Hydroxybuttersaure.jpg","datePublished":"2023-12-26T07:26:41+00:00","dateModified":"2026-04-10T10:02:28+00:00","description":"Xyrem 180 ml \u00e0 500 mg un m\u00e9dicament sur ordonnance contenant de l'oxybate de sodium, utilis\u00e9 pour traiter les sympt\u00f4mes de la narcolepsie tels que la cataplexie et la somnolence diurne excessive.","breadcrumb":{"@id":"https:\/\/gblexprimer.com\/product\/xyrem-180-ml-a-500-mg-beurre-de-gamma-hydroxy-ghb\/#breadcrumb"},"inLanguage":"cs","potentialAction":[{"@type":"ReadAction","target":["https:\/\/gblexprimer.com\/product\/xyrem-180-ml-a-500-mg-beurre-de-gamma-hydroxy-ghb\/"]}]},{"@type":"ImageObject","inLanguage":"cs","@id":"https:\/\/gblexprimer.com\/product\/xyrem-180-ml-a-500-mg-beurre-de-gamma-hydroxy-ghb\/#primaryimage","url":"https:\/\/gblexprimer.com\/wp-content\/uploads\/2023\/12\/Xyrem-180-ml-zu-500-mg-Hydroxybuttersaure.jpg","contentUrl":"https:\/\/gblexprimer.com\/wp-content\/uploads\/2023\/12\/Xyrem-180-ml-zu-500-mg-Hydroxybuttersaure.jpg","width":600,"height":600,"caption":"Acheter Xyrem 180 ml \u00e0 500 mg beurre de gamma-hydroxy (GHB) en ligne"},{"@type":"BreadcrumbList","@id":"https:\/\/gblexprimer.com\/product\/xyrem-180-ml-a-500-mg-beurre-de-gamma-hydroxy-ghb\/#breadcrumb","itemListElement":[{"@type":"ListItem","position":1,"name":"Home","item":"https:\/\/gblexprimer.com\/"},{"@type":"ListItem","position":2,"name":"Shop","item":"https:\/\/gblexprimer.com\/shop\/"},{"@type":"ListItem","position":3,"name":"Acheter Xyrem 180 ml \u00e0 500 mg beurre de gamma-hydroxy (GHB) en ligne"}]},{"@type":"WebSite","@id":"https:\/\/gblexprimer.com\/#website","url":"https:\/\/gblexprimer.com\/","name":"GBL Express","description":"","publisher":{"@id":"https:\/\/gblexprimer.com\/#organization"},"potentialAction":[{"@type":"SearchAction","target":{"@type":"EntryPoint","urlTemplate":"https:\/\/gblexprimer.com\/?s={search_term_string}"},"query-input":{"@type":"PropertyValueSpecification","valueRequired":true,"valueName":"search_term_string"}}],"inLanguage":"cs"},{"@type":"Organization","@id":"https:\/\/gblexprimer.com\/#organization","name":"GBL Express","url":"https:\/\/gblexprimer.com\/","logo":{"@type":"ImageObject","inLanguage":"cs","@id":"https:\/\/gblexprimer.com\/#\/schema\/logo\/image\/","url":"https:\/\/gblexprimer.com\/wp-content\/uploads\/2024\/01\/logo.png","contentUrl":"https:\/\/gblexprimer.com\/wp-content\/uploads\/2024\/01\/logo.png","width":220,"height":80,"caption":"GBL Exprimer"},"image":{"@id":"https:\/\/gblexprimer.com\/#\/schema\/logo\/image\/"}}]}},"_links":{"self":[{"href":"https:\/\/gblexprimer.com\/cs\/wp-json\/wp\/v2\/product\/43","targetHints":{"allow":["GET"]}}],"collection":[{"href":"https:\/\/gblexprimer.com\/cs\/wp-json\/wp\/v2\/product"}],"about":[{"href":"https:\/\/gblexprimer.com\/cs\/wp-json\/wp\/v2\/types\/product"}],"replies":[{"embeddable":true,"href":"https:\/\/gblexprimer.com\/cs\/wp-json\/wp\/v2\/comments?post=43"}],"wp:featuredmedia":[{"embeddable":true,"href":"https:\/\/gblexprimer.com\/cs\/wp-json\/wp\/v2\/media\/91"}],"wp:attachment":[{"href":"https:\/\/gblexprimer.com\/cs\/wp-json\/wp\/v2\/media?parent=43"}],"wp:term":[{"taxonomy":"product_brand","embeddable":true,"href":"https:\/\/gblexprimer.com\/cs\/wp-json\/wp\/v2\/product_brand?post=43"},{"taxonomy":"product_cat","embeddable":true,"href":"https:\/\/gblexprimer.com\/cs\/wp-json\/wp\/v2\/product_cat?post=43"},{"taxonomy":"product_tag","embeddable":true,"href":"https:\/\/gblexprimer.com\/cs\/wp-json\/wp\/v2\/product_tag?post=43"}],"curies":[{"name":"wp","href":"https:\/\/api.w.org\/{rel}","templated":true}]}}