{"id":5036,"date":"2024-11-26T06:06:34","date_gmt":"2024-11-26T06:06:34","guid":{"rendered":"https:\/\/gblexprimer.com\/?post_type=product&#038;p=5036"},"modified":"2026-04-13T04:20:56","modified_gmt":"2026-04-13T04:20:56","slug":"metamfetamin","status":"publish","type":"product","link":"https:\/\/gblexprimer.com\/cs\/produkt\/metamfetamin\/","title":{"rendered":"Metamfetamin"},"content":{"rendered":"<h3><strong>Koupit metamfetamin (Metamfetamina) online na GBlexprimer<\/strong><\/h3>\n<p><strong>La <a href=\"https:\/\/gblexprimer.com\/cs\/produkt\/metamfetamin\/\">metamfetamin<\/a><\/strong>tak\u00e9 zn\u00e1m\u00fd jako <strong>Metamfetamina<\/strong>je siln\u00fdm stimulantem centr\u00e1ln\u00edho nervov\u00e9ho syst\u00e9mu. Je zn\u00e1m\u00fd pro sv\u00e9 povzbuzuj\u00edc\u00ed a euforizuj\u00edc\u00ed \u00fa\u010dinky a pou\u017e\u00edv\u00e1 se jak rekrea\u010dn\u011b, tak pro v\u011bdeck\u00e9 studie. Na adrese <a href=\"https:\/\/gblexprimer.com\/cs\/\"><strong>GBlexpress<\/strong><\/a>navrhujeme <strong>vysoce kvalitn\u00ed metamfetamin<\/strong>s bezpe\u010dn\u00fdmi mo\u017enostmi platby, diskr\u00e9tn\u00edm balen\u00edm a rychl\u00fdm dod\u00e1n\u00edm <strong>Koupit metamfetamin<\/strong><a href=\"https:\/\/gblexpress.com\/shop\/kaufen-alprazolam-pulver-100g-online\/\">.<\/a><\/p>\n<h3><strong>Aplikace a pou\u017eit\u00ed metamfetaminu (metamfetaminu)<\/strong><\/h3>\n<h4><strong>Rekrea\u010dn\u00ed vyu\u017eit\u00ed<\/strong><\/h4>\n<p>La <strong>metamfetamin<\/strong> je cen\u011bn pro sv\u00e9 povzbuzuj\u00edc\u00ed \u00fa\u010dinky, kter\u00e9 zlep\u0161uj\u00ed bd\u011blost, energii a koncentraci, \u010dasto vyhled\u00e1van\u00e9 p\u0159i slavnostn\u00edch nebo intenzivn\u00edch p\u0159\u00edle\u017eitostech.<\/p>\n<h4><strong>V\u011bdeck\u00fd v\u00fdzkum<\/strong><\/h4>\n<p>V laborato\u0159\u00edch, <strong>na <a href=\"https:\/\/en.wikipedia.org\/wiki\/Methamphetamine\">metamfetamin<\/a><\/strong> se zkoum\u00e1 jeho interakce s neurotransmitery, jako je dopamin, a jeho vliv na syst\u00e9m odm\u011bny a motivace v mozku.<\/p>\n<h4><strong>Dostupn\u00e9 tvary<\/strong><\/h4>\n<p>Nav\u0161tivte <strong>GBlexpress<\/strong>na <strong>metamfetamin<\/strong> je k dispozici v r\u016fzn\u00fdch form\u00e1ch, v\u010detn\u011b krystal\u016f, pr\u00e1\u0161k\u016f a tablet, p\u0159izp\u016fsoben\u00fdch va\u0161im specifick\u00fdm pot\u0159eb\u00e1m.<\/p>\n<h3><strong>Pro\u010d si koupit metamfetamin od GBlexprimer?<\/strong><\/h3>\n<h4><strong>1. Vysoce kvalitn\u00ed metamfetamin<\/strong><\/h4>\n<p>Na\u0161e <strong>metamfetamin<\/strong> je p\u0159\u00edsn\u011b testov\u00e1n, aby byla zaru\u010dena jeho \u010distota a \u00fa\u010dinnost, a spl\u0148uje tak nejvy\u0161\u0161\u00ed standardy.<\/p>\n<h4><strong>2. Spolehliv\u00ed dodavatel\u00e9 metamfetaminu<\/strong><\/h4>\n<p>S dobrou pov\u011bst\u00ed, <strong>GBlexpress<\/strong> je uzn\u00e1v\u00e1n jako d\u016fv\u011bryhodn\u00fd dodavatel pro <strong>\u010dist\u00fd metamfetamin<\/strong>ide\u00e1ln\u00ed pro v\u00fdzkum nebo jin\u00e9 kontrolovan\u00e9 aplikace.<\/p>\n<h4><strong>3. Bezpe\u010dn\u00e9 transakce a diskr\u00e9tn\u00ed balen\u00ed<\/strong><\/h4>\n<p>Zaru\u010dujeme bezpe\u010dn\u00e9 platby a naprostou d\u016fv\u011brnost d\u00edky diskr\u00e9tn\u00edmu balen\u00ed, kter\u00e9 zaji\u0161\u0165uje bezprobl\u00e9mov\u00e9 nakupov\u00e1n\u00ed.<\/p>\n<h4><strong>4. Rychl\u00e9 a spolehliv\u00e9 dod\u00e1n\u00ed<\/strong><\/h4>\n<p>D\u00edky na\u0161\u00ed osv\u011bd\u010den\u00e9 logistice m\u016f\u017eeme zaru\u010dit rychl\u00e9 a spolehliv\u00e9 dod\u00e1n\u00ed va\u0161\u00ed objedn\u00e1vky bez ohledu na jej\u00ed mno\u017estv\u00ed.<\/p>\n<h4><strong>5. Sout\u011b\u017en\u00ed ocen\u011bn\u00ed<\/strong><\/h4>\n<p>Vyu\u017eijte <a href=\"https:\/\/gblexprimer.com\/cs\/produkt\/poppers\/\"><strong>nejlep\u0161\u00ed ceny metamfetaminu<\/strong><\/a>s mo\u017enost\u00ed individu\u00e1ln\u00edch i hromadn\u00fdch objedn\u00e1vek.<\/p>\n<h3><strong>Koupit metamfetamin online je\u0161t\u011b dnes<\/strong><\/h3>\n<p><strong>GBlexpress<\/strong> je va\u0161\u00edm d\u016fv\u011bryhodn\u00fdm partnerem p\u0159i n\u00e1kupu <strong>metamfetamin (metamfetamin)<\/strong>. Nab\u00edz\u00edme produkty nejvy\u0161\u0161\u00ed kvality s rychl\u00fdm dod\u00e1n\u00edm, bezpe\u010dnou platbou a vynikaj\u00edc\u00edm z\u00e1kaznick\u00fdm servisem. <strong>Objednejte si nyn\u00ed<\/strong> a vyu\u017eijte na\u0161ich konkurenceschopn\u00fdch cen a spolehliv\u00fdch a d\u016fv\u011brn\u00fdch zku\u0161enost\u00ed s n\u00e1kupem. <a href=\"https:\/\/gblexprimer.com\/cs\/produkt\/metamfetamin\/\"><strong>Faites vos achats d\u00e8s aujourd&rsquo;hui<\/strong><\/a><\/p>","protected":false},"excerpt":{"rendered":"<p class=\"ds-markdown-paragraph\"><strong>Koupit metamfetamin online<\/strong><br \/>\n<strong>Koupit crystal meth online | Crystal meth en vente en ligne | Crystal meth<\/strong><br \/>\nN\u00e1\u0161 rafinovan\u00fd metamfetamin nyn\u00ed poch\u00e1z\u00ed z Evropy, Mexika a Kanady kv\u016fli omezen\u00edm v USA. Tato v\u00fdzkumn\u00e1 chemick\u00e1 l\u00e1tka m\u00e1 <strong>\u017e\u00e1dn\u00e9 ne\u017e\u00e1douc\u00ed vedlej\u0161\u00ed \u00fa\u010dinky<\/strong> b\u011bhem akce a po n\u00ed. <strong>Kou\u0159en\u00ed<\/strong> poskytuje <strong>siln\u011bj\u0161\u00ed \u00fa\u010dinky<\/strong>.<\/p>\n<p class=\"ds-markdown-paragraph\">P\u0159es ve\u0161kerou snahu \u00fa\u0159ad\u016f se <strong>nej\u010dist\u0161\u00ed metamfetamin<\/strong> k dispozici - tzv. <strong>\u00abModr\u00e9 v\u011bci\u00bb<\/strong> - lze nyn\u00ed zakoupit online. Tento <strong>metamfetaminov\u00e9 bonb\u00f3ny<\/strong> je ide\u00e1ln\u00ed pro fanou\u0161ky seri\u00e1lu Breaking Bad.<\/p>\n<h3><strong>Jak M\u00e9ph\u00e9drone funguje?<\/strong><\/h3>\n<p>La <strong>mefedron<\/strong> p\u016fsob\u00ed tak, \u017ee zvy\u0161uje <strong>uvol\u0148ov\u00e1n\u00ed neurotransmiter\u016f<\/strong> (dopamin, serotonin) a z\u00e1rove\u0148 blokuje jejich zp\u011btn\u00e9 vychyt\u00e1v\u00e1n\u00ed, co\u017e vede ke zv\u00fd\u0161en\u00ed energie, euforie a kognitivn\u00edch schopnost\u00ed.<\/p>\n<ul>\n<li><strong>Za\u010d\u00e1tek \u00fa\u010dink\u016f :<\/strong> 15-45 minut.<\/li>\n<li><strong>Doba trv\u00e1n\u00ed:<\/strong> 3 a\u017e 5 hodin.<\/li>\n<\/ul>\n<h3><strong>Vzorec a \u00fadaje<\/strong><\/h3>\n<ul>\n<li><strong>Chemick\u00fd n\u00e1zev :<\/strong> 4-metylmetkatinon<\/li>\n<li><strong>Molekul\u00e1rn\u00ed vzorec :<\/strong> C11H15NO<\/li>\n<li><strong>Molekulov\u00e1 hmotnost :<\/strong> 177,24 g\/mol<\/li>\n<\/ul>","protected":false},"featured_media":5283,"comment_status":"open","ping_status":"closed","template":"","meta":{"site-sidebar-layout":"default","site-content-layout":"","ast-site-content-layout":"default","site-content-style":"default","site-sidebar-style":"default","ast-global-header-display":"","ast-banner-title-visibility":"","ast-main-header-display":"","ast-hfb-above-header-display":"","ast-hfb-below-header-display":"","ast-hfb-mobile-header-display":"","site-post-title":"","ast-breadcrumbs-content":"","ast-featured-img":"","footer-sml-layout":"","theme-transparent-header-meta":"default","adv-header-id-meta":"","stick-header-meta":"","header-above-stick-meta":"","header-main-stick-meta":"","header-below-stick-meta":"","astra-migrate-meta-layouts":"set","ast-page-background-enabled":"default","ast-page-background-meta":{"desktop":{"background-color":"","background-image":"","background-repeat":"repeat","background-position":"center center","background-size":"auto","background-attachment":"scroll","background-type":"","background-media":"","overlay-type":"","overlay-color":"","overlay-opacity":"","overlay-gradient":""},"tablet":{"background-color":"","background-image":"","background-repeat":"repeat","background-position":"center center","background-size":"auto","background-attachment":"scroll","background-type":"","background-media":"","overlay-type":"","overlay-color":"","overlay-opacity":"","overlay-gradient":""},"mobile":{"background-color":"","background-image":"","background-repeat":"repeat","background-position":"center center","background-size":"auto","background-attachment":"scroll","background-type":"","background-media":"","overlay-type":"","overlay-color":"","overlay-opacity":"","overlay-gradient":""}},"ast-content-background-meta":{"desktop":{"background-color":"var(--ast-global-color-5)","background-image":"","background-repeat":"repeat","background-position":"center center","background-size":"auto","background-attachment":"scroll","background-type":"","background-media":"","overlay-type":"","overlay-color":"","overlay-opacity":"","overlay-gradient":""},"tablet":{"background-color":"var(--ast-global-color-5)","background-image":"","background-repeat":"repeat","background-position":"center center","background-size":"auto","background-attachment":"scroll","background-type":"","background-media":"","overlay-type":"","overlay-color":"","overlay-opacity":"","overlay-gradient":""},"mobile":{"background-color":"var(--ast-global-color-5)","background-image":"","background-repeat":"repeat","background-position":"center center","background-size":"auto","background-attachment":"scroll","background-type":"","background-media":"","overlay-type":"","overlay-color":"","overlay-opacity":"","overlay-gradient":""}},"_joinchat":[]},"product_brand":[],"product_cat":[141],"product_tag":[316,320,334,324,318,317,330,319,323,321,322,331,325,327,326,328,332,329,333],"class_list":{"0":"post-5036","1":"product","2":"type-product","3":"status-publish","4":"has-post-thumbnail","6":"product_cat-sex-meth","7":"product_tag-achetez-methamphetamine","8":"product_tag-commandez-methamphetamine-en-ligne","9":"product_tag-fournisseurs-de-methamphetamine-fiables","10":"product_tag-fournisseurs-fiables-de-methamphetamine","11":"product_tag-metamfetamina-pure","12":"product_tag-methamphetamine-a-vendre","13":"product_tag-methamphetamine-authentique","14":"product_tag-methamphetamine-de-haute-qualite","15":"product_tag-methamphetamine-en-comprimes","16":"product_tag-methamphetamine-en-cristaux","17":"product_tag-methamphetamine-en-poudre","18":"product_tag-methamphetamine-livraison-discrete","19":"product_tag-methamphetamine-livraison-rapide","20":"product_tag-methamphetamine-pour-recherche","21":"product_tag-methamphetamine-pure-en-ligne","22":"product_tag-methamphetamine-recreative","23":"product_tag-ou-acheter-methamphetamine","24":"product_tag-prix-de-la-methamphetamine","25":"product_tag-produits-premium-methamphetamine","26":"desktop-align-left","27":"tablet-align-left","28":"mobile-align-left","30":"first","31":"instock","32":"shipping-taxable","33":"purchasable","34":"product-type-variable"},"yoast_head":"<!-- This site is optimized with the Yoast SEO plugin v26.9 - https:\/\/yoast.com\/product\/yoast-seo-wordpress\/ -->\n<title>Achetez de la M\u00e9thamph\u00e9tamine (Metamfetamina) | GBlexprimer<\/title>\n<meta name=\"description\" content=\"Achetez de la m\u00e9thamph\u00e9tamine pure (Metamfetamina) en ligne sur GBlexprimer. Disponible en cristaux, poudres, comprim\u00e9s. Livraison rapide et paiement s\u00e9curis\u00e9. Commandez d\u00e8s aujourd\u2019hui !\" \/>\n<meta name=\"robots\" content=\"index, follow, max-snippet:-1, max-image-preview:large, max-video-preview:-1\" \/>\n<link rel=\"canonical\" href=\"https:\/\/gblexprimer.com\/cs\/produkt\/metamfetamin\/\" \/>\n<meta property=\"og:locale\" content=\"cs_CZ\" \/>\n<meta property=\"og:type\" content=\"article\" \/>\n<meta property=\"og:title\" content=\"Achetez de la M\u00e9thamph\u00e9tamine (Metamfetamina) | GBlexprimer\" \/>\n<meta property=\"og:description\" content=\"Achetez de la m\u00e9thamph\u00e9tamine pure (Metamfetamina) en ligne sur GBlexprimer. Disponible en cristaux, poudres, comprim\u00e9s. Livraison rapide et paiement s\u00e9curis\u00e9. Commandez d\u00e8s aujourd\u2019hui !\" \/>\n<meta property=\"og:url\" content=\"https:\/\/gblexprimer.com\/cs\/produkt\/metamfetamin\/\" \/>\n<meta property=\"og:site_name\" content=\"GBL Exprimer\" \/>\n<meta property=\"article:modified_time\" content=\"2026-04-13T04:20:56+00:00\" \/>\n<meta property=\"og:image\" content=\"https:\/\/gblexprimer.com\/wp-content\/uploads\/2024\/11\/Methamphetamine.jpg\" \/>\n\t<meta property=\"og:image:width\" content=\"600\" \/>\n\t<meta property=\"og:image:height\" content=\"600\" \/>\n\t<meta property=\"og:image:type\" content=\"image\/jpeg\" \/>\n<meta name=\"twitter:card\" content=\"summary_large_image\" \/>\n<meta name=\"twitter:label1\" content=\"Odhadovan\u00e1 doba \u010dten\u00ed\" \/>\n\t<meta name=\"twitter:data1\" content=\"2 minuty\" \/>\n<script type=\"application\/ld+json\" class=\"yoast-schema-graph\">{\"@context\":\"https:\/\/schema.org\",\"@graph\":[{\"@type\":\"WebPage\",\"@id\":\"https:\/\/gblexprimer.com\/product\/methamphetamine\/\",\"url\":\"https:\/\/gblexprimer.com\/product\/methamphetamine\/\",\"name\":\"Achetez de la M\u00e9thamph\u00e9tamine (Metamfetamina) | GBlexprimer\",\"isPartOf\":{\"@id\":\"https:\/\/gblexprimer.com\/#website\"},\"primaryImageOfPage\":{\"@id\":\"https:\/\/gblexprimer.com\/product\/methamphetamine\/#primaryimage\"},\"image\":{\"@id\":\"https:\/\/gblexprimer.com\/product\/methamphetamine\/#primaryimage\"},\"thumbnailUrl\":\"https:\/\/gblexprimer.com\/wp-content\/uploads\/2024\/11\/Methamphetamine.jpg\",\"datePublished\":\"2024-11-26T06:06:34+00:00\",\"dateModified\":\"2026-04-13T04:20:56+00:00\",\"description\":\"Achetez de la m\u00e9thamph\u00e9tamine pure (Metamfetamina) en ligne sur GBlexprimer. Disponible en cristaux, poudres, comprim\u00e9s. Livraison rapide et paiement s\u00e9curis\u00e9. Commandez d\u00e8s aujourd\u2019hui !\",\"breadcrumb\":{\"@id\":\"https:\/\/gblexprimer.com\/product\/methamphetamine\/#breadcrumb\"},\"inLanguage\":\"cs\",\"potentialAction\":[{\"@type\":\"ReadAction\",\"target\":[\"https:\/\/gblexprimer.com\/product\/methamphetamine\/\"]}]},{\"@type\":\"ImageObject\",\"inLanguage\":\"cs\",\"@id\":\"https:\/\/gblexprimer.com\/product\/methamphetamine\/#primaryimage\",\"url\":\"https:\/\/gblexprimer.com\/wp-content\/uploads\/2024\/11\/Methamphetamine.jpg\",\"contentUrl\":\"https:\/\/gblexprimer.com\/wp-content\/uploads\/2024\/11\/Methamphetamine.jpg\",\"width\":600,\"height\":600,\"caption\":\"M\u00e9thamph\u00e9tamine\"},{\"@type\":\"BreadcrumbList\",\"@id\":\"https:\/\/gblexprimer.com\/product\/methamphetamine\/#breadcrumb\",\"itemListElement\":[{\"@type\":\"ListItem\",\"position\":1,\"name\":\"Home\",\"item\":\"https:\/\/gblexprimer.com\/\"},{\"@type\":\"ListItem\",\"position\":2,\"name\":\"Shop\",\"item\":\"https:\/\/gblexprimer.com\/shop\/\"},{\"@type\":\"ListItem\",\"position\":3,\"name\":\"M\u00e9thamph\u00e9tamine\"}]},{\"@type\":\"WebSite\",\"@id\":\"https:\/\/gblexprimer.com\/#website\",\"url\":\"https:\/\/gblexprimer.com\/\",\"name\":\"GBL Exprimer\",\"description\":\"\",\"publisher\":{\"@id\":\"https:\/\/gblexprimer.com\/#organization\"},\"potentialAction\":[{\"@type\":\"SearchAction\",\"target\":{\"@type\":\"EntryPoint\",\"urlTemplate\":\"https:\/\/gblexprimer.com\/?s={search_term_string}\"},\"query-input\":{\"@type\":\"PropertyValueSpecification\",\"valueRequired\":true,\"valueName\":\"search_term_string\"}}],\"inLanguage\":\"cs\"},{\"@type\":\"Organization\",\"@id\":\"https:\/\/gblexprimer.com\/#organization\",\"name\":\"GBL Exprimer\",\"url\":\"https:\/\/gblexprimer.com\/\",\"logo\":{\"@type\":\"ImageObject\",\"inLanguage\":\"cs\",\"@id\":\"https:\/\/gblexprimer.com\/#\/schema\/logo\/image\/\",\"url\":\"https:\/\/gblexprimer.com\/wp-content\/uploads\/2024\/01\/logo.png\",\"contentUrl\":\"https:\/\/gblexprimer.com\/wp-content\/uploads\/2024\/01\/logo.png\",\"width\":220,\"height\":80,\"caption\":\"GBL Exprimer\"},\"image\":{\"@id\":\"https:\/\/gblexprimer.com\/#\/schema\/logo\/image\/\"}}]}<\/script>\n<!-- \/ Yoast SEO plugin. -->","yoast_head_json":{"title":"Koupit metamfetamin (Metamfetamina) | GBlexprimer","description":"Kupte si \u010dist\u00fd metamfetamin (metamfetamina) online na GBlexprimer. K dost\u00e1n\u00ed v krystalech, pr\u00e1\u0161c\u00edch a tablet\u00e1ch. Rychl\u00e9 dod\u00e1n\u00ed a bezpe\u010dn\u00e1 platba. Objednejte si je\u0161t\u011b dnes!","robots":{"index":"index","follow":"follow","max-snippet":"max-snippet:-1","max-image-preview":"max-image-preview:large","max-video-preview":"max-video-preview:-1"},"canonical":"https:\/\/gblexprimer.com\/cs\/produkt\/metamfetamin\/","og_locale":"cs_CZ","og_type":"article","og_title":"Achetez de la M\u00e9thamph\u00e9tamine (Metamfetamina) | GBlexprimer","og_description":"Achetez de la m\u00e9thamph\u00e9tamine pure (Metamfetamina) en ligne sur GBlexprimer. Disponible en cristaux, poudres, comprim\u00e9s. Livraison rapide et paiement s\u00e9curis\u00e9. Commandez d\u00e8s aujourd\u2019hui !","og_url":"https:\/\/gblexprimer.com\/cs\/produkt\/metamfetamin\/","og_site_name":"GBL Exprimer","article_modified_time":"2026-04-13T04:20:56+00:00","og_image":[{"width":600,"height":600,"url":"https:\/\/gblexprimer.com\/wp-content\/uploads\/2024\/11\/Methamphetamine.jpg","type":"image\/jpeg"}],"twitter_card":"summary_large_image","twitter_misc":{"Odhadovan\u00e1 doba \u010dten\u00ed":"2 minuty"},"schema":{"@context":"https:\/\/schema.org","@graph":[{"@type":"WebPage","@id":"https:\/\/gblexprimer.com\/product\/methamphetamine\/","url":"https:\/\/gblexprimer.com\/product\/methamphetamine\/","name":"Koupit metamfetamin (Metamfetamina) | GBlexprimer","isPartOf":{"@id":"https:\/\/gblexprimer.com\/#website"},"primaryImageOfPage":{"@id":"https:\/\/gblexprimer.com\/product\/methamphetamine\/#primaryimage"},"image":{"@id":"https:\/\/gblexprimer.com\/product\/methamphetamine\/#primaryimage"},"thumbnailUrl":"https:\/\/gblexprimer.com\/wp-content\/uploads\/2024\/11\/Methamphetamine.jpg","datePublished":"2024-11-26T06:06:34+00:00","dateModified":"2026-04-13T04:20:56+00:00","description":"Kupte si \u010dist\u00fd metamfetamin (metamfetamina) online na GBlexprimer. K dost\u00e1n\u00ed v krystalech, pr\u00e1\u0161c\u00edch a tablet\u00e1ch. Rychl\u00e9 dod\u00e1n\u00ed a bezpe\u010dn\u00e1 platba. Objednejte si je\u0161t\u011b dnes!","breadcrumb":{"@id":"https:\/\/gblexprimer.com\/product\/methamphetamine\/#breadcrumb"},"inLanguage":"cs","potentialAction":[{"@type":"ReadAction","target":["https:\/\/gblexprimer.com\/product\/methamphetamine\/"]}]},{"@type":"ImageObject","inLanguage":"cs","@id":"https:\/\/gblexprimer.com\/product\/methamphetamine\/#primaryimage","url":"https:\/\/gblexprimer.com\/wp-content\/uploads\/2024\/11\/Methamphetamine.jpg","contentUrl":"https:\/\/gblexprimer.com\/wp-content\/uploads\/2024\/11\/Methamphetamine.jpg","width":600,"height":600,"caption":"M\u00e9thamph\u00e9tamine"},{"@type":"BreadcrumbList","@id":"https:\/\/gblexprimer.com\/product\/methamphetamine\/#breadcrumb","itemListElement":[{"@type":"ListItem","position":1,"name":"Home","item":"https:\/\/gblexprimer.com\/"},{"@type":"ListItem","position":2,"name":"Shop","item":"https:\/\/gblexprimer.com\/shop\/"},{"@type":"ListItem","position":3,"name":"M\u00e9thamph\u00e9tamine"}]},{"@type":"WebSite","@id":"https:\/\/gblexprimer.com\/#website","url":"https:\/\/gblexprimer.com\/","name":"GBL Express","description":"","publisher":{"@id":"https:\/\/gblexprimer.com\/#organization"},"potentialAction":[{"@type":"SearchAction","target":{"@type":"EntryPoint","urlTemplate":"https:\/\/gblexprimer.com\/?s={search_term_string}"},"query-input":{"@type":"PropertyValueSpecification","valueRequired":true,"valueName":"search_term_string"}}],"inLanguage":"cs"},{"@type":"Organization","@id":"https:\/\/gblexprimer.com\/#organization","name":"GBL Express","url":"https:\/\/gblexprimer.com\/","logo":{"@type":"ImageObject","inLanguage":"cs","@id":"https:\/\/gblexprimer.com\/#\/schema\/logo\/image\/","url":"https:\/\/gblexprimer.com\/wp-content\/uploads\/2024\/01\/logo.png","contentUrl":"https:\/\/gblexprimer.com\/wp-content\/uploads\/2024\/01\/logo.png","width":220,"height":80,"caption":"GBL Exprimer"},"image":{"@id":"https:\/\/gblexprimer.com\/#\/schema\/logo\/image\/"}}]}},"_links":{"self":[{"href":"https:\/\/gblexprimer.com\/cs\/wp-json\/wp\/v2\/product\/5036","targetHints":{"allow":["GET"]}}],"collection":[{"href":"https:\/\/gblexprimer.com\/cs\/wp-json\/wp\/v2\/product"}],"about":[{"href":"https:\/\/gblexprimer.com\/cs\/wp-json\/wp\/v2\/types\/product"}],"replies":[{"embeddable":true,"href":"https:\/\/gblexprimer.com\/cs\/wp-json\/wp\/v2\/comments?post=5036"}],"wp:featuredmedia":[{"embeddable":true,"href":"https:\/\/gblexprimer.com\/cs\/wp-json\/wp\/v2\/media\/5283"}],"wp:attachment":[{"href":"https:\/\/gblexprimer.com\/cs\/wp-json\/wp\/v2\/media?parent=5036"}],"wp:term":[{"taxonomy":"product_brand","embeddable":true,"href":"https:\/\/gblexprimer.com\/cs\/wp-json\/wp\/v2\/product_brand?post=5036"},{"taxonomy":"product_cat","embeddable":true,"href":"https:\/\/gblexprimer.com\/cs\/wp-json\/wp\/v2\/product_cat?post=5036"},{"taxonomy":"product_tag","embeddable":true,"href":"https:\/\/gblexprimer.com\/cs\/wp-json\/wp\/v2\/product_tag?post=5036"}],"curies":[{"name":"wp","href":"https:\/\/api.w.org\/{rel}","templated":true}]}}