{"id":5037,"date":"2024-11-26T06:06:40","date_gmt":"2024-11-26T06:06:40","guid":{"rendered":"https:\/\/gblexprimer.com\/?post_type=product&#038;p=5037"},"modified":"2026-04-13T04:33:44","modified_gmt":"2026-04-13T04:33:44","slug":"viagra","status":"publish","type":"product","link":"https:\/\/gblexprimer.com\/cs\/produkt\/viagra\/","title":{"rendered":"Viagra"},"content":{"rendered":"<h3><strong>Koupit amfetamin online na GBlexprimer<\/strong><\/h3>\n<p><a href=\"https:\/\/gblexprimer.com\/cs\/produkt\/viagra\/\"><strong>Viagra<\/strong><\/a>, tak\u00e9 zn\u00e1m\u00fd pod sv\u00fdm obecn\u00fdm n\u00e1zvem <strong>sildenafil<\/strong>, je popul\u00e1rn\u00ed l\u00e9k na l\u00e9\u010dbu erektiln\u00ed dysfunkce. Zn\u00e1m\u00fd pro svou \u00fa\u010dinnost, pom\u00e1h\u00e1 zlep\u0161it sexu\u00e1ln\u00ed v\u00fdkonnost a spokojenost t\u00edm, \u017ee podporuje lep\u0161\u00ed krevn\u00ed ob\u011bh. V dom\u011b <a href=\"https:\/\/gblexprimer.com\/cs\/\"><strong>GBlexpress<\/strong><\/a>navrhujeme <strong>origin\u00e1ln\u00ed a vysoce kvalitn\u00ed Viagra<\/strong>, s rychl\u00fdm doru\u010den\u00edm, diskr\u00e9tn\u00edm balen\u00edm a bezpe\u010dn\u00fdmi mo\u017enostmi platby Kupte si Viagru<a href=\"https:\/\/gblexpress.com\/shop\/ko-tropfen-kaufen-online\/\">.<\/a><\/p>\n<p>Le Viagra est le traitement le plus connu contre les troubles de l\u2019\u00e9rection chez l\u2019homme. Mais comment <strong>koupit Viagra<\/strong> bezpe\u010dn\u00e9? V souvislosti s klamavou reklamou, voln\u011b prodejn\u00fdmi online produkty a pad\u011blan\u00fdmi v\u00fdrobky je nutn\u00e9 v\u011bd\u011bt, co je povoleno a co ne.<\/p>\n<h3><strong>Pro\u010d si pro n\u00e1kup Viagra vybrat GBlexprimer?<\/strong><\/h3>\n<h4><strong>Autenticita a \u0161pi\u010dkov\u00e1 kvalita<\/strong><\/h4>\n<p>Na\u0161e produkty jsou certifikov\u00e1ny jako autentick\u00e9 a testov\u00e1ny, aby byla zaji\u0161t\u011bna jejich \u00fa\u010dinnost. Nab\u00edz\u00edme oboj\u00ed <strong><a href=\"https:\/\/en.wikipedia.org\/wiki\/Viagra_(disambiguation)\">Viagra<\/a> origin\u00e1l<\/strong> a generick\u00e9 alternativy jako <a href=\"https:\/\/gblexprimer.com\/cs\/produkt\/koupit-mefedron\/\"><strong>sildenafil<\/strong><\/a>dostupn\u00e9 v r\u016fzn\u00fdch d\u00e1vk\u00e1ch (25 mg, 50 mg, 100 mg)<a href=\"https:\/\/gblexprimer.com\/cs\/produkt\/100-gramu-mdma-kamenu\/\">.<\/a><\/p>\n<h4><strong>Rychl\u00e9 a diskr\u00e9tn\u00ed dod\u00e1n\u00ed<\/strong><\/h4>\n<p>Poskytujeme a <strong>rychl\u00e9 dod\u00e1n\u00ed<\/strong> a <strong>diskr\u00e9tn\u00ed balen\u00ed<\/strong> pro zaji\u0161t\u011bn\u00ed va\u0161\u00ed d\u016fv\u011brnosti.<\/p>\n<h4><strong>Bezpe\u010dn\u00e9 platby<\/strong><\/h4>\n<p>U\u017eijte si bezpe\u010dn\u00e9 platby a nakupujte bez obav.<\/p>\n<h4><strong>Konkuren\u010dn\u00ed a dostupn\u00e9 ceny<\/strong><\/h4>\n<p>Koupit <strong>Viagra za konkurenceschopn\u00e9 ceny<\/strong>, se slevami p\u0159i hromadn\u00fdch objedn\u00e1vk\u00e1ch.<\/p>\n<h3><strong>Aplikace a pou\u017eit\u00ed Viagry<\/strong><\/h3>\n<h4><strong>L\u00e9\u010dba erektiln\u00ed dysfunkce<\/strong><\/h4>\n<p>Viagra se p\u0159edepisuje ke zlep\u0161en\u00ed schopnosti dos\u00e1hnout a udr\u017eet erekci, co\u017e pom\u00e1h\u00e1 obnovit sexu\u00e1ln\u00ed sebed\u016fv\u011bru a v\u00fdkonnost.<\/p>\n<h4><strong>Zlep\u0161en\u00ed krevn\u00edho ob\u011bhu<\/strong><\/h4>\n<p>Sildenafil p\u016fsob\u00ed tak, \u017ee uvol\u0148uje c\u00e9vy a zlep\u0161uje pr\u016ftok krve do c\u00edlov\u00fdch oblast\u00ed.<\/p>\n<h4><strong>Bezpe\u010dn\u00e9 pou\u017e\u00edv\u00e1n\u00ed<\/strong><\/h4>\n<p>Doporu\u010deno zdravotn\u00edky, <strong>Viagra<\/strong> je \u00fa\u010dinn\u00fdm \u0159e\u0161en\u00edm, pokud se pou\u017e\u00edv\u00e1 v p\u0159edepsan\u00fdch d\u00e1vk\u00e1ch.<\/p>\n<div>\n<div>\n<p><em>Obsah ov\u011b\u0159en\u00fd l\u00e9ka\u0159i z Charlesova v\u011bdeck\u00e9ho v\u00fdboru.<\/em><\/p>\n<\/div>\n<\/div>\n<div>\n<div>\n<p>Le <strong>Viagra<\/strong> est sans doute le m\u00e9dicament le plus connu dans le monde pour traiter les troubles de l\u2019\u00e9rection chez l\u2019homme. Mais comment agit-il ? Est-il possible d\u2019en acheter sans ordonnance ? Et quels sont ses effets r\u00e9els et ses risques ? Cet article vous explique tout ce qu\u2019il faut savoir sur ce traitement embl\u00e9matique de la dysfonction \u00e9rectile.<\/p>\n<\/div>\n<\/div>\n<h3><strong>Koupit Viagru online je\u0161t\u011b dnes<\/strong><\/h3>\n<p>A\u0165 u\u017e hled\u00e1te <strong>Origin\u00e1ln\u00ed Viagra<\/strong> nebo \u00fa\u010dinn\u00e9 generick\u00e9 verze, <strong>GBlexpress<\/strong> je va\u0161\u00edm d\u016fv\u011bryhodn\u00fdm dodavatelem. Nab\u00edz\u00edme kvalitn\u00ed v\u00fdrobky, rychl\u00e9 dod\u00e1n\u00ed a v\u00fdjime\u010dn\u00fd z\u00e1kaznick\u00fd servis. <strong>Koupit Viagru online je\u0161t\u011b dnes<\/strong> z\u00edskat zp\u011bt svou d\u016fv\u011bru a u\u017e\u00edt si bezprobl\u00e9mov\u00e9 a diskr\u00e9tn\u00ed nakupov\u00e1n\u00ed. <a href=\"https:\/\/gblexprimer.com\/cs\/produkt\/viagra\/\"><strong>Achetez en toute confiance<\/strong><\/a><\/p>","protected":false},"excerpt":{"rendered":"<p><strong>Viagra<\/strong>, jeho\u017e \u00fa\u010dinnou l\u00e1tkou je <strong>sildenafil<\/strong>, je l\u00e9k \u0161iroce pou\u017e\u00edvan\u00fd k l\u00e9\u010db\u011b erektiln\u00ed dysfunkce. Zvy\u0161uje pr\u016ftok krve do tk\u00e1n\u00ed, <strong>Viagra<\/strong> je uzn\u00e1v\u00e1n pro svou \u00fa\u010dinnost a rychl\u00e9 \u00fa\u010dinky. Tato slou\u010denina je tak\u00e9 zkoum\u00e1na v laborato\u0159i z hlediska jej\u00edho vlivu na c\u00e9vn\u00ed mechanismy a jej\u00edho potenci\u00e1lu pro dal\u0161\u00ed l\u00e9ka\u0159sk\u00e9 aplikace.<\/p>\n<h3><strong>Jak Viagra funguje?<\/strong><\/h3>\n<p>Le <strong>sildenafil<\/strong> p\u016fsob\u00ed tak, \u017ee inhibuje enzym PDE5 (fosfodiester\u00e1za typu 5), kter\u00fd zlep\u0161uje roz\u0161\u00ed\u0159en\u00ed c\u00e9v a usnad\u0148uje pr\u016ftok krve erektiln\u00ed tk\u00e1n\u00ed.<\/p>\n<ul>\n<li><strong>Hlavn\u00ed \u00fa\u010dinky :<\/strong> Zlep\u0161en\u00ed erekce, lep\u0161\u00ed prokrven\u00ed a zm\u00edrn\u011bn\u00ed p\u0159\u00edznak\u016f n\u011bkter\u00fdch ob\u011bhov\u00fdch poruch.<\/li>\n<li><strong>Za\u010d\u00e1tek \u00fa\u010dink\u016f :<\/strong> 30 a\u017e 60 minut po pod\u00e1n\u00ed.<\/li>\n<li><strong>Doba trv\u00e1n\u00ed \u00fa\u010dink\u016f :<\/strong> 4 a\u017e 6 hodin v z\u00e1vislosti na jednotlivci.<\/li>\n<\/ul>\n<h3><strong>Vzorec a \u00fadaje<\/strong><\/h3>\n<ul>\n<li><strong>Chemick\u00fd n\u00e1zev :<\/strong> Sildenafil citr\u00e1t<\/li>\n<li><strong>Molekul\u00e1rn\u00ed vzorec :<\/strong> C22H30N6O4S<\/li>\n<li><strong>Molekulov\u00e1 hmotnost :<\/strong> 474,58 g\/mol<\/li>\n<\/ul>","protected":false},"featured_media":5282,"comment_status":"open","ping_status":"closed","template":"","meta":{"site-sidebar-layout":"default","site-content-layout":"","ast-site-content-layout":"default","site-content-style":"default","site-sidebar-style":"default","ast-global-header-display":"","ast-banner-title-visibility":"","ast-main-header-display":"","ast-hfb-above-header-display":"","ast-hfb-below-header-display":"","ast-hfb-mobile-header-display":"","site-post-title":"","ast-breadcrumbs-content":"","ast-featured-img":"","footer-sml-layout":"","theme-transparent-header-meta":"default","adv-header-id-meta":"","stick-header-meta":"","header-above-stick-meta":"","header-main-stick-meta":"","header-below-stick-meta":"","astra-migrate-meta-layouts":"set","ast-page-background-enabled":"default","ast-page-background-meta":{"desktop":{"background-color":"","background-image":"","background-repeat":"repeat","background-position":"center center","background-size":"auto","background-attachment":"scroll","background-type":"","background-media":"","overlay-type":"","overlay-color":"","overlay-opacity":"","overlay-gradient":""},"tablet":{"background-color":"","background-image":"","background-repeat":"repeat","background-position":"center center","background-size":"auto","background-attachment":"scroll","background-type":"","background-media":"","overlay-type":"","overlay-color":"","overlay-opacity":"","overlay-gradient":""},"mobile":{"background-color":"","background-image":"","background-repeat":"repeat","background-position":"center center","background-size":"auto","background-attachment":"scroll","background-type":"","background-media":"","overlay-type":"","overlay-color":"","overlay-opacity":"","overlay-gradient":""}},"ast-content-background-meta":{"desktop":{"background-color":"var(--ast-global-color-5)","background-image":"","background-repeat":"repeat","background-position":"center center","background-size":"auto","background-attachment":"scroll","background-type":"","background-media":"","overlay-type":"","overlay-color":"","overlay-opacity":"","overlay-gradient":""},"tablet":{"background-color":"var(--ast-global-color-5)","background-image":"","background-repeat":"repeat","background-position":"center center","background-size":"auto","background-attachment":"scroll","background-type":"","background-media":"","overlay-type":"","overlay-color":"","overlay-opacity":"","overlay-gradient":""},"mobile":{"background-color":"var(--ast-global-color-5)","background-image":"","background-repeat":"repeat","background-position":"center center","background-size":"auto","background-attachment":"scroll","background-type":"","background-media":"","overlay-type":"","overlay-color":"","overlay-opacity":"","overlay-gradient":""}},"_joinchat":[]},"product_brand":[],"product_cat":[141],"product_tag":[393,377,382,394,385,392,387,390,379,378,383,380,388,395,381,391,396,389,386,384],"class_list":{"0":"post-5037","1":"product","2":"type-product","3":"status-publish","4":"has-post-thumbnail","6":"product_cat-sex-meth","7":"product_tag-achat-discret-de-viagra","8":"product_tag-achetez-viagra","9":"product_tag-commandez-viagra-en-ligne","10":"product_tag-commandez-viagra-maintenant","11":"product_tag-fournisseurs-fiables-de-viagra","12":"product_tag-meilleurs-prix-viagra","13":"product_tag-ou-acheter-viagra","14":"product_tag-produits-premium-viagra","15":"product_tag-sildenafil-authentique","16":"product_tag-viagra-a-vendre","17":"product_tag-viagra-de-haute-qualite","18":"product_tag-viagra-generique","19":"product_tag-viagra-generique-pas-cher","20":"product_tag-viagra-livraison-securisee","21":"product_tag-viagra-original-livraison-rapide","22":"product_tag-viagra-pour-circulation-sanguine","23":"product_tag-viagra-pour-confiance-et-performance","24":"product_tag-viagra-pour-performance-sexuelle","25":"product_tag-viagra-pour-troubles-de-lerection","26":"product_tag-viagra-prix-abordable","27":"desktop-align-left","28":"tablet-align-left","29":"mobile-align-left","31":"first","32":"instock","33":"shipping-taxable","34":"purchasable","35":"product-type-variable"},"yoast_head":"<!-- This site is optimized with the Yoast SEO plugin v26.9 - https:\/\/yoast.com\/product\/yoast-seo-wordpress\/ -->\n<title>Achetez du Viagra | Qualit\u00e9 Sup\u00e9rieure et Livraison Discr\u00e8te<\/title>\n<meta name=\"description\" content=\"Achetez du Viagra authentique en ligne sur GBlexprimer. Original et g\u00e9n\u00e9rique disponibles : livraison rapide, emballage discret et paiement s\u00e9curis\u00e9. Commandez maintenant !\" \/>\n<meta name=\"robots\" content=\"index, follow, max-snippet:-1, max-image-preview:large, max-video-preview:-1\" \/>\n<link rel=\"canonical\" href=\"https:\/\/gblexprimer.com\/cs\/produkt\/viagra\/\" \/>\n<meta property=\"og:locale\" content=\"cs_CZ\" \/>\n<meta property=\"og:type\" content=\"article\" \/>\n<meta property=\"og:title\" content=\"Achetez du Viagra | Qualit\u00e9 Sup\u00e9rieure et Livraison Discr\u00e8te\" \/>\n<meta property=\"og:description\" content=\"Achetez du Viagra authentique en ligne sur GBlexprimer. Original et g\u00e9n\u00e9rique disponibles : livraison rapide, emballage discret et paiement s\u00e9curis\u00e9. Commandez maintenant !\" \/>\n<meta property=\"og:url\" content=\"https:\/\/gblexprimer.com\/cs\/produkt\/viagra\/\" \/>\n<meta property=\"og:site_name\" content=\"GBL Exprimer\" \/>\n<meta property=\"article:modified_time\" content=\"2026-04-13T04:33:44+00:00\" \/>\n<meta property=\"og:image\" content=\"https:\/\/gblexprimer.com\/wp-content\/uploads\/2024\/11\/Viagra.jpg\" \/>\n\t<meta property=\"og:image:width\" content=\"600\" \/>\n\t<meta property=\"og:image:height\" content=\"600\" \/>\n\t<meta property=\"og:image:type\" content=\"image\/jpeg\" \/>\n<meta name=\"twitter:card\" content=\"summary_large_image\" \/>\n<meta name=\"twitter:label1\" content=\"Odhadovan\u00e1 doba \u010dten\u00ed\" \/>\n\t<meta name=\"twitter:data1\" content=\"3 minuty\" \/>\n<script type=\"application\/ld+json\" class=\"yoast-schema-graph\">{\"@context\":\"https:\/\/schema.org\",\"@graph\":[{\"@type\":\"WebPage\",\"@id\":\"https:\/\/gblexprimer.com\/product\/viagra\/\",\"url\":\"https:\/\/gblexprimer.com\/product\/viagra\/\",\"name\":\"Achetez du Viagra | Qualit\u00e9 Sup\u00e9rieure et Livraison Discr\u00e8te\",\"isPartOf\":{\"@id\":\"https:\/\/gblexprimer.com\/#website\"},\"primaryImageOfPage\":{\"@id\":\"https:\/\/gblexprimer.com\/product\/viagra\/#primaryimage\"},\"image\":{\"@id\":\"https:\/\/gblexprimer.com\/product\/viagra\/#primaryimage\"},\"thumbnailUrl\":\"https:\/\/gblexprimer.com\/wp-content\/uploads\/2024\/11\/Viagra.jpg\",\"datePublished\":\"2024-11-26T06:06:40+00:00\",\"dateModified\":\"2026-04-13T04:33:44+00:00\",\"description\":\"Achetez du Viagra authentique en ligne sur GBlexprimer. Original et g\u00e9n\u00e9rique disponibles : livraison rapide, emballage discret et paiement s\u00e9curis\u00e9. Commandez maintenant !\",\"breadcrumb\":{\"@id\":\"https:\/\/gblexprimer.com\/product\/viagra\/#breadcrumb\"},\"inLanguage\":\"cs\",\"potentialAction\":[{\"@type\":\"ReadAction\",\"target\":[\"https:\/\/gblexprimer.com\/product\/viagra\/\"]}]},{\"@type\":\"ImageObject\",\"inLanguage\":\"cs\",\"@id\":\"https:\/\/gblexprimer.com\/product\/viagra\/#primaryimage\",\"url\":\"https:\/\/gblexprimer.com\/wp-content\/uploads\/2024\/11\/Viagra.jpg\",\"contentUrl\":\"https:\/\/gblexprimer.com\/wp-content\/uploads\/2024\/11\/Viagra.jpg\",\"width\":600,\"height\":600,\"caption\":\"Viagra\"},{\"@type\":\"BreadcrumbList\",\"@id\":\"https:\/\/gblexprimer.com\/product\/viagra\/#breadcrumb\",\"itemListElement\":[{\"@type\":\"ListItem\",\"position\":1,\"name\":\"Home\",\"item\":\"https:\/\/gblexprimer.com\/\"},{\"@type\":\"ListItem\",\"position\":2,\"name\":\"Shop\",\"item\":\"https:\/\/gblexprimer.com\/shop\/\"},{\"@type\":\"ListItem\",\"position\":3,\"name\":\"Viagra\"}]},{\"@type\":\"WebSite\",\"@id\":\"https:\/\/gblexprimer.com\/#website\",\"url\":\"https:\/\/gblexprimer.com\/\",\"name\":\"GBL Exprimer\",\"description\":\"\",\"publisher\":{\"@id\":\"https:\/\/gblexprimer.com\/#organization\"},\"potentialAction\":[{\"@type\":\"SearchAction\",\"target\":{\"@type\":\"EntryPoint\",\"urlTemplate\":\"https:\/\/gblexprimer.com\/?s={search_term_string}\"},\"query-input\":{\"@type\":\"PropertyValueSpecification\",\"valueRequired\":true,\"valueName\":\"search_term_string\"}}],\"inLanguage\":\"cs\"},{\"@type\":\"Organization\",\"@id\":\"https:\/\/gblexprimer.com\/#organization\",\"name\":\"GBL Exprimer\",\"url\":\"https:\/\/gblexprimer.com\/\",\"logo\":{\"@type\":\"ImageObject\",\"inLanguage\":\"cs\",\"@id\":\"https:\/\/gblexprimer.com\/#\/schema\/logo\/image\/\",\"url\":\"https:\/\/gblexprimer.com\/wp-content\/uploads\/2024\/01\/logo.png\",\"contentUrl\":\"https:\/\/gblexprimer.com\/wp-content\/uploads\/2024\/01\/logo.png\",\"width\":220,\"height\":80,\"caption\":\"GBL Exprimer\"},\"image\":{\"@id\":\"https:\/\/gblexprimer.com\/#\/schema\/logo\/image\/\"}}]}<\/script>\n<!-- \/ Yoast SEO plugin. -->","yoast_head_json":{"title":"Koupit Viagru | Vynikaj\u00edc\u00ed kvalita a diskr\u00e9tn\u00ed doru\u010den\u00ed","description":"Kupte si origin\u00e1ln\u00ed Viagru online na GBlexprimer. K dispozici jsou origin\u00e1ln\u00ed i generick\u00e9 p\u0159\u00edpravky: rychl\u00e9 dod\u00e1n\u00ed, diskr\u00e9tn\u00ed balen\u00ed a bezpe\u010dn\u00e1 platba. Objedn\u00e1vejte nyn\u00ed!","robots":{"index":"index","follow":"follow","max-snippet":"max-snippet:-1","max-image-preview":"max-image-preview:large","max-video-preview":"max-video-preview:-1"},"canonical":"https:\/\/gblexprimer.com\/cs\/produkt\/viagra\/","og_locale":"cs_CZ","og_type":"article","og_title":"Achetez du Viagra | Qualit\u00e9 Sup\u00e9rieure et Livraison Discr\u00e8te","og_description":"Achetez du Viagra authentique en ligne sur GBlexprimer. Original et g\u00e9n\u00e9rique disponibles : livraison rapide, emballage discret et paiement s\u00e9curis\u00e9. Commandez maintenant !","og_url":"https:\/\/gblexprimer.com\/cs\/produkt\/viagra\/","og_site_name":"GBL Exprimer","article_modified_time":"2026-04-13T04:33:44+00:00","og_image":[{"width":600,"height":600,"url":"https:\/\/gblexprimer.com\/wp-content\/uploads\/2024\/11\/Viagra.jpg","type":"image\/jpeg"}],"twitter_card":"summary_large_image","twitter_misc":{"Odhadovan\u00e1 doba \u010dten\u00ed":"3 minuty"},"schema":{"@context":"https:\/\/schema.org","@graph":[{"@type":"WebPage","@id":"https:\/\/gblexprimer.com\/product\/viagra\/","url":"https:\/\/gblexprimer.com\/product\/viagra\/","name":"Koupit Viagru | Vynikaj\u00edc\u00ed kvalita a diskr\u00e9tn\u00ed doru\u010den\u00ed","isPartOf":{"@id":"https:\/\/gblexprimer.com\/#website"},"primaryImageOfPage":{"@id":"https:\/\/gblexprimer.com\/product\/viagra\/#primaryimage"},"image":{"@id":"https:\/\/gblexprimer.com\/product\/viagra\/#primaryimage"},"thumbnailUrl":"https:\/\/gblexprimer.com\/wp-content\/uploads\/2024\/11\/Viagra.jpg","datePublished":"2024-11-26T06:06:40+00:00","dateModified":"2026-04-13T04:33:44+00:00","description":"Kupte si origin\u00e1ln\u00ed Viagru online na GBlexprimer. K dispozici jsou origin\u00e1ln\u00ed i generick\u00e9 p\u0159\u00edpravky: rychl\u00e9 dod\u00e1n\u00ed, diskr\u00e9tn\u00ed balen\u00ed a bezpe\u010dn\u00e1 platba. Objedn\u00e1vejte nyn\u00ed!","breadcrumb":{"@id":"https:\/\/gblexprimer.com\/product\/viagra\/#breadcrumb"},"inLanguage":"cs","potentialAction":[{"@type":"ReadAction","target":["https:\/\/gblexprimer.com\/product\/viagra\/"]}]},{"@type":"ImageObject","inLanguage":"cs","@id":"https:\/\/gblexprimer.com\/product\/viagra\/#primaryimage","url":"https:\/\/gblexprimer.com\/wp-content\/uploads\/2024\/11\/Viagra.jpg","contentUrl":"https:\/\/gblexprimer.com\/wp-content\/uploads\/2024\/11\/Viagra.jpg","width":600,"height":600,"caption":"Viagra"},{"@type":"BreadcrumbList","@id":"https:\/\/gblexprimer.com\/product\/viagra\/#breadcrumb","itemListElement":[{"@type":"ListItem","position":1,"name":"Home","item":"https:\/\/gblexprimer.com\/"},{"@type":"ListItem","position":2,"name":"Shop","item":"https:\/\/gblexprimer.com\/shop\/"},{"@type":"ListItem","position":3,"name":"Viagra"}]},{"@type":"WebSite","@id":"https:\/\/gblexprimer.com\/#website","url":"https:\/\/gblexprimer.com\/","name":"GBL Express","description":"","publisher":{"@id":"https:\/\/gblexprimer.com\/#organization"},"potentialAction":[{"@type":"SearchAction","target":{"@type":"EntryPoint","urlTemplate":"https:\/\/gblexprimer.com\/?s={search_term_string}"},"query-input":{"@type":"PropertyValueSpecification","valueRequired":true,"valueName":"search_term_string"}}],"inLanguage":"cs"},{"@type":"Organization","@id":"https:\/\/gblexprimer.com\/#organization","name":"GBL Express","url":"https:\/\/gblexprimer.com\/","logo":{"@type":"ImageObject","inLanguage":"cs","@id":"https:\/\/gblexprimer.com\/#\/schema\/logo\/image\/","url":"https:\/\/gblexprimer.com\/wp-content\/uploads\/2024\/01\/logo.png","contentUrl":"https:\/\/gblexprimer.com\/wp-content\/uploads\/2024\/01\/logo.png","width":220,"height":80,"caption":"GBL Exprimer"},"image":{"@id":"https:\/\/gblexprimer.com\/#\/schema\/logo\/image\/"}}]}},"_links":{"self":[{"href":"https:\/\/gblexprimer.com\/cs\/wp-json\/wp\/v2\/product\/5037","targetHints":{"allow":["GET"]}}],"collection":[{"href":"https:\/\/gblexprimer.com\/cs\/wp-json\/wp\/v2\/product"}],"about":[{"href":"https:\/\/gblexprimer.com\/cs\/wp-json\/wp\/v2\/types\/product"}],"replies":[{"embeddable":true,"href":"https:\/\/gblexprimer.com\/cs\/wp-json\/wp\/v2\/comments?post=5037"}],"wp:featuredmedia":[{"embeddable":true,"href":"https:\/\/gblexprimer.com\/cs\/wp-json\/wp\/v2\/media\/5282"}],"wp:attachment":[{"href":"https:\/\/gblexprimer.com\/cs\/wp-json\/wp\/v2\/media?parent=5037"}],"wp:term":[{"taxonomy":"product_brand","embeddable":true,"href":"https:\/\/gblexprimer.com\/cs\/wp-json\/wp\/v2\/product_brand?post=5037"},{"taxonomy":"product_cat","embeddable":true,"href":"https:\/\/gblexprimer.com\/cs\/wp-json\/wp\/v2\/product_cat?post=5037"},{"taxonomy":"product_tag","embeddable":true,"href":"https:\/\/gblexprimer.com\/cs\/wp-json\/wp\/v2\/product_tag?post=5037"}],"curies":[{"name":"wp","href":"https:\/\/api.w.org\/{rel}","templated":true}]}}