{"id":5049,"date":"2024-11-26T06:13:53","date_gmt":"2024-11-26T06:13:53","guid":{"rendered":"https:\/\/gblexprimer.com\/?post_type=product&#038;p=5049"},"modified":"2026-04-11T08:00:17","modified_gmt":"2026-04-11T08:00:17","slug":"mdma-extaza","status":"publish","type":"product","link":"https:\/\/gblexprimer.com\/cs\/produkt\/mdma-extaza\/","title":{"rendered":"MDMA (Ekstaza)"},"content":{"rendered":"<h2><strong>Koupit MDMA (ext\u00e1zi) online \u2013 GBLExprimer<br \/>\n<\/strong><\/h2>\n<p><strong>La <a href=\"https:\/\/gblexprimer.com\/cs\/produkt\/mdma-extaza\/\">MDMA<\/a><\/strong>tak\u00e9 zn\u00e1m\u00fd jako<strong>Ext\u00e1ze<\/strong> nebo <strong>de Molly<\/strong>je syntetick\u00e1 psychoaktivn\u00ed l\u00e1tka zn\u00e1m\u00e1 sv\u00fdmi stimula\u010dn\u00edmi a empatogenn\u00edmi \u00fa\u010dinky. Pou\u017e\u00edv\u00e1 se p\u0159edev\u0161\u00edm k rekrea\u010dn\u00edm \u00fa\u010del\u016fm <strong>MDMA<\/strong> je tak\u00e9 zkoum\u00e1n jeho terapeutick\u00fd potenci\u00e1l, zejm\u00e9na p\u0159i l\u00e9\u010db\u011b posttraumatick\u00e9 stresov\u00e9 poruchy (PTSD). Na adrese <a href=\"https:\/\/gblexprimer.com\/cs\/\"><strong>GBlexpress<\/strong><\/a>navrhujeme <strong>\u010dist\u00e1, vysoce kvalitn\u00ed MDMA<\/strong>, Bezpe\u010dn\u00e9 transakce, diskr\u00e9tn\u00ed balen\u00ed a rychl\u00e9 dod\u00e1n\u00ed. Koupit MDMA.<\/p>\n<p class=\"ds-markdown-paragraph\"><a href=\"https:\/\/en.wikipedia.org\/wiki\/MDMA\"><strong>MDMA pr\u00e1\u0161ek v prodeji<\/strong><\/a>, b\u011b\u017en\u011b zn\u00e1m\u00e1 jako \u00abext\u00e1ze\u00bb. MDMA je ji\u017e 20 let st\u0159edobodem britsk\u00e9 acid house, rave a tane\u010dn\u00ed klubov\u00e9 sc\u00e9ny. \u00dadaje z ka\u017edoro\u010dn\u00edho britsk\u00e9ho pr\u016fzkumu kriminality nazna\u010duj\u00ed, \u017ee u\u017e\u00edv\u00e1n\u00ed ext\u00e1ze od roku 2001 kleslo. <strong>Koupit \u010dist\u00fd pr\u00e1\u0161ek a krystal MDMA online<\/strong>.<\/p>\n<p class=\"ds-markdown-paragraph\">Tento zjevn\u00fd pokles je zde zkoum\u00e1n soub\u011b\u017en\u011b se sou\u010dasn\u00fdm vznikem <strong>\u00abnov\u00e1\u00bb forma ext\u00e1ze<\/strong> ve Spojen\u00fdch st\u00e1tech - <strong>Pr\u00e1\u0161ek nebo krystal MDMA<\/strong> - a\u00a0<strong>na ot\u00e1zku, do jak\u00e9 m\u00edry lze tuto skute\u010dnost pova\u017eovat za \u00fasp\u011b\u0161nou zm\u011bnu zna\u010dky ext\u00e1ze na \u00abpr\u00e9miov\u00fd\u00bb produkt pot\u00e9, co u\u017eivatel\u00e9 byli roz\u010darov\u00e1ni z levn\u00fdch a snadno dostupn\u00fdch tablet, je kvalita.<\/strong>.<\/p>\n<p class=\"ds-markdown-paragraph\">K t\u011bmto zm\u011bn\u00e1m do\u0161lo v politick\u00e9m kontextu, kter\u00fd v posledn\u00edm desetilet\u00ed up\u0159ednost\u0148oval vztah mezi st\u00e1tem a soukrom\u00fdm sektorem. <strong>drogy-zlo\u010din<\/strong>, podle <a href=\"https:\/\/gblexprimer.com\/cs\/produkt\/medicaments-sedatifs\/\"><strong>nucen\u00e9 zach\u00e1zen\u00ed<\/strong><\/a> probl\u00e9mov\u00fdch u\u017eivatel\u016f v kontextu trestn\u011bpr\u00e1vn\u00edch intervenc\u00ed, spolu s d\u016frazem na <strong>n\u00e1razov\u00e9 pit\u00ed<\/strong> a <strong>rizika spojen\u00e1 s alkoholem<\/strong>.<\/p>\n<p class=\"ds-markdown-paragraph\">Tento v\u00fdvoj vedl k <strong>v\u00fdrazn\u00e9 sn\u00ed\u017een\u00ed<\/strong> informac\u00ed, podpory a l\u00e9\u010dby, kter\u00e9 jsou u\u017eivatel\u016fm ext\u00e1ze k dispozici od dob nejv\u011bt\u0161\u00edho rozkv\u011btu t\u00e9to drogy. <strong>sn\u00ed\u017een\u00ed rizika<\/strong> spojen\u00e9 s tane\u010dn\u00edmi drogami, kter\u00e9 inicioval <strong>Bezpe\u010dn\u011bj\u0161\u00ed tanec<\/strong> v polovin\u011b 90. let. <strong>Koupit \u010distou MDMA online<\/strong>, ve form\u011b pr\u00e1\u0161ku nebo krystal\u016f.<\/p>\n<p class=\"ds-markdown-paragraph\"><strong>Pr\u00e1\u0161ek MDMA<\/strong><\/p>\n<p class=\"ds-markdown-paragraph\">Le <strong>Pr\u00e1\u0161kov\u00fd krystal MDMA<\/strong> je l\u00e9k, kter\u00fd p\u016fsob\u00ed jako <strong>stimulant<\/strong> a <strong>psychedelick\u00e9<\/strong> - p\u016fsob\u00ed povzbudiv\u011b, stejn\u011b jako <strong>zkreslen\u00ed \u010dasu<\/strong> a vn\u00edmavost <strong>zv\u00fd\u0161en\u00e1 empatie<\/strong>. Obvykle se u\u017e\u00edv\u00e1 ve form\u011b tablet nebo kapsl\u00ed a jeho \u00fa\u010dinky trvaj\u00ed 3 a\u017e 6 hodin. Pr\u016fm\u011brn\u00e1 uv\u00e1d\u011bn\u00e1 d\u00e1vka je jedna a\u017e dv\u011b tablety, p\u0159i\u010dem\u017e ka\u017ed\u00e1 tableta obvykle obsahuje 60 a\u017e 120 miligram\u016f. <strong>MDMA v prodeji ve Spojen\u00fdch st\u00e1tech<\/strong>. Nen\u00ed neobvykl\u00e9, \u017ee si u\u017eivatel\u00e9 vezmou druhou d\u00e1vku, proto\u017ee \u00fa\u010dinky prvn\u00ed d\u00e1vky za\u010d\u00ednaj\u00ed sl\u00e1bnout.<\/p>\n<p class=\"ds-markdown-paragraph\"><strong>Krystaly pr\u00e1\u0161ku MDMA online<\/strong> na <strong>3,4-methylendioxymetamfetamin<\/strong> (MDMA) je <strong>syntetick\u00e1 droga<\/strong> kter\u00fd m\u011bn\u00ed n\u00e1ladu a vn\u00edm\u00e1n\u00ed. Chemicky se podob\u00e1 stimulant\u016fm i halucinogen\u016fm a vyvol\u00e1v\u00e1 pocity.\u2019<strong>zv\u00fd\u0161en\u00e1 energie<\/strong>, z <strong>pot\u011b\u0161en\u00ed<\/strong>, z <strong>emocion\u00e1ln\u00ed v\u0159elost<\/strong>, a tak\u00e9 <strong>zkreslen\u00e9 smyslov\u00e9 a \u010dasov\u00e9 vn\u00edm\u00e1n\u00ed.<\/strong>.<\/p>\n<h3><strong>Aplikace a pou\u017eit\u00ed MDMA (Ekstaza)<\/strong><\/h3>\n<h4><strong>Rekrea\u010dn\u00ed vyu\u017eit\u00ed<\/strong><\/h4>\n<p>La <a href=\"https:\/\/en.wikipedia.org\/wiki\/MDMA\"><strong>MDMA<\/strong><\/a> je obl\u00edben\u00fd na festivalech, ve\u010d\u00edrc\u00edch a akc\u00edch spojen\u00fdch s klubovou a rave kulturou, proto\u017ee p\u016fsob\u00ed na energii, spole\u010denskost a smyslov\u00e9 vn\u00edm\u00e1n\u00ed.<a href=\"https:\/\/gblexpress.com\/shop\/gbl-online-kaufen-%ce%b3-butyrolacton-kaufen\/\">.<\/a><\/p>\n<h4><strong>V\u011bdeck\u00fd a terapeutick\u00fd v\u00fdzkum<\/strong><\/h4>\n<p>Ned\u00e1vn\u00e9 studie ukazuj\u00ed potenci\u00e1l <strong>MDMA<\/strong> p\u0159i l\u00e9\u010db\u011b poruch, jako je posttraumatick\u00e1 stresov\u00e1 porucha a soci\u00e1ln\u00ed \u00fazkost. V\u00fdzkumn\u00edci pou\u017e\u00edvaj\u00ed <strong>MDMA<\/strong> zkoumat jeho interakce se serotoninem a jeho neurochemick\u00fd dopad.<\/p>\n<h4><strong>Dostupn\u00e9 tvary<\/strong><\/h4>\n<p>Nav\u0161tivte <strong>GBlexpress<\/strong>si m\u016f\u017eete koupit <strong>MDMA ve form\u011b tablet, kapsl\u00ed nebo krystal\u016f<\/strong>v z\u00e1vislosti na va\u0161ich specifick\u00fdch pot\u0159eb\u00e1ch.<\/p>\n<h3><strong>Pro\u010d si koupit MDMA od GBlexprimer?<\/strong><\/h3>\n<h4><strong>Vysoce kvalitn\u00ed MDMA<\/strong><\/h4>\n<p>Na\u0161e <strong>MDMA<\/strong> je p\u0159\u00edsn\u011b testov\u00e1n, aby byla zaru\u010dena jeho \u010distota a pravost.<\/p>\n<h4><strong>D\u016fv\u011bryhodn\u00ed dodavatel\u00e9<\/strong><\/h4>\n<p>Jsme spolehliv\u00ed prodejci s prov\u011b\u0159enou histori\u00ed. <strong>MDMA<\/strong> pro v\u0161echny va\u0161e pot\u0159eby.<\/p>\n<h4><strong>Zabezpe\u010den\u00e9 transakce a diskr\u00e9tn\u00ed balen\u00ed<\/strong><\/h4>\n<p>Zaji\u0161\u0165ujeme bezpe\u010dn\u00e9 platby a d\u016fv\u011brn\u00e9 doru\u010den\u00ed, abychom ochr\u00e1nili va\u0161e soukrom\u00ed.<\/p>\n<h4><strong>Rychl\u00e9 a spolehliv\u00e9 dod\u00e1n\u00ed<\/strong><\/h4>\n<p>Objednejte si online a obdr\u017e\u00edte <strong>MDMA<\/strong> rychle d\u00edky na\u0161\u00ed efektivn\u00ed logistick\u00e9 s\u00edti.<\/p>\n<h3><strong>Koupit MDMA online je\u0161t\u011b dnes<\/strong><\/h3>\n<p>Hled\u00e1te m\u00edsto ke koupi <strong>MDMA<\/strong> online? Na adrese <strong>GBlexpress<\/strong>nab\u00edz\u00edme <strong>Vysoce kvalitn\u00ed pilulky, kapsle a krystaly MDMA<\/strong>. Vyu\u017eijte na\u0161ich <strong>nejlep\u0161\u00ed ceny za gram<\/strong>, V\u00fdhodou je tak\u00e9 diskr\u00e9tn\u00ed doru\u010den\u00ed a rychl\u00fd servis. Objednejte si nyn\u00ed a z\u00edskejte spolehlivou a bezprobl\u00e9movou zku\u0161enost. <strong>Koupit MDMA online<\/strong> a zjist\u011bte, pro\u010d jsme preferovanou volbou pro z\u00e1kazn\u00edky, kte\u0159\u00ed kupuj\u00ed <strong>MDMA<\/strong>.<\/p>","protected":false},"excerpt":{"rendered":"<div class=\"ds-message _63c77b1\">\n<div class=\"ds-markdown\">\n<p class=\"ds-markdown-paragraph\"><strong>Objednejte si laboratorn\u011b testovan\u00e9 tablety MDMA online.<\/strong><br \/>\nKoupit MDMA online na <strong>gblexprimer<\/strong>. MDMA nyn\u00ed v prodeji, s dod\u00e1n\u00edm <strong>bezpe\u010dn\u011b a rychle<\/strong> v celosv\u011btov\u00e9m m\u011b\u0159\u00edtku.<\/p>\n<\/div>\n<\/div>\n<p>MDMA p\u016fsob\u00ed tak, \u017ee zvy\u0161uje uvol\u0148ov\u00e1n\u00ed serotoninu, dopaminu a noradrenalinu v mozku a z\u00e1rove\u0148 inhibuje jejich zp\u011btn\u00e9 vychyt\u00e1v\u00e1n\u00ed. Tato kombinace zvy\u0161uje pozitivn\u00ed emoce, empatii a ment\u00e1ln\u00ed stimulaci.<\/p>\n<ul>\n<li><strong>Hlavn\u00ed \u00fa\u010dinky :<\/strong> Euforie, pocit citov\u00e9 bl\u00edzkosti a zv\u00fd\u0161en\u00e9 energie.<\/li>\n<li><strong>Zp\u016fsob \u00fa\u010dinku :<\/strong> P\u0159\u00edm\u00e1 interakce s transport\u00e9ry neurotransmiter\u016f za \u00fa\u010delem prodlou\u017een\u00ed jejich aktivity v mozku.<\/li>\n<\/ul>\n<h3><strong>Vzorec a \u00fadaje o v\u00fdrobku<\/strong><\/h3>\n<ul>\n<li><strong>Chemick\u00fd n\u00e1zev :<\/strong> 3,4-methylendioxymetamfetamin<\/li>\n<li><strong>Molekul\u00e1rn\u00ed vzorec :<\/strong> C11H15NO2<\/li>\n<li><strong>Mol\u00e1rn\u00ed hmotnost :<\/strong> 193,25 g\/mol<\/li>\n<\/ul>\n<h3><strong>Podrobnosti o efektech<\/strong><\/h3>\n<ul>\n<li><strong>Za\u010d\u00e1tek \u00fa\u010dink\u016f :<\/strong> 20 a\u017e 60 minut po po\u017eit\u00ed.<\/li>\n<li><strong>\u0160pi\u010dkov\u00e9 \u00fa\u010dinky :<\/strong> 2 a\u017e 4 hodiny.<\/li>\n<li><strong>Celkov\u00e1 doba trv\u00e1n\u00ed :<\/strong> 4 a\u017e 6 hodin, v z\u00e1vislosti na d\u00e1vce a metabolismu.<\/li>\n<\/ul>","protected":false},"featured_media":5133,"comment_status":"open","ping_status":"closed","template":"","meta":{"site-sidebar-layout":"default","site-content-layout":"","ast-site-content-layout":"default","site-content-style":"default","site-sidebar-style":"default","ast-global-header-display":"","ast-banner-title-visibility":"","ast-main-header-display":"","ast-hfb-above-header-display":"","ast-hfb-below-header-display":"","ast-hfb-mobile-header-display":"","site-post-title":"","ast-breadcrumbs-content":"","ast-featured-img":"","footer-sml-layout":"","theme-transparent-header-meta":"default","adv-header-id-meta":"","stick-header-meta":"","header-above-stick-meta":"","header-main-stick-meta":"","header-below-stick-meta":"","astra-migrate-meta-layouts":"set","ast-page-background-enabled":"default","ast-page-background-meta":{"desktop":{"background-color":"","background-image":"","background-repeat":"repeat","background-position":"center center","background-size":"auto","background-attachment":"scroll","background-type":"","background-media":"","overlay-type":"","overlay-color":"","overlay-opacity":"","overlay-gradient":""},"tablet":{"background-color":"","background-image":"","background-repeat":"repeat","background-position":"center center","background-size":"auto","background-attachment":"scroll","background-type":"","background-media":"","overlay-type":"","overlay-color":"","overlay-opacity":"","overlay-gradient":""},"mobile":{"background-color":"","background-image":"","background-repeat":"repeat","background-position":"center center","background-size":"auto","background-attachment":"scroll","background-type":"","background-media":"","overlay-type":"","overlay-color":"","overlay-opacity":"","overlay-gradient":""}},"ast-content-background-meta":{"desktop":{"background-color":"var(--ast-global-color-5)","background-image":"","background-repeat":"repeat","background-position":"center center","background-size":"auto","background-attachment":"scroll","background-type":"","background-media":"","overlay-type":"","overlay-color":"","overlay-opacity":"","overlay-gradient":""},"tablet":{"background-color":"var(--ast-global-color-5)","background-image":"","background-repeat":"repeat","background-position":"center center","background-size":"auto","background-attachment":"scroll","background-type":"","background-media":"","overlay-type":"","overlay-color":"","overlay-opacity":"","overlay-gradient":""},"mobile":{"background-color":"var(--ast-global-color-5)","background-image":"","background-repeat":"repeat","background-position":"center center","background-size":"auto","background-attachment":"scroll","background-type":"","background-media":"","overlay-type":"","overlay-color":"","overlay-opacity":"","overlay-gradient":""}},"_joinchat":[]},"product_brand":[],"product_cat":[141],"product_tag":[289,274,277,282,278,293,279,275,285,292,284,294,290,288,287,291,280,286,283,276,281],"class_list":{"0":"post-5049","1":"product","2":"type-product","3":"status-publish","4":"has-post-thumbnail","6":"product_cat-sex-meth","7":"product_tag-achat-securise-de-mdma","8":"product_tag-achetez-mdma","9":"product_tag-capsules-de-mdma","10":"product_tag-commandez-mdma-en-ligne","11":"product_tag-cristaux-de-mdma","12":"product_tag-fournisseur-authentique-de-mdma","13":"product_tag-fournisseurs-de-mdma-fiables","14":"product_tag-mdma-a-vendre","15":"product_tag-mdma-de-haute-qualite","16":"product_tag-mdma-disponible-immediatement","17":"product_tag-mdma-livraison-discrete","18":"product_tag-mdma-livraison-rapide","19":"product_tag-mdma-pour-raves","20":"product_tag-mdma-pour-recherche","21":"product_tag-mdma-pour-soirees","22":"product_tag-mdma-pure-a-vendre","23":"product_tag-mdma-pure-en-ligne","24":"product_tag-meilleurs-fournisseurs-de-mdma","25":"product_tag-ou-acheter-mdma","26":"product_tag-pilules-de-mdma","27":"product_tag-prix-de-la-mdma-par-gramme","28":"desktop-align-left","29":"tablet-align-left","30":"mobile-align-left","32":"first","33":"instock","34":"shipping-taxable","35":"purchasable","36":"product-type-variable"},"yoast_head":"<!-- This site is optimized with the Yoast SEO plugin v26.9 - https:\/\/yoast.com\/product\/yoast-seo-wordpress\/ -->\n<title>Achetez de la MDMA | Fournisseur Fiable sur GBlexprimer<\/title>\n<meta name=\"description\" content=\"Achetez de la MDMA en ligne sur GBlexprimer. MDMA de qualit\u00e9 sup\u00e9rieure : pilules, capsules, cristaux. Livraison rapide, paiement s\u00e9curis\u00e9, commandez maintenant !\" \/>\n<meta name=\"robots\" content=\"index, follow, max-snippet:-1, max-image-preview:large, max-video-preview:-1\" \/>\n<link rel=\"canonical\" href=\"https:\/\/gblexprimer.com\/cs\/produkt\/mdma-extaza\/\" \/>\n<meta property=\"og:locale\" content=\"cs_CZ\" \/>\n<meta property=\"og:type\" content=\"article\" \/>\n<meta property=\"og:title\" content=\"Achetez de la MDMA | Fournisseur Fiable sur GBlexprimer\" \/>\n<meta property=\"og:description\" content=\"Achetez de la MDMA en ligne sur GBlexprimer. MDMA de qualit\u00e9 sup\u00e9rieure : pilules, capsules, cristaux. Livraison rapide, paiement s\u00e9curis\u00e9, commandez maintenant !\" \/>\n<meta property=\"og:url\" content=\"https:\/\/gblexprimer.com\/cs\/produkt\/mdma-extaza\/\" \/>\n<meta property=\"og:site_name\" content=\"GBL Exprimer\" \/>\n<meta property=\"article:modified_time\" content=\"2026-04-11T08:00:17+00:00\" \/>\n<meta property=\"og:image\" content=\"https:\/\/gblexprimer.com\/wp-content\/uploads\/2024\/11\/Mephedrone-MDMA-drug-rehabilitation-centre-South-Africa.jpg\" \/>\n\t<meta property=\"og:image:width\" content=\"615\" \/>\n\t<meta property=\"og:image:height\" content=\"409\" \/>\n\t<meta property=\"og:image:type\" content=\"image\/jpeg\" \/>\n<meta name=\"twitter:card\" content=\"summary_large_image\" \/>\n<meta name=\"twitter:label1\" content=\"Odhadovan\u00e1 doba \u010dten\u00ed\" \/>\n\t<meta name=\"twitter:data1\" content=\"4 minuty\" \/>\n<script type=\"application\/ld+json\" class=\"yoast-schema-graph\">{\"@context\":\"https:\/\/schema.org\",\"@graph\":[{\"@type\":\"WebPage\",\"@id\":\"https:\/\/gblexprimer.com\/product\/mdma-ekstaza\/\",\"url\":\"https:\/\/gblexprimer.com\/product\/mdma-ekstaza\/\",\"name\":\"Achetez de la MDMA | Fournisseur Fiable sur GBlexprimer\",\"isPartOf\":{\"@id\":\"https:\/\/gblexprimer.com\/#website\"},\"primaryImageOfPage\":{\"@id\":\"https:\/\/gblexprimer.com\/product\/mdma-ekstaza\/#primaryimage\"},\"image\":{\"@id\":\"https:\/\/gblexprimer.com\/product\/mdma-ekstaza\/#primaryimage\"},\"thumbnailUrl\":\"https:\/\/gblexprimer.com\/wp-content\/uploads\/2024\/11\/Mephedrone-MDMA-drug-rehabilitation-centre-South-Africa.jpg\",\"datePublished\":\"2024-11-26T06:13:53+00:00\",\"dateModified\":\"2026-04-11T08:00:17+00:00\",\"description\":\"Achetez de la MDMA en ligne sur GBlexprimer. MDMA de qualit\u00e9 sup\u00e9rieure : pilules, capsules, cristaux. Livraison rapide, paiement s\u00e9curis\u00e9, commandez maintenant !\",\"breadcrumb\":{\"@id\":\"https:\/\/gblexprimer.com\/product\/mdma-ekstaza\/#breadcrumb\"},\"inLanguage\":\"cs\",\"potentialAction\":[{\"@type\":\"ReadAction\",\"target\":[\"https:\/\/gblexprimer.com\/product\/mdma-ekstaza\/\"]}]},{\"@type\":\"ImageObject\",\"inLanguage\":\"cs\",\"@id\":\"https:\/\/gblexprimer.com\/product\/mdma-ekstaza\/#primaryimage\",\"url\":\"https:\/\/gblexprimer.com\/wp-content\/uploads\/2024\/11\/Mephedrone-MDMA-drug-rehabilitation-centre-South-Africa.jpg\",\"contentUrl\":\"https:\/\/gblexprimer.com\/wp-content\/uploads\/2024\/11\/Mephedrone-MDMA-drug-rehabilitation-centre-South-Africa.jpg\",\"width\":615,\"height\":409},{\"@type\":\"BreadcrumbList\",\"@id\":\"https:\/\/gblexprimer.com\/product\/mdma-ekstaza\/#breadcrumb\",\"itemListElement\":[{\"@type\":\"ListItem\",\"position\":1,\"name\":\"Home\",\"item\":\"https:\/\/gblexprimer.com\/\"},{\"@type\":\"ListItem\",\"position\":2,\"name\":\"Shop\",\"item\":\"https:\/\/gblexprimer.com\/shop\/\"},{\"@type\":\"ListItem\",\"position\":3,\"name\":\"MDMA (Ekstaza)\"}]},{\"@type\":\"WebSite\",\"@id\":\"https:\/\/gblexprimer.com\/#website\",\"url\":\"https:\/\/gblexprimer.com\/\",\"name\":\"GBL Exprimer\",\"description\":\"\",\"publisher\":{\"@id\":\"https:\/\/gblexprimer.com\/#organization\"},\"potentialAction\":[{\"@type\":\"SearchAction\",\"target\":{\"@type\":\"EntryPoint\",\"urlTemplate\":\"https:\/\/gblexprimer.com\/?s={search_term_string}\"},\"query-input\":{\"@type\":\"PropertyValueSpecification\",\"valueRequired\":true,\"valueName\":\"search_term_string\"}}],\"inLanguage\":\"cs\"},{\"@type\":\"Organization\",\"@id\":\"https:\/\/gblexprimer.com\/#organization\",\"name\":\"GBL Exprimer\",\"url\":\"https:\/\/gblexprimer.com\/\",\"logo\":{\"@type\":\"ImageObject\",\"inLanguage\":\"cs\",\"@id\":\"https:\/\/gblexprimer.com\/#\/schema\/logo\/image\/\",\"url\":\"https:\/\/gblexprimer.com\/wp-content\/uploads\/2024\/01\/logo.png\",\"contentUrl\":\"https:\/\/gblexprimer.com\/wp-content\/uploads\/2024\/01\/logo.png\",\"width\":220,\"height\":80,\"caption\":\"GBL Exprimer\"},\"image\":{\"@id\":\"https:\/\/gblexprimer.com\/#\/schema\/logo\/image\/\"}}]}<\/script>\n<!-- \/ Yoast SEO plugin. -->","yoast_head_json":{"title":"Koupit MDMA | Spolehliv\u00fd dodavatel na GBlexprimer","description":"Koupit MDMA online na GBlexprimer. Vysoce kvalitn\u00ed MDMA: pilulky, kapsle, krystaly. Rychl\u00e9 dod\u00e1n\u00ed, bezpe\u010dn\u00e1 platba, objednejte nyn\u00ed!","robots":{"index":"index","follow":"follow","max-snippet":"max-snippet:-1","max-image-preview":"max-image-preview:large","max-video-preview":"max-video-preview:-1"},"canonical":"https:\/\/gblexprimer.com\/cs\/produkt\/mdma-extaza\/","og_locale":"cs_CZ","og_type":"article","og_title":"Achetez de la MDMA | Fournisseur Fiable sur GBlexprimer","og_description":"Achetez de la MDMA en ligne sur GBlexprimer. MDMA de qualit\u00e9 sup\u00e9rieure : pilules, capsules, cristaux. Livraison rapide, paiement s\u00e9curis\u00e9, commandez maintenant !","og_url":"https:\/\/gblexprimer.com\/cs\/produkt\/mdma-extaza\/","og_site_name":"GBL Exprimer","article_modified_time":"2026-04-11T08:00:17+00:00","og_image":[{"width":615,"height":409,"url":"https:\/\/gblexprimer.com\/wp-content\/uploads\/2024\/11\/Mephedrone-MDMA-drug-rehabilitation-centre-South-Africa.jpg","type":"image\/jpeg"}],"twitter_card":"summary_large_image","twitter_misc":{"Odhadovan\u00e1 doba \u010dten\u00ed":"4 minuty"},"schema":{"@context":"https:\/\/schema.org","@graph":[{"@type":"WebPage","@id":"https:\/\/gblexprimer.com\/product\/mdma-ekstaza\/","url":"https:\/\/gblexprimer.com\/product\/mdma-ekstaza\/","name":"Koupit MDMA | Spolehliv\u00fd dodavatel na GBlexprimer","isPartOf":{"@id":"https:\/\/gblexprimer.com\/#website"},"primaryImageOfPage":{"@id":"https:\/\/gblexprimer.com\/product\/mdma-ekstaza\/#primaryimage"},"image":{"@id":"https:\/\/gblexprimer.com\/product\/mdma-ekstaza\/#primaryimage"},"thumbnailUrl":"https:\/\/gblexprimer.com\/wp-content\/uploads\/2024\/11\/Mephedrone-MDMA-drug-rehabilitation-centre-South-Africa.jpg","datePublished":"2024-11-26T06:13:53+00:00","dateModified":"2026-04-11T08:00:17+00:00","description":"Koupit MDMA online na GBlexprimer. Vysoce kvalitn\u00ed MDMA: pilulky, kapsle, krystaly. Rychl\u00e9 dod\u00e1n\u00ed, bezpe\u010dn\u00e1 platba, objednejte nyn\u00ed!","breadcrumb":{"@id":"https:\/\/gblexprimer.com\/product\/mdma-ekstaza\/#breadcrumb"},"inLanguage":"cs","potentialAction":[{"@type":"ReadAction","target":["https:\/\/gblexprimer.com\/product\/mdma-ekstaza\/"]}]},{"@type":"ImageObject","inLanguage":"cs","@id":"https:\/\/gblexprimer.com\/product\/mdma-ekstaza\/#primaryimage","url":"https:\/\/gblexprimer.com\/wp-content\/uploads\/2024\/11\/Mephedrone-MDMA-drug-rehabilitation-centre-South-Africa.jpg","contentUrl":"https:\/\/gblexprimer.com\/wp-content\/uploads\/2024\/11\/Mephedrone-MDMA-drug-rehabilitation-centre-South-Africa.jpg","width":615,"height":409},{"@type":"BreadcrumbList","@id":"https:\/\/gblexprimer.com\/product\/mdma-ekstaza\/#breadcrumb","itemListElement":[{"@type":"ListItem","position":1,"name":"Home","item":"https:\/\/gblexprimer.com\/"},{"@type":"ListItem","position":2,"name":"Shop","item":"https:\/\/gblexprimer.com\/shop\/"},{"@type":"ListItem","position":3,"name":"MDMA (Ekstaza)"}]},{"@type":"WebSite","@id":"https:\/\/gblexprimer.com\/#website","url":"https:\/\/gblexprimer.com\/","name":"GBL Express","description":"","publisher":{"@id":"https:\/\/gblexprimer.com\/#organization"},"potentialAction":[{"@type":"SearchAction","target":{"@type":"EntryPoint","urlTemplate":"https:\/\/gblexprimer.com\/?s={search_term_string}"},"query-input":{"@type":"PropertyValueSpecification","valueRequired":true,"valueName":"search_term_string"}}],"inLanguage":"cs"},{"@type":"Organization","@id":"https:\/\/gblexprimer.com\/#organization","name":"GBL Express","url":"https:\/\/gblexprimer.com\/","logo":{"@type":"ImageObject","inLanguage":"cs","@id":"https:\/\/gblexprimer.com\/#\/schema\/logo\/image\/","url":"https:\/\/gblexprimer.com\/wp-content\/uploads\/2024\/01\/logo.png","contentUrl":"https:\/\/gblexprimer.com\/wp-content\/uploads\/2024\/01\/logo.png","width":220,"height":80,"caption":"GBL Exprimer"},"image":{"@id":"https:\/\/gblexprimer.com\/#\/schema\/logo\/image\/"}}]}},"_links":{"self":[{"href":"https:\/\/gblexprimer.com\/cs\/wp-json\/wp\/v2\/product\/5049","targetHints":{"allow":["GET"]}}],"collection":[{"href":"https:\/\/gblexprimer.com\/cs\/wp-json\/wp\/v2\/product"}],"about":[{"href":"https:\/\/gblexprimer.com\/cs\/wp-json\/wp\/v2\/types\/product"}],"replies":[{"embeddable":true,"href":"https:\/\/gblexprimer.com\/cs\/wp-json\/wp\/v2\/comments?post=5049"}],"wp:featuredmedia":[{"embeddable":true,"href":"https:\/\/gblexprimer.com\/cs\/wp-json\/wp\/v2\/media\/5133"}],"wp:attachment":[{"href":"https:\/\/gblexprimer.com\/cs\/wp-json\/wp\/v2\/media?parent=5049"}],"wp:term":[{"taxonomy":"product_brand","embeddable":true,"href":"https:\/\/gblexprimer.com\/cs\/wp-json\/wp\/v2\/product_brand?post=5049"},{"taxonomy":"product_cat","embeddable":true,"href":"https:\/\/gblexprimer.com\/cs\/wp-json\/wp\/v2\/product_cat?post=5049"},{"taxonomy":"product_tag","embeddable":true,"href":"https:\/\/gblexprimer.com\/cs\/wp-json\/wp\/v2\/product_tag?post=5049"}],"curies":[{"name":"wp","href":"https:\/\/api.w.org\/{rel}","templated":true}]}}