{"id":5051,"date":"2024-11-26T06:14:03","date_gmt":"2024-11-26T06:14:03","guid":{"rendered":"https:\/\/gblexprimer.com\/?post_type=product&#038;p=5051"},"modified":"2026-04-11T08:01:24","modified_gmt":"2026-04-11T08:01:24","slug":"medicaments-sedatifs","status":"publish","type":"product","link":"https:\/\/gblexprimer.com\/cs\/produkt\/medicaments-sedatifs\/","title":{"rendered":"Sedativa"},"content":{"rendered":"<h2><strong><span style=\"vertical-align: inherit;\"><span style=\"vertical-align: inherit;\">Kupte si sedativn\u00ed l\u00e9ky online na GBlexprime<\/span><\/span><\/strong><\/h2>\n<p><a href=\"https:\/\/gblexprimer.com\/cs\/produkt\/medicaments-sedatifs\/\"><strong><span style=\"vertical-align: inherit;\"><span style=\"vertical-align: inherit;\">Sedative medications<\/span><\/span><\/strong><\/a><span style=\"vertical-align: inherit;\"><span style=\"vertical-align: inherit;\"> , tak\u00e9 zn\u00e1m\u00e9 jako trankviliz\u00e9ry nebo uklid\u0148uj\u00edc\u00ed l\u00e1tky, jsou farmaceutick\u00e9 l\u00e1tky pou\u017e\u00edvan\u00e9 ke sn\u00ed\u017een\u00ed stresu, \u00fazkosti a podpo\u0159e klidn\u00e9ho sp\u00e1nku. Tyto l\u00e9ky funguj\u00ed modulac\u00ed centr\u00e1ln\u00edho nervov\u00e9ho syst\u00e9mu a poskytuj\u00ed \u00fa\u010dinn\u00e9 \u0159e\u0161en\u00ed pro lidi trp\u00edc\u00ed emo\u010dn\u00edmi nebo sp\u00e1nkov\u00fdmi poruchami.<\/span><\/span><a href=\"https:\/\/gblexprimer.com\/cs\/\"><strong><span style=\"vertical-align: inherit;\"><span style=\"vertical-align: inherit;\"> GBlexprime<\/span><\/span><\/strong><\/a><span style=\"vertical-align: inherit;\"><span style=\"vertical-align: inherit;\"> , we offer<\/span><\/span><strong><span style=\"vertical-align: inherit;\"><span style=\"vertical-align: inherit;\"> \u0159ada vysoce kvalitn\u00edch sedativn\u00edch l\u00e9k\u016f<\/span><\/span><\/strong><span style=\"vertical-align: inherit;\"><span style=\"vertical-align: inherit;\"> , including popular products such as<\/span><\/span><strong><span style=\"vertical-align: inherit;\"><span style=\"vertical-align: inherit;\"> diazepam, lorazepam, alprazolam, clonazepam, and zolpidem<\/span><\/span><\/strong><span style=\"vertical-align: inherit;\"><span style=\"vertical-align: inherit;\"> Na\u0161e slu\u017eby zahrnuj\u00ed bezpe\u010dn\u00e9 transakce, diskr\u00e9tn\u00ed balen\u00ed a rychl\u00e9 doru\u010den\u00ed, abychom splnili va\u0161e pot\u0159eby s naprost\u00fdm klidem. Kupte si sedativn\u00ed l\u00e9ky<\/span><\/span><a href=\"https:\/\/gblexprimer.com\/cs\/ritalin\/\"><span style=\"vertical-align: inherit;\"><span style=\"vertical-align: inherit;\"> .<\/span><\/span><\/a><\/p>\n<h3><strong><span style=\"vertical-align: inherit;\"><span style=\"vertical-align: inherit;\">Kategorie dostupn\u00fdch sedativ<\/span><\/span><\/strong><\/h3>\n<h4><strong><span style=\"vertical-align: inherit;\"><span style=\"vertical-align: inherit;\">Benzodiazepines<\/span><\/span><\/strong><\/h4>\n<p><span style=\"vertical-align: inherit;\"><span style=\"vertical-align: inherit;\">Benzodiazepiny pat\u0159\u00ed mezi nej\u010dast\u011bji p\u0159edepisovan\u00e1 sedativa k l\u00e9\u010db\u011b \u00fazkosti, poruch sp\u00e1nku a panick\u00fdch z\u00e1chvat\u016f. Zde je n\u011bkolik p\u0159\u00edklad\u016f. <\/span><\/span><a href=\"https:\/\/gblexpress.com\/ghb\/\"><span style=\"vertical-align: inherit;\"><span style=\"vertical-align: inherit;\">:<\/span><\/span><\/a><\/p>\n<ul>\n<li><strong><span style=\"vertical-align: inherit;\"><span style=\"vertical-align: inherit;\">Diazepam (Valium)<\/span><\/span><\/strong><span style=\"vertical-align: inherit;\"><span style=\"vertical-align: inherit;\"> Pou\u017e\u00edv\u00e1 se ke zm\u00edrn\u011bn\u00ed \u00fazkosti a svalov\u00fdch k\u0159e\u010d\u00ed.<\/span><\/span><\/li>\n<li><strong><span style=\"vertical-align: inherit;\"><span style=\"vertical-align: inherit;\">Lorazepam (Ativan)<\/span><\/span><\/strong><span style=\"vertical-align: inherit;\"><span style=\"vertical-align: inherit;\"> \u00da\u010dinn\u00fd proti akutn\u00ed \u00fazkosti a poruch\u00e1m sp\u00e1nku.<\/span><\/span><\/li>\n<li><strong><span style=\"vertical-align: inherit;\"><span style=\"vertical-align: inherit;\">Alprazolam (Xanax)<\/span><\/span><\/strong><span style=\"vertical-align: inherit;\"><span style=\"vertical-align: inherit;\"> : Prescribed for anxiety disorders and panic attacks.<\/span><\/span><\/li>\n<li><strong><span style=\"vertical-align: inherit;\"><span style=\"vertical-align: inherit;\">Klonazepam (Klonopin)<\/span><\/span><\/strong><span style=\"vertical-align: inherit;\"><span style=\"vertical-align: inherit;\"> Pou\u017e\u00edv\u00e1 se k l\u00e9\u010db\u011b \u00fazkosti, panick\u00fdch poruch a epilepsie.<\/span><\/span><\/li>\n<\/ul>\n<h4><strong><span style=\"vertical-align: inherit;\"><span style=\"vertical-align: inherit;\">Non-benzodiazepines (Z-drugs)<\/span><\/span><\/strong><\/h4>\n<p><span style=\"vertical-align: inherit;\"><span style=\"vertical-align: inherit;\">Mezi tyto l\u00e9ky, \u010dasto pou\u017e\u00edvan\u00e9 k l\u00e9\u010db\u011b nespavosti, pat\u0159\u00ed:<\/span><\/span><\/p>\n<ul>\n<li><strong><span style=\"vertical-align: inherit;\"><span style=\"vertical-align: inherit;\">Zolpidem (Stilnox)<\/span><\/span><\/strong><span style=\"vertical-align: inherit;\"><span style=\"vertical-align: inherit;\"> : Fast falling asleep aid for restful sleep.<\/span><\/span><\/li>\n<li><strong><span style=\"vertical-align: inherit;\"><span style=\"vertical-align: inherit;\">Eszopiclone<\/span><\/span><\/strong><span style=\"vertical-align: inherit;\"><span style=\"vertical-align: inherit;\"> : \u200b\u200bPromotes longer sleep with fewer side effects.<\/span><\/span><\/li>\n<\/ul>\n<h4><strong><span style=\"vertical-align: inherit;\"><span style=\"vertical-align: inherit;\">Barbiturates<\/span><\/span><\/strong><\/h4>\n<p><span style=\"vertical-align: inherit;\"><span style=\"vertical-align: inherit;\">A\u010dkoli se dnes pou\u017e\u00edvaj\u00ed m\u00e9n\u011b \u010dasto, barbitur\u00e1ty, jako nap\u0159. <\/span><\/span><a href=\"https:\/\/gblexprimer.com\/cs\/produkt\/lsd-kwas\/\"><strong><span style=\"vertical-align: inherit;\"><span style=\"vertical-align: inherit;\">phenobarbital<\/span><\/span><\/strong><\/a><span style=\"vertical-align: inherit;\"><span style=\"vertical-align: inherit;\"> n\u011bkdy se p\u0159edepisuj\u00ed k l\u00e9\u010db\u011b poruch sp\u00e1nku a jako antiepileptika.<\/span><\/span><\/p>\n<h4><strong><span style=\"vertical-align: inherit;\"><span style=\"vertical-align: inherit;\">Antihistamines<\/span><\/span><\/strong><\/h4>\n<p><span style=\"vertical-align: inherit;\"><span style=\"vertical-align: inherit;\">Some antihistamines such as <\/span><\/span><strong><span style=\"vertical-align: inherit;\"><span style=\"vertical-align: inherit;\">promethazine<\/span><\/span><\/strong><span style=\"vertical-align: inherit;\"><span style=\"vertical-align: inherit;\"> and hydroxyzine <\/span><\/span><strong><span style=\"vertical-align: inherit;\"><span style=\"vertical-align: inherit;\">are<\/span><\/span><\/strong><span style=\"vertical-align: inherit;\"><span style=\"vertical-align: inherit;\"> also used as sedatives for their calming effect on the central nervous system.<\/span><\/span><\/p>\n<h4><strong><span style=\"vertical-align: inherit;\"><span style=\"vertical-align: inherit;\">Dal\u0161\u00ed b\u011b\u017en\u00e1 sedativa<\/span><\/span><\/strong><\/h4>\n<ul>\n<li><strong><span style=\"vertical-align: inherit;\"><span style=\"vertical-align: inherit;\">Melatonin<\/span><\/span><\/strong><span style=\"vertical-align: inherit;\"><span style=\"vertical-align: inherit;\"> : Natural supplement to improve sleep.<\/span><\/span><\/li>\n<li><strong><span style=\"vertical-align: inherit;\"><span style=\"vertical-align: inherit;\">Trazodon<\/span><\/span><\/strong><span style=\"vertical-align: inherit;\"><span style=\"vertical-align: inherit;\"> : An antidepressant often prescribed for insomnia.<\/span><\/span><\/li>\n<\/ul>\n<h3><strong><span style=\"vertical-align: inherit;\"><span style=\"vertical-align: inherit;\">Applications and Uses of Sedative Drugs<\/span><\/span><\/strong><\/h3>\n<h4><strong><span style=\"vertical-align: inherit;\"><span style=\"vertical-align: inherit;\">Anxiety and Stress Management<\/span><\/span><\/strong><\/h4>\n<p><span style=\"vertical-align: inherit;\"><span style=\"vertical-align: inherit;\">These medications provide fast relief for people suffering from chronic anxiety or excessive stress, allowing for a better quality of life.<\/span><\/span><\/p>\n<h4><strong><span style=\"vertical-align: inherit;\"><span style=\"vertical-align: inherit;\">Sleep Aid<\/span><\/span><\/strong><\/h4>\n<p><span style=\"vertical-align: inherit;\"><span style=\"vertical-align: inherit;\">Sleep disorders, including insomnia, can be effectively managed with these medications, which promote rapid onset of sleep and restful sleep.<\/span><\/span><\/p>\n<h4><strong><span style=\"vertical-align: inherit;\"><span style=\"vertical-align: inherit;\">Therapeutic Support<\/span><\/span><\/strong><\/h4>\n<p><span style=\"vertical-align: inherit;\"><span style=\"vertical-align: inherit;\">In combination with behavioral therapies, these medications can help patients better manage intense emotions or psychological crises.<\/span><\/span><\/p>\n<h3><strong><span style=\"vertical-align: inherit;\"><span style=\"vertical-align: inherit;\">Why Buy Sedative Medications from GBlexprime?<\/span><\/span><\/strong><\/h3>\n<h4><strong><span style=\"vertical-align: inherit;\"><span style=\"vertical-align: inherit;\">Wide Range of Products<\/span><\/span><\/strong><\/h4>\n<p><span style=\"vertical-align: inherit;\"><span style=\"vertical-align: inherit;\">We offer a diverse selection of sedative medications tailored to your specific needs.<\/span><\/span><\/p>\n<h4><strong><span style=\"vertical-align: inherit;\"><span style=\"vertical-align: inherit;\">Superior Quality and Reliability<\/span><\/span><\/strong><\/h4>\n<p><span style=\"vertical-align: inherit;\"><span style=\"vertical-align: inherit;\">All our products are rigorously tested to ensure their effectiveness and safety.<\/span><\/span><\/p>\n<h4><strong><span style=\"vertical-align: inherit;\"><span style=\"vertical-align: inherit;\">Secure Transactions and Discreet Packaging<\/span><\/span><\/strong><\/h4>\n<p><span style=\"vertical-align: inherit;\"><span style=\"vertical-align: inherit;\">Your personal information and orders are treated with complete confidentiality.<\/span><\/span><\/p>\n<h4><strong><span style=\"vertical-align: inherit;\"><span style=\"vertical-align: inherit;\">Fast Delivery<\/span><\/span><\/strong><\/h4>\n<p><span style=\"vertical-align: inherit;\"><span style=\"vertical-align: inherit;\">Our reliable delivery services ensure your medications arrive quickly and safely.<\/span><\/span><\/p>\n<h3><strong><span style=\"vertical-align: inherit;\"><span style=\"vertical-align: inherit;\">Buy Sedative Medications Online Today<\/span><\/span><\/strong><\/h3>\n<p>Hled\u00e1te <a href=\"https:\/\/en.wikipedia.org\/wiki\/Sedative\">m\u00e9dicaments s\u00e9datifs<\/a> s\u00fbrs et efficaces ? Chez GBlexprime, nous proposons des produits de qualit\u00e9 sup\u00e9rieure pour g\u00e9rer l&rsquo;anxi\u00e9t\u00e9, le stress et les troubles du sommeil. D\u00e9couvrez notre gamme, incluant le diaz\u00e9pam, l&rsquo;alprazolam, le zolpidem et bien plus encore. Achetez en ligne d\u00e8s maintenant et profitez de la qualit\u00e9 et du professionnalisme de GBlexprime.<\/p>","protected":false},"excerpt":{"rendered":"<p><strong>Trankviliz\u00e9ry<\/strong>Sedativa, zn\u00e1m\u00e1 tak\u00e9 jako anxiolytika, jsou l\u00e9ky ur\u010den\u00e9 ke sn\u00ed\u017een\u00ed \u00fazkosti, stresu a rozru\u0161en\u00ed. P\u016fsob\u00ed na centr\u00e1ln\u00ed nervov\u00fd syst\u00e9m a podporuj\u00ed relaxaci. B\u011b\u017en\u00e9 p\u0159\u00edpravky:<\/p>\n<ul>\n<li><strong>Diazepam :<\/strong> P\u0159i \u00fazkosti, z\u00e1chvatech a svalov\u00fdch k\u0159e\u010d\u00edch.<\/li>\n<li><strong>Lorazepam :<\/strong> Kr\u00e1tkodob\u00e1 \u00faleva od \u00fazkosti a poruch sp\u00e1nku.<\/li>\n<li><strong>Chlorpromazin :<\/strong> L\u00e9\u010d\u00ed z\u00e1va\u017en\u00e9 du\u0161evn\u00ed poruchy, jako je schizofrenie.<\/li>\n<\/ul>\n<p><strong>Kl\u00ed\u010dov\u00e9 v\u00fdhody<\/strong><\/p>\n<ul>\n<li>Sn\u00ed\u017een\u00ed stresu a \u00fazkosti.<\/li>\n<li>Zlep\u0161en\u00ed sp\u00e1nku.<\/li>\n<li>Stabilizace n\u00e1lady.<\/li>\n<li>Svalov\u00e1 relaxace a kontrola z\u00e1chvat\u016f.<\/li>\n<\/ul>","protected":false},"featured_media":5056,"comment_status":"open","ping_status":"closed","template":"","meta":{"site-sidebar-layout":"default","site-content-layout":"","ast-site-content-layout":"default","site-content-style":"default","site-sidebar-style":"default","ast-global-header-display":"","ast-banner-title-visibility":"","ast-main-header-display":"","ast-hfb-above-header-display":"","ast-hfb-below-header-display":"","ast-hfb-mobile-header-display":"","site-post-title":"","ast-breadcrumbs-content":"","ast-featured-img":"","footer-sml-layout":"","theme-transparent-header-meta":"default","adv-header-id-meta":"","stick-header-meta":"","header-above-stick-meta":"","header-main-stick-meta":"","header-below-stick-meta":"","astra-migrate-meta-layouts":"set","ast-page-background-enabled":"default","ast-page-background-meta":{"desktop":{"background-color":"","background-image":"","background-repeat":"repeat","background-position":"center center","background-size":"auto","background-attachment":"scroll","background-type":"","background-media":"","overlay-type":"","overlay-color":"","overlay-opacity":"","overlay-gradient":""},"tablet":{"background-color":"","background-image":"","background-repeat":"repeat","background-position":"center center","background-size":"auto","background-attachment":"scroll","background-type":"","background-media":"","overlay-type":"","overlay-color":"","overlay-opacity":"","overlay-gradient":""},"mobile":{"background-color":"","background-image":"","background-repeat":"repeat","background-position":"center center","background-size":"auto","background-attachment":"scroll","background-type":"","background-media":"","overlay-type":"","overlay-color":"","overlay-opacity":"","overlay-gradient":""}},"ast-content-background-meta":{"desktop":{"background-color":"var(--ast-global-color-5)","background-image":"","background-repeat":"repeat","background-position":"center center","background-size":"auto","background-attachment":"scroll","background-type":"","background-media":"","overlay-type":"","overlay-color":"","overlay-opacity":"","overlay-gradient":""},"tablet":{"background-color":"var(--ast-global-color-5)","background-image":"","background-repeat":"repeat","background-position":"center center","background-size":"auto","background-attachment":"scroll","background-type":"","background-media":"","overlay-type":"","overlay-color":"","overlay-opacity":"","overlay-gradient":""},"mobile":{"background-color":"var(--ast-global-color-5)","background-image":"","background-repeat":"repeat","background-position":"center center","background-size":"auto","background-attachment":"scroll","background-type":"","background-media":"","overlay-type":"","overlay-color":"","overlay-opacity":"","overlay-gradient":""}},"_joinchat":[]},"product_brand":[],"product_cat":[141],"product_tag":[224,201,204,215,211,221,207,217,203,210,216,214,206,208,220,232,219,229,223,227,230,212,234,202,225,233,231,218,226,209,213,228,222,205],"class_list":{"0":"post-5051","1":"product","2":"type-product","3":"status-publish","4":"has-post-thumbnail","6":"product_cat-sex-meth","7":"product_tag-achats-securises-de-medicaments-sedatifs","8":"product_tag-achetez-medicaments-sedatifs","9":"product_tag-alprazolam-a-vendre","10":"product_tag-barbituriques-pour-troubles-emotionnels","11":"product_tag-commandez-diazepam","12":"product_tag-commandez-medicaments-sedatifs-en-ligne","13":"product_tag-commandez-sedatifs-en-ligne","14":"product_tag-complements-pour-insomnie","15":"product_tag-diazepam-a-vendre","16":"product_tag-fournisseurs-de-medicaments-sedatifs","17":"product_tag-hydroxyzine-pour-anxiete","18":"product_tag-livraison-securisee-de-medicaments-sedatifs","19":"product_tag-lorazepam-pour-anxiete","20":"product_tag-medicaments-anti-stress","21":"product_tag-medicaments-calmants-de-haute-qualite","22":"product_tag-medicaments-pour-aide-au-sommeil","23":"product_tag-medicaments-pour-apaisement-mental","24":"product_tag-medicaments-pour-crises-de-panique","25":"product_tag-medicaments-pour-insomnie","26":"product_tag-medicaments-pour-reduction-du-stress","27":"product_tag-medicaments-pour-soutien-therapeutique","28":"product_tag-medicaments-pour-troubles-du-sommeil","29":"product_tag-medicaments-relaxants-authentiques-en-ligne","30":"product_tag-medicaments-sedatifs-a-vendre","31":"product_tag-medicaments-sedatifs-abordables-en-ligne","32":"product_tag-medicaments-sedatifs-pour-therapie-psychologique","33":"product_tag-ou-acheter-des-medicaments-sedatifs","34":"product_tag-ou-acheter-des-sedatifs","35":"product_tag-produits-premium-medicaments-sedatifs","36":"product_tag-sedatifs-abordables-en-ligne","37":"product_tag-sedatifs-anti-anxiete","38":"product_tag-sedatifs-pour-anxiete","39":"product_tag-sedatifs-pour-recherche","40":"product_tag-zolpidem-pour-insomnie","41":"desktop-align-left","42":"tablet-align-left","43":"mobile-align-left","45":"first","46":"instock","47":"shipping-taxable","48":"purchasable","49":"product-type-variable"},"yoast_head":"<!-- This site is optimized with the Yoast SEO plugin v26.9 - https:\/\/yoast.com\/product\/yoast-seo-wordpress\/ -->\n<title>Achetez des M\u00e9dicaments S\u00e9datifs en Ligne | GBlexprimer<\/title>\n<meta name=\"description\" content=\"Achetez des m\u00e9dicaments s\u00e9datifs en ligne sur GBlexprimer. Produits de qualit\u00e9 pour traiter l\u2019anxi\u00e9t\u00e9, le stress et les troubles du sommeil. Commandez d\u00e8s maintenant !\" \/>\n<meta name=\"robots\" content=\"index, follow, max-snippet:-1, max-image-preview:large, max-video-preview:-1\" \/>\n<link rel=\"canonical\" href=\"https:\/\/gblexprimer.com\/cs\/produkt\/medicaments-sedatifs\/\" \/>\n<meta property=\"og:locale\" content=\"cs_CZ\" \/>\n<meta property=\"og:type\" content=\"article\" \/>\n<meta property=\"og:title\" content=\"Achetez des M\u00e9dicaments S\u00e9datifs en Ligne | GBlexprimer\" \/>\n<meta property=\"og:description\" content=\"Achetez des m\u00e9dicaments s\u00e9datifs en ligne sur GBlexprimer. Produits de qualit\u00e9 pour traiter l\u2019anxi\u00e9t\u00e9, le stress et les troubles du sommeil. Commandez d\u00e8s maintenant !\" \/>\n<meta property=\"og:url\" content=\"https:\/\/gblexprimer.com\/cs\/produkt\/medicaments-sedatifs\/\" \/>\n<meta property=\"og:site_name\" content=\"GBL Exprimer\" \/>\n<meta property=\"article:modified_time\" content=\"2026-04-11T08:01:24+00:00\" \/>\n<meta property=\"og:image\" content=\"https:\/\/gblexprimer.com\/wp-content\/uploads\/2024\/11\/leki-uspokajajace.gif\" \/>\n\t<meta property=\"og:image:width\" content=\"600\" \/>\n\t<meta property=\"og:image:height\" content=\"600\" \/>\n\t<meta property=\"og:image:type\" content=\"image\/gif\" \/>\n<meta name=\"twitter:card\" content=\"summary_large_image\" \/>\n<meta name=\"twitter:label1\" content=\"Odhadovan\u00e1 doba \u010dten\u00ed\" \/>\n\t<meta name=\"twitter:data1\" content=\"3 minuty\" \/>\n<script type=\"application\/ld+json\" class=\"yoast-schema-graph\">{\"@context\":\"https:\/\/schema.org\",\"@graph\":[{\"@type\":\"WebPage\",\"@id\":\"https:\/\/gblexprimer.com\/product\/medicaments-sedatifs\/\",\"url\":\"https:\/\/gblexprimer.com\/product\/medicaments-sedatifs\/\",\"name\":\"Achetez des M\u00e9dicaments S\u00e9datifs en Ligne | GBlexprimer\",\"isPartOf\":{\"@id\":\"https:\/\/gblexprimer.com\/#website\"},\"primaryImageOfPage\":{\"@id\":\"https:\/\/gblexprimer.com\/product\/medicaments-sedatifs\/#primaryimage\"},\"image\":{\"@id\":\"https:\/\/gblexprimer.com\/product\/medicaments-sedatifs\/#primaryimage\"},\"thumbnailUrl\":\"https:\/\/gblexprimer.com\/wp-content\/uploads\/2024\/11\/leki-uspokajajace.gif\",\"datePublished\":\"2024-11-26T06:14:03+00:00\",\"dateModified\":\"2026-04-11T08:01:24+00:00\",\"description\":\"Achetez des m\u00e9dicaments s\u00e9datifs en ligne sur GBlexprimer. Produits de qualit\u00e9 pour traiter l\u2019anxi\u00e9t\u00e9, le stress et les troubles du sommeil. Commandez d\u00e8s maintenant !\",\"breadcrumb\":{\"@id\":\"https:\/\/gblexprimer.com\/product\/medicaments-sedatifs\/#breadcrumb\"},\"inLanguage\":\"cs\",\"potentialAction\":[{\"@type\":\"ReadAction\",\"target\":[\"https:\/\/gblexprimer.com\/product\/medicaments-sedatifs\/\"]}]},{\"@type\":\"ImageObject\",\"inLanguage\":\"cs\",\"@id\":\"https:\/\/gblexprimer.com\/product\/medicaments-sedatifs\/#primaryimage\",\"url\":\"https:\/\/gblexprimer.com\/wp-content\/uploads\/2024\/11\/leki-uspokajajace.gif\",\"contentUrl\":\"https:\/\/gblexprimer.com\/wp-content\/uploads\/2024\/11\/leki-uspokajajace.gif\",\"width\":600,\"height\":600,\"caption\":\"Achetez M\u00e9dicaments S\u00e9datifs\"},{\"@type\":\"BreadcrumbList\",\"@id\":\"https:\/\/gblexprimer.com\/product\/medicaments-sedatifs\/#breadcrumb\",\"itemListElement\":[{\"@type\":\"ListItem\",\"position\":1,\"name\":\"Home\",\"item\":\"https:\/\/gblexprimer.com\/\"},{\"@type\":\"ListItem\",\"position\":2,\"name\":\"Shop\",\"item\":\"https:\/\/gblexprimer.com\/shop\/\"},{\"@type\":\"ListItem\",\"position\":3,\"name\":\"M\u00e9dicaments S\u00e9datifs\"}]},{\"@type\":\"WebSite\",\"@id\":\"https:\/\/gblexprimer.com\/#website\",\"url\":\"https:\/\/gblexprimer.com\/\",\"name\":\"GBL Exprimer\",\"description\":\"\",\"publisher\":{\"@id\":\"https:\/\/gblexprimer.com\/#organization\"},\"potentialAction\":[{\"@type\":\"SearchAction\",\"target\":{\"@type\":\"EntryPoint\",\"urlTemplate\":\"https:\/\/gblexprimer.com\/?s={search_term_string}\"},\"query-input\":{\"@type\":\"PropertyValueSpecification\",\"valueRequired\":true,\"valueName\":\"search_term_string\"}}],\"inLanguage\":\"cs\"},{\"@type\":\"Organization\",\"@id\":\"https:\/\/gblexprimer.com\/#organization\",\"name\":\"GBL Exprimer\",\"url\":\"https:\/\/gblexprimer.com\/\",\"logo\":{\"@type\":\"ImageObject\",\"inLanguage\":\"cs\",\"@id\":\"https:\/\/gblexprimer.com\/#\/schema\/logo\/image\/\",\"url\":\"https:\/\/gblexprimer.com\/wp-content\/uploads\/2024\/01\/logo.png\",\"contentUrl\":\"https:\/\/gblexprimer.com\/wp-content\/uploads\/2024\/01\/logo.png\",\"width\":220,\"height\":80,\"caption\":\"GBL Exprimer\"},\"image\":{\"@id\":\"https:\/\/gblexprimer.com\/#\/schema\/logo\/image\/\"}}]}<\/script>\n<!-- \/ Yoast SEO plugin. -->","yoast_head_json":{"title":"Koupit sedativa online | GBlexprimer","description":"Kupte si sedativa online na GBlexprimer. Kvalitn\u00ed produkty k l\u00e9\u010db\u011b \u00fazkosti, stresu a poruch sp\u00e1nku. Objedn\u00e1vejte nyn\u00ed!","robots":{"index":"index","follow":"follow","max-snippet":"max-snippet:-1","max-image-preview":"max-image-preview:large","max-video-preview":"max-video-preview:-1"},"canonical":"https:\/\/gblexprimer.com\/cs\/produkt\/medicaments-sedatifs\/","og_locale":"cs_CZ","og_type":"article","og_title":"Achetez des M\u00e9dicaments S\u00e9datifs en Ligne | GBlexprimer","og_description":"Achetez des m\u00e9dicaments s\u00e9datifs en ligne sur GBlexprimer. Produits de qualit\u00e9 pour traiter l\u2019anxi\u00e9t\u00e9, le stress et les troubles du sommeil. Commandez d\u00e8s maintenant !","og_url":"https:\/\/gblexprimer.com\/cs\/produkt\/medicaments-sedatifs\/","og_site_name":"GBL Exprimer","article_modified_time":"2026-04-11T08:01:24+00:00","og_image":[{"width":600,"height":600,"url":"https:\/\/gblexprimer.com\/wp-content\/uploads\/2024\/11\/leki-uspokajajace.gif","type":"image\/gif"}],"twitter_card":"summary_large_image","twitter_misc":{"Odhadovan\u00e1 doba \u010dten\u00ed":"3 minuty"},"schema":{"@context":"https:\/\/schema.org","@graph":[{"@type":"WebPage","@id":"https:\/\/gblexprimer.com\/product\/medicaments-sedatifs\/","url":"https:\/\/gblexprimer.com\/product\/medicaments-sedatifs\/","name":"Koupit sedativa online | GBlexprimer","isPartOf":{"@id":"https:\/\/gblexprimer.com\/#website"},"primaryImageOfPage":{"@id":"https:\/\/gblexprimer.com\/product\/medicaments-sedatifs\/#primaryimage"},"image":{"@id":"https:\/\/gblexprimer.com\/product\/medicaments-sedatifs\/#primaryimage"},"thumbnailUrl":"https:\/\/gblexprimer.com\/wp-content\/uploads\/2024\/11\/leki-uspokajajace.gif","datePublished":"2024-11-26T06:14:03+00:00","dateModified":"2026-04-11T08:01:24+00:00","description":"Kupte si sedativa online na GBlexprimer. Kvalitn\u00ed produkty k l\u00e9\u010db\u011b \u00fazkosti, stresu a poruch sp\u00e1nku. Objedn\u00e1vejte nyn\u00ed!","breadcrumb":{"@id":"https:\/\/gblexprimer.com\/product\/medicaments-sedatifs\/#breadcrumb"},"inLanguage":"cs","potentialAction":[{"@type":"ReadAction","target":["https:\/\/gblexprimer.com\/product\/medicaments-sedatifs\/"]}]},{"@type":"ImageObject","inLanguage":"cs","@id":"https:\/\/gblexprimer.com\/product\/medicaments-sedatifs\/#primaryimage","url":"https:\/\/gblexprimer.com\/wp-content\/uploads\/2024\/11\/leki-uspokajajace.gif","contentUrl":"https:\/\/gblexprimer.com\/wp-content\/uploads\/2024\/11\/leki-uspokajajace.gif","width":600,"height":600,"caption":"Achetez M\u00e9dicaments S\u00e9datifs"},{"@type":"BreadcrumbList","@id":"https:\/\/gblexprimer.com\/product\/medicaments-sedatifs\/#breadcrumb","itemListElement":[{"@type":"ListItem","position":1,"name":"Home","item":"https:\/\/gblexprimer.com\/"},{"@type":"ListItem","position":2,"name":"Shop","item":"https:\/\/gblexprimer.com\/shop\/"},{"@type":"ListItem","position":3,"name":"M\u00e9dicaments S\u00e9datifs"}]},{"@type":"WebSite","@id":"https:\/\/gblexprimer.com\/#website","url":"https:\/\/gblexprimer.com\/","name":"GBL Express","description":"","publisher":{"@id":"https:\/\/gblexprimer.com\/#organization"},"potentialAction":[{"@type":"SearchAction","target":{"@type":"EntryPoint","urlTemplate":"https:\/\/gblexprimer.com\/?s={search_term_string}"},"query-input":{"@type":"PropertyValueSpecification","valueRequired":true,"valueName":"search_term_string"}}],"inLanguage":"cs"},{"@type":"Organization","@id":"https:\/\/gblexprimer.com\/#organization","name":"GBL Express","url":"https:\/\/gblexprimer.com\/","logo":{"@type":"ImageObject","inLanguage":"cs","@id":"https:\/\/gblexprimer.com\/#\/schema\/logo\/image\/","url":"https:\/\/gblexprimer.com\/wp-content\/uploads\/2024\/01\/logo.png","contentUrl":"https:\/\/gblexprimer.com\/wp-content\/uploads\/2024\/01\/logo.png","width":220,"height":80,"caption":"GBL Exprimer"},"image":{"@id":"https:\/\/gblexprimer.com\/#\/schema\/logo\/image\/"}}]}},"_links":{"self":[{"href":"https:\/\/gblexprimer.com\/cs\/wp-json\/wp\/v2\/product\/5051","targetHints":{"allow":["GET"]}}],"collection":[{"href":"https:\/\/gblexprimer.com\/cs\/wp-json\/wp\/v2\/product"}],"about":[{"href":"https:\/\/gblexprimer.com\/cs\/wp-json\/wp\/v2\/types\/product"}],"replies":[{"embeddable":true,"href":"https:\/\/gblexprimer.com\/cs\/wp-json\/wp\/v2\/comments?post=5051"}],"wp:featuredmedia":[{"embeddable":true,"href":"https:\/\/gblexprimer.com\/cs\/wp-json\/wp\/v2\/media\/5056"}],"wp:attachment":[{"href":"https:\/\/gblexprimer.com\/cs\/wp-json\/wp\/v2\/media?parent=5051"}],"wp:term":[{"taxonomy":"product_brand","embeddable":true,"href":"https:\/\/gblexprimer.com\/cs\/wp-json\/wp\/v2\/product_brand?post=5051"},{"taxonomy":"product_cat","embeddable":true,"href":"https:\/\/gblexprimer.com\/cs\/wp-json\/wp\/v2\/product_cat?post=5051"},{"taxonomy":"product_tag","embeddable":true,"href":"https:\/\/gblexprimer.com\/cs\/wp-json\/wp\/v2\/product_tag?post=5051"}],"curies":[{"name":"wp","href":"https:\/\/api.w.org\/{rel}","templated":true}]}}