{"id":5060,"date":"2024-11-26T06:17:36","date_gmt":"2024-11-26T06:17:36","guid":{"rendered":"https:\/\/gblexprimer.com\/?post_type=product&#038;p=5060"},"modified":"2026-04-11T07:59:35","modified_gmt":"2026-04-11T07:59:35","slug":"lsd-kwas","status":"publish","type":"product","link":"https:\/\/gblexprimer.com\/cs\/produkt\/lsd-kwas\/","title":{"rendered":"LSD (Kwas)"},"content":{"rendered":"<h2><strong>Koupit LSD (kyselina lysergov\u00e1) online na GBlexprimer<\/strong><\/h2>\n<p><a href=\"https:\/\/gblexprimer.com\/cs\/produkt\/lsd-kwas\/\"><strong>LSD<\/strong><\/a> (diethylamid kyseliny lysergov\u00e9), b\u011b\u017en\u011b zn\u00e1m\u00fd jako <strong>kwas<\/strong>je psychoaktivn\u00ed l\u00e1tka, kter\u00e1 je zn\u00e1m\u00e1 sv\u00fdmi jedine\u010dn\u00fdmi \u00fa\u010dinky na vn\u00edm\u00e1n\u00ed, pozn\u00e1v\u00e1n\u00ed a v\u011bdom\u00ed. Byla objevena v roce 1938, <strong>LSD<\/strong> byl intenzivn\u011b studov\u00e1n pro sv\u00e9 interakce se serotoninov\u00fdmi receptory a pro sv\u00e9 potenci\u00e1ln\u00ed vyu\u017eit\u00ed ve v\u011bdeck\u00e9m a terapeutick\u00e9m v\u00fdzkumu. Na adrese <strong>GBlexpress<\/strong>navrhujeme <strong>vysoce kvalitn\u00ed LSD<\/strong>, \u0158ada produkt\u016f LSD je navr\u017eena tak, aby vyhovovala pot\u0159eb\u00e1m v\u00fdzkumn\u00edk\u016f a badatel\u016f, a zaru\u010duje bezpe\u010dn\u00e9 transakce, diskr\u00e9tn\u00ed balen\u00ed a rychl\u00e9 dod\u00e1n\u00ed. Koupit LSD<a href=\"https:\/\/gblexprimer.com\/cs\/ghb\/\">.<\/a><\/p>\n<h3 class=\"ds-markdown-paragraph\"><strong>Koupit LSD online - Bezpe\u010dn\u00e9, spolehliv\u00e9 a diskr\u00e9tn\u00ed<\/strong><\/h3>\n<p class=\"ds-markdown-paragraph\">Gblexprimer nab\u00edz\u00ed bezpe\u010dnou a d\u016fv\u011bryhodnou platformu pro n\u00e1kup LSD online. V\u0161echny objedn\u00e1vky jsou <a href=\"https:\/\/gblexprimer.com\/cs\/produkt\/mdma-extaza\/\"><strong>diskr\u00e9tn\u011b zabalen\u00e9<\/strong><\/a> na ochranu va\u0161eho soukrom\u00ed a odesl\u00e1ny prost\u0159ednictv\u00edm <strong>rychl\u00e9 a bezpe\u010dn\u00e9 doru\u010den\u00ed<\/strong>.<\/p>\n<p class=\"ds-markdown-paragraph\">Dovolte n\u00e1m, abychom v\u00e1s provedli <strong>bezprobl\u00e9mov\u00fd n\u00e1kupn\u00ed proces<\/strong> a pom\u016f\u017ee v\u00e1m prozkoumat transformativn\u00ed sv\u011bt <strong>roz\u0161\u00ed\u0159en\u00ed v\u011bdom\u00ed<\/strong>.<\/p>\n<h3 class=\"ds-markdown-paragraph\"><strong>Hladk\u00fd n\u00e1kup LSD online<\/strong><\/h3>\n<p class=\"ds-markdown-paragraph\"><strong>Bezpe\u010dn\u00fd a diskr\u00e9tn\u00ed n\u00e1kup LSD<\/strong> : V\u00e1\u0161 <strong>d\u016fv\u011brnost<\/strong> je na\u0161\u00ed prioritou. Pokro\u010dil\u00e1 bezpe\u010dnostn\u00ed opat\u0159en\u00ed chr\u00e1n\u00ed va\u0161e osobn\u00ed \u00fadaje a detaily transakc\u00ed a zaji\u0161\u0165uj\u00ed bezpe\u010dn\u00e9 nakupov\u00e1n\u00ed. <strong>bezpe\u010dn\u00e9 a soukrom\u00e9<\/strong> \u00e0 chaque fois que vous commandez du LSD en ligne sur gblexprimer.com.<\/p>\n<p class=\"ds-markdown-paragraph\"><strong>LSD Premium na prodej<\/strong> : Nab\u00edz\u00edme pouze LSD z <strong>vysok\u00e1 kvalita<\/strong>, poch\u00e1zej\u00ed od d\u016fv\u011bryhodn\u00fdch dodavatel\u016f. Ka\u017ed\u00e1 \u0161ar\u017ee proch\u00e1z\u00ed <strong>p\u0159\u00edsn\u00e9 testy<\/strong> \u010distoty a s\u00edly, co\u017e zaru\u010duje z\u00e1\u017eitek <strong>bezpe\u010dn\u00e9, autentick\u00e9 a efektivn\u00ed<\/strong>.<\/p>\n<p class=\"ds-markdown-paragraph\"><strong>Rady odborn\u00edk\u016f o bezpe\u010dn\u00e9m u\u017e\u00edv\u00e1n\u00ed LSD<\/strong> : N\u00e1\u0161 zku\u0161en\u00fd t\u00fdm poskytuje <strong>kompletn\u00ed informace<\/strong> o bezpe\u010dn\u00e9m pou\u017e\u00edv\u00e1n\u00ed <strong>doporu\u010den\u00e9 d\u00e1vkov\u00e1n\u00ed<\/strong> a mo\u017en\u00e9 \u00fa\u010dinky. Umo\u017en\u00edme v\u00e1m, abyste si <strong>informovan\u00e1 rozhodnut\u00ed<\/strong> pro <strong>pozitivn\u00ed psychedelick\u00fd z\u00e1\u017eitek<\/strong>.<\/p>\n<h4 class=\"ds-markdown-paragraph\"><strong>Jak koupit LSD online - Jednoduch\u00e9 kroky<\/strong><\/h4>\n<p class=\"ds-markdown-paragraph\"><strong>Prohl\u00e9dn\u011bte si na\u0161i kolekci LSD<\/strong> Objevte \u0161irok\u00fd v\u00fdb\u011br produkt\u016f na b\u00e1zi LSD, v\u010detn\u011b <strong>klasick\u00e9 skvrny<\/strong> a <strong>mikrod\u00e1vkov\u00e1n\u00ed<\/strong>, aby vyhovoval va\u0161im jedine\u010dn\u00fdm pot\u0159eb\u00e1m a preferenc\u00edm.<\/p>\n<p class=\"ds-markdown-paragraph\"><strong>Vytvo\u0159en\u00ed \u00fa\u010dtu<\/strong> Pro bezprobl\u00e9mov\u00e9 nakupov\u00e1n\u00ed se zaregistrujte na na\u0161ich str\u00e1nk\u00e1ch. Sledujte sv\u00e9 objedn\u00e1vky, z\u00edskejte p\u0159\u00edstup <strong>exkluzivn\u00ed slevy<\/strong> a sledujte na\u0161e <strong>nov\u00e9 produkty<\/strong> a propaga\u010dn\u00ed akce spojen\u00e9 s LSD.<\/p>\n<h3><strong>Pro\u010d si koupit LSD (Kwas) od GBlexprimer?<\/strong><\/h3>\n<p>Na adrese <strong>GBlexpress<\/strong>Nab\u00edz\u00edme produkty nejvy\u0161\u0161\u00ed kvality a spolehliv\u00fd z\u00e1kaznick\u00fd servis pro bezprobl\u00e9mov\u00e9 nakupov\u00e1n\u00ed.<\/p>\n<h4><strong>Vysoce kvalitn\u00ed LSD<\/strong><\/h4>\n<p>Na\u0161e <a href=\"https:\/\/en.wikipedia.org\/wiki\/LSD\"><strong>LSD<\/strong><\/a> je p\u0159\u00edsn\u011b testov\u00e1n, aby byla zaru\u010dena jeho \u010distota a bezpe\u010dnost, a spl\u0148uje nejvy\u0161\u0161\u00ed standardy pro v\u00fdzkum a osobn\u00ed zkoum\u00e1n\u00ed.<\/p>\n<h4><strong>Zabezpe\u010den\u00e9 transakce a diskr\u00e9tn\u00ed balen\u00ed<\/strong><\/h4>\n<p>Zaji\u0161\u0165ujeme bezpe\u010dn\u00e9 platby a diskr\u00e9tn\u00ed balen\u00ed, abychom chr\u00e1nili va\u0161e soukrom\u00ed na ka\u017ed\u00e9m kroku.<\/p>\n<h4><strong>Rychl\u00e9 a spolehliv\u00e9 dod\u00e1n\u00ed<\/strong><\/h4>\n<p>D\u00edky na\u0161\u00ed logistick\u00e9 s\u00edti v\u00e1m zaru\u010d\u00edme rychl\u00e9 dod\u00e1n\u00ed, abyste mohli bez prodlen\u00ed zah\u00e1jit sv\u00e9 projekty.<\/p>\n<h4><strong>Cenov\u00e1 dostupnost a p\u0159\u00edstupnost<\/strong><\/h4>\n<p>Nab\u00edz\u00edme <strong>LSD<\/strong> za konkurenceschopn\u00e9 ceny, ani\u017e by byla ohro\u017eena kvalita nebo spolehlivost.<\/p>\n<h3><strong>Koupit LSD (Kwas) online je\u0161t\u011b dnes<\/strong><\/h3>\n<p>Hled\u00e1te spolehliv\u00fd zdroj pro <strong>LSD<\/strong> ? Na adrese <strong>GBlexpress<\/strong>dod\u00e1v\u00e1me <strong>vysoce kvalitn\u00ed LSD<\/strong> s rychl\u00fdm servisem a bezpe\u010dn\u00fdmi platbami. A\u0165 u\u017e jste badatel nebo pr\u016fzkumn\u00edk, na\u0161e <strong>LSD<\/strong> je nejlep\u0161\u00ed volbou pro spolehliv\u00e9 v\u00fdsledky. <strong>Koupit LSD (Kwas) online<\/strong> a objevte kvalitu a snadnost n\u00e1kupu na adrese <strong>GBlexpress<\/strong>.<\/p>","protected":false},"excerpt":{"rendered":"<p class=\"ds-markdown-paragraph\">Objevte <strong>LSD a skvrny<\/strong> \u0161pi\u010dkov\u00e9 produkty na prodej za zv\u00fdhodn\u011bn\u00e9 ceny v na\u0161em internetov\u00e9m obchod\u011b. Nab\u00edz\u00edme <strong>diskr\u00e9tn\u00ed odesl\u00e1n\u00ed<\/strong> zaru\u010dit, \u017ee va\u0161e <strong>d\u016fv\u011brnost<\/strong> - jen vy v\u00edte, co je ve va\u0161em bal\u00ed\u010dku. Jako\u2019<strong>zku\u0161en\u00ed u\u017eivatel\u00e9<\/strong>, zavazujeme se poskytovat <strong>spokojenost z\u00e1kazn\u00edk\u016f na 100%<\/strong>. Koupit <strong>Tekut\u00e9 LSD a skvrny<\/strong> s n\u00e1mi v \u00fapln\u00e9m <strong>trust<\/strong> a u\u017e\u00edt si <strong>pr\u00e9miov\u00e1 kvalita<\/strong>.<\/p>\n<h3><strong>Jak LSD funguje?<\/strong><\/h3>\n<p>LSD p\u016fsob\u00ed p\u0159edev\u0161\u00edm interakc\u00ed se serotoninov\u00fdmi receptory (5-HT2A) v mozku, co\u017e vede ke zv\u00fd\u0161en\u00e9 aktivit\u011b neuron\u016f a zm\u011bn\u00e1m ve spojen\u00edch mezi oblastmi mozku.<\/p>\n<ul>\n<li><strong>Hlavn\u00ed \u00fa\u010dinky :<\/strong> Smyslov\u00e9 zkreslen\u00ed, roz\u0161\u00ed\u0159en\u00e9 v\u011bdom\u00ed a hlubok\u00e1 introspekce.<\/li>\n<li><strong>Aktivn\u00ed d\u00e1vka :<\/strong> M\u011b\u0159\u00ed se v mikrogramech (\u00b5g), co\u017e zaru\u010duje p\u0159esnou kontrolu \u00fa\u010dink\u016f.<\/li>\n<\/ul>\n<h3><strong>Vzorec a \u00fadaje o v\u00fdrobku<\/strong><\/h3>\n<ul>\n<li><strong>Chemick\u00fd n\u00e1zev :<\/strong> Diethylamid kyseliny D-lysergov\u00e9<\/li>\n<li><strong>Molekul\u00e1rn\u00ed vzorec :<\/strong> C20H25N3O<\/li>\n<li><strong>Mol\u00e1rn\u00ed hmotnost :<\/strong> 323,44 g\/mol<\/li>\n<\/ul>\n<h3><strong>Podrobnosti o efektech<\/strong><\/h3>\n<ul>\n<li><strong>Za\u010d\u00e1tek \u00fa\u010dink\u016f :<\/strong> 20 a\u017e 90 minut po po\u017eit\u00ed.<\/li>\n<li><strong>\u0160pi\u010dkov\u00e9 \u00fa\u010dinky :<\/strong> 2 a\u017e 4 hodiny.<\/li>\n<li><strong>Celkov\u00e1 doba trv\u00e1n\u00ed :<\/strong> 6 a\u017e 12 hodin, v z\u00e1vislosti na d\u00e1vce a metabolismu.<\/li>\n<\/ul>","protected":false},"featured_media":5129,"comment_status":"open","ping_status":"closed","template":"","meta":{"site-sidebar-layout":"default","site-content-layout":"","ast-site-content-layout":"default","site-content-style":"default","site-sidebar-style":"default","ast-global-header-display":"","ast-banner-title-visibility":"","ast-main-header-display":"","ast-hfb-above-header-display":"","ast-hfb-below-header-display":"","ast-hfb-mobile-header-display":"","site-post-title":"","ast-breadcrumbs-content":"","ast-featured-img":"","footer-sml-layout":"","theme-transparent-header-meta":"default","adv-header-id-meta":"","stick-header-meta":"","header-above-stick-meta":"","header-main-stick-meta":"","header-below-stick-meta":"","astra-migrate-meta-layouts":"set","ast-page-background-enabled":"default","ast-page-background-meta":{"desktop":{"background-color":"","background-image":"","background-repeat":"repeat","background-position":"center center","background-size":"auto","background-attachment":"scroll","background-type":"","background-media":"","overlay-type":"","overlay-color":"","overlay-opacity":"","overlay-gradient":""},"tablet":{"background-color":"","background-image":"","background-repeat":"repeat","background-position":"center center","background-size":"auto","background-attachment":"scroll","background-type":"","background-media":"","overlay-type":"","overlay-color":"","overlay-opacity":"","overlay-gradient":""},"mobile":{"background-color":"","background-image":"","background-repeat":"repeat","background-position":"center center","background-size":"auto","background-attachment":"scroll","background-type":"","background-media":"","overlay-type":"","overlay-color":"","overlay-opacity":"","overlay-gradient":""}},"ast-content-background-meta":{"desktop":{"background-color":"var(--ast-global-color-5)","background-image":"","background-repeat":"repeat","background-position":"center center","background-size":"auto","background-attachment":"scroll","background-type":"","background-media":"","overlay-type":"","overlay-color":"","overlay-opacity":"","overlay-gradient":""},"tablet":{"background-color":"var(--ast-global-color-5)","background-image":"","background-repeat":"repeat","background-position":"center center","background-size":"auto","background-attachment":"scroll","background-type":"","background-media":"","overlay-type":"","overlay-color":"","overlay-opacity":"","overlay-gradient":""},"mobile":{"background-color":"var(--ast-global-color-5)","background-image":"","background-repeat":"repeat","background-position":"center center","background-size":"auto","background-attachment":"scroll","background-type":"","background-media":"","overlay-type":"","overlay-color":"","overlay-opacity":"","overlay-gradient":""}},"_joinchat":[]},"product_brand":[],"product_cat":[141],"product_tag":[235,243,238,247,252,240,248,241,236,254,242,237,251,246,244,245,239,250,249,253],"class_list":{"0":"post-5060","1":"product","2":"type-product","3":"status-publish","4":"has-post-thumbnail","6":"product_cat-sex-meth","7":"product_tag-achetez-lsd","8":"product_tag-acide-lysergique-a-vendre","9":"product_tag-commandez-lsd-en-ligne","10":"product_tag-commandez-lsd-maintenant","11":"product_tag-etudes-sur-le-lsd-et-la-serotonine","12":"product_tag-fournisseurs-fiables-de-lsd","13":"product_tag-livraison-rapide-de-lsd","14":"product_tag-livraison-securisee-de-lsd","15":"product_tag-lsd-a-vendre","16":"product_tag-lsd-abordable-en-ligne","17":"product_tag-lsd-authentique-en-ligne","18":"product_tag-lsd-de-haute-qualite","19":"product_tag-lsd-pour-creativite","20":"product_tag-lsd-pour-etudes-de-conscience","21":"product_tag-lsd-pour-exploration","22":"product_tag-lsd-pour-neurosciences","23":"product_tag-lsd-pour-recherche","24":"product_tag-lsd-pour-sante-mentale","25":"product_tag-ou-acheter-du-lsd","26":"product_tag-produits-premium-lsd","27":"desktop-align-left","28":"tablet-align-left","29":"mobile-align-left","31":"first","32":"instock","33":"shipping-taxable","34":"purchasable","35":"product-type-variable"},"yoast_head":"<!-- This site is optimized with the Yoast SEO plugin v26.9 - https:\/\/yoast.com\/product\/yoast-seo-wordpress\/ -->\n<title>Achetez du LSD (Acide Lysergique) | Qualit\u00e9 sur GBlexprimer<\/title>\n<meta name=\"description\" content=\"Achetez du LSD (Acide Lysergique) en ligne sur GBlexprimer. Produit de qualit\u00e9 sup\u00e9rieure pour la recherche et l\u2019exploration. Vous ignorez peut-\u00eatre que vous pouvez ACHETER DU LSD EN LIGNE sur notre boutique. Non ?!, commandez maintenant !\" \/>\n<meta name=\"robots\" content=\"index, follow, max-snippet:-1, max-image-preview:large, max-video-preview:-1\" \/>\n<link rel=\"canonical\" href=\"https:\/\/gblexprimer.com\/cs\/produkt\/lsd-kwas\/\" \/>\n<meta property=\"og:locale\" content=\"cs_CZ\" \/>\n<meta property=\"og:type\" content=\"article\" \/>\n<meta property=\"og:title\" content=\"Achetez du LSD (Acide Lysergique) | Qualit\u00e9 sur GBlexprimer\" \/>\n<meta property=\"og:description\" content=\"Achetez du LSD (Acide Lysergique) en ligne sur GBlexprimer. Produit de qualit\u00e9 sup\u00e9rieure pour la recherche et l\u2019exploration. Vous ignorez peut-\u00eatre que vous pouvez ACHETER DU LSD EN LIGNE sur notre boutique. Non ?!, commandez maintenant !\" \/>\n<meta property=\"og:url\" content=\"https:\/\/gblexprimer.com\/cs\/produkt\/lsd-kwas\/\" \/>\n<meta property=\"og:site_name\" content=\"GBL Exprimer\" \/>\n<meta property=\"article:modified_time\" content=\"2026-04-11T07:59:35+00:00\" \/>\n<meta property=\"og:image\" content=\"https:\/\/gblexprimer.com\/wp-content\/uploads\/2024\/11\/1624027774644-product.webp\" \/>\n\t<meta property=\"og:image:width\" content=\"1600\" \/>\n\t<meta property=\"og:image:height\" content=\"1067\" \/>\n\t<meta property=\"og:image:type\" content=\"image\/webp\" \/>\n<meta name=\"twitter:card\" content=\"summary_large_image\" \/>\n<meta name=\"twitter:label1\" content=\"Odhadovan\u00e1 doba \u010dten\u00ed\" \/>\n\t<meta name=\"twitter:data1\" content=\"3 minuty\" \/>\n<script type=\"application\/ld+json\" class=\"yoast-schema-graph\">{\"@context\":\"https:\/\/schema.org\",\"@graph\":[{\"@type\":\"WebPage\",\"@id\":\"https:\/\/gblexprimer.com\/product\/lsd-kwas\/\",\"url\":\"https:\/\/gblexprimer.com\/product\/lsd-kwas\/\",\"name\":\"Achetez du LSD (Acide Lysergique) | Qualit\u00e9 sur GBlexprimer\",\"isPartOf\":{\"@id\":\"https:\/\/gblexprimer.com\/#website\"},\"primaryImageOfPage\":{\"@id\":\"https:\/\/gblexprimer.com\/product\/lsd-kwas\/#primaryimage\"},\"image\":{\"@id\":\"https:\/\/gblexprimer.com\/product\/lsd-kwas\/#primaryimage\"},\"thumbnailUrl\":\"https:\/\/gblexprimer.com\/wp-content\/uploads\/2024\/11\/1624027774644-product.webp\",\"datePublished\":\"2024-11-26T06:17:36+00:00\",\"dateModified\":\"2026-04-11T07:59:35+00:00\",\"description\":\"Achetez du LSD (Acide Lysergique) en ligne sur GBlexprimer. Produit de qualit\u00e9 sup\u00e9rieure pour la recherche et l\u2019exploration. Vous ignorez peut-\u00eatre que vous pouvez ACHETER DU LSD EN LIGNE sur notre boutique. Non ?!, commandez maintenant !\",\"breadcrumb\":{\"@id\":\"https:\/\/gblexprimer.com\/product\/lsd-kwas\/#breadcrumb\"},\"inLanguage\":\"cs\",\"potentialAction\":[{\"@type\":\"ReadAction\",\"target\":[\"https:\/\/gblexprimer.com\/product\/lsd-kwas\/\"]}]},{\"@type\":\"ImageObject\",\"inLanguage\":\"cs\",\"@id\":\"https:\/\/gblexprimer.com\/product\/lsd-kwas\/#primaryimage\",\"url\":\"https:\/\/gblexprimer.com\/wp-content\/uploads\/2024\/11\/1624027774644-product.webp\",\"contentUrl\":\"https:\/\/gblexprimer.com\/wp-content\/uploads\/2024\/11\/1624027774644-product.webp\",\"width\":1600,\"height\":1067,\"caption\":\"Achetez LSD\"},{\"@type\":\"BreadcrumbList\",\"@id\":\"https:\/\/gblexprimer.com\/product\/lsd-kwas\/#breadcrumb\",\"itemListElement\":[{\"@type\":\"ListItem\",\"position\":1,\"name\":\"Home\",\"item\":\"https:\/\/gblexprimer.com\/\"},{\"@type\":\"ListItem\",\"position\":2,\"name\":\"Shop\",\"item\":\"https:\/\/gblexprimer.com\/shop\/\"},{\"@type\":\"ListItem\",\"position\":3,\"name\":\"LSD (Kwas)\"}]},{\"@type\":\"WebSite\",\"@id\":\"https:\/\/gblexprimer.com\/#website\",\"url\":\"https:\/\/gblexprimer.com\/\",\"name\":\"GBL Exprimer\",\"description\":\"\",\"publisher\":{\"@id\":\"https:\/\/gblexprimer.com\/#organization\"},\"potentialAction\":[{\"@type\":\"SearchAction\",\"target\":{\"@type\":\"EntryPoint\",\"urlTemplate\":\"https:\/\/gblexprimer.com\/?s={search_term_string}\"},\"query-input\":{\"@type\":\"PropertyValueSpecification\",\"valueRequired\":true,\"valueName\":\"search_term_string\"}}],\"inLanguage\":\"cs\"},{\"@type\":\"Organization\",\"@id\":\"https:\/\/gblexprimer.com\/#organization\",\"name\":\"GBL Exprimer\",\"url\":\"https:\/\/gblexprimer.com\/\",\"logo\":{\"@type\":\"ImageObject\",\"inLanguage\":\"cs\",\"@id\":\"https:\/\/gblexprimer.com\/#\/schema\/logo\/image\/\",\"url\":\"https:\/\/gblexprimer.com\/wp-content\/uploads\/2024\/01\/logo.png\",\"contentUrl\":\"https:\/\/gblexprimer.com\/wp-content\/uploads\/2024\/01\/logo.png\",\"width\":220,\"height\":80,\"caption\":\"GBL Exprimer\"},\"image\":{\"@id\":\"https:\/\/gblexprimer.com\/#\/schema\/logo\/image\/\"}}]}<\/script>\n<!-- \/ Yoast SEO plugin. -->","yoast_head_json":{"title":"Koupit LSD (kyselina lysergov\u00e1) | Kvalita na GBlexprimer","description":"Kupte si LSD (kyselinu lysergovou) online na GBlexprimer. Vysoce kvalitn\u00ed produkt pro v\u00fdzkum a zkoum\u00e1n\u00ed. Mo\u017en\u00e1 nev\u00edte, \u017ee si LSD m\u016f\u017eete Koupit ONLINE v na\u0161em obchod\u011b. Ne?! objednat nyn\u00ed!","robots":{"index":"index","follow":"follow","max-snippet":"max-snippet:-1","max-image-preview":"max-image-preview:large","max-video-preview":"max-video-preview:-1"},"canonical":"https:\/\/gblexprimer.com\/cs\/produkt\/lsd-kwas\/","og_locale":"cs_CZ","og_type":"article","og_title":"Achetez du LSD (Acide Lysergique) | Qualit\u00e9 sur GBlexprimer","og_description":"Achetez du LSD (Acide Lysergique) en ligne sur GBlexprimer. Produit de qualit\u00e9 sup\u00e9rieure pour la recherche et l\u2019exploration. Vous ignorez peut-\u00eatre que vous pouvez ACHETER DU LSD EN LIGNE sur notre boutique. Non ?!, commandez maintenant !","og_url":"https:\/\/gblexprimer.com\/cs\/produkt\/lsd-kwas\/","og_site_name":"GBL Exprimer","article_modified_time":"2026-04-11T07:59:35+00:00","og_image":[{"width":1600,"height":1067,"url":"https:\/\/gblexprimer.com\/wp-content\/uploads\/2024\/11\/1624027774644-product.webp","type":"image\/webp"}],"twitter_card":"summary_large_image","twitter_misc":{"Odhadovan\u00e1 doba \u010dten\u00ed":"3 minuty"},"schema":{"@context":"https:\/\/schema.org","@graph":[{"@type":"WebPage","@id":"https:\/\/gblexprimer.com\/product\/lsd-kwas\/","url":"https:\/\/gblexprimer.com\/product\/lsd-kwas\/","name":"Koupit LSD (kyselina lysergov\u00e1) | Kvalita na GBlexprimer","isPartOf":{"@id":"https:\/\/gblexprimer.com\/#website"},"primaryImageOfPage":{"@id":"https:\/\/gblexprimer.com\/product\/lsd-kwas\/#primaryimage"},"image":{"@id":"https:\/\/gblexprimer.com\/product\/lsd-kwas\/#primaryimage"},"thumbnailUrl":"https:\/\/gblexprimer.com\/wp-content\/uploads\/2024\/11\/1624027774644-product.webp","datePublished":"2024-11-26T06:17:36+00:00","dateModified":"2026-04-11T07:59:35+00:00","description":"Kupte si LSD (kyselinu lysergovou) online na GBlexprimer. Vysoce kvalitn\u00ed produkt pro v\u00fdzkum a zkoum\u00e1n\u00ed. Mo\u017en\u00e1 nev\u00edte, \u017ee si LSD m\u016f\u017eete Koupit ONLINE v na\u0161em obchod\u011b. Ne?! objednat nyn\u00ed!","breadcrumb":{"@id":"https:\/\/gblexprimer.com\/product\/lsd-kwas\/#breadcrumb"},"inLanguage":"cs","potentialAction":[{"@type":"ReadAction","target":["https:\/\/gblexprimer.com\/product\/lsd-kwas\/"]}]},{"@type":"ImageObject","inLanguage":"cs","@id":"https:\/\/gblexprimer.com\/product\/lsd-kwas\/#primaryimage","url":"https:\/\/gblexprimer.com\/wp-content\/uploads\/2024\/11\/1624027774644-product.webp","contentUrl":"https:\/\/gblexprimer.com\/wp-content\/uploads\/2024\/11\/1624027774644-product.webp","width":1600,"height":1067,"caption":"Achetez LSD"},{"@type":"BreadcrumbList","@id":"https:\/\/gblexprimer.com\/product\/lsd-kwas\/#breadcrumb","itemListElement":[{"@type":"ListItem","position":1,"name":"Home","item":"https:\/\/gblexprimer.com\/"},{"@type":"ListItem","position":2,"name":"Shop","item":"https:\/\/gblexprimer.com\/shop\/"},{"@type":"ListItem","position":3,"name":"LSD (Kwas)"}]},{"@type":"WebSite","@id":"https:\/\/gblexprimer.com\/#website","url":"https:\/\/gblexprimer.com\/","name":"GBL Express","description":"","publisher":{"@id":"https:\/\/gblexprimer.com\/#organization"},"potentialAction":[{"@type":"SearchAction","target":{"@type":"EntryPoint","urlTemplate":"https:\/\/gblexprimer.com\/?s={search_term_string}"},"query-input":{"@type":"PropertyValueSpecification","valueRequired":true,"valueName":"search_term_string"}}],"inLanguage":"cs"},{"@type":"Organization","@id":"https:\/\/gblexprimer.com\/#organization","name":"GBL Express","url":"https:\/\/gblexprimer.com\/","logo":{"@type":"ImageObject","inLanguage":"cs","@id":"https:\/\/gblexprimer.com\/#\/schema\/logo\/image\/","url":"https:\/\/gblexprimer.com\/wp-content\/uploads\/2024\/01\/logo.png","contentUrl":"https:\/\/gblexprimer.com\/wp-content\/uploads\/2024\/01\/logo.png","width":220,"height":80,"caption":"GBL Exprimer"},"image":{"@id":"https:\/\/gblexprimer.com\/#\/schema\/logo\/image\/"}}]}},"_links":{"self":[{"href":"https:\/\/gblexprimer.com\/cs\/wp-json\/wp\/v2\/product\/5060","targetHints":{"allow":["GET"]}}],"collection":[{"href":"https:\/\/gblexprimer.com\/cs\/wp-json\/wp\/v2\/product"}],"about":[{"href":"https:\/\/gblexprimer.com\/cs\/wp-json\/wp\/v2\/types\/product"}],"replies":[{"embeddable":true,"href":"https:\/\/gblexprimer.com\/cs\/wp-json\/wp\/v2\/comments?post=5060"}],"wp:featuredmedia":[{"embeddable":true,"href":"https:\/\/gblexprimer.com\/cs\/wp-json\/wp\/v2\/media\/5129"}],"wp:attachment":[{"href":"https:\/\/gblexprimer.com\/cs\/wp-json\/wp\/v2\/media?parent=5060"}],"wp:term":[{"taxonomy":"product_brand","embeddable":true,"href":"https:\/\/gblexprimer.com\/cs\/wp-json\/wp\/v2\/product_brand?post=5060"},{"taxonomy":"product_cat","embeddable":true,"href":"https:\/\/gblexprimer.com\/cs\/wp-json\/wp\/v2\/product_cat?post=5060"},{"taxonomy":"product_tag","embeddable":true,"href":"https:\/\/gblexprimer.com\/cs\/wp-json\/wp\/v2\/product_tag?post=5060"}],"curies":[{"name":"wp","href":"https:\/\/api.w.org\/{rel}","templated":true}]}}