{"id":5061,"date":"2024-11-26T06:17:38","date_gmt":"2024-11-26T06:17:38","guid":{"rendered":"https:\/\/gblexprimer.com\/?post_type=product&#038;p=5061"},"modified":"2026-04-11T07:22:20","modified_gmt":"2026-04-11T07:22:20","slug":"heroine","status":"publish","type":"product","link":"https:\/\/gblexprimer.com\/cs\/produkt\/heroine\/","title":{"rendered":"Heroin"},"content":{"rendered":"<h2>Achetez de l\u2019H\u00e9ro\u00efne en Ligne<\/h2>\n<p><a href=\"https:\/\/gblexprimer.com\/cs\/produkt\/heroine\/\"><strong>Heroin<\/strong><\/a> je opioid odvozen\u00fd od morfinu, zn\u00e1m\u00fd sv\u00fdmi siln\u00fdmi \u00fa\u010dinky na centr\u00e1ln\u00ed nervov\u00fd syst\u00e9m. Historicky se pou\u017e\u00edv\u00e1 v l\u00e9ka\u0159stv\u00ed, <strong>heroin<\/strong> je nyn\u00ed studov\u00e1na p\u0159edev\u0161\u00edm pro sv\u00e9 neurochemick\u00e9 interakce a vliv na lidsk\u00e9 chov\u00e1n\u00ed. Na adrese <a href=\"https:\/\/gblexprimer.com\/cs\/\"><strong>GBlexpress<\/strong><\/a>navrhujeme <strong>vysoce kvalitn\u00ed heroin<\/strong>s bezpe\u010dn\u00fdmi transakcemi, diskr\u00e9tn\u00edm balen\u00edm a rychl\u00fdm dod\u00e1n\u00edm pro pot\u0159eby v\u00fdzkumn\u00fdch pracovn\u00edk\u016f a profesion\u00e1l\u016f Koupit Heroin<a href=\"https:\/\/gblexprimer.com\/cs\/produkt\/nebesky-cista-extaze-500-mg-%ce%b3-hydroxymaselna-kyselina-ghb\/\">.<\/a><\/p>\n<h3><strong>Aplikace a pou\u017eit\u00ed heroinu<\/strong><\/h3>\n<h4><strong>V\u011bdeck\u00fd a farmakologick\u00fd v\u00fdzkum<\/strong><\/h4>\n<p><a href=\"https:\/\/en.wikipedia.org\/wiki\/Heroin\"><strong>Heroin<\/strong><\/a> se pou\u017e\u00edv\u00e1 ve studi\u00edch zam\u011b\u0159en\u00fdch na pochopen\u00ed jeho interakc\u00ed s opioidn\u00edmi receptory, v\u010detn\u011b jeho role v modulaci bolesti, z\u00e1vislosti a neurochemick\u00fdch reakc\u00ed.<a href=\"https:\/\/gblexpress.com\/ko-tropfen\/\">.<\/a><\/p>\n<h4><strong>Studie o n\u00e1vykov\u00fdch poruch\u00e1ch<\/strong><\/h4>\n<p>V\u00fdzkumn\u00edci analyzuj\u00ed <strong>heroin<\/strong> l\u00e9pe pochopit mechanismy vzniku z\u00e1vislosti a vyvinout \u00fa\u010dinnou l\u00e9\u010dbu zneu\u017e\u00edv\u00e1n\u00ed opioid\u016f.<\/p>\n<h4><strong>Vliv na chov\u00e1n\u00ed a emoce<\/strong><\/h4>\n<p>Kv\u016fli sv\u00fdm psychoaktivn\u00edm \u00fa\u010dink\u016fm, <strong>heroin<\/strong> se zkoum\u00e1 jeho vliv na emoce, pozn\u00e1v\u00e1n\u00ed a chov\u00e1n\u00ed spojen\u00e9 s odm\u011bnou a pot\u011b\u0161en\u00edm.<\/p>\n<h3><strong>Pro\u010d kupovat heroin od GBlexprimer?<\/strong><\/h3>\n<p>Na adrese <strong>GBlexpress<\/strong>Sna\u017e\u00edme se poskytovat vysoce kvalitn\u00ed produkty a spolehliv\u00e9 slu\u017eby, kter\u00e9 spl\u0148uj\u00ed pot\u0159eby v\u00fdzkumn\u00fdch pracovn\u00edk\u016f.<\/p>\n<h4><strong>Vysoce kvalitn\u00ed heroin<\/strong><\/h4>\n<p>Na\u0161e <a href=\"https:\/\/gblexprimer.com\/cs\/produkt\/ketamina\/\"><strong>heroin<\/strong><\/a> je p\u0159\u00edsn\u011b testov\u00e1n, aby byla zaru\u010dena jeho \u010distota a bezpe\u010dnost, a spl\u0148uje tak nejvy\u0161\u0161\u00ed standardy v\u011bdeck\u00e9ho v\u00fdzkumu.<\/p>\n<h4><strong>Zabezpe\u010den\u00e9 transakce a diskr\u00e9tn\u00ed balen\u00ed<\/strong><\/h4>\n<p>Zaji\u0161\u0165ujeme bezpe\u010dn\u00e9 platby a diskr\u00e9tn\u00ed balen\u00ed pro ochranu d\u016fv\u011brnosti ka\u017ed\u00e9 objedn\u00e1vky.<\/p>\n<h4><strong>Rychl\u00e9 a spolehliv\u00e9 dod\u00e1n\u00ed<\/strong><\/h4>\n<p>D\u00edky osv\u011bd\u010den\u00e9 logistick\u00e9 s\u00edti doru\u010d\u00edme va\u0161e objedn\u00e1vky rychle a bez prodlen\u00ed, a\u0165 jste kdekoli.<\/p>\n<h4><strong>Cenov\u00e1 dostupnost a p\u0159\u00edstupnost<\/strong><\/h4>\n<p>Nab\u00edz\u00edme <strong>heroin<\/strong> za konkurenceschopn\u00e9 ceny, co\u017e zaru\u010duje vynikaj\u00edc\u00ed hodnotu bez kompromis\u016f v kvalit\u011b.<\/p>\n<h3><strong>Koupit Heroin online je\u0161t\u011b dnes<\/strong><\/h3>\n<p>Hled\u00e1te spolehliv\u00fd zdroj pro <strong>heroin<\/strong> ? Na adrese <strong>GBlexpress<\/strong>navrhujeme <strong>heroin nejvy\u0161\u0161\u00ed kvality<\/strong>ide\u00e1ln\u00ed pro farmakologick\u00e9 nebo neurochemick\u00e9 studie. Vyu\u017eijte rychl\u00e9 dod\u00e1n\u00ed, diskr\u00e9tn\u00ed balen\u00ed a bezpe\u010dnou platbu. <strong>Koupit heroin online<\/strong> a objevte spolehlivost a snadnost n\u00e1kupu u <strong>GBlexpress<\/strong>.<\/p>","protected":false},"excerpt":{"rendered":"<p><strong>Heroin<\/strong> (diacetylmorfin) je polosyntetick\u00fd opioid odvozen\u00fd od morfinu, zn\u00e1m\u00fd sv\u00fdmi siln\u00fdmi \u00fa\u010dinky na centr\u00e1ln\u00ed nervov\u00fd syst\u00e9m. Heroin se pou\u017e\u00edv\u00e1 ve v\u011bdeck\u00e9m a l\u00e9ka\u0159sk\u00e9m v\u00fdzkumu a je kl\u00ed\u010dov\u00fdm p\u0159edm\u011btem studia pro pochopen\u00ed mechanism\u016f z\u00e1vislosti, l\u00e9\u010dby bolesti a opioidn\u00edch receptor\u016f.<\/p>\n<h3><strong>Jak heroin funguje?<\/strong><\/h3>\n<p>Heroin p\u016fsob\u00ed tak, \u017ee se v\u00e1\u017ee na opioidn\u00ed receptory v mozku, zejm\u00e9na na \u00b5 (mu) receptory. Tato interakce vede ke sn\u00ed\u017een\u00ed vn\u00edm\u00e1n\u00ed bolesti a uvoln\u011bn\u00ed dopaminu, co\u017e m\u00e1 za n\u00e1sledek pocity pohody a euforie.<\/p>\n<ul>\n<li><strong>Hlavn\u00ed \u00fa\u010dinky :<\/strong> Intenzivn\u00ed \u00faleva od bolesti, euforie a relaxace.<\/li>\n<li><strong>Zp\u016fsob \u00fa\u010dinku :<\/strong> Rychl\u00e1 p\u0159em\u011bna na morfin v t\u011ble, p\u0159\u00edm\u00e1 stimulace opioidn\u00edch receptor\u016f.<\/li>\n<\/ul>\n<h3><strong>Vzorec a \u00fadaje o v\u00fdrobku<\/strong><\/h3>\n<ul>\n<li><strong>Chemick\u00fd n\u00e1zev :<\/strong> Diacetylmorfin<\/li>\n<li><strong>Molekul\u00e1rn\u00ed vzorec :<\/strong> C21H23NO5<\/li>\n<li><strong>Mol\u00e1rn\u00ed hmotnost :<\/strong> 369,41 g\/mol<\/li>\n<\/ul>\n<h3><strong>Podrobnosti o efektech<\/strong><\/h3>\n<ul>\n<li><strong>Za\u010d\u00e1tek \u00fa\u010dink\u016f :<\/strong> 2 a\u017e 10 minut po pod\u00e1n\u00ed.<\/li>\n<li><strong>Doba trv\u00e1n\u00ed \u00fa\u010dink\u016f :<\/strong> 3 a\u017e 6 hodin v z\u00e1vislosti na d\u00e1vce a zp\u016fsobu pod\u00e1n\u00ed.<\/li>\n<\/ul>","protected":false},"featured_media":5271,"comment_status":"open","ping_status":"closed","template":"","meta":{"site-sidebar-layout":"default","site-content-layout":"","ast-site-content-layout":"default","site-content-style":"default","site-sidebar-style":"default","ast-global-header-display":"","ast-banner-title-visibility":"","ast-main-header-display":"","ast-hfb-above-header-display":"","ast-hfb-below-header-display":"","ast-hfb-mobile-header-display":"","site-post-title":"","ast-breadcrumbs-content":"","ast-featured-img":"","footer-sml-layout":"","theme-transparent-header-meta":"default","adv-header-id-meta":"","stick-header-meta":"","header-above-stick-meta":"","header-main-stick-meta":"","header-below-stick-meta":"","astra-migrate-meta-layouts":"set","ast-page-background-enabled":"default","ast-page-background-meta":{"desktop":{"background-color":"","background-image":"","background-repeat":"repeat","background-position":"center center","background-size":"auto","background-attachment":"scroll","background-type":"","background-media":"","overlay-type":"","overlay-color":"","overlay-opacity":"","overlay-gradient":""},"tablet":{"background-color":"","background-image":"","background-repeat":"repeat","background-position":"center center","background-size":"auto","background-attachment":"scroll","background-type":"","background-media":"","overlay-type":"","overlay-color":"","overlay-opacity":"","overlay-gradient":""},"mobile":{"background-color":"","background-image":"","background-repeat":"repeat","background-position":"center center","background-size":"auto","background-attachment":"scroll","background-type":"","background-media":"","overlay-type":"","overlay-color":"","overlay-opacity":"","overlay-gradient":""}},"ast-content-background-meta":{"desktop":{"background-color":"var(--ast-global-color-5)","background-image":"","background-repeat":"repeat","background-position":"center center","background-size":"auto","background-attachment":"scroll","background-type":"","background-media":"","overlay-type":"","overlay-color":"","overlay-opacity":"","overlay-gradient":""},"tablet":{"background-color":"var(--ast-global-color-5)","background-image":"","background-repeat":"repeat","background-position":"center center","background-size":"auto","background-attachment":"scroll","background-type":"","background-media":"","overlay-type":"","overlay-color":"","overlay-opacity":"","overlay-gradient":""},"mobile":{"background-color":"var(--ast-global-color-5)","background-image":"","background-repeat":"repeat","background-position":"center center","background-size":"auto","background-attachment":"scroll","background-type":"","background-media":"","overlay-type":"","overlay-color":"","overlay-opacity":"","overlay-gradient":""}},"_joinchat":[]},"product_brand":[],"product_cat":[141],"product_tag":[255,258,266,272,260,256,271,262,257,263,265,269,264,259,273,267,261,268,270],"class_list":{"0":"post-5061","1":"product","2":"type-product","3":"status-publish","4":"has-post-thumbnail","6":"product_cat-sex-meth","7":"product_tag-achetez-heroine","8":"product_tag-commandez-heroine-en-ligne","9":"product_tag-commandez-heroine-maintenant","10":"product_tag-etudes-sur-les-recepteurs-opioides-et-heroine","11":"product_tag-fournisseurs-fiables-de-heroine","12":"product_tag-heroine-a-vendre","13":"product_tag-heroine-abordable-en-ligne","14":"product_tag-heroine-authentique-en-ligne","15":"product_tag-heroine-de-haute-qualite","16":"product_tag-heroine-pour-etudes-de-dependance","17":"product_tag-heroine-pour-etudes-neurochimiques","18":"product_tag-heroine-pour-etudes-psychoactives","19":"product_tag-heroine-pour-neurosciences","20":"product_tag-heroine-pour-recherche","21":"product_tag-heroine-pour-recherche-medicale","22":"product_tag-livraison-rapide-de-heroine","23":"product_tag-livraison-securisee-de-heroine","24":"product_tag-ou-acheter-de-lheroine","25":"product_tag-produits-premium-heroine","26":"desktop-align-left","27":"tablet-align-left","28":"mobile-align-left","30":"first","31":"instock","32":"shipping-taxable","33":"purchasable","34":"product-type-variable"},"yoast_head":"<!-- This site is optimized with the Yoast SEO plugin v26.9 - https:\/\/yoast.com\/product\/yoast-seo-wordpress\/ -->\n<title>H\u00e9ro\u00efne \u00e0 vendre \u2013 Acheter de l&#039;h\u00e9ro\u00efne en ligne | Gblexprimer<\/title>\n<meta name=\"description\" content=\"Achetez de l&#039;h\u00e9ro\u00efne en ligne sur GBLexprimer. H\u00e9ro\u00efne \u00e0 vendre, d&#039;une puret\u00e9 de haute qualit\u00e9 et disponible en approvisionnement fiable \u00e0 des fins de recherche.\" \/>\n<meta name=\"robots\" content=\"index, follow, max-snippet:-1, max-image-preview:large, max-video-preview:-1\" \/>\n<link rel=\"canonical\" href=\"https:\/\/gblexprimer.com\/cs\/produkt\/heroine\/\" \/>\n<meta property=\"og:locale\" content=\"cs_CZ\" \/>\n<meta property=\"og:type\" content=\"article\" \/>\n<meta property=\"og:title\" content=\"H\u00e9ro\u00efne \u00e0 vendre \u2013 Acheter de l&#039;h\u00e9ro\u00efne en ligne | Gblexprimer\" \/>\n<meta property=\"og:description\" content=\"Achetez de l&#039;h\u00e9ro\u00efne en ligne sur GBLexprimer. H\u00e9ro\u00efne \u00e0 vendre, d&#039;une puret\u00e9 de haute qualit\u00e9 et disponible en approvisionnement fiable \u00e0 des fins de recherche.\" \/>\n<meta property=\"og:url\" content=\"https:\/\/gblexprimer.com\/cs\/produkt\/heroine\/\" \/>\n<meta property=\"og:site_name\" content=\"GBL Exprimer\" \/>\n<meta property=\"article:modified_time\" content=\"2026-04-11T07:22:20+00:00\" \/>\n<meta property=\"og:image\" content=\"https:\/\/gblexprimer.com\/wp-content\/uploads\/2024\/11\/Heroine.jpg\" \/>\n\t<meta property=\"og:image:width\" content=\"600\" \/>\n\t<meta property=\"og:image:height\" content=\"600\" \/>\n\t<meta property=\"og:image:type\" content=\"image\/jpeg\" \/>\n<meta name=\"twitter:card\" content=\"summary_large_image\" \/>\n<meta name=\"twitter:label1\" content=\"Odhadovan\u00e1 doba \u010dten\u00ed\" \/>\n\t<meta name=\"twitter:data1\" content=\"2 minuty\" \/>\n<script type=\"application\/ld+json\" class=\"yoast-schema-graph\">{\"@context\":\"https:\/\/schema.org\",\"@graph\":[{\"@type\":\"WebPage\",\"@id\":\"https:\/\/gblexprimer.com\/product\/heroine\/\",\"url\":\"https:\/\/gblexprimer.com\/product\/heroine\/\",\"name\":\"H\u00e9ro\u00efne \u00e0 vendre \u2013 Acheter de l'h\u00e9ro\u00efne en ligne | Gblexprimer\",\"isPartOf\":{\"@id\":\"https:\/\/gblexprimer.com\/#website\"},\"primaryImageOfPage\":{\"@id\":\"https:\/\/gblexprimer.com\/product\/heroine\/#primaryimage\"},\"image\":{\"@id\":\"https:\/\/gblexprimer.com\/product\/heroine\/#primaryimage\"},\"thumbnailUrl\":\"https:\/\/gblexprimer.com\/wp-content\/uploads\/2024\/11\/Heroine.jpg\",\"datePublished\":\"2024-11-26T06:17:38+00:00\",\"dateModified\":\"2026-04-11T07:22:20+00:00\",\"description\":\"Achetez de l'h\u00e9ro\u00efne en ligne sur GBLexprimer. H\u00e9ro\u00efne \u00e0 vendre, d'une puret\u00e9 de haute qualit\u00e9 et disponible en approvisionnement fiable \u00e0 des fins de recherche.\",\"breadcrumb\":{\"@id\":\"https:\/\/gblexprimer.com\/product\/heroine\/#breadcrumb\"},\"inLanguage\":\"cs\",\"potentialAction\":[{\"@type\":\"ReadAction\",\"target\":[\"https:\/\/gblexprimer.com\/product\/heroine\/\"]}]},{\"@type\":\"ImageObject\",\"inLanguage\":\"cs\",\"@id\":\"https:\/\/gblexprimer.com\/product\/heroine\/#primaryimage\",\"url\":\"https:\/\/gblexprimer.com\/wp-content\/uploads\/2024\/11\/Heroine.jpg\",\"contentUrl\":\"https:\/\/gblexprimer.com\/wp-content\/uploads\/2024\/11\/Heroine.jpg\",\"width\":600,\"height\":600,\"caption\":\"H\u00e9ro\u00efne\"},{\"@type\":\"BreadcrumbList\",\"@id\":\"https:\/\/gblexprimer.com\/product\/heroine\/#breadcrumb\",\"itemListElement\":[{\"@type\":\"ListItem\",\"position\":1,\"name\":\"Home\",\"item\":\"https:\/\/gblexprimer.com\/\"},{\"@type\":\"ListItem\",\"position\":2,\"name\":\"Shop\",\"item\":\"https:\/\/gblexprimer.com\/shop\/\"},{\"@type\":\"ListItem\",\"position\":3,\"name\":\"H\u00e9ro\u00efne\"}]},{\"@type\":\"WebSite\",\"@id\":\"https:\/\/gblexprimer.com\/#website\",\"url\":\"https:\/\/gblexprimer.com\/\",\"name\":\"GBL Exprimer\",\"description\":\"\",\"publisher\":{\"@id\":\"https:\/\/gblexprimer.com\/#organization\"},\"potentialAction\":[{\"@type\":\"SearchAction\",\"target\":{\"@type\":\"EntryPoint\",\"urlTemplate\":\"https:\/\/gblexprimer.com\/?s={search_term_string}\"},\"query-input\":{\"@type\":\"PropertyValueSpecification\",\"valueRequired\":true,\"valueName\":\"search_term_string\"}}],\"inLanguage\":\"cs\"},{\"@type\":\"Organization\",\"@id\":\"https:\/\/gblexprimer.com\/#organization\",\"name\":\"GBL Exprimer\",\"url\":\"https:\/\/gblexprimer.com\/\",\"logo\":{\"@type\":\"ImageObject\",\"inLanguage\":\"cs\",\"@id\":\"https:\/\/gblexprimer.com\/#\/schema\/logo\/image\/\",\"url\":\"https:\/\/gblexprimer.com\/wp-content\/uploads\/2024\/01\/logo.png\",\"contentUrl\":\"https:\/\/gblexprimer.com\/wp-content\/uploads\/2024\/01\/logo.png\",\"width\":220,\"height\":80,\"caption\":\"GBL Exprimer\"},\"image\":{\"@id\":\"https:\/\/gblexprimer.com\/#\/schema\/logo\/image\/\"}}]}<\/script>\n<!-- \/ Yoast SEO plugin. -->","yoast_head_json":{"title":"H\u00e9ro\u00efne \u00e0 vendre \u2013 Acheter de l'h\u00e9ro\u00efne en ligne | Gblexprimer","description":"Achetez de l'h\u00e9ro\u00efne en ligne sur GBLexprimer. H\u00e9ro\u00efne \u00e0 vendre, d'une puret\u00e9 de haute qualit\u00e9 et disponible en approvisionnement fiable \u00e0 des fins de recherche.","robots":{"index":"index","follow":"follow","max-snippet":"max-snippet:-1","max-image-preview":"max-image-preview:large","max-video-preview":"max-video-preview:-1"},"canonical":"https:\/\/gblexprimer.com\/cs\/produkt\/heroine\/","og_locale":"cs_CZ","og_type":"article","og_title":"H\u00e9ro\u00efne \u00e0 vendre \u2013 Acheter de l'h\u00e9ro\u00efne en ligne | Gblexprimer","og_description":"Achetez de l'h\u00e9ro\u00efne en ligne sur GBLexprimer. H\u00e9ro\u00efne \u00e0 vendre, d'une puret\u00e9 de haute qualit\u00e9 et disponible en approvisionnement fiable \u00e0 des fins de recherche.","og_url":"https:\/\/gblexprimer.com\/cs\/produkt\/heroine\/","og_site_name":"GBL Exprimer","article_modified_time":"2026-04-11T07:22:20+00:00","og_image":[{"width":600,"height":600,"url":"https:\/\/gblexprimer.com\/wp-content\/uploads\/2024\/11\/Heroine.jpg","type":"image\/jpeg"}],"twitter_card":"summary_large_image","twitter_misc":{"Odhadovan\u00e1 doba \u010dten\u00ed":"2 minuty"},"schema":{"@context":"https:\/\/schema.org","@graph":[{"@type":"WebPage","@id":"https:\/\/gblexprimer.com\/product\/heroine\/","url":"https:\/\/gblexprimer.com\/product\/heroine\/","name":"H\u00e9ro\u00efne \u00e0 vendre \u2013 Acheter de l'h\u00e9ro\u00efne en ligne | Gblexprimer","isPartOf":{"@id":"https:\/\/gblexprimer.com\/#website"},"primaryImageOfPage":{"@id":"https:\/\/gblexprimer.com\/product\/heroine\/#primaryimage"},"image":{"@id":"https:\/\/gblexprimer.com\/product\/heroine\/#primaryimage"},"thumbnailUrl":"https:\/\/gblexprimer.com\/wp-content\/uploads\/2024\/11\/Heroine.jpg","datePublished":"2024-11-26T06:17:38+00:00","dateModified":"2026-04-11T07:22:20+00:00","description":"Achetez de l'h\u00e9ro\u00efne en ligne sur GBLexprimer. H\u00e9ro\u00efne \u00e0 vendre, d'une puret\u00e9 de haute qualit\u00e9 et disponible en approvisionnement fiable \u00e0 des fins de recherche.","breadcrumb":{"@id":"https:\/\/gblexprimer.com\/product\/heroine\/#breadcrumb"},"inLanguage":"cs","potentialAction":[{"@type":"ReadAction","target":["https:\/\/gblexprimer.com\/product\/heroine\/"]}]},{"@type":"ImageObject","inLanguage":"cs","@id":"https:\/\/gblexprimer.com\/product\/heroine\/#primaryimage","url":"https:\/\/gblexprimer.com\/wp-content\/uploads\/2024\/11\/Heroine.jpg","contentUrl":"https:\/\/gblexprimer.com\/wp-content\/uploads\/2024\/11\/Heroine.jpg","width":600,"height":600,"caption":"H\u00e9ro\u00efne"},{"@type":"BreadcrumbList","@id":"https:\/\/gblexprimer.com\/product\/heroine\/#breadcrumb","itemListElement":[{"@type":"ListItem","position":1,"name":"Home","item":"https:\/\/gblexprimer.com\/"},{"@type":"ListItem","position":2,"name":"Shop","item":"https:\/\/gblexprimer.com\/shop\/"},{"@type":"ListItem","position":3,"name":"H\u00e9ro\u00efne"}]},{"@type":"WebSite","@id":"https:\/\/gblexprimer.com\/#website","url":"https:\/\/gblexprimer.com\/","name":"GBL Express","description":"","publisher":{"@id":"https:\/\/gblexprimer.com\/#organization"},"potentialAction":[{"@type":"SearchAction","target":{"@type":"EntryPoint","urlTemplate":"https:\/\/gblexprimer.com\/?s={search_term_string}"},"query-input":{"@type":"PropertyValueSpecification","valueRequired":true,"valueName":"search_term_string"}}],"inLanguage":"cs"},{"@type":"Organization","@id":"https:\/\/gblexprimer.com\/#organization","name":"GBL Express","url":"https:\/\/gblexprimer.com\/","logo":{"@type":"ImageObject","inLanguage":"cs","@id":"https:\/\/gblexprimer.com\/#\/schema\/logo\/image\/","url":"https:\/\/gblexprimer.com\/wp-content\/uploads\/2024\/01\/logo.png","contentUrl":"https:\/\/gblexprimer.com\/wp-content\/uploads\/2024\/01\/logo.png","width":220,"height":80,"caption":"GBL Exprimer"},"image":{"@id":"https:\/\/gblexprimer.com\/#\/schema\/logo\/image\/"}}]}},"_links":{"self":[{"href":"https:\/\/gblexprimer.com\/cs\/wp-json\/wp\/v2\/product\/5061","targetHints":{"allow":["GET"]}}],"collection":[{"href":"https:\/\/gblexprimer.com\/cs\/wp-json\/wp\/v2\/product"}],"about":[{"href":"https:\/\/gblexprimer.com\/cs\/wp-json\/wp\/v2\/types\/product"}],"replies":[{"embeddable":true,"href":"https:\/\/gblexprimer.com\/cs\/wp-json\/wp\/v2\/comments?post=5061"}],"wp:featuredmedia":[{"embeddable":true,"href":"https:\/\/gblexprimer.com\/cs\/wp-json\/wp\/v2\/media\/5271"}],"wp:attachment":[{"href":"https:\/\/gblexprimer.com\/cs\/wp-json\/wp\/v2\/media?parent=5061"}],"wp:term":[{"taxonomy":"product_brand","embeddable":true,"href":"https:\/\/gblexprimer.com\/cs\/wp-json\/wp\/v2\/product_brand?post=5061"},{"taxonomy":"product_cat","embeddable":true,"href":"https:\/\/gblexprimer.com\/cs\/wp-json\/wp\/v2\/product_cat?post=5061"},{"taxonomy":"product_tag","embeddable":true,"href":"https:\/\/gblexprimer.com\/cs\/wp-json\/wp\/v2\/product_tag?post=5061"}],"curies":[{"name":"wp","href":"https:\/\/api.w.org\/{rel}","templated":true}]}}