{"id":5142,"date":"2024-11-27T10:09:34","date_gmt":"2024-11-27T10:09:34","guid":{"rendered":"https:\/\/gblexprimer.com\/?post_type=product&#038;p=5142"},"modified":"2026-04-11T07:14:55","modified_gmt":"2026-04-11T07:14:55","slug":"dianabol-10mg","status":"publish","type":"product","link":"https:\/\/gblexprimer.com\/cs\/produkt\/dianabol-10mg\/","title":{"rendered":"Dianabol 10mg"},"content":{"rendered":"<h2><strong>Koupit Dianabol 10 mg \u2013 Maxim\u00e1ln\u00ed v\u00fdsledky pro kulturistiku<\/strong><\/h2>\n<p>Dianabol 10 mg online, tak\u00e9 zn\u00e1m\u00fd jako <a href=\"https:\/\/en.wikipedia.org\/wiki\/Metandienone\"><strong>M\u00e9thandi\u00e9none<\/strong><\/a>, est l\u2019un des st\u00e9ro\u00efdes les plus populaires chez les culturistes. Il favorise une croissance musculaire rapide, accro\u00eet la force et soutient les phases d&rsquo;entra\u00eenement intensives. Parfait pour le cycle de construction, Dianabol offre des r\u00e9sultats efficaces gr\u00e2ce \u00e0 une formule fiable. Achetez Dianabol 10 mg : offre des r\u00e9sultats efficaces gr\u00e2ce \u00e0 une formule fiable. <a href=\"https:\/\/gblexprimer.com\/cs\/produkt\/-19\/\">Achetez Dianabol 10 mg<\/a>. El<span lang=\"ES-PE\"> Dianabol je modifikovan\u00e1 forma molekuly testosteronu, navr\u017een\u00e1 tak, aby byla m\u00e9n\u011b androgenn\u00ed a vysoce anabolick\u00e1, s v\u00fdznamn\u00fdm vlivem na rozvoj sval\u016f. Jeho rychl\u00fd \u00fa\u010dinek umo\u017e\u0148uje u\u017eivateli nabrat a\u017e 8 kg svalov\u00e9 hmoty b\u011bhem n\u011bkolika t\u00fddn\u016f, a\u010dkoli v\u00fdsledky z\u00e1vis\u00ed jak na celkov\u00e9m kalorick\u00e9m p\u0159\u00edjmu, tak na pod\u00e1van\u00e9 d\u00e1vce. Dianabol je k dispozici v injek\u010dn\u00ed a peror\u00e1ln\u00ed form\u011b; peror\u00e1ln\u00ed forma je nejb\u011b\u017en\u011bji pou\u017e\u00edvan\u00e1 a v\u00fdsledky jsou srovnateln\u00e9 s v\u00fdsledky injek\u010dn\u00ed formy.<a href=\"https:\/\/gblexprimer.com\/cs\/produkt\/kokaina\/\">.<\/a><\/span><\/p>\n<p class=\"ds-markdown-paragraph\"><strong>Avantages du Dianabol<\/strong><\/p>\n<p class=\"ds-markdown-paragraph\">Les culturistes utilisent principalement le <strong>Dbol<\/strong> comme \u00ab\u00a0<strong>lanceur<\/strong>\u00a0\u00bb d&rsquo;un cycle de prise de masse.<\/p>\n<ul>\n<li>\n<p class=\"ds-markdown-paragraph\"><strong>Rychl\u00fd r\u016fst sval\u016f<\/strong> Nen\u00ed neobvykl\u00e9 br\u00e1t <strong>7 \u00e0 9 kg<\/strong> (15-20 lbs) au cours des 4 \u00e0 6 premi\u00e8res semaines (une partie de ce gain \u00e9tant cependant due \u00e0 la <strong>r\u00e9tention d&rsquo;eau<\/strong>).<\/p>\n<\/li>\n<li>\n<p class=\"ds-markdown-paragraph\"><strong>V\u00fdbu\u0161n\u00e1 s\u00edla<\/strong> V\u00fdrazn\u011b to zvy\u0161uje <strong>r\u00e9tention d&rsquo;azote<\/strong>, conduisant \u00e0 des <strong>progr\u00e8s imm\u00e9diats en force<\/strong>.<\/p>\n<\/li>\n<li>\n<p class=\"ds-markdown-paragraph\"><strong>R\u00e9cup\u00e9ration am\u00e9lior\u00e9e<\/strong> : Acc\u00e9l\u00e8re la <strong>r\u00e9paration des tissus musculaires<\/strong> entre les s\u00e9ances d&rsquo;entra\u00eenement.<\/p>\n<\/li>\n<\/ul>\n<p class=\"ds-markdown-paragraph\"><strong>Doporu\u010den\u00e9 d\u00e1vkov\u00e1n\u00ed a cykly<\/strong><\/p>\n<p class=\"ds-markdown-paragraph\"><em>Pozn\u00e1mka: N\u00e1sleduj\u00edc\u00ed informace slou\u017e\u00ed pouze pro informa\u010dn\u00ed \u00fa\u010dely. P\u0159ed pou\u017eit\u00edm si v\u017edy prove\u010fte d\u016fkladn\u00fd pr\u016fzkum.<\/em><\/p>\n<p class=\"ds-markdown-paragraph\">En raison de sa <strong>courte demi-vie<\/strong> (environ 3 \u00e0 5 heures), les utilisateurs r\u00e9partissent g\u00e9n\u00e9ralement leur <strong>dose quotidienne<\/strong> pour maintenir des <strong>taux sanguins stables<\/strong>.<\/p>\n<ul>\n<li>\n<p class=\"ds-markdown-paragraph\"><strong>D\u00e1vkov\u00e1n\u00ed pro za\u010d\u00e1te\u010dn\u00edky<\/strong> : 20 mg \u2013 30 mg denn\u011b.<\/p>\n<\/li>\n<li>\n<p class=\"ds-markdown-paragraph\"><strong>Posologie avanc\u00e9e<\/strong> : 40 mg \u2013 50 mg par jour.<\/p>\n<\/li>\n<li>\n<p class=\"ds-markdown-paragraph\"><strong>Doba cyklu<\/strong> : En raison du <strong>stress h\u00e9patique<\/strong>, les cycles de Dianabol sont g\u00e9n\u00e9ralement limit\u00e9s \u00e0 <strong>4 \u00e0 6 semaines<\/strong>.<\/p>\n<\/li>\n<\/ul>\n<p class=\"ds-markdown-paragraph\"><strong>B\u011b\u017en\u00e9 asociace (hromadn\u00e9)<\/strong> Dbol se z\u0159\u00eddka pou\u017e\u00edv\u00e1 samostatn\u011b. Je \u00fa\u010dinn\u011bj\u0161\u00ed v kombinaci s... <strong>testosteronov\u00e1 b\u00e1ze<\/strong> (comme l&rsquo;<strong>\u00c9nanthate<\/strong> ou le <a href=\"https:\/\/gblexprimer.com\/cs\/produkt\/dianabol-10mg\/\"><strong>Testosteron-cypion\u00e1t<\/strong><\/a>) pour maintenir des <strong>niveaux hormonaux masculins<\/strong>.<\/p>\n<p><strong><span lang=\"ES-PE\">V\u00fdhody Dianabolu oproti testosteronu<\/span><\/strong><\/p>\n<p><span lang=\"ES-PE\">Stejn\u011b jako testosteron, i Dianabol zvy\u0161uje synt\u00e9zu b\u00edlkovin a retenci dus\u00edku, ale nab\u00edz\u00ed tak\u00e9 jedine\u010dnou v\u00fdhodu: zvy\u0161uje glykogenol\u00fdzu. Tento proces umo\u017e\u0148uje t\u011blu efektivn\u011bji vyu\u017e\u00edvat p\u0159ijat\u00e9 sacharidy, co\u017e vede k vy\u0161\u0161\u00edm hladin\u00e1m svalov\u00e9ho glykogenu. To nejen d\u00e1v\u00e1 sval\u016fm pln\u011bj\u0161\u00ed a napumpovan\u011bj\u0161\u00ed vzhled, ale tak\u00e9 v\u00fdrazn\u011b zvy\u0161uje s\u00edlu a energii b\u011bhem tr\u00e9ninku, proto\u017ee glykogen a ATP jsou kl\u00ed\u010dov\u00fdmi palivy pro vysoce intenzivn\u00ed cvi\u010den\u00ed. Dianabol je proto ide\u00e1ln\u00ed pro ty, kte\u0159\u00ed cht\u011bj\u00ed zv\u00fd\u0161it svalovou hmotu a velikost a z\u00e1rove\u0148 maximalizovat p\u0159\u00edjem sacharid\u016f a kalori\u00ed. <a href=\"https:\/\/gblexprimer.com\/cs\/produkt\/dianabol-10mg\/\">Des achats sans tracas<\/a><\/span><\/p>\n<p><strong><span lang=\"ES-PE\">Ne\u017e\u00e1douc\u00ed \u00fa\u010dinky a bezpe\u010dnostn\u00ed opat\u0159en\u00ed<\/span><\/strong><\/p>\n<p><span lang=\"ES-PE\">Dianabol je alfa-methylovan\u00e1 l\u00e1tka, co\u017e znamen\u00e1 v\u011bt\u0161\u00ed jatern\u00ed toxicitu ne\u017e jin\u00e9 steroidy. B\u011bhem jeho u\u017e\u00edv\u00e1n\u00ed se b\u011b\u017en\u011b pozoruje zv\u00fd\u0161en\u00ed jatern\u00edch enzym\u016f, a\u010dkoli se tyto hladiny obvykle normalizuj\u00ed po ukon\u010den\u00ed u\u017e\u00edv\u00e1n\u00ed. Vzhledem k jeho vysok\u00e9 hepatotoxicit\u011b je nezbytn\u00e9 nep\u0159ekra\u010dovat doporu\u010den\u00e9 d\u00e1vkov\u00e1n\u00ed ani neprodlu\u017eovat jeho u\u017e\u00edv\u00e1n\u00ed po doporu\u010den\u00e9 dob\u011b.<\/span><\/p>\n<p><span lang=\"ES-PE\">Dal\u0161\u00edm kritick\u00fdm aspektem Dianabolu je jeho vysok\u00e1 konverze na estrogen, mnohem vy\u0161\u0161\u00ed ne\u017e u testosteronu. Z tohoto d\u016fvodu se doporu\u010duje kombinovat jeho u\u017e\u00edv\u00e1n\u00ed s inhibitorem estrogenu, jako je Arimidex (anastrozol), kter\u00fd je v t\u011bchto p\u0159\u00edpadech \u00fa\u010dinn\u011bj\u0161\u00ed ne\u017e tamoxifen (Nolvadex). Kontrola t\u00e9to konverze pom\u00e1h\u00e1 p\u0159edch\u00e1zet ne\u017e\u00e1douc\u00edmu zadr\u017eov\u00e1n\u00ed vody a udr\u017eovat pevn\u011bj\u0161\u00ed a definovan\u011bj\u0161\u00ed svalov\u00fd vzhled, a tak\u00e9 sni\u017euje rizika, jako je hypertenze a gynekomastie. <a href=\"https:\/\/gblexprimer.com\/cs\/\"><strong>GBLExpress<\/strong><\/a><\/span><\/p>\n<p><span lang=\"ES-PE\">Stru\u010dn\u011b \u0159e\u010deno, a\u010dkoli je Dianabol extr\u00e9mn\u011b \u00fa\u010dinn\u00fd p\u0159i rychl\u00e9m n\u00e1r\u016fstu svalov\u00e9 hmoty, s jeho u\u017e\u00edv\u00e1n\u00edm je t\u0159eba zach\u00e1zet opatrn\u011b kv\u016fli jeho potenci\u00e1ln\u00edm vedlej\u0161\u00edm \u00fa\u010dink\u016fm. <\/span><\/p>","protected":false},"excerpt":{"rendered":"<p class=\"ds-markdown-paragraph\"><strong>Dianoxyl 10<\/strong> je <strong>st\u00e9ro\u00efde anabolisant oral de qualit\u00e9 premium<\/strong> fabriqu\u00e9 par <strong>Kalpa Pharmaceuticals<\/strong>. Chaque comprim\u00e9 contient <strong>10 mg de M\u00e9thandi\u00e9none<\/strong> (commun\u00e9ment appel\u00e9e <strong>Dianabol<\/strong> nebo <strong>Dbol<\/strong>), un compos\u00e9 <strong>classique et puissant<\/strong> utilis\u00e9 pour favoriser une <strong>croissance musculaire rapide<\/strong>a <strong>gains de force<\/strong> a <strong>r\u00e9cup\u00e9ration am\u00e9lior\u00e9e<\/strong>. Ce format <strong>\u00e0 faible dosage<\/strong> est id\u00e9al pour les <strong>premiers utilisateurs<\/strong> ou ceux recherchant un <strong>contr\u00f4le pr\u00e9cis du dosage<\/strong>.<\/p>\n<p class=\"ds-markdown-paragraph\"><strong>Qu&rsquo;est-ce que la M\u00e9thandi\u00e9none ?<\/strong><\/p>\n<p class=\"ds-markdown-paragraph\">La M\u00e9thandi\u00e9none est un <strong>d\u00e9riv\u00e9 synth\u00e9tique<\/strong> de la testost\u00e9rone, dot\u00e9 de <strong>fortes propri\u00e9t\u00e9s anabolisantes<\/strong> et d&rsquo;effets <strong>androg\u00e8nes mod\u00e9r\u00e9s<\/strong>. Elle permet une <strong>meilleure r\u00e9tention de l&rsquo;azote<\/strong>, am\u00e9liore la <strong>synth\u00e8se prot\u00e9ique<\/strong> et acc\u00e9l\u00e8re la <strong>r\u00e9paration des tissus musculaires<\/strong>. Selon la <strong>Biblioth\u00e8que Nationale de M\u00e9decine<\/strong>, la M\u00e9thandi\u00e9none est l&rsquo;un des <strong>st\u00e9ro\u00efdes oraux les plus \u00e9tudi\u00e9s<\/strong> dans le milieu de la musculation pour son efficacit\u00e9 \u00e0 favoriser le <strong>gain de masse s\u00e8che<\/strong>.<\/p>\n<p class=\"ds-markdown-paragraph\"><strong>Comment utiliser le Dianoxyl 10<\/strong><\/p>\n<ul>\n<li>\n<p class=\"ds-markdown-paragraph\"><strong>Dose pour d\u00e9butant :<\/strong> 20\u201330 mg\/jour<\/p>\n<\/li>\n<li>\n<p class=\"ds-markdown-paragraph\"><strong>Dose interm\u00e9diaire :<\/strong> 30\u201350 mg\/jour<\/p>\n<\/li>\n<li>\n<p class=\"ds-markdown-paragraph\"><strong>Dur\u00e9e d&rsquo;un cycle :<\/strong> 4\u20136 semaines<\/p>\n<\/li>\n<\/ul>\n<p class=\"ds-markdown-paragraph\">Il est recommand\u00e9 de prendre le Dianoxyl 10 en <strong>doses fractionn\u00e9es<\/strong> (matin et avant l&rsquo;entra\u00eenement) pour maintenir des <strong>taux sanguins stables<\/strong>. Son utilisation au-del\u00e0 de <strong>6 semaines<\/strong> n&rsquo;est pas recommand\u00e9e en raison de son potentiel <strong>h\u00e9patotoxique<\/strong>.<\/p>","protected":false},"featured_media":5269,"comment_status":"open","ping_status":"closed","template":"","meta":{"site-sidebar-layout":"default","site-content-layout":"","ast-site-content-layout":"default","site-content-style":"default","site-sidebar-style":"default","ast-global-header-display":"","ast-banner-title-visibility":"","ast-main-header-display":"","ast-hfb-above-header-display":"","ast-hfb-below-header-display":"","ast-hfb-mobile-header-display":"","site-post-title":"","ast-breadcrumbs-content":"","ast-featured-img":"","footer-sml-layout":"","theme-transparent-header-meta":"default","adv-header-id-meta":"","stick-header-meta":"","header-above-stick-meta":"","header-main-stick-meta":"","header-below-stick-meta":"","astra-migrate-meta-layouts":"set","ast-page-background-enabled":"default","ast-page-background-meta":{"desktop":{"background-color":"","background-image":"","background-repeat":"repeat","background-position":"center center","background-size":"auto","background-attachment":"scroll","background-type":"","background-media":"","overlay-type":"","overlay-color":"","overlay-opacity":"","overlay-gradient":""},"tablet":{"background-color":"","background-image":"","background-repeat":"repeat","background-position":"center center","background-size":"auto","background-attachment":"scroll","background-type":"","background-media":"","overlay-type":"","overlay-color":"","overlay-opacity":"","overlay-gradient":""},"mobile":{"background-color":"","background-image":"","background-repeat":"repeat","background-position":"center center","background-size":"auto","background-attachment":"scroll","background-type":"","background-media":"","overlay-type":"","overlay-color":"","overlay-opacity":"","overlay-gradient":""}},"ast-content-background-meta":{"desktop":{"background-color":"var(--ast-global-color-5)","background-image":"","background-repeat":"repeat","background-position":"center center","background-size":"auto","background-attachment":"scroll","background-type":"","background-media":"","overlay-type":"","overlay-color":"","overlay-opacity":"","overlay-gradient":""},"tablet":{"background-color":"var(--ast-global-color-5)","background-image":"","background-repeat":"repeat","background-position":"center center","background-size":"auto","background-attachment":"scroll","background-type":"","background-media":"","overlay-type":"","overlay-color":"","overlay-opacity":"","overlay-gradient":""},"mobile":{"background-color":"var(--ast-global-color-5)","background-image":"","background-repeat":"repeat","background-position":"center center","background-size":"auto","background-attachment":"scroll","background-type":"","background-media":"","overlay-type":"","overlay-color":"","overlay-opacity":"","overlay-gradient":""}},"_joinchat":[]},"product_brand":[],"product_cat":[583],"product_tag":[],"class_list":{"0":"post-5142","1":"product","2":"type-product","3":"status-publish","4":"has-post-thumbnail","6":"product_cat-steroids","7":"desktop-align-left","8":"tablet-align-left","9":"mobile-align-left","11":"first","12":"instock","13":"shipping-taxable","14":"purchasable","15":"product-type-variable"},"yoast_head":"<!-- This site is optimized with the Yoast SEO plugin v26.9 - https:\/\/yoast.com\/product\/yoast-seo-wordpress\/ -->\n<title>Acheter du Dianabol 10 mg en ligne \u2013 Dianabol 10 mg \u00e0 vendre<\/title>\n<meta name=\"description\" content=\"Le Dianabol (m\u00e9thandrost\u00e9nolone) est un st\u00e9ro\u00efde anabolisant historiquement utilis\u00e9 pour favoriser la croissance musculaire et l&#039;augmentation de la force. En raison de ses effets secondaires potentiels et de son usage d\u00e9tourn\u00e9, il est r\u00e9glement\u00e9 dans de nombreux pays.\" \/>\n<meta name=\"robots\" content=\"index, follow, max-snippet:-1, max-image-preview:large, max-video-preview:-1\" \/>\n<link rel=\"canonical\" href=\"https:\/\/gblexprimer.com\/cs\/produkt\/dianabol-10mg\/\" \/>\n<meta property=\"og:locale\" content=\"cs_CZ\" \/>\n<meta property=\"og:type\" content=\"article\" \/>\n<meta property=\"og:title\" content=\"Acheter du Dianabol 10 mg en ligne \u2013 Dianabol 10 mg \u00e0 vendre\" \/>\n<meta property=\"og:description\" content=\"Le Dianabol (m\u00e9thandrost\u00e9nolone) est un st\u00e9ro\u00efde anabolisant historiquement utilis\u00e9 pour favoriser la croissance musculaire et l&#039;augmentation de la force. En raison de ses effets secondaires potentiels et de son usage d\u00e9tourn\u00e9, il est r\u00e9glement\u00e9 dans de nombreux pays.\" \/>\n<meta property=\"og:url\" content=\"https:\/\/gblexprimer.com\/cs\/produkt\/dianabol-10mg\/\" \/>\n<meta property=\"og:site_name\" content=\"GBL Exprimer\" \/>\n<meta property=\"article:modified_time\" content=\"2026-04-11T07:14:55+00:00\" \/>\n<meta property=\"og:image\" content=\"https:\/\/gblexprimer.com\/wp-content\/uploads\/2024\/11\/Dianabol-10mg.jpg\" \/>\n\t<meta property=\"og:image:width\" content=\"600\" \/>\n\t<meta property=\"og:image:height\" content=\"600\" \/>\n\t<meta property=\"og:image:type\" content=\"image\/jpeg\" \/>\n<meta name=\"twitter:card\" content=\"summary_large_image\" \/>\n<meta name=\"twitter:label1\" content=\"Odhadovan\u00e1 doba \u010dten\u00ed\" \/>\n\t<meta name=\"twitter:data1\" content=\"4 minuty\" \/>\n<script type=\"application\/ld+json\" class=\"yoast-schema-graph\">{\"@context\":\"https:\/\/schema.org\",\"@graph\":[{\"@type\":\"WebPage\",\"@id\":\"https:\/\/gblexprimer.com\/product\/dianabol-10mg\/\",\"url\":\"https:\/\/gblexprimer.com\/product\/dianabol-10mg\/\",\"name\":\"Acheter du Dianabol 10 mg en ligne \u2013 Dianabol 10 mg \u00e0 vendre\",\"isPartOf\":{\"@id\":\"https:\/\/gblexprimer.com\/#website\"},\"primaryImageOfPage\":{\"@id\":\"https:\/\/gblexprimer.com\/product\/dianabol-10mg\/#primaryimage\"},\"image\":{\"@id\":\"https:\/\/gblexprimer.com\/product\/dianabol-10mg\/#primaryimage\"},\"thumbnailUrl\":\"https:\/\/gblexprimer.com\/wp-content\/uploads\/2024\/11\/Dianabol-10mg.jpg\",\"datePublished\":\"2024-11-27T10:09:34+00:00\",\"dateModified\":\"2026-04-11T07:14:55+00:00\",\"description\":\"Le Dianabol (m\u00e9thandrost\u00e9nolone) est un st\u00e9ro\u00efde anabolisant historiquement utilis\u00e9 pour favoriser la croissance musculaire et l'augmentation de la force. En raison de ses effets secondaires potentiels et de son usage d\u00e9tourn\u00e9, il est r\u00e9glement\u00e9 dans de nombreux pays.\",\"breadcrumb\":{\"@id\":\"https:\/\/gblexprimer.com\/product\/dianabol-10mg\/#breadcrumb\"},\"inLanguage\":\"cs\",\"potentialAction\":[{\"@type\":\"ReadAction\",\"target\":[\"https:\/\/gblexprimer.com\/product\/dianabol-10mg\/\"]}]},{\"@type\":\"ImageObject\",\"inLanguage\":\"cs\",\"@id\":\"https:\/\/gblexprimer.com\/product\/dianabol-10mg\/#primaryimage\",\"url\":\"https:\/\/gblexprimer.com\/wp-content\/uploads\/2024\/11\/Dianabol-10mg.jpg\",\"contentUrl\":\"https:\/\/gblexprimer.com\/wp-content\/uploads\/2024\/11\/Dianabol-10mg.jpg\",\"width\":600,\"height\":600,\"caption\":\"Dianabol-10mg\"},{\"@type\":\"BreadcrumbList\",\"@id\":\"https:\/\/gblexprimer.com\/product\/dianabol-10mg\/#breadcrumb\",\"itemListElement\":[{\"@type\":\"ListItem\",\"position\":1,\"name\":\"Home\",\"item\":\"https:\/\/gblexprimer.com\/\"},{\"@type\":\"ListItem\",\"position\":2,\"name\":\"Shop\",\"item\":\"https:\/\/gblexprimer.com\/shop\/\"},{\"@type\":\"ListItem\",\"position\":3,\"name\":\"Dianabol 10mg\"}]},{\"@type\":\"WebSite\",\"@id\":\"https:\/\/gblexprimer.com\/#website\",\"url\":\"https:\/\/gblexprimer.com\/\",\"name\":\"GBL Exprimer\",\"description\":\"\",\"publisher\":{\"@id\":\"https:\/\/gblexprimer.com\/#organization\"},\"potentialAction\":[{\"@type\":\"SearchAction\",\"target\":{\"@type\":\"EntryPoint\",\"urlTemplate\":\"https:\/\/gblexprimer.com\/?s={search_term_string}\"},\"query-input\":{\"@type\":\"PropertyValueSpecification\",\"valueRequired\":true,\"valueName\":\"search_term_string\"}}],\"inLanguage\":\"cs\"},{\"@type\":\"Organization\",\"@id\":\"https:\/\/gblexprimer.com\/#organization\",\"name\":\"GBL Exprimer\",\"url\":\"https:\/\/gblexprimer.com\/\",\"logo\":{\"@type\":\"ImageObject\",\"inLanguage\":\"cs\",\"@id\":\"https:\/\/gblexprimer.com\/#\/schema\/logo\/image\/\",\"url\":\"https:\/\/gblexprimer.com\/wp-content\/uploads\/2024\/01\/logo.png\",\"contentUrl\":\"https:\/\/gblexprimer.com\/wp-content\/uploads\/2024\/01\/logo.png\",\"width\":220,\"height\":80,\"caption\":\"GBL Exprimer\"},\"image\":{\"@id\":\"https:\/\/gblexprimer.com\/#\/schema\/logo\/image\/\"}}]}<\/script>\n<!-- \/ Yoast SEO plugin. -->","yoast_head_json":{"title":"Acheter du Dianabol 10 mg en ligne \u2013 Dianabol 10 mg \u00e0 vendre","description":"Le Dianabol (m\u00e9thandrost\u00e9nolone) est un st\u00e9ro\u00efde anabolisant historiquement utilis\u00e9 pour favoriser la croissance musculaire et l'augmentation de la force. En raison de ses effets secondaires potentiels et de son usage d\u00e9tourn\u00e9, il est r\u00e9glement\u00e9 dans de nombreux pays.","robots":{"index":"index","follow":"follow","max-snippet":"max-snippet:-1","max-image-preview":"max-image-preview:large","max-video-preview":"max-video-preview:-1"},"canonical":"https:\/\/gblexprimer.com\/cs\/produkt\/dianabol-10mg\/","og_locale":"cs_CZ","og_type":"article","og_title":"Acheter du Dianabol 10 mg en ligne \u2013 Dianabol 10 mg \u00e0 vendre","og_description":"Le Dianabol (m\u00e9thandrost\u00e9nolone) est un st\u00e9ro\u00efde anabolisant historiquement utilis\u00e9 pour favoriser la croissance musculaire et l'augmentation de la force. En raison de ses effets secondaires potentiels et de son usage d\u00e9tourn\u00e9, il est r\u00e9glement\u00e9 dans de nombreux pays.","og_url":"https:\/\/gblexprimer.com\/cs\/produkt\/dianabol-10mg\/","og_site_name":"GBL Exprimer","article_modified_time":"2026-04-11T07:14:55+00:00","og_image":[{"width":600,"height":600,"url":"https:\/\/gblexprimer.com\/wp-content\/uploads\/2024\/11\/Dianabol-10mg.jpg","type":"image\/jpeg"}],"twitter_card":"summary_large_image","twitter_misc":{"Odhadovan\u00e1 doba \u010dten\u00ed":"4 minuty"},"schema":{"@context":"https:\/\/schema.org","@graph":[{"@type":"WebPage","@id":"https:\/\/gblexprimer.com\/product\/dianabol-10mg\/","url":"https:\/\/gblexprimer.com\/product\/dianabol-10mg\/","name":"Acheter du Dianabol 10 mg en ligne \u2013 Dianabol 10 mg \u00e0 vendre","isPartOf":{"@id":"https:\/\/gblexprimer.com\/#website"},"primaryImageOfPage":{"@id":"https:\/\/gblexprimer.com\/product\/dianabol-10mg\/#primaryimage"},"image":{"@id":"https:\/\/gblexprimer.com\/product\/dianabol-10mg\/#primaryimage"},"thumbnailUrl":"https:\/\/gblexprimer.com\/wp-content\/uploads\/2024\/11\/Dianabol-10mg.jpg","datePublished":"2024-11-27T10:09:34+00:00","dateModified":"2026-04-11T07:14:55+00:00","description":"Le Dianabol (m\u00e9thandrost\u00e9nolone) est un st\u00e9ro\u00efde anabolisant historiquement utilis\u00e9 pour favoriser la croissance musculaire et l'augmentation de la force. En raison de ses effets secondaires potentiels et de son usage d\u00e9tourn\u00e9, il est r\u00e9glement\u00e9 dans de nombreux pays.","breadcrumb":{"@id":"https:\/\/gblexprimer.com\/product\/dianabol-10mg\/#breadcrumb"},"inLanguage":"cs","potentialAction":[{"@type":"ReadAction","target":["https:\/\/gblexprimer.com\/product\/dianabol-10mg\/"]}]},{"@type":"ImageObject","inLanguage":"cs","@id":"https:\/\/gblexprimer.com\/product\/dianabol-10mg\/#primaryimage","url":"https:\/\/gblexprimer.com\/wp-content\/uploads\/2024\/11\/Dianabol-10mg.jpg","contentUrl":"https:\/\/gblexprimer.com\/wp-content\/uploads\/2024\/11\/Dianabol-10mg.jpg","width":600,"height":600,"caption":"Dianabol-10mg"},{"@type":"BreadcrumbList","@id":"https:\/\/gblexprimer.com\/product\/dianabol-10mg\/#breadcrumb","itemListElement":[{"@type":"ListItem","position":1,"name":"Home","item":"https:\/\/gblexprimer.com\/"},{"@type":"ListItem","position":2,"name":"Shop","item":"https:\/\/gblexprimer.com\/shop\/"},{"@type":"ListItem","position":3,"name":"Dianabol 10mg"}]},{"@type":"WebSite","@id":"https:\/\/gblexprimer.com\/#website","url":"https:\/\/gblexprimer.com\/","name":"GBL Express","description":"","publisher":{"@id":"https:\/\/gblexprimer.com\/#organization"},"potentialAction":[{"@type":"SearchAction","target":{"@type":"EntryPoint","urlTemplate":"https:\/\/gblexprimer.com\/?s={search_term_string}"},"query-input":{"@type":"PropertyValueSpecification","valueRequired":true,"valueName":"search_term_string"}}],"inLanguage":"cs"},{"@type":"Organization","@id":"https:\/\/gblexprimer.com\/#organization","name":"GBL Express","url":"https:\/\/gblexprimer.com\/","logo":{"@type":"ImageObject","inLanguage":"cs","@id":"https:\/\/gblexprimer.com\/#\/schema\/logo\/image\/","url":"https:\/\/gblexprimer.com\/wp-content\/uploads\/2024\/01\/logo.png","contentUrl":"https:\/\/gblexprimer.com\/wp-content\/uploads\/2024\/01\/logo.png","width":220,"height":80,"caption":"GBL Exprimer"},"image":{"@id":"https:\/\/gblexprimer.com\/#\/schema\/logo\/image\/"}}]}},"_links":{"self":[{"href":"https:\/\/gblexprimer.com\/cs\/wp-json\/wp\/v2\/product\/5142","targetHints":{"allow":["GET"]}}],"collection":[{"href":"https:\/\/gblexprimer.com\/cs\/wp-json\/wp\/v2\/product"}],"about":[{"href":"https:\/\/gblexprimer.com\/cs\/wp-json\/wp\/v2\/types\/product"}],"replies":[{"embeddable":true,"href":"https:\/\/gblexprimer.com\/cs\/wp-json\/wp\/v2\/comments?post=5142"}],"wp:featuredmedia":[{"embeddable":true,"href":"https:\/\/gblexprimer.com\/cs\/wp-json\/wp\/v2\/media\/5269"}],"wp:attachment":[{"href":"https:\/\/gblexprimer.com\/cs\/wp-json\/wp\/v2\/media?parent=5142"}],"wp:term":[{"taxonomy":"product_brand","embeddable":true,"href":"https:\/\/gblexprimer.com\/cs\/wp-json\/wp\/v2\/product_brand?post=5142"},{"taxonomy":"product_cat","embeddable":true,"href":"https:\/\/gblexprimer.com\/cs\/wp-json\/wp\/v2\/product_cat?post=5142"},{"taxonomy":"product_tag","embeddable":true,"href":"https:\/\/gblexprimer.com\/cs\/wp-json\/wp\/v2\/product_tag?post=5142"}],"curies":[{"name":"wp","href":"https:\/\/api.w.org\/{rel}","templated":true}]}}