{"id":5143,"date":"2024-11-27T10:09:34","date_gmt":"2024-11-27T10:09:34","guid":{"rendered":"https:\/\/gblexprimer.com\/?post_type=product&#038;p=5143"},"modified":"2026-04-10T10:07:10","modified_gmt":"2026-04-10T10:07:10","slug":"anavar-50mg","status":"publish","type":"product","link":"https:\/\/gblexprimer.com\/cs\/produkt\/anavar-50mg\/","title":{"rendered":"Anavar 50mg"},"content":{"rendered":"<h2>Anavar 50 mg: Jeho reputace ve sv\u011bt\u011b fitness<\/h2>\n<p><a href=\"https:\/\/gblexprimer.com\/cs\/produkt\/anavar-50mg\/\">Anavar 50 mg<\/a> V komunit\u00e1ch zam\u011b\u0159en\u00fdch na kulturistiku a fitness je \u010dasto zmi\u0148ov\u00e1n pro svou reputaci v oblasti definice sval\u016f a hubnut\u00ed. Mnoho sportovc\u016f jej pou\u017e\u00edv\u00e1 b\u011bhem f\u00e1z\u00ed \u0159ez\u00e1n\u00ed, proto\u017ee je obecn\u011b spojov\u00e1n s udr\u017een\u00edm svalov\u00e9 hmoty a z\u00e1rove\u0148 sni\u017eov\u00e1n\u00edm tukov\u00e9 hmoty.<\/p>\n<h3>Pro\u010d je Anavar 50 mg tak popul\u00e1rn\u00ed?<\/h3>\n<p>Definice sval\u016f bez nadm\u011brn\u00e9ho nab\u00edr\u00e1n\u00ed hmoty<\/p>\n<p>Anavar je \u010dasto citov\u00e1n pro svou schopnost podporovat \u0161t\u00edhl\u00fd a svalnat\u00fd vzhled sp\u00ed\u0161e ne\u017e v\u00fdrazn\u00e9 nab\u00edr\u00e1n\u00ed hmoty. Proto je obl\u00edben\u00fd u lid\u00ed, kte\u0159\u00ed se zaj\u00edmaj\u00ed o estetiku a definici svalov\u00e9 hmoty.<\/p>\n<h3>Pom\u00e1h\u00e1 p\u0159i odbour\u00e1v\u00e1n\u00ed tuk\u016f b\u011bhem f\u00e1z\u00ed \u0159ez\u00e1n\u00ed<\/h3>\n<p>U\u017eivatel\u00e9 si \u010dasto spojuj\u00ed Anavar se zlep\u0161en\u00fdm metabolismem, co\u017e m\u016f\u017ee v kombinaci se strukturovan\u00fdm tr\u00e9ninkem a v\u00fd\u017eivou podpo\u0159it odbour\u00e1v\u00e1n\u00ed tuk\u016f. <a href=\"https:\/\/gblexprimer.com\/cs\/\">GBLExpress<\/a><\/p>\n<h3>Zlep\u0161en\u00e1 s\u00edla a vytrvalost<\/h3>\n<p>Dal\u0161\u00edm \u010dasto uv\u00e1d\u011bn\u00fdm p\u0159\u00ednosem je zlep\u0161en\u00ed s\u00edly a vytrvalosti, co\u017e umo\u017e\u0148uje pravideln\u011bj\u0161\u00ed a intenzivn\u011bj\u0161\u00ed tr\u00e9ninky.<\/p>\n<h3>Profil vn\u00edm\u00e1n jako jemn\u011bj\u0161\u00ed<\/h3>\n<p>Compar\u00e9 \u00e0 d&rsquo;autres compos\u00e9s anabolisants, l&rsquo;Anavar est souvent d\u00e9crit comme \u00e9tant plus doux lorsqu&rsquo;il est utilis\u00e9 de <a href=\"https:\/\/gblexprimer.com\/cs\/produkt\/deca-durabin-300mg\/\">mani\u00e8re<\/a> responsable, ce qui explique pourquoi il est parfois \u00e9voqu\u00e9 aussi bien par les d\u00e9butants que par les athl\u00e8tes confirm\u00e9s.<\/p>\n<h3>D\u016fle\u017eit\u00e9 informace t\u00fdkaj\u00edc\u00ed se bezpe\u010dnosti a legislativy<\/h3>\n<p><a href=\"https:\/\/en.wikipedia.org\/?title=Anavar&amp;redirect=no\">L&rsquo;Anavar (oxandrolone)<\/a> Tento l\u00e9k je v mnoha zem\u00edch na p\u0159edpis a jeho u\u017e\u00edv\u00e1n\u00ed bez l\u00e9ka\u0159sk\u00e9ho dohledu m\u016f\u017ee b\u00fdt omezen\u00e9 nebo dokonce neleg\u00e1ln\u00ed. D\u00e1vkov\u00e1n\u00ed, d\u00e9lka l\u00e9\u010dby a individu\u00e1ln\u00ed zdravotn\u00ed stav hraj\u00ed v bezpe\u010dnosti hlavn\u00ed roli a zneu\u017eit\u00ed m\u016f\u017ee v\u00e9st k ne\u017e\u00e1douc\u00edm \u00fa\u010dink\u016fm.<\/p>\n<p>Ka\u017ed\u00fd, kdo zva\u017euje u\u017e\u00edv\u00e1n\u00ed l\u00e1tek zvy\u0161uj\u00edc\u00edch v\u00fdkonnost, by m\u011bl up\u0159ednostnit l\u00e9ka\u0159skou pomoc, dostate\u010dn\u00e9 informace a znalost m\u00edstn\u00edch pr\u00e1vn\u00edch p\u0159edpis\u016f.<\/p>\n<h3>Z\u00e1v\u011br<\/h3>\n<p>Anavar 50 mg i nad\u00e1le p\u0159itahuje z\u00e1jem t\u011bch, kte\u0159\u00ed se zam\u011b\u0159uj\u00ed na definici sval\u016f, hojen\u00ed tuku a zlep\u0161ov\u00e1n\u00ed sportovn\u00edho v\u00fdkonu. Informovan\u00e9 rozhodov\u00e1n\u00ed, dodr\u017eov\u00e1n\u00ed z\u00e1konn\u00fdch po\u017eadavk\u016f a zv\u00e1\u017een\u00ed zdravotn\u00edch rizik by v\u0161ak v\u017edy m\u011bly b\u00fdt prvo\u0159ad\u00e9.<\/p>","protected":false},"excerpt":{"rendered":"<p>Anavar 50 mg : Sa r\u00e9putation dans le milieu du fitness Anavar 50 mg est souvent \u00e9voqu\u00e9 dans les communaut\u00e9s de musculation et de fitness pour sa r\u00e9putation en mati\u00e8re de d\u00e9finition musculaire et de perte de graisse. De nombreux athl\u00e8tes l&rsquo;utilisent lors des phases de s\u00e8che, car il est g\u00e9n\u00e9ralement associ\u00e9 \u00e0 la pr\u00e9servation [&hellip;]<\/p>","protected":false},"featured_media":5264,"comment_status":"open","ping_status":"closed","template":"","meta":{"site-sidebar-layout":"default","site-content-layout":"","ast-site-content-layout":"default","site-content-style":"default","site-sidebar-style":"default","ast-global-header-display":"","ast-banner-title-visibility":"","ast-main-header-display":"","ast-hfb-above-header-display":"","ast-hfb-below-header-display":"","ast-hfb-mobile-header-display":"","site-post-title":"","ast-breadcrumbs-content":"","ast-featured-img":"","footer-sml-layout":"","theme-transparent-header-meta":"default","adv-header-id-meta":"","stick-header-meta":"","header-above-stick-meta":"","header-main-stick-meta":"","header-below-stick-meta":"","astra-migrate-meta-layouts":"set","ast-page-background-enabled":"default","ast-page-background-meta":{"desktop":{"background-color":"","background-image":"","background-repeat":"repeat","background-position":"center center","background-size":"auto","background-attachment":"scroll","background-type":"","background-media":"","overlay-type":"","overlay-color":"","overlay-opacity":"","overlay-gradient":""},"tablet":{"background-color":"","background-image":"","background-repeat":"repeat","background-position":"center center","background-size":"auto","background-attachment":"scroll","background-type":"","background-media":"","overlay-type":"","overlay-color":"","overlay-opacity":"","overlay-gradient":""},"mobile":{"background-color":"","background-image":"","background-repeat":"repeat","background-position":"center center","background-size":"auto","background-attachment":"scroll","background-type":"","background-media":"","overlay-type":"","overlay-color":"","overlay-opacity":"","overlay-gradient":""}},"ast-content-background-meta":{"desktop":{"background-color":"var(--ast-global-color-5)","background-image":"","background-repeat":"repeat","background-position":"center center","background-size":"auto","background-attachment":"scroll","background-type":"","background-media":"","overlay-type":"","overlay-color":"","overlay-opacity":"","overlay-gradient":""},"tablet":{"background-color":"var(--ast-global-color-5)","background-image":"","background-repeat":"repeat","background-position":"center center","background-size":"auto","background-attachment":"scroll","background-type":"","background-media":"","overlay-type":"","overlay-color":"","overlay-opacity":"","overlay-gradient":""},"mobile":{"background-color":"var(--ast-global-color-5)","background-image":"","background-repeat":"repeat","background-position":"center center","background-size":"auto","background-attachment":"scroll","background-type":"","background-media":"","overlay-type":"","overlay-color":"","overlay-opacity":"","overlay-gradient":""}},"_joinchat":[]},"product_brand":[],"product_cat":[583],"product_tag":[],"class_list":{"0":"post-5143","1":"product","2":"type-product","3":"status-publish","4":"has-post-thumbnail","6":"product_cat-steroids","7":"desktop-align-left","8":"tablet-align-left","9":"mobile-align-left","11":"first","12":"instock","13":"shipping-taxable","14":"purchasable","15":"product-type-variable"},"yoast_head":"<!-- This site is optimized with the Yoast SEO plugin v26.9 - https:\/\/yoast.com\/product\/yoast-seo-wordpress\/ -->\n<title>Acheter Anavar 50 mg en ligne \u2013 Anavar 50 mg \u00e0 vendre<\/title>\n<meta name=\"description\" content=\"L&#039;Anavar (oxandrolone) est un st\u00e9ro\u00efde anabolisant \u00e9tudi\u00e9 en ligne pour ses applications m\u00e9dicales et ses effets sur la performance. D\u00e9couvrez ses caract\u00e9ristiques, ses effets potentiels et les pr\u00e9cautions \u00e0 prendre pour votre sant\u00e9.\" \/>\n<meta name=\"robots\" content=\"index, follow, max-snippet:-1, max-image-preview:large, max-video-preview:-1\" \/>\n<link rel=\"canonical\" href=\"https:\/\/gblexprimer.com\/cs\/produkt\/anavar-50mg\/\" \/>\n<meta property=\"og:locale\" content=\"cs_CZ\" \/>\n<meta property=\"og:type\" content=\"article\" \/>\n<meta property=\"og:title\" content=\"Acheter Anavar 50 mg en ligne \u2013 Anavar 50 mg \u00e0 vendre\" \/>\n<meta property=\"og:description\" content=\"L&#039;Anavar (oxandrolone) est un st\u00e9ro\u00efde anabolisant \u00e9tudi\u00e9 en ligne pour ses applications m\u00e9dicales et ses effets sur la performance. D\u00e9couvrez ses caract\u00e9ristiques, ses effets potentiels et les pr\u00e9cautions \u00e0 prendre pour votre sant\u00e9.\" \/>\n<meta property=\"og:url\" content=\"https:\/\/gblexprimer.com\/cs\/produkt\/anavar-50mg\/\" \/>\n<meta property=\"og:site_name\" content=\"GBL Exprimer\" \/>\n<meta property=\"article:modified_time\" content=\"2026-04-10T10:07:10+00:00\" \/>\n<meta property=\"og:image\" content=\"https:\/\/gblexprimer.com\/wp-content\/uploads\/2024\/11\/Anavar-50mg.jpg\" \/>\n\t<meta property=\"og:image:width\" content=\"600\" \/>\n\t<meta property=\"og:image:height\" content=\"600\" \/>\n\t<meta property=\"og:image:type\" content=\"image\/jpeg\" \/>\n<meta name=\"twitter:card\" content=\"summary_large_image\" \/>\n<meta name=\"twitter:label1\" content=\"Odhadovan\u00e1 doba \u010dten\u00ed\" \/>\n\t<meta name=\"twitter:data1\" content=\"2 minuty\" \/>\n<script type=\"application\/ld+json\" class=\"yoast-schema-graph\">{\"@context\":\"https:\/\/schema.org\",\"@graph\":[{\"@type\":\"WebPage\",\"@id\":\"https:\/\/gblexprimer.com\/product\/anavar-50mg\/\",\"url\":\"https:\/\/gblexprimer.com\/product\/anavar-50mg\/\",\"name\":\"Acheter Anavar 50 mg en ligne \u2013 Anavar 50 mg \u00e0 vendre\",\"isPartOf\":{\"@id\":\"https:\/\/gblexprimer.com\/#website\"},\"primaryImageOfPage\":{\"@id\":\"https:\/\/gblexprimer.com\/product\/anavar-50mg\/#primaryimage\"},\"image\":{\"@id\":\"https:\/\/gblexprimer.com\/product\/anavar-50mg\/#primaryimage\"},\"thumbnailUrl\":\"https:\/\/gblexprimer.com\/wp-content\/uploads\/2024\/11\/Anavar-50mg.jpg\",\"datePublished\":\"2024-11-27T10:09:34+00:00\",\"dateModified\":\"2026-04-10T10:07:10+00:00\",\"description\":\"L'Anavar (oxandrolone) est un st\u00e9ro\u00efde anabolisant \u00e9tudi\u00e9 en ligne pour ses applications m\u00e9dicales et ses effets sur la performance. D\u00e9couvrez ses caract\u00e9ristiques, ses effets potentiels et les pr\u00e9cautions \u00e0 prendre pour votre sant\u00e9.\",\"breadcrumb\":{\"@id\":\"https:\/\/gblexprimer.com\/product\/anavar-50mg\/#breadcrumb\"},\"inLanguage\":\"cs\",\"potentialAction\":[{\"@type\":\"ReadAction\",\"target\":[\"https:\/\/gblexprimer.com\/product\/anavar-50mg\/\"]}]},{\"@type\":\"ImageObject\",\"inLanguage\":\"cs\",\"@id\":\"https:\/\/gblexprimer.com\/product\/anavar-50mg\/#primaryimage\",\"url\":\"https:\/\/gblexprimer.com\/wp-content\/uploads\/2024\/11\/Anavar-50mg.jpg\",\"contentUrl\":\"https:\/\/gblexprimer.com\/wp-content\/uploads\/2024\/11\/Anavar-50mg.jpg\",\"width\":600,\"height\":600,\"caption\":\"Anavar-50mg\"},{\"@type\":\"BreadcrumbList\",\"@id\":\"https:\/\/gblexprimer.com\/product\/anavar-50mg\/#breadcrumb\",\"itemListElement\":[{\"@type\":\"ListItem\",\"position\":1,\"name\":\"Home\",\"item\":\"https:\/\/gblexprimer.com\/\"},{\"@type\":\"ListItem\",\"position\":2,\"name\":\"Shop\",\"item\":\"https:\/\/gblexprimer.com\/shop\/\"},{\"@type\":\"ListItem\",\"position\":3,\"name\":\"Anavar 50mg\"}]},{\"@type\":\"WebSite\",\"@id\":\"https:\/\/gblexprimer.com\/#website\",\"url\":\"https:\/\/gblexprimer.com\/\",\"name\":\"GBL Exprimer\",\"description\":\"\",\"publisher\":{\"@id\":\"https:\/\/gblexprimer.com\/#organization\"},\"potentialAction\":[{\"@type\":\"SearchAction\",\"target\":{\"@type\":\"EntryPoint\",\"urlTemplate\":\"https:\/\/gblexprimer.com\/?s={search_term_string}\"},\"query-input\":{\"@type\":\"PropertyValueSpecification\",\"valueRequired\":true,\"valueName\":\"search_term_string\"}}],\"inLanguage\":\"cs\"},{\"@type\":\"Organization\",\"@id\":\"https:\/\/gblexprimer.com\/#organization\",\"name\":\"GBL Exprimer\",\"url\":\"https:\/\/gblexprimer.com\/\",\"logo\":{\"@type\":\"ImageObject\",\"inLanguage\":\"cs\",\"@id\":\"https:\/\/gblexprimer.com\/#\/schema\/logo\/image\/\",\"url\":\"https:\/\/gblexprimer.com\/wp-content\/uploads\/2024\/01\/logo.png\",\"contentUrl\":\"https:\/\/gblexprimer.com\/wp-content\/uploads\/2024\/01\/logo.png\",\"width\":220,\"height\":80,\"caption\":\"GBL Exprimer\"},\"image\":{\"@id\":\"https:\/\/gblexprimer.com\/#\/schema\/logo\/image\/\"}}]}<\/script>\n<!-- \/ Yoast SEO plugin. -->","yoast_head_json":{"title":"Acheter Anavar 50 mg en ligne \u2013 Anavar 50 mg \u00e0 vendre","description":"L'Anavar (oxandrolone) est un st\u00e9ro\u00efde anabolisant \u00e9tudi\u00e9 en ligne pour ses applications m\u00e9dicales et ses effets sur la performance. D\u00e9couvrez ses caract\u00e9ristiques, ses effets potentiels et les pr\u00e9cautions \u00e0 prendre pour votre sant\u00e9.","robots":{"index":"index","follow":"follow","max-snippet":"max-snippet:-1","max-image-preview":"max-image-preview:large","max-video-preview":"max-video-preview:-1"},"canonical":"https:\/\/gblexprimer.com\/cs\/produkt\/anavar-50mg\/","og_locale":"cs_CZ","og_type":"article","og_title":"Acheter Anavar 50 mg en ligne \u2013 Anavar 50 mg \u00e0 vendre","og_description":"L'Anavar (oxandrolone) est un st\u00e9ro\u00efde anabolisant \u00e9tudi\u00e9 en ligne pour ses applications m\u00e9dicales et ses effets sur la performance. D\u00e9couvrez ses caract\u00e9ristiques, ses effets potentiels et les pr\u00e9cautions \u00e0 prendre pour votre sant\u00e9.","og_url":"https:\/\/gblexprimer.com\/cs\/produkt\/anavar-50mg\/","og_site_name":"GBL Exprimer","article_modified_time":"2026-04-10T10:07:10+00:00","og_image":[{"width":600,"height":600,"url":"https:\/\/gblexprimer.com\/wp-content\/uploads\/2024\/11\/Anavar-50mg.jpg","type":"image\/jpeg"}],"twitter_card":"summary_large_image","twitter_misc":{"Odhadovan\u00e1 doba \u010dten\u00ed":"2 minuty"},"schema":{"@context":"https:\/\/schema.org","@graph":[{"@type":"WebPage","@id":"https:\/\/gblexprimer.com\/product\/anavar-50mg\/","url":"https:\/\/gblexprimer.com\/product\/anavar-50mg\/","name":"Acheter Anavar 50 mg en ligne \u2013 Anavar 50 mg \u00e0 vendre","isPartOf":{"@id":"https:\/\/gblexprimer.com\/#website"},"primaryImageOfPage":{"@id":"https:\/\/gblexprimer.com\/product\/anavar-50mg\/#primaryimage"},"image":{"@id":"https:\/\/gblexprimer.com\/product\/anavar-50mg\/#primaryimage"},"thumbnailUrl":"https:\/\/gblexprimer.com\/wp-content\/uploads\/2024\/11\/Anavar-50mg.jpg","datePublished":"2024-11-27T10:09:34+00:00","dateModified":"2026-04-10T10:07:10+00:00","description":"L'Anavar (oxandrolone) est un st\u00e9ro\u00efde anabolisant \u00e9tudi\u00e9 en ligne pour ses applications m\u00e9dicales et ses effets sur la performance. D\u00e9couvrez ses caract\u00e9ristiques, ses effets potentiels et les pr\u00e9cautions \u00e0 prendre pour votre sant\u00e9.","breadcrumb":{"@id":"https:\/\/gblexprimer.com\/product\/anavar-50mg\/#breadcrumb"},"inLanguage":"cs","potentialAction":[{"@type":"ReadAction","target":["https:\/\/gblexprimer.com\/product\/anavar-50mg\/"]}]},{"@type":"ImageObject","inLanguage":"cs","@id":"https:\/\/gblexprimer.com\/product\/anavar-50mg\/#primaryimage","url":"https:\/\/gblexprimer.com\/wp-content\/uploads\/2024\/11\/Anavar-50mg.jpg","contentUrl":"https:\/\/gblexprimer.com\/wp-content\/uploads\/2024\/11\/Anavar-50mg.jpg","width":600,"height":600,"caption":"Anavar-50mg"},{"@type":"BreadcrumbList","@id":"https:\/\/gblexprimer.com\/product\/anavar-50mg\/#breadcrumb","itemListElement":[{"@type":"ListItem","position":1,"name":"Home","item":"https:\/\/gblexprimer.com\/"},{"@type":"ListItem","position":2,"name":"Shop","item":"https:\/\/gblexprimer.com\/shop\/"},{"@type":"ListItem","position":3,"name":"Anavar 50mg"}]},{"@type":"WebSite","@id":"https:\/\/gblexprimer.com\/#website","url":"https:\/\/gblexprimer.com\/","name":"GBL Express","description":"","publisher":{"@id":"https:\/\/gblexprimer.com\/#organization"},"potentialAction":[{"@type":"SearchAction","target":{"@type":"EntryPoint","urlTemplate":"https:\/\/gblexprimer.com\/?s={search_term_string}"},"query-input":{"@type":"PropertyValueSpecification","valueRequired":true,"valueName":"search_term_string"}}],"inLanguage":"cs"},{"@type":"Organization","@id":"https:\/\/gblexprimer.com\/#organization","name":"GBL Express","url":"https:\/\/gblexprimer.com\/","logo":{"@type":"ImageObject","inLanguage":"cs","@id":"https:\/\/gblexprimer.com\/#\/schema\/logo\/image\/","url":"https:\/\/gblexprimer.com\/wp-content\/uploads\/2024\/01\/logo.png","contentUrl":"https:\/\/gblexprimer.com\/wp-content\/uploads\/2024\/01\/logo.png","width":220,"height":80,"caption":"GBL Exprimer"},"image":{"@id":"https:\/\/gblexprimer.com\/#\/schema\/logo\/image\/"}}]}},"_links":{"self":[{"href":"https:\/\/gblexprimer.com\/cs\/wp-json\/wp\/v2\/product\/5143","targetHints":{"allow":["GET"]}}],"collection":[{"href":"https:\/\/gblexprimer.com\/cs\/wp-json\/wp\/v2\/product"}],"about":[{"href":"https:\/\/gblexprimer.com\/cs\/wp-json\/wp\/v2\/types\/product"}],"replies":[{"embeddable":true,"href":"https:\/\/gblexprimer.com\/cs\/wp-json\/wp\/v2\/comments?post=5143"}],"wp:featuredmedia":[{"embeddable":true,"href":"https:\/\/gblexprimer.com\/cs\/wp-json\/wp\/v2\/media\/5264"}],"wp:attachment":[{"href":"https:\/\/gblexprimer.com\/cs\/wp-json\/wp\/v2\/media?parent=5143"}],"wp:term":[{"taxonomy":"product_brand","embeddable":true,"href":"https:\/\/gblexprimer.com\/cs\/wp-json\/wp\/v2\/product_brand?post=5143"},{"taxonomy":"product_cat","embeddable":true,"href":"https:\/\/gblexprimer.com\/cs\/wp-json\/wp\/v2\/product_cat?post=5143"},{"taxonomy":"product_tag","embeddable":true,"href":"https:\/\/gblexprimer.com\/cs\/wp-json\/wp\/v2\/product_tag?post=5143"}],"curies":[{"name":"wp","href":"https:\/\/api.w.org\/{rel}","templated":true}]}}