{"id":5221,"date":"2025-02-02T00:33:12","date_gmt":"2025-02-02T00:33:12","guid":{"rendered":"https:\/\/gblexprimer.com\/?page_id=5221"},"modified":"2025-02-02T00:33:13","modified_gmt":"2025-02-02T00:33:13","slug":"quest-ce-que-le-ghb","status":"publish","type":"page","link":"https:\/\/gblexprimer.com\/de\/quest-ce-que-le-ghb\/","title":{"rendered":"Was ist GHB?"},"content":{"rendered":"<figure class=\"wp-block-image aligncenter size-full is-resized\"><img fetchpriority=\"high\" decoding=\"async\" width=\"225\" height=\"224\" src=\"https:\/\/gblexprimer.com\/wp-content\/uploads\/2025\/02\/Heaven-Pure-Ecstasy-12.jpeg\" alt=\"\" class=\"wp-image-5222\" style=\"width:225px;height:auto\" srcset=\"https:\/\/gblexprimer.com\/wp-content\/uploads\/2025\/02\/Heaven-Pure-Ecstasy-12.jpeg 225w, https:\/\/gblexprimer.com\/wp-content\/uploads\/2025\/02\/Heaven-Pure-Ecstasy-12-150x150.jpeg 150w, https:\/\/gblexprimer.com\/wp-content\/uploads\/2025\/02\/Heaven-Pure-Ecstasy-12-12x12.jpeg 12w, https:\/\/gblexprimer.com\/wp-content\/uploads\/2025\/02\/Heaven-Pure-Ecstasy-12-100x100.jpeg 100w\" sizes=\"(max-width: 225px) 100vw, 225px\" \/><\/figure>\n\n\n\n<p>GHB (Gamma-Hydroxybutyrat) ist eine geruchlose und farblose Fl\u00fcssigkeit mit einem leicht salzigen Geschmack. Es wird zu den Beruhigungsmitteln gez\u00e4hlt und geh\u00f6rt zur gleichen Medikamentenfamilie wie Rohypnol und Ketamin, Was ist GHB? <a href=\"https:\/\/chemspowder.com\/es\/\">.<\/a><\/p>\n\n\n\n<p>GHB wird in Europa als allgemeines An\u00e4sthetikum verwendet. In den USA wurde GHB 2002 von der FDA f\u00fcr die Behandlung von Narkolepsie (einer Schlafst\u00f6rung) zugelassen. Diese Zulassung war mit strengen Einschr\u00e4nkungen verbunden, u. a. mit der Auflage, GHB nur zur Behandlung von Narkolepsie zu verwenden und ein von der FDA kontrolliertes Patientenregister anzulegen.<a href=\"https:\/\/gblexprimer.com\/de\/\">.<\/a><\/p>\n\n\n\n<p>GHB wurde in diesem Land als Vergewaltigungsdroge eingesetzt: Es kann dem Opfer in den Drink geschoben werden und verursacht Schwindel, Verwirrung, Schl\u00e4frigkeit und manchmal Bewusstlosigkeit. Wenn GHB mit Alkohol kombiniert wird, ist es besonders gef\u00e4hrlich, da die Kombination der beiden Depressiva zu einer \u00dcberdosis f\u00fchren kann. Bevor der Gebrauch von GHB eingeschr\u00e4nkt wurde, wurde es an Bodybuilder als Mittel zur Freisetzung von Wachstumshormonen und zum Muskelaufbau vermarktet. Es gibt jedoch keine Beweise daf\u00fcr, dass es diese Wirkung hat. GHB wurde auch als \"pflanzliches\" Nahrungserg\u00e4nzungsmittel vermarktet, das beim Schlafen und bei der Bek\u00e4mpfung von Depressionen helfen soll.<\/p>\n\n\n\n<p>Die Forscher wissen nicht genau, wie GHB auf die Neurochemie wirkt, aber es gilt als sehr starkes Beruhigungsmittel, da schon kleine Dosen schwerwiegende Auswirkungen haben k\u00f6nnen, wie z. B. Bewusstlosigkeit. Es gibt Hinweise darauf, dass es die Blut-Hirn-Schranke, den physiologischen Mechanismus, der die Freisetzung von Chemikalien und N\u00e4hrstoffen in das Gehirn reguliert, leicht durchdringt. Es hat daher die F\u00e4higkeit, auf eine Weise direkt auf das Gehirn einzuwirken, die andere Medikamente nicht haben.<\/p>\n\n\n\n<h3 class=\"wp-block-heading\">Wie wird GHB verwendet?<\/h3>\n\n\n\n<p>GHB wird meist in fl\u00fcssiger Form konsumiert, manchmal findet man es aber auch in Form von Pulver, Tabletten oder Kapseln. Da GHB in fl\u00fcssiger Form unterschiedlich stark ist und Menschen unterschiedlich reagieren, ist es sehr leicht, eine gef\u00e4hrliche Dosis dieser Droge zu sich zu nehmen. Die Wirkung der Droge setzt 10 bis 20 Minuten nach der Einnahme ein und h\u00e4lt bis zu vier Stunden an.<\/p>\n\n\n\n<h2 class=\"wp-block-heading\">Warum nehmen Menschen GHB?<\/h2>\n\n\n\n<p>GHB kann Halluzinationen und Gef\u00fchle von Entspannung und Euphorie hervorrufen. Menschen, die GHB konsumieren, berichten au\u00dferdem \u00fcber einen Energieschub, f\u00fchlen sich liebevoll und kontaktfreudig, haben eine leichte Enthemmung und ein verbessertes sexuelles Erlebnis.<\/p>\n\n\n\n<h3 class=\"wp-block-heading\">Stellt die Einnahme von GHB kurzfristig ein Risiko dar?<\/h3>\n\n\n\n<p>Zu den gesundheitlichen Risiken geh\u00f6ren \u00dcbelkeit, Koordinationsverlust, Konzentrationsschwierigkeiten und der Verlust des W\u00fcrgereflexes. Da die Dosen schwer zu quantifizieren sind, kann es relativ leicht zu einer \u00dcberdosierung kommen, vor allem in Verbindung mit Alkohol. Warnzeichen f\u00fcr eine \u00dcberdosierung von GHB k\u00f6nnen sein<\/p>\n\n\n\n<p>Erbrechen<br>Starke Kopfschmerzen<br>Sehr langsame Atmung und Herzschlag<br>Entzugssymptome wie Schlaflosigkeit, Angstzust\u00e4nde, Zittern und Schwitzen<br>Ged\u00e4chtnisverlust<br>Schwierigkeiten beim Atmen<br>Verlust des Bewusstseins<\/p>\n\n\n\n<p>Aufgrund des Risikos einer \u00dcberdosis ist GHB vielleicht die gef\u00e4hrlichste Clubdroge, was die unmittelbaren Folgen angeht. GHB hat seit 1995 73 Todesf\u00e4lle verursacht. Die Zahl der Notaufnahmen aufgrund von GHB hat sich landesweit zwischen 1998 und 2000 mit 4 969 gemeldeten F\u00e4llen fast vervierfacht.<\/p>\n\n\n\n<p>Da GHB das K\u00f6rpersystem relativ schnell verl\u00e4sst, kann es nicht leicht durch medizinische Tests nachgewiesen werden. Es ist wichtig, dass Sie einer medizinischen Fachkraft mitteilen, dass Sie GHB konsumiert haben, damit Sie die entsprechende medizinische Hilfe erhalten.<\/p>\n\n\n\n<p>GHB kann leicht unbemerkt in das Getr\u00e4nk einer Person eingeschleust werden. Wenn Sie anfangen, Symptome zu versp\u00fcren, die nichts mit dem zu tun haben, was Sie trinken, suchen Sie sofort Hilfe.<\/p>\n\n\n\n<p>Denken Sie daran, dass illegale Drogen in geheimen Labors hergestellt werden und dass Sie nie sicher sein k\u00f6nnen, was die Droge enth\u00e4lt oder wie stark sie ist. GHB aus einem Rezept herzustellen ist ebenfalls \u00e4u\u00dferst gef\u00e4hrlich, da eine Reihe von Personen, die GHB nicht richtig formuliert hatten, sich Mund, Hals und Speiser\u00f6hre mit der im Wesentlichen sauren Verbindung ver\u00e4tzt haben.<\/p>\n\n\n\n<h4 class=\"wp-block-heading\">Macht GHB s\u00fcchtig?<\/h4>\n\n\n\n<p>Der wiederholte Konsum von GHB kann zu Entzugserscheinungen f\u00fchren, insbesondere Schlaflosigkeit, Angstzust\u00e4nde und Zittern. Die Erfahrung von Entzugserscheinungen ist eines der Anzeichen f\u00fcr eine Abh\u00e4ngigkeit. Es gibt nicht viele Statistiken \u00fcber den Missbrauch von GHB, aber die verf\u00fcgbaren Informationen deuten darauf hin, dass der Missbrauch von GHB zunimmt. Es wurde eine Reihe von F\u00e4llen von GHB-Abh\u00e4ngigkeit gemeldet, und es scheint, dass es, wenn eine Person erst einmal abh\u00e4ngig ist, schwieriger ist, von GHB loszukommen als von Kokain oder Heroin. Die Behandlungsm\u00f6glichkeiten sind nach wie vor begrenzt. Aufgrund der Schwere der GHB-Entzugssymptome ist es zwingend erforderlich, beim Entzug professionelle Hilfe in Anspruch zu nehmen. Der Entzug kann Delirium, Desorientierung und Halluzinationen umfassen, die bis zu zwei Wochen Was ist GHB.<\/p>\n\n\n\n<h4 class=\"wp-block-heading\">Ist GHB illegal?<\/h4>\n\n\n\n<p>Die Verwendung von GHB ist nur dann legal, wenn es einer Person zur Behandlung von Narkolepsie verschrieben wird. Andere Arten des Besitzes, der Verwendung, der Herstellung und des Verkaufs werden an der UCSC mit schweren Haftstrafen, Geldbu\u00dfen und Disziplinarma\u00dfnahmen geahndet.<\/p>\n\n\n\n<p>Wie kann ich einem Freund helfen, der Probleme mit Drogen hat?<br>Wenn Sie sich Sorgen um den Drogen- oder Alkoholkonsum eines Freundes machen, enth\u00e4lt diese Seite n\u00fctzliche Informationen \u00fcber verschiedene M\u00f6glichkeiten, ihm zu helfen, Was ist GHB.<\/p>","protected":false},"excerpt":{"rendered":"<p>Le GHB (gamma hydroxybutyrate) est un liquide inodore et incolore au go\u00fbt l\u00e9g\u00e8rement sal\u00e9. Il est class\u00e9 parmi les s\u00e9datifs et appartient \u00e0 la m\u00eame famille de m\u00e9dicaments que le Rohypnol et la k\u00e9tamine, Qu&rsquo;est-ce que le GHB . Le GHB est utilis\u00e9 comme anesth\u00e9sique g\u00e9n\u00e9ral en Europe. Aux \u00c9tats-Unis, la FDA a approuv\u00e9 le [&hellip;]<\/p>","protected":false},"author":1,"featured_media":0,"parent":0,"menu_order":0,"comment_status":"closed","ping_status":"closed","template":"","meta":{"site-sidebar-layout":"default","site-content-layout":"","ast-site-content-layout":"","site-content-style":"default","site-sidebar-style":"default","ast-global-header-display":"","ast-banner-title-visibility":"","ast-main-header-display":"","ast-hfb-above-header-display":"","ast-hfb-below-header-display":"","ast-hfb-mobile-header-display":"","site-post-title":"","ast-breadcrumbs-content":"","ast-featured-img":"","footer-sml-layout":"","theme-transparent-header-meta":"","adv-header-id-meta":"","stick-header-meta":"","header-above-stick-meta":"","header-main-stick-meta":"","header-below-stick-meta":"","astra-migrate-meta-layouts":"default","ast-page-background-enabled":"default","ast-page-background-meta":{"desktop":{"background-color":"","background-image":"","background-repeat":"repeat","background-position":"center center","background-size":"auto","background-attachment":"scroll","background-type":"","background-media":"","overlay-type":"","overlay-color":"","overlay-opacity":"","overlay-gradient":""},"tablet":{"background-color":"","background-image":"","background-repeat":"repeat","background-position":"center center","background-size":"auto","background-attachment":"scroll","background-type":"","background-media":"","overlay-type":"","overlay-color":"","overlay-opacity":"","overlay-gradient":""},"mobile":{"background-color":"","background-image":"","background-repeat":"repeat","background-position":"center center","background-size":"auto","background-attachment":"scroll","background-type":"","background-media":"","overlay-type":"","overlay-color":"","overlay-opacity":"","overlay-gradient":""}},"ast-content-background-meta":{"desktop":{"background-color":"var(--ast-global-color-5)","background-image":"","background-repeat":"repeat","background-position":"center center","background-size":"auto","background-attachment":"scroll","background-type":"","background-media":"","overlay-type":"","overlay-color":"","overlay-opacity":"","overlay-gradient":""},"tablet":{"background-color":"var(--ast-global-color-5)","background-image":"","background-repeat":"repeat","background-position":"center center","background-size":"auto","background-attachment":"scroll","background-type":"","background-media":"","overlay-type":"","overlay-color":"","overlay-opacity":"","overlay-gradient":""},"mobile":{"background-color":"var(--ast-global-color-5)","background-image":"","background-repeat":"repeat","background-position":"center center","background-size":"auto","background-attachment":"scroll","background-type":"","background-media":"","overlay-type":"","overlay-color":"","overlay-opacity":"","overlay-gradient":""}},"_joinchat":[],"footnotes":""},"class_list":["post-5221","page","type-page","status-publish","hentry"],"yoast_head":"<!-- This site is optimized with the Yoast SEO plugin v26.9 - https:\/\/yoast.com\/product\/yoast-seo-wordpress\/ -->\n<title>Qu&#039;est-ce que le GHB - GHB (gamma hydroxybutyrate)<\/title>\n<meta name=\"description\" content=\"Qu&#039;est-ce que le GHB , La consommation r\u00e9p\u00e9t\u00e9e de GHB peut entra\u00eener des effets de sevrage, notamment l&#039;insomnie, l&#039;anxi\u00e9t\u00e9 et les tremblements. L&#039;exp\u00e9rience du sevrage est l&#039;un des signes de la d\u00e9pendance.\" \/>\n<meta name=\"robots\" content=\"index, follow, max-snippet:-1, max-image-preview:large, max-video-preview:-1\" \/>\n<link rel=\"canonical\" href=\"https:\/\/gblexprimer.com\/de\/quest-ce-que-le-ghb\/\" \/>\n<meta property=\"og:locale\" content=\"de_DE\" \/>\n<meta property=\"og:type\" content=\"article\" \/>\n<meta property=\"og:title\" content=\"Qu&#039;est-ce que le GHB - GHB (gamma hydroxybutyrate)\" \/>\n<meta property=\"og:description\" content=\"Qu&#039;est-ce que le GHB , La consommation r\u00e9p\u00e9t\u00e9e de GHB peut entra\u00eener des effets de sevrage, notamment l&#039;insomnie, l&#039;anxi\u00e9t\u00e9 et les tremblements. L&#039;exp\u00e9rience du sevrage est l&#039;un des signes de la d\u00e9pendance.\" \/>\n<meta property=\"og:url\" content=\"https:\/\/gblexprimer.com\/de\/quest-ce-que-le-ghb\/\" \/>\n<meta property=\"og:site_name\" content=\"GBL Exprimer\" \/>\n<meta property=\"article:modified_time\" content=\"2025-02-02T00:33:13+00:00\" \/>\n<meta property=\"og:image\" content=\"https:\/\/gblexprimer.com\/wp-content\/uploads\/2025\/02\/Heaven-Pure-Ecstasy-12.jpeg\" \/>\n<meta name=\"twitter:card\" content=\"summary_large_image\" \/>\n<meta name=\"twitter:label1\" content=\"Gesch\u00e4tzte Lesezeit\" \/>\n\t<meta name=\"twitter:data1\" content=\"5\u00a0Minuten\" \/>\n<script type=\"application\/ld+json\" class=\"yoast-schema-graph\">{\"@context\":\"https:\/\/schema.org\",\"@graph\":[{\"@type\":\"WebPage\",\"@id\":\"https:\/\/gblexprimer.com\/quest-ce-que-le-ghb\/\",\"url\":\"https:\/\/gblexprimer.com\/quest-ce-que-le-ghb\/\",\"name\":\"Qu'est-ce que le GHB - GHB (gamma hydroxybutyrate)\",\"isPartOf\":{\"@id\":\"https:\/\/gblexprimer.com\/#website\"},\"primaryImageOfPage\":{\"@id\":\"https:\/\/gblexprimer.com\/quest-ce-que-le-ghb\/#primaryimage\"},\"image\":{\"@id\":\"https:\/\/gblexprimer.com\/quest-ce-que-le-ghb\/#primaryimage\"},\"thumbnailUrl\":\"https:\/\/gblexprimer.com\/wp-content\/uploads\/2025\/02\/Heaven-Pure-Ecstasy-12.jpeg\",\"datePublished\":\"2025-02-02T00:33:12+00:00\",\"dateModified\":\"2025-02-02T00:33:13+00:00\",\"description\":\"Qu'est-ce que le GHB , La consommation r\u00e9p\u00e9t\u00e9e de GHB peut entra\u00eener des effets de sevrage, notamment l'insomnie, l'anxi\u00e9t\u00e9 et les tremblements. L'exp\u00e9rience du sevrage est l'un des signes de la d\u00e9pendance.\",\"breadcrumb\":{\"@id\":\"https:\/\/gblexprimer.com\/quest-ce-que-le-ghb\/#breadcrumb\"},\"inLanguage\":\"de\",\"potentialAction\":[{\"@type\":\"ReadAction\",\"target\":[\"https:\/\/gblexprimer.com\/quest-ce-que-le-ghb\/\"]}]},{\"@type\":\"ImageObject\",\"inLanguage\":\"de\",\"@id\":\"https:\/\/gblexprimer.com\/quest-ce-que-le-ghb\/#primaryimage\",\"url\":\"https:\/\/gblexprimer.com\/wp-content\/uploads\/2025\/02\/Heaven-Pure-Ecstasy-12.jpeg\",\"contentUrl\":\"https:\/\/gblexprimer.com\/wp-content\/uploads\/2025\/02\/Heaven-Pure-Ecstasy-12.jpeg\"},{\"@type\":\"BreadcrumbList\",\"@id\":\"https:\/\/gblexprimer.com\/quest-ce-que-le-ghb\/#breadcrumb\",\"itemListElement\":[{\"@type\":\"ListItem\",\"position\":1,\"name\":\"Home\",\"item\":\"https:\/\/gblexprimer.com\/\"},{\"@type\":\"ListItem\",\"position\":2,\"name\":\"Qu&#8217;est-ce que le GHB ?\"}]},{\"@type\":\"WebSite\",\"@id\":\"https:\/\/gblexprimer.com\/#website\",\"url\":\"https:\/\/gblexprimer.com\/\",\"name\":\"GBL Exprimer\",\"description\":\"\",\"publisher\":{\"@id\":\"https:\/\/gblexprimer.com\/#organization\"},\"potentialAction\":[{\"@type\":\"SearchAction\",\"target\":{\"@type\":\"EntryPoint\",\"urlTemplate\":\"https:\/\/gblexprimer.com\/?s={search_term_string}\"},\"query-input\":{\"@type\":\"PropertyValueSpecification\",\"valueRequired\":true,\"valueName\":\"search_term_string\"}}],\"inLanguage\":\"de\"},{\"@type\":\"Organization\",\"@id\":\"https:\/\/gblexprimer.com\/#organization\",\"name\":\"GBL Exprimer\",\"url\":\"https:\/\/gblexprimer.com\/\",\"logo\":{\"@type\":\"ImageObject\",\"inLanguage\":\"de\",\"@id\":\"https:\/\/gblexprimer.com\/#\/schema\/logo\/image\/\",\"url\":\"https:\/\/gblexprimer.com\/wp-content\/uploads\/2024\/01\/logo.png\",\"contentUrl\":\"https:\/\/gblexprimer.com\/wp-content\/uploads\/2024\/01\/logo.png\",\"width\":220,\"height\":80,\"caption\":\"GBL Exprimer\"},\"image\":{\"@id\":\"https:\/\/gblexprimer.com\/#\/schema\/logo\/image\/\"}}]}<\/script>\n<!-- \/ Yoast SEO plugin. -->","yoast_head_json":{"title":"Was ist GHB - GHB (Gamma-Hydroxybutyrat)","description":"Was ist GHB , Der wiederholte Konsum von GHB kann zu Entzugserscheinungen f\u00fchren, darunter Schlaflosigkeit, Angstzust\u00e4nde und Zittern. Entzugserscheinungen sind eines der Anzeichen f\u00fcr eine Abh\u00e4ngigkeit.","robots":{"index":"index","follow":"follow","max-snippet":"max-snippet:-1","max-image-preview":"max-image-preview:large","max-video-preview":"max-video-preview:-1"},"canonical":"https:\/\/gblexprimer.com\/de\/quest-ce-que-le-ghb\/","og_locale":"de_DE","og_type":"article","og_title":"Qu'est-ce que le GHB - GHB (gamma hydroxybutyrate)","og_description":"Qu'est-ce que le GHB , La consommation r\u00e9p\u00e9t\u00e9e de GHB peut entra\u00eener des effets de sevrage, notamment l'insomnie, l'anxi\u00e9t\u00e9 et les tremblements. L'exp\u00e9rience du sevrage est l'un des signes de la d\u00e9pendance.","og_url":"https:\/\/gblexprimer.com\/de\/quest-ce-que-le-ghb\/","og_site_name":"GBL Exprimer","article_modified_time":"2025-02-02T00:33:13+00:00","og_image":[{"url":"https:\/\/gblexprimer.com\/wp-content\/uploads\/2025\/02\/Heaven-Pure-Ecstasy-12.jpeg","type":"","width":"","height":""}],"twitter_card":"summary_large_image","twitter_misc":{"Gesch\u00e4tzte Lesezeit":"5\u00a0Minuten"},"schema":{"@context":"https:\/\/schema.org","@graph":[{"@type":"WebPage","@id":"https:\/\/gblexprimer.com\/quest-ce-que-le-ghb\/","url":"https:\/\/gblexprimer.com\/quest-ce-que-le-ghb\/","name":"Was ist GHB - GHB (Gamma-Hydroxybutyrat)","isPartOf":{"@id":"https:\/\/gblexprimer.com\/#website"},"primaryImageOfPage":{"@id":"https:\/\/gblexprimer.com\/quest-ce-que-le-ghb\/#primaryimage"},"image":{"@id":"https:\/\/gblexprimer.com\/quest-ce-que-le-ghb\/#primaryimage"},"thumbnailUrl":"https:\/\/gblexprimer.com\/wp-content\/uploads\/2025\/02\/Heaven-Pure-Ecstasy-12.jpeg","datePublished":"2025-02-02T00:33:12+00:00","dateModified":"2025-02-02T00:33:13+00:00","description":"Was ist GHB , Der wiederholte Konsum von GHB kann zu Entzugserscheinungen f\u00fchren, darunter Schlaflosigkeit, Angstzust\u00e4nde und Zittern. Entzugserscheinungen sind eines der Anzeichen f\u00fcr eine Abh\u00e4ngigkeit.","breadcrumb":{"@id":"https:\/\/gblexprimer.com\/quest-ce-que-le-ghb\/#breadcrumb"},"inLanguage":"de","potentialAction":[{"@type":"ReadAction","target":["https:\/\/gblexprimer.com\/quest-ce-que-le-ghb\/"]}]},{"@type":"ImageObject","inLanguage":"de","@id":"https:\/\/gblexprimer.com\/quest-ce-que-le-ghb\/#primaryimage","url":"https:\/\/gblexprimer.com\/wp-content\/uploads\/2025\/02\/Heaven-Pure-Ecstasy-12.jpeg","contentUrl":"https:\/\/gblexprimer.com\/wp-content\/uploads\/2025\/02\/Heaven-Pure-Ecstasy-12.jpeg"},{"@type":"BreadcrumbList","@id":"https:\/\/gblexprimer.com\/quest-ce-que-le-ghb\/#breadcrumb","itemListElement":[{"@type":"ListItem","position":1,"name":"Home","item":"https:\/\/gblexprimer.com\/"},{"@type":"ListItem","position":2,"name":"Qu&#8217;est-ce que le GHB ?"}]},{"@type":"WebSite","@id":"https:\/\/gblexprimer.com\/#website","url":"https:\/\/gblexprimer.com\/","name":"GBL Ausdr\u00fccken","description":"","publisher":{"@id":"https:\/\/gblexprimer.com\/#organization"},"potentialAction":[{"@type":"SearchAction","target":{"@type":"EntryPoint","urlTemplate":"https:\/\/gblexprimer.com\/?s={search_term_string}"},"query-input":{"@type":"PropertyValueSpecification","valueRequired":true,"valueName":"search_term_string"}}],"inLanguage":"de"},{"@type":"Organization","@id":"https:\/\/gblexprimer.com\/#organization","name":"GBL Ausdr\u00fccken","url":"https:\/\/gblexprimer.com\/","logo":{"@type":"ImageObject","inLanguage":"de","@id":"https:\/\/gblexprimer.com\/#\/schema\/logo\/image\/","url":"https:\/\/gblexprimer.com\/wp-content\/uploads\/2024\/01\/logo.png","contentUrl":"https:\/\/gblexprimer.com\/wp-content\/uploads\/2024\/01\/logo.png","width":220,"height":80,"caption":"GBL Exprimer"},"image":{"@id":"https:\/\/gblexprimer.com\/#\/schema\/logo\/image\/"}}]}},"_links":{"self":[{"href":"https:\/\/gblexprimer.com\/de\/wp-json\/wp\/v2\/pages\/5221","targetHints":{"allow":["GET"]}}],"collection":[{"href":"https:\/\/gblexprimer.com\/de\/wp-json\/wp\/v2\/pages"}],"about":[{"href":"https:\/\/gblexprimer.com\/de\/wp-json\/wp\/v2\/types\/page"}],"author":[{"embeddable":true,"href":"https:\/\/gblexprimer.com\/de\/wp-json\/wp\/v2\/users\/1"}],"replies":[{"embeddable":true,"href":"https:\/\/gblexprimer.com\/de\/wp-json\/wp\/v2\/comments?post=5221"}],"version-history":[{"count":1,"href":"https:\/\/gblexprimer.com\/de\/wp-json\/wp\/v2\/pages\/5221\/revisions"}],"predecessor-version":[{"id":5223,"href":"https:\/\/gblexprimer.com\/de\/wp-json\/wp\/v2\/pages\/5221\/revisions\/5223"}],"wp:attachment":[{"href":"https:\/\/gblexprimer.com\/de\/wp-json\/wp\/v2\/media?parent=5221"}],"curies":[{"name":"wp","href":"https:\/\/api.w.org\/{rel}","templated":true}]}}