{"id":15,"date":"2023-12-26T07:26:39","date_gmt":"2023-12-26T07:26:39","guid":{"rendered":"https:\/\/cannasmed.com\/gbl\/?post_type=product&#038;p=15"},"modified":"2026-04-15T03:42:23","modified_gmt":"2026-04-15T03:42:23","slug":"gbl-online-einkaufen","status":"publish","type":"product","link":"https:\/\/gblexprimer.com\/de\/product\/gbl-online-einkaufen\/","title":{"rendered":"Online-Einkauf GBL"},"content":{"rendered":"<h2>GBL Kaufen Online Kaufen<\/h2>\n<h3>GBL jetzt kaufen<\/h3>\n<p class=\"ds-markdown-paragraph\">W\u00e4hlen Sie d\u2019<a href=\"https:\/\/en.wikipedia.org\/wiki\/GBL\"><strong>wo kann ich GBL kaufen?<\/strong><\/a> Auf unserer Plattform entscheiden Sie sich f\u00fcr einen vertrauensw\u00fcrdigen Lieferanten, der auf die Herstellung erstklassiger chemischer Produkte spezialisiert ist. Um maximale Reinheit und Integrit\u00e4t zu gew\u00e4hrleisten, beziehen wir unser GBL ausschlie\u00dflich von zertifizierten Herstellern und unterliegen strengen Qualit\u00e4tskontrollverfahren.<\/p>\n<p class=\"ds-markdown-paragraph\">Wir sind bestrebt, Ihre Erwartungen bei jeder Bestellung zu \u00fcbertreffen und stellen Zuverl\u00e4ssigkeit, Best\u00e4ndigkeit und Kundenzufriedenheit in den Mittelpunkt unserer Mission. F\u00fcr eine sichere, diskrete und professionelle Versorgung bleibt GblExprimer Ihr vertrauensw\u00fcrdiger Partner<a href=\"https:\/\/gblexprimer.com\/de\/\">.<\/a><\/p>\n<p>Bei example.com haben die Bequemlichkeit und das Gl\u00fcck der Kunden oberste Priorit\u00e4t. Mithilfe unserer benutzerfreundlichen Webplattform k\u00f6nnen Sie unsere Auswahl an GBL-Produkten durchsuchen, die Kosten bewerten und entscheiden, welche Produkte am besten zu Ihren Bed\u00fcrfnissen passen. Wir bieten ein reibungsloses Bestellerlebnis und garantieren, dass die von Ihnen ausgew\u00e4hlten Artikel schnell und sicher zu Ihnen nach Hause geliefert werden.<\/p>\n<p>Sie k\u00f6nnen <a href=\"https:\/\/gblexprimer.com\/de\/product\/gbl-online-einkaufen\/\">wo kann ich GBL kaufen?<\/a> bei example.com mit gutem Gewissen kaufen, da es sich um einen zuverl\u00e4ssigen Anbieter handelt, f\u00fcr den die Sicherheit der Verbraucher an erster Stelle steht. Bei der Handhabung, der Verpackung und dem Versand unserer Artikel gehen wir mit gr\u00f6\u00dfter Sorgfalt vor, da wir strengen Sicherheitsstandards und -vorschriften unterliegen.<\/p>\n<h3>Wo kann man GBL in den USA kaufen?<\/h3>\n<p>Sie m\u00fcssen nicht viel weiter suchen, um herauszufinden, wo Sie GBL in den USA kaufen k\u00f6nnen. Gamma-Butyrolacton, oder GBL, k\u00f6nnen Sie ganz einfach bei uns online in den USA kaufen.<\/p>\n<p>Es ist jedoch wichtig zu bedenken, dass GBL eine starke Chemikalie ist und daher mit Vorsicht gehandhabt werden sollte. Beim Verschlucken kann GBL sch\u00e4dlich oder t\u00f6dlich sein. <strong><a href=\"https:\/\/gblexprimer.com\/de\/product\/online-einkaufen-ritalin\/\">daher<\/a><\/strong>, ist es unbedingt erforderlich, dass Sie verantwortungsvoll und gem\u00e4\u00df den Sicherheitsvorschriften mit dem Compound umgehen.<\/p>\n<p>Um beides zu gew\u00e4hrleisten, ist es ratsam, nach zuverl\u00e4ssigen Online-H\u00e4ndlern wie uns zu suchen, bei denen Sie GBL in den USA kaufen k\u00f6nnen <strong><a href=\"https:\/\/www.sciencedirect.com\/topics\/medicine-and-dentistry\/gamma-butyrolactone\">Produktqualit\u00e4t<\/a><\/strong> und Ihre Sicherheit. Diese Plattformen bieten eine bequeme und sichere M\u00f6glichkeit, GBL-Alternativen zu pr\u00fcfen, Kosten abzusch\u00e4tzen und zu entscheiden, welcher Kauf Ihren Anforderungen am besten entspricht.<\/p>\n<h3>GHB online kaufen<\/h3>\n<div class=\"ds-message _63c77b1\">\n<div class=\"ds-markdown\">\n<p>&nbsp;<\/p>\n<p class=\"ds-markdown-paragraph\">Suchen Sie nach erstklassigen Forschungsprodukten? Entdecken Sie unser umfassendes Sortiment, das Ephedrin, AB-FUBINACA, GHB (Gamma-Hydroxybutyrat) und viele andere umfasst.<\/p>\n<p class=\"ds-markdown-paragraph\">Bei uns erhalten Sie reine Forschungschemikalien zu den wettbewerbsf\u00e4higsten Preisen auf dem Markt. Bestellen Sie noch heute und profitieren Sie von einem schnellen und diskreten Versand.<\/p>\n<p class=\"ds-markdown-paragraph\"><a href=\"https:\/\/gblexprimer.com\/de\/\"><strong>GHB (Gamma-Hydroxybutyrat)<\/strong><\/a>, eine psychoaktive synthetische Verbindung, ist f\u00fcr seine einzigartigen Forschungseigenschaften bekannt. Wir verpflichten uns, Produkte von<\/p>\n<\/div>\n<\/div>\n<h3>Heaven Pure Ecstasy 500 mg \u03b3-Hydroxybutters\u00e4ure (GHB)<\/h3>\n<p class=\"ds-markdown-paragraph\">Die meisten dieser Produkte sind neu und hochrein, um optimale Ergebnisse zu gew\u00e4hrleisten. Jede Einheit wird versiegelt und \u00fcberpr\u00fcft, wodurch ein Produkt von h\u00f6chster Qualit\u00e4t gew\u00e4hrleistet wird.<\/p>\n<p class=\"ds-markdown-paragraph\"><strong>Unsere Verpflichtung Ihnen gegen\u00fcber :<\/strong><br \/>\nWir garantieren Ihre vollste Zufriedenheit. Wenn Ihre Bestellung unsere strengen Qualit\u00e4tsanforderungen nicht erf\u00fcllt, bieten wir eine vollst\u00e4ndige R\u00fcckerstattung oder eine sofortige Wiederauff\u00fcllung des Lagerbestands an.<\/p>\n<p class=\"ds-markdown-paragraph\"><strong>Verf\u00fcgbarkeit und Lieferung :<\/strong><\/p>\n<ul>\n<li>\n<p class=\"ds-markdown-paragraph\"><strong>Sofortige Verf\u00fcgbarkeit<\/strong> : GHB ist versandfertig.<\/p>\n<\/li>\n<li>\n<p class=\"ds-markdown-paragraph\"><strong>Weltweite Lieferung<\/strong> : Keine geografischen Einschr\u00e4nkungen auf der Grundlage des Ziellandes.<\/p>\n<\/li>\n<li>\n<p class=\"ds-markdown-paragraph\"><strong>Schneller und diskreter Versand<\/strong> : Ihre Bestellung wird schnell und vertraulich bearbeitet und weitergeleitet.<\/p>\n<\/li>\n<\/ul>\n<p class=\"ds-markdown-paragraph\"><strong>Essential Instructions :<\/strong><\/p>\n<ul>\n<li>\n<p class=\"ds-markdown-paragraph\"><strong>Speicherung<\/strong> : Bewahren Sie das Produkt in der Originalverpackung an einem sicheren Ort und au\u00dferhalb der Reichweite von Kindern auf.<\/p>\n<\/li>\n<li>\n<p class=\"ds-markdown-paragraph\"><strong>Verfallsdatum<\/strong> : Das Medikament muss nach Ablauf des Verfallsdatums gem\u00e4\u00df den beh\u00f6rdlichen Richtlinien entsorgt werden. Lesen Sie die Packungsbeilage f\u00fcr weitere Informationen.<\/p>\n<\/li>\n<li>\n<p class=\"ds-markdown-paragraph\"><strong>Sicherheit<\/strong> : Detaillierte Informationen zur Lagerung, Verwendung und Entsorgung entnehmen Sie bitte der beiliegenden Informationsbrosch\u00fcre.<\/p>\n<\/li>\n<\/ul>\n<p class=\"ds-markdown-paragraph\">Greifen Sie auf eine zuverl\u00e4ssige und professionelle Versorgung f\u00fcr Ihre Bed\u00fcrfnisse zu. Bestellen Sie noch heute Ihr Premium-GHB. <a href=\"https:\/\/gblexprimer.com\/de\/shop\/\"><strong>Meilleures ventes<\/strong><\/a><\/p>","protected":false},"excerpt":{"rendered":"<p><strong>\u00a0Entdecken Sie GBL (Gamma-Butyrolacton): ein hochreines L\u00f6sungsmittel und chemisches Zwischenprodukt zu wettbewerbsf\u00e4higen Preisen. Jetzt online verf\u00fcgbar f\u00fcr Ihren Bedarf in Industrie und Forschung. Hochwertiges Produkt, schnelle Lieferung und Kundenversicherung.<\/strong><\/p>\n<h3><strong>Wie funktioniert GBL?<\/strong><\/h3>\n<p><strong>GBL<\/strong> wird im K\u00f6rper zu Gamma-Hydroxybutters\u00e4ure (GHB) umgewandelt, was zu Auswirkungen auf das zentrale Nervensystem f\u00fchrt. In der Industrie wird es aufgrund seiner einzigartigen chemischen Eigenschaften als effizientes L\u00f6sungsmittel verwendet.<\/p>\n<ul>\n<li><strong>Industrielle Effekte :<\/strong> L\u00f6sen von Polymeren, Entfetten und Reinigen.<\/li>\n<li><strong>Biologische Verarbeitung :<\/strong> Umwandlung in GHB f\u00fcr Studien \u00fcber Neurotransmitter und Schlafregulierung.<\/li>\n<li><strong>Verwendung :<\/strong> Unter kontrollierten Bedingungen handhabbar, um die Sicherheit zu gew\u00e4hrleisten.<\/li>\n<\/ul>\n<h3><strong>Formel und Daten<\/strong><\/h3>\n<ul>\n<li><strong>Chemische Bezeichnung :<\/strong> Gamma-Butyrolacton<\/li>\n<li><strong>Molekularformel :<\/strong> C4H6O2<\/li>\n<li><strong>Molekulargewicht :<\/strong> 86,09 g\/mol<\/li>\n<\/ul>","protected":false},"featured_media":109,"comment_status":"open","ping_status":"closed","template":"","meta":{"site-sidebar-layout":"default","site-content-layout":"","ast-site-content-layout":"default","site-content-style":"default","site-sidebar-style":"default","ast-global-header-display":"","ast-banner-title-visibility":"","ast-main-header-display":"","ast-hfb-above-header-display":"","ast-hfb-below-header-display":"","ast-hfb-mobile-header-display":"","site-post-title":"","ast-breadcrumbs-content":"","ast-featured-img":"","footer-sml-layout":"","theme-transparent-header-meta":"default","adv-header-id-meta":"","stick-header-meta":"","header-above-stick-meta":"","header-main-stick-meta":"","header-below-stick-meta":"","astra-migrate-meta-layouts":"set","ast-page-background-enabled":"default","ast-page-background-meta":{"desktop":{"background-color":"","background-image":"","background-repeat":"repeat","background-position":"center center","background-size":"auto","background-attachment":"scroll","background-type":"","background-media":"","overlay-type":"","overlay-color":"","overlay-opacity":"","overlay-gradient":""},"tablet":{"background-color":"","background-image":"","background-repeat":"repeat","background-position":"center center","background-size":"auto","background-attachment":"scroll","background-type":"","background-media":"","overlay-type":"","overlay-color":"","overlay-opacity":"","overlay-gradient":""},"mobile":{"background-color":"","background-image":"","background-repeat":"repeat","background-position":"center center","background-size":"auto","background-attachment":"scroll","background-type":"","background-media":"","overlay-type":"","overlay-color":"","overlay-opacity":"","overlay-gradient":""}},"ast-content-background-meta":{"desktop":{"background-color":"var(--ast-global-color-5)","background-image":"","background-repeat":"repeat","background-position":"center center","background-size":"auto","background-attachment":"scroll","background-type":"","background-media":"","overlay-type":"","overlay-color":"","overlay-opacity":"","overlay-gradient":""},"tablet":{"background-color":"var(--ast-global-color-5)","background-image":"","background-repeat":"repeat","background-position":"center center","background-size":"auto","background-attachment":"scroll","background-type":"","background-media":"","overlay-type":"","overlay-color":"","overlay-opacity":"","overlay-gradient":""},"mobile":{"background-color":"var(--ast-global-color-5)","background-image":"","background-repeat":"repeat","background-position":"center center","background-size":"auto","background-attachment":"scroll","background-type":"","background-media":"","overlay-type":"","overlay-color":"","overlay-opacity":"","overlay-gradient":""}},"_joinchat":[]},"product_brand":[],"product_cat":[17],"product_tag":[405,408,398,406,413,399,397,414,412,400,410,407,411,409,403,401,416,415,404,402],"class_list":{"0":"post-15","1":"product","2":"type-product","3":"status-publish","4":"has-post-thumbnail","6":"product_cat-gbl","7":"product_tag-acheter-gamma-butyrolactone","8":"product_tag-applications-industrielles-gbl","9":"product_tag-fournisseur-de-gbl","10":"product_tag-fournisseur-fiable-de-gbl","11":"product_tag-fourniture-de-gbl","12":"product_tag-gamma-butyrolactone","13":"product_tag-gbl-acheter","14":"product_tag-gbl-chimie","15":"product_tag-gbl-disponible","16":"product_tag-gbl-en-vrac","17":"product_tag-gbl-gros-volumes","18":"product_tag-gbl-livraison-rapide","19":"product_tag-gbl-normes-de-securite","20":"product_tag-gbl-petites-quantites","21":"product_tag-gbl-pour-la-recherche","22":"product_tag-gbl-qualite-superieure","23":"product_tag-gbl-reglementation","24":"product_tag-gbl-stockage","25":"product_tag-gbl-usage-industriel","26":"product_tag-prix-du-gbl","27":"desktop-align-left","28":"tablet-align-left","29":"mobile-align-left","31":"first","32":"instock","33":"featured","34":"shipping-taxable","35":"purchasable","36":"product-type-variable","37":"has-default-attributes"},"yoast_head":"<!-- This site is optimized with the Yoast SEO plugin v26.9 - https:\/\/yoast.com\/product\/yoast-seo-wordpress\/ -->\n<title>Acheter GBL - GBL Boutique en Ligne - GBL Ventes en Ligne<\/title>\n<meta name=\"description\" content=\"acheter GBL, GBLExprimer est la meilleure boutique GBL o\u00f9 acheter du GBL en ligne. Commandez GBL maintenant\u00a0! Sourc\u00e9 de fabricants certifi\u00e9s et test\u00e9 rigoureusement pour puret\u00e9 et s\u00e9curit\u00e9. Livraison rapide et discr\u00e8te. Commandez d\u00e8s maintenant !\" \/>\n<meta name=\"robots\" content=\"index, follow, max-snippet:-1, max-image-preview:large, max-video-preview:-1\" \/>\n<link rel=\"canonical\" href=\"https:\/\/gblexprimer.com\/de\/product\/gbl-online-einkaufen\/\" \/>\n<meta property=\"og:locale\" content=\"de_DE\" \/>\n<meta property=\"og:type\" content=\"article\" \/>\n<meta property=\"og:title\" content=\"Acheter GBL - GBL Boutique en Ligne - GBL Ventes en Ligne\" \/>\n<meta property=\"og:description\" content=\"acheter GBL, GBLExprimer est la meilleure boutique GBL o\u00f9 acheter du GBL en ligne. Commandez GBL maintenant\u00a0! Sourc\u00e9 de fabricants certifi\u00e9s et test\u00e9 rigoureusement pour puret\u00e9 et s\u00e9curit\u00e9. Livraison rapide et discr\u00e8te. Commandez d\u00e8s maintenant !\" \/>\n<meta property=\"og:url\" content=\"https:\/\/gblexprimer.com\/de\/product\/gbl-online-einkaufen\/\" \/>\n<meta property=\"og:site_name\" content=\"GBL Exprimer\" \/>\n<meta property=\"article:modified_time\" content=\"2026-04-15T03:42:23+00:00\" \/>\n<meta property=\"og:image\" content=\"https:\/\/gblexprimer.com\/wp-content\/uploads\/2023\/12\/GBL-Online-Kaufen-1.jpg\" \/>\n\t<meta property=\"og:image:width\" content=\"600\" \/>\n\t<meta property=\"og:image:height\" content=\"600\" \/>\n\t<meta property=\"og:image:type\" content=\"image\/jpeg\" \/>\n<meta name=\"twitter:card\" content=\"summary_large_image\" \/>\n<meta name=\"twitter:label1\" content=\"Gesch\u00e4tzte Lesezeit\" \/>\n\t<meta name=\"twitter:data1\" content=\"3\u00a0Minuten\" \/>\n<script type=\"application\/ld+json\" class=\"yoast-schema-graph\">{\"@context\":\"https:\/\/schema.org\",\"@graph\":[{\"@type\":\"WebPage\",\"@id\":\"https:\/\/gblexprimer.com\/product\/achats-en-ligne-gbl\/\",\"url\":\"https:\/\/gblexprimer.com\/product\/achats-en-ligne-gbl\/\",\"name\":\"Acheter GBL - GBL Boutique en Ligne - GBL Ventes en Ligne\",\"isPartOf\":{\"@id\":\"https:\/\/gblexprimer.com\/#website\"},\"primaryImageOfPage\":{\"@id\":\"https:\/\/gblexprimer.com\/product\/achats-en-ligne-gbl\/#primaryimage\"},\"image\":{\"@id\":\"https:\/\/gblexprimer.com\/product\/achats-en-ligne-gbl\/#primaryimage\"},\"thumbnailUrl\":\"https:\/\/gblexprimer.com\/wp-content\/uploads\/2023\/12\/GBL-Online-Kaufen-1.jpg\",\"datePublished\":\"2023-12-26T07:26:39+00:00\",\"dateModified\":\"2026-04-15T03:42:23+00:00\",\"description\":\"acheter GBL, GBLExprimer est la meilleure boutique GBL o\u00f9 acheter du GBL en ligne. Commandez GBL maintenant\u00a0! Sourc\u00e9 de fabricants certifi\u00e9s et test\u00e9 rigoureusement pour puret\u00e9 et s\u00e9curit\u00e9. Livraison rapide et discr\u00e8te. Commandez d\u00e8s maintenant !\",\"breadcrumb\":{\"@id\":\"https:\/\/gblexprimer.com\/product\/achats-en-ligne-gbl\/#breadcrumb\"},\"inLanguage\":\"de\",\"potentialAction\":[{\"@type\":\"ReadAction\",\"target\":[\"https:\/\/gblexprimer.com\/product\/achats-en-ligne-gbl\/\"]}]},{\"@type\":\"ImageObject\",\"inLanguage\":\"de\",\"@id\":\"https:\/\/gblexprimer.com\/product\/achats-en-ligne-gbl\/#primaryimage\",\"url\":\"https:\/\/gblexprimer.com\/wp-content\/uploads\/2023\/12\/GBL-Online-Kaufen-1.jpg\",\"contentUrl\":\"https:\/\/gblexprimer.com\/wp-content\/uploads\/2023\/12\/GBL-Online-Kaufen-1.jpg\",\"width\":600,\"height\":600,\"caption\":\"Acheter GBL en ligne\"},{\"@type\":\"BreadcrumbList\",\"@id\":\"https:\/\/gblexprimer.com\/product\/achats-en-ligne-gbl\/#breadcrumb\",\"itemListElement\":[{\"@type\":\"ListItem\",\"position\":1,\"name\":\"Home\",\"item\":\"https:\/\/gblexprimer.com\/\"},{\"@type\":\"ListItem\",\"position\":2,\"name\":\"Shop\",\"item\":\"https:\/\/gblexprimer.com\/shop\/\"},{\"@type\":\"ListItem\",\"position\":3,\"name\":\"Achats en ligne GBL\"}]},{\"@type\":\"WebSite\",\"@id\":\"https:\/\/gblexprimer.com\/#website\",\"url\":\"https:\/\/gblexprimer.com\/\",\"name\":\"GBL Exprimer\",\"description\":\"\",\"publisher\":{\"@id\":\"https:\/\/gblexprimer.com\/#organization\"},\"potentialAction\":[{\"@type\":\"SearchAction\",\"target\":{\"@type\":\"EntryPoint\",\"urlTemplate\":\"https:\/\/gblexprimer.com\/?s={search_term_string}\"},\"query-input\":{\"@type\":\"PropertyValueSpecification\",\"valueRequired\":true,\"valueName\":\"search_term_string\"}}],\"inLanguage\":\"de\"},{\"@type\":\"Organization\",\"@id\":\"https:\/\/gblexprimer.com\/#organization\",\"name\":\"GBL Exprimer\",\"url\":\"https:\/\/gblexprimer.com\/\",\"logo\":{\"@type\":\"ImageObject\",\"inLanguage\":\"de\",\"@id\":\"https:\/\/gblexprimer.com\/#\/schema\/logo\/image\/\",\"url\":\"https:\/\/gblexprimer.com\/wp-content\/uploads\/2024\/01\/logo.png\",\"contentUrl\":\"https:\/\/gblexprimer.com\/wp-content\/uploads\/2024\/01\/logo.png\",\"width\":220,\"height\":80,\"caption\":\"GBL Exprimer\"},\"image\":{\"@id\":\"https:\/\/gblexprimer.com\/#\/schema\/logo\/image\/\"}}]}<\/script>\n<!-- \/ Yoast SEO plugin. -->","yoast_head_json":{"title":"Kaufen Sie GBL \u2013 GBL Online Store \u2013 GBL Online-Verk\u00e4ufe","description":"GBL kaufen, GBLExprimer ist der beste GBL-Shop, in dem Sie GBL online kaufen k\u00f6nnen. Bestellen Sie GBL jetzt! Von zertifizierten Herstellern bezogen und streng auf Reinheit und Sicherheit getestet. Schnelle und diskrete Lieferung. Bestellen Sie jetzt!","robots":{"index":"index","follow":"follow","max-snippet":"max-snippet:-1","max-image-preview":"max-image-preview:large","max-video-preview":"max-video-preview:-1"},"canonical":"https:\/\/gblexprimer.com\/de\/product\/gbl-online-einkaufen\/","og_locale":"de_DE","og_type":"article","og_title":"Acheter GBL - GBL Boutique en Ligne - GBL Ventes en Ligne","og_description":"acheter GBL, GBLExprimer est la meilleure boutique GBL o\u00f9 acheter du GBL en ligne. Commandez GBL maintenant\u00a0! Sourc\u00e9 de fabricants certifi\u00e9s et test\u00e9 rigoureusement pour puret\u00e9 et s\u00e9curit\u00e9. Livraison rapide et discr\u00e8te. Commandez d\u00e8s maintenant !","og_url":"https:\/\/gblexprimer.com\/de\/product\/gbl-online-einkaufen\/","og_site_name":"GBL Exprimer","article_modified_time":"2026-04-15T03:42:23+00:00","og_image":[{"width":600,"height":600,"url":"https:\/\/gblexprimer.com\/wp-content\/uploads\/2023\/12\/GBL-Online-Kaufen-1.jpg","type":"image\/jpeg"}],"twitter_card":"summary_large_image","twitter_misc":{"Gesch\u00e4tzte Lesezeit":"3\u00a0Minuten"},"schema":{"@context":"https:\/\/schema.org","@graph":[{"@type":"WebPage","@id":"https:\/\/gblexprimer.com\/product\/achats-en-ligne-gbl\/","url":"https:\/\/gblexprimer.com\/product\/achats-en-ligne-gbl\/","name":"Kaufen Sie GBL \u2013 GBL Online Store \u2013 GBL Online-Verk\u00e4ufe","isPartOf":{"@id":"https:\/\/gblexprimer.com\/#website"},"primaryImageOfPage":{"@id":"https:\/\/gblexprimer.com\/product\/achats-en-ligne-gbl\/#primaryimage"},"image":{"@id":"https:\/\/gblexprimer.com\/product\/achats-en-ligne-gbl\/#primaryimage"},"thumbnailUrl":"https:\/\/gblexprimer.com\/wp-content\/uploads\/2023\/12\/GBL-Online-Kaufen-1.jpg","datePublished":"2023-12-26T07:26:39+00:00","dateModified":"2026-04-15T03:42:23+00:00","description":"GBL kaufen, GBLExprimer ist der beste GBL-Shop, in dem Sie GBL online kaufen k\u00f6nnen. Bestellen Sie GBL jetzt! Von zertifizierten Herstellern bezogen und streng auf Reinheit und Sicherheit getestet. Schnelle und diskrete Lieferung. Bestellen Sie jetzt!","breadcrumb":{"@id":"https:\/\/gblexprimer.com\/product\/achats-en-ligne-gbl\/#breadcrumb"},"inLanguage":"de","potentialAction":[{"@type":"ReadAction","target":["https:\/\/gblexprimer.com\/product\/achats-en-ligne-gbl\/"]}]},{"@type":"ImageObject","inLanguage":"de","@id":"https:\/\/gblexprimer.com\/product\/achats-en-ligne-gbl\/#primaryimage","url":"https:\/\/gblexprimer.com\/wp-content\/uploads\/2023\/12\/GBL-Online-Kaufen-1.jpg","contentUrl":"https:\/\/gblexprimer.com\/wp-content\/uploads\/2023\/12\/GBL-Online-Kaufen-1.jpg","width":600,"height":600,"caption":"Acheter GBL en ligne"},{"@type":"BreadcrumbList","@id":"https:\/\/gblexprimer.com\/product\/achats-en-ligne-gbl\/#breadcrumb","itemListElement":[{"@type":"ListItem","position":1,"name":"Home","item":"https:\/\/gblexprimer.com\/"},{"@type":"ListItem","position":2,"name":"Shop","item":"https:\/\/gblexprimer.com\/shop\/"},{"@type":"ListItem","position":3,"name":"Achats en ligne GBL"}]},{"@type":"WebSite","@id":"https:\/\/gblexprimer.com\/#website","url":"https:\/\/gblexprimer.com\/","name":"GBL Ausdr\u00fccken","description":"","publisher":{"@id":"https:\/\/gblexprimer.com\/#organization"},"potentialAction":[{"@type":"SearchAction","target":{"@type":"EntryPoint","urlTemplate":"https:\/\/gblexprimer.com\/?s={search_term_string}"},"query-input":{"@type":"PropertyValueSpecification","valueRequired":true,"valueName":"search_term_string"}}],"inLanguage":"de"},{"@type":"Organization","@id":"https:\/\/gblexprimer.com\/#organization","name":"GBL Ausdr\u00fccken","url":"https:\/\/gblexprimer.com\/","logo":{"@type":"ImageObject","inLanguage":"de","@id":"https:\/\/gblexprimer.com\/#\/schema\/logo\/image\/","url":"https:\/\/gblexprimer.com\/wp-content\/uploads\/2024\/01\/logo.png","contentUrl":"https:\/\/gblexprimer.com\/wp-content\/uploads\/2024\/01\/logo.png","width":220,"height":80,"caption":"GBL Exprimer"},"image":{"@id":"https:\/\/gblexprimer.com\/#\/schema\/logo\/image\/"}}]}},"_links":{"self":[{"href":"https:\/\/gblexprimer.com\/de\/wp-json\/wp\/v2\/product\/15","targetHints":{"allow":["GET"]}}],"collection":[{"href":"https:\/\/gblexprimer.com\/de\/wp-json\/wp\/v2\/product"}],"about":[{"href":"https:\/\/gblexprimer.com\/de\/wp-json\/wp\/v2\/types\/product"}],"replies":[{"embeddable":true,"href":"https:\/\/gblexprimer.com\/de\/wp-json\/wp\/v2\/comments?post=15"}],"wp:featuredmedia":[{"embeddable":true,"href":"https:\/\/gblexprimer.com\/de\/wp-json\/wp\/v2\/media\/109"}],"wp:attachment":[{"href":"https:\/\/gblexprimer.com\/de\/wp-json\/wp\/v2\/media?parent=15"}],"wp:term":[{"taxonomy":"product_brand","embeddable":true,"href":"https:\/\/gblexprimer.com\/de\/wp-json\/wp\/v2\/product_brand?post=15"},{"taxonomy":"product_cat","embeddable":true,"href":"https:\/\/gblexprimer.com\/de\/wp-json\/wp\/v2\/product_cat?post=15"},{"taxonomy":"product_tag","embeddable":true,"href":"https:\/\/gblexprimer.com\/de\/wp-json\/wp\/v2\/product_tag?post=15"}],"curies":[{"name":"wp","href":"https:\/\/api.w.org\/{rel}","templated":true}]}}