{"id":41,"date":"2023-12-26T07:26:41","date_gmt":"2023-12-26T07:26:41","guid":{"rendered":"https:\/\/cannasmed.com\/gbl\/?post_type=product&#038;p=41"},"modified":"2026-04-09T09:22:58","modified_gmt":"2026-04-09T09:22:58","slug":"tramadol-ratiopharm-100-mg-ml-tramadol","status":"publish","type":"product","link":"https:\/\/gblexprimer.com\/de\/product\/tramadol-ratiopharm-100-mg-ml-tramadol\/","title":{"rendered":"Tramadol Ratiopharm 100 mg\/ml Tramadol online kaufen"},"content":{"rendered":"<h2>Acheter du Tramadol Ratiopharm 100 mg\/ml en ligne<\/h2>\n<p class=\"ds-markdown-paragraph\">En cons\u00e9quence, les unit\u00e9s des produits\u00a0<a href=\"https:\/\/gblexprimer.com\/de\/product\/tramadol-ratiopharm-100-mg-ml-tramadol\/\"><strong>Tramadol Gouttes Ratiopharm<\/strong><\/a>\u00a0que nous fournissons sont s\u00fbres et de qualit\u00e9\u00a0<strong>grade pharmaceutique Tramadol<\/strong>. Plus pr\u00e9cis\u00e9ment, nos\u00a0<strong>Tramadol Gouttes Ratiopharm<\/strong>\u00a0und\u00a0<strong>Ratiopharm Tramadol Gouttes<\/strong>\u00a0r\u00e9pondent aux normes les plus \u00e9lev\u00e9es. Vous serez rembours\u00e9 ou recevrez une livraison de remplacement si, par inadvertance, une livraison ne r\u00e9pond pas \u00e0 cette exigence. Le m\u00e9dicament doit \u00eatre \u00e9limin\u00e9\u00a0<strong>conform\u00e9ment \u00e0 la notice<\/strong>\u00a0une fois la date de p\u00e9remption d\u00e9pass\u00e9e. L&rsquo;<strong>\u00e9limination conform\u00e9ment \u00e0 la notice<\/strong> est essentielle pour la s\u00e9curit\u00e9. <a href=\"https:\/\/gblexprimer.com\/de\/\"><strong>GBlexpression<\/strong><\/a><\/p>\n<h3 class=\"ds-markdown-paragraph\">D\u00e9tails de disponibilit\u00e9 :<\/h3>\n<p class=\"ds-markdown-paragraph\">Le produit connu sous le nom de\u00a0<strong>Tramadol Gouttes Ratiopharm<\/strong>\u00a0est\u00a0<a href=\"https:\/\/go.drugbank.com\/drugs\/DB00193\"><strong>pr\u00eat pour une livraison rapide<\/strong><\/a>\u00a0avec une\u00a0<strong>disponibilit\u00e9 imm\u00e9diate<\/strong>. Nous proposons une\u00a0<strong>livraison rapide Tramadol Gouttes<\/strong>\u00a0pour r\u00e9pondre \u00e0 vos besoins.\u00a0<strong>Tramadol Gouttes Ratiopharm disponible<\/strong>\u00a0est notre statut standard.<\/p>\n<h3 class=\"ds-markdown-paragraph\">Contraintes de livraison sp\u00e9cifiques \u00e0 certains pays :<\/h3>\n<p class=\"ds-markdown-paragraph\">Actuellement, il n&rsquo;y a\u00a0<strong><a href=\"https:\/\/gblexprimer.com\/de\/product\/valocordin-diazepam-tropfene-10-mg\/\">aucune restriction de livraison<\/a> bas\u00e9e sur le pays du client<\/strong>\u00a0pour le\u00a0<strong>produit Tramadol Gouttes Ratiopharm<\/strong>. Cela signifie\u00a0<strong>aucune limitation de livraison par pays<\/strong>\u00a0und\u00a0<strong>livraison mondiale disponible<\/strong>\u00a0pour tous nos clients.<\/p>\n<h3 class=\"ds-markdown-paragraph\">\u00c0 garder \u00e0 l&rsquo;esprit :<\/h3>\n<p class=\"ds-markdown-paragraph\">Bitte bewahren Sie das Produkt auf\u00a0<strong>Tramadol Gouttes Ratiopharm<\/strong>\u00a0<strong>au\u00dferhalb der Reichweite von Kindern<\/strong>\u00a0dans son\u00a0<strong>emballage d&rsquo;origine Tramadol<\/strong>. Pour un\u00a0<strong>stockage appropri\u00e9 du <a href=\"https:\/\/en.wikipedia.org\/wiki\/Tramadol\">Tramadol<\/a><\/strong>\u00a0et son \u00e9limination, veuillez consulter la notice jointe. Suivez toujours les\u00a0<strong>instructions du fabricant Tramadol<\/strong>\u00a0pour de meilleurs r\u00e9sultats. Nos\u00a0<strong>produits Tramadol s\u00fbrs<\/strong>, y compris les\u00a0<strong>unit\u00e9s Tramadol Gouttes Ratiopharm<\/strong>, sont livr\u00e9s avec soin. Si vous avez besoin d&rsquo;informations compl\u00e9mentaires concernant l&rsquo;\u00e9limination et le\u00a0<strong>stockage appropri\u00e9 du Tramadol<\/strong>, veuillez consulter la notice. <a href=\"https:\/\/gblexprimer.com\/de\/product\/tramadol-ratiopharm-100-mg-ml-tramadol\/\">Achetez en toute confiance<\/a><\/p>","protected":false},"excerpt":{"rendered":"<p>Acheter du Tramadol Ratiopharm 100 mg\/ml en ligne En cons\u00e9quence, les unit\u00e9s des produits\u00a0Tramadol Gouttes Ratiopharm\u00a0que nous fournissons sont s\u00fbres et de qualit\u00e9\u00a0grade pharmaceutique Tramadol. Plus pr\u00e9cis\u00e9ment, nos\u00a0Tramadol Gouttes Ratiopharm\u00a0et\u00a0Ratiopharm Tramadol Gouttes\u00a0r\u00e9pondent aux normes les plus \u00e9lev\u00e9es. Vous serez rembours\u00e9 ou recevrez une livraison de remplacement si, par inadvertance, une livraison ne r\u00e9pond pas \u00e0 [&hellip;]<\/p>","protected":false},"featured_media":95,"comment_status":"open","ping_status":"closed","template":"","meta":{"site-sidebar-layout":"default","site-content-layout":"","ast-site-content-layout":"default","site-content-style":"default","site-sidebar-style":"default","ast-global-header-display":"","ast-banner-title-visibility":"","ast-main-header-display":"","ast-hfb-above-header-display":"","ast-hfb-below-header-display":"","ast-hfb-mobile-header-display":"","site-post-title":"","ast-breadcrumbs-content":"","ast-featured-img":"","footer-sml-layout":"","theme-transparent-header-meta":"default","adv-header-id-meta":"","stick-header-meta":"","header-above-stick-meta":"","header-main-stick-meta":"","header-below-stick-meta":"","astra-migrate-meta-layouts":"set","ast-page-background-enabled":"default","ast-page-background-meta":{"desktop":{"background-color":"","background-image":"","background-repeat":"repeat","background-position":"center center","background-size":"auto","background-attachment":"scroll","background-type":"","background-media":"","overlay-type":"","overlay-color":"","overlay-opacity":"","overlay-gradient":""},"tablet":{"background-color":"","background-image":"","background-repeat":"repeat","background-position":"center center","background-size":"auto","background-attachment":"scroll","background-type":"","background-media":"","overlay-type":"","overlay-color":"","overlay-opacity":"","overlay-gradient":""},"mobile":{"background-color":"","background-image":"","background-repeat":"repeat","background-position":"center center","background-size":"auto","background-attachment":"scroll","background-type":"","background-media":"","overlay-type":"","overlay-color":"","overlay-opacity":"","overlay-gradient":""}},"ast-content-background-meta":{"desktop":{"background-color":"var(--ast-global-color-5)","background-image":"","background-repeat":"repeat","background-position":"center center","background-size":"auto","background-attachment":"scroll","background-type":"","background-media":"","overlay-type":"","overlay-color":"","overlay-opacity":"","overlay-gradient":""},"tablet":{"background-color":"var(--ast-global-color-5)","background-image":"","background-repeat":"repeat","background-position":"center center","background-size":"auto","background-attachment":"scroll","background-type":"","background-media":"","overlay-type":"","overlay-color":"","overlay-opacity":"","overlay-gradient":""},"mobile":{"background-color":"var(--ast-global-color-5)","background-image":"","background-repeat":"repeat","background-position":"center center","background-size":"auto","background-attachment":"scroll","background-type":"","background-media":"","overlay-type":"","overlay-color":"","overlay-opacity":"","overlay-gradient":""}},"_joinchat":[]},"product_brand":[],"product_cat":[84],"product_tag":[101,102,103,104,105,106,107,108],"class_list":{"0":"post-41","1":"product","2":"type-product","3":"status-publish","4":"has-post-thumbnail","6":"product_cat-ko-drops","7":"product_tag-bestellen-tramadol-tropfen-online-kaufen","8":"product_tag-tramadol-tropfen","9":"product_tag-tramadol-tropfen-bestellen","10":"product_tag-tramadol-tropfen-kaufen","11":"product_tag-tramadol-tropfen-ohne-rezept","12":"product_tag-tramadol-tropfen-online","13":"product_tag-tramadol-tropfen-rezeptfrei","14":"product_tag-tramadol-tropfen-shop","15":"desktop-align-left","16":"tablet-align-left","17":"mobile-align-left","19":"first","20":"instock","21":"featured","22":"shipping-taxable","23":"purchasable","24":"product-type-variable","25":"has-default-attributes"},"yoast_head":"<!-- This site is optimized with the Yoast SEO plugin v26.9 - https:\/\/yoast.com\/product\/yoast-seo-wordpress\/ -->\n<title>Acheter Tramadol-ratiopharm 100 mg\/ml en ligne | Gblexprimer<\/title>\n<meta name=\"description\" content=\"Tramadol-ratiopharm est un analg\u00e9sique opio\u00efde utilis\u00e9 pour traiter les douleurs mod\u00e9r\u00e9es \u00e0 s\u00e9v\u00e8res. Il agit en modifiant la perception de la douleur au sein du syst\u00e8me nerveux central et ne doit \u00eatre utilis\u00e9 que sous surveillance m\u00e9dicale.\" \/>\n<meta name=\"robots\" content=\"index, follow, max-snippet:-1, max-image-preview:large, max-video-preview:-1\" \/>\n<link rel=\"canonical\" href=\"https:\/\/gblexprimer.com\/de\/product\/tramadol-ratiopharm-100-mg-ml-tramadol\/\" \/>\n<meta property=\"og:locale\" content=\"de_DE\" \/>\n<meta property=\"og:type\" content=\"article\" \/>\n<meta property=\"og:title\" content=\"Acheter Tramadol-ratiopharm 100 mg\/ml en ligne | Gblexprimer\" \/>\n<meta property=\"og:description\" content=\"Tramadol-ratiopharm est un analg\u00e9sique opio\u00efde utilis\u00e9 pour traiter les douleurs mod\u00e9r\u00e9es \u00e0 s\u00e9v\u00e8res. Il agit en modifiant la perception de la douleur au sein du syst\u00e8me nerveux central et ne doit \u00eatre utilis\u00e9 que sous surveillance m\u00e9dicale.\" \/>\n<meta property=\"og:url\" content=\"https:\/\/gblexprimer.com\/de\/product\/tramadol-ratiopharm-100-mg-ml-tramadol\/\" \/>\n<meta property=\"og:site_name\" content=\"GBL Exprimer\" \/>\n<meta property=\"article:modified_time\" content=\"2026-04-09T09:22:58+00:00\" \/>\n<meta property=\"og:image\" content=\"https:\/\/gblexprimer.com\/wp-content\/uploads\/2023\/12\/Tramadol-Ratiopharm-100-mg-ml-Tramadol.jpg\" \/>\n\t<meta property=\"og:image:width\" content=\"600\" \/>\n\t<meta property=\"og:image:height\" content=\"600\" \/>\n\t<meta property=\"og:image:type\" content=\"image\/jpeg\" \/>\n<meta name=\"twitter:card\" content=\"summary_large_image\" \/>\n<meta name=\"twitter:label1\" content=\"Gesch\u00e4tzte Lesezeit\" \/>\n\t<meta name=\"twitter:data1\" content=\"2\u00a0Minuten\" \/>\n<script type=\"application\/ld+json\" class=\"yoast-schema-graph\">{\"@context\":\"https:\/\/schema.org\",\"@graph\":[{\"@type\":\"WebPage\",\"@id\":\"https:\/\/gblexprimer.com\/product\/tramadol-ratiopharm-100-mg-ml-tramadol\/\",\"url\":\"https:\/\/gblexprimer.com\/product\/tramadol-ratiopharm-100-mg-ml-tramadol\/\",\"name\":\"Acheter Tramadol-ratiopharm 100 mg\/ml en ligne | Gblexprimer\",\"isPartOf\":{\"@id\":\"https:\/\/gblexprimer.com\/#website\"},\"primaryImageOfPage\":{\"@id\":\"https:\/\/gblexprimer.com\/product\/tramadol-ratiopharm-100-mg-ml-tramadol\/#primaryimage\"},\"image\":{\"@id\":\"https:\/\/gblexprimer.com\/product\/tramadol-ratiopharm-100-mg-ml-tramadol\/#primaryimage\"},\"thumbnailUrl\":\"https:\/\/gblexprimer.com\/wp-content\/uploads\/2023\/12\/Tramadol-Ratiopharm-100-mg-ml-Tramadol.jpg\",\"datePublished\":\"2023-12-26T07:26:41+00:00\",\"dateModified\":\"2026-04-09T09:22:58+00:00\",\"description\":\"Tramadol-ratiopharm est un analg\u00e9sique opio\u00efde utilis\u00e9 pour traiter les douleurs mod\u00e9r\u00e9es \u00e0 s\u00e9v\u00e8res. Il agit en modifiant la perception de la douleur au sein du syst\u00e8me nerveux central et ne doit \u00eatre utilis\u00e9 que sous surveillance m\u00e9dicale.\",\"breadcrumb\":{\"@id\":\"https:\/\/gblexprimer.com\/product\/tramadol-ratiopharm-100-mg-ml-tramadol\/#breadcrumb\"},\"inLanguage\":\"de\",\"potentialAction\":[{\"@type\":\"ReadAction\",\"target\":[\"https:\/\/gblexprimer.com\/product\/tramadol-ratiopharm-100-mg-ml-tramadol\/\"]}]},{\"@type\":\"ImageObject\",\"inLanguage\":\"de\",\"@id\":\"https:\/\/gblexprimer.com\/product\/tramadol-ratiopharm-100-mg-ml-tramadol\/#primaryimage\",\"url\":\"https:\/\/gblexprimer.com\/wp-content\/uploads\/2023\/12\/Tramadol-Ratiopharm-100-mg-ml-Tramadol.jpg\",\"contentUrl\":\"https:\/\/gblexprimer.com\/wp-content\/uploads\/2023\/12\/Tramadol-Ratiopharm-100-mg-ml-Tramadol.jpg\",\"width\":600,\"height\":600,\"caption\":\"Acheter Tramadol Ratiopharm 100 mg\/ml Tramadol en ligne\"},{\"@type\":\"BreadcrumbList\",\"@id\":\"https:\/\/gblexprimer.com\/product\/tramadol-ratiopharm-100-mg-ml-tramadol\/#breadcrumb\",\"itemListElement\":[{\"@type\":\"ListItem\",\"position\":1,\"name\":\"Home\",\"item\":\"https:\/\/gblexprimer.com\/\"},{\"@type\":\"ListItem\",\"position\":2,\"name\":\"Shop\",\"item\":\"https:\/\/gblexprimer.com\/shop\/\"},{\"@type\":\"ListItem\",\"position\":3,\"name\":\"Acheter Tramadol Ratiopharm 100 mg\/ml Tramadol en ligne\"}]},{\"@type\":\"WebSite\",\"@id\":\"https:\/\/gblexprimer.com\/#website\",\"url\":\"https:\/\/gblexprimer.com\/\",\"name\":\"GBL Exprimer\",\"description\":\"\",\"publisher\":{\"@id\":\"https:\/\/gblexprimer.com\/#organization\"},\"potentialAction\":[{\"@type\":\"SearchAction\",\"target\":{\"@type\":\"EntryPoint\",\"urlTemplate\":\"https:\/\/gblexprimer.com\/?s={search_term_string}\"},\"query-input\":{\"@type\":\"PropertyValueSpecification\",\"valueRequired\":true,\"valueName\":\"search_term_string\"}}],\"inLanguage\":\"de\"},{\"@type\":\"Organization\",\"@id\":\"https:\/\/gblexprimer.com\/#organization\",\"name\":\"GBL Exprimer\",\"url\":\"https:\/\/gblexprimer.com\/\",\"logo\":{\"@type\":\"ImageObject\",\"inLanguage\":\"de\",\"@id\":\"https:\/\/gblexprimer.com\/#\/schema\/logo\/image\/\",\"url\":\"https:\/\/gblexprimer.com\/wp-content\/uploads\/2024\/01\/logo.png\",\"contentUrl\":\"https:\/\/gblexprimer.com\/wp-content\/uploads\/2024\/01\/logo.png\",\"width\":220,\"height\":80,\"caption\":\"GBL Exprimer\"},\"image\":{\"@id\":\"https:\/\/gblexprimer.com\/#\/schema\/logo\/image\/\"}}]}<\/script>\n<!-- \/ Yoast SEO plugin. -->","yoast_head_json":{"title":"Acheter Tramadol-ratiopharm 100 mg\/ml en ligne | Gblexprimer","description":"Tramadol-ratiopharm est un analg\u00e9sique opio\u00efde utilis\u00e9 pour traiter les douleurs mod\u00e9r\u00e9es \u00e0 s\u00e9v\u00e8res. Il agit en modifiant la perception de la douleur au sein du syst\u00e8me nerveux central et ne doit \u00eatre utilis\u00e9 que sous surveillance m\u00e9dicale.","robots":{"index":"index","follow":"follow","max-snippet":"max-snippet:-1","max-image-preview":"max-image-preview:large","max-video-preview":"max-video-preview:-1"},"canonical":"https:\/\/gblexprimer.com\/de\/product\/tramadol-ratiopharm-100-mg-ml-tramadol\/","og_locale":"de_DE","og_type":"article","og_title":"Acheter Tramadol-ratiopharm 100 mg\/ml en ligne | Gblexprimer","og_description":"Tramadol-ratiopharm est un analg\u00e9sique opio\u00efde utilis\u00e9 pour traiter les douleurs mod\u00e9r\u00e9es \u00e0 s\u00e9v\u00e8res. Il agit en modifiant la perception de la douleur au sein du syst\u00e8me nerveux central et ne doit \u00eatre utilis\u00e9 que sous surveillance m\u00e9dicale.","og_url":"https:\/\/gblexprimer.com\/de\/product\/tramadol-ratiopharm-100-mg-ml-tramadol\/","og_site_name":"GBL Exprimer","article_modified_time":"2026-04-09T09:22:58+00:00","og_image":[{"width":600,"height":600,"url":"https:\/\/gblexprimer.com\/wp-content\/uploads\/2023\/12\/Tramadol-Ratiopharm-100-mg-ml-Tramadol.jpg","type":"image\/jpeg"}],"twitter_card":"summary_large_image","twitter_misc":{"Gesch\u00e4tzte Lesezeit":"2\u00a0Minuten"},"schema":{"@context":"https:\/\/schema.org","@graph":[{"@type":"WebPage","@id":"https:\/\/gblexprimer.com\/product\/tramadol-ratiopharm-100-mg-ml-tramadol\/","url":"https:\/\/gblexprimer.com\/product\/tramadol-ratiopharm-100-mg-ml-tramadol\/","name":"Acheter Tramadol-ratiopharm 100 mg\/ml en ligne | Gblexprimer","isPartOf":{"@id":"https:\/\/gblexprimer.com\/#website"},"primaryImageOfPage":{"@id":"https:\/\/gblexprimer.com\/product\/tramadol-ratiopharm-100-mg-ml-tramadol\/#primaryimage"},"image":{"@id":"https:\/\/gblexprimer.com\/product\/tramadol-ratiopharm-100-mg-ml-tramadol\/#primaryimage"},"thumbnailUrl":"https:\/\/gblexprimer.com\/wp-content\/uploads\/2023\/12\/Tramadol-Ratiopharm-100-mg-ml-Tramadol.jpg","datePublished":"2023-12-26T07:26:41+00:00","dateModified":"2026-04-09T09:22:58+00:00","description":"Tramadol-ratiopharm est un analg\u00e9sique opio\u00efde utilis\u00e9 pour traiter les douleurs mod\u00e9r\u00e9es \u00e0 s\u00e9v\u00e8res. Il agit en modifiant la perception de la douleur au sein du syst\u00e8me nerveux central et ne doit \u00eatre utilis\u00e9 que sous surveillance m\u00e9dicale.","breadcrumb":{"@id":"https:\/\/gblexprimer.com\/product\/tramadol-ratiopharm-100-mg-ml-tramadol\/#breadcrumb"},"inLanguage":"de","potentialAction":[{"@type":"ReadAction","target":["https:\/\/gblexprimer.com\/product\/tramadol-ratiopharm-100-mg-ml-tramadol\/"]}]},{"@type":"ImageObject","inLanguage":"de","@id":"https:\/\/gblexprimer.com\/product\/tramadol-ratiopharm-100-mg-ml-tramadol\/#primaryimage","url":"https:\/\/gblexprimer.com\/wp-content\/uploads\/2023\/12\/Tramadol-Ratiopharm-100-mg-ml-Tramadol.jpg","contentUrl":"https:\/\/gblexprimer.com\/wp-content\/uploads\/2023\/12\/Tramadol-Ratiopharm-100-mg-ml-Tramadol.jpg","width":600,"height":600,"caption":"Acheter Tramadol Ratiopharm 100 mg\/ml Tramadol en ligne"},{"@type":"BreadcrumbList","@id":"https:\/\/gblexprimer.com\/product\/tramadol-ratiopharm-100-mg-ml-tramadol\/#breadcrumb","itemListElement":[{"@type":"ListItem","position":1,"name":"Home","item":"https:\/\/gblexprimer.com\/"},{"@type":"ListItem","position":2,"name":"Shop","item":"https:\/\/gblexprimer.com\/shop\/"},{"@type":"ListItem","position":3,"name":"Acheter Tramadol Ratiopharm 100 mg\/ml Tramadol en ligne"}]},{"@type":"WebSite","@id":"https:\/\/gblexprimer.com\/#website","url":"https:\/\/gblexprimer.com\/","name":"GBL Ausdr\u00fccken","description":"","publisher":{"@id":"https:\/\/gblexprimer.com\/#organization"},"potentialAction":[{"@type":"SearchAction","target":{"@type":"EntryPoint","urlTemplate":"https:\/\/gblexprimer.com\/?s={search_term_string}"},"query-input":{"@type":"PropertyValueSpecification","valueRequired":true,"valueName":"search_term_string"}}],"inLanguage":"de"},{"@type":"Organization","@id":"https:\/\/gblexprimer.com\/#organization","name":"GBL Ausdr\u00fccken","url":"https:\/\/gblexprimer.com\/","logo":{"@type":"ImageObject","inLanguage":"de","@id":"https:\/\/gblexprimer.com\/#\/schema\/logo\/image\/","url":"https:\/\/gblexprimer.com\/wp-content\/uploads\/2024\/01\/logo.png","contentUrl":"https:\/\/gblexprimer.com\/wp-content\/uploads\/2024\/01\/logo.png","width":220,"height":80,"caption":"GBL Exprimer"},"image":{"@id":"https:\/\/gblexprimer.com\/#\/schema\/logo\/image\/"}}]}},"_links":{"self":[{"href":"https:\/\/gblexprimer.com\/de\/wp-json\/wp\/v2\/product\/41","targetHints":{"allow":["GET"]}}],"collection":[{"href":"https:\/\/gblexprimer.com\/de\/wp-json\/wp\/v2\/product"}],"about":[{"href":"https:\/\/gblexprimer.com\/de\/wp-json\/wp\/v2\/types\/product"}],"replies":[{"embeddable":true,"href":"https:\/\/gblexprimer.com\/de\/wp-json\/wp\/v2\/comments?post=41"}],"wp:featuredmedia":[{"embeddable":true,"href":"https:\/\/gblexprimer.com\/de\/wp-json\/wp\/v2\/media\/95"}],"wp:attachment":[{"href":"https:\/\/gblexprimer.com\/de\/wp-json\/wp\/v2\/media?parent=41"}],"wp:term":[{"taxonomy":"product_brand","embeddable":true,"href":"https:\/\/gblexprimer.com\/de\/wp-json\/wp\/v2\/product_brand?post=41"},{"taxonomy":"product_cat","embeddable":true,"href":"https:\/\/gblexprimer.com\/de\/wp-json\/wp\/v2\/product_cat?post=41"},{"taxonomy":"product_tag","embeddable":true,"href":"https:\/\/gblexprimer.com\/de\/wp-json\/wp\/v2\/product_tag?post=41"}],"curies":[{"name":"wp","href":"https:\/\/api.w.org\/{rel}","templated":true}]}}