{"id":42,"date":"2023-12-26T07:26:41","date_gmt":"2023-12-26T07:26:41","guid":{"rendered":"https:\/\/cannasmed.com\/gbl\/?post_type=product&#038;p=42"},"modified":"2026-04-09T09:37:37","modified_gmt":"2026-04-09T09:37:37","slug":"valoron-n-tropfen-100-8-mg-tilidin-naloxon","status":"publish","type":"product","link":"https:\/\/gblexprimer.com\/de\/product\/valoron-n-tropfen-100-8-mg-tilidin-naloxon\/","title":{"rendered":"Valoron N Tropfen 100\/8 mg Tilidin\/Naloxon online kaufen"},"content":{"rendered":"<h2>Valoron N Tropfen 100\/8 mg Tilidin\/Naloxon online kaufen<\/h2>\n<p class=\"ds-markdown-paragraph\">Achetez VALORON N. Les unit\u00e9s de produits que nous fournissons sous le nom de<strong><a href=\"https:\/\/gblexprimer.com\/de\/product\/valoron-n-tropfen-100-8-mg-tilidin-naloxon\/\"> Valoron N gouttes 100\/8 mg 20 ml<\/a><\/strong> sont sans aucun doute des\u00a0<strong>produits de qualit\u00e9 pharmaceutique certifi\u00e9<\/strong>\u00a0avec un\u00a0<strong>\u00e9tat impeccable<\/strong>\u00a0und eine\u00a0<strong>conformit\u00e9 pharmaceutique<\/strong>\u00a0irr\u00e9prochable. Nous offrons une\u00a0<strong>qualit\u00e9 pharmaceutique Valoron N<\/strong>\u00a0et chaque\u00a0<strong>produit impeccable<\/strong>\u00a0vous garantit satisfaction. Vous serez rembours\u00e9 ou recevrez une\u00a0<a href=\"https:\/\/gblexprimer.com\/de\/product\/xyrem-180-ml-a-500-mg-gamma-hydroxy-butter-ghb\/\"><strong>livraison de remplacement<\/strong><\/a>\u00a0si une livraison par inadvertance ne r\u00e9pond pas \u00e0 cette exigence. Notre politique inclut un\u00a0<strong>remboursement Valoron N<\/strong>eine\u00a0<strong>garantie satisfait ou rembours\u00e9<\/strong>, et un\u00a0<strong>remboursement garanti<\/strong>. En cas de\u00a0<strong>produit d\u00e9fectueux rembours\u00e9<\/strong>, nous proc\u00e9dons \u00e0 un\u00a0<strong>\u00e9change garanti<\/strong>. Le m\u00e9dicament doit \u00eatre \u00e9limin\u00e9 conform\u00e9ment aux instructions du fabricant (voir la notice) une fois la dur\u00e9e de conservation \u00e9coul\u00e9e. <a href=\"https:\/\/gblexprimer.com\/de\/\"><strong>GBlexpression<\/strong><\/a><\/p>\n<h3 class=\"ds-markdown-paragraph\">Details zur Verf\u00fcgbarkeit :<\/h3>\n<p class=\"ds-markdown-paragraph\"><strong>Valoron N 100\/8 mg 20 ml disponible<\/strong>\u00a0est notre <strong><a href=\"https:\/\/www.sciencedirect.com\/topics\/medicine-and-dentistry\/tilidine\">r\u00e9alit\u00e9 quotidienne<\/a><\/strong>.\u00a0<strong>Valoron N gouttes qualit\u00e9 pharmaceutique<\/strong>\u00a0est notre engagement. Vous pouvez\u00a0<strong>acheter Valoron N livraison rapide<\/strong>\u00a0en toute confiance.<\/p>\n<h3 class=\"ds-markdown-paragraph\">L\u00e4nderspezifische Zustellbarkeitsbeschr\u00e4nkungen :<\/h3>\n<p class=\"ds-markdown-paragraph\">\u00c0 l&rsquo;heure actuelle, il n&rsquo;existe aucune restriction de livraison bas\u00e9e sur un pays pour le <strong><a href=\"https:\/\/en.wikipedia.org\/wiki\/Tilidine\">produit Valoron<\/a><\/strong> N Drops 100\/8 mg 20 ml.<\/p>\n<h3 class=\"ds-markdown-paragraph\">Gardez \u00e0 l&rsquo;esprit :<\/h3>\n<p class=\"ds-markdown-paragraph\">Veuillez conserver Valoron N Drops 100\/8 mg 20 ml dans son r\u00e9cipient d&rsquo;origine. Gardez l&#8217;emballage hors de port\u00e9e des enfants. Veuillez vous r\u00e9f\u00e9rer au livret de l&#8217;emballage pour plus d&rsquo;informations sur les pratiques appropri\u00e9es d&rsquo;\u00e9limination et de stockage. <a href=\"https:\/\/gblexprimer.com\/de\/product\/valoron-n-tropfen-100-8-mg-tilidin-naloxon\/\"><strong>Paiement s\u00e9curis\u00e9<\/strong><\/a><\/p>","protected":false},"excerpt":{"rendered":"<p>Acheter Valoron N Tropfen 100\/8 mg Tilidin\/Naloxon en ligne Achetez VALORON N. Les unit\u00e9s de produits que nous fournissons sous le nom de Valoron N gouttes 100\/8 mg 20 ml sont sans aucun doute des\u00a0produits de qualit\u00e9 pharmaceutique certifi\u00e9\u00a0avec un\u00a0\u00e9tat impeccable\u00a0et une\u00a0conformit\u00e9 pharmaceutique\u00a0irr\u00e9prochable. Nous offrons une\u00a0qualit\u00e9 pharmaceutique Valoron N\u00a0et chaque\u00a0produit impeccable\u00a0vous garantit satisfaction. Vous serez [&hellip;]<\/p>","protected":false},"featured_media":94,"comment_status":"open","ping_status":"closed","template":"","meta":{"site-sidebar-layout":"default","site-content-layout":"","ast-site-content-layout":"default","site-content-style":"default","site-sidebar-style":"default","ast-global-header-display":"","ast-banner-title-visibility":"","ast-main-header-display":"","ast-hfb-above-header-display":"","ast-hfb-below-header-display":"","ast-hfb-mobile-header-display":"","site-post-title":"","ast-breadcrumbs-content":"","ast-featured-img":"","footer-sml-layout":"","theme-transparent-header-meta":"default","adv-header-id-meta":"","stick-header-meta":"","header-above-stick-meta":"","header-main-stick-meta":"","header-below-stick-meta":"","astra-migrate-meta-layouts":"set","ast-page-background-enabled":"default","ast-page-background-meta":{"desktop":{"background-color":"","background-image":"","background-repeat":"repeat","background-position":"center center","background-size":"auto","background-attachment":"scroll","background-type":"","background-media":"","overlay-type":"","overlay-color":"","overlay-opacity":"","overlay-gradient":""},"tablet":{"background-color":"","background-image":"","background-repeat":"repeat","background-position":"center center","background-size":"auto","background-attachment":"scroll","background-type":"","background-media":"","overlay-type":"","overlay-color":"","overlay-opacity":"","overlay-gradient":""},"mobile":{"background-color":"","background-image":"","background-repeat":"repeat","background-position":"center center","background-size":"auto","background-attachment":"scroll","background-type":"","background-media":"","overlay-type":"","overlay-color":"","overlay-opacity":"","overlay-gradient":""}},"ast-content-background-meta":{"desktop":{"background-color":"var(--ast-global-color-5)","background-image":"","background-repeat":"repeat","background-position":"center center","background-size":"auto","background-attachment":"scroll","background-type":"","background-media":"","overlay-type":"","overlay-color":"","overlay-opacity":"","overlay-gradient":""},"tablet":{"background-color":"var(--ast-global-color-5)","background-image":"","background-repeat":"repeat","background-position":"center center","background-size":"auto","background-attachment":"scroll","background-type":"","background-media":"","overlay-type":"","overlay-color":"","overlay-opacity":"","overlay-gradient":""},"mobile":{"background-color":"var(--ast-global-color-5)","background-image":"","background-repeat":"repeat","background-position":"center center","background-size":"auto","background-attachment":"scroll","background-type":"","background-media":"","overlay-type":"","overlay-color":"","overlay-opacity":"","overlay-gradient":""}},"_joinchat":[]},"product_brand":[],"product_cat":[84],"product_tag":[109,110,111,112,113,114,115,116],"class_list":{"0":"post-42","1":"product","2":"type-product","3":"status-publish","4":"has-post-thumbnail","6":"product_cat-ko-drops","7":"product_tag-valoron-n","8":"product_tag-valoron-n-bestellen","9":"product_tag-valoron-n-kaufen","10":"product_tag-valoron-n-ohne-rezept","11":"product_tag-valoron-n-online-bestellen","12":"product_tag-valoron-n-online-kaufen","13":"product_tag-valoron-n-rezeptfrei","14":"product_tag-valoron-n-shop","15":"desktop-align-left","16":"tablet-align-left","17":"mobile-align-left","19":"first","20":"instock","21":"shipping-taxable","22":"purchasable","23":"product-type-variable","24":"has-default-attributes"},"yoast_head":"<!-- This site is optimized with the Yoast SEO plugin v26.9 - https:\/\/yoast.com\/product\/yoast-seo-wordpress\/ -->\n<title>Acheter Valoron N Gouttes en ligne \u2013 Tilidine-Naloxone \u00e0 vendre<\/title>\n<meta name=\"description\" content=\"Les gouttes Valoron N contiennent de la tilidine et de la naloxone ; elles sont prescrites pour le soulagement des douleurs mod\u00e9r\u00e9es \u00e0 s\u00e9v\u00e8res. Cette combinaison permet d&#039;assurer une analg\u00e9sie efficace tout en r\u00e9duisant le risque de m\u00e9susage.\" \/>\n<meta name=\"robots\" content=\"index, follow, max-snippet:-1, max-image-preview:large, max-video-preview:-1\" \/>\n<link rel=\"canonical\" href=\"https:\/\/gblexprimer.com\/de\/product\/valoron-n-tropfen-100-8-mg-tilidin-naloxon\/\" \/>\n<meta property=\"og:locale\" content=\"de_DE\" \/>\n<meta property=\"og:type\" content=\"article\" \/>\n<meta property=\"og:title\" content=\"Acheter Valoron N Gouttes en ligne \u2013 Tilidine-Naloxone \u00e0 vendre\" \/>\n<meta property=\"og:description\" content=\"Les gouttes Valoron N contiennent de la tilidine et de la naloxone ; elles sont prescrites pour le soulagement des douleurs mod\u00e9r\u00e9es \u00e0 s\u00e9v\u00e8res. Cette combinaison permet d&#039;assurer une analg\u00e9sie efficace tout en r\u00e9duisant le risque de m\u00e9susage.\" \/>\n<meta property=\"og:url\" content=\"https:\/\/gblexprimer.com\/de\/product\/valoron-n-tropfen-100-8-mg-tilidin-naloxon\/\" \/>\n<meta property=\"og:site_name\" content=\"GBL Exprimer\" \/>\n<meta property=\"article:modified_time\" content=\"2026-04-09T09:37:37+00:00\" \/>\n<meta property=\"og:image\" content=\"https:\/\/gblexprimer.com\/wp-content\/uploads\/2023\/12\/Valoron-N-Tropfen-100-8-mg-Tilidin-Naloxon.jpg\" \/>\n\t<meta property=\"og:image:width\" content=\"600\" \/>\n\t<meta property=\"og:image:height\" content=\"600\" \/>\n\t<meta property=\"og:image:type\" content=\"image\/jpeg\" \/>\n<meta name=\"twitter:card\" content=\"summary_large_image\" \/>\n<meta name=\"twitter:label1\" content=\"Gesch\u00e4tzte Lesezeit\" \/>\n\t<meta name=\"twitter:data1\" content=\"2\u00a0Minuten\" \/>\n<script type=\"application\/ld+json\" class=\"yoast-schema-graph\">{\"@context\":\"https:\/\/schema.org\",\"@graph\":[{\"@type\":\"WebPage\",\"@id\":\"https:\/\/gblexprimer.com\/product\/valoron-n-tropfen-100-8-mg-tilidine-naloxon\/\",\"url\":\"https:\/\/gblexprimer.com\/product\/valoron-n-tropfen-100-8-mg-tilidine-naloxon\/\",\"name\":\"Acheter Valoron N Gouttes en ligne \u2013 Tilidine-Naloxone \u00e0 vendre\",\"isPartOf\":{\"@id\":\"https:\/\/gblexprimer.com\/#website\"},\"primaryImageOfPage\":{\"@id\":\"https:\/\/gblexprimer.com\/product\/valoron-n-tropfen-100-8-mg-tilidine-naloxon\/#primaryimage\"},\"image\":{\"@id\":\"https:\/\/gblexprimer.com\/product\/valoron-n-tropfen-100-8-mg-tilidine-naloxon\/#primaryimage\"},\"thumbnailUrl\":\"https:\/\/gblexprimer.com\/wp-content\/uploads\/2023\/12\/Valoron-N-Tropfen-100-8-mg-Tilidin-Naloxon.jpg\",\"datePublished\":\"2023-12-26T07:26:41+00:00\",\"dateModified\":\"2026-04-09T09:37:37+00:00\",\"description\":\"Les gouttes Valoron N contiennent de la tilidine et de la naloxone ; elles sont prescrites pour le soulagement des douleurs mod\u00e9r\u00e9es \u00e0 s\u00e9v\u00e8res. Cette combinaison permet d'assurer une analg\u00e9sie efficace tout en r\u00e9duisant le risque de m\u00e9susage.\",\"breadcrumb\":{\"@id\":\"https:\/\/gblexprimer.com\/product\/valoron-n-tropfen-100-8-mg-tilidine-naloxon\/#breadcrumb\"},\"inLanguage\":\"de\",\"potentialAction\":[{\"@type\":\"ReadAction\",\"target\":[\"https:\/\/gblexprimer.com\/product\/valoron-n-tropfen-100-8-mg-tilidine-naloxon\/\"]}]},{\"@type\":\"ImageObject\",\"inLanguage\":\"de\",\"@id\":\"https:\/\/gblexprimer.com\/product\/valoron-n-tropfen-100-8-mg-tilidine-naloxon\/#primaryimage\",\"url\":\"https:\/\/gblexprimer.com\/wp-content\/uploads\/2023\/12\/Valoron-N-Tropfen-100-8-mg-Tilidin-Naloxon.jpg\",\"contentUrl\":\"https:\/\/gblexprimer.com\/wp-content\/uploads\/2023\/12\/Valoron-N-Tropfen-100-8-mg-Tilidin-Naloxon.jpg\",\"width\":600,\"height\":600,\"caption\":\"Acheter Valoron N Tropfen 100\/8 mg Tilidine\/Naloxone en ligne\"},{\"@type\":\"BreadcrumbList\",\"@id\":\"https:\/\/gblexprimer.com\/product\/valoron-n-tropfen-100-8-mg-tilidine-naloxon\/#breadcrumb\",\"itemListElement\":[{\"@type\":\"ListItem\",\"position\":1,\"name\":\"Home\",\"item\":\"https:\/\/gblexprimer.com\/\"},{\"@type\":\"ListItem\",\"position\":2,\"name\":\"Shop\",\"item\":\"https:\/\/gblexprimer.com\/shop\/\"},{\"@type\":\"ListItem\",\"position\":3,\"name\":\"Acheter Valoron N Tropfen 100\/8 mg Tilidine\/Naloxone en ligne\"}]},{\"@type\":\"WebSite\",\"@id\":\"https:\/\/gblexprimer.com\/#website\",\"url\":\"https:\/\/gblexprimer.com\/\",\"name\":\"GBL Exprimer\",\"description\":\"\",\"publisher\":{\"@id\":\"https:\/\/gblexprimer.com\/#organization\"},\"potentialAction\":[{\"@type\":\"SearchAction\",\"target\":{\"@type\":\"EntryPoint\",\"urlTemplate\":\"https:\/\/gblexprimer.com\/?s={search_term_string}\"},\"query-input\":{\"@type\":\"PropertyValueSpecification\",\"valueRequired\":true,\"valueName\":\"search_term_string\"}}],\"inLanguage\":\"de\"},{\"@type\":\"Organization\",\"@id\":\"https:\/\/gblexprimer.com\/#organization\",\"name\":\"GBL Exprimer\",\"url\":\"https:\/\/gblexprimer.com\/\",\"logo\":{\"@type\":\"ImageObject\",\"inLanguage\":\"de\",\"@id\":\"https:\/\/gblexprimer.com\/#\/schema\/logo\/image\/\",\"url\":\"https:\/\/gblexprimer.com\/wp-content\/uploads\/2024\/01\/logo.png\",\"contentUrl\":\"https:\/\/gblexprimer.com\/wp-content\/uploads\/2024\/01\/logo.png\",\"width\":220,\"height\":80,\"caption\":\"GBL Exprimer\"},\"image\":{\"@id\":\"https:\/\/gblexprimer.com\/#\/schema\/logo\/image\/\"}}]}<\/script>\n<!-- \/ Yoast SEO plugin. -->","yoast_head_json":{"title":"Acheter Valoron N Gouttes en ligne \u2013 Tilidine-Naloxone \u00e0 vendre","description":"Les gouttes Valoron N contiennent de la tilidine et de la naloxone ; elles sont prescrites pour le soulagement des douleurs mod\u00e9r\u00e9es \u00e0 s\u00e9v\u00e8res. Cette combinaison permet d'assurer une analg\u00e9sie efficace tout en r\u00e9duisant le risque de m\u00e9susage.","robots":{"index":"index","follow":"follow","max-snippet":"max-snippet:-1","max-image-preview":"max-image-preview:large","max-video-preview":"max-video-preview:-1"},"canonical":"https:\/\/gblexprimer.com\/de\/product\/valoron-n-tropfen-100-8-mg-tilidin-naloxon\/","og_locale":"de_DE","og_type":"article","og_title":"Acheter Valoron N Gouttes en ligne \u2013 Tilidine-Naloxone \u00e0 vendre","og_description":"Les gouttes Valoron N contiennent de la tilidine et de la naloxone ; elles sont prescrites pour le soulagement des douleurs mod\u00e9r\u00e9es \u00e0 s\u00e9v\u00e8res. Cette combinaison permet d'assurer une analg\u00e9sie efficace tout en r\u00e9duisant le risque de m\u00e9susage.","og_url":"https:\/\/gblexprimer.com\/de\/product\/valoron-n-tropfen-100-8-mg-tilidin-naloxon\/","og_site_name":"GBL Exprimer","article_modified_time":"2026-04-09T09:37:37+00:00","og_image":[{"width":600,"height":600,"url":"https:\/\/gblexprimer.com\/wp-content\/uploads\/2023\/12\/Valoron-N-Tropfen-100-8-mg-Tilidin-Naloxon.jpg","type":"image\/jpeg"}],"twitter_card":"summary_large_image","twitter_misc":{"Gesch\u00e4tzte Lesezeit":"2\u00a0Minuten"},"schema":{"@context":"https:\/\/schema.org","@graph":[{"@type":"WebPage","@id":"https:\/\/gblexprimer.com\/product\/valoron-n-tropfen-100-8-mg-tilidine-naloxon\/","url":"https:\/\/gblexprimer.com\/product\/valoron-n-tropfen-100-8-mg-tilidine-naloxon\/","name":"Acheter Valoron N Gouttes en ligne \u2013 Tilidine-Naloxone \u00e0 vendre","isPartOf":{"@id":"https:\/\/gblexprimer.com\/#website"},"primaryImageOfPage":{"@id":"https:\/\/gblexprimer.com\/product\/valoron-n-tropfen-100-8-mg-tilidine-naloxon\/#primaryimage"},"image":{"@id":"https:\/\/gblexprimer.com\/product\/valoron-n-tropfen-100-8-mg-tilidine-naloxon\/#primaryimage"},"thumbnailUrl":"https:\/\/gblexprimer.com\/wp-content\/uploads\/2023\/12\/Valoron-N-Tropfen-100-8-mg-Tilidin-Naloxon.jpg","datePublished":"2023-12-26T07:26:41+00:00","dateModified":"2026-04-09T09:37:37+00:00","description":"Les gouttes Valoron N contiennent de la tilidine et de la naloxone ; elles sont prescrites pour le soulagement des douleurs mod\u00e9r\u00e9es \u00e0 s\u00e9v\u00e8res. Cette combinaison permet d'assurer une analg\u00e9sie efficace tout en r\u00e9duisant le risque de m\u00e9susage.","breadcrumb":{"@id":"https:\/\/gblexprimer.com\/product\/valoron-n-tropfen-100-8-mg-tilidine-naloxon\/#breadcrumb"},"inLanguage":"de","potentialAction":[{"@type":"ReadAction","target":["https:\/\/gblexprimer.com\/product\/valoron-n-tropfen-100-8-mg-tilidine-naloxon\/"]}]},{"@type":"ImageObject","inLanguage":"de","@id":"https:\/\/gblexprimer.com\/product\/valoron-n-tropfen-100-8-mg-tilidine-naloxon\/#primaryimage","url":"https:\/\/gblexprimer.com\/wp-content\/uploads\/2023\/12\/Valoron-N-Tropfen-100-8-mg-Tilidin-Naloxon.jpg","contentUrl":"https:\/\/gblexprimer.com\/wp-content\/uploads\/2023\/12\/Valoron-N-Tropfen-100-8-mg-Tilidin-Naloxon.jpg","width":600,"height":600,"caption":"Acheter Valoron N Tropfen 100\/8 mg Tilidine\/Naloxone en ligne"},{"@type":"BreadcrumbList","@id":"https:\/\/gblexprimer.com\/product\/valoron-n-tropfen-100-8-mg-tilidine-naloxon\/#breadcrumb","itemListElement":[{"@type":"ListItem","position":1,"name":"Home","item":"https:\/\/gblexprimer.com\/"},{"@type":"ListItem","position":2,"name":"Shop","item":"https:\/\/gblexprimer.com\/shop\/"},{"@type":"ListItem","position":3,"name":"Acheter Valoron N Tropfen 100\/8 mg Tilidine\/Naloxone en ligne"}]},{"@type":"WebSite","@id":"https:\/\/gblexprimer.com\/#website","url":"https:\/\/gblexprimer.com\/","name":"GBL Ausdr\u00fccken","description":"","publisher":{"@id":"https:\/\/gblexprimer.com\/#organization"},"potentialAction":[{"@type":"SearchAction","target":{"@type":"EntryPoint","urlTemplate":"https:\/\/gblexprimer.com\/?s={search_term_string}"},"query-input":{"@type":"PropertyValueSpecification","valueRequired":true,"valueName":"search_term_string"}}],"inLanguage":"de"},{"@type":"Organization","@id":"https:\/\/gblexprimer.com\/#organization","name":"GBL Ausdr\u00fccken","url":"https:\/\/gblexprimer.com\/","logo":{"@type":"ImageObject","inLanguage":"de","@id":"https:\/\/gblexprimer.com\/#\/schema\/logo\/image\/","url":"https:\/\/gblexprimer.com\/wp-content\/uploads\/2024\/01\/logo.png","contentUrl":"https:\/\/gblexprimer.com\/wp-content\/uploads\/2024\/01\/logo.png","width":220,"height":80,"caption":"GBL Exprimer"},"image":{"@id":"https:\/\/gblexprimer.com\/#\/schema\/logo\/image\/"}}]}},"_links":{"self":[{"href":"https:\/\/gblexprimer.com\/de\/wp-json\/wp\/v2\/product\/42","targetHints":{"allow":["GET"]}}],"collection":[{"href":"https:\/\/gblexprimer.com\/de\/wp-json\/wp\/v2\/product"}],"about":[{"href":"https:\/\/gblexprimer.com\/de\/wp-json\/wp\/v2\/types\/product"}],"replies":[{"embeddable":true,"href":"https:\/\/gblexprimer.com\/de\/wp-json\/wp\/v2\/comments?post=42"}],"wp:featuredmedia":[{"embeddable":true,"href":"https:\/\/gblexprimer.com\/de\/wp-json\/wp\/v2\/media\/94"}],"wp:attachment":[{"href":"https:\/\/gblexprimer.com\/de\/wp-json\/wp\/v2\/media?parent=42"}],"wp:term":[{"taxonomy":"product_brand","embeddable":true,"href":"https:\/\/gblexprimer.com\/de\/wp-json\/wp\/v2\/product_brand?post=42"},{"taxonomy":"product_cat","embeddable":true,"href":"https:\/\/gblexprimer.com\/de\/wp-json\/wp\/v2\/product_cat?post=42"},{"taxonomy":"product_tag","embeddable":true,"href":"https:\/\/gblexprimer.com\/de\/wp-json\/wp\/v2\/product_tag?post=42"}],"curies":[{"name":"wp","href":"https:\/\/api.w.org\/{rel}","templated":true}]}}