{"id":5037,"date":"2024-11-26T06:06:40","date_gmt":"2024-11-26T06:06:40","guid":{"rendered":"https:\/\/gblexprimer.com\/?post_type=product&#038;p=5037"},"modified":"2026-04-13T04:33:44","modified_gmt":"2026-04-13T04:33:44","slug":"viagra","status":"publish","type":"product","link":"https:\/\/gblexprimer.com\/de\/product\/viagra\/","title":{"rendered":"Viagra"},"content":{"rendered":"<h3><strong>Kaufen Sie Viagra online auf GBlexprimer<\/strong><\/h3>\n<p><a href=\"https:\/\/gblexprimer.com\/de\/product\/viagra\/\"><strong>Viagra<\/strong><\/a>auch bekannt unter seinem generischen Namen <strong>Sildenafil<\/strong>ist ein beliebtes Medikament zur Behandlung von Erektionsst\u00f6rungen. Bekannt f\u00fcr seine Wirksamkeit hilft es, die sexuelle Leistung und Befriedigung zu verbessern, indem es eine bessere Durchblutung f\u00f6rdert. Bei <a href=\"https:\/\/gblexprimer.com\/de\/\"><strong>GBlexpression<\/strong><\/a>schlagen wir vor <strong>echtes und hochwertiges Viagra<\/strong>Viagra kaufen, mit schneller Lieferung, diskreter Verpackung und sicheren Zahlungsoptionen Viagra kaufen<a href=\"https:\/\/gblexpress.com\/shop\/ko-tropfen-kaufen-online\/\">.<\/a><\/p>\n<p>Le Viagra est le traitement le plus connu contre les troubles de l\u2019\u00e9rection chez l\u2019homme. Mais comment <strong>Viagra kaufen<\/strong> ohne Risiko zu verwenden? Zwischen irref\u00fchrender Werbung, rezeptfreien Online-Verk\u00e4ufen und F\u00e4lschungen ist es von entscheidender Bedeutung zu wissen, was erlaubt ist - und was nicht.<\/p>\n<h3><strong>Warum sollten Sie GBlexprimer w\u00e4hlen, um Viagra zu kaufen?<\/strong><\/h3>\n<h4><strong>Authentizit\u00e4t und h\u00f6chste Qualit\u00e4t<\/strong><\/h4>\n<p>Unsere Produkte sind als authentisch zertifiziert und getestet, um ihre Wirksamkeit zu gew\u00e4hrleisten. Wir bieten sowohl <strong><a href=\"https:\/\/en.wikipedia.org\/wiki\/Viagra_(disambiguation)\">Viagra<\/a> Original<\/strong> und generische Alternativen wie <a href=\"https:\/\/gblexprimer.com\/de\/product\/mephedrone-kaufen\/\"><strong>Sildenafil<\/strong><\/a>In verschiedenen Dosierungen erh\u00e4ltlich (25 mg, 50 mg, 100 mg).<a href=\"https:\/\/gblexprimer.com\/de\/product\/100-gramm-koniginnen-mdma-rocks\/\">.<\/a><\/p>\n<h4><strong>Schnelle und diskrete Lieferung<\/strong><\/h4>\n<p>Wir gew\u00e4hrleisten eine <strong>schnelle Lieferung<\/strong> und ein <strong>diskrete Verpackung<\/strong> um Ihre Privatsph\u00e4re zu gew\u00e4hrleisten.<\/p>\n<h4><strong>Sichere Zahlungen<\/strong><\/h4>\n<p>Profitieren Sie von sicheren Zahlungen f\u00fcr ein entspanntes Einkaufserlebnis.<\/p>\n<h4><strong>Wettbewerbsf\u00e4hige und zug\u00e4ngliche Preise<\/strong><\/h4>\n<p>Kaufen Sie <strong>Viagra zu g\u00fcnstigen Preisen<\/strong>Bei Gro\u00dfbestellungen gibt es Rabatte.<\/p>\n<h3><strong>Anwendungen und Gebrauch von Viagra<\/strong><\/h3>\n<h4><strong>Behandlung von Erektionsst\u00f6rungen<\/strong><\/h4>\n<p>Viagra wird verschrieben, um die F\u00e4higkeit zu verbessern, eine Erektion zu bekommen und aufrechtzuerhalten, und hilft so, das sexuelle Selbstvertrauen und die sexuelle Leistungsf\u00e4higkeit wiederherzustellen.<\/p>\n<h4><strong>Verbesserung der Blutzirkulation<\/strong><\/h4>\n<p>Sildenafil wirkt, indem es die Blutgef\u00e4\u00dfe entspannt und so den Blutfluss zu den Zielbereichen verbessert.<\/p>\n<h4><strong>Sichere Nutzung<\/strong><\/h4>\n<p>Von Angeh\u00f6rigen der Gesundheitsberufe empfohlen, <strong>Viagra<\/strong> ist eine wirksame L\u00f6sung, wenn es in der vorgeschriebenen Dosierung angewendet wird.<\/p>\n<div>\n<div>\n<p><em>Inhalt von den \u00c4rzten des wissenschaftlichen Komitees von Charles best\u00e4tigt.<\/em><\/p>\n<\/div>\n<\/div>\n<div>\n<div>\n<p>Die <strong>Viagra<\/strong> est sans doute le m\u00e9dicament le plus connu dans le monde pour traiter les troubles de l\u2019\u00e9rection chez l\u2019homme. Mais comment agit-il ? Est-il possible d\u2019en acheter sans ordonnance ? Et quels sont ses effets r\u00e9els et ses risques ? Cet article vous explique tout ce qu\u2019il faut savoir sur ce traitement embl\u00e9matique de la dysfonction \u00e9rectile.<\/p>\n<\/div>\n<\/div>\n<h3><strong>Kaufen Sie Viagra Online Heute<\/strong><\/h3>\n<p>Ob Sie auf der Suche nach <strong>Original Viagra<\/strong> oder effektive generische Versionen, <strong>GBlexpression<\/strong> ist Ihr vertrauensw\u00fcrdiger Lieferant. Wir bieten Qualit\u00e4tsprodukte, eine schnelle Lieferung und einen hervorragenden Kundenservice. <strong>Kaufen Sie noch heute online Viagra<\/strong> um Ihr Vertrauen zur\u00fcckzugewinnen und ein reibungsloses und diskretes Einkaufserlebnis zu genie\u00dfen. <a href=\"https:\/\/gblexprimer.com\/de\/product\/viagra\/\"><strong>Achetez en toute confiance<\/strong><\/a><\/p>","protected":false},"excerpt":{"rendered":"<p><strong>Viagra<\/strong>mit dem Wirkstoff <strong>Sildenafil<\/strong>ist ein Medikament, das h\u00e4ufig zur Behandlung von Erektionsst\u00f6rungen eingesetzt wird. Indem es den Blutfluss zum Gewebe erh\u00f6ht, <strong>Viagra<\/strong> ist f\u00fcr seine Wirksamkeit und seine schnellen Effekte bekannt. Diese Verbindung wird auch im Labor auf ihren Einfluss auf vaskul\u00e4re Mechanismen und ihr Potenzial f\u00fcr andere medizinische Anwendungen untersucht.<\/p>\n<h3><strong>Wie funktioniert Viagra?<\/strong><\/h3>\n<p>Die <strong>Sildenafil<\/strong> wirkt durch die Hemmung des Enzyms PDE5 (Phosphodiesterase Typ 5), wodurch die Blutgef\u00e4\u00dfe besser erweitert werden und das Blut leichter in das erektile Gewebe einstr\u00f6men kann.<\/p>\n<ul>\n<li><strong>Haupteffekte :<\/strong> Verbesserung der erektilen Reaktion, bessere Durchblutung und Verringerung der Symptome bestimmter Durchblutungsst\u00f6rungen.<\/li>\n<li><strong>Beginn der Effekte :<\/strong> 30 bis 60 Minuten nach der Verabreichung<\/li>\n<li><strong>Dauer der Effekte :<\/strong> 4 bis 6 Stunden je nach Person<\/li>\n<\/ul>\n<h3><strong>Formel und Daten<\/strong><\/h3>\n<ul>\n<li><strong>Chemische Bezeichnung :<\/strong> Sildenafil Citrat<\/li>\n<li><strong>Molekularformel :<\/strong> C22H30N6O4S<\/li>\n<li><strong>Molekulargewicht :<\/strong> 474,58 g\/mol<\/li>\n<\/ul>","protected":false},"featured_media":5282,"comment_status":"open","ping_status":"closed","template":"","meta":{"site-sidebar-layout":"default","site-content-layout":"","ast-site-content-layout":"default","site-content-style":"default","site-sidebar-style":"default","ast-global-header-display":"","ast-banner-title-visibility":"","ast-main-header-display":"","ast-hfb-above-header-display":"","ast-hfb-below-header-display":"","ast-hfb-mobile-header-display":"","site-post-title":"","ast-breadcrumbs-content":"","ast-featured-img":"","footer-sml-layout":"","theme-transparent-header-meta":"default","adv-header-id-meta":"","stick-header-meta":"","header-above-stick-meta":"","header-main-stick-meta":"","header-below-stick-meta":"","astra-migrate-meta-layouts":"set","ast-page-background-enabled":"default","ast-page-background-meta":{"desktop":{"background-color":"","background-image":"","background-repeat":"repeat","background-position":"center center","background-size":"auto","background-attachment":"scroll","background-type":"","background-media":"","overlay-type":"","overlay-color":"","overlay-opacity":"","overlay-gradient":""},"tablet":{"background-color":"","background-image":"","background-repeat":"repeat","background-position":"center center","background-size":"auto","background-attachment":"scroll","background-type":"","background-media":"","overlay-type":"","overlay-color":"","overlay-opacity":"","overlay-gradient":""},"mobile":{"background-color":"","background-image":"","background-repeat":"repeat","background-position":"center center","background-size":"auto","background-attachment":"scroll","background-type":"","background-media":"","overlay-type":"","overlay-color":"","overlay-opacity":"","overlay-gradient":""}},"ast-content-background-meta":{"desktop":{"background-color":"var(--ast-global-color-5)","background-image":"","background-repeat":"repeat","background-position":"center center","background-size":"auto","background-attachment":"scroll","background-type":"","background-media":"","overlay-type":"","overlay-color":"","overlay-opacity":"","overlay-gradient":""},"tablet":{"background-color":"var(--ast-global-color-5)","background-image":"","background-repeat":"repeat","background-position":"center center","background-size":"auto","background-attachment":"scroll","background-type":"","background-media":"","overlay-type":"","overlay-color":"","overlay-opacity":"","overlay-gradient":""},"mobile":{"background-color":"var(--ast-global-color-5)","background-image":"","background-repeat":"repeat","background-position":"center center","background-size":"auto","background-attachment":"scroll","background-type":"","background-media":"","overlay-type":"","overlay-color":"","overlay-opacity":"","overlay-gradient":""}},"_joinchat":[]},"product_brand":[],"product_cat":[141],"product_tag":[393,377,382,394,385,392,387,390,379,378,383,380,388,395,381,391,396,389,386,384],"class_list":{"0":"post-5037","1":"product","2":"type-product","3":"status-publish","4":"has-post-thumbnail","6":"product_cat-sex-meth","7":"product_tag-achat-discret-de-viagra","8":"product_tag-achetez-viagra","9":"product_tag-commandez-viagra-en-ligne","10":"product_tag-commandez-viagra-maintenant","11":"product_tag-fournisseurs-fiables-de-viagra","12":"product_tag-meilleurs-prix-viagra","13":"product_tag-ou-acheter-viagra","14":"product_tag-produits-premium-viagra","15":"product_tag-sildenafil-authentique","16":"product_tag-viagra-a-vendre","17":"product_tag-viagra-de-haute-qualite","18":"product_tag-viagra-generique","19":"product_tag-viagra-generique-pas-cher","20":"product_tag-viagra-livraison-securisee","21":"product_tag-viagra-original-livraison-rapide","22":"product_tag-viagra-pour-circulation-sanguine","23":"product_tag-viagra-pour-confiance-et-performance","24":"product_tag-viagra-pour-performance-sexuelle","25":"product_tag-viagra-pour-troubles-de-lerection","26":"product_tag-viagra-prix-abordable","27":"desktop-align-left","28":"tablet-align-left","29":"mobile-align-left","31":"first","32":"instock","33":"shipping-taxable","34":"purchasable","35":"product-type-variable"},"yoast_head":"<!-- This site is optimized with the Yoast SEO plugin v26.9 - https:\/\/yoast.com\/product\/yoast-seo-wordpress\/ -->\n<title>Achetez du Viagra | Qualit\u00e9 Sup\u00e9rieure et Livraison Discr\u00e8te<\/title>\n<meta name=\"description\" content=\"Achetez du Viagra authentique en ligne sur GBlexprimer. Original et g\u00e9n\u00e9rique disponibles : livraison rapide, emballage discret et paiement s\u00e9curis\u00e9. Commandez maintenant !\" \/>\n<meta name=\"robots\" content=\"index, follow, max-snippet:-1, max-image-preview:large, max-video-preview:-1\" \/>\n<link rel=\"canonical\" href=\"https:\/\/gblexprimer.com\/de\/product\/viagra\/\" \/>\n<meta property=\"og:locale\" content=\"de_DE\" \/>\n<meta property=\"og:type\" content=\"article\" \/>\n<meta property=\"og:title\" content=\"Achetez du Viagra | Qualit\u00e9 Sup\u00e9rieure et Livraison Discr\u00e8te\" \/>\n<meta property=\"og:description\" content=\"Achetez du Viagra authentique en ligne sur GBlexprimer. Original et g\u00e9n\u00e9rique disponibles : livraison rapide, emballage discret et paiement s\u00e9curis\u00e9. Commandez maintenant !\" \/>\n<meta property=\"og:url\" content=\"https:\/\/gblexprimer.com\/de\/product\/viagra\/\" \/>\n<meta property=\"og:site_name\" content=\"GBL Exprimer\" \/>\n<meta property=\"article:modified_time\" content=\"2026-04-13T04:33:44+00:00\" \/>\n<meta property=\"og:image\" content=\"https:\/\/gblexprimer.com\/wp-content\/uploads\/2024\/11\/Viagra.jpg\" \/>\n\t<meta property=\"og:image:width\" content=\"600\" \/>\n\t<meta property=\"og:image:height\" content=\"600\" \/>\n\t<meta property=\"og:image:type\" content=\"image\/jpeg\" \/>\n<meta name=\"twitter:card\" content=\"summary_large_image\" \/>\n<meta name=\"twitter:label1\" content=\"Gesch\u00e4tzte Lesezeit\" \/>\n\t<meta name=\"twitter:data1\" content=\"3\u00a0Minuten\" \/>\n<script type=\"application\/ld+json\" class=\"yoast-schema-graph\">{\"@context\":\"https:\/\/schema.org\",\"@graph\":[{\"@type\":\"WebPage\",\"@id\":\"https:\/\/gblexprimer.com\/product\/viagra\/\",\"url\":\"https:\/\/gblexprimer.com\/product\/viagra\/\",\"name\":\"Achetez du Viagra | Qualit\u00e9 Sup\u00e9rieure et Livraison Discr\u00e8te\",\"isPartOf\":{\"@id\":\"https:\/\/gblexprimer.com\/#website\"},\"primaryImageOfPage\":{\"@id\":\"https:\/\/gblexprimer.com\/product\/viagra\/#primaryimage\"},\"image\":{\"@id\":\"https:\/\/gblexprimer.com\/product\/viagra\/#primaryimage\"},\"thumbnailUrl\":\"https:\/\/gblexprimer.com\/wp-content\/uploads\/2024\/11\/Viagra.jpg\",\"datePublished\":\"2024-11-26T06:06:40+00:00\",\"dateModified\":\"2026-04-13T04:33:44+00:00\",\"description\":\"Achetez du Viagra authentique en ligne sur GBlexprimer. Original et g\u00e9n\u00e9rique disponibles : livraison rapide, emballage discret et paiement s\u00e9curis\u00e9. Commandez maintenant !\",\"breadcrumb\":{\"@id\":\"https:\/\/gblexprimer.com\/product\/viagra\/#breadcrumb\"},\"inLanguage\":\"de\",\"potentialAction\":[{\"@type\":\"ReadAction\",\"target\":[\"https:\/\/gblexprimer.com\/product\/viagra\/\"]}]},{\"@type\":\"ImageObject\",\"inLanguage\":\"de\",\"@id\":\"https:\/\/gblexprimer.com\/product\/viagra\/#primaryimage\",\"url\":\"https:\/\/gblexprimer.com\/wp-content\/uploads\/2024\/11\/Viagra.jpg\",\"contentUrl\":\"https:\/\/gblexprimer.com\/wp-content\/uploads\/2024\/11\/Viagra.jpg\",\"width\":600,\"height\":600,\"caption\":\"Viagra\"},{\"@type\":\"BreadcrumbList\",\"@id\":\"https:\/\/gblexprimer.com\/product\/viagra\/#breadcrumb\",\"itemListElement\":[{\"@type\":\"ListItem\",\"position\":1,\"name\":\"Home\",\"item\":\"https:\/\/gblexprimer.com\/\"},{\"@type\":\"ListItem\",\"position\":2,\"name\":\"Shop\",\"item\":\"https:\/\/gblexprimer.com\/shop\/\"},{\"@type\":\"ListItem\",\"position\":3,\"name\":\"Viagra\"}]},{\"@type\":\"WebSite\",\"@id\":\"https:\/\/gblexprimer.com\/#website\",\"url\":\"https:\/\/gblexprimer.com\/\",\"name\":\"GBL Exprimer\",\"description\":\"\",\"publisher\":{\"@id\":\"https:\/\/gblexprimer.com\/#organization\"},\"potentialAction\":[{\"@type\":\"SearchAction\",\"target\":{\"@type\":\"EntryPoint\",\"urlTemplate\":\"https:\/\/gblexprimer.com\/?s={search_term_string}\"},\"query-input\":{\"@type\":\"PropertyValueSpecification\",\"valueRequired\":true,\"valueName\":\"search_term_string\"}}],\"inLanguage\":\"de\"},{\"@type\":\"Organization\",\"@id\":\"https:\/\/gblexprimer.com\/#organization\",\"name\":\"GBL Exprimer\",\"url\":\"https:\/\/gblexprimer.com\/\",\"logo\":{\"@type\":\"ImageObject\",\"inLanguage\":\"de\",\"@id\":\"https:\/\/gblexprimer.com\/#\/schema\/logo\/image\/\",\"url\":\"https:\/\/gblexprimer.com\/wp-content\/uploads\/2024\/01\/logo.png\",\"contentUrl\":\"https:\/\/gblexprimer.com\/wp-content\/uploads\/2024\/01\/logo.png\",\"width\":220,\"height\":80,\"caption\":\"GBL Exprimer\"},\"image\":{\"@id\":\"https:\/\/gblexprimer.com\/#\/schema\/logo\/image\/\"}}]}<\/script>\n<!-- \/ Yoast SEO plugin. -->","yoast_head_json":{"title":"Viagra kaufen | Top Qualit\u00e4t und diskrete Lieferung","description":"Kaufen Sie echtes Viagra online auf GBlexprimer. Original und Generika erh\u00e4ltlich: schnelle Lieferung, diskrete Verpackung und sichere Bezahlung. Jetzt bestellen!","robots":{"index":"index","follow":"follow","max-snippet":"max-snippet:-1","max-image-preview":"max-image-preview:large","max-video-preview":"max-video-preview:-1"},"canonical":"https:\/\/gblexprimer.com\/de\/product\/viagra\/","og_locale":"de_DE","og_type":"article","og_title":"Achetez du Viagra | Qualit\u00e9 Sup\u00e9rieure et Livraison Discr\u00e8te","og_description":"Achetez du Viagra authentique en ligne sur GBlexprimer. Original et g\u00e9n\u00e9rique disponibles : livraison rapide, emballage discret et paiement s\u00e9curis\u00e9. Commandez maintenant !","og_url":"https:\/\/gblexprimer.com\/de\/product\/viagra\/","og_site_name":"GBL Exprimer","article_modified_time":"2026-04-13T04:33:44+00:00","og_image":[{"width":600,"height":600,"url":"https:\/\/gblexprimer.com\/wp-content\/uploads\/2024\/11\/Viagra.jpg","type":"image\/jpeg"}],"twitter_card":"summary_large_image","twitter_misc":{"Gesch\u00e4tzte Lesezeit":"3\u00a0Minuten"},"schema":{"@context":"https:\/\/schema.org","@graph":[{"@type":"WebPage","@id":"https:\/\/gblexprimer.com\/product\/viagra\/","url":"https:\/\/gblexprimer.com\/product\/viagra\/","name":"Viagra kaufen | Top Qualit\u00e4t und diskrete Lieferung","isPartOf":{"@id":"https:\/\/gblexprimer.com\/#website"},"primaryImageOfPage":{"@id":"https:\/\/gblexprimer.com\/product\/viagra\/#primaryimage"},"image":{"@id":"https:\/\/gblexprimer.com\/product\/viagra\/#primaryimage"},"thumbnailUrl":"https:\/\/gblexprimer.com\/wp-content\/uploads\/2024\/11\/Viagra.jpg","datePublished":"2024-11-26T06:06:40+00:00","dateModified":"2026-04-13T04:33:44+00:00","description":"Kaufen Sie echtes Viagra online auf GBlexprimer. Original und Generika erh\u00e4ltlich: schnelle Lieferung, diskrete Verpackung und sichere Bezahlung. Jetzt bestellen!","breadcrumb":{"@id":"https:\/\/gblexprimer.com\/product\/viagra\/#breadcrumb"},"inLanguage":"de","potentialAction":[{"@type":"ReadAction","target":["https:\/\/gblexprimer.com\/product\/viagra\/"]}]},{"@type":"ImageObject","inLanguage":"de","@id":"https:\/\/gblexprimer.com\/product\/viagra\/#primaryimage","url":"https:\/\/gblexprimer.com\/wp-content\/uploads\/2024\/11\/Viagra.jpg","contentUrl":"https:\/\/gblexprimer.com\/wp-content\/uploads\/2024\/11\/Viagra.jpg","width":600,"height":600,"caption":"Viagra"},{"@type":"BreadcrumbList","@id":"https:\/\/gblexprimer.com\/product\/viagra\/#breadcrumb","itemListElement":[{"@type":"ListItem","position":1,"name":"Home","item":"https:\/\/gblexprimer.com\/"},{"@type":"ListItem","position":2,"name":"Shop","item":"https:\/\/gblexprimer.com\/shop\/"},{"@type":"ListItem","position":3,"name":"Viagra"}]},{"@type":"WebSite","@id":"https:\/\/gblexprimer.com\/#website","url":"https:\/\/gblexprimer.com\/","name":"GBL Ausdr\u00fccken","description":"","publisher":{"@id":"https:\/\/gblexprimer.com\/#organization"},"potentialAction":[{"@type":"SearchAction","target":{"@type":"EntryPoint","urlTemplate":"https:\/\/gblexprimer.com\/?s={search_term_string}"},"query-input":{"@type":"PropertyValueSpecification","valueRequired":true,"valueName":"search_term_string"}}],"inLanguage":"de"},{"@type":"Organization","@id":"https:\/\/gblexprimer.com\/#organization","name":"GBL Ausdr\u00fccken","url":"https:\/\/gblexprimer.com\/","logo":{"@type":"ImageObject","inLanguage":"de","@id":"https:\/\/gblexprimer.com\/#\/schema\/logo\/image\/","url":"https:\/\/gblexprimer.com\/wp-content\/uploads\/2024\/01\/logo.png","contentUrl":"https:\/\/gblexprimer.com\/wp-content\/uploads\/2024\/01\/logo.png","width":220,"height":80,"caption":"GBL Exprimer"},"image":{"@id":"https:\/\/gblexprimer.com\/#\/schema\/logo\/image\/"}}]}},"_links":{"self":[{"href":"https:\/\/gblexprimer.com\/de\/wp-json\/wp\/v2\/product\/5037","targetHints":{"allow":["GET"]}}],"collection":[{"href":"https:\/\/gblexprimer.com\/de\/wp-json\/wp\/v2\/product"}],"about":[{"href":"https:\/\/gblexprimer.com\/de\/wp-json\/wp\/v2\/types\/product"}],"replies":[{"embeddable":true,"href":"https:\/\/gblexprimer.com\/de\/wp-json\/wp\/v2\/comments?post=5037"}],"wp:featuredmedia":[{"embeddable":true,"href":"https:\/\/gblexprimer.com\/de\/wp-json\/wp\/v2\/media\/5282"}],"wp:attachment":[{"href":"https:\/\/gblexprimer.com\/de\/wp-json\/wp\/v2\/media?parent=5037"}],"wp:term":[{"taxonomy":"product_brand","embeddable":true,"href":"https:\/\/gblexprimer.com\/de\/wp-json\/wp\/v2\/product_brand?post=5037"},{"taxonomy":"product_cat","embeddable":true,"href":"https:\/\/gblexprimer.com\/de\/wp-json\/wp\/v2\/product_cat?post=5037"},{"taxonomy":"product_tag","embeddable":true,"href":"https:\/\/gblexprimer.com\/de\/wp-json\/wp\/v2\/product_tag?post=5037"}],"curies":[{"name":"wp","href":"https:\/\/api.w.org\/{rel}","templated":true}]}}