{"id":5038,"date":"2024-11-26T06:06:42","date_gmt":"2024-11-26T06:06:42","guid":{"rendered":"https:\/\/gblexprimer.com\/?post_type=product&#038;p=5038"},"modified":"2026-04-13T04:21:35","modified_gmt":"2026-04-13T04:21:35","slug":"poppers","status":"publish","type":"product","link":"https:\/\/gblexprimer.com\/de\/product\/poppers\/","title":{"rendered":"Poppers"},"content":{"rendered":"<h2><strong>Poppers online kaufen auf GBlexprimer<\/strong><\/h2>\n<p><strong>Kaufen Sie einige <a href=\"https:\/\/gblexprimer.com\/de\/product\/poppers\/\">Poppers<\/a> authentisch und hochwertig<\/strong> auf <strong>GBlexpression<\/strong>Der vertrauensw\u00fcrdige Anbieter f\u00fcr Ihre Bed\u00fcrfnisse in <strong>Poppers<\/strong>. Diese fl\u00fcchtigen Fl\u00fcssigkeiten, die auf Nitriten wie Propyl-, Amyl- oder Isobutylnitrit basieren, sind f\u00fcr ihre unmittelbare muskelentspannende Wirkung und ihre F\u00e4higkeit zur Verbesserung der Sinneserfahrungen bekannt. Sie eignen sich perfekt f\u00fcr den Freizeit- und pers\u00f6nlichen Gebrauch, <strong>Poppers<\/strong> sind in Festgemeinschaften und dar\u00fcber hinaus sehr beliebt. Bei <a href=\"https:\/\/gblexprimer.com\/de\/\"><strong>GBlexpression<\/strong><\/a>Wir garantieren ein sicheres Einkaufserlebnis, eine schnelle und diskrete Lieferung und eine gro\u00dfe Auswahl an Produkten. <strong>Poppers zum Verkauf<\/strong>f\u00fcr alle Bed\u00fcrfnisse<a href=\"https:\/\/gblexpress.com\/shop\/ko-tropfen-kaufen-online\/\">.<\/a><\/p>\n<h3><strong>Warum Poppers bei GBlexprimer kaufen?<\/strong><\/h3>\n<h4><strong>Poppers von hoher Qualit\u00e4t<\/strong><\/h4>\n<p>Unsere <a href=\"https:\/\/en.wikipedia.org\/wiki\/Poppers\"><strong>Poppers<\/strong><\/a> werden streng getestet, um ihre Echtheit und Sicherheit zu gew\u00e4hrleisten. Wir bieten renommierte Marken wie <strong>Rush<\/strong>, <strong>Amsterdam<\/strong>und <strong>Jungle Juice<\/strong>Sie sind in verschiedenen Formaten erh\u00e4ltlich.<\/p>\n<h4><strong>Schnelle und diskrete Lieferung<\/strong><\/h4>\n<p>Mit <strong>GBlexpression<\/strong>Ihre <strong>Poppers<\/strong> werden schnell geliefert und diskret verpackt, um Ihre Privatsph\u00e4re zu wahren.<\/p>\n<h4><strong>Sicheres Bezahlen<\/strong><\/h4>\n<p>Genie\u00dfen Sie gesch\u00fctzte Zahlungen und ein stressfreies Einkaufserlebnis auf unserer zuverl\u00e4ssigen Plattform.<\/p>\n<h4><strong>Wettbewerbsf\u00e4hige Preise<\/strong><\/h4>\n<p>Unsere <strong>Poppers zum Verkauf<\/strong> werden zu wettbewerbsf\u00e4higen Preisen angeboten, mit Rabatten f\u00fcr Gro\u00dfbestellungen.<\/p>\n<h3><strong>Anwendungen und Gebrauch von Poppers<\/strong><\/h3>\n<h4><strong>Muskul\u00e4re Entspannung<\/strong><\/h4>\n<p>Die <a href=\"https:\/\/gblexprimer.com\/de\/product\/steroide\/\"><strong>Poppers<\/strong><\/a> sind daf\u00fcr bekannt, dass sie die Muskeln schnell entspannen und ein sofortiges Gef\u00fchl des Wohlbefindens vermitteln.<\/p>\n<h4><strong>Verbesserung der Festivalerfahrungen<\/strong><\/h4>\n<p>Sehr beliebt in Clubs und auf Partys sind die <strong>Poppers<\/strong> intensivieren die Empfindungen und verleihen festlichen Momenten eine einzigartige Dimension.<\/p>\n<h4><strong>Pers\u00f6nliches Wohlbefinden<\/strong><\/h4>\n<p>\u00dcber ihre festliche Verwendung hinaus sind die <strong>Poppers<\/strong> werden auch zur F\u00f6rderung der Entspannung in pers\u00f6nlichen Kontexten eingesetzt.<\/p>\n<h3><strong>Poppers heute online kaufen<\/strong><\/h3>\n<p>Ob Sie nach <strong>Rush-Popper<\/strong>, <strong>Amsterdam<\/strong>oder andere bekannte Marken, <strong>GBlexpression<\/strong> ist Ihre erste Wahl. Wir bieten <strong>echte Poppers<\/strong>Die meisten Sch\u00fclerinnen und Sch\u00fcler werden schnell und diskret beliefert. <strong>Poppers online kaufen<\/strong> noch heute und finden Sie heraus, warum wir der bevorzugte Anbieter von Verbrauchern auf der ganzen Welt sind. <a href=\"https:\/\/gblexprimer.com\/de\/product\/poppers\/\">Meilleures ventes<\/a><\/p>","protected":false},"excerpt":{"rendered":"<p><strong>Poppers<\/strong>oder Alkylnitrate sind chemische Verbindungen, die f\u00fcr ihre entspannende und schnell gef\u00e4\u00dferweiternde Wirkung weithin bekannt sind. Sie werden zu Freizeit- oder wissenschaftlichen Zwecken verwendet und wirken, indem sie die Blutgef\u00e4\u00dfe erweitern, was eine Muskelerschlaffung und ein vor\u00fcbergehendes Gef\u00fchl des Wohlbefindens f\u00f6rdert. Die <strong>Poppers<\/strong> werden auch im Labor auf ihre kardiovaskul\u00e4ren Anwendungen und ihre einzigartigen chemischen Effekte hin untersucht.<\/p>\n<h3><strong>Wie funktionieren Poppers?<\/strong><\/h3>\n<p>Die <strong>Poppers<\/strong> setzen Stickstoffmonoxid (NO) frei, was zu einer sofortigen Erweiterung der Blutgef\u00e4\u00dfe und einer Muskelentspannung f\u00fchrt.<\/p>\n<ul>\n<li><strong>Haupteffekte :<\/strong> Schnelle Entspannung, W\u00e4rmegef\u00fchl und vor\u00fcbergehende Verbesserung des Blutflusses.<\/li>\n<li><strong>Wirkungsweise :<\/strong> Direktes Einatmen f\u00fcr eine schnelle Absorption und sofortige Wirkung.<\/li>\n<li><strong>Dauer :<\/strong> Ein paar Minuten.<\/li>\n<\/ul>\n<h3><strong>Formel und Daten<\/strong><\/h3>\n<ul>\n<li><strong>Wichtigste Verbindungen :<\/strong>\n<ul>\n<li>Amylnitrit (C5H11ONO)<\/li>\n<li>Butylnitrit (C4H9ONO)<\/li>\n<li>Isobutylnitrit (C4H9ONO)<\/li>\n<\/ul>\n<\/li>\n<\/ul>","protected":false},"featured_media":5281,"comment_status":"open","ping_status":"closed","template":"","meta":{"site-sidebar-layout":"default","site-content-layout":"","ast-site-content-layout":"default","site-content-style":"default","site-sidebar-style":"default","ast-global-header-display":"","ast-banner-title-visibility":"","ast-main-header-display":"","ast-hfb-above-header-display":"","ast-hfb-below-header-display":"","ast-hfb-mobile-header-display":"","site-post-title":"","ast-breadcrumbs-content":"","ast-featured-img":"","footer-sml-layout":"","theme-transparent-header-meta":"default","adv-header-id-meta":"","stick-header-meta":"","header-above-stick-meta":"","header-main-stick-meta":"","header-below-stick-meta":"","astra-migrate-meta-layouts":"set","ast-page-background-enabled":"default","ast-page-background-meta":{"desktop":{"background-color":"","background-image":"","background-repeat":"repeat","background-position":"center center","background-size":"auto","background-attachment":"scroll","background-type":"","background-media":"","overlay-type":"","overlay-color":"","overlay-opacity":"","overlay-gradient":""},"tablet":{"background-color":"","background-image":"","background-repeat":"repeat","background-position":"center center","background-size":"auto","background-attachment":"scroll","background-type":"","background-media":"","overlay-type":"","overlay-color":"","overlay-opacity":"","overlay-gradient":""},"mobile":{"background-color":"","background-image":"","background-repeat":"repeat","background-position":"center center","background-size":"auto","background-attachment":"scroll","background-type":"","background-media":"","overlay-type":"","overlay-color":"","overlay-opacity":"","overlay-gradient":""}},"ast-content-background-meta":{"desktop":{"background-color":"var(--ast-global-color-5)","background-image":"","background-repeat":"repeat","background-position":"center center","background-size":"auto","background-attachment":"scroll","background-type":"","background-media":"","overlay-type":"","overlay-color":"","overlay-opacity":"","overlay-gradient":""},"tablet":{"background-color":"var(--ast-global-color-5)","background-image":"","background-repeat":"repeat","background-position":"center center","background-size":"auto","background-attachment":"scroll","background-type":"","background-media":"","overlay-type":"","overlay-color":"","overlay-opacity":"","overlay-gradient":""},"mobile":{"background-color":"var(--ast-global-color-5)","background-image":"","background-repeat":"repeat","background-position":"center center","background-size":"auto","background-attachment":"scroll","background-type":"","background-media":"","overlay-type":"","overlay-color":"","overlay-opacity":"","overlay-gradient":""}},"_joinchat":[]},"product_brand":[],"product_cat":[141],"product_tag":[335,350,352,343,348,345,353,336,338,342,344,339,346,355,351,341,347,354,337,349,340],"class_list":{"0":"post-5038","1":"product","2":"type-product","3":"status-publish","4":"has-post-thumbnail","6":"product_cat-sex-meth","7":"product_tag-achetez-poppers","8":"product_tag-commandez-poppers-maintenant","9":"product_tag-fournisseurs-de-poppers-fiables","10":"product_tag-fournisseurs-fiables-de-poppers","11":"product_tag-meilleurs-poppers-en-ligne","12":"product_tag-nitrites-de-propyle","13":"product_tag-ou-acheter-des-poppers","14":"product_tag-poppers-a-vendre","15":"product_tag-poppers-amsterdam","16":"product_tag-poppers-authentiques-en-ligne","17":"product_tag-poppers-de-haute-qualite","18":"product_tag-poppers-jungle-juice","19":"product_tag-poppers-livraison-rapide","20":"product_tag-poppers-populaires","21":"product_tag-poppers-pour-communaute-lgbtq","22":"product_tag-poppers-pour-soirees","23":"product_tag-poppers-prix-abordables","24":"product_tag-poppers-recreatifs","25":"product_tag-poppers-rush","26":"product_tag-produits-premium-poppers","27":"product_tag-relaxation-musculaire-poppers","28":"desktop-align-left","29":"tablet-align-left","30":"mobile-align-left","32":"first","33":"instock","34":"shipping-taxable","35":"purchasable","36":"product-type-variable"},"yoast_head":"<!-- This site is optimized with the Yoast SEO plugin v26.9 - https:\/\/yoast.com\/product\/yoast-seo-wordpress\/ -->\n<title>Achetez des Poppers en Ligne | Haute Qualit\u00e9 et Livraison Rapide<\/title>\n<meta name=\"description\" content=\"Achetez des poppers authentiques en ligne sur GBlexprimer. Produits de qualit\u00e9 sup\u00e9rieure : Rush, Amsterdam, Jungle Juice. Livraison rapide et discr\u00e8te. Commandez maintenant !\" \/>\n<meta name=\"robots\" content=\"index, follow, max-snippet:-1, max-image-preview:large, max-video-preview:-1\" \/>\n<link rel=\"canonical\" href=\"https:\/\/gblexprimer.com\/de\/product\/poppers\/\" \/>\n<meta property=\"og:locale\" content=\"de_DE\" \/>\n<meta property=\"og:type\" content=\"article\" \/>\n<meta property=\"og:title\" content=\"Achetez des Poppers en Ligne | Haute Qualit\u00e9 et Livraison Rapide\" \/>\n<meta property=\"og:description\" content=\"Achetez des poppers authentiques en ligne sur GBlexprimer. Produits de qualit\u00e9 sup\u00e9rieure : Rush, Amsterdam, Jungle Juice. Livraison rapide et discr\u00e8te. Commandez maintenant !\" \/>\n<meta property=\"og:url\" content=\"https:\/\/gblexprimer.com\/de\/product\/poppers\/\" \/>\n<meta property=\"og:site_name\" content=\"GBL Exprimer\" \/>\n<meta property=\"article:modified_time\" content=\"2026-04-13T04:21:35+00:00\" \/>\n<meta property=\"og:image\" content=\"https:\/\/gblexprimer.com\/wp-content\/uploads\/2024\/11\/Poppers.jpg\" \/>\n\t<meta property=\"og:image:width\" content=\"600\" \/>\n\t<meta property=\"og:image:height\" content=\"600\" \/>\n\t<meta property=\"og:image:type\" content=\"image\/jpeg\" \/>\n<meta name=\"twitter:card\" content=\"summary_large_image\" \/>\n<meta name=\"twitter:label1\" content=\"Gesch\u00e4tzte Lesezeit\" \/>\n\t<meta name=\"twitter:data1\" content=\"2\u00a0Minuten\" \/>\n<script type=\"application\/ld+json\" class=\"yoast-schema-graph\">{\"@context\":\"https:\/\/schema.org\",\"@graph\":[{\"@type\":\"WebPage\",\"@id\":\"https:\/\/gblexprimer.com\/product\/poppers\/\",\"url\":\"https:\/\/gblexprimer.com\/product\/poppers\/\",\"name\":\"Achetez des Poppers en Ligne | Haute Qualit\u00e9 et Livraison Rapide\",\"isPartOf\":{\"@id\":\"https:\/\/gblexprimer.com\/#website\"},\"primaryImageOfPage\":{\"@id\":\"https:\/\/gblexprimer.com\/product\/poppers\/#primaryimage\"},\"image\":{\"@id\":\"https:\/\/gblexprimer.com\/product\/poppers\/#primaryimage\"},\"thumbnailUrl\":\"https:\/\/gblexprimer.com\/wp-content\/uploads\/2024\/11\/Poppers.jpg\",\"datePublished\":\"2024-11-26T06:06:42+00:00\",\"dateModified\":\"2026-04-13T04:21:35+00:00\",\"description\":\"Achetez des poppers authentiques en ligne sur GBlexprimer. Produits de qualit\u00e9 sup\u00e9rieure : Rush, Amsterdam, Jungle Juice. Livraison rapide et discr\u00e8te. Commandez maintenant !\",\"breadcrumb\":{\"@id\":\"https:\/\/gblexprimer.com\/product\/poppers\/#breadcrumb\"},\"inLanguage\":\"de\",\"potentialAction\":[{\"@type\":\"ReadAction\",\"target\":[\"https:\/\/gblexprimer.com\/product\/poppers\/\"]}]},{\"@type\":\"ImageObject\",\"inLanguage\":\"de\",\"@id\":\"https:\/\/gblexprimer.com\/product\/poppers\/#primaryimage\",\"url\":\"https:\/\/gblexprimer.com\/wp-content\/uploads\/2024\/11\/Poppers.jpg\",\"contentUrl\":\"https:\/\/gblexprimer.com\/wp-content\/uploads\/2024\/11\/Poppers.jpg\",\"width\":600,\"height\":600,\"caption\":\"Poppers\"},{\"@type\":\"BreadcrumbList\",\"@id\":\"https:\/\/gblexprimer.com\/product\/poppers\/#breadcrumb\",\"itemListElement\":[{\"@type\":\"ListItem\",\"position\":1,\"name\":\"Home\",\"item\":\"https:\/\/gblexprimer.com\/\"},{\"@type\":\"ListItem\",\"position\":2,\"name\":\"Shop\",\"item\":\"https:\/\/gblexprimer.com\/shop\/\"},{\"@type\":\"ListItem\",\"position\":3,\"name\":\"Poppers\"}]},{\"@type\":\"WebSite\",\"@id\":\"https:\/\/gblexprimer.com\/#website\",\"url\":\"https:\/\/gblexprimer.com\/\",\"name\":\"GBL Exprimer\",\"description\":\"\",\"publisher\":{\"@id\":\"https:\/\/gblexprimer.com\/#organization\"},\"potentialAction\":[{\"@type\":\"SearchAction\",\"target\":{\"@type\":\"EntryPoint\",\"urlTemplate\":\"https:\/\/gblexprimer.com\/?s={search_term_string}\"},\"query-input\":{\"@type\":\"PropertyValueSpecification\",\"valueRequired\":true,\"valueName\":\"search_term_string\"}}],\"inLanguage\":\"de\"},{\"@type\":\"Organization\",\"@id\":\"https:\/\/gblexprimer.com\/#organization\",\"name\":\"GBL Exprimer\",\"url\":\"https:\/\/gblexprimer.com\/\",\"logo\":{\"@type\":\"ImageObject\",\"inLanguage\":\"de\",\"@id\":\"https:\/\/gblexprimer.com\/#\/schema\/logo\/image\/\",\"url\":\"https:\/\/gblexprimer.com\/wp-content\/uploads\/2024\/01\/logo.png\",\"contentUrl\":\"https:\/\/gblexprimer.com\/wp-content\/uploads\/2024\/01\/logo.png\",\"width\":220,\"height\":80,\"caption\":\"GBL Exprimer\"},\"image\":{\"@id\":\"https:\/\/gblexprimer.com\/#\/schema\/logo\/image\/\"}}]}<\/script>\n<!-- \/ Yoast SEO plugin. -->","yoast_head_json":{"title":"Poppers online kaufen | Hohe Qualit\u00e4t und schnelle Lieferung","description":"Kaufen Sie echte Poppers online bei GBlexprimer. Produkte von h\u00f6chster Qualit\u00e4t: Rush, Amsterdam, Jungle Juice. Schnelle und diskrete Lieferung. Jetzt bestellen!","robots":{"index":"index","follow":"follow","max-snippet":"max-snippet:-1","max-image-preview":"max-image-preview:large","max-video-preview":"max-video-preview:-1"},"canonical":"https:\/\/gblexprimer.com\/de\/product\/poppers\/","og_locale":"de_DE","og_type":"article","og_title":"Achetez des Poppers en Ligne | Haute Qualit\u00e9 et Livraison Rapide","og_description":"Achetez des poppers authentiques en ligne sur GBlexprimer. Produits de qualit\u00e9 sup\u00e9rieure : Rush, Amsterdam, Jungle Juice. Livraison rapide et discr\u00e8te. Commandez maintenant !","og_url":"https:\/\/gblexprimer.com\/de\/product\/poppers\/","og_site_name":"GBL Exprimer","article_modified_time":"2026-04-13T04:21:35+00:00","og_image":[{"width":600,"height":600,"url":"https:\/\/gblexprimer.com\/wp-content\/uploads\/2024\/11\/Poppers.jpg","type":"image\/jpeg"}],"twitter_card":"summary_large_image","twitter_misc":{"Gesch\u00e4tzte Lesezeit":"2\u00a0Minuten"},"schema":{"@context":"https:\/\/schema.org","@graph":[{"@type":"WebPage","@id":"https:\/\/gblexprimer.com\/product\/poppers\/","url":"https:\/\/gblexprimer.com\/product\/poppers\/","name":"Poppers online kaufen | Hohe Qualit\u00e4t und schnelle Lieferung","isPartOf":{"@id":"https:\/\/gblexprimer.com\/#website"},"primaryImageOfPage":{"@id":"https:\/\/gblexprimer.com\/product\/poppers\/#primaryimage"},"image":{"@id":"https:\/\/gblexprimer.com\/product\/poppers\/#primaryimage"},"thumbnailUrl":"https:\/\/gblexprimer.com\/wp-content\/uploads\/2024\/11\/Poppers.jpg","datePublished":"2024-11-26T06:06:42+00:00","dateModified":"2026-04-13T04:21:35+00:00","description":"Kaufen Sie echte Poppers online bei GBlexprimer. Produkte von h\u00f6chster Qualit\u00e4t: Rush, Amsterdam, Jungle Juice. Schnelle und diskrete Lieferung. Jetzt bestellen!","breadcrumb":{"@id":"https:\/\/gblexprimer.com\/product\/poppers\/#breadcrumb"},"inLanguage":"de","potentialAction":[{"@type":"ReadAction","target":["https:\/\/gblexprimer.com\/product\/poppers\/"]}]},{"@type":"ImageObject","inLanguage":"de","@id":"https:\/\/gblexprimer.com\/product\/poppers\/#primaryimage","url":"https:\/\/gblexprimer.com\/wp-content\/uploads\/2024\/11\/Poppers.jpg","contentUrl":"https:\/\/gblexprimer.com\/wp-content\/uploads\/2024\/11\/Poppers.jpg","width":600,"height":600,"caption":"Poppers"},{"@type":"BreadcrumbList","@id":"https:\/\/gblexprimer.com\/product\/poppers\/#breadcrumb","itemListElement":[{"@type":"ListItem","position":1,"name":"Home","item":"https:\/\/gblexprimer.com\/"},{"@type":"ListItem","position":2,"name":"Shop","item":"https:\/\/gblexprimer.com\/shop\/"},{"@type":"ListItem","position":3,"name":"Poppers"}]},{"@type":"WebSite","@id":"https:\/\/gblexprimer.com\/#website","url":"https:\/\/gblexprimer.com\/","name":"GBL Ausdr\u00fccken","description":"","publisher":{"@id":"https:\/\/gblexprimer.com\/#organization"},"potentialAction":[{"@type":"SearchAction","target":{"@type":"EntryPoint","urlTemplate":"https:\/\/gblexprimer.com\/?s={search_term_string}"},"query-input":{"@type":"PropertyValueSpecification","valueRequired":true,"valueName":"search_term_string"}}],"inLanguage":"de"},{"@type":"Organization","@id":"https:\/\/gblexprimer.com\/#organization","name":"GBL Ausdr\u00fccken","url":"https:\/\/gblexprimer.com\/","logo":{"@type":"ImageObject","inLanguage":"de","@id":"https:\/\/gblexprimer.com\/#\/schema\/logo\/image\/","url":"https:\/\/gblexprimer.com\/wp-content\/uploads\/2024\/01\/logo.png","contentUrl":"https:\/\/gblexprimer.com\/wp-content\/uploads\/2024\/01\/logo.png","width":220,"height":80,"caption":"GBL Exprimer"},"image":{"@id":"https:\/\/gblexprimer.com\/#\/schema\/logo\/image\/"}}]}},"_links":{"self":[{"href":"https:\/\/gblexprimer.com\/de\/wp-json\/wp\/v2\/product\/5038","targetHints":{"allow":["GET"]}}],"collection":[{"href":"https:\/\/gblexprimer.com\/de\/wp-json\/wp\/v2\/product"}],"about":[{"href":"https:\/\/gblexprimer.com\/de\/wp-json\/wp\/v2\/types\/product"}],"replies":[{"embeddable":true,"href":"https:\/\/gblexprimer.com\/de\/wp-json\/wp\/v2\/comments?post=5038"}],"wp:featuredmedia":[{"embeddable":true,"href":"https:\/\/gblexprimer.com\/de\/wp-json\/wp\/v2\/media\/5281"}],"wp:attachment":[{"href":"https:\/\/gblexprimer.com\/de\/wp-json\/wp\/v2\/media?parent=5038"}],"wp:term":[{"taxonomy":"product_brand","embeddable":true,"href":"https:\/\/gblexprimer.com\/de\/wp-json\/wp\/v2\/product_brand?post=5038"},{"taxonomy":"product_cat","embeddable":true,"href":"https:\/\/gblexprimer.com\/de\/wp-json\/wp\/v2\/product_cat?post=5038"},{"taxonomy":"product_tag","embeddable":true,"href":"https:\/\/gblexprimer.com\/de\/wp-json\/wp\/v2\/product_tag?post=5038"}],"curies":[{"name":"wp","href":"https:\/\/api.w.org\/{rel}","templated":true}]}}