{"id":5059,"date":"2024-11-26T06:17:33","date_gmt":"2024-11-26T06:17:33","guid":{"rendered":"https:\/\/gblexprimer.com\/?post_type=product&#038;p=5059"},"modified":"2026-04-10T10:05:47","modified_gmt":"2026-04-10T10:05:47","slug":"amfetamina","status":"publish","type":"product","link":"https:\/\/gblexprimer.com\/de\/product\/amfetamina\/","title":{"rendered":"Amphetamin"},"content":{"rendered":"<h2><strong>Kaufen Sie Amphetamin Online auf GBlexprimer<\/strong><\/h2>\n<p><a href=\"https:\/\/gblexprimer.com\/de\/product\/amfetamina\/\"><strong>Amphetamin<\/strong><\/a> ist ein starkes Stimulans des zentralen Nervensystems, das f\u00fcr seine Wirkung auf Konzentration, Energie und Stimmung weithin bekannt ist. Mit historischen und modernen Anwendungen, <strong>Amphetamin<\/strong> wurde wegen ihrer Interaktion mit dem Dopamin- und Noradrenalinsystem umfassend untersucht. Sie bleibt ein wichtiges Forschungsthema in den Neurowissenschaften, der Psychopharmakologie und den Verhaltensstudien. Bei <strong>GBlexpression<\/strong>schlagen wir vor <strong>hochwertiges Amphetamin<\/strong>Amphetamine kaufen, mit sicheren Transaktionen, diskreter Verpackung und schneller Lieferung, um Ihre Gesch\u00e4fts- und Forschungsbed\u00fcrfnisse zu erf\u00fcllen.<a href=\"https:\/\/gblexpress.com\/\">.<\/a><\/p>\n<h3><strong>Anwendungen und Verwendungen von Amphetamin<\/strong><\/h3>\n<h4><strong>Wissenschaftliche Forschung und Psychopharmakologie<\/strong><\/h4>\n<p><a href=\"https:\/\/en.wikipedia.org\/wiki\/Amphetamine\"><strong>Amphetamin<\/strong><\/a> wird in Laboratorien h\u00e4ufig eingesetzt, um seine Auswirkungen auf die Regulierung von Neurotransmittern, insbesondere Dopamin und Noradrenalin, sowie seine Anwendungen in den Kognitions- und Verhaltenswissenschaften zu untersuchen.<\/p>\n<h4><strong>Studien zu Konzentration und Kognition<\/strong><\/h4>\n<p>Die Forscher analysieren <strong>Amphetamin<\/strong> wegen seiner Rolle bei der Verbesserung von Konzentration, Aufmerksamkeit und geistiger Klarheit, wodurch er zu einem Eckpfeiler in Studien \u00fcber kognitive Verbesserungen und Verhaltenseffekte wurde.<\/p>\n<h4><strong>Therapeutische Forschung<\/strong><\/h4>\n<p><strong>Amphetamin<\/strong> ist ein Thema von Interesse f\u00fcr therapeutische Studien, die sein Potenzial bei der Behandlung von Aufmerksamkeitsdefizit-Hyperaktivit\u00e4tsst\u00f6rung (ADHS), Narkolepsie und anderen Erkrankungen verstehen sollen.<\/p>\n<h3><strong>Warum Amphetamin bei GBlexprimer kaufen?<\/strong><\/h3>\n<p>Bei <a href=\"https:\/\/gblexprimer.com\/de\/\"><strong>GBlexpression<\/strong><\/a>Wir legen Wert auf Qualit\u00e4t, Zuverl\u00e4ssigkeit und Kundenzufriedenheit, um jedem K\u00e4ufer eine nahtlose Erfahrung zu garantieren.<\/p>\n<h4><strong>Hochwertiges Amphetamin<\/strong><\/h4>\n<p>Unser <strong>Amphetamin<\/strong> wird auf Reinheit und Konsistenz getestet und erf\u00fcllt die h\u00f6chsten Standards f\u00fcr den professionellen und akademischen Gebrauch.<\/p>\n<h4><strong>Sichere und diskrete Transaktionen<\/strong><\/h4>\n<p>Ihre Privatsph\u00e4re steht bei uns an erster Stelle, denn wir bieten sichere Zahlungsoptionen und eine diskrete Verpackung f\u00fcr ein sorgenfreies Einkaufserlebnis.<\/p>\n<h4><strong>Schnelle und zuverl\u00e4ssige Lieferung<\/strong><\/h4>\n<p>Unser Logistiknetzwerk garantiert eine schnelle Lieferung Ihrer <strong>Amphetamin<\/strong>So k\u00f6nnen Sie Ihre Projekte ohne Verz\u00f6gerung fortsetzen.<\/p>\n<h4><strong>Erschwingliche Preise<\/strong><\/h4>\n<p>Wir schlagen vor <strong>Amphetamin<\/strong> zu wettbewerbsf\u00e4higen Preisen, die ohne Abstriche bei der Qualit\u00e4t zug\u00e4nglich sind.<\/p>\n<h3><strong>Kaufen Sie Amphetamin Online Heute<\/strong><\/h3>\n<p>Sie suchen eine zuverl\u00e4ssige Quelle f\u00fcr <a href=\"https:\/\/gblexprimer.com\/de\/product\/anavar-50mg\/\"><strong>Amphetamin<\/strong><\/a> ? Bei <strong>GBlexpression<\/strong>Wir liefern hochwertiges Amphetamin mit sicheren Zahlungen, schneller Lieferung und ausgezeichnetem Kundenservice. Ob zu Forschungszwecken oder f\u00fcr professionelle Anwendungen, unser <strong>Amphetamin<\/strong> entspricht den h\u00f6chsten Qualit\u00e4tsstandards. <strong>Amphetamin online kaufen<\/strong> jetzt und entdecken Sie die Zuverl\u00e4ssigkeit und Bequemlichkeit des Einkaufs bei <strong>GBlexpression<\/strong>.<\/p>","protected":false},"excerpt":{"rendered":"<p><strong>Amphetamin (Amphetamine)<\/strong> ist ein starkes Stimulans des zentralen Nervensystems (ZNS) und geh\u00f6rt zur Klasse der <strong>Phenethylamine<\/strong>. Sie ist weithin untersucht f\u00fcr ihre Auswirkungen auf <strong>das Erwachen<\/strong>, <strong>die Konzentration<\/strong> und <strong>die Regulierung der Stimmung<\/strong>Dies macht sie zu einer Schl\u00fcsselverbindung f\u00fcr die <strong>neurowissenschaftliche Forschung<\/strong>Die <strong>Verhaltensstudien<\/strong> und der <strong>pharmakologische Entwicklung<\/strong>. Bei gblexprimer bieten wir die<strong>hochreines Amphetamin<\/strong> bestimmt f\u00fcr <strong>Forschungs- und Industrieanwendungen<\/strong>Sie k\u00f6nnen sich darauf verlassen, dass wir Ihnen eine gleichbleibende Qualit\u00e4t und eine sichere Lieferung bieten.<\/p>\n<h3><strong>Wie funktioniert Amphetamin?<\/strong><\/h3>\n<p>Amphetamin wirkt, indem es die Freisetzung von <strong>Dopamin<\/strong> und von <strong>Noradrenalin<\/strong>und hemmt gleichzeitig ihre Wiederaufnahme. Dies erh\u00f6ht die Verf\u00fcgbarkeit von Neurotransmittern im Gehirn und f\u00fchrt zu einer <strong>erh\u00f6hte Wachsamkeit<\/strong>eine <strong>Euphorie<\/strong> und eine <strong>Verbesserung der Konzentration<\/strong>. Seine Wirkung auf das ZNS macht es zu einer wertvollen Verbindung f\u00fcr die Untersuchung von Neurotransmissionssystemen und der Wirkung von Stimulanzien.<\/p>\n<ul>\n<li><strong>Beginn der Effekte<\/strong> : 30 bis 60 Minuten nach der Verabreichung<\/li>\n<li><strong>Maximale Effekte<\/strong> : 2 bis 4 Stunden.<\/li>\n<li><strong>Dauer der Effekte<\/strong> : 4 bis 12 Stunden, je nach Dosis und Art der Verabreichung.<\/li>\n<\/ul>\n<h3><strong>Formel und Daten des Produkts<\/strong><\/h3>\n<ul>\n<li><strong>Chemische Bezeichnung<\/strong> : Alpha-Methylphenethylamin<\/li>\n<li><strong>Molekularformel<\/strong> : C9H13N<\/li>\n<li><strong>Molare Masse<\/strong> : 135,21 g\/mol<\/li>\n<\/ul>","protected":false},"featured_media":5260,"comment_status":"open","ping_status":"closed","template":"","meta":{"site-sidebar-layout":"default","site-content-layout":"","ast-site-content-layout":"default","site-content-style":"default","site-sidebar-style":"default","ast-global-header-display":"","ast-banner-title-visibility":"","ast-main-header-display":"","ast-hfb-above-header-display":"","ast-hfb-below-header-display":"","ast-hfb-mobile-header-display":"","site-post-title":"","ast-breadcrumbs-content":"","ast-featured-img":"","footer-sml-layout":"","theme-transparent-header-meta":"default","adv-header-id-meta":"","stick-header-meta":"","header-above-stick-meta":"","header-main-stick-meta":"","header-below-stick-meta":"","astra-migrate-meta-layouts":"set","ast-page-background-enabled":"default","ast-page-background-meta":{"desktop":{"background-color":"","background-image":"","background-repeat":"repeat","background-position":"center center","background-size":"auto","background-attachment":"scroll","background-type":"","background-media":"","overlay-type":"","overlay-color":"","overlay-opacity":"","overlay-gradient":""},"tablet":{"background-color":"","background-image":"","background-repeat":"repeat","background-position":"center center","background-size":"auto","background-attachment":"scroll","background-type":"","background-media":"","overlay-type":"","overlay-color":"","overlay-opacity":"","overlay-gradient":""},"mobile":{"background-color":"","background-image":"","background-repeat":"repeat","background-position":"center center","background-size":"auto","background-attachment":"scroll","background-type":"","background-media":"","overlay-type":"","overlay-color":"","overlay-opacity":"","overlay-gradient":""}},"ast-content-background-meta":{"desktop":{"background-color":"var(--ast-global-color-5)","background-image":"","background-repeat":"repeat","background-position":"center center","background-size":"auto","background-attachment":"scroll","background-type":"","background-media":"","overlay-type":"","overlay-color":"","overlay-opacity":"","overlay-gradient":""},"tablet":{"background-color":"var(--ast-global-color-5)","background-image":"","background-repeat":"repeat","background-position":"center center","background-size":"auto","background-attachment":"scroll","background-type":"","background-media":"","overlay-type":"","overlay-color":"","overlay-opacity":"","overlay-gradient":""},"mobile":{"background-color":"var(--ast-global-color-5)","background-image":"","background-repeat":"repeat","background-position":"center center","background-size":"auto","background-attachment":"scroll","background-type":"","background-media":"","overlay-type":"","overlay-color":"","overlay-opacity":"","overlay-gradient":""}},"_joinchat":[]},"product_brand":[],"product_cat":[141],"product_tag":[157,142,143,150,158,144,152,146,160,145,153,149,159,155,147,154,148,156,151,161],"class_list":{"0":"post-5059","1":"product","2":"type-product","3":"status-publish","4":"has-post-thumbnail","6":"product_cat-sex-meth","7":"product_tag-achat-securise-damphetamine","8":"product_tag-achetez-amphetamine","9":"product_tag-amphetamine-a-vendre","10":"product_tag-amphetamine-abordable-en-ligne","11":"product_tag-amphetamine-authentique-en-ligne","12":"product_tag-amphetamine-de-haute-qualite","13":"product_tag-amphetamine-pour-etudes-cognitives","14":"product_tag-amphetamine-pour-recherche","15":"product_tag-applications-cognitives-damphetamine","16":"product_tag-commandez-amphetamine-en-ligne","17":"product_tag-commandez-amphetamine-maintenant","18":"product_tag-emballage-discret-damphetamine","19":"product_tag-etudes-et-recherche-sur-lamphetamine","20":"product_tag-fournisseur-fiable-damphetamine","21":"product_tag-fournisseurs-fiables-damphetamine","22":"product_tag-livraison-mondiale-damphetamine","23":"product_tag-livraison-securisee-damphetamine","24":"product_tag-ou-acheter-de-lamphetamine","25":"product_tag-produits-premium-damphetamine","26":"product_tag-sciences-comportementales-et-amphetamine","27":"desktop-align-left","28":"tablet-align-left","29":"mobile-align-left","31":"first","32":"instock","33":"shipping-taxable","34":"purchasable","35":"product-type-variable"},"yoast_head":"<!-- This site is optimized with the Yoast SEO plugin v26.9 - https:\/\/yoast.com\/product\/yoast-seo-wordpress\/ -->\n<title>Acheter de l&#039;amph\u00e9tamine en ligne \u2013 Amph\u00e9tamine \u00e0 vendre<\/title>\n<meta name=\"description\" content=\"L&#039;amph\u00e9tamine est un stimulant qui accro\u00eet l&#039;activit\u00e9 du cerveau et du syst\u00e8me nerveux. Dans un cadre m\u00e9dical, elle peut \u00eatre utilis\u00e9e pour traiter le TDAH et la narcolepsie ; toutefois, son usage d\u00e9tourn\u00e9 peut entra\u00eener de graves risques pour la sant\u00e9.\" \/>\n<meta name=\"robots\" content=\"index, follow, max-snippet:-1, max-image-preview:large, max-video-preview:-1\" \/>\n<link rel=\"canonical\" href=\"https:\/\/gblexprimer.com\/de\/product\/amfetamina\/\" \/>\n<meta property=\"og:locale\" content=\"de_DE\" \/>\n<meta property=\"og:type\" content=\"article\" \/>\n<meta property=\"og:title\" content=\"Acheter de l&#039;amph\u00e9tamine en ligne \u2013 Amph\u00e9tamine \u00e0 vendre\" \/>\n<meta property=\"og:description\" content=\"L&#039;amph\u00e9tamine est un stimulant qui accro\u00eet l&#039;activit\u00e9 du cerveau et du syst\u00e8me nerveux. Dans un cadre m\u00e9dical, elle peut \u00eatre utilis\u00e9e pour traiter le TDAH et la narcolepsie ; toutefois, son usage d\u00e9tourn\u00e9 peut entra\u00eener de graves risques pour la sant\u00e9.\" \/>\n<meta property=\"og:url\" content=\"https:\/\/gblexprimer.com\/de\/product\/amfetamina\/\" \/>\n<meta property=\"og:site_name\" content=\"GBL Exprimer\" \/>\n<meta property=\"article:modified_time\" content=\"2026-04-10T10:05:47+00:00\" \/>\n<meta property=\"og:image\" content=\"https:\/\/gblexprimer.com\/wp-content\/uploads\/2024\/11\/amfetamine.jpg\" \/>\n\t<meta property=\"og:image:width\" content=\"600\" \/>\n\t<meta property=\"og:image:height\" content=\"600\" \/>\n\t<meta property=\"og:image:type\" content=\"image\/jpeg\" \/>\n<meta name=\"twitter:card\" content=\"summary_large_image\" \/>\n<meta name=\"twitter:label1\" content=\"Gesch\u00e4tzte Lesezeit\" \/>\n\t<meta name=\"twitter:data1\" content=\"2\u00a0Minuten\" \/>\n<script type=\"application\/ld+json\" class=\"yoast-schema-graph\">{\"@context\":\"https:\/\/schema.org\",\"@graph\":[{\"@type\":\"WebPage\",\"@id\":\"https:\/\/gblexprimer.com\/product\/amfetamina\/\",\"url\":\"https:\/\/gblexprimer.com\/product\/amfetamina\/\",\"name\":\"Acheter de l'amph\u00e9tamine en ligne \u2013 Amph\u00e9tamine \u00e0 vendre\",\"isPartOf\":{\"@id\":\"https:\/\/gblexprimer.com\/#website\"},\"primaryImageOfPage\":{\"@id\":\"https:\/\/gblexprimer.com\/product\/amfetamina\/#primaryimage\"},\"image\":{\"@id\":\"https:\/\/gblexprimer.com\/product\/amfetamina\/#primaryimage\"},\"thumbnailUrl\":\"https:\/\/gblexprimer.com\/wp-content\/uploads\/2024\/11\/amfetamine.jpg\",\"datePublished\":\"2024-11-26T06:17:33+00:00\",\"dateModified\":\"2026-04-10T10:05:47+00:00\",\"description\":\"L'amph\u00e9tamine est un stimulant qui accro\u00eet l'activit\u00e9 du cerveau et du syst\u00e8me nerveux. Dans un cadre m\u00e9dical, elle peut \u00eatre utilis\u00e9e pour traiter le TDAH et la narcolepsie ; toutefois, son usage d\u00e9tourn\u00e9 peut entra\u00eener de graves risques pour la sant\u00e9.\",\"breadcrumb\":{\"@id\":\"https:\/\/gblexprimer.com\/product\/amfetamina\/#breadcrumb\"},\"inLanguage\":\"de\",\"potentialAction\":[{\"@type\":\"ReadAction\",\"target\":[\"https:\/\/gblexprimer.com\/product\/amfetamina\/\"]}]},{\"@type\":\"ImageObject\",\"inLanguage\":\"de\",\"@id\":\"https:\/\/gblexprimer.com\/product\/amfetamina\/#primaryimage\",\"url\":\"https:\/\/gblexprimer.com\/wp-content\/uploads\/2024\/11\/amfetamine.jpg\",\"contentUrl\":\"https:\/\/gblexprimer.com\/wp-content\/uploads\/2024\/11\/amfetamine.jpg\",\"width\":600,\"height\":600,\"caption\":\"amfetamine\"},{\"@type\":\"BreadcrumbList\",\"@id\":\"https:\/\/gblexprimer.com\/product\/amfetamina\/#breadcrumb\",\"itemListElement\":[{\"@type\":\"ListItem\",\"position\":1,\"name\":\"Home\",\"item\":\"https:\/\/gblexprimer.com\/\"},{\"@type\":\"ListItem\",\"position\":2,\"name\":\"Shop\",\"item\":\"https:\/\/gblexprimer.com\/shop\/\"},{\"@type\":\"ListItem\",\"position\":3,\"name\":\"Amph\u00e9tamine\"}]},{\"@type\":\"WebSite\",\"@id\":\"https:\/\/gblexprimer.com\/#website\",\"url\":\"https:\/\/gblexprimer.com\/\",\"name\":\"GBL Exprimer\",\"description\":\"\",\"publisher\":{\"@id\":\"https:\/\/gblexprimer.com\/#organization\"},\"potentialAction\":[{\"@type\":\"SearchAction\",\"target\":{\"@type\":\"EntryPoint\",\"urlTemplate\":\"https:\/\/gblexprimer.com\/?s={search_term_string}\"},\"query-input\":{\"@type\":\"PropertyValueSpecification\",\"valueRequired\":true,\"valueName\":\"search_term_string\"}}],\"inLanguage\":\"de\"},{\"@type\":\"Organization\",\"@id\":\"https:\/\/gblexprimer.com\/#organization\",\"name\":\"GBL Exprimer\",\"url\":\"https:\/\/gblexprimer.com\/\",\"logo\":{\"@type\":\"ImageObject\",\"inLanguage\":\"de\",\"@id\":\"https:\/\/gblexprimer.com\/#\/schema\/logo\/image\/\",\"url\":\"https:\/\/gblexprimer.com\/wp-content\/uploads\/2024\/01\/logo.png\",\"contentUrl\":\"https:\/\/gblexprimer.com\/wp-content\/uploads\/2024\/01\/logo.png\",\"width\":220,\"height\":80,\"caption\":\"GBL Exprimer\"},\"image\":{\"@id\":\"https:\/\/gblexprimer.com\/#\/schema\/logo\/image\/\"}}]}<\/script>\n<!-- \/ Yoast SEO plugin. -->","yoast_head_json":{"title":"Acheter de l'amph\u00e9tamine en ligne \u2013 Amph\u00e9tamine \u00e0 vendre","description":"L'amph\u00e9tamine est un stimulant qui accro\u00eet l'activit\u00e9 du cerveau et du syst\u00e8me nerveux. Dans un cadre m\u00e9dical, elle peut \u00eatre utilis\u00e9e pour traiter le TDAH et la narcolepsie ; toutefois, son usage d\u00e9tourn\u00e9 peut entra\u00eener de graves risques pour la sant\u00e9.","robots":{"index":"index","follow":"follow","max-snippet":"max-snippet:-1","max-image-preview":"max-image-preview:large","max-video-preview":"max-video-preview:-1"},"canonical":"https:\/\/gblexprimer.com\/de\/product\/amfetamina\/","og_locale":"de_DE","og_type":"article","og_title":"Acheter de l'amph\u00e9tamine en ligne \u2013 Amph\u00e9tamine \u00e0 vendre","og_description":"L'amph\u00e9tamine est un stimulant qui accro\u00eet l'activit\u00e9 du cerveau et du syst\u00e8me nerveux. Dans un cadre m\u00e9dical, elle peut \u00eatre utilis\u00e9e pour traiter le TDAH et la narcolepsie ; toutefois, son usage d\u00e9tourn\u00e9 peut entra\u00eener de graves risques pour la sant\u00e9.","og_url":"https:\/\/gblexprimer.com\/de\/product\/amfetamina\/","og_site_name":"GBL Exprimer","article_modified_time":"2026-04-10T10:05:47+00:00","og_image":[{"width":600,"height":600,"url":"https:\/\/gblexprimer.com\/wp-content\/uploads\/2024\/11\/amfetamine.jpg","type":"image\/jpeg"}],"twitter_card":"summary_large_image","twitter_misc":{"Gesch\u00e4tzte Lesezeit":"2\u00a0Minuten"},"schema":{"@context":"https:\/\/schema.org","@graph":[{"@type":"WebPage","@id":"https:\/\/gblexprimer.com\/product\/amfetamina\/","url":"https:\/\/gblexprimer.com\/product\/amfetamina\/","name":"Acheter de l'amph\u00e9tamine en ligne \u2013 Amph\u00e9tamine \u00e0 vendre","isPartOf":{"@id":"https:\/\/gblexprimer.com\/#website"},"primaryImageOfPage":{"@id":"https:\/\/gblexprimer.com\/product\/amfetamina\/#primaryimage"},"image":{"@id":"https:\/\/gblexprimer.com\/product\/amfetamina\/#primaryimage"},"thumbnailUrl":"https:\/\/gblexprimer.com\/wp-content\/uploads\/2024\/11\/amfetamine.jpg","datePublished":"2024-11-26T06:17:33+00:00","dateModified":"2026-04-10T10:05:47+00:00","description":"L'amph\u00e9tamine est un stimulant qui accro\u00eet l'activit\u00e9 du cerveau et du syst\u00e8me nerveux. Dans un cadre m\u00e9dical, elle peut \u00eatre utilis\u00e9e pour traiter le TDAH et la narcolepsie ; toutefois, son usage d\u00e9tourn\u00e9 peut entra\u00eener de graves risques pour la sant\u00e9.","breadcrumb":{"@id":"https:\/\/gblexprimer.com\/product\/amfetamina\/#breadcrumb"},"inLanguage":"de","potentialAction":[{"@type":"ReadAction","target":["https:\/\/gblexprimer.com\/product\/amfetamina\/"]}]},{"@type":"ImageObject","inLanguage":"de","@id":"https:\/\/gblexprimer.com\/product\/amfetamina\/#primaryimage","url":"https:\/\/gblexprimer.com\/wp-content\/uploads\/2024\/11\/amfetamine.jpg","contentUrl":"https:\/\/gblexprimer.com\/wp-content\/uploads\/2024\/11\/amfetamine.jpg","width":600,"height":600,"caption":"amfetamine"},{"@type":"BreadcrumbList","@id":"https:\/\/gblexprimer.com\/product\/amfetamina\/#breadcrumb","itemListElement":[{"@type":"ListItem","position":1,"name":"Home","item":"https:\/\/gblexprimer.com\/"},{"@type":"ListItem","position":2,"name":"Shop","item":"https:\/\/gblexprimer.com\/shop\/"},{"@type":"ListItem","position":3,"name":"Amph\u00e9tamine"}]},{"@type":"WebSite","@id":"https:\/\/gblexprimer.com\/#website","url":"https:\/\/gblexprimer.com\/","name":"GBL Ausdr\u00fccken","description":"","publisher":{"@id":"https:\/\/gblexprimer.com\/#organization"},"potentialAction":[{"@type":"SearchAction","target":{"@type":"EntryPoint","urlTemplate":"https:\/\/gblexprimer.com\/?s={search_term_string}"},"query-input":{"@type":"PropertyValueSpecification","valueRequired":true,"valueName":"search_term_string"}}],"inLanguage":"de"},{"@type":"Organization","@id":"https:\/\/gblexprimer.com\/#organization","name":"GBL Ausdr\u00fccken","url":"https:\/\/gblexprimer.com\/","logo":{"@type":"ImageObject","inLanguage":"de","@id":"https:\/\/gblexprimer.com\/#\/schema\/logo\/image\/","url":"https:\/\/gblexprimer.com\/wp-content\/uploads\/2024\/01\/logo.png","contentUrl":"https:\/\/gblexprimer.com\/wp-content\/uploads\/2024\/01\/logo.png","width":220,"height":80,"caption":"GBL Exprimer"},"image":{"@id":"https:\/\/gblexprimer.com\/#\/schema\/logo\/image\/"}}]}},"_links":{"self":[{"href":"https:\/\/gblexprimer.com\/de\/wp-json\/wp\/v2\/product\/5059","targetHints":{"allow":["GET"]}}],"collection":[{"href":"https:\/\/gblexprimer.com\/de\/wp-json\/wp\/v2\/product"}],"about":[{"href":"https:\/\/gblexprimer.com\/de\/wp-json\/wp\/v2\/types\/product"}],"replies":[{"embeddable":true,"href":"https:\/\/gblexprimer.com\/de\/wp-json\/wp\/v2\/comments?post=5059"}],"wp:featuredmedia":[{"embeddable":true,"href":"https:\/\/gblexprimer.com\/de\/wp-json\/wp\/v2\/media\/5260"}],"wp:attachment":[{"href":"https:\/\/gblexprimer.com\/de\/wp-json\/wp\/v2\/media?parent=5059"}],"wp:term":[{"taxonomy":"product_brand","embeddable":true,"href":"https:\/\/gblexprimer.com\/de\/wp-json\/wp\/v2\/product_brand?post=5059"},{"taxonomy":"product_cat","embeddable":true,"href":"https:\/\/gblexprimer.com\/de\/wp-json\/wp\/v2\/product_cat?post=5059"},{"taxonomy":"product_tag","embeddable":true,"href":"https:\/\/gblexprimer.com\/de\/wp-json\/wp\/v2\/product_tag?post=5059"}],"curies":[{"name":"wp","href":"https:\/\/api.w.org\/{rel}","templated":true}]}}