{"id":5060,"date":"2024-11-26T06:17:36","date_gmt":"2024-11-26T06:17:36","guid":{"rendered":"https:\/\/gblexprimer.com\/?post_type=product&#038;p=5060"},"modified":"2026-04-11T07:59:35","modified_gmt":"2026-04-11T07:59:35","slug":"lsd-kwas","status":"publish","type":"product","link":"https:\/\/gblexprimer.com\/de\/product\/lsd-kwas\/","title":{"rendered":"LSD (Kwas)"},"content":{"rendered":"<h2><strong>Kaufen Sie LSD (Lysergs\u00e4ure) Online auf GBlexprimer<\/strong><\/h2>\n<p><a href=\"https:\/\/gblexprimer.com\/de\/product\/lsd-kwas\/\"><strong>LSD<\/strong><\/a> (Lysergs\u00e4urediethylamid), allgemein bekannt als <strong>kwas<\/strong>ist eine psychoaktive Verbindung, die f\u00fcr ihre einzigartigen Auswirkungen auf die Wahrnehmung, die Kognition und das Bewusstsein bekannt ist. Entdeckt wurde sie 1938, <strong>LSD<\/strong> wurde umfassend auf seine Interaktion mit Serotoninrezeptoren sowie auf seine potenziellen Anwendungen in der wissenschaftlichen und therapeutischen Forschung untersucht. Bei <strong>GBlexpression<\/strong>schlagen wir vor <strong>hochwertiges LSD<\/strong>, Das bedeutet sichere Transaktionen, diskrete Verpackung und schnelle Lieferung, um die Bed\u00fcrfnisse von Forschern und Entdeckern zu erf\u00fcllen. LSD Kaufen<a href=\"https:\/\/gblexprimer.com\/de\/ghb\/\">.<\/a><\/p>\n<h3 class=\"ds-markdown-paragraph\"><strong>LSD online kaufen - Sicher, zuverl\u00e4ssig und diskret<\/strong><\/h3>\n<p class=\"ds-markdown-paragraph\">Gblexprimer bietet eine sichere und vertrauensw\u00fcrdige Plattform, um LSD online zu kaufen. Alle Bestellungen sind <a href=\"https:\/\/gblexprimer.com\/de\/product\/mdma-ekstaza\/\"><strong>diskret verpackt<\/strong><\/a> um Ihre Privatsph\u00e4re zu sch\u00fctzen und versendet \u00fcber eine <strong>schnelle und sichere Lieferung<\/strong>.<\/p>\n<p class=\"ds-markdown-paragraph\">Lassen Sie sich von uns durch ein <strong>reibungsloser Kaufprozess<\/strong> und Ihnen helfen, die transformative Welt von <strong>die Erweiterung des Bewusstseins<\/strong>.<\/p>\n<h3 class=\"ds-markdown-paragraph\"><strong>Ein reibungsloses Online-Erlebnis beim Kauf von LSD<\/strong><\/h3>\n<p class=\"ds-markdown-paragraph\"><strong>Sicherer und diskreter Einkauf von LSD<\/strong> : Ihr <strong>Datenschutz<\/strong> ist unsere oberste Priorit\u00e4t. Fortschrittliche Sicherheitsma\u00dfnahmen sch\u00fctzen Ihre pers\u00f6nlichen Daten und Transaktionsdetails und sorgen so f\u00fcr ein Einkaufserlebnis <strong>sicher und privat<\/strong> \u00e0 chaque fois que vous commandez du LSD en ligne sur gblexprimer.com.<\/p>\n<p class=\"ds-markdown-paragraph\"><strong>LSD in Premium-Qualit\u00e4t zum Verkauf<\/strong> : Wir bieten nur LSD von <strong>hohe Qualit\u00e4t<\/strong>, Die Produkte werden von vertrauensw\u00fcrdigen Lieferanten bezogen. Jede Charge wird <strong>strenge Tests<\/strong> von Reinheit und Kraft, die ein Erlebnis garantieren <strong>sicher, authentisch und effektiv<\/strong>.<\/p>\n<p class=\"ds-markdown-paragraph\"><strong>Expertenrat f\u00fcr den sicheren Gebrauch von LSD<\/strong> : Unser erfahrenes Team liefert <strong>umfassende Informationen<\/strong> \u00fcber die sichere Nutzung, die <strong>empfohlene Dosierungen<\/strong> und die m\u00f6glichen Auswirkungen. Wir erm\u00f6glichen es Ihnen, sich <strong>fundierte Entscheidungen<\/strong> f\u00fcr eine <strong>positive psychedelische Erfahrung<\/strong>.<\/p>\n<h4 class=\"ds-markdown-paragraph\"><strong>Wie man LSD online kaufen kann - Einfache Schritte<\/strong><\/h4>\n<p class=\"ds-markdown-paragraph\"><strong>Durchsuchen Sie unsere LSD-Sammlung<\/strong> : Entdecken Sie eine gro\u00dfe Auswahl an LSD-Produkten, einschlie\u00dflich der <strong>klassische L\u00f6schbl\u00e4tter<\/strong> und Optionen von <strong>Mikrodosierung<\/strong>, Sie k\u00f6nnen sich auf Ihre individuellen Bed\u00fcrfnisse und Vorlieben einstellen.<\/p>\n<p class=\"ds-markdown-paragraph\"><strong>Erstellen Sie Ihr Konto<\/strong> : Registrieren Sie sich auf unserer Website f\u00fcr ein nahtloses Einkaufserlebnis. Verfolgen Sie Ihre Bestellungen, greifen Sie auf <strong>exklusive Rabatte<\/strong> und bleiben Sie auf dem Laufenden \u00fcber unsere <strong>neue Produkte<\/strong> und Promotionen im Zusammenhang mit LSD.<\/p>\n<h3><strong>Warum LSD (Kwas) bei GBlexprimer kaufen?<\/strong><\/h3>\n<p>Bei <strong>GBlexpression<\/strong>Wir bieten qualitativ hochwertige Produkte und einen zuverl\u00e4ssigen Kundenservice f\u00fcr ein reibungsloses Einkaufserlebnis.<\/p>\n<h4><strong>LSD von hoher Qualit\u00e4t<\/strong><\/h4>\n<p>Unser <a href=\"https:\/\/en.wikipedia.org\/wiki\/LSD\"><strong>LSD<\/strong><\/a> wird streng auf Reinheit und Sicherheit getestet und erf\u00fcllt die h\u00f6chsten Standards f\u00fcr Forschung und pers\u00f6nliche Erkundungen.<\/p>\n<h4><strong>Sichere Transaktionen und diskrete Verpackung<\/strong><\/h4>\n<p>Wir sorgen f\u00fcr sichere Zahlungen und eine diskrete Verpackung, um Ihre Privatsph\u00e4re bei jedem Schritt zu sch\u00fctzen.<\/p>\n<h4><strong>Schnelle und zuverl\u00e4ssige Lieferung<\/strong><\/h4>\n<p>Mit unserem Logistiknetzwerk garantieren wir eine schnelle Lieferung, damit Sie ohne Verz\u00f6gerung mit Ihren Projekten beginnen k\u00f6nnen.<\/p>\n<h4><strong>Erschwingliche Preise und Zug\u00e4nglichkeit<\/strong><\/h4>\n<p>Wir bieten von <strong>LSD<\/strong> zu wettbewerbsf\u00e4higen Preisen, ohne Kompromisse bei Qualit\u00e4t oder Zuverl\u00e4ssigkeit einzugehen.<\/p>\n<h3><strong>Kaufen Sie LSD (Kwas) Online Heute<\/strong><\/h3>\n<p>Sie suchen eine zuverl\u00e4ssige Quelle f\u00fcr <strong>von LSD<\/strong> ? Bei <strong>GBlexpression<\/strong>Wir liefern <strong>hochwertiges LSD<\/strong> mit schnellem Service und sicheren Zahlungen. Ob Sie ein Forscher oder Entdecker sind, unser <strong>LSD<\/strong> ist Ihre beste Wahl f\u00fcr zuverl\u00e4ssige Ergebnisse. <strong>LSD (Kwas) online kaufen<\/strong> jetzt und entdecken Sie die Qualit\u00e4t und den einfachen Einkauf bei <strong>GBlexpression<\/strong>.<\/p>","protected":false},"excerpt":{"rendered":"<p class=\"ds-markdown-paragraph\">Entdecken Sie <strong>LSD und L\u00f6schbl\u00e4tter<\/strong> von erstklassiger Qualit\u00e4t, die in unserem Online-Shop zu reduzierten Preisen erh\u00e4ltlich sind. Wir bieten eine <strong>diskreter Versand<\/strong> um Ihre <strong>Datenschutz<\/strong> - nur Sie wissen, was in Ihrem Paket ist. Als\u2019<strong>erfahrene Nutzer<\/strong>, Wir verpflichten uns, eine <strong>Kundenzufriedenheit bei 100%<\/strong>. Kaufen Sie von <strong>Fl\u00fcssiges LSD und L\u00f6schbl\u00e4tter<\/strong> bei uns in aller <strong>Vertrauen<\/strong> und genie\u00dfen Sie eine <strong>Premiumqualit\u00e4t<\/strong>.<\/p>\n<h3><strong>Wie funktioniert LSD?<\/strong><\/h3>\n<p>LSD wirkt haupts\u00e4chlich durch die Wechselwirkung mit den Serotoninrezeptoren (5-HT2A) im Gehirn, was zu einer erh\u00f6hten neuronalen Aktivit\u00e4t und ver\u00e4nderten Verbindungen zwischen den Gehirnregionen f\u00fchrt.<\/p>\n<ul>\n<li><strong>Haupteffekte :<\/strong> Sinnesverzerrungen, Bewusstseinserweiterung und tiefe Introspektion.<\/li>\n<li><strong>Aktive Dosis :<\/strong> Gemessen in Mikrogramm (\u00b5g), was eine genaue Kontrolle der Wirkung gew\u00e4hrleistet.<\/li>\n<\/ul>\n<h3><strong>Formel und Daten des Produkts<\/strong><\/h3>\n<ul>\n<li><strong>Chemische Bezeichnung :<\/strong> Diethylamids\u00e4ure der d-Lysergs\u00e4ure<\/li>\n<li><strong>Molekularformel :<\/strong> C20H25N3O<\/li>\n<li><strong>Molmasse :<\/strong> 323,44 g\/mol<\/li>\n<\/ul>\n<h3><strong>Details zu den Effekten<\/strong><\/h3>\n<ul>\n<li><strong>Beginn der Effekte :<\/strong> 20 bis 90 Minuten nach Verschlucken.<\/li>\n<li><strong>Effektpeak :<\/strong> 2 bis 4 Stunden.<\/li>\n<li><strong>Gesamtdauer :<\/strong> 6 bis 12 Stunden, abh\u00e4ngig von der Dosis und dem Stoffwechsel.<\/li>\n<\/ul>","protected":false},"featured_media":5129,"comment_status":"open","ping_status":"closed","template":"","meta":{"site-sidebar-layout":"default","site-content-layout":"","ast-site-content-layout":"default","site-content-style":"default","site-sidebar-style":"default","ast-global-header-display":"","ast-banner-title-visibility":"","ast-main-header-display":"","ast-hfb-above-header-display":"","ast-hfb-below-header-display":"","ast-hfb-mobile-header-display":"","site-post-title":"","ast-breadcrumbs-content":"","ast-featured-img":"","footer-sml-layout":"","theme-transparent-header-meta":"default","adv-header-id-meta":"","stick-header-meta":"","header-above-stick-meta":"","header-main-stick-meta":"","header-below-stick-meta":"","astra-migrate-meta-layouts":"set","ast-page-background-enabled":"default","ast-page-background-meta":{"desktop":{"background-color":"","background-image":"","background-repeat":"repeat","background-position":"center center","background-size":"auto","background-attachment":"scroll","background-type":"","background-media":"","overlay-type":"","overlay-color":"","overlay-opacity":"","overlay-gradient":""},"tablet":{"background-color":"","background-image":"","background-repeat":"repeat","background-position":"center center","background-size":"auto","background-attachment":"scroll","background-type":"","background-media":"","overlay-type":"","overlay-color":"","overlay-opacity":"","overlay-gradient":""},"mobile":{"background-color":"","background-image":"","background-repeat":"repeat","background-position":"center center","background-size":"auto","background-attachment":"scroll","background-type":"","background-media":"","overlay-type":"","overlay-color":"","overlay-opacity":"","overlay-gradient":""}},"ast-content-background-meta":{"desktop":{"background-color":"var(--ast-global-color-5)","background-image":"","background-repeat":"repeat","background-position":"center center","background-size":"auto","background-attachment":"scroll","background-type":"","background-media":"","overlay-type":"","overlay-color":"","overlay-opacity":"","overlay-gradient":""},"tablet":{"background-color":"var(--ast-global-color-5)","background-image":"","background-repeat":"repeat","background-position":"center center","background-size":"auto","background-attachment":"scroll","background-type":"","background-media":"","overlay-type":"","overlay-color":"","overlay-opacity":"","overlay-gradient":""},"mobile":{"background-color":"var(--ast-global-color-5)","background-image":"","background-repeat":"repeat","background-position":"center center","background-size":"auto","background-attachment":"scroll","background-type":"","background-media":"","overlay-type":"","overlay-color":"","overlay-opacity":"","overlay-gradient":""}},"_joinchat":[]},"product_brand":[],"product_cat":[141],"product_tag":[235,243,238,247,252,240,248,241,236,254,242,237,251,246,244,245,239,250,249,253],"class_list":{"0":"post-5060","1":"product","2":"type-product","3":"status-publish","4":"has-post-thumbnail","6":"product_cat-sex-meth","7":"product_tag-achetez-lsd","8":"product_tag-acide-lysergique-a-vendre","9":"product_tag-commandez-lsd-en-ligne","10":"product_tag-commandez-lsd-maintenant","11":"product_tag-etudes-sur-le-lsd-et-la-serotonine","12":"product_tag-fournisseurs-fiables-de-lsd","13":"product_tag-livraison-rapide-de-lsd","14":"product_tag-livraison-securisee-de-lsd","15":"product_tag-lsd-a-vendre","16":"product_tag-lsd-abordable-en-ligne","17":"product_tag-lsd-authentique-en-ligne","18":"product_tag-lsd-de-haute-qualite","19":"product_tag-lsd-pour-creativite","20":"product_tag-lsd-pour-etudes-de-conscience","21":"product_tag-lsd-pour-exploration","22":"product_tag-lsd-pour-neurosciences","23":"product_tag-lsd-pour-recherche","24":"product_tag-lsd-pour-sante-mentale","25":"product_tag-ou-acheter-du-lsd","26":"product_tag-produits-premium-lsd","27":"desktop-align-left","28":"tablet-align-left","29":"mobile-align-left","31":"first","32":"instock","33":"shipping-taxable","34":"purchasable","35":"product-type-variable"},"yoast_head":"<!-- This site is optimized with the Yoast SEO plugin v26.9 - https:\/\/yoast.com\/product\/yoast-seo-wordpress\/ -->\n<title>Achetez du LSD (Acide Lysergique) | Qualit\u00e9 sur GBlexprimer<\/title>\n<meta name=\"description\" content=\"Achetez du LSD (Acide Lysergique) en ligne sur GBlexprimer. Produit de qualit\u00e9 sup\u00e9rieure pour la recherche et l\u2019exploration. Vous ignorez peut-\u00eatre que vous pouvez ACHETER DU LSD EN LIGNE sur notre boutique. Non ?!, commandez maintenant !\" \/>\n<meta name=\"robots\" content=\"index, follow, max-snippet:-1, max-image-preview:large, max-video-preview:-1\" \/>\n<link rel=\"canonical\" href=\"https:\/\/gblexprimer.com\/de\/product\/lsd-kwas\/\" \/>\n<meta property=\"og:locale\" content=\"de_DE\" \/>\n<meta property=\"og:type\" content=\"article\" \/>\n<meta property=\"og:title\" content=\"Achetez du LSD (Acide Lysergique) | Qualit\u00e9 sur GBlexprimer\" \/>\n<meta property=\"og:description\" content=\"Achetez du LSD (Acide Lysergique) en ligne sur GBlexprimer. Produit de qualit\u00e9 sup\u00e9rieure pour la recherche et l\u2019exploration. Vous ignorez peut-\u00eatre que vous pouvez ACHETER DU LSD EN LIGNE sur notre boutique. Non ?!, commandez maintenant !\" \/>\n<meta property=\"og:url\" content=\"https:\/\/gblexprimer.com\/de\/product\/lsd-kwas\/\" \/>\n<meta property=\"og:site_name\" content=\"GBL Exprimer\" \/>\n<meta property=\"article:modified_time\" content=\"2026-04-11T07:59:35+00:00\" \/>\n<meta property=\"og:image\" content=\"https:\/\/gblexprimer.com\/wp-content\/uploads\/2024\/11\/1624027774644-product.webp\" \/>\n\t<meta property=\"og:image:width\" content=\"1600\" \/>\n\t<meta property=\"og:image:height\" content=\"1067\" \/>\n\t<meta property=\"og:image:type\" content=\"image\/webp\" \/>\n<meta name=\"twitter:card\" content=\"summary_large_image\" \/>\n<meta name=\"twitter:label1\" content=\"Gesch\u00e4tzte Lesezeit\" \/>\n\t<meta name=\"twitter:data1\" content=\"3\u00a0Minuten\" \/>\n<script type=\"application\/ld+json\" class=\"yoast-schema-graph\">{\"@context\":\"https:\/\/schema.org\",\"@graph\":[{\"@type\":\"WebPage\",\"@id\":\"https:\/\/gblexprimer.com\/product\/lsd-kwas\/\",\"url\":\"https:\/\/gblexprimer.com\/product\/lsd-kwas\/\",\"name\":\"Achetez du LSD (Acide Lysergique) | Qualit\u00e9 sur GBlexprimer\",\"isPartOf\":{\"@id\":\"https:\/\/gblexprimer.com\/#website\"},\"primaryImageOfPage\":{\"@id\":\"https:\/\/gblexprimer.com\/product\/lsd-kwas\/#primaryimage\"},\"image\":{\"@id\":\"https:\/\/gblexprimer.com\/product\/lsd-kwas\/#primaryimage\"},\"thumbnailUrl\":\"https:\/\/gblexprimer.com\/wp-content\/uploads\/2024\/11\/1624027774644-product.webp\",\"datePublished\":\"2024-11-26T06:17:36+00:00\",\"dateModified\":\"2026-04-11T07:59:35+00:00\",\"description\":\"Achetez du LSD (Acide Lysergique) en ligne sur GBlexprimer. Produit de qualit\u00e9 sup\u00e9rieure pour la recherche et l\u2019exploration. Vous ignorez peut-\u00eatre que vous pouvez ACHETER DU LSD EN LIGNE sur notre boutique. Non ?!, commandez maintenant !\",\"breadcrumb\":{\"@id\":\"https:\/\/gblexprimer.com\/product\/lsd-kwas\/#breadcrumb\"},\"inLanguage\":\"de\",\"potentialAction\":[{\"@type\":\"ReadAction\",\"target\":[\"https:\/\/gblexprimer.com\/product\/lsd-kwas\/\"]}]},{\"@type\":\"ImageObject\",\"inLanguage\":\"de\",\"@id\":\"https:\/\/gblexprimer.com\/product\/lsd-kwas\/#primaryimage\",\"url\":\"https:\/\/gblexprimer.com\/wp-content\/uploads\/2024\/11\/1624027774644-product.webp\",\"contentUrl\":\"https:\/\/gblexprimer.com\/wp-content\/uploads\/2024\/11\/1624027774644-product.webp\",\"width\":1600,\"height\":1067,\"caption\":\"Achetez LSD\"},{\"@type\":\"BreadcrumbList\",\"@id\":\"https:\/\/gblexprimer.com\/product\/lsd-kwas\/#breadcrumb\",\"itemListElement\":[{\"@type\":\"ListItem\",\"position\":1,\"name\":\"Home\",\"item\":\"https:\/\/gblexprimer.com\/\"},{\"@type\":\"ListItem\",\"position\":2,\"name\":\"Shop\",\"item\":\"https:\/\/gblexprimer.com\/shop\/\"},{\"@type\":\"ListItem\",\"position\":3,\"name\":\"LSD (Kwas)\"}]},{\"@type\":\"WebSite\",\"@id\":\"https:\/\/gblexprimer.com\/#website\",\"url\":\"https:\/\/gblexprimer.com\/\",\"name\":\"GBL Exprimer\",\"description\":\"\",\"publisher\":{\"@id\":\"https:\/\/gblexprimer.com\/#organization\"},\"potentialAction\":[{\"@type\":\"SearchAction\",\"target\":{\"@type\":\"EntryPoint\",\"urlTemplate\":\"https:\/\/gblexprimer.com\/?s={search_term_string}\"},\"query-input\":{\"@type\":\"PropertyValueSpecification\",\"valueRequired\":true,\"valueName\":\"search_term_string\"}}],\"inLanguage\":\"de\"},{\"@type\":\"Organization\",\"@id\":\"https:\/\/gblexprimer.com\/#organization\",\"name\":\"GBL Exprimer\",\"url\":\"https:\/\/gblexprimer.com\/\",\"logo\":{\"@type\":\"ImageObject\",\"inLanguage\":\"de\",\"@id\":\"https:\/\/gblexprimer.com\/#\/schema\/logo\/image\/\",\"url\":\"https:\/\/gblexprimer.com\/wp-content\/uploads\/2024\/01\/logo.png\",\"contentUrl\":\"https:\/\/gblexprimer.com\/wp-content\/uploads\/2024\/01\/logo.png\",\"width\":220,\"height\":80,\"caption\":\"GBL Exprimer\"},\"image\":{\"@id\":\"https:\/\/gblexprimer.com\/#\/schema\/logo\/image\/\"}}]}<\/script>\n<!-- \/ Yoast SEO plugin. -->","yoast_head_json":{"title":"Kaufen Sie LSD (Lysergs\u00e4ure) | Qualit\u00e4t auf GBlexprimer","description":"Kaufen Sie LSD (Lysergs\u00e4ure) online auf GBlexprimer. Hochwertiges Produkt f\u00fcr Forschung und Erkundung. Sie wissen vielleicht noch nicht, dass Sie in unserem Shop LSD ONLINE KAUFEN k\u00f6nnen. Nein?!, bestellen Sie jetzt!","robots":{"index":"index","follow":"follow","max-snippet":"max-snippet:-1","max-image-preview":"max-image-preview:large","max-video-preview":"max-video-preview:-1"},"canonical":"https:\/\/gblexprimer.com\/de\/product\/lsd-kwas\/","og_locale":"de_DE","og_type":"article","og_title":"Achetez du LSD (Acide Lysergique) | Qualit\u00e9 sur GBlexprimer","og_description":"Achetez du LSD (Acide Lysergique) en ligne sur GBlexprimer. Produit de qualit\u00e9 sup\u00e9rieure pour la recherche et l\u2019exploration. Vous ignorez peut-\u00eatre que vous pouvez ACHETER DU LSD EN LIGNE sur notre boutique. Non ?!, commandez maintenant !","og_url":"https:\/\/gblexprimer.com\/de\/product\/lsd-kwas\/","og_site_name":"GBL Exprimer","article_modified_time":"2026-04-11T07:59:35+00:00","og_image":[{"width":1600,"height":1067,"url":"https:\/\/gblexprimer.com\/wp-content\/uploads\/2024\/11\/1624027774644-product.webp","type":"image\/webp"}],"twitter_card":"summary_large_image","twitter_misc":{"Gesch\u00e4tzte Lesezeit":"3\u00a0Minuten"},"schema":{"@context":"https:\/\/schema.org","@graph":[{"@type":"WebPage","@id":"https:\/\/gblexprimer.com\/product\/lsd-kwas\/","url":"https:\/\/gblexprimer.com\/product\/lsd-kwas\/","name":"Kaufen Sie LSD (Lysergs\u00e4ure) | Qualit\u00e4t auf GBlexprimer","isPartOf":{"@id":"https:\/\/gblexprimer.com\/#website"},"primaryImageOfPage":{"@id":"https:\/\/gblexprimer.com\/product\/lsd-kwas\/#primaryimage"},"image":{"@id":"https:\/\/gblexprimer.com\/product\/lsd-kwas\/#primaryimage"},"thumbnailUrl":"https:\/\/gblexprimer.com\/wp-content\/uploads\/2024\/11\/1624027774644-product.webp","datePublished":"2024-11-26T06:17:36+00:00","dateModified":"2026-04-11T07:59:35+00:00","description":"Kaufen Sie LSD (Lysergs\u00e4ure) online auf GBlexprimer. Hochwertiges Produkt f\u00fcr Forschung und Erkundung. Sie wissen vielleicht noch nicht, dass Sie in unserem Shop LSD ONLINE KAUFEN k\u00f6nnen. Nein?!, bestellen Sie jetzt!","breadcrumb":{"@id":"https:\/\/gblexprimer.com\/product\/lsd-kwas\/#breadcrumb"},"inLanguage":"de","potentialAction":[{"@type":"ReadAction","target":["https:\/\/gblexprimer.com\/product\/lsd-kwas\/"]}]},{"@type":"ImageObject","inLanguage":"de","@id":"https:\/\/gblexprimer.com\/product\/lsd-kwas\/#primaryimage","url":"https:\/\/gblexprimer.com\/wp-content\/uploads\/2024\/11\/1624027774644-product.webp","contentUrl":"https:\/\/gblexprimer.com\/wp-content\/uploads\/2024\/11\/1624027774644-product.webp","width":1600,"height":1067,"caption":"Achetez LSD"},{"@type":"BreadcrumbList","@id":"https:\/\/gblexprimer.com\/product\/lsd-kwas\/#breadcrumb","itemListElement":[{"@type":"ListItem","position":1,"name":"Home","item":"https:\/\/gblexprimer.com\/"},{"@type":"ListItem","position":2,"name":"Shop","item":"https:\/\/gblexprimer.com\/shop\/"},{"@type":"ListItem","position":3,"name":"LSD (Kwas)"}]},{"@type":"WebSite","@id":"https:\/\/gblexprimer.com\/#website","url":"https:\/\/gblexprimer.com\/","name":"GBL Ausdr\u00fccken","description":"","publisher":{"@id":"https:\/\/gblexprimer.com\/#organization"},"potentialAction":[{"@type":"SearchAction","target":{"@type":"EntryPoint","urlTemplate":"https:\/\/gblexprimer.com\/?s={search_term_string}"},"query-input":{"@type":"PropertyValueSpecification","valueRequired":true,"valueName":"search_term_string"}}],"inLanguage":"de"},{"@type":"Organization","@id":"https:\/\/gblexprimer.com\/#organization","name":"GBL Ausdr\u00fccken","url":"https:\/\/gblexprimer.com\/","logo":{"@type":"ImageObject","inLanguage":"de","@id":"https:\/\/gblexprimer.com\/#\/schema\/logo\/image\/","url":"https:\/\/gblexprimer.com\/wp-content\/uploads\/2024\/01\/logo.png","contentUrl":"https:\/\/gblexprimer.com\/wp-content\/uploads\/2024\/01\/logo.png","width":220,"height":80,"caption":"GBL Exprimer"},"image":{"@id":"https:\/\/gblexprimer.com\/#\/schema\/logo\/image\/"}}]}},"_links":{"self":[{"href":"https:\/\/gblexprimer.com\/de\/wp-json\/wp\/v2\/product\/5060","targetHints":{"allow":["GET"]}}],"collection":[{"href":"https:\/\/gblexprimer.com\/de\/wp-json\/wp\/v2\/product"}],"about":[{"href":"https:\/\/gblexprimer.com\/de\/wp-json\/wp\/v2\/types\/product"}],"replies":[{"embeddable":true,"href":"https:\/\/gblexprimer.com\/de\/wp-json\/wp\/v2\/comments?post=5060"}],"wp:featuredmedia":[{"embeddable":true,"href":"https:\/\/gblexprimer.com\/de\/wp-json\/wp\/v2\/media\/5129"}],"wp:attachment":[{"href":"https:\/\/gblexprimer.com\/de\/wp-json\/wp\/v2\/media?parent=5060"}],"wp:term":[{"taxonomy":"product_brand","embeddable":true,"href":"https:\/\/gblexprimer.com\/de\/wp-json\/wp\/v2\/product_brand?post=5060"},{"taxonomy":"product_cat","embeddable":true,"href":"https:\/\/gblexprimer.com\/de\/wp-json\/wp\/v2\/product_cat?post=5060"},{"taxonomy":"product_tag","embeddable":true,"href":"https:\/\/gblexprimer.com\/de\/wp-json\/wp\/v2\/product_tag?post=5060"}],"curies":[{"name":"wp","href":"https:\/\/api.w.org\/{rel}","templated":true}]}}