{"id":5061,"date":"2024-11-26T06:17:38","date_gmt":"2024-11-26T06:17:38","guid":{"rendered":"https:\/\/gblexprimer.com\/?post_type=product&#038;p=5061"},"modified":"2026-04-11T07:22:20","modified_gmt":"2026-04-11T07:22:20","slug":"heroine","status":"publish","type":"product","link":"https:\/\/gblexprimer.com\/de\/product\/heroine\/","title":{"rendered":"Heroin"},"content":{"rendered":"<h2>Achetez de l\u2019H\u00e9ro\u00efne en Ligne<\/h2>\n<p><a href=\"https:\/\/gblexprimer.com\/de\/product\/heroine\/\"><strong>Die Heldin<\/strong><\/a> ist ein von Morphin abgeleitetes Opioid, das f\u00fcr seine starke Wirkung auf das zentrale Nervensystem bekannt ist. Wird historisch in medizinischen Zusammenh\u00e4ngen verwendet, <strong>Heroin<\/strong> wird heute haupts\u00e4chlich wegen seiner neurochemischen Wechselwirkungen und seiner Auswirkungen auf das menschliche Verhalten untersucht. Bei <a href=\"https:\/\/gblexprimer.com\/de\/\"><strong>GBlexpression<\/strong><\/a>schlagen wir vor <strong>hochwertiges Heroin<\/strong>Heroin kaufen, mit sicheren Transaktionen, diskreter Verpackung und schneller Lieferung, um die Bed\u00fcrfnisse von Forschern und Fachleuten zu erf\u00fcllen Kaufen Sie Heroin<a href=\"https:\/\/gblexprimer.com\/de\/product\/heaven-pure-ecstasy-500-mg-dacide-%ce%b3-hydroxybutyric-ghb\/\">.<\/a><\/p>\n<h3><strong>Anwendungen und Verwendung von Heroin<\/strong><\/h3>\n<h4><strong>Wissenschaftliche und pharmakologische Forschung<\/strong><\/h4>\n<p><a href=\"https:\/\/en.wikipedia.org\/wiki\/Heroin\"><strong>Die Heldin<\/strong><\/a> wird in Studien zum Verst\u00e4ndnis seiner Wechselwirkungen mit Opioidrezeptoren verwendet, einschlie\u00dflich seiner Rolle bei der Modulation von Schmerzen, Abh\u00e4ngigkeit und neurochemischen Reaktionen<a href=\"https:\/\/gblexpress.com\/ko-tropfen\/\">.<\/a><\/p>\n<h4><strong>Studien zu Abh\u00e4ngigkeitsst\u00f6rungen<\/strong><\/h4>\n<p>Die Forscher analysieren <strong>Heroin<\/strong> um die Mechanismen der Abh\u00e4ngigkeit besser zu verstehen sowie wirksame Behandlungen f\u00fcr den Opioidmissbrauch zu entwickeln.<\/p>\n<h4><strong>Auswirkungen auf das Verhalten und die Emotionen<\/strong><\/h4>\n<p>Aufgrund seiner psychoaktiven Wirkung <strong>Heroin<\/strong> wird auf ihren Einfluss auf Emotionen, Kognitionen und Verhaltensweisen, die mit Belohnung und Vergn\u00fcgen verbunden sind, untersucht.<\/p>\n<h3><strong>Warum Heroin bei GBlexprimer kaufen?<\/strong><\/h3>\n<p>Bei <strong>GBlexpression<\/strong>Wir sind bestrebt, qualitativ hochwertige Produkte und zuverl\u00e4ssige Dienstleistungen anzubieten, um den Bed\u00fcrfnissen der Forscher gerecht zu werden.<\/p>\n<h4><strong>Heroin von hoher Qualit\u00e4t<\/strong><\/h4>\n<p>Unser <a href=\"https:\/\/gblexprimer.com\/de\/product\/ketamina\/\"><strong>Heroin<\/strong><\/a> wird streng auf seine Reinheit und Sicherheit getestet und entspricht den h\u00f6chsten Standards f\u00fcr wissenschaftliche Forschung.<\/p>\n<h4><strong>Sichere Transaktionen und diskrete Verpackung<\/strong><\/h4>\n<p>Wir sorgen f\u00fcr sichere Zahlungen und eine diskrete Verpackung, um die Vertraulichkeit jeder Bestellung zu sch\u00fctzen.<\/p>\n<h4><strong>Schnelle und zuverl\u00e4ssige Lieferung<\/strong><\/h4>\n<p>Mit einem bew\u00e4hrten Logistiknetzwerk liefern wir Ihre Bestellungen schnell und ohne Verz\u00f6gerungen aus, egal wo Sie sich befinden.<\/p>\n<h4><strong>Erschwingliche Preise und Zug\u00e4nglichkeit<\/strong><\/h4>\n<p>Wir schlagen vor <strong>von Heroin<\/strong> zu wettbewerbsf\u00e4higen Preisen, die einen ausgezeichneten Wert garantieren, ohne die Qualit\u00e4t zu beeintr\u00e4chtigen.<\/p>\n<h3><strong>Kaufen Sie Heroin Online Heute<\/strong><\/h3>\n<p>Sie suchen eine zuverl\u00e4ssige Quelle f\u00fcr <strong>von Heroin<\/strong> ? Bei <strong>GBlexpression<\/strong>schlagen wir vor <strong>hochwertiges Heroin<\/strong>Diese sind ideal f\u00fcr pharmakologische oder neurochemische Studien. Profitieren Sie von einer schnellen Lieferung, einer diskreten Verpackung und sicheren Zahlungen. <strong>Heroin online kaufen<\/strong> jetzt und entdecken Sie die Zuverl\u00e4ssigkeit und den einfachen Einkauf bei <strong>GBlexpression<\/strong>.<\/p>","protected":false},"excerpt":{"rendered":"<p><strong>Die Heldin<\/strong> (Diacetylmorphin) ist ein halbsynthetisches, von Morphin abgeleitetes Opioid, das f\u00fcr seine starke Wirkung auf das zentrale Nervensystem bekannt ist. Heroin wird in der wissenschaftlichen und medizinischen Forschung eingesetzt und ist ein zentrales Studienobjekt, um die Mechanismen der Abh\u00e4ngigkeit, der Schmerzbew\u00e4ltigung und der Opioidrezeptoren zu verstehen.<\/p>\n<h3><strong>Wie funktioniert Heroin?<\/strong><\/h3>\n<p>Heroin wirkt, indem es sich an die Opioidrezeptoren im Gehirn bindet, insbesondere an die \u00b5-Rezeptoren (mu). Diese Wechselwirkung f\u00fchrt zu einer verminderten Schmerzwahrnehmung und zur Freisetzung von Dopamin, wodurch Wohlbefinden und Euphorie ausgel\u00f6st werden.<\/p>\n<ul>\n<li><strong>Haupteffekte :<\/strong> Intensive Schmerzlinderung, Euphorie und Entspannung.<\/li>\n<li><strong>Wirkungsweise :<\/strong> Schnelle Umwandlung in Morphin im K\u00f6rper, wodurch die Opioidrezeptoren direkt stimuliert werden.<\/li>\n<\/ul>\n<h3><strong>Formel und Daten des Produkts<\/strong><\/h3>\n<ul>\n<li><strong>Chemische Bezeichnung :<\/strong> Diacetylmorphin<\/li>\n<li><strong>Molekularformel :<\/strong> C21H23NO5<\/li>\n<li><strong>Molmasse :<\/strong> 369,41 g\/mol<\/li>\n<\/ul>\n<h3><strong>Details zu den Effekten<\/strong><\/h3>\n<ul>\n<li><strong>Beginn der Effekte :<\/strong> 2 bis 10 Minuten nach der Verabreichung<\/li>\n<li><strong>Dauer der Effekte :<\/strong> 3 bis 6 Stunden, je nach Dosis und Verabreichungsweg.<\/li>\n<\/ul>","protected":false},"featured_media":5271,"comment_status":"open","ping_status":"closed","template":"","meta":{"site-sidebar-layout":"default","site-content-layout":"","ast-site-content-layout":"default","site-content-style":"default","site-sidebar-style":"default","ast-global-header-display":"","ast-banner-title-visibility":"","ast-main-header-display":"","ast-hfb-above-header-display":"","ast-hfb-below-header-display":"","ast-hfb-mobile-header-display":"","site-post-title":"","ast-breadcrumbs-content":"","ast-featured-img":"","footer-sml-layout":"","theme-transparent-header-meta":"default","adv-header-id-meta":"","stick-header-meta":"","header-above-stick-meta":"","header-main-stick-meta":"","header-below-stick-meta":"","astra-migrate-meta-layouts":"set","ast-page-background-enabled":"default","ast-page-background-meta":{"desktop":{"background-color":"","background-image":"","background-repeat":"repeat","background-position":"center center","background-size":"auto","background-attachment":"scroll","background-type":"","background-media":"","overlay-type":"","overlay-color":"","overlay-opacity":"","overlay-gradient":""},"tablet":{"background-color":"","background-image":"","background-repeat":"repeat","background-position":"center center","background-size":"auto","background-attachment":"scroll","background-type":"","background-media":"","overlay-type":"","overlay-color":"","overlay-opacity":"","overlay-gradient":""},"mobile":{"background-color":"","background-image":"","background-repeat":"repeat","background-position":"center center","background-size":"auto","background-attachment":"scroll","background-type":"","background-media":"","overlay-type":"","overlay-color":"","overlay-opacity":"","overlay-gradient":""}},"ast-content-background-meta":{"desktop":{"background-color":"var(--ast-global-color-5)","background-image":"","background-repeat":"repeat","background-position":"center center","background-size":"auto","background-attachment":"scroll","background-type":"","background-media":"","overlay-type":"","overlay-color":"","overlay-opacity":"","overlay-gradient":""},"tablet":{"background-color":"var(--ast-global-color-5)","background-image":"","background-repeat":"repeat","background-position":"center center","background-size":"auto","background-attachment":"scroll","background-type":"","background-media":"","overlay-type":"","overlay-color":"","overlay-opacity":"","overlay-gradient":""},"mobile":{"background-color":"var(--ast-global-color-5)","background-image":"","background-repeat":"repeat","background-position":"center center","background-size":"auto","background-attachment":"scroll","background-type":"","background-media":"","overlay-type":"","overlay-color":"","overlay-opacity":"","overlay-gradient":""}},"_joinchat":[]},"product_brand":[],"product_cat":[141],"product_tag":[255,258,266,272,260,256,271,262,257,263,265,269,264,259,273,267,261,268,270],"class_list":{"0":"post-5061","1":"product","2":"type-product","3":"status-publish","4":"has-post-thumbnail","6":"product_cat-sex-meth","7":"product_tag-achetez-heroine","8":"product_tag-commandez-heroine-en-ligne","9":"product_tag-commandez-heroine-maintenant","10":"product_tag-etudes-sur-les-recepteurs-opioides-et-heroine","11":"product_tag-fournisseurs-fiables-de-heroine","12":"product_tag-heroine-a-vendre","13":"product_tag-heroine-abordable-en-ligne","14":"product_tag-heroine-authentique-en-ligne","15":"product_tag-heroine-de-haute-qualite","16":"product_tag-heroine-pour-etudes-de-dependance","17":"product_tag-heroine-pour-etudes-neurochimiques","18":"product_tag-heroine-pour-etudes-psychoactives","19":"product_tag-heroine-pour-neurosciences","20":"product_tag-heroine-pour-recherche","21":"product_tag-heroine-pour-recherche-medicale","22":"product_tag-livraison-rapide-de-heroine","23":"product_tag-livraison-securisee-de-heroine","24":"product_tag-ou-acheter-de-lheroine","25":"product_tag-produits-premium-heroine","26":"desktop-align-left","27":"tablet-align-left","28":"mobile-align-left","30":"first","31":"instock","32":"shipping-taxable","33":"purchasable","34":"product-type-variable"},"yoast_head":"<!-- This site is optimized with the Yoast SEO plugin v26.9 - https:\/\/yoast.com\/product\/yoast-seo-wordpress\/ -->\n<title>H\u00e9ro\u00efne \u00e0 vendre \u2013 Acheter de l&#039;h\u00e9ro\u00efne en ligne | Gblexprimer<\/title>\n<meta name=\"description\" content=\"Achetez de l&#039;h\u00e9ro\u00efne en ligne sur GBLexprimer. H\u00e9ro\u00efne \u00e0 vendre, d&#039;une puret\u00e9 de haute qualit\u00e9 et disponible en approvisionnement fiable \u00e0 des fins de recherche.\" \/>\n<meta name=\"robots\" content=\"index, follow, max-snippet:-1, max-image-preview:large, max-video-preview:-1\" \/>\n<link rel=\"canonical\" href=\"https:\/\/gblexprimer.com\/de\/product\/heroine\/\" \/>\n<meta property=\"og:locale\" content=\"de_DE\" \/>\n<meta property=\"og:type\" content=\"article\" \/>\n<meta property=\"og:title\" content=\"H\u00e9ro\u00efne \u00e0 vendre \u2013 Acheter de l&#039;h\u00e9ro\u00efne en ligne | Gblexprimer\" \/>\n<meta property=\"og:description\" content=\"Achetez de l&#039;h\u00e9ro\u00efne en ligne sur GBLexprimer. H\u00e9ro\u00efne \u00e0 vendre, d&#039;une puret\u00e9 de haute qualit\u00e9 et disponible en approvisionnement fiable \u00e0 des fins de recherche.\" \/>\n<meta property=\"og:url\" content=\"https:\/\/gblexprimer.com\/de\/product\/heroine\/\" \/>\n<meta property=\"og:site_name\" content=\"GBL Exprimer\" \/>\n<meta property=\"article:modified_time\" content=\"2026-04-11T07:22:20+00:00\" \/>\n<meta property=\"og:image\" content=\"https:\/\/gblexprimer.com\/wp-content\/uploads\/2024\/11\/Heroine.jpg\" \/>\n\t<meta property=\"og:image:width\" content=\"600\" \/>\n\t<meta property=\"og:image:height\" content=\"600\" \/>\n\t<meta property=\"og:image:type\" content=\"image\/jpeg\" \/>\n<meta name=\"twitter:card\" content=\"summary_large_image\" \/>\n<meta name=\"twitter:label1\" content=\"Gesch\u00e4tzte Lesezeit\" \/>\n\t<meta name=\"twitter:data1\" content=\"2\u00a0Minuten\" \/>\n<script type=\"application\/ld+json\" class=\"yoast-schema-graph\">{\"@context\":\"https:\/\/schema.org\",\"@graph\":[{\"@type\":\"WebPage\",\"@id\":\"https:\/\/gblexprimer.com\/product\/heroine\/\",\"url\":\"https:\/\/gblexprimer.com\/product\/heroine\/\",\"name\":\"H\u00e9ro\u00efne \u00e0 vendre \u2013 Acheter de l'h\u00e9ro\u00efne en ligne | Gblexprimer\",\"isPartOf\":{\"@id\":\"https:\/\/gblexprimer.com\/#website\"},\"primaryImageOfPage\":{\"@id\":\"https:\/\/gblexprimer.com\/product\/heroine\/#primaryimage\"},\"image\":{\"@id\":\"https:\/\/gblexprimer.com\/product\/heroine\/#primaryimage\"},\"thumbnailUrl\":\"https:\/\/gblexprimer.com\/wp-content\/uploads\/2024\/11\/Heroine.jpg\",\"datePublished\":\"2024-11-26T06:17:38+00:00\",\"dateModified\":\"2026-04-11T07:22:20+00:00\",\"description\":\"Achetez de l'h\u00e9ro\u00efne en ligne sur GBLexprimer. H\u00e9ro\u00efne \u00e0 vendre, d'une puret\u00e9 de haute qualit\u00e9 et disponible en approvisionnement fiable \u00e0 des fins de recherche.\",\"breadcrumb\":{\"@id\":\"https:\/\/gblexprimer.com\/product\/heroine\/#breadcrumb\"},\"inLanguage\":\"de\",\"potentialAction\":[{\"@type\":\"ReadAction\",\"target\":[\"https:\/\/gblexprimer.com\/product\/heroine\/\"]}]},{\"@type\":\"ImageObject\",\"inLanguage\":\"de\",\"@id\":\"https:\/\/gblexprimer.com\/product\/heroine\/#primaryimage\",\"url\":\"https:\/\/gblexprimer.com\/wp-content\/uploads\/2024\/11\/Heroine.jpg\",\"contentUrl\":\"https:\/\/gblexprimer.com\/wp-content\/uploads\/2024\/11\/Heroine.jpg\",\"width\":600,\"height\":600,\"caption\":\"H\u00e9ro\u00efne\"},{\"@type\":\"BreadcrumbList\",\"@id\":\"https:\/\/gblexprimer.com\/product\/heroine\/#breadcrumb\",\"itemListElement\":[{\"@type\":\"ListItem\",\"position\":1,\"name\":\"Home\",\"item\":\"https:\/\/gblexprimer.com\/\"},{\"@type\":\"ListItem\",\"position\":2,\"name\":\"Shop\",\"item\":\"https:\/\/gblexprimer.com\/shop\/\"},{\"@type\":\"ListItem\",\"position\":3,\"name\":\"H\u00e9ro\u00efne\"}]},{\"@type\":\"WebSite\",\"@id\":\"https:\/\/gblexprimer.com\/#website\",\"url\":\"https:\/\/gblexprimer.com\/\",\"name\":\"GBL Exprimer\",\"description\":\"\",\"publisher\":{\"@id\":\"https:\/\/gblexprimer.com\/#organization\"},\"potentialAction\":[{\"@type\":\"SearchAction\",\"target\":{\"@type\":\"EntryPoint\",\"urlTemplate\":\"https:\/\/gblexprimer.com\/?s={search_term_string}\"},\"query-input\":{\"@type\":\"PropertyValueSpecification\",\"valueRequired\":true,\"valueName\":\"search_term_string\"}}],\"inLanguage\":\"de\"},{\"@type\":\"Organization\",\"@id\":\"https:\/\/gblexprimer.com\/#organization\",\"name\":\"GBL Exprimer\",\"url\":\"https:\/\/gblexprimer.com\/\",\"logo\":{\"@type\":\"ImageObject\",\"inLanguage\":\"de\",\"@id\":\"https:\/\/gblexprimer.com\/#\/schema\/logo\/image\/\",\"url\":\"https:\/\/gblexprimer.com\/wp-content\/uploads\/2024\/01\/logo.png\",\"contentUrl\":\"https:\/\/gblexprimer.com\/wp-content\/uploads\/2024\/01\/logo.png\",\"width\":220,\"height\":80,\"caption\":\"GBL Exprimer\"},\"image\":{\"@id\":\"https:\/\/gblexprimer.com\/#\/schema\/logo\/image\/\"}}]}<\/script>\n<!-- \/ Yoast SEO plugin. -->","yoast_head_json":{"title":"H\u00e9ro\u00efne \u00e0 vendre \u2013 Acheter de l'h\u00e9ro\u00efne en ligne | Gblexprimer","description":"Achetez de l'h\u00e9ro\u00efne en ligne sur GBLexprimer. H\u00e9ro\u00efne \u00e0 vendre, d'une puret\u00e9 de haute qualit\u00e9 et disponible en approvisionnement fiable \u00e0 des fins de recherche.","robots":{"index":"index","follow":"follow","max-snippet":"max-snippet:-1","max-image-preview":"max-image-preview:large","max-video-preview":"max-video-preview:-1"},"canonical":"https:\/\/gblexprimer.com\/de\/product\/heroine\/","og_locale":"de_DE","og_type":"article","og_title":"H\u00e9ro\u00efne \u00e0 vendre \u2013 Acheter de l'h\u00e9ro\u00efne en ligne | Gblexprimer","og_description":"Achetez de l'h\u00e9ro\u00efne en ligne sur GBLexprimer. H\u00e9ro\u00efne \u00e0 vendre, d'une puret\u00e9 de haute qualit\u00e9 et disponible en approvisionnement fiable \u00e0 des fins de recherche.","og_url":"https:\/\/gblexprimer.com\/de\/product\/heroine\/","og_site_name":"GBL Exprimer","article_modified_time":"2026-04-11T07:22:20+00:00","og_image":[{"width":600,"height":600,"url":"https:\/\/gblexprimer.com\/wp-content\/uploads\/2024\/11\/Heroine.jpg","type":"image\/jpeg"}],"twitter_card":"summary_large_image","twitter_misc":{"Gesch\u00e4tzte Lesezeit":"2\u00a0Minuten"},"schema":{"@context":"https:\/\/schema.org","@graph":[{"@type":"WebPage","@id":"https:\/\/gblexprimer.com\/product\/heroine\/","url":"https:\/\/gblexprimer.com\/product\/heroine\/","name":"H\u00e9ro\u00efne \u00e0 vendre \u2013 Acheter de l'h\u00e9ro\u00efne en ligne | Gblexprimer","isPartOf":{"@id":"https:\/\/gblexprimer.com\/#website"},"primaryImageOfPage":{"@id":"https:\/\/gblexprimer.com\/product\/heroine\/#primaryimage"},"image":{"@id":"https:\/\/gblexprimer.com\/product\/heroine\/#primaryimage"},"thumbnailUrl":"https:\/\/gblexprimer.com\/wp-content\/uploads\/2024\/11\/Heroine.jpg","datePublished":"2024-11-26T06:17:38+00:00","dateModified":"2026-04-11T07:22:20+00:00","description":"Achetez de l'h\u00e9ro\u00efne en ligne sur GBLexprimer. H\u00e9ro\u00efne \u00e0 vendre, d'une puret\u00e9 de haute qualit\u00e9 et disponible en approvisionnement fiable \u00e0 des fins de recherche.","breadcrumb":{"@id":"https:\/\/gblexprimer.com\/product\/heroine\/#breadcrumb"},"inLanguage":"de","potentialAction":[{"@type":"ReadAction","target":["https:\/\/gblexprimer.com\/product\/heroine\/"]}]},{"@type":"ImageObject","inLanguage":"de","@id":"https:\/\/gblexprimer.com\/product\/heroine\/#primaryimage","url":"https:\/\/gblexprimer.com\/wp-content\/uploads\/2024\/11\/Heroine.jpg","contentUrl":"https:\/\/gblexprimer.com\/wp-content\/uploads\/2024\/11\/Heroine.jpg","width":600,"height":600,"caption":"H\u00e9ro\u00efne"},{"@type":"BreadcrumbList","@id":"https:\/\/gblexprimer.com\/product\/heroine\/#breadcrumb","itemListElement":[{"@type":"ListItem","position":1,"name":"Home","item":"https:\/\/gblexprimer.com\/"},{"@type":"ListItem","position":2,"name":"Shop","item":"https:\/\/gblexprimer.com\/shop\/"},{"@type":"ListItem","position":3,"name":"H\u00e9ro\u00efne"}]},{"@type":"WebSite","@id":"https:\/\/gblexprimer.com\/#website","url":"https:\/\/gblexprimer.com\/","name":"GBL Ausdr\u00fccken","description":"","publisher":{"@id":"https:\/\/gblexprimer.com\/#organization"},"potentialAction":[{"@type":"SearchAction","target":{"@type":"EntryPoint","urlTemplate":"https:\/\/gblexprimer.com\/?s={search_term_string}"},"query-input":{"@type":"PropertyValueSpecification","valueRequired":true,"valueName":"search_term_string"}}],"inLanguage":"de"},{"@type":"Organization","@id":"https:\/\/gblexprimer.com\/#organization","name":"GBL Ausdr\u00fccken","url":"https:\/\/gblexprimer.com\/","logo":{"@type":"ImageObject","inLanguage":"de","@id":"https:\/\/gblexprimer.com\/#\/schema\/logo\/image\/","url":"https:\/\/gblexprimer.com\/wp-content\/uploads\/2024\/01\/logo.png","contentUrl":"https:\/\/gblexprimer.com\/wp-content\/uploads\/2024\/01\/logo.png","width":220,"height":80,"caption":"GBL Exprimer"},"image":{"@id":"https:\/\/gblexprimer.com\/#\/schema\/logo\/image\/"}}]}},"_links":{"self":[{"href":"https:\/\/gblexprimer.com\/de\/wp-json\/wp\/v2\/product\/5061","targetHints":{"allow":["GET"]}}],"collection":[{"href":"https:\/\/gblexprimer.com\/de\/wp-json\/wp\/v2\/product"}],"about":[{"href":"https:\/\/gblexprimer.com\/de\/wp-json\/wp\/v2\/types\/product"}],"replies":[{"embeddable":true,"href":"https:\/\/gblexprimer.com\/de\/wp-json\/wp\/v2\/comments?post=5061"}],"wp:featuredmedia":[{"embeddable":true,"href":"https:\/\/gblexprimer.com\/de\/wp-json\/wp\/v2\/media\/5271"}],"wp:attachment":[{"href":"https:\/\/gblexprimer.com\/de\/wp-json\/wp\/v2\/media?parent=5061"}],"wp:term":[{"taxonomy":"product_brand","embeddable":true,"href":"https:\/\/gblexprimer.com\/de\/wp-json\/wp\/v2\/product_brand?post=5061"},{"taxonomy":"product_cat","embeddable":true,"href":"https:\/\/gblexprimer.com\/de\/wp-json\/wp\/v2\/product_cat?post=5061"},{"taxonomy":"product_tag","embeddable":true,"href":"https:\/\/gblexprimer.com\/de\/wp-json\/wp\/v2\/product_tag?post=5061"}],"curies":[{"name":"wp","href":"https:\/\/api.w.org\/{rel}","templated":true}]}}