{"id":5143,"date":"2024-11-27T10:09:34","date_gmt":"2024-11-27T10:09:34","guid":{"rendered":"https:\/\/gblexprimer.com\/?post_type=product&#038;p=5143"},"modified":"2026-04-10T10:07:10","modified_gmt":"2026-04-10T10:07:10","slug":"anavar-50mg","status":"publish","type":"product","link":"https:\/\/gblexprimer.com\/de\/product\/anavar-50mg\/","title":{"rendered":"Anavar 50mg"},"content":{"rendered":"<h2>Anavar 50 mg: Sein Ruf in der Fitnesswelt<\/h2>\n<p><a href=\"https:\/\/gblexprimer.com\/de\/product\/anavar-50mg\/\">Anavar 50 mg<\/a> Es wird in Bodybuilding- und Fitnesskreisen h\u00e4ufig aufgrund seiner Wirksamkeit bei der Muskeldefinition und Fettverbrennung erw\u00e4hnt. Viele Athleten nutzen es w\u00e4hrend Di\u00e4tphasen, da es allgemein mit dem Erhalt der fettfreien Muskelmasse bei gleichzeitigem Fettabbau in Verbindung gebracht wird.<\/p>\n<h3>Warum ist Anavar 50 mg so beliebt?<\/h3>\n<p>Muskeldefinition ohne \u00fcberm\u00e4\u00dfigen Masseaufbau<\/p>\n<p>Anavar wird h\u00e4ufig f\u00fcr seine F\u00e4higkeit gelobt, ein schlankes, muskul\u00f6ses Aussehen zu f\u00f6rdern, anstatt einen signifikanten Muskelaufbau zu bewirken. Deshalb ist es bei Menschen beliebt, die Wert auf \u00c4sthetik und Muskeldefinition legen.<\/p>\n<h3>Unterst\u00fctzt den Fettabbau w\u00e4hrend der Di\u00e4tphase<\/h3>\n<p>Anwender verbinden Anavar h\u00e4ufig mit einem verbesserten Stoffwechsel, der in Kombination mit strukturiertem Training und einer angepassten Ern\u00e4hrung den Fettabbau f\u00f6rdern kann. <a href=\"https:\/\/gblexprimer.com\/de\/\">GBLExpression<\/a><\/p>\n<h3>Verbesserte Kraft und Ausdauer<\/h3>\n<p>Ein weiterer h\u00e4ufig genannter Vorteil ist die Verbesserung von Kraft und Ausdauer, die regelm\u00e4\u00dfigere und intensivere Trainingseinheiten erm\u00f6glicht.<\/p>\n<h3>Profil wird als sanfter wahrgenommen<\/h3>\n<p>Compar\u00e9 \u00e0 d&rsquo;autres compos\u00e9s anabolisants, l&rsquo;Anavar est souvent d\u00e9crit comme \u00e9tant plus doux lorsqu&rsquo;il est utilis\u00e9 de <a href=\"https:\/\/gblexprimer.com\/de\/product\/deca-durabin-300mg\/\">mani\u00e8re<\/a> responsable, ce qui explique pourquoi il est parfois \u00e9voqu\u00e9 aussi bien par les d\u00e9butants que par les athl\u00e8tes confirm\u00e9s.<\/p>\n<h3>Wichtige Informationen zu Sicherheit und Gesetzgebung<\/h3>\n<p><a href=\"https:\/\/en.wikipedia.org\/?title=Anavar&amp;redirect=no\">L&rsquo;Anavar (oxandrolone)<\/a> Dieses Medikament ist in vielen L\u00e4ndern verschreibungspflichtig, und seine Anwendung ohne \u00e4rztliche Aufsicht kann eingeschr\u00e4nkt oder sogar illegal sein. Dosierung, Behandlungsdauer und individueller Gesundheitszustand spielen eine entscheidende Rolle f\u00fcr die Sicherheit, und Missbrauch kann zu Nebenwirkungen f\u00fchren.<\/p>\n<p>Wer die Einnahme leistungssteigernder Substanzen erw\u00e4gt, sollte vorrangig auf \u00e4rztlichen Rat, ausreichende Informationen und Kenntnisse der \u00f6rtlichen Gesetzgebung achten.<\/p>\n<h3>Schlussfolgerung<\/h3>\n<p>Anavar 50 mg erfreut sich weiterhin gro\u00dfer Beliebtheit bei Anwendern, die Muskeldefinition, Fettabbau und Leistungssteigerung im Sport anstreben. Eine fundierte Entscheidungsfindung, die Einhaltung gesetzlicher Bestimmungen und die Ber\u00fccksichtigung gesundheitlicher Risiken sollten jedoch stets oberste Priorit\u00e4t haben.<\/p>","protected":false},"excerpt":{"rendered":"<p>Anavar 50 mg : Sa r\u00e9putation dans le milieu du fitness Anavar 50 mg est souvent \u00e9voqu\u00e9 dans les communaut\u00e9s de musculation et de fitness pour sa r\u00e9putation en mati\u00e8re de d\u00e9finition musculaire et de perte de graisse. De nombreux athl\u00e8tes l&rsquo;utilisent lors des phases de s\u00e8che, car il est g\u00e9n\u00e9ralement associ\u00e9 \u00e0 la pr\u00e9servation [&hellip;]<\/p>","protected":false},"featured_media":5264,"comment_status":"open","ping_status":"closed","template":"","meta":{"site-sidebar-layout":"default","site-content-layout":"","ast-site-content-layout":"default","site-content-style":"default","site-sidebar-style":"default","ast-global-header-display":"","ast-banner-title-visibility":"","ast-main-header-display":"","ast-hfb-above-header-display":"","ast-hfb-below-header-display":"","ast-hfb-mobile-header-display":"","site-post-title":"","ast-breadcrumbs-content":"","ast-featured-img":"","footer-sml-layout":"","theme-transparent-header-meta":"default","adv-header-id-meta":"","stick-header-meta":"","header-above-stick-meta":"","header-main-stick-meta":"","header-below-stick-meta":"","astra-migrate-meta-layouts":"set","ast-page-background-enabled":"default","ast-page-background-meta":{"desktop":{"background-color":"","background-image":"","background-repeat":"repeat","background-position":"center center","background-size":"auto","background-attachment":"scroll","background-type":"","background-media":"","overlay-type":"","overlay-color":"","overlay-opacity":"","overlay-gradient":""},"tablet":{"background-color":"","background-image":"","background-repeat":"repeat","background-position":"center center","background-size":"auto","background-attachment":"scroll","background-type":"","background-media":"","overlay-type":"","overlay-color":"","overlay-opacity":"","overlay-gradient":""},"mobile":{"background-color":"","background-image":"","background-repeat":"repeat","background-position":"center center","background-size":"auto","background-attachment":"scroll","background-type":"","background-media":"","overlay-type":"","overlay-color":"","overlay-opacity":"","overlay-gradient":""}},"ast-content-background-meta":{"desktop":{"background-color":"var(--ast-global-color-5)","background-image":"","background-repeat":"repeat","background-position":"center center","background-size":"auto","background-attachment":"scroll","background-type":"","background-media":"","overlay-type":"","overlay-color":"","overlay-opacity":"","overlay-gradient":""},"tablet":{"background-color":"var(--ast-global-color-5)","background-image":"","background-repeat":"repeat","background-position":"center center","background-size":"auto","background-attachment":"scroll","background-type":"","background-media":"","overlay-type":"","overlay-color":"","overlay-opacity":"","overlay-gradient":""},"mobile":{"background-color":"var(--ast-global-color-5)","background-image":"","background-repeat":"repeat","background-position":"center center","background-size":"auto","background-attachment":"scroll","background-type":"","background-media":"","overlay-type":"","overlay-color":"","overlay-opacity":"","overlay-gradient":""}},"_joinchat":[]},"product_brand":[],"product_cat":[583],"product_tag":[],"class_list":{"0":"post-5143","1":"product","2":"type-product","3":"status-publish","4":"has-post-thumbnail","6":"product_cat-steroids","7":"desktop-align-left","8":"tablet-align-left","9":"mobile-align-left","11":"first","12":"instock","13":"shipping-taxable","14":"purchasable","15":"product-type-variable"},"yoast_head":"<!-- This site is optimized with the Yoast SEO plugin v26.9 - https:\/\/yoast.com\/product\/yoast-seo-wordpress\/ -->\n<title>Acheter Anavar 50 mg en ligne \u2013 Anavar 50 mg \u00e0 vendre<\/title>\n<meta name=\"description\" content=\"L&#039;Anavar (oxandrolone) est un st\u00e9ro\u00efde anabolisant \u00e9tudi\u00e9 en ligne pour ses applications m\u00e9dicales et ses effets sur la performance. D\u00e9couvrez ses caract\u00e9ristiques, ses effets potentiels et les pr\u00e9cautions \u00e0 prendre pour votre sant\u00e9.\" \/>\n<meta name=\"robots\" content=\"index, follow, max-snippet:-1, max-image-preview:large, max-video-preview:-1\" \/>\n<link rel=\"canonical\" href=\"https:\/\/gblexprimer.com\/de\/product\/anavar-50mg\/\" \/>\n<meta property=\"og:locale\" content=\"de_DE\" \/>\n<meta property=\"og:type\" content=\"article\" \/>\n<meta property=\"og:title\" content=\"Acheter Anavar 50 mg en ligne \u2013 Anavar 50 mg \u00e0 vendre\" \/>\n<meta property=\"og:description\" content=\"L&#039;Anavar (oxandrolone) est un st\u00e9ro\u00efde anabolisant \u00e9tudi\u00e9 en ligne pour ses applications m\u00e9dicales et ses effets sur la performance. D\u00e9couvrez ses caract\u00e9ristiques, ses effets potentiels et les pr\u00e9cautions \u00e0 prendre pour votre sant\u00e9.\" \/>\n<meta property=\"og:url\" content=\"https:\/\/gblexprimer.com\/de\/product\/anavar-50mg\/\" \/>\n<meta property=\"og:site_name\" content=\"GBL Exprimer\" \/>\n<meta property=\"article:modified_time\" content=\"2026-04-10T10:07:10+00:00\" \/>\n<meta property=\"og:image\" content=\"https:\/\/gblexprimer.com\/wp-content\/uploads\/2024\/11\/Anavar-50mg.jpg\" \/>\n\t<meta property=\"og:image:width\" content=\"600\" \/>\n\t<meta property=\"og:image:height\" content=\"600\" \/>\n\t<meta property=\"og:image:type\" content=\"image\/jpeg\" \/>\n<meta name=\"twitter:card\" content=\"summary_large_image\" \/>\n<meta name=\"twitter:label1\" content=\"Gesch\u00e4tzte Lesezeit\" \/>\n\t<meta name=\"twitter:data1\" content=\"2\u00a0Minuten\" \/>\n<script type=\"application\/ld+json\" class=\"yoast-schema-graph\">{\"@context\":\"https:\/\/schema.org\",\"@graph\":[{\"@type\":\"WebPage\",\"@id\":\"https:\/\/gblexprimer.com\/product\/anavar-50mg\/\",\"url\":\"https:\/\/gblexprimer.com\/product\/anavar-50mg\/\",\"name\":\"Acheter Anavar 50 mg en ligne \u2013 Anavar 50 mg \u00e0 vendre\",\"isPartOf\":{\"@id\":\"https:\/\/gblexprimer.com\/#website\"},\"primaryImageOfPage\":{\"@id\":\"https:\/\/gblexprimer.com\/product\/anavar-50mg\/#primaryimage\"},\"image\":{\"@id\":\"https:\/\/gblexprimer.com\/product\/anavar-50mg\/#primaryimage\"},\"thumbnailUrl\":\"https:\/\/gblexprimer.com\/wp-content\/uploads\/2024\/11\/Anavar-50mg.jpg\",\"datePublished\":\"2024-11-27T10:09:34+00:00\",\"dateModified\":\"2026-04-10T10:07:10+00:00\",\"description\":\"L'Anavar (oxandrolone) est un st\u00e9ro\u00efde anabolisant \u00e9tudi\u00e9 en ligne pour ses applications m\u00e9dicales et ses effets sur la performance. D\u00e9couvrez ses caract\u00e9ristiques, ses effets potentiels et les pr\u00e9cautions \u00e0 prendre pour votre sant\u00e9.\",\"breadcrumb\":{\"@id\":\"https:\/\/gblexprimer.com\/product\/anavar-50mg\/#breadcrumb\"},\"inLanguage\":\"de\",\"potentialAction\":[{\"@type\":\"ReadAction\",\"target\":[\"https:\/\/gblexprimer.com\/product\/anavar-50mg\/\"]}]},{\"@type\":\"ImageObject\",\"inLanguage\":\"de\",\"@id\":\"https:\/\/gblexprimer.com\/product\/anavar-50mg\/#primaryimage\",\"url\":\"https:\/\/gblexprimer.com\/wp-content\/uploads\/2024\/11\/Anavar-50mg.jpg\",\"contentUrl\":\"https:\/\/gblexprimer.com\/wp-content\/uploads\/2024\/11\/Anavar-50mg.jpg\",\"width\":600,\"height\":600,\"caption\":\"Anavar-50mg\"},{\"@type\":\"BreadcrumbList\",\"@id\":\"https:\/\/gblexprimer.com\/product\/anavar-50mg\/#breadcrumb\",\"itemListElement\":[{\"@type\":\"ListItem\",\"position\":1,\"name\":\"Home\",\"item\":\"https:\/\/gblexprimer.com\/\"},{\"@type\":\"ListItem\",\"position\":2,\"name\":\"Shop\",\"item\":\"https:\/\/gblexprimer.com\/shop\/\"},{\"@type\":\"ListItem\",\"position\":3,\"name\":\"Anavar 50mg\"}]},{\"@type\":\"WebSite\",\"@id\":\"https:\/\/gblexprimer.com\/#website\",\"url\":\"https:\/\/gblexprimer.com\/\",\"name\":\"GBL Exprimer\",\"description\":\"\",\"publisher\":{\"@id\":\"https:\/\/gblexprimer.com\/#organization\"},\"potentialAction\":[{\"@type\":\"SearchAction\",\"target\":{\"@type\":\"EntryPoint\",\"urlTemplate\":\"https:\/\/gblexprimer.com\/?s={search_term_string}\"},\"query-input\":{\"@type\":\"PropertyValueSpecification\",\"valueRequired\":true,\"valueName\":\"search_term_string\"}}],\"inLanguage\":\"de\"},{\"@type\":\"Organization\",\"@id\":\"https:\/\/gblexprimer.com\/#organization\",\"name\":\"GBL Exprimer\",\"url\":\"https:\/\/gblexprimer.com\/\",\"logo\":{\"@type\":\"ImageObject\",\"inLanguage\":\"de\",\"@id\":\"https:\/\/gblexprimer.com\/#\/schema\/logo\/image\/\",\"url\":\"https:\/\/gblexprimer.com\/wp-content\/uploads\/2024\/01\/logo.png\",\"contentUrl\":\"https:\/\/gblexprimer.com\/wp-content\/uploads\/2024\/01\/logo.png\",\"width\":220,\"height\":80,\"caption\":\"GBL Exprimer\"},\"image\":{\"@id\":\"https:\/\/gblexprimer.com\/#\/schema\/logo\/image\/\"}}]}<\/script>\n<!-- \/ Yoast SEO plugin. -->","yoast_head_json":{"title":"Acheter Anavar 50 mg en ligne \u2013 Anavar 50 mg \u00e0 vendre","description":"L'Anavar (oxandrolone) est un st\u00e9ro\u00efde anabolisant \u00e9tudi\u00e9 en ligne pour ses applications m\u00e9dicales et ses effets sur la performance. D\u00e9couvrez ses caract\u00e9ristiques, ses effets potentiels et les pr\u00e9cautions \u00e0 prendre pour votre sant\u00e9.","robots":{"index":"index","follow":"follow","max-snippet":"max-snippet:-1","max-image-preview":"max-image-preview:large","max-video-preview":"max-video-preview:-1"},"canonical":"https:\/\/gblexprimer.com\/de\/product\/anavar-50mg\/","og_locale":"de_DE","og_type":"article","og_title":"Acheter Anavar 50 mg en ligne \u2013 Anavar 50 mg \u00e0 vendre","og_description":"L'Anavar (oxandrolone) est un st\u00e9ro\u00efde anabolisant \u00e9tudi\u00e9 en ligne pour ses applications m\u00e9dicales et ses effets sur la performance. D\u00e9couvrez ses caract\u00e9ristiques, ses effets potentiels et les pr\u00e9cautions \u00e0 prendre pour votre sant\u00e9.","og_url":"https:\/\/gblexprimer.com\/de\/product\/anavar-50mg\/","og_site_name":"GBL Exprimer","article_modified_time":"2026-04-10T10:07:10+00:00","og_image":[{"width":600,"height":600,"url":"https:\/\/gblexprimer.com\/wp-content\/uploads\/2024\/11\/Anavar-50mg.jpg","type":"image\/jpeg"}],"twitter_card":"summary_large_image","twitter_misc":{"Gesch\u00e4tzte Lesezeit":"2\u00a0Minuten"},"schema":{"@context":"https:\/\/schema.org","@graph":[{"@type":"WebPage","@id":"https:\/\/gblexprimer.com\/product\/anavar-50mg\/","url":"https:\/\/gblexprimer.com\/product\/anavar-50mg\/","name":"Acheter Anavar 50 mg en ligne \u2013 Anavar 50 mg \u00e0 vendre","isPartOf":{"@id":"https:\/\/gblexprimer.com\/#website"},"primaryImageOfPage":{"@id":"https:\/\/gblexprimer.com\/product\/anavar-50mg\/#primaryimage"},"image":{"@id":"https:\/\/gblexprimer.com\/product\/anavar-50mg\/#primaryimage"},"thumbnailUrl":"https:\/\/gblexprimer.com\/wp-content\/uploads\/2024\/11\/Anavar-50mg.jpg","datePublished":"2024-11-27T10:09:34+00:00","dateModified":"2026-04-10T10:07:10+00:00","description":"L'Anavar (oxandrolone) est un st\u00e9ro\u00efde anabolisant \u00e9tudi\u00e9 en ligne pour ses applications m\u00e9dicales et ses effets sur la performance. D\u00e9couvrez ses caract\u00e9ristiques, ses effets potentiels et les pr\u00e9cautions \u00e0 prendre pour votre sant\u00e9.","breadcrumb":{"@id":"https:\/\/gblexprimer.com\/product\/anavar-50mg\/#breadcrumb"},"inLanguage":"de","potentialAction":[{"@type":"ReadAction","target":["https:\/\/gblexprimer.com\/product\/anavar-50mg\/"]}]},{"@type":"ImageObject","inLanguage":"de","@id":"https:\/\/gblexprimer.com\/product\/anavar-50mg\/#primaryimage","url":"https:\/\/gblexprimer.com\/wp-content\/uploads\/2024\/11\/Anavar-50mg.jpg","contentUrl":"https:\/\/gblexprimer.com\/wp-content\/uploads\/2024\/11\/Anavar-50mg.jpg","width":600,"height":600,"caption":"Anavar-50mg"},{"@type":"BreadcrumbList","@id":"https:\/\/gblexprimer.com\/product\/anavar-50mg\/#breadcrumb","itemListElement":[{"@type":"ListItem","position":1,"name":"Home","item":"https:\/\/gblexprimer.com\/"},{"@type":"ListItem","position":2,"name":"Shop","item":"https:\/\/gblexprimer.com\/shop\/"},{"@type":"ListItem","position":3,"name":"Anavar 50mg"}]},{"@type":"WebSite","@id":"https:\/\/gblexprimer.com\/#website","url":"https:\/\/gblexprimer.com\/","name":"GBL Ausdr\u00fccken","description":"","publisher":{"@id":"https:\/\/gblexprimer.com\/#organization"},"potentialAction":[{"@type":"SearchAction","target":{"@type":"EntryPoint","urlTemplate":"https:\/\/gblexprimer.com\/?s={search_term_string}"},"query-input":{"@type":"PropertyValueSpecification","valueRequired":true,"valueName":"search_term_string"}}],"inLanguage":"de"},{"@type":"Organization","@id":"https:\/\/gblexprimer.com\/#organization","name":"GBL Ausdr\u00fccken","url":"https:\/\/gblexprimer.com\/","logo":{"@type":"ImageObject","inLanguage":"de","@id":"https:\/\/gblexprimer.com\/#\/schema\/logo\/image\/","url":"https:\/\/gblexprimer.com\/wp-content\/uploads\/2024\/01\/logo.png","contentUrl":"https:\/\/gblexprimer.com\/wp-content\/uploads\/2024\/01\/logo.png","width":220,"height":80,"caption":"GBL Exprimer"},"image":{"@id":"https:\/\/gblexprimer.com\/#\/schema\/logo\/image\/"}}]}},"_links":{"self":[{"href":"https:\/\/gblexprimer.com\/de\/wp-json\/wp\/v2\/product\/5143","targetHints":{"allow":["GET"]}}],"collection":[{"href":"https:\/\/gblexprimer.com\/de\/wp-json\/wp\/v2\/product"}],"about":[{"href":"https:\/\/gblexprimer.com\/de\/wp-json\/wp\/v2\/types\/product"}],"replies":[{"embeddable":true,"href":"https:\/\/gblexprimer.com\/de\/wp-json\/wp\/v2\/comments?post=5143"}],"wp:featuredmedia":[{"embeddable":true,"href":"https:\/\/gblexprimer.com\/de\/wp-json\/wp\/v2\/media\/5264"}],"wp:attachment":[{"href":"https:\/\/gblexprimer.com\/de\/wp-json\/wp\/v2\/media?parent=5143"}],"wp:term":[{"taxonomy":"product_brand","embeddable":true,"href":"https:\/\/gblexprimer.com\/de\/wp-json\/wp\/v2\/product_brand?post=5143"},{"taxonomy":"product_cat","embeddable":true,"href":"https:\/\/gblexprimer.com\/de\/wp-json\/wp\/v2\/product_cat?post=5143"},{"taxonomy":"product_tag","embeddable":true,"href":"https:\/\/gblexprimer.com\/de\/wp-json\/wp\/v2\/product_tag?post=5143"}],"curies":[{"name":"wp","href":"https:\/\/api.w.org\/{rel}","templated":true}]}}