{"id":5221,"date":"2025-02-02T00:33:12","date_gmt":"2025-02-02T00:33:12","guid":{"rendered":"https:\/\/gblexprimer.com\/?page_id=5221"},"modified":"2025-02-02T00:33:13","modified_gmt":"2025-02-02T00:33:13","slug":"what-is-ghb","status":"publish","type":"page","link":"https:\/\/gblexprimer.com\/en\/what-is-ghb\/","title":{"rendered":"What is GHB?"},"content":{"rendered":"<figure class=\"wp-block-image aligncenter size-full is-resized\"><img fetchpriority=\"high\" decoding=\"async\" width=\"225\" height=\"224\" src=\"https:\/\/gblexprimer.com\/wp-content\/uploads\/2025\/02\/Heaven-Pure-Ecstasy-12.jpeg\" alt=\"\" class=\"wp-image-5222\" style=\"width:225px;height:auto\" srcset=\"https:\/\/gblexprimer.com\/wp-content\/uploads\/2025\/02\/Heaven-Pure-Ecstasy-12.jpeg 225w, https:\/\/gblexprimer.com\/wp-content\/uploads\/2025\/02\/Heaven-Pure-Ecstasy-12-150x150.jpeg 150w, https:\/\/gblexprimer.com\/wp-content\/uploads\/2025\/02\/Heaven-Pure-Ecstasy-12-12x12.jpeg 12w, https:\/\/gblexprimer.com\/wp-content\/uploads\/2025\/02\/Heaven-Pure-Ecstasy-12-100x100.jpeg 100w\" sizes=\"(max-width: 225px) 100vw, 225px\" \/><\/figure>\n\n\n\n<p>GHB (gamma hydroxybutyrate) is an odorless, colorless liquid with a slightly salty taste. It is classified as a sedative and belongs to the same family of drugs as Rohypnol and ketamine, What is GHB? <a href=\"https:\/\/chemspowder.com\/es\/\">.<\/a><\/p>\n\n\n\n<p>GHB is used as a general anesthetic in Europe. In the USA, the FDA approved GHB for the treatment of narcolepsy (a sleep disorder) in 2002. This approval came with severe restrictions, including the use of GHB only for the treatment of narcolepsy, and the obligation to create an FDA-monitored patient registry.<a href=\"https:\/\/gblexprimer.com\/en\/\">.<\/a><\/p>\n\n\n\n<p>GHB has been used in this country as a date-rape drug: it can be slipped into the victim's drink, causing dizziness, confusion, drowsiness and sometimes loss of consciousness. When GHB is combined with alcohol, it is particularly dangerous, as the combination of two depressants can lead to overdose. Before the use of GHB was restricted, it was marketed to bodybuilders as a product to release growth hormone and build muscle. There is no evidence that it does this. GHB was also marketed as an \u00abherbal\u00bb supplement to help with sleep and depression.<\/p>\n\n\n\n<p>Researchers don't know precisely how GHB affects neurochemistry, but it is considered a very potent sedative, as small doses can have serious effects, such as loss of consciousness. Evidence suggests that it readily crosses the blood-brain barrier, the physiological mechanism that regulates the release of chemicals and nutrients in the brain. It therefore has the ability to act directly on the brain in a way that other drugs do not.<\/p>\n\n\n\n<h3 class=\"wp-block-heading\">How is GHB used?<\/h3>\n\n\n\n<p>GHB is generally consumed in liquid form, but is sometimes found in powder, tablet or capsule form. Because GHB's liquid form varies in strength, and people's reactions to it vary, it's very easy to absorb a dangerous dose of the drug. The effects of the drug begin 10 to 20 minutes after intake and last up to 4 hours.<\/p>\n\n\n\n<h2 class=\"wp-block-heading\">Why do people take GHB?<\/h2>\n\n\n\n<p>GHB can produce hallucinations and feelings of relaxation and euphoria. GHB users also report increased energy, feelings of affection and sociability, mild disinhibition and improved sexual experience.<\/p>\n\n\n\n<h3 class=\"wp-block-heading\">Are there any short-term risks associated with taking GHB?<\/h3>\n\n\n\n<p>Health risks include nausea, loss of coordination, difficulty concentrating and loss of gag reflex. As doses are difficult to quantify, overdosing can occur quite easily, especially when combined with alcohol. Warning signs of GHB overdose may include the following<\/p>\n\n\n\n<p>Vomiting<br>Intense headaches<br>Very slow breathing and heart rate<br>Withdrawal symptoms such as insomnia, anxiety, tremors and sweating<br>memory loss<br>Breathing difficulties<br>Loss of consciousness<\/p>\n\n\n\n<p>Because of the risk of overdose, GHB is perhaps the most dangerous club drug in terms of immediate consequences. GHB has caused 73 deaths since 1995. The number of emergency room admissions for GHB almost quadrupled nationally between 1998 and 2000, with 4,969 cases reported.<\/p>\n\n\n\n<p>As GHB leaves the body relatively quickly, it is not easily detected by medical tests. It's important to report GHB use to a health care professional so you can receive the appropriate medical help.<\/p>\n\n\n\n<p>GHB can easily slip into a person's drink undetected. If you start experiencing symptoms that have nothing to do with what you're drinking, seek help immediately.<\/p>\n\n\n\n<p>Remember that illegal drugs are produced in clandestine laboratories, and you can never be sure what's in the drug or how potent it is. Making GHB from a recipe is also extremely dangerous, as a number of people who didn't formulate GHB correctly have burned their mouths, throats and esophagi with what was essentially an acidic compound.<\/p>\n\n\n\n<h4 class=\"wp-block-heading\">Is GHB addictive?<\/h4>\n\n\n\n<p>Repeated use of GHB can lead to withdrawal effects, including insomnia, anxiety and tremors. The experience of withdrawal is one of the signs of addiction. There are not many statistics on GHB abuse, but available information suggests that GHB abuse is on the increase. A number of cases of GHB dependence have been reported, and it seems that once a person is addicted, GHB is harder to kick than cocaine or heroin. Treatment options remain limited. Because of the severity of GHB withdrawal symptoms, it is imperative to seek professional help during detoxification. Withdrawal can include delirium, disorientation and hallucinations lasting up to two weeks What is GHB.<\/p>\n\n\n\n<h4 class=\"wp-block-heading\">Is GHB illegal?<\/h4>\n\n\n\n<p>The use of GHB is legal only when prescribed to a person for the treatment of narcolepsy. Other types of possession, use, manufacture and sale are punishable by heavy prison sentences, fines and disciplinary sanctions at UCSC.<\/p>\n\n\n\n<p>How can I help a friend with a drug problem?<br>If you're concerned about a friend's drug or alcohol use, this page contains useful information about different ways to help, What is GHB.<\/p>","protected":false},"excerpt":{"rendered":"<p>Le GHB (gamma hydroxybutyrate) est un liquide inodore et incolore au go\u00fbt l\u00e9g\u00e8rement sal\u00e9. Il est class\u00e9 parmi les s\u00e9datifs et appartient \u00e0 la m\u00eame famille de m\u00e9dicaments que le Rohypnol et la k\u00e9tamine, Qu&rsquo;est-ce que le GHB . Le GHB est utilis\u00e9 comme anesth\u00e9sique g\u00e9n\u00e9ral en Europe. Aux \u00c9tats-Unis, la FDA a approuv\u00e9 le [&hellip;]<\/p>","protected":false},"author":1,"featured_media":0,"parent":0,"menu_order":0,"comment_status":"closed","ping_status":"closed","template":"","meta":{"site-sidebar-layout":"default","site-content-layout":"","ast-site-content-layout":"","site-content-style":"default","site-sidebar-style":"default","ast-global-header-display":"","ast-banner-title-visibility":"","ast-main-header-display":"","ast-hfb-above-header-display":"","ast-hfb-below-header-display":"","ast-hfb-mobile-header-display":"","site-post-title":"","ast-breadcrumbs-content":"","ast-featured-img":"","footer-sml-layout":"","theme-transparent-header-meta":"","adv-header-id-meta":"","stick-header-meta":"","header-above-stick-meta":"","header-main-stick-meta":"","header-below-stick-meta":"","astra-migrate-meta-layouts":"default","ast-page-background-enabled":"default","ast-page-background-meta":{"desktop":{"background-color":"","background-image":"","background-repeat":"repeat","background-position":"center center","background-size":"auto","background-attachment":"scroll","background-type":"","background-media":"","overlay-type":"","overlay-color":"","overlay-opacity":"","overlay-gradient":""},"tablet":{"background-color":"","background-image":"","background-repeat":"repeat","background-position":"center center","background-size":"auto","background-attachment":"scroll","background-type":"","background-media":"","overlay-type":"","overlay-color":"","overlay-opacity":"","overlay-gradient":""},"mobile":{"background-color":"","background-image":"","background-repeat":"repeat","background-position":"center center","background-size":"auto","background-attachment":"scroll","background-type":"","background-media":"","overlay-type":"","overlay-color":"","overlay-opacity":"","overlay-gradient":""}},"ast-content-background-meta":{"desktop":{"background-color":"var(--ast-global-color-5)","background-image":"","background-repeat":"repeat","background-position":"center center","background-size":"auto","background-attachment":"scroll","background-type":"","background-media":"","overlay-type":"","overlay-color":"","overlay-opacity":"","overlay-gradient":""},"tablet":{"background-color":"var(--ast-global-color-5)","background-image":"","background-repeat":"repeat","background-position":"center center","background-size":"auto","background-attachment":"scroll","background-type":"","background-media":"","overlay-type":"","overlay-color":"","overlay-opacity":"","overlay-gradient":""},"mobile":{"background-color":"var(--ast-global-color-5)","background-image":"","background-repeat":"repeat","background-position":"center center","background-size":"auto","background-attachment":"scroll","background-type":"","background-media":"","overlay-type":"","overlay-color":"","overlay-opacity":"","overlay-gradient":""}},"_joinchat":[],"footnotes":""},"class_list":["post-5221","page","type-page","status-publish","hentry"],"yoast_head":"<!-- This site is optimized with the Yoast SEO plugin v26.9 - https:\/\/yoast.com\/product\/yoast-seo-wordpress\/ -->\n<title>Qu&#039;est-ce que le GHB - GHB (gamma hydroxybutyrate)<\/title>\n<meta name=\"description\" content=\"Qu&#039;est-ce que le GHB , La consommation r\u00e9p\u00e9t\u00e9e de GHB peut entra\u00eener des effets de sevrage, notamment l&#039;insomnie, l&#039;anxi\u00e9t\u00e9 et les tremblements. L&#039;exp\u00e9rience du sevrage est l&#039;un des signes de la d\u00e9pendance.\" \/>\n<meta name=\"robots\" content=\"index, follow, max-snippet:-1, max-image-preview:large, max-video-preview:-1\" \/>\n<link rel=\"canonical\" href=\"https:\/\/gblexprimer.com\/en\/what-is-ghb\/\" \/>\n<meta property=\"og:locale\" content=\"en_US\" \/>\n<meta property=\"og:type\" content=\"article\" \/>\n<meta property=\"og:title\" content=\"Qu&#039;est-ce que le GHB - GHB (gamma hydroxybutyrate)\" \/>\n<meta property=\"og:description\" content=\"Qu&#039;est-ce que le GHB , La consommation r\u00e9p\u00e9t\u00e9e de GHB peut entra\u00eener des effets de sevrage, notamment l&#039;insomnie, l&#039;anxi\u00e9t\u00e9 et les tremblements. L&#039;exp\u00e9rience du sevrage est l&#039;un des signes de la d\u00e9pendance.\" \/>\n<meta property=\"og:url\" content=\"https:\/\/gblexprimer.com\/en\/what-is-ghb\/\" \/>\n<meta property=\"og:site_name\" content=\"GBL Exprimer\" \/>\n<meta property=\"article:modified_time\" content=\"2025-02-02T00:33:13+00:00\" \/>\n<meta property=\"og:image\" content=\"https:\/\/gblexprimer.com\/wp-content\/uploads\/2025\/02\/Heaven-Pure-Ecstasy-12.jpeg\" \/>\n<meta name=\"twitter:card\" content=\"summary_large_image\" \/>\n<meta name=\"twitter:label1\" content=\"Est. reading time\" \/>\n\t<meta name=\"twitter:data1\" content=\"5 minutes\" \/>\n<script type=\"application\/ld+json\" class=\"yoast-schema-graph\">{\"@context\":\"https:\/\/schema.org\",\"@graph\":[{\"@type\":\"WebPage\",\"@id\":\"https:\/\/gblexprimer.com\/quest-ce-que-le-ghb\/\",\"url\":\"https:\/\/gblexprimer.com\/quest-ce-que-le-ghb\/\",\"name\":\"Qu'est-ce que le GHB - GHB (gamma hydroxybutyrate)\",\"isPartOf\":{\"@id\":\"https:\/\/gblexprimer.com\/#website\"},\"primaryImageOfPage\":{\"@id\":\"https:\/\/gblexprimer.com\/quest-ce-que-le-ghb\/#primaryimage\"},\"image\":{\"@id\":\"https:\/\/gblexprimer.com\/quest-ce-que-le-ghb\/#primaryimage\"},\"thumbnailUrl\":\"https:\/\/gblexprimer.com\/wp-content\/uploads\/2025\/02\/Heaven-Pure-Ecstasy-12.jpeg\",\"datePublished\":\"2025-02-02T00:33:12+00:00\",\"dateModified\":\"2025-02-02T00:33:13+00:00\",\"description\":\"Qu'est-ce que le GHB , La consommation r\u00e9p\u00e9t\u00e9e de GHB peut entra\u00eener des effets de sevrage, notamment l'insomnie, l'anxi\u00e9t\u00e9 et les tremblements. L'exp\u00e9rience du sevrage est l'un des signes de la d\u00e9pendance.\",\"breadcrumb\":{\"@id\":\"https:\/\/gblexprimer.com\/quest-ce-que-le-ghb\/#breadcrumb\"},\"inLanguage\":\"en-US\",\"potentialAction\":[{\"@type\":\"ReadAction\",\"target\":[\"https:\/\/gblexprimer.com\/quest-ce-que-le-ghb\/\"]}]},{\"@type\":\"ImageObject\",\"inLanguage\":\"en-US\",\"@id\":\"https:\/\/gblexprimer.com\/quest-ce-que-le-ghb\/#primaryimage\",\"url\":\"https:\/\/gblexprimer.com\/wp-content\/uploads\/2025\/02\/Heaven-Pure-Ecstasy-12.jpeg\",\"contentUrl\":\"https:\/\/gblexprimer.com\/wp-content\/uploads\/2025\/02\/Heaven-Pure-Ecstasy-12.jpeg\"},{\"@type\":\"BreadcrumbList\",\"@id\":\"https:\/\/gblexprimer.com\/quest-ce-que-le-ghb\/#breadcrumb\",\"itemListElement\":[{\"@type\":\"ListItem\",\"position\":1,\"name\":\"Home\",\"item\":\"https:\/\/gblexprimer.com\/\"},{\"@type\":\"ListItem\",\"position\":2,\"name\":\"Qu&#8217;est-ce que le GHB ?\"}]},{\"@type\":\"WebSite\",\"@id\":\"https:\/\/gblexprimer.com\/#website\",\"url\":\"https:\/\/gblexprimer.com\/\",\"name\":\"GBL Exprimer\",\"description\":\"\",\"publisher\":{\"@id\":\"https:\/\/gblexprimer.com\/#organization\"},\"potentialAction\":[{\"@type\":\"SearchAction\",\"target\":{\"@type\":\"EntryPoint\",\"urlTemplate\":\"https:\/\/gblexprimer.com\/?s={search_term_string}\"},\"query-input\":{\"@type\":\"PropertyValueSpecification\",\"valueRequired\":true,\"valueName\":\"search_term_string\"}}],\"inLanguage\":\"en-US\"},{\"@type\":\"Organization\",\"@id\":\"https:\/\/gblexprimer.com\/#organization\",\"name\":\"GBL Exprimer\",\"url\":\"https:\/\/gblexprimer.com\/\",\"logo\":{\"@type\":\"ImageObject\",\"inLanguage\":\"en-US\",\"@id\":\"https:\/\/gblexprimer.com\/#\/schema\/logo\/image\/\",\"url\":\"https:\/\/gblexprimer.com\/wp-content\/uploads\/2024\/01\/logo.png\",\"contentUrl\":\"https:\/\/gblexprimer.com\/wp-content\/uploads\/2024\/01\/logo.png\",\"width\":220,\"height\":80,\"caption\":\"GBL Exprimer\"},\"image\":{\"@id\":\"https:\/\/gblexprimer.com\/#\/schema\/logo\/image\/\"}}]}<\/script>\n<!-- \/ Yoast SEO plugin. -->","yoast_head_json":{"title":"What is GHB - GHB (gamma hydroxybutyrate)","description":"What is GHB , Repeated use of GHB can lead to withdrawal effects, including insomnia, anxiety and tremors. The experience of withdrawal is one of the signs of dependence.","robots":{"index":"index","follow":"follow","max-snippet":"max-snippet:-1","max-image-preview":"max-image-preview:large","max-video-preview":"max-video-preview:-1"},"canonical":"https:\/\/gblexprimer.com\/en\/what-is-ghb\/","og_locale":"en_US","og_type":"article","og_title":"Qu'est-ce que le GHB - GHB (gamma hydroxybutyrate)","og_description":"Qu'est-ce que le GHB , La consommation r\u00e9p\u00e9t\u00e9e de GHB peut entra\u00eener des effets de sevrage, notamment l'insomnie, l'anxi\u00e9t\u00e9 et les tremblements. L'exp\u00e9rience du sevrage est l'un des signes de la d\u00e9pendance.","og_url":"https:\/\/gblexprimer.com\/en\/what-is-ghb\/","og_site_name":"GBL Exprimer","article_modified_time":"2025-02-02T00:33:13+00:00","og_image":[{"url":"https:\/\/gblexprimer.com\/wp-content\/uploads\/2025\/02\/Heaven-Pure-Ecstasy-12.jpeg","type":"","width":"","height":""}],"twitter_card":"summary_large_image","twitter_misc":{"Est. reading time":"5 minutes"},"schema":{"@context":"https:\/\/schema.org","@graph":[{"@type":"WebPage","@id":"https:\/\/gblexprimer.com\/quest-ce-que-le-ghb\/","url":"https:\/\/gblexprimer.com\/quest-ce-que-le-ghb\/","name":"What is GHB - GHB (gamma hydroxybutyrate)","isPartOf":{"@id":"https:\/\/gblexprimer.com\/#website"},"primaryImageOfPage":{"@id":"https:\/\/gblexprimer.com\/quest-ce-que-le-ghb\/#primaryimage"},"image":{"@id":"https:\/\/gblexprimer.com\/quest-ce-que-le-ghb\/#primaryimage"},"thumbnailUrl":"https:\/\/gblexprimer.com\/wp-content\/uploads\/2025\/02\/Heaven-Pure-Ecstasy-12.jpeg","datePublished":"2025-02-02T00:33:12+00:00","dateModified":"2025-02-02T00:33:13+00:00","description":"What is GHB , Repeated use of GHB can lead to withdrawal effects, including insomnia, anxiety and tremors. The experience of withdrawal is one of the signs of dependence.","breadcrumb":{"@id":"https:\/\/gblexprimer.com\/quest-ce-que-le-ghb\/#breadcrumb"},"inLanguage":"en-US","potentialAction":[{"@type":"ReadAction","target":["https:\/\/gblexprimer.com\/quest-ce-que-le-ghb\/"]}]},{"@type":"ImageObject","inLanguage":"en-US","@id":"https:\/\/gblexprimer.com\/quest-ce-que-le-ghb\/#primaryimage","url":"https:\/\/gblexprimer.com\/wp-content\/uploads\/2025\/02\/Heaven-Pure-Ecstasy-12.jpeg","contentUrl":"https:\/\/gblexprimer.com\/wp-content\/uploads\/2025\/02\/Heaven-Pure-Ecstasy-12.jpeg"},{"@type":"BreadcrumbList","@id":"https:\/\/gblexprimer.com\/quest-ce-que-le-ghb\/#breadcrumb","itemListElement":[{"@type":"ListItem","position":1,"name":"Home","item":"https:\/\/gblexprimer.com\/"},{"@type":"ListItem","position":2,"name":"Qu&#8217;est-ce que le GHB ?"}]},{"@type":"WebSite","@id":"https:\/\/gblexprimer.com\/#website","url":"https:\/\/gblexprimer.com\/","name":"GBL Express","description":"","publisher":{"@id":"https:\/\/gblexprimer.com\/#organization"},"potentialAction":[{"@type":"SearchAction","target":{"@type":"EntryPoint","urlTemplate":"https:\/\/gblexprimer.com\/?s={search_term_string}"},"query-input":{"@type":"PropertyValueSpecification","valueRequired":true,"valueName":"search_term_string"}}],"inLanguage":"en-US"},{"@type":"Organization","@id":"https:\/\/gblexprimer.com\/#organization","name":"GBL Express","url":"https:\/\/gblexprimer.com\/","logo":{"@type":"ImageObject","inLanguage":"en-US","@id":"https:\/\/gblexprimer.com\/#\/schema\/logo\/image\/","url":"https:\/\/gblexprimer.com\/wp-content\/uploads\/2024\/01\/logo.png","contentUrl":"https:\/\/gblexprimer.com\/wp-content\/uploads\/2024\/01\/logo.png","width":220,"height":80,"caption":"GBL Exprimer"},"image":{"@id":"https:\/\/gblexprimer.com\/#\/schema\/logo\/image\/"}}]}},"_links":{"self":[{"href":"https:\/\/gblexprimer.com\/en\/wp-json\/wp\/v2\/pages\/5221","targetHints":{"allow":["GET"]}}],"collection":[{"href":"https:\/\/gblexprimer.com\/en\/wp-json\/wp\/v2\/pages"}],"about":[{"href":"https:\/\/gblexprimer.com\/en\/wp-json\/wp\/v2\/types\/page"}],"author":[{"embeddable":true,"href":"https:\/\/gblexprimer.com\/en\/wp-json\/wp\/v2\/users\/1"}],"replies":[{"embeddable":true,"href":"https:\/\/gblexprimer.com\/en\/wp-json\/wp\/v2\/comments?post=5221"}],"version-history":[{"count":1,"href":"https:\/\/gblexprimer.com\/en\/wp-json\/wp\/v2\/pages\/5221\/revisions"}],"predecessor-version":[{"id":5223,"href":"https:\/\/gblexprimer.com\/en\/wp-json\/wp\/v2\/pages\/5221\/revisions\/5223"}],"wp:attachment":[{"href":"https:\/\/gblexprimer.com\/en\/wp-json\/wp\/v2\/media?parent=5221"}],"curies":[{"name":"wp","href":"https:\/\/api.w.org\/{rel}","templated":true}]}}