{"id":38,"date":"2023-12-26T07:26:41","date_gmt":"2023-12-26T07:26:41","guid":{"rendered":"https:\/\/cannasmed.com\/gbl\/?post_type=product&#038;p=38"},"modified":"2026-04-11T07:24:20","modified_gmt":"2026-04-11T07:24:20","slug":"-21","status":"publish","type":"product","link":"https:\/\/gblexprimer.com\/en\/product\/-21\/","title":{"rendered":"Ketamine Inresa 20 \u00d7 2 ml 100 mg\/ml Ketamine"},"content":{"rendered":"<h2>Buy Ketamine Inresa 20 \u00d7 2 ml 100 mg\/ml Online at GBLexprimer <a href=\"https:\/\/pvpgrams.com\/product\/butylone\/\">-<\/a> High Quality and Laboratory Tested<\/h2>\n<p>You're looking for <a href=\"https:\/\/gblexprimer.com\/en\/product\/-21\/\"><strong>Ketamine Inresa 20 \u00d7 2 ml 100 mg\/ml<\/strong><\/a> high quality? At <strong>GBExpress<\/strong>we propose to <strong>Ketamine Inresa<\/strong> laboratory-tested with a guaranteed purity of <strong>\u226599%<\/strong>ideal for your scientific research projects. With a <strong>fast delivery<\/strong>and <strong>competitive prices<\/strong> and a <strong>reliable service<\/strong>we are your preferred partner for <strong>produits chimiques de recherche Buy Ketamine Inresa 20 \u00d7 2 ml 100 mg\/ml online<\/strong><a href=\"https:\/\/gblexprimer.com\/en\/\">.<\/a><\/p>\n<h3>Why buy Ketamine Inresa 20 \u00d7 2 ml 100 mg\/ml from GBLexprimer?<\/h3>\n<p>Our <strong><a href=\"https:\/\/en.wikipedia.org\/wiki\/Ketamine\">Ketamine<\/a> Inresa 20 \u00d7 2 ml 100 mg\/ml<\/strong> comes from reputable suppliers and undergoes strict quality controls to guarantee its purity and efficacy. <strong>GBExpress<\/strong> offers you top-quality products for your research, whether it's for <strong>Ketamine Inresa<\/strong> or other pharmaceutical products.<\/p>\n<p><strong>Benefits of Ketamine Inresa 20 \u00d7 2 ml 100 mg\/ml<\/strong> :<\/p>\n<ul>\n<li><strong>Guaranteed purity<\/strong> : <strong>\u226599% purity<\/strong> for reliable, accurate search results.<\/li>\n<li><strong>Fast, secure delivery<\/strong> Discreet packaging and fast delivery for a hassle-free purchasing process.<\/li>\n<li><strong>Affordable prices<\/strong> : We offer <strong>Ketamine Inresa<\/strong> at competitive prices.<\/li>\n<\/ul>\n<h4>What is Ketamine Inresa 20 \u00d7 2 ml 100 mg\/ml?<\/h4>\n<p>Visit <strong>Ketamine Inresa 20 \u00d7 2 ml 100 mg\/ml<\/strong> is a <strong>injectable solution<\/strong> from <strong>Ketamine<\/strong> used in scientific research contexts. This formulation is particularly suitable for <strong>anesthesia studies<\/strong> and effects on the central nervous system. It is intended solely for <a href=\"https:\/\/gblexprimer.com\/en\/product\/kokaina\/\"><strong>clinical research<\/strong><\/a> and must not be used for unsupervised recreational or medical purposes.<\/p>\n<h4>Why choose GBLexprimer?<\/h4>\n<ul>\n<li><strong>Reliable supplier<\/strong> We are committed to offering products from <strong>trusted manufacturers<\/strong>.<\/li>\n<li><strong>Rigorous controls<\/strong> Each batch of <strong>Ketamine Inresa 20 \u00d7 2 ml 100 mg\/ml<\/strong> is meticulously tested to guarantee its purity and compliance with scientific standards.<\/li>\n<li><strong>Customer satisfaction<\/strong> : Our team guarantees a smooth, fast shopping experience.<\/li>\n<\/ul>\n<h4>How can I order Ketamine Inresa 20 \u00d7 2 ml 100 mg\/ml online?<\/h4>\n<p>Order from <strong>Ketamine Inresa 20 \u00d7 2 ml 100 mg\/ml<\/strong> at <strong>GBExpress<\/strong> is simple and secure. Visit our site, select the quantity you require and place your order in just a few clicks. With our <strong>fast, discreet delivery<\/strong>Your products will arrive as quickly and safely as possible.<\/p>\n<p><strong>Order now from <a href=\"https:\/\/gblexprimer.com\/en\/\">GBlexpress<\/a> <\/strong>to obtain <strong>Ketamine Inresa<\/strong> from <strong>high quality<\/strong> at competitive prices. Take advantage of our reliable products and excellent customer service!<\/p>","protected":false},"excerpt":{"rendered":"<p><strong>Ketamine Inresa<\/strong>an injectable solution of <strong>ketamine<\/strong> at a concentration of <strong>100 mg\/ml<\/strong>is a dissociative anesthetic widely used in medicine and research. Recognized for its analgesic, anesthetic and neuroprotective properties, this product is ideal for controlled medical applications, scientific studies and specific treatments.<\/p>\n<p><strong>How does Ketamine work?<\/strong><br \/>\nKetamine acts primarily by blocking NMDA (N-methyl-D-aspartate) receptors in the brain. This reduces the transmission of pain signals while producing a dissociative state characterized by analgesia, amnesia and mild sedation.<\/p>\n<ul>\n<li><strong>Main effects :<\/strong> Rapid anesthesia, pain relief and neuroprotective potential.<\/li>\n<li><strong>Effects start :<\/strong> Immediately after intravenous or intramuscular injection.<\/li>\n<li><strong>Duration :<\/strong> 10 to 25 minutes for anesthesia, up to 1 hour for analgesia.<\/li>\n<\/ul>\n<p><strong>Formulas and Data<\/strong><\/p>\n<ul>\n<li><strong>Chemical name :<\/strong> Ketamine hydrochloride<\/li>\n<li><strong>Molecular formula :<\/strong> C13H16ClNO<\/li>\n<li><strong>Molecular weight :<\/strong> 237.7 g\/mol<\/li>\n<li><strong>Presentation:<\/strong> 20 ampoules of 2 ml at 100 mg\/ml each<\/li>\n<\/ul>","protected":false},"featured_media":96,"comment_status":"open","ping_status":"closed","template":"","meta":{"site-sidebar-layout":"default","site-content-layout":"","ast-site-content-layout":"default","site-content-style":"default","site-sidebar-style":"default","ast-global-header-display":"","ast-banner-title-visibility":"","ast-main-header-display":"","ast-hfb-above-header-display":"","ast-hfb-below-header-display":"","ast-hfb-mobile-header-display":"","site-post-title":"","ast-breadcrumbs-content":"","ast-featured-img":"","footer-sml-layout":"","theme-transparent-header-meta":"default","adv-header-id-meta":"","stick-header-meta":"","header-above-stick-meta":"","header-main-stick-meta":"","header-below-stick-meta":"","astra-migrate-meta-layouts":"set","ast-page-background-enabled":"default","ast-page-background-meta":{"desktop":{"background-color":"","background-image":"","background-repeat":"repeat","background-position":"center center","background-size":"auto","background-attachment":"scroll","background-type":"","background-media":"","overlay-type":"","overlay-color":"","overlay-opacity":"","overlay-gradient":""},"tablet":{"background-color":"","background-image":"","background-repeat":"repeat","background-position":"center center","background-size":"auto","background-attachment":"scroll","background-type":"","background-media":"","overlay-type":"","overlay-color":"","overlay-opacity":"","overlay-gradient":""},"mobile":{"background-color":"","background-image":"","background-repeat":"repeat","background-position":"center center","background-size":"auto","background-attachment":"scroll","background-type":"","background-media":"","overlay-type":"","overlay-color":"","overlay-opacity":"","overlay-gradient":""}},"ast-content-background-meta":{"desktop":{"background-color":"var(--ast-global-color-5)","background-image":"","background-repeat":"repeat","background-position":"center center","background-size":"auto","background-attachment":"scroll","background-type":"","background-media":"","overlay-type":"","overlay-color":"","overlay-opacity":"","overlay-gradient":""},"tablet":{"background-color":"var(--ast-global-color-5)","background-image":"","background-repeat":"repeat","background-position":"center center","background-size":"auto","background-attachment":"scroll","background-type":"","background-media":"","overlay-type":"","overlay-color":"","overlay-opacity":"","overlay-gradient":""},"mobile":{"background-color":"var(--ast-global-color-5)","background-image":"","background-repeat":"repeat","background-position":"center center","background-size":"auto","background-attachment":"scroll","background-type":"","background-media":"","overlay-type":"","overlay-color":"","overlay-opacity":"","overlay-gradient":""}},"_joinchat":[]},"product_brand":[],"product_cat":[15,141],"product_tag":[568,581,563,560,567,566,575,562,570,559,561,580,578,572,569,574,573,565,579,576,564,571,582,577],"class_list":{"0":"post-38","1":"product","2":"type-product","3":"status-publish","4":"has-post-thumbnail","6":"product_cat-uncategorized","7":"product_cat-sex-meth","8":"product_tag-acheter-ketamine-100-mg-ml-en-europe","9":"product_tag-acheter-ketamine-en-france","10":"product_tag-acheter-ketamine-injectable","11":"product_tag-acheter-ketamine-inresa","12":"product_tag-commander-ketamine-inresa-en-ligne","13":"product_tag-fournisseur-de-ketamine-inresa","14":"product_tag-fournisseur-legitime-de-ketamine","15":"product_tag-ketamine-100-mg-ml","16":"product_tag-ketamine-injectable-a-vendre","17":"product_tag-ketamine-inresa","18":"product_tag-ketamine-inresa-20-x-2-ml","19":"product_tag-ketamine-inresa-applications-medicales","20":"product_tag-ketamine-inresa-en-gros","21":"product_tag-ketamine-inresa-pour-veterinaire","22":"product_tag-ketamine-inresa-prix","23":"product_tag-ketamine-inresa-vrac","24":"product_tag-ketamine-liquide","25":"product_tag-ketamine-pour-anesthesie","26":"product_tag-ketamine-pour-anesthesie-veterinaire","27":"product_tag-ketamine-pour-laboratoire","28":"product_tag-ketamine-pour-usage-medical","29":"product_tag-ketamine-usage-clinique","30":"product_tag-ketamine-usage-securise","31":"product_tag-ou-acheter-ketamine-inresa","32":"desktop-align-left","33":"tablet-align-left","34":"mobile-align-left","36":"first","37":"instock","38":"shipping-taxable","39":"purchasable","40":"product-type-variable"},"yoast_head":"<!-- This site is optimized with the Yoast SEO plugin v26.9 - https:\/\/yoast.com\/product\/yoast-seo-wordpress\/ -->\n<title>Acheter de la Ketamine Inresa en ligne | Gblexprimer<\/title>\n<meta name=\"description\" content=\"Achetez de la Ketamine Inresa 100 mg\/ml en ligne sur GBLexprimer. Ketamine Inresa \u00e0 vendre, pr\u00e9sent\u00e9e sous forme d&#039;ampoules con\u00e7ues pour un usage clinique et anesth\u00e9sique.\" \/>\n<meta name=\"robots\" content=\"index, follow, max-snippet:-1, max-image-preview:large, max-video-preview:-1\" \/>\n<link rel=\"canonical\" href=\"https:\/\/gblexprimer.com\/en\/product\/-21\/\" \/>\n<meta property=\"og:locale\" content=\"en_US\" \/>\n<meta property=\"og:type\" content=\"article\" \/>\n<meta property=\"og:title\" content=\"Acheter de la Ketamine Inresa en ligne | Gblexprimer\" \/>\n<meta property=\"og:description\" content=\"Achetez de la Ketamine Inresa 100 mg\/ml en ligne sur GBLexprimer. Ketamine Inresa \u00e0 vendre, pr\u00e9sent\u00e9e sous forme d&#039;ampoules con\u00e7ues pour un usage clinique et anesth\u00e9sique.\" \/>\n<meta property=\"og:url\" content=\"https:\/\/gblexprimer.com\/en\/product\/-21\/\" \/>\n<meta property=\"og:site_name\" content=\"GBL Exprimer\" \/>\n<meta property=\"article:modified_time\" content=\"2026-04-11T07:24:20+00:00\" \/>\n<meta property=\"og:image\" content=\"https:\/\/gblexprimer.com\/wp-content\/uploads\/2023\/12\/Ketamin-Inresa-100-mg-ml.jpg\" \/>\n\t<meta property=\"og:image:width\" content=\"600\" \/>\n\t<meta property=\"og:image:height\" content=\"600\" \/>\n\t<meta property=\"og:image:type\" content=\"image\/jpeg\" \/>\n<meta name=\"twitter:card\" content=\"summary_large_image\" \/>\n<meta name=\"twitter:label1\" content=\"Est. reading time\" \/>\n\t<meta name=\"twitter:data1\" content=\"2 minutes\" \/>\n<script type=\"application\/ld+json\" class=\"yoast-schema-graph\">{\"@context\":\"https:\/\/schema.org\",\"@graph\":[{\"@type\":\"WebPage\",\"@id\":\"https:\/\/gblexprimer.com\/product\/ketamine-inresa-20-x-2-ml-100-mg-ml-ketamine\/\",\"url\":\"https:\/\/gblexprimer.com\/product\/ketamine-inresa-20-x-2-ml-100-mg-ml-ketamine\/\",\"name\":\"Acheter de la Ketamine Inresa en ligne | Gblexprimer\",\"isPartOf\":{\"@id\":\"https:\/\/gblexprimer.com\/#website\"},\"primaryImageOfPage\":{\"@id\":\"https:\/\/gblexprimer.com\/product\/ketamine-inresa-20-x-2-ml-100-mg-ml-ketamine\/#primaryimage\"},\"image\":{\"@id\":\"https:\/\/gblexprimer.com\/product\/ketamine-inresa-20-x-2-ml-100-mg-ml-ketamine\/#primaryimage\"},\"thumbnailUrl\":\"https:\/\/gblexprimer.com\/wp-content\/uploads\/2023\/12\/Ketamin-Inresa-100-mg-ml.jpg\",\"datePublished\":\"2023-12-26T07:26:41+00:00\",\"dateModified\":\"2026-04-11T07:24:20+00:00\",\"description\":\"Achetez de la Ketamine Inresa 100 mg\/ml en ligne sur GBLexprimer. Ketamine Inresa \u00e0 vendre, pr\u00e9sent\u00e9e sous forme d'ampoules con\u00e7ues pour un usage clinique et anesth\u00e9sique.\",\"breadcrumb\":{\"@id\":\"https:\/\/gblexprimer.com\/product\/ketamine-inresa-20-x-2-ml-100-mg-ml-ketamine\/#breadcrumb\"},\"inLanguage\":\"en-US\",\"potentialAction\":[{\"@type\":\"ReadAction\",\"target\":[\"https:\/\/gblexprimer.com\/product\/ketamine-inresa-20-x-2-ml-100-mg-ml-ketamine\/\"]}]},{\"@type\":\"ImageObject\",\"inLanguage\":\"en-US\",\"@id\":\"https:\/\/gblexprimer.com\/product\/ketamine-inresa-20-x-2-ml-100-mg-ml-ketamine\/#primaryimage\",\"url\":\"https:\/\/gblexprimer.com\/wp-content\/uploads\/2023\/12\/Ketamin-Inresa-100-mg-ml.jpg\",\"contentUrl\":\"https:\/\/gblexprimer.com\/wp-content\/uploads\/2023\/12\/Ketamin-Inresa-100-mg-ml.jpg\",\"width\":600,\"height\":600,\"caption\":\"Acheter K\u00e9tamine Inresa 20 \u00d7 2 ml 100 mg\/ml K\u00e9tamine en ligne\"},{\"@type\":\"BreadcrumbList\",\"@id\":\"https:\/\/gblexprimer.com\/product\/ketamine-inresa-20-x-2-ml-100-mg-ml-ketamine\/#breadcrumb\",\"itemListElement\":[{\"@type\":\"ListItem\",\"position\":1,\"name\":\"Home\",\"item\":\"https:\/\/gblexprimer.com\/\"},{\"@type\":\"ListItem\",\"position\":2,\"name\":\"Shop\",\"item\":\"https:\/\/gblexprimer.com\/shop\/\"},{\"@type\":\"ListItem\",\"position\":3,\"name\":\"K\u00e9tamine Inresa 20 \u00d7 2 ml 100 mg\/ml K\u00e9tamine\"}]},{\"@type\":\"WebSite\",\"@id\":\"https:\/\/gblexprimer.com\/#website\",\"url\":\"https:\/\/gblexprimer.com\/\",\"name\":\"GBL Exprimer\",\"description\":\"\",\"publisher\":{\"@id\":\"https:\/\/gblexprimer.com\/#organization\"},\"potentialAction\":[{\"@type\":\"SearchAction\",\"target\":{\"@type\":\"EntryPoint\",\"urlTemplate\":\"https:\/\/gblexprimer.com\/?s={search_term_string}\"},\"query-input\":{\"@type\":\"PropertyValueSpecification\",\"valueRequired\":true,\"valueName\":\"search_term_string\"}}],\"inLanguage\":\"en-US\"},{\"@type\":\"Organization\",\"@id\":\"https:\/\/gblexprimer.com\/#organization\",\"name\":\"GBL Exprimer\",\"url\":\"https:\/\/gblexprimer.com\/\",\"logo\":{\"@type\":\"ImageObject\",\"inLanguage\":\"en-US\",\"@id\":\"https:\/\/gblexprimer.com\/#\/schema\/logo\/image\/\",\"url\":\"https:\/\/gblexprimer.com\/wp-content\/uploads\/2024\/01\/logo.png\",\"contentUrl\":\"https:\/\/gblexprimer.com\/wp-content\/uploads\/2024\/01\/logo.png\",\"width\":220,\"height\":80,\"caption\":\"GBL Exprimer\"},\"image\":{\"@id\":\"https:\/\/gblexprimer.com\/#\/schema\/logo\/image\/\"}}]}<\/script>\n<!-- \/ Yoast SEO plugin. -->","yoast_head_json":{"title":"Acheter de la Ketamine Inresa en ligne | Gblexprimer","description":"Achetez de la Ketamine Inresa 100 mg\/ml en ligne sur GBLexprimer. Ketamine Inresa \u00e0 vendre, pr\u00e9sent\u00e9e sous forme d'ampoules con\u00e7ues pour un usage clinique et anesth\u00e9sique.","robots":{"index":"index","follow":"follow","max-snippet":"max-snippet:-1","max-image-preview":"max-image-preview:large","max-video-preview":"max-video-preview:-1"},"canonical":"https:\/\/gblexprimer.com\/en\/product\/-21\/","og_locale":"en_US","og_type":"article","og_title":"Acheter de la Ketamine Inresa en ligne | Gblexprimer","og_description":"Achetez de la Ketamine Inresa 100 mg\/ml en ligne sur GBLexprimer. Ketamine Inresa \u00e0 vendre, pr\u00e9sent\u00e9e sous forme d'ampoules con\u00e7ues pour un usage clinique et anesth\u00e9sique.","og_url":"https:\/\/gblexprimer.com\/en\/product\/-21\/","og_site_name":"GBL Exprimer","article_modified_time":"2026-04-11T07:24:20+00:00","og_image":[{"width":600,"height":600,"url":"https:\/\/gblexprimer.com\/wp-content\/uploads\/2023\/12\/Ketamin-Inresa-100-mg-ml.jpg","type":"image\/jpeg"}],"twitter_card":"summary_large_image","twitter_misc":{"Est. reading time":"2 minutes"},"schema":{"@context":"https:\/\/schema.org","@graph":[{"@type":"WebPage","@id":"https:\/\/gblexprimer.com\/product\/ketamine-inresa-20-x-2-ml-100-mg-ml-ketamine\/","url":"https:\/\/gblexprimer.com\/product\/ketamine-inresa-20-x-2-ml-100-mg-ml-ketamine\/","name":"Acheter de la Ketamine Inresa en ligne | Gblexprimer","isPartOf":{"@id":"https:\/\/gblexprimer.com\/#website"},"primaryImageOfPage":{"@id":"https:\/\/gblexprimer.com\/product\/ketamine-inresa-20-x-2-ml-100-mg-ml-ketamine\/#primaryimage"},"image":{"@id":"https:\/\/gblexprimer.com\/product\/ketamine-inresa-20-x-2-ml-100-mg-ml-ketamine\/#primaryimage"},"thumbnailUrl":"https:\/\/gblexprimer.com\/wp-content\/uploads\/2023\/12\/Ketamin-Inresa-100-mg-ml.jpg","datePublished":"2023-12-26T07:26:41+00:00","dateModified":"2026-04-11T07:24:20+00:00","description":"Achetez de la Ketamine Inresa 100 mg\/ml en ligne sur GBLexprimer. Ketamine Inresa \u00e0 vendre, pr\u00e9sent\u00e9e sous forme d'ampoules con\u00e7ues pour un usage clinique et anesth\u00e9sique.","breadcrumb":{"@id":"https:\/\/gblexprimer.com\/product\/ketamine-inresa-20-x-2-ml-100-mg-ml-ketamine\/#breadcrumb"},"inLanguage":"en-US","potentialAction":[{"@type":"ReadAction","target":["https:\/\/gblexprimer.com\/product\/ketamine-inresa-20-x-2-ml-100-mg-ml-ketamine\/"]}]},{"@type":"ImageObject","inLanguage":"en-US","@id":"https:\/\/gblexprimer.com\/product\/ketamine-inresa-20-x-2-ml-100-mg-ml-ketamine\/#primaryimage","url":"https:\/\/gblexprimer.com\/wp-content\/uploads\/2023\/12\/Ketamin-Inresa-100-mg-ml.jpg","contentUrl":"https:\/\/gblexprimer.com\/wp-content\/uploads\/2023\/12\/Ketamin-Inresa-100-mg-ml.jpg","width":600,"height":600,"caption":"Acheter K\u00e9tamine Inresa 20 \u00d7 2 ml 100 mg\/ml K\u00e9tamine en ligne"},{"@type":"BreadcrumbList","@id":"https:\/\/gblexprimer.com\/product\/ketamine-inresa-20-x-2-ml-100-mg-ml-ketamine\/#breadcrumb","itemListElement":[{"@type":"ListItem","position":1,"name":"Home","item":"https:\/\/gblexprimer.com\/"},{"@type":"ListItem","position":2,"name":"Shop","item":"https:\/\/gblexprimer.com\/shop\/"},{"@type":"ListItem","position":3,"name":"K\u00e9tamine Inresa 20 \u00d7 2 ml 100 mg\/ml K\u00e9tamine"}]},{"@type":"WebSite","@id":"https:\/\/gblexprimer.com\/#website","url":"https:\/\/gblexprimer.com\/","name":"GBL Express","description":"","publisher":{"@id":"https:\/\/gblexprimer.com\/#organization"},"potentialAction":[{"@type":"SearchAction","target":{"@type":"EntryPoint","urlTemplate":"https:\/\/gblexprimer.com\/?s={search_term_string}"},"query-input":{"@type":"PropertyValueSpecification","valueRequired":true,"valueName":"search_term_string"}}],"inLanguage":"en-US"},{"@type":"Organization","@id":"https:\/\/gblexprimer.com\/#organization","name":"GBL Express","url":"https:\/\/gblexprimer.com\/","logo":{"@type":"ImageObject","inLanguage":"en-US","@id":"https:\/\/gblexprimer.com\/#\/schema\/logo\/image\/","url":"https:\/\/gblexprimer.com\/wp-content\/uploads\/2024\/01\/logo.png","contentUrl":"https:\/\/gblexprimer.com\/wp-content\/uploads\/2024\/01\/logo.png","width":220,"height":80,"caption":"GBL Exprimer"},"image":{"@id":"https:\/\/gblexprimer.com\/#\/schema\/logo\/image\/"}}]}},"_links":{"self":[{"href":"https:\/\/gblexprimer.com\/en\/wp-json\/wp\/v2\/product\/38","targetHints":{"allow":["GET"]}}],"collection":[{"href":"https:\/\/gblexprimer.com\/en\/wp-json\/wp\/v2\/product"}],"about":[{"href":"https:\/\/gblexprimer.com\/en\/wp-json\/wp\/v2\/types\/product"}],"replies":[{"embeddable":true,"href":"https:\/\/gblexprimer.com\/en\/wp-json\/wp\/v2\/comments?post=38"}],"wp:featuredmedia":[{"embeddable":true,"href":"https:\/\/gblexprimer.com\/en\/wp-json\/wp\/v2\/media\/96"}],"wp:attachment":[{"href":"https:\/\/gblexprimer.com\/en\/wp-json\/wp\/v2\/media?parent=38"}],"wp:term":[{"taxonomy":"product_brand","embeddable":true,"href":"https:\/\/gblexprimer.com\/en\/wp-json\/wp\/v2\/product_brand?post=38"},{"taxonomy":"product_cat","embeddable":true,"href":"https:\/\/gblexprimer.com\/en\/wp-json\/wp\/v2\/product_cat?post=38"},{"taxonomy":"product_tag","embeddable":true,"href":"https:\/\/gblexprimer.com\/en\/wp-json\/wp\/v2\/product_tag?post=38"}],"curies":[{"name":"wp","href":"https:\/\/api.w.org\/{rel}","templated":true}]}}