{"id":5035,"date":"2024-11-26T06:06:29","date_gmt":"2024-11-26T06:06:29","guid":{"rendered":"https:\/\/gblexprimer.com\/?post_type=product&#038;p=5035"},"modified":"2026-04-13T04:20:36","modified_gmt":"2026-04-13T04:20:36","slug":"buy-mephedrone","status":"publish","type":"product","link":"https:\/\/gblexprimer.com\/en\/product\/buy-mephedrone\/","title":{"rendered":"Mephedrone"},"content":{"rendered":"<h3><strong>Buy mephedrone (MefeDron) online at GBlexprimer<\/strong><\/h3>\n<p class=\"ds-markdown-paragraph\">We guarantee that all our products, including the <strong>4-MMC<\/strong> and the <strong>3-MMC<\/strong>, are subject to <strong>rigorous testing<\/strong> quality and purity.<\/p>\n<p class=\"ds-markdown-paragraph\"><strong>Safe and secure transactions :<\/strong> We respect your <strong>privacy<\/strong>. That's why we're offering you <strong>discreet shipment<\/strong> and <strong>secure payment options<\/strong>, which makes your shopping experience <strong>fluid<\/strong>.<\/p>\n<p class=\"ds-markdown-paragraph\"><strong>Fast worldwide shipping:<\/strong> Whether you're looking for <strong>buy 4-MMC online<\/strong> or other <strong>synthetic cathinones<\/strong>, we provide <strong>fast, reliable shipping<\/strong> to ensure that your order reaches you <strong>total safety<\/strong> and <strong>on time<\/strong>.<\/p>\n<p><strong>Visit <a href=\"https:\/\/gblexprimer.com\/en\/product\/buy-mephedrone\/\">mephedrone<\/a><\/strong>also known as <strong>MefeDron<\/strong> or <strong>4-MMC<\/strong>, is a synthetic cathinone popular for its stimulant and euphoric effects. It is widely sought after for both recreational and scientific applications. At GBlexprimer, we offer <strong>high-quality mephedrone<\/strong>, rigorously tested, with fast, discreet delivery options. Buy M\u00e9ph\u00e9drone. <a href=\"https:\/\/gblexprimer.com\/en\/\"><strong>GBlexpress<\/strong><\/a><\/p>\n<h3><strong>Why choose GBlexprimer to buy mephedrone?<\/strong><\/h3>\n<h4><strong>1. High-quality mephedrone<\/strong><\/h4>\n<p>Our <strong>mephedrone<\/strong> is tested to guarantee its purity and efficacy, in compliance with the most stringent standards for safe, reliable use.<\/p>\n<h4><strong>2. Reliable mephedrone suppliers<\/strong><\/h4>\n<p>With years of experience, GBlexprimer is recognized as a trusted supplier of pure mephedrone, in the form of crystals, powders or<\/p>\n<h4><strong>3. Secure Transactions and Discrete Packaging<\/strong><\/h4>\n<p>We offer a secure purchasing process, with protected payments and discreet packaging, to safeguard our customers' confidentiality.<\/p>\n<h4><strong>4. Fast, reliable delivery<\/strong><\/h4>\n<p>We guarantee <strong>fast delivery<\/strong> of your <strong>mephedrone<\/strong>, Whether you order in small or large quantities.<\/p>\n<h4><strong>5. Competitive Awards<\/strong><\/h4>\n<p>Take advantage of <strong>best prices on mephedrone<\/strong>with options to suit individual needs or bulk orders.<\/p>\n<h3><strong>Applications and Uses of Mephedrone (MefeDron)<\/strong><\/h3>\n<h4><strong>Recreational use<\/strong><\/h4>\n<p>Visit <strong>mephedrone<\/strong> is prized for its energizing, social and stimulating effects, and is often used in party environments such as clubs and festivals.<\/p>\n<h4><strong>Scientific Research<\/strong><\/h4>\n<p>For research purposes, <a href=\"https:\/\/gblexprimer.com\/en\/product\/methamphetamine\/\"><strong>mephedrone<\/strong><\/a> is studied for its interactions with neurotransmitters such as dopamine and serotonin, contributing to a better understanding of neurochemical mechanisms.<\/p>\n<h4><strong>Available shapes<\/strong><\/h4>\n<p>On GBlexprimer, you can buy <strong>mephedrone in the form of crystals, powders or pills<\/strong>tailored to your specific needs.<\/p>\n<h3><strong>Buy mephedrone online today<\/strong><\/h3>\n<p>GBlexprimer is your trusted partner for buying <a href=\"https:\/\/en.wikipedia.org\/wiki\/Mephedrone\"><strong>mephedrone (MefeDron)<\/strong><\/a> online. Our <strong>pure mephedrone<\/strong> is available at <strong>competitive prices<\/strong>, with fast delivery and secure payment. Order today and discover why we are the preferred choice for buyers of <strong>mephedrone<\/strong> around the world. <a href=\"https:\/\/gblexprimer.com\/en\/product\/buy-mephedrone\/\">Trouvez vos favoris<\/a><\/p>","protected":false},"excerpt":{"rendered":"<h2 class=\"title\">Buy mephedrone (4-MMC) online<\/h2>\n<p><strong>Mephedrone<\/strong>or <strong>4-MMC<\/strong> (<strong>4-Methylmethcathinone<\/strong>), is a popular synthetic stimulant of the <strong>cathinones<\/strong>. Known for its effects on <strong>dopamine<\/strong> and the <strong>serotonin<\/strong>It is widely used in research on <strong>synthetic stimulants<\/strong> and their neurological impact.<\/p>\n<h3><strong>How does M\u00e9ph\u00e9drone work?<\/strong><\/h3>\n<p>Visit <strong>mephedrone<\/strong> acts by increasing the <strong>neurotransmitter release<\/strong> (dopamine, serotonin) while blocking their reuptake, resulting in increased energy, euphoria and cognitive capacity.<\/p>\n<ul>\n<li><strong>Effects start :<\/strong> 15-45 minutes.<\/li>\n<li><strong>Duration :<\/strong> 3 to 5 hours.<\/li>\n<\/ul>\n<h3><strong>Formulas and Data<\/strong><\/h3>\n<ul>\n<li><strong>Chemical name :<\/strong> 4-Methylmethcathinone<\/li>\n<li><strong>Molecular formula :<\/strong> C11H15NO<\/li>\n<li><strong>Molecular weight :<\/strong> 177.24 g\/mol<\/li>\n<\/ul>\n<h3><strong>Key applications<\/strong><\/h3>\n<ul>\n<li><strong>Neuroscience research:<\/strong> Studies on dopamine and serotonin.<\/li>\n<li><strong>Pharmacology :<\/strong> Development and analysis of stimulants.<\/li>\n<li><strong>Behavior :<\/strong> Impact on energy and social interaction.<\/li>\n<\/ul>","protected":false},"featured_media":5284,"comment_status":"open","ping_status":"closed","template":"","meta":{"site-sidebar-layout":"default","site-content-layout":"","ast-site-content-layout":"default","site-content-style":"default","site-sidebar-style":"default","ast-global-header-display":"","ast-banner-title-visibility":"","ast-main-header-display":"","ast-hfb-above-header-display":"","ast-hfb-below-header-display":"","ast-hfb-mobile-header-display":"","site-post-title":"","ast-breadcrumbs-content":"","ast-featured-img":"","footer-sml-layout":"","theme-transparent-header-meta":"default","adv-header-id-meta":"","stick-header-meta":"","header-above-stick-meta":"","header-main-stick-meta":"","header-below-stick-meta":"","astra-migrate-meta-layouts":"set","ast-page-background-enabled":"default","ast-page-background-meta":{"desktop":{"background-color":"","background-image":"","background-repeat":"repeat","background-position":"center center","background-size":"auto","background-attachment":"scroll","background-type":"","background-media":"","overlay-type":"","overlay-color":"","overlay-opacity":"","overlay-gradient":""},"tablet":{"background-color":"","background-image":"","background-repeat":"repeat","background-position":"center center","background-size":"auto","background-attachment":"scroll","background-type":"","background-media":"","overlay-type":"","overlay-color":"","overlay-opacity":"","overlay-gradient":""},"mobile":{"background-color":"","background-image":"","background-repeat":"repeat","background-position":"center center","background-size":"auto","background-attachment":"scroll","background-type":"","background-media":"","overlay-type":"","overlay-color":"","overlay-opacity":"","overlay-gradient":""}},"ast-content-background-meta":{"desktop":{"background-color":"var(--ast-global-color-5)","background-image":"","background-repeat":"repeat","background-position":"center center","background-size":"auto","background-attachment":"scroll","background-type":"","background-media":"","overlay-type":"","overlay-color":"","overlay-opacity":"","overlay-gradient":""},"tablet":{"background-color":"var(--ast-global-color-5)","background-image":"","background-repeat":"repeat","background-position":"center center","background-size":"auto","background-attachment":"scroll","background-type":"","background-media":"","overlay-type":"","overlay-color":"","overlay-opacity":"","overlay-gradient":""},"mobile":{"background-color":"var(--ast-global-color-5)","background-image":"","background-repeat":"repeat","background-position":"center center","background-size":"auto","background-attachment":"scroll","background-type":"","background-media":"","overlay-type":"","overlay-color":"","overlay-opacity":"","overlay-gradient":""}},"_joinchat":[]},"product_brand":[],"product_cat":[141],"product_tag":[298,295,304,302,315,297,296,312,299,313,307,311,300,305,310,301,306,309,308,303,314],"class_list":{"0":"post-5035","1":"product","2":"type-product","3":"status-publish","4":"has-post-thumbnail","6":"product_cat-sex-meth","7":"product_tag-4-mmc-pure","8":"product_tag-achetez-mephedrone","9":"product_tag-commandez-mephedrone-en-ligne","10":"product_tag-fournisseur-fiable-de-mephedrone","11":"product_tag-fournisseurs-de-mephedrone-fiables","12":"product_tag-mefedron-a-vendre","13":"product_tag-mephedrone-a-vendre","14":"product_tag-mephedrone-authentique","15":"product_tag-mephedrone-de-haute-qualite","16":"product_tag-mephedrone-disponible-immediatement","17":"product_tag-mephedrone-en-cristaux","18":"product_tag-mephedrone-livraison-discrete","19":"product_tag-mephedrone-livraison-rapide","20":"product_tag-mephedrone-pour-recherche","21":"product_tag-mephedrone-pour-soirees","22":"product_tag-mephedrone-pure-en-ligne","23":"product_tag-mephedrone-recreative","24":"product_tag-ou-acheter-mephedrone","25":"product_tag-poudre-de-mephedrone","26":"product_tag-prix-de-la-mephedrone","27":"product_tag-produits-premium-mephedrone","28":"desktop-align-left","29":"tablet-align-left","30":"mobile-align-left","32":"first","33":"instock","34":"shipping-taxable","35":"purchasable","36":"product-type-variable"},"yoast_head":"<!-- This site is optimized with the Yoast SEO plugin v26.9 - https:\/\/yoast.com\/product\/yoast-seo-wordpress\/ -->\n<title>Achetez de la M\u00e9ph\u00e9drone (MefeDron) en Ligne | GBlexprimer<\/title>\n<meta name=\"description\" content=\"Achetez de la m\u00e9ph\u00e9drone pure (MefeDron) en ligne sur GBlexprimer. Disponible en pilules, cristaux, poudres. Livraison rapide et paiement s\u00e9curis\u00e9. Commandez maintenant !\" \/>\n<meta name=\"robots\" content=\"index, follow, max-snippet:-1, max-image-preview:large, max-video-preview:-1\" \/>\n<link rel=\"canonical\" href=\"https:\/\/gblexprimer.com\/en\/product\/buy-mephedrone\/\" \/>\n<meta property=\"og:locale\" content=\"en_US\" \/>\n<meta property=\"og:type\" content=\"article\" \/>\n<meta property=\"og:title\" content=\"Achetez de la M\u00e9ph\u00e9drone (MefeDron) en Ligne | GBlexprimer\" \/>\n<meta property=\"og:description\" content=\"Achetez de la m\u00e9ph\u00e9drone pure (MefeDron) en ligne sur GBlexprimer. Disponible en pilules, cristaux, poudres. Livraison rapide et paiement s\u00e9curis\u00e9. Commandez maintenant !\" \/>\n<meta property=\"og:url\" content=\"https:\/\/gblexprimer.com\/en\/product\/buy-mephedrone\/\" \/>\n<meta property=\"og:site_name\" content=\"GBL Exprimer\" \/>\n<meta property=\"article:modified_time\" content=\"2026-04-13T04:20:36+00:00\" \/>\n<meta property=\"og:image\" content=\"https:\/\/gblexprimer.com\/wp-content\/uploads\/2024\/11\/Mephedrone.jpg\" \/>\n\t<meta property=\"og:image:width\" content=\"600\" \/>\n\t<meta property=\"og:image:height\" content=\"600\" \/>\n\t<meta property=\"og:image:type\" content=\"image\/jpeg\" \/>\n<meta name=\"twitter:card\" content=\"summary_large_image\" \/>\n<meta name=\"twitter:label1\" content=\"Est. reading time\" \/>\n\t<meta name=\"twitter:data1\" content=\"3 minutes\" \/>\n<script type=\"application\/ld+json\" class=\"yoast-schema-graph\">{\"@context\":\"https:\/\/schema.org\",\"@graph\":[{\"@type\":\"WebPage\",\"@id\":\"https:\/\/gblexprimer.com\/product\/achetez-mephedrone\/\",\"url\":\"https:\/\/gblexprimer.com\/product\/achetez-mephedrone\/\",\"name\":\"Achetez de la M\u00e9ph\u00e9drone (MefeDron) en Ligne | GBlexprimer\",\"isPartOf\":{\"@id\":\"https:\/\/gblexprimer.com\/#website\"},\"primaryImageOfPage\":{\"@id\":\"https:\/\/gblexprimer.com\/product\/achetez-mephedrone\/#primaryimage\"},\"image\":{\"@id\":\"https:\/\/gblexprimer.com\/product\/achetez-mephedrone\/#primaryimage\"},\"thumbnailUrl\":\"https:\/\/gblexprimer.com\/wp-content\/uploads\/2024\/11\/Mephedrone.jpg\",\"datePublished\":\"2024-11-26T06:06:29+00:00\",\"dateModified\":\"2026-04-13T04:20:36+00:00\",\"description\":\"Achetez de la m\u00e9ph\u00e9drone pure (MefeDron) en ligne sur GBlexprimer. Disponible en pilules, cristaux, poudres. Livraison rapide et paiement s\u00e9curis\u00e9. Commandez maintenant !\",\"breadcrumb\":{\"@id\":\"https:\/\/gblexprimer.com\/product\/achetez-mephedrone\/#breadcrumb\"},\"inLanguage\":\"en-US\",\"potentialAction\":[{\"@type\":\"ReadAction\",\"target\":[\"https:\/\/gblexprimer.com\/product\/achetez-mephedrone\/\"]}]},{\"@type\":\"ImageObject\",\"inLanguage\":\"en-US\",\"@id\":\"https:\/\/gblexprimer.com\/product\/achetez-mephedrone\/#primaryimage\",\"url\":\"https:\/\/gblexprimer.com\/wp-content\/uploads\/2024\/11\/Mephedrone.jpg\",\"contentUrl\":\"https:\/\/gblexprimer.com\/wp-content\/uploads\/2024\/11\/Mephedrone.jpg\",\"width\":600,\"height\":600,\"caption\":\"M\u00e9ph\u00e9drone\"},{\"@type\":\"BreadcrumbList\",\"@id\":\"https:\/\/gblexprimer.com\/product\/achetez-mephedrone\/#breadcrumb\",\"itemListElement\":[{\"@type\":\"ListItem\",\"position\":1,\"name\":\"Home\",\"item\":\"https:\/\/gblexprimer.com\/\"},{\"@type\":\"ListItem\",\"position\":2,\"name\":\"Shop\",\"item\":\"https:\/\/gblexprimer.com\/shop\/\"},{\"@type\":\"ListItem\",\"position\":3,\"name\":\"M\u00e9ph\u00e9drone\"}]},{\"@type\":\"WebSite\",\"@id\":\"https:\/\/gblexprimer.com\/#website\",\"url\":\"https:\/\/gblexprimer.com\/\",\"name\":\"GBL Exprimer\",\"description\":\"\",\"publisher\":{\"@id\":\"https:\/\/gblexprimer.com\/#organization\"},\"potentialAction\":[{\"@type\":\"SearchAction\",\"target\":{\"@type\":\"EntryPoint\",\"urlTemplate\":\"https:\/\/gblexprimer.com\/?s={search_term_string}\"},\"query-input\":{\"@type\":\"PropertyValueSpecification\",\"valueRequired\":true,\"valueName\":\"search_term_string\"}}],\"inLanguage\":\"en-US\"},{\"@type\":\"Organization\",\"@id\":\"https:\/\/gblexprimer.com\/#organization\",\"name\":\"GBL Exprimer\",\"url\":\"https:\/\/gblexprimer.com\/\",\"logo\":{\"@type\":\"ImageObject\",\"inLanguage\":\"en-US\",\"@id\":\"https:\/\/gblexprimer.com\/#\/schema\/logo\/image\/\",\"url\":\"https:\/\/gblexprimer.com\/wp-content\/uploads\/2024\/01\/logo.png\",\"contentUrl\":\"https:\/\/gblexprimer.com\/wp-content\/uploads\/2024\/01\/logo.png\",\"width\":220,\"height\":80,\"caption\":\"GBL Exprimer\"},\"image\":{\"@id\":\"https:\/\/gblexprimer.com\/#\/schema\/logo\/image\/\"}}]}<\/script>\n<!-- \/ Yoast SEO plugin. -->","yoast_head_json":{"title":"Buy Mephedrone (MefeDron) Online | GBlexprimer","description":"Buy pure mephedrone (MefeDron) online at GBlexprimer. Available in pills, crystals and powders. Fast delivery and secure payment. Order now!","robots":{"index":"index","follow":"follow","max-snippet":"max-snippet:-1","max-image-preview":"max-image-preview:large","max-video-preview":"max-video-preview:-1"},"canonical":"https:\/\/gblexprimer.com\/en\/product\/buy-mephedrone\/","og_locale":"en_US","og_type":"article","og_title":"Achetez de la M\u00e9ph\u00e9drone (MefeDron) en Ligne | GBlexprimer","og_description":"Achetez de la m\u00e9ph\u00e9drone pure (MefeDron) en ligne sur GBlexprimer. Disponible en pilules, cristaux, poudres. Livraison rapide et paiement s\u00e9curis\u00e9. Commandez maintenant !","og_url":"https:\/\/gblexprimer.com\/en\/product\/buy-mephedrone\/","og_site_name":"GBL Exprimer","article_modified_time":"2026-04-13T04:20:36+00:00","og_image":[{"width":600,"height":600,"url":"https:\/\/gblexprimer.com\/wp-content\/uploads\/2024\/11\/Mephedrone.jpg","type":"image\/jpeg"}],"twitter_card":"summary_large_image","twitter_misc":{"Est. reading time":"3 minutes"},"schema":{"@context":"https:\/\/schema.org","@graph":[{"@type":"WebPage","@id":"https:\/\/gblexprimer.com\/product\/achetez-mephedrone\/","url":"https:\/\/gblexprimer.com\/product\/achetez-mephedrone\/","name":"Buy Mephedrone (MefeDron) Online | GBlexprimer","isPartOf":{"@id":"https:\/\/gblexprimer.com\/#website"},"primaryImageOfPage":{"@id":"https:\/\/gblexprimer.com\/product\/achetez-mephedrone\/#primaryimage"},"image":{"@id":"https:\/\/gblexprimer.com\/product\/achetez-mephedrone\/#primaryimage"},"thumbnailUrl":"https:\/\/gblexprimer.com\/wp-content\/uploads\/2024\/11\/Mephedrone.jpg","datePublished":"2024-11-26T06:06:29+00:00","dateModified":"2026-04-13T04:20:36+00:00","description":"Buy pure mephedrone (MefeDron) online at GBlexprimer. Available in pills, crystals and powders. Fast delivery and secure payment. Order now!","breadcrumb":{"@id":"https:\/\/gblexprimer.com\/product\/achetez-mephedrone\/#breadcrumb"},"inLanguage":"en-US","potentialAction":[{"@type":"ReadAction","target":["https:\/\/gblexprimer.com\/product\/achetez-mephedrone\/"]}]},{"@type":"ImageObject","inLanguage":"en-US","@id":"https:\/\/gblexprimer.com\/product\/achetez-mephedrone\/#primaryimage","url":"https:\/\/gblexprimer.com\/wp-content\/uploads\/2024\/11\/Mephedrone.jpg","contentUrl":"https:\/\/gblexprimer.com\/wp-content\/uploads\/2024\/11\/Mephedrone.jpg","width":600,"height":600,"caption":"M\u00e9ph\u00e9drone"},{"@type":"BreadcrumbList","@id":"https:\/\/gblexprimer.com\/product\/achetez-mephedrone\/#breadcrumb","itemListElement":[{"@type":"ListItem","position":1,"name":"Home","item":"https:\/\/gblexprimer.com\/"},{"@type":"ListItem","position":2,"name":"Shop","item":"https:\/\/gblexprimer.com\/shop\/"},{"@type":"ListItem","position":3,"name":"M\u00e9ph\u00e9drone"}]},{"@type":"WebSite","@id":"https:\/\/gblexprimer.com\/#website","url":"https:\/\/gblexprimer.com\/","name":"GBL Express","description":"","publisher":{"@id":"https:\/\/gblexprimer.com\/#organization"},"potentialAction":[{"@type":"SearchAction","target":{"@type":"EntryPoint","urlTemplate":"https:\/\/gblexprimer.com\/?s={search_term_string}"},"query-input":{"@type":"PropertyValueSpecification","valueRequired":true,"valueName":"search_term_string"}}],"inLanguage":"en-US"},{"@type":"Organization","@id":"https:\/\/gblexprimer.com\/#organization","name":"GBL Express","url":"https:\/\/gblexprimer.com\/","logo":{"@type":"ImageObject","inLanguage":"en-US","@id":"https:\/\/gblexprimer.com\/#\/schema\/logo\/image\/","url":"https:\/\/gblexprimer.com\/wp-content\/uploads\/2024\/01\/logo.png","contentUrl":"https:\/\/gblexprimer.com\/wp-content\/uploads\/2024\/01\/logo.png","width":220,"height":80,"caption":"GBL Exprimer"},"image":{"@id":"https:\/\/gblexprimer.com\/#\/schema\/logo\/image\/"}}]}},"_links":{"self":[{"href":"https:\/\/gblexprimer.com\/en\/wp-json\/wp\/v2\/product\/5035","targetHints":{"allow":["GET"]}}],"collection":[{"href":"https:\/\/gblexprimer.com\/en\/wp-json\/wp\/v2\/product"}],"about":[{"href":"https:\/\/gblexprimer.com\/en\/wp-json\/wp\/v2\/types\/product"}],"replies":[{"embeddable":true,"href":"https:\/\/gblexprimer.com\/en\/wp-json\/wp\/v2\/comments?post=5035"}],"wp:featuredmedia":[{"embeddable":true,"href":"https:\/\/gblexprimer.com\/en\/wp-json\/wp\/v2\/media\/5284"}],"wp:attachment":[{"href":"https:\/\/gblexprimer.com\/en\/wp-json\/wp\/v2\/media?parent=5035"}],"wp:term":[{"taxonomy":"product_brand","embeddable":true,"href":"https:\/\/gblexprimer.com\/en\/wp-json\/wp\/v2\/product_brand?post=5035"},{"taxonomy":"product_cat","embeddable":true,"href":"https:\/\/gblexprimer.com\/en\/wp-json\/wp\/v2\/product_cat?post=5035"},{"taxonomy":"product_tag","embeddable":true,"href":"https:\/\/gblexprimer.com\/en\/wp-json\/wp\/v2\/product_tag?post=5035"}],"curies":[{"name":"wp","href":"https:\/\/api.w.org\/{rel}","templated":true}]}}