{"id":5036,"date":"2024-11-26T06:06:34","date_gmt":"2024-11-26T06:06:34","guid":{"rendered":"https:\/\/gblexprimer.com\/?post_type=product&#038;p=5036"},"modified":"2026-04-13T04:20:56","modified_gmt":"2026-04-13T04:20:56","slug":"methamphetamine","status":"publish","type":"product","link":"https:\/\/gblexprimer.com\/en\/product\/methamphetamine\/","title":{"rendered":"Methamphetamine"},"content":{"rendered":"<h3><strong>Buy Methamphetamine (Metamfetamina) Online at GBlexprimer<\/strong><\/h3>\n<p><strong>Visit <a href=\"https:\/\/gblexprimer.com\/en\/product\/methamphetamine\/\">methamphetamine<\/a><\/strong>also known as <strong>Metamfetamina<\/strong>is a powerful central nervous system stimulant. Renowned for its energizing and euphoric effects, it is used both recreationally and for scientific studies. At <a href=\"https:\/\/gblexprimer.com\/en\/\"><strong>GBlexpress<\/strong><\/a>we propose <strong>high-quality methamphetamine<\/strong>with secure payment options, discreet packaging and fast delivery <strong>Buy Methamphetamine<\/strong><a href=\"https:\/\/gblexpress.com\/shop\/kaufen-alprazolam-pulver-100g-online\/\">.<\/a><\/p>\n<h3><strong>Applications and Uses of Methamphetamine (Metamfetamina)<\/strong><\/h3>\n<h4><strong>Recreational use<\/strong><\/h4>\n<p>Visit <strong>methamphetamine<\/strong> is appreciated for its stimulating effects on alertness, energy and concentration, often sought after in festive or intensive contexts.<\/p>\n<h4><strong>Scientific Research<\/strong><\/h4>\n<p>In the laboratories, <strong>the <a href=\"https:\/\/en.wikipedia.org\/wiki\/Methamphetamine\">methamphetamine<\/a><\/strong> is studied for its interactions with neurotransmitters such as dopamine, and its impact on the brain's reward and motivation systems.<\/p>\n<h4><strong>Available shapes<\/strong><\/h4>\n<p>On <strong>GBlexpress<\/strong>the <strong>methamphetamine<\/strong> is available in a variety of forms, including crystals, powders and tablets, tailored to your specific needs.<\/p>\n<h3><strong>Why buy Methamphetamine from GBlexprimer?<\/strong><\/h3>\n<h4><strong>1. High Quality Methamphetamine<\/strong><\/h4>\n<p>Our <strong>methamphetamine<\/strong> is rigorously tested to guarantee its purity and efficacy, meeting the highest standards.<\/p>\n<h4><strong>2. Reliable Methamphetamine Suppliers<\/strong><\/h4>\n<p>With a solid reputation, <strong>GBlexpress<\/strong> is recognized as a trusted supplier for <strong>pure methamphetamine<\/strong>ideal for research or other controlled applications.<\/p>\n<h4><strong>3. Secure Transactions and Discrete Packaging<\/strong><\/h4>\n<p>We guarantee secure payments and total confidentiality thanks to discreet packaging, ensuring a worry-free shopping experience.<\/p>\n<h4><strong>4. Fast, reliable delivery<\/strong><\/h4>\n<p>Thanks to our tried-and-tested logistics, we can deliver your order quickly and reliably, whatever the quantity.<\/p>\n<h4><strong>5. Competitive Awards<\/strong><\/h4>\n<p>Take advantage of <a href=\"https:\/\/gblexprimer.com\/en\/product\/poppers\/\"><strong>best prices on methamphetamine<\/strong><\/a>with options for individual and bulk orders.<\/p>\n<h3><strong>Buy Methamphetamine Online Today<\/strong><\/h3>\n<p><strong>GBlexpress<\/strong> is your trusted partner for buying <strong>methamphetamine (Metamfetamina)<\/strong>. We offer top-quality products with fast delivery, secure payment and excellent customer service. <strong>Order now<\/strong> to benefit from our competitive prices and reliable, confidential purchasing experience. <a href=\"https:\/\/gblexprimer.com\/en\/product\/methamphetamine\/\"><strong>Faites vos achats d\u00e8s aujourd&rsquo;hui<\/strong><\/a><\/p>","protected":false},"excerpt":{"rendered":"<p class=\"ds-markdown-paragraph\"><strong>Buy methamphetamine online<\/strong><br \/>\n<strong>Buy crystal meth online | Crystal meth en vente en ligne | Crystal meth<\/strong><br \/>\nOur refined methamphetamine is now sourced from Europe, Mexico and Canada, due to restrictions in the USA. This research chemical has <strong>no undesirable side effects<\/strong> during and after the action. <strong>Smoking<\/strong> gives <strong>stronger effects<\/strong>.<\/p>\n<p class=\"ds-markdown-paragraph\">Despite the best efforts of the authorities, the <strong>the purest methamphetamine<\/strong> available - known as <strong>\u00abBlue stuff\u00bb<\/strong> - can now be purchased over the Internet. This <strong>methamphetamine candy<\/strong> is perfect for fans of Breaking Bad.<\/p>\n<h3><strong>How does M\u00e9ph\u00e9drone work?<\/strong><\/h3>\n<p>Visit <strong>mephedrone<\/strong> acts by increasing the <strong>neurotransmitter release<\/strong> (dopamine, serotonin) while blocking their reuptake, resulting in increased energy, euphoria and cognitive capacity.<\/p>\n<ul>\n<li><strong>Effects start :<\/strong> 15-45 minutes.<\/li>\n<li><strong>Duration :<\/strong> 3 to 5 hours.<\/li>\n<\/ul>\n<h3><strong>Formulas and Data<\/strong><\/h3>\n<ul>\n<li><strong>Chemical name :<\/strong> 4-Methylmethcathinone<\/li>\n<li><strong>Molecular formula :<\/strong> C11H15NO<\/li>\n<li><strong>Molecular weight :<\/strong> 177.24 g\/mol<\/li>\n<\/ul>","protected":false},"featured_media":5283,"comment_status":"open","ping_status":"closed","template":"","meta":{"site-sidebar-layout":"default","site-content-layout":"","ast-site-content-layout":"default","site-content-style":"default","site-sidebar-style":"default","ast-global-header-display":"","ast-banner-title-visibility":"","ast-main-header-display":"","ast-hfb-above-header-display":"","ast-hfb-below-header-display":"","ast-hfb-mobile-header-display":"","site-post-title":"","ast-breadcrumbs-content":"","ast-featured-img":"","footer-sml-layout":"","theme-transparent-header-meta":"default","adv-header-id-meta":"","stick-header-meta":"","header-above-stick-meta":"","header-main-stick-meta":"","header-below-stick-meta":"","astra-migrate-meta-layouts":"set","ast-page-background-enabled":"default","ast-page-background-meta":{"desktop":{"background-color":"","background-image":"","background-repeat":"repeat","background-position":"center center","background-size":"auto","background-attachment":"scroll","background-type":"","background-media":"","overlay-type":"","overlay-color":"","overlay-opacity":"","overlay-gradient":""},"tablet":{"background-color":"","background-image":"","background-repeat":"repeat","background-position":"center center","background-size":"auto","background-attachment":"scroll","background-type":"","background-media":"","overlay-type":"","overlay-color":"","overlay-opacity":"","overlay-gradient":""},"mobile":{"background-color":"","background-image":"","background-repeat":"repeat","background-position":"center center","background-size":"auto","background-attachment":"scroll","background-type":"","background-media":"","overlay-type":"","overlay-color":"","overlay-opacity":"","overlay-gradient":""}},"ast-content-background-meta":{"desktop":{"background-color":"var(--ast-global-color-5)","background-image":"","background-repeat":"repeat","background-position":"center center","background-size":"auto","background-attachment":"scroll","background-type":"","background-media":"","overlay-type":"","overlay-color":"","overlay-opacity":"","overlay-gradient":""},"tablet":{"background-color":"var(--ast-global-color-5)","background-image":"","background-repeat":"repeat","background-position":"center center","background-size":"auto","background-attachment":"scroll","background-type":"","background-media":"","overlay-type":"","overlay-color":"","overlay-opacity":"","overlay-gradient":""},"mobile":{"background-color":"var(--ast-global-color-5)","background-image":"","background-repeat":"repeat","background-position":"center center","background-size":"auto","background-attachment":"scroll","background-type":"","background-media":"","overlay-type":"","overlay-color":"","overlay-opacity":"","overlay-gradient":""}},"_joinchat":[]},"product_brand":[],"product_cat":[141],"product_tag":[316,320,334,324,318,317,330,319,323,321,322,331,325,327,326,328,332,329,333],"class_list":{"0":"post-5036","1":"product","2":"type-product","3":"status-publish","4":"has-post-thumbnail","6":"product_cat-sex-meth","7":"product_tag-achetez-methamphetamine","8":"product_tag-commandez-methamphetamine-en-ligne","9":"product_tag-fournisseurs-de-methamphetamine-fiables","10":"product_tag-fournisseurs-fiables-de-methamphetamine","11":"product_tag-metamfetamina-pure","12":"product_tag-methamphetamine-a-vendre","13":"product_tag-methamphetamine-authentique","14":"product_tag-methamphetamine-de-haute-qualite","15":"product_tag-methamphetamine-en-comprimes","16":"product_tag-methamphetamine-en-cristaux","17":"product_tag-methamphetamine-en-poudre","18":"product_tag-methamphetamine-livraison-discrete","19":"product_tag-methamphetamine-livraison-rapide","20":"product_tag-methamphetamine-pour-recherche","21":"product_tag-methamphetamine-pure-en-ligne","22":"product_tag-methamphetamine-recreative","23":"product_tag-ou-acheter-methamphetamine","24":"product_tag-prix-de-la-methamphetamine","25":"product_tag-produits-premium-methamphetamine","26":"desktop-align-left","27":"tablet-align-left","28":"mobile-align-left","30":"first","31":"instock","32":"shipping-taxable","33":"purchasable","34":"product-type-variable"},"yoast_head":"<!-- This site is optimized with the Yoast SEO plugin v26.9 - https:\/\/yoast.com\/product\/yoast-seo-wordpress\/ -->\n<title>Achetez de la M\u00e9thamph\u00e9tamine (Metamfetamina) | GBlexprimer<\/title>\n<meta name=\"description\" content=\"Achetez de la m\u00e9thamph\u00e9tamine pure (Metamfetamina) en ligne sur GBlexprimer. Disponible en cristaux, poudres, comprim\u00e9s. Livraison rapide et paiement s\u00e9curis\u00e9. Commandez d\u00e8s aujourd\u2019hui !\" \/>\n<meta name=\"robots\" content=\"index, follow, max-snippet:-1, max-image-preview:large, max-video-preview:-1\" \/>\n<link rel=\"canonical\" href=\"https:\/\/gblexprimer.com\/en\/product\/methamphetamine\/\" \/>\n<meta property=\"og:locale\" content=\"en_US\" \/>\n<meta property=\"og:type\" content=\"article\" \/>\n<meta property=\"og:title\" content=\"Achetez de la M\u00e9thamph\u00e9tamine (Metamfetamina) | GBlexprimer\" \/>\n<meta property=\"og:description\" content=\"Achetez de la m\u00e9thamph\u00e9tamine pure (Metamfetamina) en ligne sur GBlexprimer. Disponible en cristaux, poudres, comprim\u00e9s. Livraison rapide et paiement s\u00e9curis\u00e9. Commandez d\u00e8s aujourd\u2019hui !\" \/>\n<meta property=\"og:url\" content=\"https:\/\/gblexprimer.com\/en\/product\/methamphetamine\/\" \/>\n<meta property=\"og:site_name\" content=\"GBL Exprimer\" \/>\n<meta property=\"article:modified_time\" content=\"2026-04-13T04:20:56+00:00\" \/>\n<meta property=\"og:image\" content=\"https:\/\/gblexprimer.com\/wp-content\/uploads\/2024\/11\/Methamphetamine.jpg\" \/>\n\t<meta property=\"og:image:width\" content=\"600\" \/>\n\t<meta property=\"og:image:height\" content=\"600\" \/>\n\t<meta property=\"og:image:type\" content=\"image\/jpeg\" \/>\n<meta name=\"twitter:card\" content=\"summary_large_image\" \/>\n<meta name=\"twitter:label1\" content=\"Est. reading time\" \/>\n\t<meta name=\"twitter:data1\" content=\"2 minutes\" \/>\n<script type=\"application\/ld+json\" class=\"yoast-schema-graph\">{\"@context\":\"https:\/\/schema.org\",\"@graph\":[{\"@type\":\"WebPage\",\"@id\":\"https:\/\/gblexprimer.com\/product\/methamphetamine\/\",\"url\":\"https:\/\/gblexprimer.com\/product\/methamphetamine\/\",\"name\":\"Achetez de la M\u00e9thamph\u00e9tamine (Metamfetamina) | GBlexprimer\",\"isPartOf\":{\"@id\":\"https:\/\/gblexprimer.com\/#website\"},\"primaryImageOfPage\":{\"@id\":\"https:\/\/gblexprimer.com\/product\/methamphetamine\/#primaryimage\"},\"image\":{\"@id\":\"https:\/\/gblexprimer.com\/product\/methamphetamine\/#primaryimage\"},\"thumbnailUrl\":\"https:\/\/gblexprimer.com\/wp-content\/uploads\/2024\/11\/Methamphetamine.jpg\",\"datePublished\":\"2024-11-26T06:06:34+00:00\",\"dateModified\":\"2026-04-13T04:20:56+00:00\",\"description\":\"Achetez de la m\u00e9thamph\u00e9tamine pure (Metamfetamina) en ligne sur GBlexprimer. Disponible en cristaux, poudres, comprim\u00e9s. Livraison rapide et paiement s\u00e9curis\u00e9. Commandez d\u00e8s aujourd\u2019hui !\",\"breadcrumb\":{\"@id\":\"https:\/\/gblexprimer.com\/product\/methamphetamine\/#breadcrumb\"},\"inLanguage\":\"en-US\",\"potentialAction\":[{\"@type\":\"ReadAction\",\"target\":[\"https:\/\/gblexprimer.com\/product\/methamphetamine\/\"]}]},{\"@type\":\"ImageObject\",\"inLanguage\":\"en-US\",\"@id\":\"https:\/\/gblexprimer.com\/product\/methamphetamine\/#primaryimage\",\"url\":\"https:\/\/gblexprimer.com\/wp-content\/uploads\/2024\/11\/Methamphetamine.jpg\",\"contentUrl\":\"https:\/\/gblexprimer.com\/wp-content\/uploads\/2024\/11\/Methamphetamine.jpg\",\"width\":600,\"height\":600,\"caption\":\"M\u00e9thamph\u00e9tamine\"},{\"@type\":\"BreadcrumbList\",\"@id\":\"https:\/\/gblexprimer.com\/product\/methamphetamine\/#breadcrumb\",\"itemListElement\":[{\"@type\":\"ListItem\",\"position\":1,\"name\":\"Home\",\"item\":\"https:\/\/gblexprimer.com\/\"},{\"@type\":\"ListItem\",\"position\":2,\"name\":\"Shop\",\"item\":\"https:\/\/gblexprimer.com\/shop\/\"},{\"@type\":\"ListItem\",\"position\":3,\"name\":\"M\u00e9thamph\u00e9tamine\"}]},{\"@type\":\"WebSite\",\"@id\":\"https:\/\/gblexprimer.com\/#website\",\"url\":\"https:\/\/gblexprimer.com\/\",\"name\":\"GBL Exprimer\",\"description\":\"\",\"publisher\":{\"@id\":\"https:\/\/gblexprimer.com\/#organization\"},\"potentialAction\":[{\"@type\":\"SearchAction\",\"target\":{\"@type\":\"EntryPoint\",\"urlTemplate\":\"https:\/\/gblexprimer.com\/?s={search_term_string}\"},\"query-input\":{\"@type\":\"PropertyValueSpecification\",\"valueRequired\":true,\"valueName\":\"search_term_string\"}}],\"inLanguage\":\"en-US\"},{\"@type\":\"Organization\",\"@id\":\"https:\/\/gblexprimer.com\/#organization\",\"name\":\"GBL Exprimer\",\"url\":\"https:\/\/gblexprimer.com\/\",\"logo\":{\"@type\":\"ImageObject\",\"inLanguage\":\"en-US\",\"@id\":\"https:\/\/gblexprimer.com\/#\/schema\/logo\/image\/\",\"url\":\"https:\/\/gblexprimer.com\/wp-content\/uploads\/2024\/01\/logo.png\",\"contentUrl\":\"https:\/\/gblexprimer.com\/wp-content\/uploads\/2024\/01\/logo.png\",\"width\":220,\"height\":80,\"caption\":\"GBL Exprimer\"},\"image\":{\"@id\":\"https:\/\/gblexprimer.com\/#\/schema\/logo\/image\/\"}}]}<\/script>\n<!-- \/ Yoast SEO plugin. -->","yoast_head_json":{"title":"Buy Methamphetamine (Metamfetamina) | GBlexprimer","description":"Buy pure methamphetamine (Metamfetamina) online at GBlexprimer. Available in crystals, powders and tablets. Fast delivery and secure payment. Order today!","robots":{"index":"index","follow":"follow","max-snippet":"max-snippet:-1","max-image-preview":"max-image-preview:large","max-video-preview":"max-video-preview:-1"},"canonical":"https:\/\/gblexprimer.com\/en\/product\/methamphetamine\/","og_locale":"en_US","og_type":"article","og_title":"Achetez de la M\u00e9thamph\u00e9tamine (Metamfetamina) | GBlexprimer","og_description":"Achetez de la m\u00e9thamph\u00e9tamine pure (Metamfetamina) en ligne sur GBlexprimer. Disponible en cristaux, poudres, comprim\u00e9s. Livraison rapide et paiement s\u00e9curis\u00e9. Commandez d\u00e8s aujourd\u2019hui !","og_url":"https:\/\/gblexprimer.com\/en\/product\/methamphetamine\/","og_site_name":"GBL Exprimer","article_modified_time":"2026-04-13T04:20:56+00:00","og_image":[{"width":600,"height":600,"url":"https:\/\/gblexprimer.com\/wp-content\/uploads\/2024\/11\/Methamphetamine.jpg","type":"image\/jpeg"}],"twitter_card":"summary_large_image","twitter_misc":{"Est. reading time":"2 minutes"},"schema":{"@context":"https:\/\/schema.org","@graph":[{"@type":"WebPage","@id":"https:\/\/gblexprimer.com\/product\/methamphetamine\/","url":"https:\/\/gblexprimer.com\/product\/methamphetamine\/","name":"Buy Methamphetamine (Metamfetamina) | GBlexprimer","isPartOf":{"@id":"https:\/\/gblexprimer.com\/#website"},"primaryImageOfPage":{"@id":"https:\/\/gblexprimer.com\/product\/methamphetamine\/#primaryimage"},"image":{"@id":"https:\/\/gblexprimer.com\/product\/methamphetamine\/#primaryimage"},"thumbnailUrl":"https:\/\/gblexprimer.com\/wp-content\/uploads\/2024\/11\/Methamphetamine.jpg","datePublished":"2024-11-26T06:06:34+00:00","dateModified":"2026-04-13T04:20:56+00:00","description":"Buy pure methamphetamine (Metamfetamina) online at GBlexprimer. Available in crystals, powders and tablets. Fast delivery and secure payment. Order today!","breadcrumb":{"@id":"https:\/\/gblexprimer.com\/product\/methamphetamine\/#breadcrumb"},"inLanguage":"en-US","potentialAction":[{"@type":"ReadAction","target":["https:\/\/gblexprimer.com\/product\/methamphetamine\/"]}]},{"@type":"ImageObject","inLanguage":"en-US","@id":"https:\/\/gblexprimer.com\/product\/methamphetamine\/#primaryimage","url":"https:\/\/gblexprimer.com\/wp-content\/uploads\/2024\/11\/Methamphetamine.jpg","contentUrl":"https:\/\/gblexprimer.com\/wp-content\/uploads\/2024\/11\/Methamphetamine.jpg","width":600,"height":600,"caption":"M\u00e9thamph\u00e9tamine"},{"@type":"BreadcrumbList","@id":"https:\/\/gblexprimer.com\/product\/methamphetamine\/#breadcrumb","itemListElement":[{"@type":"ListItem","position":1,"name":"Home","item":"https:\/\/gblexprimer.com\/"},{"@type":"ListItem","position":2,"name":"Shop","item":"https:\/\/gblexprimer.com\/shop\/"},{"@type":"ListItem","position":3,"name":"M\u00e9thamph\u00e9tamine"}]},{"@type":"WebSite","@id":"https:\/\/gblexprimer.com\/#website","url":"https:\/\/gblexprimer.com\/","name":"GBL Express","description":"","publisher":{"@id":"https:\/\/gblexprimer.com\/#organization"},"potentialAction":[{"@type":"SearchAction","target":{"@type":"EntryPoint","urlTemplate":"https:\/\/gblexprimer.com\/?s={search_term_string}"},"query-input":{"@type":"PropertyValueSpecification","valueRequired":true,"valueName":"search_term_string"}}],"inLanguage":"en-US"},{"@type":"Organization","@id":"https:\/\/gblexprimer.com\/#organization","name":"GBL Express","url":"https:\/\/gblexprimer.com\/","logo":{"@type":"ImageObject","inLanguage":"en-US","@id":"https:\/\/gblexprimer.com\/#\/schema\/logo\/image\/","url":"https:\/\/gblexprimer.com\/wp-content\/uploads\/2024\/01\/logo.png","contentUrl":"https:\/\/gblexprimer.com\/wp-content\/uploads\/2024\/01\/logo.png","width":220,"height":80,"caption":"GBL Exprimer"},"image":{"@id":"https:\/\/gblexprimer.com\/#\/schema\/logo\/image\/"}}]}},"_links":{"self":[{"href":"https:\/\/gblexprimer.com\/en\/wp-json\/wp\/v2\/product\/5036","targetHints":{"allow":["GET"]}}],"collection":[{"href":"https:\/\/gblexprimer.com\/en\/wp-json\/wp\/v2\/product"}],"about":[{"href":"https:\/\/gblexprimer.com\/en\/wp-json\/wp\/v2\/types\/product"}],"replies":[{"embeddable":true,"href":"https:\/\/gblexprimer.com\/en\/wp-json\/wp\/v2\/comments?post=5036"}],"wp:featuredmedia":[{"embeddable":true,"href":"https:\/\/gblexprimer.com\/en\/wp-json\/wp\/v2\/media\/5283"}],"wp:attachment":[{"href":"https:\/\/gblexprimer.com\/en\/wp-json\/wp\/v2\/media?parent=5036"}],"wp:term":[{"taxonomy":"product_brand","embeddable":true,"href":"https:\/\/gblexprimer.com\/en\/wp-json\/wp\/v2\/product_brand?post=5036"},{"taxonomy":"product_cat","embeddable":true,"href":"https:\/\/gblexprimer.com\/en\/wp-json\/wp\/v2\/product_cat?post=5036"},{"taxonomy":"product_tag","embeddable":true,"href":"https:\/\/gblexprimer.com\/en\/wp-json\/wp\/v2\/product_tag?post=5036"}],"curies":[{"name":"wp","href":"https:\/\/api.w.org\/{rel}","templated":true}]}}