{"id":5048,"date":"2024-11-26T06:13:51","date_gmt":"2024-11-26T06:13:51","guid":{"rendered":"https:\/\/gblexprimer.com\/?post_type=product&#038;p=5048"},"modified":"2026-04-13T04:21:44","modified_gmt":"2026-04-13T04:21:44","slug":"steroides","status":"publish","type":"product","link":"https:\/\/gblexprimer.com\/en\/product\/steroides\/","title":{"rendered":"Steroids"},"content":{"rendered":"<h2><strong>Buy Steroids (Sterydy) Online on GBlexprimer<\/strong><\/h2>\n<p><a href=\"https:\/\/gblexprimer.com\/en\/product\/steroides\/\"><strong>Steroids<\/strong><\/a>also known as <strong>Steroids<\/strong>, are synthetic compounds used to enhance physical performance, improve muscle mass, and sometimes for medical purposes. These products are popular with athletes, bodybuilders, and individuals looking to maximize their strength and endurance. At <a href=\"https:\/\/gblexprimer.com\/en\/\"><strong>GBlexpress<\/strong><\/a>We offer a wide range of <strong>high quality steroids<\/strong>rigorously tested, with fast, discreet delivery options Buy M\u00e9ph\u00e9drone.<a href=\"https:\/\/gblexpress.com\/shop\/tilidin-ratiopharm-plus-50-4-mg-tilidin-naloxon\/\">.<\/a><\/p>\n<p><strong>Dianabol 10mg<\/strong><br \/>\n<strong>Anavar 50mg<\/strong><br \/>\n<strong>Testosterone 250mg<\/strong><br \/>\n<strong>Deca Durabin 300mg<\/strong><\/p>\n<h3><strong>Why choose GB exprimer for your steroids?<\/strong><\/h3>\n<h4><strong>High quality steroids<\/strong><\/h4>\n<p>Our <a href=\"https:\/\/en.wikipedia.org\/wiki\/Steroid\"><strong>steroids<\/strong><\/a> are selected for their effectiveness and safety. We offer authentic products, including recognized brands such as <strong>Dianabol<\/strong>, <strong>Testosterone<\/strong>, <strong>Anavar<\/strong>, <strong>Trenbolone<\/strong>and much more<a href=\"https:\/\/gblexprimer.com\/en\/product\/-59\/\">.<\/a><\/p>\n<h4><strong>Fast and discreet delivery<\/strong><\/h4>\n<p>With GBlexprimer, your <strong>steroids<\/strong> are delivered promptly, in discreet packaging to guarantee your confidentiality.<\/p>\n<h4><strong>Secure payments<\/strong><\/h4>\n<p>We offer secure payment methods for a worry-free shopping experience.<\/p>\n<h4><strong>Competitive Awards<\/strong><\/h4>\n<p>Take advantage of <a href=\"https:\/\/gblexprimer.com\/en\/product\/testosteron-250mg\/\"><strong>best prices on steroids<\/strong><\/a>with options for individual and bulk orders.<\/p>\n<h3><strong>Applications and Uses of Steroids (Sterydy)<\/strong><\/h3>\n<h4><strong>Improving physical performance<\/strong><\/h4>\n<p>Steroids are prized by athletes and bodybuilders for increasing strength, endurance and recovery capacity.<\/p>\n<h4><strong>Building muscle mass<\/strong><\/h4>\n<p>Used in intense training sessions, the <strong>steroids<\/strong> contribute to a rapid increase in muscle mass and better body definition.<\/p>\n<h4><strong>Medical Applications<\/strong><\/h4>\n<p>Some steroids, such as <strong>testosterona<\/strong> or corticosteroids, are prescribed to treat hormonal disorders or reduce inflammation.<\/p>\n<h3><strong>Buy Steroids (Sterydy) Online Today<\/strong><\/h3>\n<p>Whether you are looking for <strong>oral steroids<\/strong>and <strong>injectable steroids<\/strong>, or specific products such as <strong>Dianabol<\/strong> or the <strong>Trenbolone<\/strong>, <strong>GBlexpress<\/strong> is your reliable supplier. Our products are authentic, our deliveries are fast and our customer service is exceptional. <strong>Buy steroids online today<\/strong> and find out why we are the preferred choice of athletes and bodybuilders. <a href=\"https:\/\/gblexprimer.com\/en\/product\/steroides\/\">Produits de confiance<\/a><\/p>","protected":false},"excerpt":{"rendered":"<p><strong>Steroids<\/strong>or <strong>steroids<\/strong>, are synthetic or natural organic compounds, widely used for their anabolic properties and effects on metabolic processes. They are widely studied for their role in performance enhancement, muscle regeneration and medical treatments. The <strong>steroids<\/strong> are also being explored in the laboratory for their impact on cell development and hormone regulation.<\/p>\n<h3><strong>How Sterydy works<\/strong><\/h3>\n<p>Visit <strong>steroids<\/strong> act by mimicking natural hormones such as <strong>testosterona<\/strong>, This stimulates muscle growth and improves recovery.<\/p>\n<ul>\n<li><strong>Main effects :<\/strong> Increases protein synthesis, stimulates muscle growth and reduces inflammation.<\/li>\n<li><strong>Mode of action :<\/strong> Binding to hormone receptors to activate anabolic processes in cells.<\/li>\n<li><strong>Duration of effects :<\/strong> Varies according to type of steroid and method of administration.<\/li>\n<\/ul>\n<h3><strong>Formulas and Data<\/strong><\/h3>\n<ul>\n<li><strong>Common types :<\/strong>\n<ul>\n<li><strong>Anabolic steroids<\/strong> Testosterone, Nandrolone.<\/li>\n<li><strong>Corticosteroid steroids<\/strong> Prednisolone, Dexamethasone.<\/li>\n<\/ul>\n<\/li>\n<li><strong>Molecular formulae :<\/strong> Depends on the specific compound (e.g. C19H28O2 for testosterone).<\/li>\n<\/ul>","protected":false},"featured_media":5278,"comment_status":"open","ping_status":"closed","template":"","meta":{"site-sidebar-layout":"default","site-content-layout":"","ast-site-content-layout":"default","site-content-style":"default","site-sidebar-style":"default","ast-global-header-display":"","ast-banner-title-visibility":"","ast-main-header-display":"","ast-hfb-above-header-display":"","ast-hfb-below-header-display":"","ast-hfb-mobile-header-display":"","site-post-title":"","ast-breadcrumbs-content":"","ast-featured-img":"","footer-sml-layout":"","theme-transparent-header-meta":"default","adv-header-id-meta":"","stick-header-meta":"","header-above-stick-meta":"","header-main-stick-meta":"","header-below-stick-meta":"","astra-migrate-meta-layouts":"set","ast-page-background-enabled":"default","ast-page-background-meta":{"desktop":{"background-color":"","background-image":"","background-repeat":"repeat","background-position":"center center","background-size":"auto","background-attachment":"scroll","background-type":"","background-media":"","overlay-type":"","overlay-color":"","overlay-opacity":"","overlay-gradient":""},"tablet":{"background-color":"","background-image":"","background-repeat":"repeat","background-position":"center center","background-size":"auto","background-attachment":"scroll","background-type":"","background-media":"","overlay-type":"","overlay-color":"","overlay-opacity":"","overlay-gradient":""},"mobile":{"background-color":"","background-image":"","background-repeat":"repeat","background-position":"center center","background-size":"auto","background-attachment":"scroll","background-type":"","background-media":"","overlay-type":"","overlay-color":"","overlay-opacity":"","overlay-gradient":""}},"ast-content-background-meta":{"desktop":{"background-color":"var(--ast-global-color-5)","background-image":"","background-repeat":"repeat","background-position":"center center","background-size":"auto","background-attachment":"scroll","background-type":"","background-media":"","overlay-type":"","overlay-color":"","overlay-opacity":"","overlay-gradient":""},"tablet":{"background-color":"var(--ast-global-color-5)","background-image":"","background-repeat":"repeat","background-position":"center center","background-size":"auto","background-attachment":"scroll","background-type":"","background-media":"","overlay-type":"","overlay-color":"","overlay-opacity":"","overlay-gradient":""},"mobile":{"background-color":"var(--ast-global-color-5)","background-image":"","background-repeat":"repeat","background-position":"center center","background-size":"auto","background-attachment":"scroll","background-type":"","background-media":"","overlay-type":"","overlay-color":"","overlay-opacity":"","overlay-gradient":""}},"_joinchat":[]},"product_brand":[],"product_cat":[141],"product_tag":[356,362,360,375,361,365,374,370,372,371,357,358,368,369,376,373,366,367,359,364,363],"class_list":{"0":"post-5048","1":"product","2":"type-product","3":"status-publish","4":"has-post-thumbnail","6":"product_cat-sex-meth","7":"product_tag-achetez-steroides","8":"product_tag-anavar-authentique","9":"product_tag-commandez-steroides-en-ligne","10":"product_tag-commandez-sterydy-maintenant","11":"product_tag-dianabol-a-vendre","12":"product_tag-fournisseurs-fiables-de-steroides","13":"product_tag-meilleurs-steroides-en-ligne","14":"product_tag-ou-acheter-des-steroides","15":"product_tag-prix-abordables-pour-steroides","16":"product_tag-produits-premium-steroides","17":"product_tag-steroides-a-vendre","18":"product_tag-steroides-authentiques","19":"product_tag-steroides-injectables","20":"product_tag-steroides-oraux","21":"product_tag-steroides-pour-athletes-et-bodybuilders","22":"product_tag-steroides-pour-force-et-endurance","23":"product_tag-steroides-pour-musculation","24":"product_tag-steroides-pour-performance-sportive","25":"product_tag-sterydy-de-haute-qualite","26":"product_tag-testosterone-livraison-rapide","27":"product_tag-trenbolone-pure","28":"desktop-align-left","29":"tablet-align-left","30":"mobile-align-left","32":"first","33":"instock","34":"shipping-taxable","35":"purchasable","36":"product-type-variable"},"yoast_head":"<!-- This site is optimized with the Yoast SEO plugin v26.9 - https:\/\/yoast.com\/product\/yoast-seo-wordpress\/ -->\n<title>Achetez des St\u00e9ro\u00efdes (Sterydy) en Ligne | Haute Qualit\u00e9<\/title>\n<meta name=\"description\" content=\"Achetez des st\u00e9ro\u00efdes (Sterydy) en ligne sur GBlexprimer. Produits authentiques pour performances physiques et musculation. Livraison rapide et paiement s\u00e9curis\u00e9. Commandez maintenant !\" \/>\n<meta name=\"robots\" content=\"index, follow, max-snippet:-1, max-image-preview:large, max-video-preview:-1\" \/>\n<link rel=\"canonical\" href=\"https:\/\/gblexprimer.com\/en\/product\/steroides\/\" \/>\n<meta property=\"og:locale\" content=\"en_US\" \/>\n<meta property=\"og:type\" content=\"article\" \/>\n<meta property=\"og:title\" content=\"Achetez des St\u00e9ro\u00efdes (Sterydy) en Ligne | Haute Qualit\u00e9\" \/>\n<meta property=\"og:description\" content=\"Achetez des st\u00e9ro\u00efdes (Sterydy) en ligne sur GBlexprimer. Produits authentiques pour performances physiques et musculation. Livraison rapide et paiement s\u00e9curis\u00e9. Commandez maintenant !\" \/>\n<meta property=\"og:url\" content=\"https:\/\/gblexprimer.com\/en\/product\/steroides\/\" \/>\n<meta property=\"og:site_name\" content=\"GBL Exprimer\" \/>\n<meta property=\"article:modified_time\" content=\"2026-04-13T04:21:44+00:00\" \/>\n<meta property=\"og:image\" content=\"https:\/\/gblexprimer.com\/wp-content\/uploads\/2024\/11\/Steroides.jpg\" \/>\n\t<meta property=\"og:image:width\" content=\"600\" \/>\n\t<meta property=\"og:image:height\" content=\"600\" \/>\n\t<meta property=\"og:image:type\" content=\"image\/jpeg\" \/>\n<meta name=\"twitter:card\" content=\"summary_large_image\" \/>\n<meta name=\"twitter:label1\" content=\"Est. reading time\" \/>\n\t<meta name=\"twitter:data1\" content=\"2 minutes\" \/>\n<script type=\"application\/ld+json\" class=\"yoast-schema-graph\">{\"@context\":\"https:\/\/schema.org\",\"@graph\":[{\"@type\":\"WebPage\",\"@id\":\"https:\/\/gblexprimer.com\/product\/steroides\/\",\"url\":\"https:\/\/gblexprimer.com\/product\/steroides\/\",\"name\":\"Achetez des St\u00e9ro\u00efdes (Sterydy) en Ligne | Haute Qualit\u00e9\",\"isPartOf\":{\"@id\":\"https:\/\/gblexprimer.com\/#website\"},\"primaryImageOfPage\":{\"@id\":\"https:\/\/gblexprimer.com\/product\/steroides\/#primaryimage\"},\"image\":{\"@id\":\"https:\/\/gblexprimer.com\/product\/steroides\/#primaryimage\"},\"thumbnailUrl\":\"https:\/\/gblexprimer.com\/wp-content\/uploads\/2024\/11\/Steroides.jpg\",\"datePublished\":\"2024-11-26T06:13:51+00:00\",\"dateModified\":\"2026-04-13T04:21:44+00:00\",\"description\":\"Achetez des st\u00e9ro\u00efdes (Sterydy) en ligne sur GBlexprimer. Produits authentiques pour performances physiques et musculation. Livraison rapide et paiement s\u00e9curis\u00e9. Commandez maintenant !\",\"breadcrumb\":{\"@id\":\"https:\/\/gblexprimer.com\/product\/steroides\/#breadcrumb\"},\"inLanguage\":\"en-US\",\"potentialAction\":[{\"@type\":\"ReadAction\",\"target\":[\"https:\/\/gblexprimer.com\/product\/steroides\/\"]}]},{\"@type\":\"ImageObject\",\"inLanguage\":\"en-US\",\"@id\":\"https:\/\/gblexprimer.com\/product\/steroides\/#primaryimage\",\"url\":\"https:\/\/gblexprimer.com\/wp-content\/uploads\/2024\/11\/Steroides.jpg\",\"contentUrl\":\"https:\/\/gblexprimer.com\/wp-content\/uploads\/2024\/11\/Steroides.jpg\",\"width\":600,\"height\":600,\"caption\":\"St\u00e9ro\u00efdes\"},{\"@type\":\"BreadcrumbList\",\"@id\":\"https:\/\/gblexprimer.com\/product\/steroides\/#breadcrumb\",\"itemListElement\":[{\"@type\":\"ListItem\",\"position\":1,\"name\":\"Home\",\"item\":\"https:\/\/gblexprimer.com\/\"},{\"@type\":\"ListItem\",\"position\":2,\"name\":\"Shop\",\"item\":\"https:\/\/gblexprimer.com\/shop\/\"},{\"@type\":\"ListItem\",\"position\":3,\"name\":\"St\u00e9ro\u00efdes\"}]},{\"@type\":\"WebSite\",\"@id\":\"https:\/\/gblexprimer.com\/#website\",\"url\":\"https:\/\/gblexprimer.com\/\",\"name\":\"GBL Exprimer\",\"description\":\"\",\"publisher\":{\"@id\":\"https:\/\/gblexprimer.com\/#organization\"},\"potentialAction\":[{\"@type\":\"SearchAction\",\"target\":{\"@type\":\"EntryPoint\",\"urlTemplate\":\"https:\/\/gblexprimer.com\/?s={search_term_string}\"},\"query-input\":{\"@type\":\"PropertyValueSpecification\",\"valueRequired\":true,\"valueName\":\"search_term_string\"}}],\"inLanguage\":\"en-US\"},{\"@type\":\"Organization\",\"@id\":\"https:\/\/gblexprimer.com\/#organization\",\"name\":\"GBL Exprimer\",\"url\":\"https:\/\/gblexprimer.com\/\",\"logo\":{\"@type\":\"ImageObject\",\"inLanguage\":\"en-US\",\"@id\":\"https:\/\/gblexprimer.com\/#\/schema\/logo\/image\/\",\"url\":\"https:\/\/gblexprimer.com\/wp-content\/uploads\/2024\/01\/logo.png\",\"contentUrl\":\"https:\/\/gblexprimer.com\/wp-content\/uploads\/2024\/01\/logo.png\",\"width\":220,\"height\":80,\"caption\":\"GBL Exprimer\"},\"image\":{\"@id\":\"https:\/\/gblexprimer.com\/#\/schema\/logo\/image\/\"}}]}<\/script>\n<!-- \/ Yoast SEO plugin. -->","yoast_head_json":{"title":"Achetez des St\u00e9ro\u00efdes (Sterydy) en Ligne | Haute Qualit\u00e9","description":"Achetez des st\u00e9ro\u00efdes (Sterydy) en ligne sur GBlexprimer. Produits authentiques pour performances physiques et musculation. Livraison rapide et paiement s\u00e9curis\u00e9. Commandez maintenant !","robots":{"index":"index","follow":"follow","max-snippet":"max-snippet:-1","max-image-preview":"max-image-preview:large","max-video-preview":"max-video-preview:-1"},"canonical":"https:\/\/gblexprimer.com\/en\/product\/steroides\/","og_locale":"en_US","og_type":"article","og_title":"Achetez des St\u00e9ro\u00efdes (Sterydy) en Ligne | Haute Qualit\u00e9","og_description":"Achetez des st\u00e9ro\u00efdes (Sterydy) en ligne sur GBlexprimer. Produits authentiques pour performances physiques et musculation. Livraison rapide et paiement s\u00e9curis\u00e9. Commandez maintenant !","og_url":"https:\/\/gblexprimer.com\/en\/product\/steroides\/","og_site_name":"GBL Exprimer","article_modified_time":"2026-04-13T04:21:44+00:00","og_image":[{"width":600,"height":600,"url":"https:\/\/gblexprimer.com\/wp-content\/uploads\/2024\/11\/Steroides.jpg","type":"image\/jpeg"}],"twitter_card":"summary_large_image","twitter_misc":{"Est. reading time":"2 minutes"},"schema":{"@context":"https:\/\/schema.org","@graph":[{"@type":"WebPage","@id":"https:\/\/gblexprimer.com\/product\/steroides\/","url":"https:\/\/gblexprimer.com\/product\/steroides\/","name":"Achetez des St\u00e9ro\u00efdes (Sterydy) en Ligne | Haute Qualit\u00e9","isPartOf":{"@id":"https:\/\/gblexprimer.com\/#website"},"primaryImageOfPage":{"@id":"https:\/\/gblexprimer.com\/product\/steroides\/#primaryimage"},"image":{"@id":"https:\/\/gblexprimer.com\/product\/steroides\/#primaryimage"},"thumbnailUrl":"https:\/\/gblexprimer.com\/wp-content\/uploads\/2024\/11\/Steroides.jpg","datePublished":"2024-11-26T06:13:51+00:00","dateModified":"2026-04-13T04:21:44+00:00","description":"Achetez des st\u00e9ro\u00efdes (Sterydy) en ligne sur GBlexprimer. Produits authentiques pour performances physiques et musculation. Livraison rapide et paiement s\u00e9curis\u00e9. Commandez maintenant !","breadcrumb":{"@id":"https:\/\/gblexprimer.com\/product\/steroides\/#breadcrumb"},"inLanguage":"en-US","potentialAction":[{"@type":"ReadAction","target":["https:\/\/gblexprimer.com\/product\/steroides\/"]}]},{"@type":"ImageObject","inLanguage":"en-US","@id":"https:\/\/gblexprimer.com\/product\/steroides\/#primaryimage","url":"https:\/\/gblexprimer.com\/wp-content\/uploads\/2024\/11\/Steroides.jpg","contentUrl":"https:\/\/gblexprimer.com\/wp-content\/uploads\/2024\/11\/Steroides.jpg","width":600,"height":600,"caption":"St\u00e9ro\u00efdes"},{"@type":"BreadcrumbList","@id":"https:\/\/gblexprimer.com\/product\/steroides\/#breadcrumb","itemListElement":[{"@type":"ListItem","position":1,"name":"Home","item":"https:\/\/gblexprimer.com\/"},{"@type":"ListItem","position":2,"name":"Shop","item":"https:\/\/gblexprimer.com\/shop\/"},{"@type":"ListItem","position":3,"name":"St\u00e9ro\u00efdes"}]},{"@type":"WebSite","@id":"https:\/\/gblexprimer.com\/#website","url":"https:\/\/gblexprimer.com\/","name":"GBL Express","description":"","publisher":{"@id":"https:\/\/gblexprimer.com\/#organization"},"potentialAction":[{"@type":"SearchAction","target":{"@type":"EntryPoint","urlTemplate":"https:\/\/gblexprimer.com\/?s={search_term_string}"},"query-input":{"@type":"PropertyValueSpecification","valueRequired":true,"valueName":"search_term_string"}}],"inLanguage":"en-US"},{"@type":"Organization","@id":"https:\/\/gblexprimer.com\/#organization","name":"GBL Express","url":"https:\/\/gblexprimer.com\/","logo":{"@type":"ImageObject","inLanguage":"en-US","@id":"https:\/\/gblexprimer.com\/#\/schema\/logo\/image\/","url":"https:\/\/gblexprimer.com\/wp-content\/uploads\/2024\/01\/logo.png","contentUrl":"https:\/\/gblexprimer.com\/wp-content\/uploads\/2024\/01\/logo.png","width":220,"height":80,"caption":"GBL Exprimer"},"image":{"@id":"https:\/\/gblexprimer.com\/#\/schema\/logo\/image\/"}}]}},"_links":{"self":[{"href":"https:\/\/gblexprimer.com\/en\/wp-json\/wp\/v2\/product\/5048","targetHints":{"allow":["GET"]}}],"collection":[{"href":"https:\/\/gblexprimer.com\/en\/wp-json\/wp\/v2\/product"}],"about":[{"href":"https:\/\/gblexprimer.com\/en\/wp-json\/wp\/v2\/types\/product"}],"replies":[{"embeddable":true,"href":"https:\/\/gblexprimer.com\/en\/wp-json\/wp\/v2\/comments?post=5048"}],"wp:featuredmedia":[{"embeddable":true,"href":"https:\/\/gblexprimer.com\/en\/wp-json\/wp\/v2\/media\/5278"}],"wp:attachment":[{"href":"https:\/\/gblexprimer.com\/en\/wp-json\/wp\/v2\/media?parent=5048"}],"wp:term":[{"taxonomy":"product_brand","embeddable":true,"href":"https:\/\/gblexprimer.com\/en\/wp-json\/wp\/v2\/product_brand?post=5048"},{"taxonomy":"product_cat","embeddable":true,"href":"https:\/\/gblexprimer.com\/en\/wp-json\/wp\/v2\/product_cat?post=5048"},{"taxonomy":"product_tag","embeddable":true,"href":"https:\/\/gblexprimer.com\/en\/wp-json\/wp\/v2\/product_tag?post=5048"}],"curies":[{"name":"wp","href":"https:\/\/api.w.org\/{rel}","templated":true}]}}