{"id":5049,"date":"2024-11-26T06:13:53","date_gmt":"2024-11-26T06:13:53","guid":{"rendered":"https:\/\/gblexprimer.com\/?post_type=product&#038;p=5049"},"modified":"2026-04-11T08:00:17","modified_gmt":"2026-04-11T08:00:17","slug":"mdma-ekstaza","status":"publish","type":"product","link":"https:\/\/gblexprimer.com\/en\/product\/mdma-ekstaza\/","title":{"rendered":"MDMA (Ekstaza)"},"content":{"rendered":"<h2><strong>Acheter de la MDMA (Ecstasy) en ligne \u2013 GBLExprimer<br \/>\n<\/strong><\/h2>\n<p><strong>Visit <a href=\"https:\/\/gblexprimer.com\/en\/product\/mdma-ekstaza\/\">MDMA<\/a><\/strong>also known as<strong>Ecstasy<\/strong> or <strong>of Molly<\/strong>is a synthetic psychoactive substance renowned for its stimulant and empathogenic effects. Used mainly in recreational contexts, the <strong>MDMA<\/strong> is also being studied for its therapeutic potential, notably in the treatment of post-traumatic stress disorder (PTSD). At <a href=\"https:\/\/gblexprimer.com\/en\/\"><strong>GBlexpress<\/strong><\/a>we propose <strong>pure, high-quality MDMA<\/strong>, with secure transactions, discreet packaging and fast delivery. Buy MDMA.<\/p>\n<p class=\"ds-markdown-paragraph\"><a href=\"https:\/\/en.wikipedia.org\/wiki\/MDMA\"><strong>MDMA powder for sale<\/strong><\/a>, commonly known as \u00abecstasy\u00bb. MDMA has been at the heart of the UK acid house, rave and dance club scene for the past 20 years. Figures from the UK's annual crime survey suggest that ecstasy use has fallen since 2001. <strong>Buy pure MDMA powder and crystal online<\/strong>.<\/p>\n<p class=\"ds-markdown-paragraph\">This apparent decline is examined here in parallel with the concurrent emergence of a <strong>\u00aba \u00bbnew\" form of ecstasy<\/strong> in the United States - the <strong>MDMA powder or crystal<\/strong> - and\u00a0<strong>to the question of the extent to which this can be seen as a successful rebranding of ecstasy as a \u00abpremium\u00bb product, following users' disillusionment with cheap, readily available tablets,quality<\/strong>.<\/p>\n<p class=\"ds-markdown-paragraph\">These changes have taken place in a political context which, over the last decade, has given priority to the relationship between the public and private sectors. <strong>drugs-crime<\/strong>, by the <a href=\"https:\/\/gblexprimer.com\/en\/product\/medicaments-sedatifs\/\"><strong>coercive treatment<\/strong><\/a> of problematic users in the context of criminal interventions, alongside an emphasis on <strong>binge drinking<\/strong> and <strong>alcohol-related risks<\/strong>.<\/p>\n<p class=\"ds-markdown-paragraph\">This development has led to a <strong>significant reduction<\/strong> of information, support and treatment available to ecstasy users since the heyday of the <strong>risk reduction<\/strong> linked to dance drugs, initiated by the <strong>Safer Dancing<\/strong> in the mid-1990s. <strong>Buy pure MDMA online<\/strong>, in powder or crystal form.<\/p>\n<p class=\"ds-markdown-paragraph\"><strong>MDMA powder<\/strong><\/p>\n<p class=\"ds-markdown-paragraph\">Visit <strong>MDMA powder crystal<\/strong> is a drug that acts both as a <strong>stimulant<\/strong> and a <strong>psychedelic<\/strong> - to produce an energizing effect, as well as <strong>time distortions<\/strong> and perceptive skills <strong>increased empathy<\/strong>. It is usually taken in tablet or capsule form, and its effects last from 3 to 6 hours. The average reported dose is one to two tablets, with each tablet generally containing between 60 and 120 milligrams of <strong>MDMA on sale in the United States<\/strong>. It is not uncommon for users to take a second dose as the effects of the first begin to wear off.<\/p>\n<p class=\"ds-markdown-paragraph\"><strong>MDMA powder crystals online<\/strong> the <strong>3,4-methylenedioxymethamphetamine<\/strong> (MDMA) is a <strong>synthetic drug<\/strong> which alters mood and perception. It is chemically similar to both stimulants and hallucinogens, producing sensations of\u2019<strong>increased energy<\/strong>, of <strong>pleasure<\/strong>, of <strong>emotional warmth<\/strong>, as well as a <strong>distorted sensory and temporal perception<\/strong>.<\/p>\n<h3><strong>Applications and Uses of MDMA (Ekstaza)<\/strong><\/h3>\n<h4><strong>Recreational use<\/strong><\/h4>\n<p>Visit <a href=\"https:\/\/en.wikipedia.org\/wiki\/MDMA\"><strong>MDMA<\/strong><\/a> is popular at festivals, parties and events linked to club and rave culture, thanks to its effects on energy, sociability and sensory perception<a href=\"https:\/\/gblexpress.com\/shop\/gbl-online-kaufen-%ce%b3-butyrolacton-kaufen\/\">.<\/a><\/p>\n<h4><strong>Scientific and therapeutic research<\/strong><\/h4>\n<p>Recent studies show the potential of <strong>MDMA<\/strong> in the treatment of disorders such as PTSD and social anxiety. Researchers use <strong>MDMA<\/strong> to explore its interactions with serotonin and its neurochemical impact.<\/p>\n<h4><strong>Available shapes<\/strong><\/h4>\n<p>On <strong>GBlexpress<\/strong>you can buy <strong>MDMA in pill, capsule or crystal form<\/strong>according to your specific needs.<\/p>\n<h3><strong>Why buy MDMA from GBlexprimer?<\/strong><\/h3>\n<h4><strong>High Quality MDMA<\/strong><\/h4>\n<p>Our <strong>MDMA<\/strong> is rigorously tested to guarantee its purity and authenticity.<\/p>\n<h4><strong>Trusted Suppliers<\/strong><\/h4>\n<p>With a proven track record, we are reliable sellers of <strong>MDMA<\/strong> for all your needs.<\/p>\n<h4><strong>Secure Transactions and Discrete Packaging<\/strong><\/h4>\n<p>We ensure secure payments and confidential shipments to protect your privacy.<\/p>\n<h4><strong>Fast, reliable delivery<\/strong><\/h4>\n<p>Order online and receive your <strong>MDMA<\/strong> thanks to our efficient logistics network.<\/p>\n<h3><strong>Buy MDMA online today<\/strong><\/h3>\n<p>Looking for a place to buy <strong>MDMA<\/strong> online? At <strong>GBlexpress<\/strong>we offer <strong>High-quality MDMA pills, capsules and crystals<\/strong>. Take advantage of our <strong>best prices per gram<\/strong>, You'll benefit from our discreet delivery and fast service. Order now for a reliable, hassle-free experience. <strong>Buy MDMA online<\/strong> today and find out why we're the preferred choice for buyers of <strong>MDMA<\/strong>.<\/p>","protected":false},"excerpt":{"rendered":"<div class=\"ds-message _63c77b1\">\n<div class=\"ds-markdown\">\n<p class=\"ds-markdown-paragraph\"><strong>Order laboratory-tested MDMA tablets online.<\/strong><br \/>\nBuy MDMA online at <strong>gblexprimer<\/strong>. MDMA on sale now, with delivery <strong>safe and fast<\/strong> on a global scale.<\/p>\n<\/div>\n<\/div>\n<p>MDMA works by increasing the release of serotonin, dopamine and noradrenalin in the brain, while inhibiting their reuptake. This combination amplifies positive emotions, empathy and mental stimulation.<\/p>\n<ul>\n<li><strong>Main effects :<\/strong> Euphoria, a feeling of emotional closeness, and increased energy.<\/li>\n<li><strong>Mode of action :<\/strong> Direct interaction with neurotransmitter transporters to prolong their activity in the brain.<\/li>\n<\/ul>\n<h3><strong>Product formula and data<\/strong><\/h3>\n<ul>\n<li><strong>Chemical name :<\/strong> 3,4-Methylenedioxymethamphetamine<\/li>\n<li><strong>Molecular formula :<\/strong> C11H15NO2<\/li>\n<li><strong>Molar mass :<\/strong> 193.25 g\/mol<\/li>\n<\/ul>\n<h3><strong>Effects details<\/strong><\/h3>\n<ul>\n<li><strong>Effects start :<\/strong> 20 to 60 minutes after ingestion.<\/li>\n<li><strong>Peak effects :<\/strong> 2 to 4 hours.<\/li>\n<li><strong>Total duration :<\/strong> 4 to 6 hours, depending on dose and metabolism.<\/li>\n<\/ul>","protected":false},"featured_media":5133,"comment_status":"open","ping_status":"closed","template":"","meta":{"site-sidebar-layout":"default","site-content-layout":"","ast-site-content-layout":"default","site-content-style":"default","site-sidebar-style":"default","ast-global-header-display":"","ast-banner-title-visibility":"","ast-main-header-display":"","ast-hfb-above-header-display":"","ast-hfb-below-header-display":"","ast-hfb-mobile-header-display":"","site-post-title":"","ast-breadcrumbs-content":"","ast-featured-img":"","footer-sml-layout":"","theme-transparent-header-meta":"default","adv-header-id-meta":"","stick-header-meta":"","header-above-stick-meta":"","header-main-stick-meta":"","header-below-stick-meta":"","astra-migrate-meta-layouts":"set","ast-page-background-enabled":"default","ast-page-background-meta":{"desktop":{"background-color":"","background-image":"","background-repeat":"repeat","background-position":"center center","background-size":"auto","background-attachment":"scroll","background-type":"","background-media":"","overlay-type":"","overlay-color":"","overlay-opacity":"","overlay-gradient":""},"tablet":{"background-color":"","background-image":"","background-repeat":"repeat","background-position":"center center","background-size":"auto","background-attachment":"scroll","background-type":"","background-media":"","overlay-type":"","overlay-color":"","overlay-opacity":"","overlay-gradient":""},"mobile":{"background-color":"","background-image":"","background-repeat":"repeat","background-position":"center center","background-size":"auto","background-attachment":"scroll","background-type":"","background-media":"","overlay-type":"","overlay-color":"","overlay-opacity":"","overlay-gradient":""}},"ast-content-background-meta":{"desktop":{"background-color":"var(--ast-global-color-5)","background-image":"","background-repeat":"repeat","background-position":"center center","background-size":"auto","background-attachment":"scroll","background-type":"","background-media":"","overlay-type":"","overlay-color":"","overlay-opacity":"","overlay-gradient":""},"tablet":{"background-color":"var(--ast-global-color-5)","background-image":"","background-repeat":"repeat","background-position":"center center","background-size":"auto","background-attachment":"scroll","background-type":"","background-media":"","overlay-type":"","overlay-color":"","overlay-opacity":"","overlay-gradient":""},"mobile":{"background-color":"var(--ast-global-color-5)","background-image":"","background-repeat":"repeat","background-position":"center center","background-size":"auto","background-attachment":"scroll","background-type":"","background-media":"","overlay-type":"","overlay-color":"","overlay-opacity":"","overlay-gradient":""}},"_joinchat":[]},"product_brand":[],"product_cat":[141],"product_tag":[289,274,277,282,278,293,279,275,285,292,284,294,290,288,287,291,280,286,283,276,281],"class_list":{"0":"post-5049","1":"product","2":"type-product","3":"status-publish","4":"has-post-thumbnail","6":"product_cat-sex-meth","7":"product_tag-achat-securise-de-mdma","8":"product_tag-achetez-mdma","9":"product_tag-capsules-de-mdma","10":"product_tag-commandez-mdma-en-ligne","11":"product_tag-cristaux-de-mdma","12":"product_tag-fournisseur-authentique-de-mdma","13":"product_tag-fournisseurs-de-mdma-fiables","14":"product_tag-mdma-a-vendre","15":"product_tag-mdma-de-haute-qualite","16":"product_tag-mdma-disponible-immediatement","17":"product_tag-mdma-livraison-discrete","18":"product_tag-mdma-livraison-rapide","19":"product_tag-mdma-pour-raves","20":"product_tag-mdma-pour-recherche","21":"product_tag-mdma-pour-soirees","22":"product_tag-mdma-pure-a-vendre","23":"product_tag-mdma-pure-en-ligne","24":"product_tag-meilleurs-fournisseurs-de-mdma","25":"product_tag-ou-acheter-mdma","26":"product_tag-pilules-de-mdma","27":"product_tag-prix-de-la-mdma-par-gramme","28":"desktop-align-left","29":"tablet-align-left","30":"mobile-align-left","32":"first","33":"instock","34":"shipping-taxable","35":"purchasable","36":"product-type-variable"},"yoast_head":"<!-- This site is optimized with the Yoast SEO plugin v26.9 - https:\/\/yoast.com\/product\/yoast-seo-wordpress\/ -->\n<title>Achetez de la MDMA | Fournisseur Fiable sur GBlexprimer<\/title>\n<meta name=\"description\" content=\"Achetez de la MDMA en ligne sur GBlexprimer. MDMA de qualit\u00e9 sup\u00e9rieure : pilules, capsules, cristaux. Livraison rapide, paiement s\u00e9curis\u00e9, commandez maintenant !\" \/>\n<meta name=\"robots\" content=\"index, follow, max-snippet:-1, max-image-preview:large, max-video-preview:-1\" \/>\n<link rel=\"canonical\" href=\"https:\/\/gblexprimer.com\/en\/product\/mdma-ekstaza\/\" \/>\n<meta property=\"og:locale\" content=\"en_US\" \/>\n<meta property=\"og:type\" content=\"article\" \/>\n<meta property=\"og:title\" content=\"Achetez de la MDMA | Fournisseur Fiable sur GBlexprimer\" \/>\n<meta property=\"og:description\" content=\"Achetez de la MDMA en ligne sur GBlexprimer. MDMA de qualit\u00e9 sup\u00e9rieure : pilules, capsules, cristaux. Livraison rapide, paiement s\u00e9curis\u00e9, commandez maintenant !\" \/>\n<meta property=\"og:url\" content=\"https:\/\/gblexprimer.com\/en\/product\/mdma-ekstaza\/\" \/>\n<meta property=\"og:site_name\" content=\"GBL Exprimer\" \/>\n<meta property=\"article:modified_time\" content=\"2026-04-11T08:00:17+00:00\" \/>\n<meta property=\"og:image\" content=\"https:\/\/gblexprimer.com\/wp-content\/uploads\/2024\/11\/Mephedrone-MDMA-drug-rehabilitation-centre-South-Africa.jpg\" \/>\n\t<meta property=\"og:image:width\" content=\"615\" \/>\n\t<meta property=\"og:image:height\" content=\"409\" \/>\n\t<meta property=\"og:image:type\" content=\"image\/jpeg\" \/>\n<meta name=\"twitter:card\" content=\"summary_large_image\" \/>\n<meta name=\"twitter:label1\" content=\"Est. reading time\" \/>\n\t<meta name=\"twitter:data1\" content=\"4 minutes\" \/>\n<script type=\"application\/ld+json\" class=\"yoast-schema-graph\">{\"@context\":\"https:\/\/schema.org\",\"@graph\":[{\"@type\":\"WebPage\",\"@id\":\"https:\/\/gblexprimer.com\/product\/mdma-ekstaza\/\",\"url\":\"https:\/\/gblexprimer.com\/product\/mdma-ekstaza\/\",\"name\":\"Achetez de la MDMA | Fournisseur Fiable sur GBlexprimer\",\"isPartOf\":{\"@id\":\"https:\/\/gblexprimer.com\/#website\"},\"primaryImageOfPage\":{\"@id\":\"https:\/\/gblexprimer.com\/product\/mdma-ekstaza\/#primaryimage\"},\"image\":{\"@id\":\"https:\/\/gblexprimer.com\/product\/mdma-ekstaza\/#primaryimage\"},\"thumbnailUrl\":\"https:\/\/gblexprimer.com\/wp-content\/uploads\/2024\/11\/Mephedrone-MDMA-drug-rehabilitation-centre-South-Africa.jpg\",\"datePublished\":\"2024-11-26T06:13:53+00:00\",\"dateModified\":\"2026-04-11T08:00:17+00:00\",\"description\":\"Achetez de la MDMA en ligne sur GBlexprimer. MDMA de qualit\u00e9 sup\u00e9rieure : pilules, capsules, cristaux. Livraison rapide, paiement s\u00e9curis\u00e9, commandez maintenant !\",\"breadcrumb\":{\"@id\":\"https:\/\/gblexprimer.com\/product\/mdma-ekstaza\/#breadcrumb\"},\"inLanguage\":\"en-US\",\"potentialAction\":[{\"@type\":\"ReadAction\",\"target\":[\"https:\/\/gblexprimer.com\/product\/mdma-ekstaza\/\"]}]},{\"@type\":\"ImageObject\",\"inLanguage\":\"en-US\",\"@id\":\"https:\/\/gblexprimer.com\/product\/mdma-ekstaza\/#primaryimage\",\"url\":\"https:\/\/gblexprimer.com\/wp-content\/uploads\/2024\/11\/Mephedrone-MDMA-drug-rehabilitation-centre-South-Africa.jpg\",\"contentUrl\":\"https:\/\/gblexprimer.com\/wp-content\/uploads\/2024\/11\/Mephedrone-MDMA-drug-rehabilitation-centre-South-Africa.jpg\",\"width\":615,\"height\":409},{\"@type\":\"BreadcrumbList\",\"@id\":\"https:\/\/gblexprimer.com\/product\/mdma-ekstaza\/#breadcrumb\",\"itemListElement\":[{\"@type\":\"ListItem\",\"position\":1,\"name\":\"Home\",\"item\":\"https:\/\/gblexprimer.com\/\"},{\"@type\":\"ListItem\",\"position\":2,\"name\":\"Shop\",\"item\":\"https:\/\/gblexprimer.com\/shop\/\"},{\"@type\":\"ListItem\",\"position\":3,\"name\":\"MDMA (Ekstaza)\"}]},{\"@type\":\"WebSite\",\"@id\":\"https:\/\/gblexprimer.com\/#website\",\"url\":\"https:\/\/gblexprimer.com\/\",\"name\":\"GBL Exprimer\",\"description\":\"\",\"publisher\":{\"@id\":\"https:\/\/gblexprimer.com\/#organization\"},\"potentialAction\":[{\"@type\":\"SearchAction\",\"target\":{\"@type\":\"EntryPoint\",\"urlTemplate\":\"https:\/\/gblexprimer.com\/?s={search_term_string}\"},\"query-input\":{\"@type\":\"PropertyValueSpecification\",\"valueRequired\":true,\"valueName\":\"search_term_string\"}}],\"inLanguage\":\"en-US\"},{\"@type\":\"Organization\",\"@id\":\"https:\/\/gblexprimer.com\/#organization\",\"name\":\"GBL Exprimer\",\"url\":\"https:\/\/gblexprimer.com\/\",\"logo\":{\"@type\":\"ImageObject\",\"inLanguage\":\"en-US\",\"@id\":\"https:\/\/gblexprimer.com\/#\/schema\/logo\/image\/\",\"url\":\"https:\/\/gblexprimer.com\/wp-content\/uploads\/2024\/01\/logo.png\",\"contentUrl\":\"https:\/\/gblexprimer.com\/wp-content\/uploads\/2024\/01\/logo.png\",\"width\":220,\"height\":80,\"caption\":\"GBL Exprimer\"},\"image\":{\"@id\":\"https:\/\/gblexprimer.com\/#\/schema\/logo\/image\/\"}}]}<\/script>\n<!-- \/ Yoast SEO plugin. -->","yoast_head_json":{"title":"Buy MDMA | Reliable Supplier on GBlexprimer","description":"Buy MDMA online at GBlexprimer. High-quality MDMA: pills, capsules, crystals. Fast delivery, secure payment, order now!","robots":{"index":"index","follow":"follow","max-snippet":"max-snippet:-1","max-image-preview":"max-image-preview:large","max-video-preview":"max-video-preview:-1"},"canonical":"https:\/\/gblexprimer.com\/en\/product\/mdma-ekstaza\/","og_locale":"en_US","og_type":"article","og_title":"Achetez de la MDMA | Fournisseur Fiable sur GBlexprimer","og_description":"Achetez de la MDMA en ligne sur GBlexprimer. MDMA de qualit\u00e9 sup\u00e9rieure : pilules, capsules, cristaux. Livraison rapide, paiement s\u00e9curis\u00e9, commandez maintenant !","og_url":"https:\/\/gblexprimer.com\/en\/product\/mdma-ekstaza\/","og_site_name":"GBL Exprimer","article_modified_time":"2026-04-11T08:00:17+00:00","og_image":[{"width":615,"height":409,"url":"https:\/\/gblexprimer.com\/wp-content\/uploads\/2024\/11\/Mephedrone-MDMA-drug-rehabilitation-centre-South-Africa.jpg","type":"image\/jpeg"}],"twitter_card":"summary_large_image","twitter_misc":{"Est. reading time":"4 minutes"},"schema":{"@context":"https:\/\/schema.org","@graph":[{"@type":"WebPage","@id":"https:\/\/gblexprimer.com\/product\/mdma-ekstaza\/","url":"https:\/\/gblexprimer.com\/product\/mdma-ekstaza\/","name":"Buy MDMA | Reliable Supplier on GBlexprimer","isPartOf":{"@id":"https:\/\/gblexprimer.com\/#website"},"primaryImageOfPage":{"@id":"https:\/\/gblexprimer.com\/product\/mdma-ekstaza\/#primaryimage"},"image":{"@id":"https:\/\/gblexprimer.com\/product\/mdma-ekstaza\/#primaryimage"},"thumbnailUrl":"https:\/\/gblexprimer.com\/wp-content\/uploads\/2024\/11\/Mephedrone-MDMA-drug-rehabilitation-centre-South-Africa.jpg","datePublished":"2024-11-26T06:13:53+00:00","dateModified":"2026-04-11T08:00:17+00:00","description":"Buy MDMA online at GBlexprimer. High-quality MDMA: pills, capsules, crystals. Fast delivery, secure payment, order now!","breadcrumb":{"@id":"https:\/\/gblexprimer.com\/product\/mdma-ekstaza\/#breadcrumb"},"inLanguage":"en-US","potentialAction":[{"@type":"ReadAction","target":["https:\/\/gblexprimer.com\/product\/mdma-ekstaza\/"]}]},{"@type":"ImageObject","inLanguage":"en-US","@id":"https:\/\/gblexprimer.com\/product\/mdma-ekstaza\/#primaryimage","url":"https:\/\/gblexprimer.com\/wp-content\/uploads\/2024\/11\/Mephedrone-MDMA-drug-rehabilitation-centre-South-Africa.jpg","contentUrl":"https:\/\/gblexprimer.com\/wp-content\/uploads\/2024\/11\/Mephedrone-MDMA-drug-rehabilitation-centre-South-Africa.jpg","width":615,"height":409},{"@type":"BreadcrumbList","@id":"https:\/\/gblexprimer.com\/product\/mdma-ekstaza\/#breadcrumb","itemListElement":[{"@type":"ListItem","position":1,"name":"Home","item":"https:\/\/gblexprimer.com\/"},{"@type":"ListItem","position":2,"name":"Shop","item":"https:\/\/gblexprimer.com\/shop\/"},{"@type":"ListItem","position":3,"name":"MDMA (Ekstaza)"}]},{"@type":"WebSite","@id":"https:\/\/gblexprimer.com\/#website","url":"https:\/\/gblexprimer.com\/","name":"GBL Express","description":"","publisher":{"@id":"https:\/\/gblexprimer.com\/#organization"},"potentialAction":[{"@type":"SearchAction","target":{"@type":"EntryPoint","urlTemplate":"https:\/\/gblexprimer.com\/?s={search_term_string}"},"query-input":{"@type":"PropertyValueSpecification","valueRequired":true,"valueName":"search_term_string"}}],"inLanguage":"en-US"},{"@type":"Organization","@id":"https:\/\/gblexprimer.com\/#organization","name":"GBL Express","url":"https:\/\/gblexprimer.com\/","logo":{"@type":"ImageObject","inLanguage":"en-US","@id":"https:\/\/gblexprimer.com\/#\/schema\/logo\/image\/","url":"https:\/\/gblexprimer.com\/wp-content\/uploads\/2024\/01\/logo.png","contentUrl":"https:\/\/gblexprimer.com\/wp-content\/uploads\/2024\/01\/logo.png","width":220,"height":80,"caption":"GBL Exprimer"},"image":{"@id":"https:\/\/gblexprimer.com\/#\/schema\/logo\/image\/"}}]}},"_links":{"self":[{"href":"https:\/\/gblexprimer.com\/en\/wp-json\/wp\/v2\/product\/5049","targetHints":{"allow":["GET"]}}],"collection":[{"href":"https:\/\/gblexprimer.com\/en\/wp-json\/wp\/v2\/product"}],"about":[{"href":"https:\/\/gblexprimer.com\/en\/wp-json\/wp\/v2\/types\/product"}],"replies":[{"embeddable":true,"href":"https:\/\/gblexprimer.com\/en\/wp-json\/wp\/v2\/comments?post=5049"}],"wp:featuredmedia":[{"embeddable":true,"href":"https:\/\/gblexprimer.com\/en\/wp-json\/wp\/v2\/media\/5133"}],"wp:attachment":[{"href":"https:\/\/gblexprimer.com\/en\/wp-json\/wp\/v2\/media?parent=5049"}],"wp:term":[{"taxonomy":"product_brand","embeddable":true,"href":"https:\/\/gblexprimer.com\/en\/wp-json\/wp\/v2\/product_brand?post=5049"},{"taxonomy":"product_cat","embeddable":true,"href":"https:\/\/gblexprimer.com\/en\/wp-json\/wp\/v2\/product_cat?post=5049"},{"taxonomy":"product_tag","embeddable":true,"href":"https:\/\/gblexprimer.com\/en\/wp-json\/wp\/v2\/product_tag?post=5049"}],"curies":[{"name":"wp","href":"https:\/\/api.w.org\/{rel}","templated":true}]}}