{"id":5051,"date":"2024-11-26T06:14:03","date_gmt":"2024-11-26T06:14:03","guid":{"rendered":"https:\/\/gblexprimer.com\/?post_type=product&#038;p=5051"},"modified":"2026-04-11T08:01:24","modified_gmt":"2026-04-11T08:01:24","slug":"medicaments-sedatifs","status":"publish","type":"product","link":"https:\/\/gblexprimer.com\/en\/product\/medicaments-sedatifs\/","title":{"rendered":"Sedative drugs"},"content":{"rendered":"<h2><strong><span style=\"vertical-align: inherit;\"><span style=\"vertical-align: inherit;\">Buy Sedative Medications Online at GBlexprime<\/span><\/span><\/strong><\/h2>\n<p><a href=\"https:\/\/gblexprimer.com\/en\/product\/medicaments-sedatifs\/\"><strong><span style=\"vertical-align: inherit;\"><span style=\"vertical-align: inherit;\">Sedative medications<\/span><\/span><\/strong><\/a><span style=\"vertical-align: inherit;\"><span style=\"vertical-align: inherit;\"> , also known as tranquilizers or calming agents, are pharmaceutical substances used to reduce stress, anxiety, and promote peaceful sleep. These medications work by modulating the central nervous system, providing an effective solution for people suffering from emotional or sleep disturbances. At<\/span><\/span><a href=\"https:\/\/gblexprimer.com\/en\/\"><strong><span style=\"vertical-align: inherit;\"><span style=\"vertical-align: inherit;\"> GBlexpress<\/span><\/span><\/strong><\/a><span style=\"vertical-align: inherit;\"><span style=\"vertical-align: inherit;\"> , we offer<\/span><\/span><strong><span style=\"vertical-align: inherit;\"><span style=\"vertical-align: inherit;\"> a range of high-quality sedative medications<\/span><\/span><\/strong><span style=\"vertical-align: inherit;\"><span style=\"vertical-align: inherit;\"> , including popular products such as<\/span><\/span><strong><span style=\"vertical-align: inherit;\"><span style=\"vertical-align: inherit;\"> diazepam, lorazepam, alprazolam, clonazepam, and zolpidem<\/span><\/span><\/strong><span style=\"vertical-align: inherit;\"><span style=\"vertical-align: inherit;\"> . Our services include secure transactions, discreet packaging, and fast delivery to meet your needs with complete peace of mind. Buy Sedative Medications<\/span><\/span><a href=\"https:\/\/gblexprimer.com\/en\/ritalin\/\"><span style=\"vertical-align: inherit;\"><span style=\"vertical-align: inherit;\"> .<\/span><\/span><\/a><\/p>\n<h3><strong><span style=\"vertical-align: inherit;\"><span style=\"vertical-align: inherit;\">Category of Available Sedative Drugs<\/span><\/span><\/strong><\/h3>\n<h4><strong><span style=\"vertical-align: inherit;\"><span style=\"vertical-align: inherit;\">Benzodiazepines<\/span><\/span><\/strong><\/h4>\n<p><span style=\"vertical-align: inherit;\"><span style=\"vertical-align: inherit;\">Benzodiazepines are among the most commonly prescribed sedatives for treating anxiety, sleep disorders, and panic attacks. Here are some examples <\/span><\/span><a href=\"https:\/\/gblexpress.com\/ghb\/\"><span style=\"vertical-align: inherit;\"><span style=\"vertical-align: inherit;\">:<\/span><\/span><\/a><\/p>\n<ul>\n<li><strong><span style=\"vertical-align: inherit;\"><span style=\"vertical-align: inherit;\">Diazepam (Valium)<\/span><\/span><\/strong><span style=\"vertical-align: inherit;\"><span style=\"vertical-align: inherit;\"> Used to reduce anxiety and muscle spasms.<\/span><\/span><\/li>\n<li><strong><span style=\"vertical-align: inherit;\"><span style=\"vertical-align: inherit;\">Lorazepam (Ativan)<\/span><\/span><\/strong><span style=\"vertical-align: inherit;\"><span style=\"vertical-align: inherit;\"> Effective against acute anxiety and sleep disturbances.<\/span><\/span><\/li>\n<li><strong><span style=\"vertical-align: inherit;\"><span style=\"vertical-align: inherit;\">Alprazolam (Xanax)<\/span><\/span><\/strong><span style=\"vertical-align: inherit;\"><span style=\"vertical-align: inherit;\"> Prescribed for anxiety disorders and panic attacks.<\/span><\/span><\/li>\n<li><strong><span style=\"vertical-align: inherit;\"><span style=\"vertical-align: inherit;\">Clonazepam (Klonopin)<\/span><\/span><\/strong><span style=\"vertical-align: inherit;\"><span style=\"vertical-align: inherit;\"> Used to treat anxiety, panic disorders, and epilepsy.<\/span><\/span><\/li>\n<\/ul>\n<h4><strong><span style=\"vertical-align: inherit;\"><span style=\"vertical-align: inherit;\">Non-benzodiazepines (Z-drugs)<\/span><\/span><\/strong><\/h4>\n<p><span style=\"vertical-align: inherit;\"><span style=\"vertical-align: inherit;\">These medications, often used to treat insomnia, include:<\/span><\/span><\/p>\n<ul>\n<li><strong><span style=\"vertical-align: inherit;\"><span style=\"vertical-align: inherit;\">Zolpidem (Stilnox)<\/span><\/span><\/strong><span style=\"vertical-align: inherit;\"><span style=\"vertical-align: inherit;\"> Fast falling asleep aid for restful sleep.<\/span><\/span><\/li>\n<li><strong><span style=\"vertical-align: inherit;\"><span style=\"vertical-align: inherit;\">Eszopiclone<\/span><\/span><\/strong><span style=\"vertical-align: inherit;\"><span style=\"vertical-align: inherit;\"> : Promotes longer sleep with fewer side effects.<\/span><\/span><\/li>\n<\/ul>\n<h4><strong><span style=\"vertical-align: inherit;\"><span style=\"vertical-align: inherit;\">Barbiturates<\/span><\/span><\/strong><\/h4>\n<p><span style=\"vertical-align: inherit;\"><span style=\"vertical-align: inherit;\">Although less commonly used today, barbiturates such as <\/span><\/span><a href=\"https:\/\/gblexprimer.com\/en\/product\/lsd-kwas\/\"><strong><span style=\"vertical-align: inherit;\"><span style=\"vertical-align: inherit;\">phenobarbital<\/span><\/span><\/strong><\/a><span style=\"vertical-align: inherit;\"><span style=\"vertical-align: inherit;\"> are sometimes prescribed to treat sleep disorders and as antiepileptics.<\/span><\/span><\/p>\n<h4><strong><span style=\"vertical-align: inherit;\"><span style=\"vertical-align: inherit;\">Antihistamines<\/span><\/span><\/strong><\/h4>\n<p><span style=\"vertical-align: inherit;\"><span style=\"vertical-align: inherit;\">Some antihistamines such as <\/span><\/span><strong><span style=\"vertical-align: inherit;\"><span style=\"vertical-align: inherit;\">promethazine<\/span><\/span><\/strong><span style=\"vertical-align: inherit;\"><span style=\"vertical-align: inherit;\"> and hydroxyzine <\/span><\/span><strong><span style=\"vertical-align: inherit;\"><span style=\"vertical-align: inherit;\">are<\/span><\/span><\/strong><span style=\"vertical-align: inherit;\"><span style=\"vertical-align: inherit;\"> also used as sedatives for their calming effect on the central nervous system.<\/span><\/span><\/p>\n<h4><strong><span style=\"vertical-align: inherit;\"><span style=\"vertical-align: inherit;\">Other Common Sedatives<\/span><\/span><\/strong><\/h4>\n<ul>\n<li><strong><span style=\"vertical-align: inherit;\"><span style=\"vertical-align: inherit;\">Melatonin<\/span><\/span><\/strong><span style=\"vertical-align: inherit;\"><span style=\"vertical-align: inherit;\"> Natural supplement to improve sleep.<\/span><\/span><\/li>\n<li><strong><span style=\"vertical-align: inherit;\"><span style=\"vertical-align: inherit;\">Trazodone<\/span><\/span><\/strong><span style=\"vertical-align: inherit;\"><span style=\"vertical-align: inherit;\"> An antidepressant often prescribed for insomnia.<\/span><\/span><\/li>\n<\/ul>\n<h3><strong><span style=\"vertical-align: inherit;\"><span style=\"vertical-align: inherit;\">Applications and Uses of Sedative Drugs<\/span><\/span><\/strong><\/h3>\n<h4><strong><span style=\"vertical-align: inherit;\"><span style=\"vertical-align: inherit;\">Anxiety and Stress Management<\/span><\/span><\/strong><\/h4>\n<p><span style=\"vertical-align: inherit;\"><span style=\"vertical-align: inherit;\">These medications provide fast relief for people suffering from chronic anxiety or excessive stress, allowing for a better quality of life.<\/span><\/span><\/p>\n<h4><strong><span style=\"vertical-align: inherit;\"><span style=\"vertical-align: inherit;\">Sleep Aid<\/span><\/span><\/strong><\/h4>\n<p><span style=\"vertical-align: inherit;\"><span style=\"vertical-align: inherit;\">Sleep disorders, including insomnia, can be effectively managed with these medications, which promote rapid onset of sleep and restful sleep.<\/span><\/span><\/p>\n<h4><strong><span style=\"vertical-align: inherit;\"><span style=\"vertical-align: inherit;\">Therapeutic Support<\/span><\/span><\/strong><\/h4>\n<p><span style=\"vertical-align: inherit;\"><span style=\"vertical-align: inherit;\">In combination with behavioral therapies, these medications can help patients better manage intense emotions or psychological crises.<\/span><\/span><\/p>\n<h3><strong><span style=\"vertical-align: inherit;\"><span style=\"vertical-align: inherit;\">Why Buy Sedative Medications from GBlexprime?<\/span><\/span><\/strong><\/h3>\n<h4><strong><span style=\"vertical-align: inherit;\"><span style=\"vertical-align: inherit;\">Wide Range of Products<\/span><\/span><\/strong><\/h4>\n<p><span style=\"vertical-align: inherit;\"><span style=\"vertical-align: inherit;\">We offer a diverse selection of sedative medications tailored to your specific needs.<\/span><\/span><\/p>\n<h4><strong><span style=\"vertical-align: inherit;\"><span style=\"vertical-align: inherit;\">Superior Quality and Reliability<\/span><\/span><\/strong><\/h4>\n<p><span style=\"vertical-align: inherit;\"><span style=\"vertical-align: inherit;\">All our products are rigorously tested to ensure their effectiveness and safety.<\/span><\/span><\/p>\n<h4><strong><span style=\"vertical-align: inherit;\"><span style=\"vertical-align: inherit;\">Secure Transactions and Discreet Packaging<\/span><\/span><\/strong><\/h4>\n<p><span style=\"vertical-align: inherit;\"><span style=\"vertical-align: inherit;\">Your personal information and orders are treated with complete confidentiality.<\/span><\/span><\/p>\n<h4><strong><span style=\"vertical-align: inherit;\"><span style=\"vertical-align: inherit;\">Fast Delivery<\/span><\/span><\/strong><\/h4>\n<p><span style=\"vertical-align: inherit;\"><span style=\"vertical-align: inherit;\">Our reliable delivery services ensure your medications arrive quickly and safely.<\/span><\/span><\/p>\n<h3><strong><span style=\"vertical-align: inherit;\"><span style=\"vertical-align: inherit;\">Buy Sedative Medications Online Today<\/span><\/span><\/strong><\/h3>\n<p>You are looking for <a href=\"https:\/\/en.wikipedia.org\/wiki\/Sedative\">m\u00e9dicaments s\u00e9datifs<\/a> s\u00fbrs et efficaces ? Chez GBlexprime, nous proposons des produits de qualit\u00e9 sup\u00e9rieure pour g\u00e9rer l&rsquo;anxi\u00e9t\u00e9, le stress et les troubles du sommeil. D\u00e9couvrez notre gamme, incluant le diaz\u00e9pam, l&rsquo;alprazolam, le zolpidem et bien plus encore. Achetez en ligne d\u00e8s maintenant et profitez de la qualit\u00e9 et du professionnalisme de GBlexprime.<\/p>","protected":false},"excerpt":{"rendered":"<p><strong>Tranquilizers<\/strong>also known as sedatives or anxiolytics, are drugs designed to reduce anxiety, stress and agitation. They act on the central nervous system to promote relaxation. Common formulas :<\/p>\n<ul>\n<li><strong>Diazepam :<\/strong> For anxiety, seizures and muscle spasms.<\/li>\n<li><strong>Lorazepam :<\/strong> Short-term relief from anxiety and sleep disorders.<\/li>\n<li><strong>Chlorpromazine :<\/strong> Treats severe mental disorders such as schizophrenia.<\/li>\n<\/ul>\n<p><strong>Key Benefits<\/strong><\/p>\n<ul>\n<li>Reduced stress and anxiety.<\/li>\n<li>Improved sleep.<\/li>\n<li>Mood stabilization.<\/li>\n<li>Muscle relaxation and seizure control.<\/li>\n<\/ul>","protected":false},"featured_media":5056,"comment_status":"open","ping_status":"closed","template":"","meta":{"site-sidebar-layout":"default","site-content-layout":"","ast-site-content-layout":"default","site-content-style":"default","site-sidebar-style":"default","ast-global-header-display":"","ast-banner-title-visibility":"","ast-main-header-display":"","ast-hfb-above-header-display":"","ast-hfb-below-header-display":"","ast-hfb-mobile-header-display":"","site-post-title":"","ast-breadcrumbs-content":"","ast-featured-img":"","footer-sml-layout":"","theme-transparent-header-meta":"default","adv-header-id-meta":"","stick-header-meta":"","header-above-stick-meta":"","header-main-stick-meta":"","header-below-stick-meta":"","astra-migrate-meta-layouts":"set","ast-page-background-enabled":"default","ast-page-background-meta":{"desktop":{"background-color":"","background-image":"","background-repeat":"repeat","background-position":"center center","background-size":"auto","background-attachment":"scroll","background-type":"","background-media":"","overlay-type":"","overlay-color":"","overlay-opacity":"","overlay-gradient":""},"tablet":{"background-color":"","background-image":"","background-repeat":"repeat","background-position":"center center","background-size":"auto","background-attachment":"scroll","background-type":"","background-media":"","overlay-type":"","overlay-color":"","overlay-opacity":"","overlay-gradient":""},"mobile":{"background-color":"","background-image":"","background-repeat":"repeat","background-position":"center center","background-size":"auto","background-attachment":"scroll","background-type":"","background-media":"","overlay-type":"","overlay-color":"","overlay-opacity":"","overlay-gradient":""}},"ast-content-background-meta":{"desktop":{"background-color":"var(--ast-global-color-5)","background-image":"","background-repeat":"repeat","background-position":"center center","background-size":"auto","background-attachment":"scroll","background-type":"","background-media":"","overlay-type":"","overlay-color":"","overlay-opacity":"","overlay-gradient":""},"tablet":{"background-color":"var(--ast-global-color-5)","background-image":"","background-repeat":"repeat","background-position":"center center","background-size":"auto","background-attachment":"scroll","background-type":"","background-media":"","overlay-type":"","overlay-color":"","overlay-opacity":"","overlay-gradient":""},"mobile":{"background-color":"var(--ast-global-color-5)","background-image":"","background-repeat":"repeat","background-position":"center center","background-size":"auto","background-attachment":"scroll","background-type":"","background-media":"","overlay-type":"","overlay-color":"","overlay-opacity":"","overlay-gradient":""}},"_joinchat":[]},"product_brand":[],"product_cat":[141],"product_tag":[224,201,204,215,211,221,207,217,203,210,216,214,206,208,220,232,219,229,223,227,230,212,234,202,225,233,231,218,226,209,213,228,222,205],"class_list":{"0":"post-5051","1":"product","2":"type-product","3":"status-publish","4":"has-post-thumbnail","6":"product_cat-sex-meth","7":"product_tag-achats-securises-de-medicaments-sedatifs","8":"product_tag-achetez-medicaments-sedatifs","9":"product_tag-alprazolam-a-vendre","10":"product_tag-barbituriques-pour-troubles-emotionnels","11":"product_tag-commandez-diazepam","12":"product_tag-commandez-medicaments-sedatifs-en-ligne","13":"product_tag-commandez-sedatifs-en-ligne","14":"product_tag-complements-pour-insomnie","15":"product_tag-diazepam-a-vendre","16":"product_tag-fournisseurs-de-medicaments-sedatifs","17":"product_tag-hydroxyzine-pour-anxiete","18":"product_tag-livraison-securisee-de-medicaments-sedatifs","19":"product_tag-lorazepam-pour-anxiete","20":"product_tag-medicaments-anti-stress","21":"product_tag-medicaments-calmants-de-haute-qualite","22":"product_tag-medicaments-pour-aide-au-sommeil","23":"product_tag-medicaments-pour-apaisement-mental","24":"product_tag-medicaments-pour-crises-de-panique","25":"product_tag-medicaments-pour-insomnie","26":"product_tag-medicaments-pour-reduction-du-stress","27":"product_tag-medicaments-pour-soutien-therapeutique","28":"product_tag-medicaments-pour-troubles-du-sommeil","29":"product_tag-medicaments-relaxants-authentiques-en-ligne","30":"product_tag-medicaments-sedatifs-a-vendre","31":"product_tag-medicaments-sedatifs-abordables-en-ligne","32":"product_tag-medicaments-sedatifs-pour-therapie-psychologique","33":"product_tag-ou-acheter-des-medicaments-sedatifs","34":"product_tag-ou-acheter-des-sedatifs","35":"product_tag-produits-premium-medicaments-sedatifs","36":"product_tag-sedatifs-abordables-en-ligne","37":"product_tag-sedatifs-anti-anxiete","38":"product_tag-sedatifs-pour-anxiete","39":"product_tag-sedatifs-pour-recherche","40":"product_tag-zolpidem-pour-insomnie","41":"desktop-align-left","42":"tablet-align-left","43":"mobile-align-left","45":"first","46":"instock","47":"shipping-taxable","48":"purchasable","49":"product-type-variable"},"yoast_head":"<!-- This site is optimized with the Yoast SEO plugin v26.9 - https:\/\/yoast.com\/product\/yoast-seo-wordpress\/ -->\n<title>Achetez des M\u00e9dicaments S\u00e9datifs en Ligne | GBlexprimer<\/title>\n<meta name=\"description\" content=\"Achetez des m\u00e9dicaments s\u00e9datifs en ligne sur GBlexprimer. Produits de qualit\u00e9 pour traiter l\u2019anxi\u00e9t\u00e9, le stress et les troubles du sommeil. Commandez d\u00e8s maintenant !\" \/>\n<meta name=\"robots\" content=\"index, follow, max-snippet:-1, max-image-preview:large, max-video-preview:-1\" \/>\n<link rel=\"canonical\" href=\"https:\/\/gblexprimer.com\/en\/product\/medicaments-sedatifs\/\" \/>\n<meta property=\"og:locale\" content=\"en_US\" \/>\n<meta property=\"og:type\" content=\"article\" \/>\n<meta property=\"og:title\" content=\"Achetez des M\u00e9dicaments S\u00e9datifs en Ligne | GBlexprimer\" \/>\n<meta property=\"og:description\" content=\"Achetez des m\u00e9dicaments s\u00e9datifs en ligne sur GBlexprimer. Produits de qualit\u00e9 pour traiter l\u2019anxi\u00e9t\u00e9, le stress et les troubles du sommeil. Commandez d\u00e8s maintenant !\" \/>\n<meta property=\"og:url\" content=\"https:\/\/gblexprimer.com\/en\/product\/medicaments-sedatifs\/\" \/>\n<meta property=\"og:site_name\" content=\"GBL Exprimer\" \/>\n<meta property=\"article:modified_time\" content=\"2026-04-11T08:01:24+00:00\" \/>\n<meta property=\"og:image\" content=\"https:\/\/gblexprimer.com\/wp-content\/uploads\/2024\/11\/leki-uspokajajace.gif\" \/>\n\t<meta property=\"og:image:width\" content=\"600\" \/>\n\t<meta property=\"og:image:height\" content=\"600\" \/>\n\t<meta property=\"og:image:type\" content=\"image\/gif\" \/>\n<meta name=\"twitter:card\" content=\"summary_large_image\" \/>\n<meta name=\"twitter:label1\" content=\"Est. reading time\" \/>\n\t<meta name=\"twitter:data1\" content=\"3 minutes\" \/>\n<script type=\"application\/ld+json\" class=\"yoast-schema-graph\">{\"@context\":\"https:\/\/schema.org\",\"@graph\":[{\"@type\":\"WebPage\",\"@id\":\"https:\/\/gblexprimer.com\/product\/medicaments-sedatifs\/\",\"url\":\"https:\/\/gblexprimer.com\/product\/medicaments-sedatifs\/\",\"name\":\"Achetez des M\u00e9dicaments S\u00e9datifs en Ligne | GBlexprimer\",\"isPartOf\":{\"@id\":\"https:\/\/gblexprimer.com\/#website\"},\"primaryImageOfPage\":{\"@id\":\"https:\/\/gblexprimer.com\/product\/medicaments-sedatifs\/#primaryimage\"},\"image\":{\"@id\":\"https:\/\/gblexprimer.com\/product\/medicaments-sedatifs\/#primaryimage\"},\"thumbnailUrl\":\"https:\/\/gblexprimer.com\/wp-content\/uploads\/2024\/11\/leki-uspokajajace.gif\",\"datePublished\":\"2024-11-26T06:14:03+00:00\",\"dateModified\":\"2026-04-11T08:01:24+00:00\",\"description\":\"Achetez des m\u00e9dicaments s\u00e9datifs en ligne sur GBlexprimer. Produits de qualit\u00e9 pour traiter l\u2019anxi\u00e9t\u00e9, le stress et les troubles du sommeil. Commandez d\u00e8s maintenant !\",\"breadcrumb\":{\"@id\":\"https:\/\/gblexprimer.com\/product\/medicaments-sedatifs\/#breadcrumb\"},\"inLanguage\":\"en-US\",\"potentialAction\":[{\"@type\":\"ReadAction\",\"target\":[\"https:\/\/gblexprimer.com\/product\/medicaments-sedatifs\/\"]}]},{\"@type\":\"ImageObject\",\"inLanguage\":\"en-US\",\"@id\":\"https:\/\/gblexprimer.com\/product\/medicaments-sedatifs\/#primaryimage\",\"url\":\"https:\/\/gblexprimer.com\/wp-content\/uploads\/2024\/11\/leki-uspokajajace.gif\",\"contentUrl\":\"https:\/\/gblexprimer.com\/wp-content\/uploads\/2024\/11\/leki-uspokajajace.gif\",\"width\":600,\"height\":600,\"caption\":\"Achetez M\u00e9dicaments S\u00e9datifs\"},{\"@type\":\"BreadcrumbList\",\"@id\":\"https:\/\/gblexprimer.com\/product\/medicaments-sedatifs\/#breadcrumb\",\"itemListElement\":[{\"@type\":\"ListItem\",\"position\":1,\"name\":\"Home\",\"item\":\"https:\/\/gblexprimer.com\/\"},{\"@type\":\"ListItem\",\"position\":2,\"name\":\"Shop\",\"item\":\"https:\/\/gblexprimer.com\/shop\/\"},{\"@type\":\"ListItem\",\"position\":3,\"name\":\"M\u00e9dicaments S\u00e9datifs\"}]},{\"@type\":\"WebSite\",\"@id\":\"https:\/\/gblexprimer.com\/#website\",\"url\":\"https:\/\/gblexprimer.com\/\",\"name\":\"GBL Exprimer\",\"description\":\"\",\"publisher\":{\"@id\":\"https:\/\/gblexprimer.com\/#organization\"},\"potentialAction\":[{\"@type\":\"SearchAction\",\"target\":{\"@type\":\"EntryPoint\",\"urlTemplate\":\"https:\/\/gblexprimer.com\/?s={search_term_string}\"},\"query-input\":{\"@type\":\"PropertyValueSpecification\",\"valueRequired\":true,\"valueName\":\"search_term_string\"}}],\"inLanguage\":\"en-US\"},{\"@type\":\"Organization\",\"@id\":\"https:\/\/gblexprimer.com\/#organization\",\"name\":\"GBL Exprimer\",\"url\":\"https:\/\/gblexprimer.com\/\",\"logo\":{\"@type\":\"ImageObject\",\"inLanguage\":\"en-US\",\"@id\":\"https:\/\/gblexprimer.com\/#\/schema\/logo\/image\/\",\"url\":\"https:\/\/gblexprimer.com\/wp-content\/uploads\/2024\/01\/logo.png\",\"contentUrl\":\"https:\/\/gblexprimer.com\/wp-content\/uploads\/2024\/01\/logo.png\",\"width\":220,\"height\":80,\"caption\":\"GBL Exprimer\"},\"image\":{\"@id\":\"https:\/\/gblexprimer.com\/#\/schema\/logo\/image\/\"}}]}<\/script>\n<!-- \/ Yoast SEO plugin. -->","yoast_head_json":{"title":"Buy Sedative Medication Online | GBlexprimer","description":"Buy sedative medications online at GBlexprimer. Quality products to treat anxiety, stress and sleep disorders. Order now!","robots":{"index":"index","follow":"follow","max-snippet":"max-snippet:-1","max-image-preview":"max-image-preview:large","max-video-preview":"max-video-preview:-1"},"canonical":"https:\/\/gblexprimer.com\/en\/product\/medicaments-sedatifs\/","og_locale":"en_US","og_type":"article","og_title":"Achetez des M\u00e9dicaments S\u00e9datifs en Ligne | GBlexprimer","og_description":"Achetez des m\u00e9dicaments s\u00e9datifs en ligne sur GBlexprimer. Produits de qualit\u00e9 pour traiter l\u2019anxi\u00e9t\u00e9, le stress et les troubles du sommeil. Commandez d\u00e8s maintenant !","og_url":"https:\/\/gblexprimer.com\/en\/product\/medicaments-sedatifs\/","og_site_name":"GBL Exprimer","article_modified_time":"2026-04-11T08:01:24+00:00","og_image":[{"width":600,"height":600,"url":"https:\/\/gblexprimer.com\/wp-content\/uploads\/2024\/11\/leki-uspokajajace.gif","type":"image\/gif"}],"twitter_card":"summary_large_image","twitter_misc":{"Est. reading time":"3 minutes"},"schema":{"@context":"https:\/\/schema.org","@graph":[{"@type":"WebPage","@id":"https:\/\/gblexprimer.com\/product\/medicaments-sedatifs\/","url":"https:\/\/gblexprimer.com\/product\/medicaments-sedatifs\/","name":"Buy Sedative Medication Online | GBlexprimer","isPartOf":{"@id":"https:\/\/gblexprimer.com\/#website"},"primaryImageOfPage":{"@id":"https:\/\/gblexprimer.com\/product\/medicaments-sedatifs\/#primaryimage"},"image":{"@id":"https:\/\/gblexprimer.com\/product\/medicaments-sedatifs\/#primaryimage"},"thumbnailUrl":"https:\/\/gblexprimer.com\/wp-content\/uploads\/2024\/11\/leki-uspokajajace.gif","datePublished":"2024-11-26T06:14:03+00:00","dateModified":"2026-04-11T08:01:24+00:00","description":"Buy sedative medications online at GBlexprimer. Quality products to treat anxiety, stress and sleep disorders. Order now!","breadcrumb":{"@id":"https:\/\/gblexprimer.com\/product\/medicaments-sedatifs\/#breadcrumb"},"inLanguage":"en-US","potentialAction":[{"@type":"ReadAction","target":["https:\/\/gblexprimer.com\/product\/medicaments-sedatifs\/"]}]},{"@type":"ImageObject","inLanguage":"en-US","@id":"https:\/\/gblexprimer.com\/product\/medicaments-sedatifs\/#primaryimage","url":"https:\/\/gblexprimer.com\/wp-content\/uploads\/2024\/11\/leki-uspokajajace.gif","contentUrl":"https:\/\/gblexprimer.com\/wp-content\/uploads\/2024\/11\/leki-uspokajajace.gif","width":600,"height":600,"caption":"Achetez M\u00e9dicaments S\u00e9datifs"},{"@type":"BreadcrumbList","@id":"https:\/\/gblexprimer.com\/product\/medicaments-sedatifs\/#breadcrumb","itemListElement":[{"@type":"ListItem","position":1,"name":"Home","item":"https:\/\/gblexprimer.com\/"},{"@type":"ListItem","position":2,"name":"Shop","item":"https:\/\/gblexprimer.com\/shop\/"},{"@type":"ListItem","position":3,"name":"M\u00e9dicaments S\u00e9datifs"}]},{"@type":"WebSite","@id":"https:\/\/gblexprimer.com\/#website","url":"https:\/\/gblexprimer.com\/","name":"GBL Express","description":"","publisher":{"@id":"https:\/\/gblexprimer.com\/#organization"},"potentialAction":[{"@type":"SearchAction","target":{"@type":"EntryPoint","urlTemplate":"https:\/\/gblexprimer.com\/?s={search_term_string}"},"query-input":{"@type":"PropertyValueSpecification","valueRequired":true,"valueName":"search_term_string"}}],"inLanguage":"en-US"},{"@type":"Organization","@id":"https:\/\/gblexprimer.com\/#organization","name":"GBL Express","url":"https:\/\/gblexprimer.com\/","logo":{"@type":"ImageObject","inLanguage":"en-US","@id":"https:\/\/gblexprimer.com\/#\/schema\/logo\/image\/","url":"https:\/\/gblexprimer.com\/wp-content\/uploads\/2024\/01\/logo.png","contentUrl":"https:\/\/gblexprimer.com\/wp-content\/uploads\/2024\/01\/logo.png","width":220,"height":80,"caption":"GBL Exprimer"},"image":{"@id":"https:\/\/gblexprimer.com\/#\/schema\/logo\/image\/"}}]}},"_links":{"self":[{"href":"https:\/\/gblexprimer.com\/en\/wp-json\/wp\/v2\/product\/5051","targetHints":{"allow":["GET"]}}],"collection":[{"href":"https:\/\/gblexprimer.com\/en\/wp-json\/wp\/v2\/product"}],"about":[{"href":"https:\/\/gblexprimer.com\/en\/wp-json\/wp\/v2\/types\/product"}],"replies":[{"embeddable":true,"href":"https:\/\/gblexprimer.com\/en\/wp-json\/wp\/v2\/comments?post=5051"}],"wp:featuredmedia":[{"embeddable":true,"href":"https:\/\/gblexprimer.com\/en\/wp-json\/wp\/v2\/media\/5056"}],"wp:attachment":[{"href":"https:\/\/gblexprimer.com\/en\/wp-json\/wp\/v2\/media?parent=5051"}],"wp:term":[{"taxonomy":"product_brand","embeddable":true,"href":"https:\/\/gblexprimer.com\/en\/wp-json\/wp\/v2\/product_brand?post=5051"},{"taxonomy":"product_cat","embeddable":true,"href":"https:\/\/gblexprimer.com\/en\/wp-json\/wp\/v2\/product_cat?post=5051"},{"taxonomy":"product_tag","embeddable":true,"href":"https:\/\/gblexprimer.com\/en\/wp-json\/wp\/v2\/product_tag?post=5051"}],"curies":[{"name":"wp","href":"https:\/\/api.w.org\/{rel}","templated":true}]}}