{"id":5145,"date":"2024-11-27T10:09:26","date_gmt":"2024-11-27T10:09:26","guid":{"rendered":"https:\/\/gblexprimer.com\/?post_type=product&#038;p=5145"},"modified":"2026-04-10T10:07:31","modified_gmt":"2026-04-10T10:07:31","slug":"deca-durabin-300mg","status":"publish","type":"product","link":"https:\/\/gblexprimer.com\/en\/product\/deca-durabin-300mg\/","title":{"rendered":"Deca Durabin 300mg"},"content":{"rendered":"<h2>Deca Durabolin 300 mg \u2013 Known for muscle building and recovery<\/h2>\n<p>Visit <a href=\"https:\/\/gblexprimer.com\/en\/product\/deca-durabin-300mg\/\"><strong>Deca Durabolin 300 mg<\/strong><\/a>Nandrolone decanoate, whose active ingredient is nandrolone, is one of the best-known and most discussed substances in the bodybuilding and strength training community. It is particularly valued for its prolonged effects and for supporting muscle growth and recovery after intense training sessions.<\/p>\n<p>Nandrolone decanoate, whose active ingredient is nandrolone, is one of the best-known and most discussed substances in the bodybuilding and strength training community. It is particularly valued for its prolonged effects and for supporting muscle growth and recovery after intense training sessions.<\/p>\n<p>Gr\u00e2ce \u00e0 sa lib\u00e9ration lente, le <a href=\"https:\/\/gblexprimer.com\/en\/product\/xyrem-180-ml-zu-500-mg-%ce%b3-hydroxybuttersaeure-ghb\/\">d\u00e9canoate de<\/a> nandrolone est souvent d\u00e9crit comme ayant un effet stable et constant. Cela le rend particuli\u00e8rement pertinent dans les discussions concernant les phases d&rsquo;entra\u00eenement \u00e0 long terme. Cependant, comme pour toutes les substances am\u00e9liorant la performance, il est essentiel de s&rsquo;informer, de faire preuve de responsabilit\u00e9 et de suivre une formation ad\u00e9quate en mati\u00e8re de sant\u00e9.<\/p>\n<h3>Side effects of Deca Durabolin<\/h3>\n<p>All online reviews of Deca Durabolin indicate that this steroid is safe. Of course, to protect your health, it is essential to adhere to the recommended dosages. The only contraindication to using Deca is the body's rejection of the active substance. Safety has, in fact, become a key factor in this steroid's popularity. Furthermore, it is now possible to purchase Deca Durabolin from specialized pharmacies, such as our online pharmacy. <a href=\"https:\/\/gblexprimer.com\/en\/\"><strong>GBLExpress<\/strong><\/a><\/p>\n<h3>Post-cycle therapy (PCT)<\/h3>\n<p>After a Deca cycle, post-cycle therapy (PCT) is essential. This recovery therapy begins two weeks after the last injection. As is typical with PCT, Tamoxifen or Clomid can be used during this period for optimal hormonal recovery. If, after a prolonged Deca cycle, you have difficulty restoring your natural hormone levels, you may want to consider adding gonadotropins, such as hCG, to your recovery cycle.<\/p>\n<p>This will allow you to recover more quickly after long or intensive anabolic cycles. In the Deca Durabolin injections section, you will find products from other manufacturers. We also recommend that you consult our entire section on injectable steroids. Delivery of Deca 300 in the United States takes 5 to 12 business days. If you have any problems, please do not hesitate to contact our customer service.<\/p>\n<h3>Why choose Deca Durabolin?<\/h3>\n<p><a href=\"https:\/\/en.wikipedia.org\/wiki\/Nandrolone_decanoate\">Deca Durabolin<\/a> Deca Durabolin is one of the most reliable anabolic steroids for building muscle mass, improving strength, and promoting joint recovery. Buy Deca Durabolin online from a trusted supplier for top quality and fast, discreet delivery. When used correctly, Deca Durabolin can help you achieve significant gains in strength, size, and overall performance.<\/p>","protected":false},"excerpt":{"rendered":"<p>Deca Durabolin 300 mg \u2013 Reconnu pour la construction musculaire et la r\u00e9cup\u00e9ration Le Deca Durabolin 300 mg, dont le principe actif est le d\u00e9canoate de nandrolone, est l&rsquo;une des substances les plus connues et les plus discut\u00e9es dans le milieu du bodybuilding et de la musculation. Il est particuli\u00e8rement appr\u00e9ci\u00e9 pour ses effets prolong\u00e9s [&hellip;]<\/p>","protected":false},"featured_media":5261,"comment_status":"open","ping_status":"closed","template":"","meta":{"site-sidebar-layout":"default","site-content-layout":"","ast-site-content-layout":"default","site-content-style":"default","site-sidebar-style":"default","ast-global-header-display":"","ast-banner-title-visibility":"","ast-main-header-display":"","ast-hfb-above-header-display":"","ast-hfb-below-header-display":"","ast-hfb-mobile-header-display":"","site-post-title":"","ast-breadcrumbs-content":"","ast-featured-img":"","footer-sml-layout":"","theme-transparent-header-meta":"default","adv-header-id-meta":"","stick-header-meta":"","header-above-stick-meta":"","header-main-stick-meta":"","header-below-stick-meta":"","astra-migrate-meta-layouts":"set","ast-page-background-enabled":"default","ast-page-background-meta":{"desktop":{"background-color":"","background-image":"","background-repeat":"repeat","background-position":"center center","background-size":"auto","background-attachment":"scroll","background-type":"","background-media":"","overlay-type":"","overlay-color":"","overlay-opacity":"","overlay-gradient":""},"tablet":{"background-color":"","background-image":"","background-repeat":"repeat","background-position":"center center","background-size":"auto","background-attachment":"scroll","background-type":"","background-media":"","overlay-type":"","overlay-color":"","overlay-opacity":"","overlay-gradient":""},"mobile":{"background-color":"","background-image":"","background-repeat":"repeat","background-position":"center center","background-size":"auto","background-attachment":"scroll","background-type":"","background-media":"","overlay-type":"","overlay-color":"","overlay-opacity":"","overlay-gradient":""}},"ast-content-background-meta":{"desktop":{"background-color":"var(--ast-global-color-5)","background-image":"","background-repeat":"repeat","background-position":"center center","background-size":"auto","background-attachment":"scroll","background-type":"","background-media":"","overlay-type":"","overlay-color":"","overlay-opacity":"","overlay-gradient":""},"tablet":{"background-color":"var(--ast-global-color-5)","background-image":"","background-repeat":"repeat","background-position":"center center","background-size":"auto","background-attachment":"scroll","background-type":"","background-media":"","overlay-type":"","overlay-color":"","overlay-opacity":"","overlay-gradient":""},"mobile":{"background-color":"var(--ast-global-color-5)","background-image":"","background-repeat":"repeat","background-position":"center center","background-size":"auto","background-attachment":"scroll","background-type":"","background-media":"","overlay-type":"","overlay-color":"","overlay-opacity":"","overlay-gradient":""}},"_joinchat":[]},"product_brand":[],"product_cat":[583],"product_tag":[],"class_list":{"0":"post-5145","1":"product","2":"type-product","3":"status-publish","4":"has-post-thumbnail","6":"product_cat-steroids","7":"desktop-align-left","8":"tablet-align-left","9":"mobile-align-left","11":"first","12":"instock","13":"shipping-taxable","14":"purchasable","15":"product-type-variable"},"yoast_head":"<!-- This site is optimized with the Yoast SEO plugin v26.9 - https:\/\/yoast.com\/product\/yoast-seo-wordpress\/ -->\n<title>Achetez Deca Durabin 300mg en ligne | Gblexprimer<\/title>\n<meta name=\"description\" content=\"Achetez du Deca Durabin en ligne. Ce produit contient de la nandrolone, un compos\u00e9 anabolisant utilis\u00e9 dans certains traitements m\u00e9dicaux et pour am\u00e9liorer les performances. D\u00e9couvrez ses propri\u00e9t\u00e9s, ses effets et son origine pharmaceutique.\" \/>\n<meta name=\"robots\" content=\"index, follow, max-snippet:-1, max-image-preview:large, max-video-preview:-1\" \/>\n<link rel=\"canonical\" href=\"https:\/\/gblexprimer.com\/en\/product\/deca-durabin-300mg\/\" \/>\n<meta property=\"og:locale\" content=\"en_US\" \/>\n<meta property=\"og:type\" content=\"article\" \/>\n<meta property=\"og:title\" content=\"Achetez Deca Durabin 300mg en ligne | Gblexprimer\" \/>\n<meta property=\"og:description\" content=\"Achetez du Deca Durabin en ligne. Ce produit contient de la nandrolone, un compos\u00e9 anabolisant utilis\u00e9 dans certains traitements m\u00e9dicaux et pour am\u00e9liorer les performances. D\u00e9couvrez ses propri\u00e9t\u00e9s, ses effets et son origine pharmaceutique.\" \/>\n<meta property=\"og:url\" content=\"https:\/\/gblexprimer.com\/en\/product\/deca-durabin-300mg\/\" \/>\n<meta property=\"og:site_name\" content=\"GBL Exprimer\" \/>\n<meta property=\"article:modified_time\" content=\"2026-04-10T10:07:31+00:00\" \/>\n<meta property=\"og:image\" content=\"https:\/\/gblexprimer.com\/wp-content\/uploads\/2024\/11\/Deca-Durabin.jpg\" \/>\n\t<meta property=\"og:image:width\" content=\"600\" \/>\n\t<meta property=\"og:image:height\" content=\"600\" \/>\n\t<meta property=\"og:image:type\" content=\"image\/jpeg\" \/>\n<meta name=\"twitter:card\" content=\"summary_large_image\" \/>\n<meta name=\"twitter:label1\" content=\"Est. reading time\" \/>\n\t<meta name=\"twitter:data1\" content=\"3 minutes\" \/>\n<script type=\"application\/ld+json\" class=\"yoast-schema-graph\">{\"@context\":\"https:\/\/schema.org\",\"@graph\":[{\"@type\":\"WebPage\",\"@id\":\"https:\/\/gblexprimer.com\/product\/deca-durabin-300mg\/\",\"url\":\"https:\/\/gblexprimer.com\/product\/deca-durabin-300mg\/\",\"name\":\"Achetez Deca Durabin 300mg en ligne | Gblexprimer\",\"isPartOf\":{\"@id\":\"https:\/\/gblexprimer.com\/#website\"},\"primaryImageOfPage\":{\"@id\":\"https:\/\/gblexprimer.com\/product\/deca-durabin-300mg\/#primaryimage\"},\"image\":{\"@id\":\"https:\/\/gblexprimer.com\/product\/deca-durabin-300mg\/#primaryimage\"},\"thumbnailUrl\":\"https:\/\/gblexprimer.com\/wp-content\/uploads\/2024\/11\/Deca-Durabin.jpg\",\"datePublished\":\"2024-11-27T10:09:26+00:00\",\"dateModified\":\"2026-04-10T10:07:31+00:00\",\"description\":\"Achetez du Deca Durabin en ligne. Ce produit contient de la nandrolone, un compos\u00e9 anabolisant utilis\u00e9 dans certains traitements m\u00e9dicaux et pour am\u00e9liorer les performances. D\u00e9couvrez ses propri\u00e9t\u00e9s, ses effets et son origine pharmaceutique.\",\"breadcrumb\":{\"@id\":\"https:\/\/gblexprimer.com\/product\/deca-durabin-300mg\/#breadcrumb\"},\"inLanguage\":\"en-US\",\"potentialAction\":[{\"@type\":\"ReadAction\",\"target\":[\"https:\/\/gblexprimer.com\/product\/deca-durabin-300mg\/\"]}]},{\"@type\":\"ImageObject\",\"inLanguage\":\"en-US\",\"@id\":\"https:\/\/gblexprimer.com\/product\/deca-durabin-300mg\/#primaryimage\",\"url\":\"https:\/\/gblexprimer.com\/wp-content\/uploads\/2024\/11\/Deca-Durabin.jpg\",\"contentUrl\":\"https:\/\/gblexprimer.com\/wp-content\/uploads\/2024\/11\/Deca-Durabin.jpg\",\"width\":600,\"height\":600,\"caption\":\"Deca-Durabin\"},{\"@type\":\"BreadcrumbList\",\"@id\":\"https:\/\/gblexprimer.com\/product\/deca-durabin-300mg\/#breadcrumb\",\"itemListElement\":[{\"@type\":\"ListItem\",\"position\":1,\"name\":\"Home\",\"item\":\"https:\/\/gblexprimer.com\/\"},{\"@type\":\"ListItem\",\"position\":2,\"name\":\"Shop\",\"item\":\"https:\/\/gblexprimer.com\/shop\/\"},{\"@type\":\"ListItem\",\"position\":3,\"name\":\"Deca Durabin 300mg\"}]},{\"@type\":\"WebSite\",\"@id\":\"https:\/\/gblexprimer.com\/#website\",\"url\":\"https:\/\/gblexprimer.com\/\",\"name\":\"GBL Exprimer\",\"description\":\"\",\"publisher\":{\"@id\":\"https:\/\/gblexprimer.com\/#organization\"},\"potentialAction\":[{\"@type\":\"SearchAction\",\"target\":{\"@type\":\"EntryPoint\",\"urlTemplate\":\"https:\/\/gblexprimer.com\/?s={search_term_string}\"},\"query-input\":{\"@type\":\"PropertyValueSpecification\",\"valueRequired\":true,\"valueName\":\"search_term_string\"}}],\"inLanguage\":\"en-US\"},{\"@type\":\"Organization\",\"@id\":\"https:\/\/gblexprimer.com\/#organization\",\"name\":\"GBL Exprimer\",\"url\":\"https:\/\/gblexprimer.com\/\",\"logo\":{\"@type\":\"ImageObject\",\"inLanguage\":\"en-US\",\"@id\":\"https:\/\/gblexprimer.com\/#\/schema\/logo\/image\/\",\"url\":\"https:\/\/gblexprimer.com\/wp-content\/uploads\/2024\/01\/logo.png\",\"contentUrl\":\"https:\/\/gblexprimer.com\/wp-content\/uploads\/2024\/01\/logo.png\",\"width\":220,\"height\":80,\"caption\":\"GBL Exprimer\"},\"image\":{\"@id\":\"https:\/\/gblexprimer.com\/#\/schema\/logo\/image\/\"}}]}<\/script>\n<!-- \/ Yoast SEO plugin. -->","yoast_head_json":{"title":"Achetez Deca Durabin 300mg en ligne | Gblexprimer","description":"Achetez du Deca Durabin en ligne. Ce produit contient de la nandrolone, un compos\u00e9 anabolisant utilis\u00e9 dans certains traitements m\u00e9dicaux et pour am\u00e9liorer les performances. D\u00e9couvrez ses propri\u00e9t\u00e9s, ses effets et son origine pharmaceutique.","robots":{"index":"index","follow":"follow","max-snippet":"max-snippet:-1","max-image-preview":"max-image-preview:large","max-video-preview":"max-video-preview:-1"},"canonical":"https:\/\/gblexprimer.com\/en\/product\/deca-durabin-300mg\/","og_locale":"en_US","og_type":"article","og_title":"Achetez Deca Durabin 300mg en ligne | Gblexprimer","og_description":"Achetez du Deca Durabin en ligne. Ce produit contient de la nandrolone, un compos\u00e9 anabolisant utilis\u00e9 dans certains traitements m\u00e9dicaux et pour am\u00e9liorer les performances. D\u00e9couvrez ses propri\u00e9t\u00e9s, ses effets et son origine pharmaceutique.","og_url":"https:\/\/gblexprimer.com\/en\/product\/deca-durabin-300mg\/","og_site_name":"GBL Exprimer","article_modified_time":"2026-04-10T10:07:31+00:00","og_image":[{"width":600,"height":600,"url":"https:\/\/gblexprimer.com\/wp-content\/uploads\/2024\/11\/Deca-Durabin.jpg","type":"image\/jpeg"}],"twitter_card":"summary_large_image","twitter_misc":{"Est. reading time":"3 minutes"},"schema":{"@context":"https:\/\/schema.org","@graph":[{"@type":"WebPage","@id":"https:\/\/gblexprimer.com\/product\/deca-durabin-300mg\/","url":"https:\/\/gblexprimer.com\/product\/deca-durabin-300mg\/","name":"Achetez Deca Durabin 300mg en ligne | Gblexprimer","isPartOf":{"@id":"https:\/\/gblexprimer.com\/#website"},"primaryImageOfPage":{"@id":"https:\/\/gblexprimer.com\/product\/deca-durabin-300mg\/#primaryimage"},"image":{"@id":"https:\/\/gblexprimer.com\/product\/deca-durabin-300mg\/#primaryimage"},"thumbnailUrl":"https:\/\/gblexprimer.com\/wp-content\/uploads\/2024\/11\/Deca-Durabin.jpg","datePublished":"2024-11-27T10:09:26+00:00","dateModified":"2026-04-10T10:07:31+00:00","description":"Achetez du Deca Durabin en ligne. Ce produit contient de la nandrolone, un compos\u00e9 anabolisant utilis\u00e9 dans certains traitements m\u00e9dicaux et pour am\u00e9liorer les performances. D\u00e9couvrez ses propri\u00e9t\u00e9s, ses effets et son origine pharmaceutique.","breadcrumb":{"@id":"https:\/\/gblexprimer.com\/product\/deca-durabin-300mg\/#breadcrumb"},"inLanguage":"en-US","potentialAction":[{"@type":"ReadAction","target":["https:\/\/gblexprimer.com\/product\/deca-durabin-300mg\/"]}]},{"@type":"ImageObject","inLanguage":"en-US","@id":"https:\/\/gblexprimer.com\/product\/deca-durabin-300mg\/#primaryimage","url":"https:\/\/gblexprimer.com\/wp-content\/uploads\/2024\/11\/Deca-Durabin.jpg","contentUrl":"https:\/\/gblexprimer.com\/wp-content\/uploads\/2024\/11\/Deca-Durabin.jpg","width":600,"height":600,"caption":"Deca-Durabin"},{"@type":"BreadcrumbList","@id":"https:\/\/gblexprimer.com\/product\/deca-durabin-300mg\/#breadcrumb","itemListElement":[{"@type":"ListItem","position":1,"name":"Home","item":"https:\/\/gblexprimer.com\/"},{"@type":"ListItem","position":2,"name":"Shop","item":"https:\/\/gblexprimer.com\/shop\/"},{"@type":"ListItem","position":3,"name":"Deca Durabin 300mg"}]},{"@type":"WebSite","@id":"https:\/\/gblexprimer.com\/#website","url":"https:\/\/gblexprimer.com\/","name":"GBL Express","description":"","publisher":{"@id":"https:\/\/gblexprimer.com\/#organization"},"potentialAction":[{"@type":"SearchAction","target":{"@type":"EntryPoint","urlTemplate":"https:\/\/gblexprimer.com\/?s={search_term_string}"},"query-input":{"@type":"PropertyValueSpecification","valueRequired":true,"valueName":"search_term_string"}}],"inLanguage":"en-US"},{"@type":"Organization","@id":"https:\/\/gblexprimer.com\/#organization","name":"GBL Express","url":"https:\/\/gblexprimer.com\/","logo":{"@type":"ImageObject","inLanguage":"en-US","@id":"https:\/\/gblexprimer.com\/#\/schema\/logo\/image\/","url":"https:\/\/gblexprimer.com\/wp-content\/uploads\/2024\/01\/logo.png","contentUrl":"https:\/\/gblexprimer.com\/wp-content\/uploads\/2024\/01\/logo.png","width":220,"height":80,"caption":"GBL Exprimer"},"image":{"@id":"https:\/\/gblexprimer.com\/#\/schema\/logo\/image\/"}}]}},"_links":{"self":[{"href":"https:\/\/gblexprimer.com\/en\/wp-json\/wp\/v2\/product\/5145","targetHints":{"allow":["GET"]}}],"collection":[{"href":"https:\/\/gblexprimer.com\/en\/wp-json\/wp\/v2\/product"}],"about":[{"href":"https:\/\/gblexprimer.com\/en\/wp-json\/wp\/v2\/types\/product"}],"replies":[{"embeddable":true,"href":"https:\/\/gblexprimer.com\/en\/wp-json\/wp\/v2\/comments?post=5145"}],"wp:featuredmedia":[{"embeddable":true,"href":"https:\/\/gblexprimer.com\/en\/wp-json\/wp\/v2\/media\/5261"}],"wp:attachment":[{"href":"https:\/\/gblexprimer.com\/en\/wp-json\/wp\/v2\/media?parent=5145"}],"wp:term":[{"taxonomy":"product_brand","embeddable":true,"href":"https:\/\/gblexprimer.com\/en\/wp-json\/wp\/v2\/product_brand?post=5145"},{"taxonomy":"product_cat","embeddable":true,"href":"https:\/\/gblexprimer.com\/en\/wp-json\/wp\/v2\/product_cat?post=5145"},{"taxonomy":"product_tag","embeddable":true,"href":"https:\/\/gblexprimer.com\/en\/wp-json\/wp\/v2\/product_tag?post=5145"}],"curies":[{"name":"wp","href":"https:\/\/api.w.org\/{rel}","templated":true}]}}