{"id":17,"date":"2023-12-26T07:26:40","date_gmt":"2023-12-26T07:26:40","guid":{"rendered":"https:\/\/cannasmed.com\/gbl\/?post_type=product&#038;p=17"},"modified":"2026-04-15T05:33:12","modified_gmt":"2026-04-15T05:33:12","slug":"comprar-ritalin","status":"publish","type":"product","link":"https:\/\/gblexprimer.com\/es\/producto\/comprar-ritalin\/","title":{"rendered":"Ritalin online shopping"},"content":{"rendered":"<h2>Ritalin online shopping<\/h2>\n<p data-start=\"134\" data-end=\"512\">Para uso p\u00fablico, el metilfenidato se vende en forma de comprimidos. <a href=\"https:\/\/gblexprimer.com\/es\/producto\/comprar-ritalin\/\"><strong data-start=\"211\" data-end=\"234\">comprim\u00e9 de Ritalin<\/strong><\/a>. Este f\u00e1rmaco hace maravillas para tratar los s\u00edntomas del TDAH. Sin embargo, los profesionales sanitarios prescriben a veces Ritalin 20 mg (metilfenidato) como tratamiento no autorizado para la enfermedad de Parkinson y la depresi\u00f3n.<\/p>\n<p data-start=\"514\" data-end=\"1006\">Le <a href=\"https:\/\/gblexprimer.com\/es\/\"><strong data-start=\"517\" data-end=\"536\">metilfenidato<\/strong><\/a> es un f\u00e1rmaco que act\u00faa como estimulante nervioso central, ayudando a aumentar los niveles de dopamina en el cerebro. Este neurotransmisor, la dopamina, fomenta las emociones de impulso y celo. Esto sugiere que unos niveles m\u00e1s altos de dopamina pueden mejorar la concentraci\u00f3n, facilitar las tareas cotidianas y aliviar otros s\u00edntomas asociados al TDAH.<\/p>\n<p data-start=\"1020\" data-end=\"1366\">El metilfenidato se presenta en forma de comprimidos masticables, comprimidos masticables de liberaci\u00f3n prolongada, comprimidos de liberaci\u00f3n prolongada desintegrables por v\u00eda oral y c\u00e1psulas de liberaci\u00f3n prolongada. A veces se comercializa con nombres comerciales distintos de Ritalin, como comprar metilfenidato.<\/p>\n<h3 data-start=\"1368\" data-end=\"1406\">\u00bfPor qu\u00e9 comprar Ritalin online?<\/h3>\n<p data-start=\"1408\" data-end=\"1541\">Aunque existen muchos beneficios al comprar Ritalin en l\u00ednea, estos son algunos de los m\u00e1s importantes y comunes:<\/p>\n<p data-start=\"1543\" data-end=\"2023\">Los medicamentos aprobados por la FDA se pueden comprar en l\u00ednea sin <strong><a href=\"https:\/\/www.drugs.com\/ritalin.html\">prescripci\u00f3n m\u00e9dica<\/a><\/strong>. Aunque es un medicamento legal, Ritalin es dif\u00edcil de encontrar en las farmacias. Si su apretada agenda le impide obtener la recomendaci\u00f3n de un m\u00e9dico a tiempo para obtener este medicamento, lo mejor que puede hacer es comprar Ritalin en l\u00ednea. Ahorras dinero y tiempo crucial cuando lo compras online. Compre Ritalin sin receta en l\u00ednea.<\/p>\n<p data-start=\"2025\" data-end=\"2487\">Otra ventaja de comprar Ritalin en l\u00ednea es que el precio es significativamente m\u00e1s bajo que el de las pastillas de Ritalin que se encuentran en las tiendas. <strong><a href=\"https:\/\/en.wikipedia.org\/wiki\/Methylphenidate\">farmacias de barrio<\/a><\/strong>es que el precio es significativamente m\u00e1s bajo que el de las pastillas de Ritalin que se encuentran en las farmacias locales. La raz\u00f3n por la que las pastillas que se compran en l\u00ednea son tan baratas no es que sean de mala calidad, sino que las farmacias en l\u00ednea pueden ofrecer estos medicamentos a un coste reducido, ya que no est\u00e1n sujetas a ning\u00fan cargo adicional.<\/p>\n<h3 data-start=\"2489\" data-end=\"2552\">\u00bfEs posible comprar Ritalin online sin receta?<\/h3>\n<p data-start=\"2554\" data-end=\"2946\">Puede obtener Ritalin online sin receta. Simplemente haga su pedido y complete los datos de pago en nuestro sitio web. Recibir\u00e1 sus comprimidos de Ritalin en uno o dos d\u00edas. Estos medicamentos son tan buenos y eficaces como los que compra en su farmacia local. Compre Ritalin sin receta en l\u00ednea.<\/p>\n<p data-start=\"2948\" data-end=\"3267\">Efectos secundarios del metilfenidato, uso seguro, dependencia de estimulantes, precauciones de uso, sobredosis de metilfenidato, riesgos de Ritalin y <a href=\"https:\/\/gblexprimer.com\/es\/producto\/comprar-alprazolam-polvo-100g-online\/\"><strong data-start=\"3125\" data-end=\"3157\">uso responsable de los medicamentos<\/strong><\/a> Son todos puntos a tener en cuenta para aprovechar al m\u00e1ximo los beneficios de este psicoestimulante.<\/p>\n<p>Metilina<\/p>\n<p>Concierto<\/p>\n<p>Metadatos ER<\/p>\n<p>Servicio de Urgencias de Quillichew<\/p>\n<p>Quillivant<\/p>\n<p>Aptensi\u00f3n<\/p>\n<p>Cotempla XR-OTD<\/p>\n<p>Adhansie<\/p>\n<p>Todos estos medicamentos est\u00e1n aprobados por expertos para su uso p\u00fablico. <a href=\"https:\/\/gblexprimer.com\/es\/producto\/comprar-ritalin\/\"><strong>Favoritos del cliente<\/strong><\/a><\/p>","protected":false},"excerpt":{"rendered":"<p>Achats en ligne Ritalin Pour un usage public, le m\u00e9thylph\u00e9nidate est vendu sous l\u2019apparence d\u2019un comprim\u00e9 de Ritalin. Ce m\u00e9dicament TDAH fait des merveilles pour traiter les sympt\u00f4mes du TDAH. N\u00e9anmoins, les Ritalin 20 mg (comprim\u00e9s de Ritalin) sont parfois prescrits par les professionnels de la sant\u00e9 comme traitement non autoris\u00e9 de la maladie de [&hellip;]<\/p>","protected":false},"featured_media":105,"comment_status":"open","ping_status":"closed","template":"","meta":{"site-sidebar-layout":"default","site-content-layout":"","ast-site-content-layout":"default","site-content-style":"default","site-sidebar-style":"default","ast-global-header-display":"","ast-banner-title-visibility":"","ast-main-header-display":"","ast-hfb-above-header-display":"","ast-hfb-below-header-display":"","ast-hfb-mobile-header-display":"","site-post-title":"","ast-breadcrumbs-content":"","ast-featured-img":"","footer-sml-layout":"","theme-transparent-header-meta":"default","adv-header-id-meta":"","stick-header-meta":"","header-above-stick-meta":"","header-main-stick-meta":"","header-below-stick-meta":"","astra-migrate-meta-layouts":"set","ast-page-background-enabled":"default","ast-page-background-meta":{"desktop":{"background-color":"","background-image":"","background-repeat":"repeat","background-position":"center center","background-size":"auto","background-attachment":"scroll","background-type":"","background-media":"","overlay-type":"","overlay-color":"","overlay-opacity":"","overlay-gradient":""},"tablet":{"background-color":"","background-image":"","background-repeat":"repeat","background-position":"center center","background-size":"auto","background-attachment":"scroll","background-type":"","background-media":"","overlay-type":"","overlay-color":"","overlay-opacity":"","overlay-gradient":""},"mobile":{"background-color":"","background-image":"","background-repeat":"repeat","background-position":"center center","background-size":"auto","background-attachment":"scroll","background-type":"","background-media":"","overlay-type":"","overlay-color":"","overlay-opacity":"","overlay-gradient":""}},"ast-content-background-meta":{"desktop":{"background-color":"var(--ast-global-color-5)","background-image":"","background-repeat":"repeat","background-position":"center center","background-size":"auto","background-attachment":"scroll","background-type":"","background-media":"","overlay-type":"","overlay-color":"","overlay-opacity":"","overlay-gradient":""},"tablet":{"background-color":"var(--ast-global-color-5)","background-image":"","background-repeat":"repeat","background-position":"center center","background-size":"auto","background-attachment":"scroll","background-type":"","background-media":"","overlay-type":"","overlay-color":"","overlay-opacity":"","overlay-gradient":""},"mobile":{"background-color":"var(--ast-global-color-5)","background-image":"","background-repeat":"repeat","background-position":"center center","background-size":"auto","background-attachment":"scroll","background-type":"","background-media":"","overlay-type":"","overlay-color":"","overlay-opacity":"","overlay-gradient":""}},"_joinchat":[]},"product_brand":[],"product_cat":[45],"product_tag":[46,47,48,49,50,51,52,53,54,55,56,57,58,59,60,61,62,63,64,65,66,67,68,69,70,71,72,73,74,75,76,77,78,79,80,81,82,83],"class_list":{"0":"post-17","1":"product","2":"type-product","3":"status-publish","4":"has-post-thumbnail","6":"product_cat-ritalin","7":"product_tag-adhd-methylphenidat","8":"product_tag-einnahme-von-ritalin","9":"product_tag-goodrx-methylphenidat","10":"product_tag-gunstiges-ritalin-online-kaufen","11":"product_tag-kein-rx-ritalin","12":"product_tag-konnen-sie-bekommen-rezeptfreie-adhs-medikamente","13":"product_tag-konnen-sie-ritalin-ohne-rezept-kaufen","14":"product_tag-konnen-sie-ritalin-rezeptfrei-in-grosbritannien-kaufen","15":"product_tag-konnen-sie-sich-ritalin-online-verschreiben-lassen","16":"product_tag-methylphenidat","17":"product_tag-methylphenidat-mg","18":"product_tag-methylphenidat-online","19":"product_tag-methylphenidat-online-kaufen","20":"product_tag-methylphenidat-online-ohne-rezept-kaufen","21":"product_tag-methylphenidat-zum-online-verkauf","22":"product_tag-methylphenidat-zum-verkauf","23":"product_tag-methylphenidat-kosten","24":"product_tag-methylphenidat-preis","25":"product_tag-methylphenidat-rezept","26":"product_tag-ritalin","27":"product_tag-ritalin-10-mg","28":"product_tag-ritalin-adh","29":"product_tag-ritalin-fur-erwachsene","30":"product_tag-ritalin-ohne-rezept-kaufen","31":"product_tag-ritalin-online","32":"product_tag-ritalin-online-mit-nachtlieferung-kaufen","33":"product_tag-ritalin-online-ohne-rezept","34":"product_tag-ritalin-und-adh","35":"product_tag-ritalin-zum-verkauf","36":"product_tag-ritalin-zum-verkauf-in-den-usa","37":"product_tag-ritalin-zum-verkauf-online","38":"product_tag-ritalin-kosten","39":"product_tag-ritalin-medikamente","40":"product_tag-ritalin-pille","41":"product_tag-ritalin-preis","42":"product_tag-ritalin-rezept","43":"product_tag-so-bestellen-sie-ritalin-online","44":"product_tag-welche-rezeptfreien-medikamente-helfen-bei-adhs","45":"desktop-align-left","46":"tablet-align-left","47":"mobile-align-left","49":"first","50":"instock","51":"featured","52":"shipping-taxable","53":"purchasable","54":"product-type-variable"},"yoast_head":"<!-- This site is optimized with the Yoast SEO plugin v26.9 - https:\/\/yoast.com\/product\/yoast-seo-wordpress\/ -->\n<title>Acheter Ritalin en ligne - Acheter m\u00e9thylph\u00e9nidate en ligne<\/title>\n<meta name=\"description\" content=\"GBLExprimer est la meilleure boutique o\u00f9 acheter du ritalin en ligne. Commandez du Ritalin, Achetez du m\u00e9thylph\u00e9nidate maintenant !\" \/>\n<meta name=\"robots\" content=\"index, follow, max-snippet:-1, max-image-preview:large, max-video-preview:-1\" \/>\n<link rel=\"canonical\" href=\"https:\/\/gblexprimer.com\/es\/producto\/comprar-ritalin\/\" \/>\n<meta property=\"og:locale\" content=\"es_ES\" \/>\n<meta property=\"og:type\" content=\"article\" \/>\n<meta property=\"og:title\" content=\"Acheter Ritalin en ligne - Acheter m\u00e9thylph\u00e9nidate en ligne\" \/>\n<meta property=\"og:description\" content=\"GBLExprimer est la meilleure boutique o\u00f9 acheter du ritalin en ligne. Commandez du Ritalin, Achetez du m\u00e9thylph\u00e9nidate maintenant !\" \/>\n<meta property=\"og:url\" content=\"https:\/\/gblexprimer.com\/es\/producto\/comprar-ritalin\/\" \/>\n<meta property=\"og:site_name\" content=\"GBL Exprimer\" \/>\n<meta property=\"article:modified_time\" content=\"2026-04-15T05:33:12+00:00\" \/>\n<meta property=\"og:image\" content=\"https:\/\/gblexprimer.com\/wp-content\/uploads\/2023\/12\/Ritalin-Online-Kaufen.jpg\" \/>\n\t<meta property=\"og:image:width\" content=\"600\" \/>\n\t<meta property=\"og:image:height\" content=\"600\" \/>\n\t<meta property=\"og:image:type\" content=\"image\/jpeg\" \/>\n<meta name=\"twitter:card\" content=\"summary_large_image\" \/>\n<meta name=\"twitter:label1\" content=\"Tiempo de lectura\" \/>\n\t<meta name=\"twitter:data1\" content=\"3 minutos\" \/>\n<script type=\"application\/ld+json\" class=\"yoast-schema-graph\">{\"@context\":\"https:\/\/schema.org\",\"@graph\":[{\"@type\":\"WebPage\",\"@id\":\"https:\/\/gblexprimer.com\/product\/achats-en-ligne-ritalin\/\",\"url\":\"https:\/\/gblexprimer.com\/product\/achats-en-ligne-ritalin\/\",\"name\":\"Acheter Ritalin en ligne - Acheter m\u00e9thylph\u00e9nidate en ligne\",\"isPartOf\":{\"@id\":\"https:\/\/gblexprimer.com\/#website\"},\"primaryImageOfPage\":{\"@id\":\"https:\/\/gblexprimer.com\/product\/achats-en-ligne-ritalin\/#primaryimage\"},\"image\":{\"@id\":\"https:\/\/gblexprimer.com\/product\/achats-en-ligne-ritalin\/#primaryimage\"},\"thumbnailUrl\":\"https:\/\/gblexprimer.com\/wp-content\/uploads\/2023\/12\/Ritalin-Online-Kaufen.jpg\",\"datePublished\":\"2023-12-26T07:26:40+00:00\",\"dateModified\":\"2026-04-15T05:33:12+00:00\",\"description\":\"GBLExprimer est la meilleure boutique o\u00f9 acheter du ritalin en ligne. Commandez du Ritalin, Achetez du m\u00e9thylph\u00e9nidate maintenant !\",\"breadcrumb\":{\"@id\":\"https:\/\/gblexprimer.com\/product\/achats-en-ligne-ritalin\/#breadcrumb\"},\"inLanguage\":\"es\",\"potentialAction\":[{\"@type\":\"ReadAction\",\"target\":[\"https:\/\/gblexprimer.com\/product\/achats-en-ligne-ritalin\/\"]}]},{\"@type\":\"ImageObject\",\"inLanguage\":\"es\",\"@id\":\"https:\/\/gblexprimer.com\/product\/achats-en-ligne-ritalin\/#primaryimage\",\"url\":\"https:\/\/gblexprimer.com\/wp-content\/uploads\/2023\/12\/Ritalin-Online-Kaufen.jpg\",\"contentUrl\":\"https:\/\/gblexprimer.com\/wp-content\/uploads\/2023\/12\/Ritalin-Online-Kaufen.jpg\",\"width\":600,\"height\":600,\"caption\":\"Acheter du Ritalin en ligne\"},{\"@type\":\"BreadcrumbList\",\"@id\":\"https:\/\/gblexprimer.com\/product\/achats-en-ligne-ritalin\/#breadcrumb\",\"itemListElement\":[{\"@type\":\"ListItem\",\"position\":1,\"name\":\"Home\",\"item\":\"https:\/\/gblexprimer.com\/\"},{\"@type\":\"ListItem\",\"position\":2,\"name\":\"Shop\",\"item\":\"https:\/\/gblexprimer.com\/shop\/\"},{\"@type\":\"ListItem\",\"position\":3,\"name\":\"Achats en ligne Ritalin\"}]},{\"@type\":\"WebSite\",\"@id\":\"https:\/\/gblexprimer.com\/#website\",\"url\":\"https:\/\/gblexprimer.com\/\",\"name\":\"GBL Exprimer\",\"description\":\"\",\"publisher\":{\"@id\":\"https:\/\/gblexprimer.com\/#organization\"},\"potentialAction\":[{\"@type\":\"SearchAction\",\"target\":{\"@type\":\"EntryPoint\",\"urlTemplate\":\"https:\/\/gblexprimer.com\/?s={search_term_string}\"},\"query-input\":{\"@type\":\"PropertyValueSpecification\",\"valueRequired\":true,\"valueName\":\"search_term_string\"}}],\"inLanguage\":\"es\"},{\"@type\":\"Organization\",\"@id\":\"https:\/\/gblexprimer.com\/#organization\",\"name\":\"GBL Exprimer\",\"url\":\"https:\/\/gblexprimer.com\/\",\"logo\":{\"@type\":\"ImageObject\",\"inLanguage\":\"es\",\"@id\":\"https:\/\/gblexprimer.com\/#\/schema\/logo\/image\/\",\"url\":\"https:\/\/gblexprimer.com\/wp-content\/uploads\/2024\/01\/logo.png\",\"contentUrl\":\"https:\/\/gblexprimer.com\/wp-content\/uploads\/2024\/01\/logo.png\",\"width\":220,\"height\":80,\"caption\":\"GBL Exprimer\"},\"image\":{\"@id\":\"https:\/\/gblexprimer.com\/#\/schema\/logo\/image\/\"}}]}<\/script>\n<!-- \/ Yoast SEO plugin. -->","yoast_head_json":{"title":"Comprar Ritalin online - Comprar metilfenidato online","description":"GBLExprimer es la mejor tienda donde comprar ritalin online. \u00a1Orden Ritalin, Comprar metilfenidato ahora!","robots":{"index":"index","follow":"follow","max-snippet":"max-snippet:-1","max-image-preview":"max-image-preview:large","max-video-preview":"max-video-preview:-1"},"canonical":"https:\/\/gblexprimer.com\/es\/producto\/comprar-ritalin\/","og_locale":"es_ES","og_type":"article","og_title":"Acheter Ritalin en ligne - Acheter m\u00e9thylph\u00e9nidate en ligne","og_description":"GBLExprimer est la meilleure boutique o\u00f9 acheter du ritalin en ligne. Commandez du Ritalin, Achetez du m\u00e9thylph\u00e9nidate maintenant !","og_url":"https:\/\/gblexprimer.com\/es\/producto\/comprar-ritalin\/","og_site_name":"GBL Exprimer","article_modified_time":"2026-04-15T05:33:12+00:00","og_image":[{"width":600,"height":600,"url":"https:\/\/gblexprimer.com\/wp-content\/uploads\/2023\/12\/Ritalin-Online-Kaufen.jpg","type":"image\/jpeg"}],"twitter_card":"summary_large_image","twitter_misc":{"Tiempo de lectura":"3 minutos"},"schema":{"@context":"https:\/\/schema.org","@graph":[{"@type":"WebPage","@id":"https:\/\/gblexprimer.com\/product\/achats-en-ligne-ritalin\/","url":"https:\/\/gblexprimer.com\/product\/achats-en-ligne-ritalin\/","name":"Comprar Ritalin online - Comprar metilfenidato online","isPartOf":{"@id":"https:\/\/gblexprimer.com\/#website"},"primaryImageOfPage":{"@id":"https:\/\/gblexprimer.com\/product\/achats-en-ligne-ritalin\/#primaryimage"},"image":{"@id":"https:\/\/gblexprimer.com\/product\/achats-en-ligne-ritalin\/#primaryimage"},"thumbnailUrl":"https:\/\/gblexprimer.com\/wp-content\/uploads\/2023\/12\/Ritalin-Online-Kaufen.jpg","datePublished":"2023-12-26T07:26:40+00:00","dateModified":"2026-04-15T05:33:12+00:00","description":"GBLExprimer es la mejor tienda donde comprar ritalin online. \u00a1Orden Ritalin, Comprar metilfenidato ahora!","breadcrumb":{"@id":"https:\/\/gblexprimer.com\/product\/achats-en-ligne-ritalin\/#breadcrumb"},"inLanguage":"es","potentialAction":[{"@type":"ReadAction","target":["https:\/\/gblexprimer.com\/product\/achats-en-ligne-ritalin\/"]}]},{"@type":"ImageObject","inLanguage":"es","@id":"https:\/\/gblexprimer.com\/product\/achats-en-ligne-ritalin\/#primaryimage","url":"https:\/\/gblexprimer.com\/wp-content\/uploads\/2023\/12\/Ritalin-Online-Kaufen.jpg","contentUrl":"https:\/\/gblexprimer.com\/wp-content\/uploads\/2023\/12\/Ritalin-Online-Kaufen.jpg","width":600,"height":600,"caption":"Acheter du Ritalin en ligne"},{"@type":"BreadcrumbList","@id":"https:\/\/gblexprimer.com\/product\/achats-en-ligne-ritalin\/#breadcrumb","itemListElement":[{"@type":"ListItem","position":1,"name":"Home","item":"https:\/\/gblexprimer.com\/"},{"@type":"ListItem","position":2,"name":"Shop","item":"https:\/\/gblexprimer.com\/shop\/"},{"@type":"ListItem","position":3,"name":"Achats en ligne Ritalin"}]},{"@type":"WebSite","@id":"https:\/\/gblexprimer.com\/#website","url":"https:\/\/gblexprimer.com\/","name":"GBL Express","description":"","publisher":{"@id":"https:\/\/gblexprimer.com\/#organization"},"potentialAction":[{"@type":"SearchAction","target":{"@type":"EntryPoint","urlTemplate":"https:\/\/gblexprimer.com\/?s={search_term_string}"},"query-input":{"@type":"PropertyValueSpecification","valueRequired":true,"valueName":"search_term_string"}}],"inLanguage":"es"},{"@type":"Organization","@id":"https:\/\/gblexprimer.com\/#organization","name":"GBL Express","url":"https:\/\/gblexprimer.com\/","logo":{"@type":"ImageObject","inLanguage":"es","@id":"https:\/\/gblexprimer.com\/#\/schema\/logo\/image\/","url":"https:\/\/gblexprimer.com\/wp-content\/uploads\/2024\/01\/logo.png","contentUrl":"https:\/\/gblexprimer.com\/wp-content\/uploads\/2024\/01\/logo.png","width":220,"height":80,"caption":"GBL Exprimer"},"image":{"@id":"https:\/\/gblexprimer.com\/#\/schema\/logo\/image\/"}}]}},"_links":{"self":[{"href":"https:\/\/gblexprimer.com\/es\/wp-json\/wp\/v2\/product\/17","targetHints":{"allow":["GET"]}}],"collection":[{"href":"https:\/\/gblexprimer.com\/es\/wp-json\/wp\/v2\/product"}],"about":[{"href":"https:\/\/gblexprimer.com\/es\/wp-json\/wp\/v2\/types\/product"}],"replies":[{"embeddable":true,"href":"https:\/\/gblexprimer.com\/es\/wp-json\/wp\/v2\/comments?post=17"}],"wp:featuredmedia":[{"embeddable":true,"href":"https:\/\/gblexprimer.com\/es\/wp-json\/wp\/v2\/media\/105"}],"wp:attachment":[{"href":"https:\/\/gblexprimer.com\/es\/wp-json\/wp\/v2\/media?parent=17"}],"wp:term":[{"taxonomy":"product_brand","embeddable":true,"href":"https:\/\/gblexprimer.com\/es\/wp-json\/wp\/v2\/product_brand?post=17"},{"taxonomy":"product_cat","embeddable":true,"href":"https:\/\/gblexprimer.com\/es\/wp-json\/wp\/v2\/product_cat?post=17"},{"taxonomy":"product_tag","embeddable":true,"href":"https:\/\/gblexprimer.com\/es\/wp-json\/wp\/v2\/product_tag?post=17"}],"curies":[{"name":"wp","href":"https:\/\/api.w.org\/{rel}","templated":true}]}}