{"id":40,"date":"2023-12-26T07:26:41","date_gmt":"2023-12-26T07:26:41","guid":{"rendered":"https:\/\/cannasmed.com\/gbl\/?post_type=product&#038;p=40"},"modified":"2026-04-08T09:36:58","modified_gmt":"2026-04-08T09:36:58","slug":"-21","status":"publish","type":"product","link":"https:\/\/gblexprimer.com\/es\/producto\/-21\/","title":{"rendered":"Comprar Tilidin-ratiopharm plus 50\/4 mg Tilidin\/Naloxona online"},"content":{"rendered":"<h2>Comprar Tilidin-ratiopharm plus 50\/4 mg Tilidin\/Naloxon online<\/h2>\n<p><a href=\"https:\/\/gblexprimer.com\/es\/producto\/-21\/\"><strong>Tilidin-ratiopharm<\/strong><\/a> \u00ae plus 50 mg\/4 mg est\u00e1 especialmente indicado para el tratamiento del dolor cr\u00f3nico. La dosis requerida y el intervalo de dosificaci\u00f3n son determinados por el m\u00e9dico para cada paciente individual.<\/p>\n<p>La dosis diaria de <strong><a href=\"https:\/\/en.wikipedia.org\/wiki\/Tilidine\">Tilidin-ratiopharm<\/a><\/strong> \u00ae plus 50 mg\/4 mg puede estar entre 100 mg y un m\u00e1ximo de 600 mg (basado en hidrocloruro de tilidina), dependiendo de la gravedad del dolor y la respuesta individual al tratamiento.<\/p>\n<h3>Salvo prescripci\u00f3n m\u00e9dica en contrario, la dosis habitual es de :<\/h3>\n<p data-start=\"141\" data-end=\"319\">La dosis inicial habitual de Tilidin-ratiopharm \u00ae plus 50 mg\/4 mg es de 100 mg dos veces al d\u00eda. Debe mantenerse un intervalo de 12 horas entre las dosis.<\/p>\n<p data-start=\"321\" data-end=\"535\">Si vous n&rsquo;avez jamais pris d&rsquo;opio\u00efde, votre m\u00e9decin pourra r\u00e9duire la dose initiale \u00e0 50 mg deux fois par jour dans le cadre d\u2019une <strong data-start=\"452\" data-end=\"490\">Th\u00e9rapie sous supervision m\u00e9dicale<\/strong> et d\u2019un <strong data-start=\"499\" data-end=\"534\">Plan de traitement personnalis\u00e9<\/strong>. <strong><a href=\"https:\/\/gblexprimer.com\/es\/\">GblExpress<\/a><\/strong><\/p>\n<p data-start=\"537\" data-end=\"914\">Si le traitement de la douleur avec 100 mg de chlorhydrate de tilidine deux fois par jour n&rsquo;est pas suffisant, votre m\u00e9decin augmentera progressivement la posologie jusqu&rsquo;\u00e0 une dose permettant un contr\u00f4le suffisant de la douleur avec des effets secondaires tol\u00e9rables, en respectant les <strong data-start=\"824\" data-end=\"866\">Directives de s\u00e9curit\u00e9 des m\u00e9dicaments<\/strong> y el<strong data-start=\"872\" data-end=\"913\">Utilisation s\u00e9curis\u00e9e des antalgiques<\/strong>.<\/p>\n<p data-start=\"916\" data-end=\"1160\">Tilidin-ratiopharm \u00ae plus 50 mg\/4 mg convient pour une dose quotidienne de 100 \u00e0 200 mg (sur la base du chlorhydrate de tilidine) et agit comme un <strong data-start=\"1063\" data-end=\"1114\"><a href=\"https:\/\/go.drugbank.com\/drugs\/DB13787\">M\u00e9dicament<\/a> \u00e0 soulagement prolong\u00e9 de la douleur<\/strong> avec une <strong data-start=\"1124\" data-end=\"1159\">Lib\u00e9ration contr\u00f4l\u00e9e d&rsquo;opio\u00efdes<\/strong>.<\/p>\n<h3 data-start=\"1162\" data-end=\"1323\">Traitement des douleurs intenses et tr\u00e8s intenses n\u00e9cessitant une <strong data-start=\"1228\" data-end=\"1266\">Utilisation s\u00e9curis\u00e9e des opio\u00efdes<\/strong> afin de limiter le <strong data-start=\"1286\" data-end=\"1322\">Risque de surdosage aux opio\u00efdes<\/strong>.<\/h3>\n<p data-start=\"1325\" data-end=\"1620\">\u00bfQu\u00e9 debe tener en cuenta antes de tomar Tilidin-ratiopharm \u00ae plus 50 mg\/4 mg?<br data-start=\"1405\" data-end=\"1408\" \/>\u00bfC\u00f3mo debe tomarse Tilidin-ratiopharm \u00ae plus 50 mg\/4 mg?<br data-start=\"1470\" data-end=\"1473\" \/>\u00bfCu\u00e1les son los posibles efectos secundarios?<br data-start=\"1518\" data-end=\"1521\" \/>\u00bfC\u00f3mo debe conservarse Tilidin-ratiopharm \u00ae plus 50 mg\/4 mg?<br data-start=\"1577\" data-end=\"1580\" \/>Contenido del envase y otra informaci\u00f3n<\/p>\n<p data-start=\"1622\" data-end=\"1754\">Prenez toujours ce m\u00e9dicament exactement comme prescrit par votre m\u00e9decin. En cas de doute, <strong data-start=\"1714\" data-end=\"1753\">Consulter un professionnel de sant\u00e9<\/strong>.<\/p>\n<p data-start=\"1756\" data-end=\"2067\">Tilidin-ratiopharm\u00ae plus 50 mg\/4 mg est un <a href=\"https:\/\/gblexprimer.com\/es\/producto\/-22\/\"><strong data-start=\"1799\" data-end=\"1828\">M\u00e9dicament sur ordonnance<\/strong><\/a> particuli\u00e8rement utile pour traiter la douleur chronique. Le m\u00e9decin d\u00e9terminera la posologie appropri\u00e9e et l&rsquo;intervalle entre les doses pour chaque patient sur une base individuelle, en assurant une <strong data-start=\"2029\" data-end=\"2057\">Observance th\u00e9rapeutique<\/strong> optimale.<\/p>\n<p data-start=\"2069\" data-end=\"2378\">La posologie quotidienne de Tilidin-ratiopharm\u00ae plus 50 mg\/4 mg peut varier de 100 mg \u00e0 un maximum de 600 mg (sur la base du chlorhydrate de Tilidin), en fonction de la gravit\u00e9 de la douleur et du plan de traitement unique de chaque patient, tout en prenant en compte le <strong data-start=\"2340\" data-end=\"2377\">Risque de d\u00e9pendance aux opio\u00efdes<\/strong>.<\/p>\n<h3 data-start=\"2380\" data-end=\"2452\">Si prescrite par un m\u00e9decin et non modifi\u00e9e, la posologie standard est :<\/h3>\n<p data-start=\"2454\" data-end=\"2640\">La dosis inicial habitual de Tilidin-ratiopharm\u00ae plus 50 mg\/4 mg es de 100 mg dos veces al d\u00eda. En este caso, debe respetarse un intervalo de 12 horas entre las inyecciones.<\/p>\n<p data-start=\"2642\" data-end=\"2760\">Si nunca ha utilizado un opioide, su m\u00e9dico reducir\u00e1 la dosis inicial a 50 mg dos veces al d\u00eda.<\/p>\n<p data-start=\"2762\" data-end=\"3148\">Dans le cas o\u00f9 les 100 mg de chlorhydrate de tilidine administr\u00e9s deux fois par jour sont insuffisants pour traiter votre douleur, votre m\u00e9decin augmentera progressivement la dose jusqu&rsquo;\u00e0 un niveau permettant \u00e0 la fois un contr\u00f4le ad\u00e9quat de la douleur et des effets secondaires g\u00e9rables, y compris les <strong data-start=\"3065\" data-end=\"3102\">Effets secondaires de la tilidine<\/strong> y <strong data-start=\"3110\" data-end=\"3147\">Sympt\u00f4mes de sevrage aux opio\u00efdes<\/strong>.<\/p>\n<p data-start=\"3150\" data-end=\"3279\">Tilidin-ratiopharm\u00ae plus 50 mg\/4 mg es adecuado para una dosis diaria de 100 a 200 mg (en comparaci\u00f3n con el clorhidrato de tilidina). <a href=\"https:\/\/gblexprimer.com\/es\/tienda\/\"><strong>Offres sp\u00e9ciales<\/strong><\/a><\/p>","protected":false},"excerpt":{"rendered":"<p>Acheter Tilidin-ratiopharm plus 50\/4 mg Tilidin\/Naloxon en ligne Tilidin-ratiopharm \u00ae plus 50 mg\/4 mg est particuli\u00e8rement adapt\u00e9 au traitement des douleurs chroniques. La dose requise et l&rsquo;intervalle de prise sont d\u00e9termin\u00e9s par le m\u00e9decin individuellement pour chaque patient. La dose quotidienne de Tilidin-ratiopharm \u00ae plus 50 mg\/4 mg peut \u00eatre comprise entre 100 mg et [&hellip;]<\/p>","protected":false},"featured_media":90,"comment_status":"open","ping_status":"closed","template":"","meta":{"site-sidebar-layout":"default","site-content-layout":"","ast-site-content-layout":"default","site-content-style":"default","site-sidebar-style":"default","ast-global-header-display":"","ast-banner-title-visibility":"","ast-main-header-display":"","ast-hfb-above-header-display":"","ast-hfb-below-header-display":"","ast-hfb-mobile-header-display":"","site-post-title":"","ast-breadcrumbs-content":"","ast-featured-img":"","footer-sml-layout":"","theme-transparent-header-meta":"default","adv-header-id-meta":"","stick-header-meta":"","header-above-stick-meta":"","header-main-stick-meta":"","header-below-stick-meta":"","astra-migrate-meta-layouts":"set","ast-page-background-enabled":"default","ast-page-background-meta":{"desktop":{"background-color":"","background-image":"","background-repeat":"repeat","background-position":"center center","background-size":"auto","background-attachment":"scroll","background-type":"","background-media":"","overlay-type":"","overlay-color":"","overlay-opacity":"","overlay-gradient":""},"tablet":{"background-color":"","background-image":"","background-repeat":"repeat","background-position":"center center","background-size":"auto","background-attachment":"scroll","background-type":"","background-media":"","overlay-type":"","overlay-color":"","overlay-opacity":"","overlay-gradient":""},"mobile":{"background-color":"","background-image":"","background-repeat":"repeat","background-position":"center center","background-size":"auto","background-attachment":"scroll","background-type":"","background-media":"","overlay-type":"","overlay-color":"","overlay-opacity":"","overlay-gradient":""}},"ast-content-background-meta":{"desktop":{"background-color":"var(--ast-global-color-5)","background-image":"","background-repeat":"repeat","background-position":"center center","background-size":"auto","background-attachment":"scroll","background-type":"","background-media":"","overlay-type":"","overlay-color":"","overlay-opacity":"","overlay-gradient":""},"tablet":{"background-color":"var(--ast-global-color-5)","background-image":"","background-repeat":"repeat","background-position":"center center","background-size":"auto","background-attachment":"scroll","background-type":"","background-media":"","overlay-type":"","overlay-color":"","overlay-opacity":"","overlay-gradient":""},"mobile":{"background-color":"var(--ast-global-color-5)","background-image":"","background-repeat":"repeat","background-position":"center center","background-size":"auto","background-attachment":"scroll","background-type":"","background-media":"","overlay-type":"","overlay-color":"","overlay-opacity":"","overlay-gradient":""}},"_joinchat":[]},"product_brand":[],"product_cat":[84],"product_tag":[93,94,95,96,97,98,99,100],"class_list":{"0":"post-40","1":"product","2":"type-product","3":"status-publish","4":"has-post-thumbnail","6":"product_cat-ko-drops","7":"product_tag-bestellen-tilidin-tropfen-online","8":"product_tag-kaufen-tilidin-tropfen-rezeptfre","9":"product_tag-tilidin-tropfen","10":"product_tag-tilidin-tropfen-bestellen","11":"product_tag-tilidin-tropfen-kaufen","12":"product_tag-tilidin-tropfen-ohne-rezept","13":"product_tag-tilidin-tropfen-online","14":"product_tag-tilidin-tropfen-shop","15":"desktop-align-left","16":"tablet-align-left","17":"mobile-align-left","19":"first","20":"instock","21":"shipping-taxable","22":"purchasable","23":"product-type-variable","24":"has-default-attributes"},"yoast_head":"<!-- This site is optimized with the Yoast SEO plugin v26.9 - https:\/\/yoast.com\/product\/yoast-seo-wordpress\/ -->\n<title>Acheter Tilidin-ratiopharm Plus 50\/4 mg en ligne | Gblexprimer<\/title>\n<meta name=\"description\" content=\"Acheter Tilidin-ratiopharm Plus 50\/4 mg en ligne \u2013 Tilidine-Naloxone \u00e0 vendre\" \/>\n<meta name=\"robots\" content=\"index, follow, max-snippet:-1, max-image-preview:large, max-video-preview:-1\" \/>\n<link rel=\"canonical\" href=\"https:\/\/gblexprimer.com\/es\/producto\/-21\/\" \/>\n<meta property=\"og:locale\" content=\"es_ES\" \/>\n<meta property=\"og:type\" content=\"article\" \/>\n<meta property=\"og:title\" content=\"Acheter Tilidin-ratiopharm Plus 50\/4 mg en ligne | Gblexprimer\" \/>\n<meta property=\"og:description\" content=\"Acheter Tilidin-ratiopharm Plus 50\/4 mg en ligne \u2013 Tilidine-Naloxone \u00e0 vendre\" \/>\n<meta property=\"og:url\" content=\"https:\/\/gblexprimer.com\/es\/producto\/-21\/\" \/>\n<meta property=\"og:site_name\" content=\"GBL Exprimer\" \/>\n<meta property=\"article:modified_time\" content=\"2026-04-08T09:36:58+00:00\" \/>\n<meta property=\"og:image\" content=\"https:\/\/gblexprimer.com\/wp-content\/uploads\/2023\/12\/Tilidin-ratiopharm-plus-50-4-mg-Tilidin-Naloxon.jpg\" \/>\n\t<meta property=\"og:image:width\" content=\"600\" \/>\n\t<meta property=\"og:image:height\" content=\"600\" \/>\n\t<meta property=\"og:image:type\" content=\"image\/jpeg\" \/>\n<meta name=\"twitter:card\" content=\"summary_large_image\" \/>\n<meta name=\"twitter:label1\" content=\"Tiempo de lectura\" \/>\n\t<meta name=\"twitter:data1\" content=\"3 minutos\" \/>\n<script type=\"application\/ld+json\" class=\"yoast-schema-graph\">{\"@context\":\"https:\/\/schema.org\",\"@graph\":[{\"@type\":\"WebPage\",\"@id\":\"https:\/\/gblexprimer.com\/product\/tilidin-ratiopharm-plus-50-4-mg-de-tilidin-naloxon\/\",\"url\":\"https:\/\/gblexprimer.com\/product\/tilidin-ratiopharm-plus-50-4-mg-de-tilidin-naloxon\/\",\"name\":\"Acheter Tilidin-ratiopharm Plus 50\/4 mg en ligne | Gblexprimer\",\"isPartOf\":{\"@id\":\"https:\/\/gblexprimer.com\/#website\"},\"primaryImageOfPage\":{\"@id\":\"https:\/\/gblexprimer.com\/product\/tilidin-ratiopharm-plus-50-4-mg-de-tilidin-naloxon\/#primaryimage\"},\"image\":{\"@id\":\"https:\/\/gblexprimer.com\/product\/tilidin-ratiopharm-plus-50-4-mg-de-tilidin-naloxon\/#primaryimage\"},\"thumbnailUrl\":\"https:\/\/gblexprimer.com\/wp-content\/uploads\/2023\/12\/Tilidin-ratiopharm-plus-50-4-mg-Tilidin-Naloxon.jpg\",\"datePublished\":\"2023-12-26T07:26:41+00:00\",\"dateModified\":\"2026-04-08T09:36:58+00:00\",\"description\":\"Acheter Tilidin-ratiopharm Plus 50\/4 mg en ligne \u2013 Tilidine-Naloxone \u00e0 vendre\",\"breadcrumb\":{\"@id\":\"https:\/\/gblexprimer.com\/product\/tilidin-ratiopharm-plus-50-4-mg-de-tilidin-naloxon\/#breadcrumb\"},\"inLanguage\":\"es\",\"potentialAction\":[{\"@type\":\"ReadAction\",\"target\":[\"https:\/\/gblexprimer.com\/product\/tilidin-ratiopharm-plus-50-4-mg-de-tilidin-naloxon\/\"]}]},{\"@type\":\"ImageObject\",\"inLanguage\":\"es\",\"@id\":\"https:\/\/gblexprimer.com\/product\/tilidin-ratiopharm-plus-50-4-mg-de-tilidin-naloxon\/#primaryimage\",\"url\":\"https:\/\/gblexprimer.com\/wp-content\/uploads\/2023\/12\/Tilidin-ratiopharm-plus-50-4-mg-Tilidin-Naloxon.jpg\",\"contentUrl\":\"https:\/\/gblexprimer.com\/wp-content\/uploads\/2023\/12\/Tilidin-ratiopharm-plus-50-4-mg-Tilidin-Naloxon.jpg\",\"width\":600,\"height\":600,\"caption\":\"Acheter Tilidin-ratiopharm plus 50\/4 mg de Tilidin\/Naloxone en ligne\"},{\"@type\":\"BreadcrumbList\",\"@id\":\"https:\/\/gblexprimer.com\/product\/tilidin-ratiopharm-plus-50-4-mg-de-tilidin-naloxon\/#breadcrumb\",\"itemListElement\":[{\"@type\":\"ListItem\",\"position\":1,\"name\":\"Home\",\"item\":\"https:\/\/gblexprimer.com\/\"},{\"@type\":\"ListItem\",\"position\":2,\"name\":\"Shop\",\"item\":\"https:\/\/gblexprimer.com\/shop\/\"},{\"@type\":\"ListItem\",\"position\":3,\"name\":\"Acheter Tilidin-ratiopharm plus 50\/4 mg de Tilidin\/Naloxone en ligne\"}]},{\"@type\":\"WebSite\",\"@id\":\"https:\/\/gblexprimer.com\/#website\",\"url\":\"https:\/\/gblexprimer.com\/\",\"name\":\"GBL Exprimer\",\"description\":\"\",\"publisher\":{\"@id\":\"https:\/\/gblexprimer.com\/#organization\"},\"potentialAction\":[{\"@type\":\"SearchAction\",\"target\":{\"@type\":\"EntryPoint\",\"urlTemplate\":\"https:\/\/gblexprimer.com\/?s={search_term_string}\"},\"query-input\":{\"@type\":\"PropertyValueSpecification\",\"valueRequired\":true,\"valueName\":\"search_term_string\"}}],\"inLanguage\":\"es\"},{\"@type\":\"Organization\",\"@id\":\"https:\/\/gblexprimer.com\/#organization\",\"name\":\"GBL Exprimer\",\"url\":\"https:\/\/gblexprimer.com\/\",\"logo\":{\"@type\":\"ImageObject\",\"inLanguage\":\"es\",\"@id\":\"https:\/\/gblexprimer.com\/#\/schema\/logo\/image\/\",\"url\":\"https:\/\/gblexprimer.com\/wp-content\/uploads\/2024\/01\/logo.png\",\"contentUrl\":\"https:\/\/gblexprimer.com\/wp-content\/uploads\/2024\/01\/logo.png\",\"width\":220,\"height\":80,\"caption\":\"GBL Exprimer\"},\"image\":{\"@id\":\"https:\/\/gblexprimer.com\/#\/schema\/logo\/image\/\"}}]}<\/script>\n<!-- \/ Yoast SEO plugin. -->","yoast_head_json":{"title":"Acheter Tilidin-ratiopharm Plus 50\/4 mg en ligne | Gblexprimer","description":"Acheter Tilidin-ratiopharm Plus 50\/4 mg en ligne \u2013 Tilidine-Naloxone \u00e0 vendre","robots":{"index":"index","follow":"follow","max-snippet":"max-snippet:-1","max-image-preview":"max-image-preview:large","max-video-preview":"max-video-preview:-1"},"canonical":"https:\/\/gblexprimer.com\/es\/producto\/-21\/","og_locale":"es_ES","og_type":"article","og_title":"Acheter Tilidin-ratiopharm Plus 50\/4 mg en ligne | Gblexprimer","og_description":"Acheter Tilidin-ratiopharm Plus 50\/4 mg en ligne \u2013 Tilidine-Naloxone \u00e0 vendre","og_url":"https:\/\/gblexprimer.com\/es\/producto\/-21\/","og_site_name":"GBL Exprimer","article_modified_time":"2026-04-08T09:36:58+00:00","og_image":[{"width":600,"height":600,"url":"https:\/\/gblexprimer.com\/wp-content\/uploads\/2023\/12\/Tilidin-ratiopharm-plus-50-4-mg-Tilidin-Naloxon.jpg","type":"image\/jpeg"}],"twitter_card":"summary_large_image","twitter_misc":{"Tiempo de lectura":"3 minutos"},"schema":{"@context":"https:\/\/schema.org","@graph":[{"@type":"WebPage","@id":"https:\/\/gblexprimer.com\/product\/tilidin-ratiopharm-plus-50-4-mg-de-tilidin-naloxon\/","url":"https:\/\/gblexprimer.com\/product\/tilidin-ratiopharm-plus-50-4-mg-de-tilidin-naloxon\/","name":"Acheter Tilidin-ratiopharm Plus 50\/4 mg en ligne | Gblexprimer","isPartOf":{"@id":"https:\/\/gblexprimer.com\/#website"},"primaryImageOfPage":{"@id":"https:\/\/gblexprimer.com\/product\/tilidin-ratiopharm-plus-50-4-mg-de-tilidin-naloxon\/#primaryimage"},"image":{"@id":"https:\/\/gblexprimer.com\/product\/tilidin-ratiopharm-plus-50-4-mg-de-tilidin-naloxon\/#primaryimage"},"thumbnailUrl":"https:\/\/gblexprimer.com\/wp-content\/uploads\/2023\/12\/Tilidin-ratiopharm-plus-50-4-mg-Tilidin-Naloxon.jpg","datePublished":"2023-12-26T07:26:41+00:00","dateModified":"2026-04-08T09:36:58+00:00","description":"Acheter Tilidin-ratiopharm Plus 50\/4 mg en ligne \u2013 Tilidine-Naloxone \u00e0 vendre","breadcrumb":{"@id":"https:\/\/gblexprimer.com\/product\/tilidin-ratiopharm-plus-50-4-mg-de-tilidin-naloxon\/#breadcrumb"},"inLanguage":"es","potentialAction":[{"@type":"ReadAction","target":["https:\/\/gblexprimer.com\/product\/tilidin-ratiopharm-plus-50-4-mg-de-tilidin-naloxon\/"]}]},{"@type":"ImageObject","inLanguage":"es","@id":"https:\/\/gblexprimer.com\/product\/tilidin-ratiopharm-plus-50-4-mg-de-tilidin-naloxon\/#primaryimage","url":"https:\/\/gblexprimer.com\/wp-content\/uploads\/2023\/12\/Tilidin-ratiopharm-plus-50-4-mg-Tilidin-Naloxon.jpg","contentUrl":"https:\/\/gblexprimer.com\/wp-content\/uploads\/2023\/12\/Tilidin-ratiopharm-plus-50-4-mg-Tilidin-Naloxon.jpg","width":600,"height":600,"caption":"Acheter Tilidin-ratiopharm plus 50\/4 mg de Tilidin\/Naloxone en ligne"},{"@type":"BreadcrumbList","@id":"https:\/\/gblexprimer.com\/product\/tilidin-ratiopharm-plus-50-4-mg-de-tilidin-naloxon\/#breadcrumb","itemListElement":[{"@type":"ListItem","position":1,"name":"Home","item":"https:\/\/gblexprimer.com\/"},{"@type":"ListItem","position":2,"name":"Shop","item":"https:\/\/gblexprimer.com\/shop\/"},{"@type":"ListItem","position":3,"name":"Acheter Tilidin-ratiopharm plus 50\/4 mg de Tilidin\/Naloxone en ligne"}]},{"@type":"WebSite","@id":"https:\/\/gblexprimer.com\/#website","url":"https:\/\/gblexprimer.com\/","name":"GBL Express","description":"","publisher":{"@id":"https:\/\/gblexprimer.com\/#organization"},"potentialAction":[{"@type":"SearchAction","target":{"@type":"EntryPoint","urlTemplate":"https:\/\/gblexprimer.com\/?s={search_term_string}"},"query-input":{"@type":"PropertyValueSpecification","valueRequired":true,"valueName":"search_term_string"}}],"inLanguage":"es"},{"@type":"Organization","@id":"https:\/\/gblexprimer.com\/#organization","name":"GBL Express","url":"https:\/\/gblexprimer.com\/","logo":{"@type":"ImageObject","inLanguage":"es","@id":"https:\/\/gblexprimer.com\/#\/schema\/logo\/image\/","url":"https:\/\/gblexprimer.com\/wp-content\/uploads\/2024\/01\/logo.png","contentUrl":"https:\/\/gblexprimer.com\/wp-content\/uploads\/2024\/01\/logo.png","width":220,"height":80,"caption":"GBL Exprimer"},"image":{"@id":"https:\/\/gblexprimer.com\/#\/schema\/logo\/image\/"}}]}},"_links":{"self":[{"href":"https:\/\/gblexprimer.com\/es\/wp-json\/wp\/v2\/product\/40","targetHints":{"allow":["GET"]}}],"collection":[{"href":"https:\/\/gblexprimer.com\/es\/wp-json\/wp\/v2\/product"}],"about":[{"href":"https:\/\/gblexprimer.com\/es\/wp-json\/wp\/v2\/types\/product"}],"replies":[{"embeddable":true,"href":"https:\/\/gblexprimer.com\/es\/wp-json\/wp\/v2\/comments?post=40"}],"wp:featuredmedia":[{"embeddable":true,"href":"https:\/\/gblexprimer.com\/es\/wp-json\/wp\/v2\/media\/90"}],"wp:attachment":[{"href":"https:\/\/gblexprimer.com\/es\/wp-json\/wp\/v2\/media?parent=40"}],"wp:term":[{"taxonomy":"product_brand","embeddable":true,"href":"https:\/\/gblexprimer.com\/es\/wp-json\/wp\/v2\/product_brand?post=40"},{"taxonomy":"product_cat","embeddable":true,"href":"https:\/\/gblexprimer.com\/es\/wp-json\/wp\/v2\/product_cat?post=40"},{"taxonomy":"product_tag","embeddable":true,"href":"https:\/\/gblexprimer.com\/es\/wp-json\/wp\/v2\/product_tag?post=40"}],"curies":[{"name":"wp","href":"https:\/\/api.w.org\/{rel}","templated":true}]}}