{"id":5050,"date":"2024-11-26T06:13:59","date_gmt":"2024-11-26T06:13:59","guid":{"rendered":"https:\/\/gblexprimer.com\/?post_type=product&#038;p=5050"},"modified":"2026-04-11T07:23:45","modified_gmt":"2026-04-11T07:23:45","slug":"ketamina","status":"publish","type":"product","link":"https:\/\/gblexprimer.com\/es\/producto\/ketamina\/","title":{"rendered":"Ketamina"},"content":{"rendered":"<h2>Achetez de la K\u00e9tamine en Ligne<\/h2>\n<p>Est\u00e1 buscando <strong>d\u00f3nde comprar ketamina pura online<\/strong> ? Nuestra tienda en l\u00ednea <strong>GBlexpress<\/strong> ofrece <strong>venta de ketamina de alta calidad<\/strong> con <strong>entrega discreta<\/strong> en Francia, B\u00e9lgica, Suiza y en toda Europa. <strong>Pida su ketamina<\/strong> en unos pocos clics, benef\u00edciese de <strong>precios competitivos<\/strong> y un <strong>un servicio de atenci\u00f3n al cliente receptivo<\/strong>.<\/p>\n<h2><strong>Comprar Ketamina Online en GBlexprimer<\/strong><\/h2>\n<p><strong>La <a href=\"https:\/\/gblexprimer.com\/es\/producto\/ketamina\/\">ketamina<\/a><\/strong> es un compuesto vers\u00e1til, ampliamente reconocido por sus aplicaciones m\u00e9dicas, terap\u00e9uticas y cient\u00edficas. Inicialmente se desarroll\u00f3 como anest\u00e9sico, <strong>ketamina<\/strong> se ha convertido en uno de los principales focos de inter\u00e9s de la neurociencia y la psicofarmacolog\u00eda, debido a sus efectos \u00fanicos sobre el sistema nervioso central. Gracias a su interacci\u00f3n con los receptores NMDA, <strong>ketamina<\/strong> se estudia por su potencial en el tratamiento de trastornos mentales y para comprender mejor la conciencia. En <strong>GBlexpress<\/strong>proponemos <strong>ketamina de alta calidad<\/strong>con transacciones seguras, embalaje discreto y entrega r\u00e1pida para investigadores y profesionales Comprar Ketamina<a href=\"https:\/\/gblexpress.com\/ko-tropfen\/\">.<\/a><\/p>\n<h3><strong>Aplicaciones y usos de la ketamina<\/strong><\/h3>\n<h4><strong>Investigaci\u00f3n cient\u00edfica y psicofarmacolog\u00eda<\/strong><\/h4>\n<p><strong>La <a href=\"https:\/\/en.wikipedia.org\/wiki\/Ketamine\">ketamina<\/a><\/strong> se utiliza ampliamente en los laboratorios para estudiar su impacto en las v\u00edas de los receptores NMDA, la neuroplasticidad y su potencial terap\u00e9utico en trastornos mentales como la depresi\u00f3n y el trastorno de estr\u00e9s postraum\u00e1tico (TEPT).<\/p>\n<h4><strong>Estudios terap\u00e9uticos y m\u00e9dicos<\/strong><\/h4>\n<p>M\u00e1s all\u00e1 de sus propiedades anest\u00e9sicas, <strong>ketamina<\/strong> se est\u00e1 estudiando por su capacidad para reducir la depresi\u00f3n resistente a los tratamientos, el dolor cr\u00f3nico y otras afecciones, lo que lo convierte en un elemento clave de la innovaci\u00f3n terap\u00e9utica.<\/p>\n<h4><strong>Estudios conductuales y cognitivos<\/strong><\/h4>\n<p>Los investigadores analizan <a href=\"https:\/\/gblexprimer.com\/es\/producto\/ketamina-inresa-100-mg-ml-ketamina\/\"><strong>ketamina<\/strong><\/a> por sus efectos sobre el estado de \u00e1nimo, la percepci\u00f3n y la cognici\u00f3n, contribuyendo a una mejor comprensi\u00f3n de su impacto sobre los estados mentales y la conciencia.<\/p>\n<h3><strong>\u00bfPor qu\u00e9 comprar Ketamina en GBlexprimer?<\/strong><\/h3>\n<p>En <a href=\"https:\/\/gblexprimer.com\/es\/\"><strong>GBlexpress<\/strong><\/a>Nos comprometemos a ofrecer productos de alta calidad y un servicio impecable para satisfacer sus necesidades profesionales y cient\u00edficas.<\/p>\n<h4><strong>Ketamina de alta calidad<\/strong><\/h4>\n<p>Nuestra <strong>ketamina<\/strong> se somete a pruebas rigurosas para garantizar su pureza y consistencia, cumpliendo las normas m\u00e1s estrictas para uso profesional y acad\u00e9mico.<\/p>\n<h4><strong>Transacciones seguras y discretas<\/strong><\/h4>\n<p>Garantizamos la privacidad de nuestros clientes con opciones de pago seguras y embalajes discretos para una experiencia de compra sin complicaciones.<\/p>\n<h4><strong>Entrega r\u00e1pida y fiable<\/strong><\/h4>\n<p>Nuestra fiable red log\u00edstica garantiza la entrega r\u00e1pida de sus <strong>ketamina<\/strong>Esto permitir\u00e1 que sus proyectos de investigaci\u00f3n avancen sin demora.<\/p>\n<h4><strong>Precios asequibles<\/strong><\/h4>\n<p>Ofrecemos <strong>ketamina<\/strong> a precios competitivos, ofreciendo un valor excelente sin comprometer la calidad.<\/p>\n<h3><strong>Comprar Ketamina Online Hoy<\/strong><\/h3>\n<p>\u00bfBusca una fuente fiable de <strong>ketamina<\/strong> ? En <strong>GBlexpress<\/strong>entregamos <strong>ketamina de alta calidad<\/strong> con pagos seguros, entregas r\u00e1pidas y un excelente servicio de atenci\u00f3n al cliente. Ya sea para investigaci\u00f3n, estudios terap\u00e9uticos o aplicaciones profesionales, nuestros <strong>ketamina<\/strong> cumple las normas de calidad m\u00e1s estrictas. <strong>Comprar ketamina online<\/strong> ahora y descubra la fiabilidad y facilidad de compra en <strong>GBlexpress<\/strong>.<\/p>\n<h2><strong>\u00bfPor qu\u00e9 comprar ketamina en GBlexprimer?<\/strong><\/h2>\n<p class=\"ds-markdown-paragraph\">Nuestro sitio es el <strong>mejor plataforma para comprar ketamina online<\/strong>. Garantizamos :<\/p>\n<ul>\n<li>\n<p class=\"ds-markdown-paragraph\"><strong>Producto puro :<\/strong> Ketamina de calidad farmac\u00e9utica, pureza certificada &gt;99%.<\/p>\n<\/li>\n<li>\n<p class=\"ds-markdown-paragraph\"><strong>Compra segura :<\/strong> Pago encriptado y proceso de pedido confidencial.<\/p>\n<\/li>\n<li>\n<p class=\"ds-markdown-paragraph\"><strong>Entrega r\u00e1pida:<\/strong> Env\u00edo en 24 horas, embalaje discreto y neutro.<\/p>\n<\/li>\n<li>\n<p class=\"ds-markdown-paragraph\"><strong>Precio bajo :<\/strong> Las tarifas m\u00e1s competitivas del mercado para <strong>comprar ketamina<\/strong>.<\/p>\n<\/li>\n<li>\n<p class=\"ds-markdown-paragraph\"><strong>Asistencia 24\/7:<\/strong> Asistencia con su pedido antes y despu\u00e9s de la venta.<\/p>\n<\/li>\n<\/ul>\n<p class=\"ds-markdown-paragraph\"><strong>Llamada principal a la acci\u00f3n :<\/strong> [<strong>\ud83d\udc49 Haga clic aqu\u00ed para ver los productos y precios en l\u00ednea<\/strong>]<\/p>\n<h2><strong>Notre Catalogue : K\u00e9tamine \u00e0 Vendre en Ligne<\/strong><\/h2>\n<p class=\"ds-markdown-paragraph\">Descubra nuestra selecci\u00f3n organizada para <strong>order ketamine<\/strong> f\u00e1cilmente.<\/p>\n<h3><strong>1. Ketamina en polvo (pura)<\/strong><\/h3>\n<ul>\n<li>\n<p class=\"ds-markdown-paragraph\"><strong>Descripci\u00f3n :<\/strong> Forma m\u00e1s com\u00fan para <strong>comprar ketamina<\/strong>, pureza \u00f3ptima.<\/p>\n<\/li>\n<li>\n<p class=\"ds-markdown-paragraph\"><strong>C\u00f3mo comprar :<\/strong> Disponible en sobres de 1 g, 3 g, 5 g y 10 g.<\/p>\n<\/li>\n<li>\n<p class=\"ds-markdown-paragraph\"><strong>Modo de empleo :<\/strong> Investigaci\u00f3n y aplicaci\u00f3n t\u00e9cnica.<\/p>\n<\/li>\n<li>\n<p class=\"ds-markdown-paragraph\"><strong>Precio :<\/strong> En <strong>XX\u20ac\/g<\/strong>. [<strong>Ver precio y pedido<\/strong>]<\/p>\n<\/li>\n<\/ul>\n<h3><strong>2. Cristales de ketamina<\/strong><\/h3>\n<ul>\n<li>\n<p class=\"ds-markdown-paragraph\"><strong>Descripci\u00f3n :<\/strong> Cristales transparentes de gran pureza en formato premium.<\/p>\n<\/li>\n<li>\n<p class=\"ds-markdown-paragraph\"><strong>C\u00f3mo comprar :<\/strong> Se vende por gramos o en grandes cantidades.<\/p>\n<\/li>\n<li>\n<p class=\"ds-markdown-paragraph\"><strong>Precio :<\/strong> En <strong>XX\u20ac\/g<\/strong>. [<strong>Comprar cristales de ketamina<\/strong>]<\/p>\n<\/li>\n<\/ul>\n<h3><strong>3. Ketamina l\u00edquida (inyectable)<\/strong><\/h3>\n<ul>\n<li>\n<p class=\"ds-markdown-paragraph\"><strong>Descripci\u00f3n :<\/strong> Soluci\u00f3n est\u00e9ril lista para usar para uso especializado.<\/p>\n<\/li>\n<li>\n<p class=\"ds-markdown-paragraph\"><strong>C\u00f3mo comprar :<\/strong> Frascos de 10 ml.<\/p>\n<\/li>\n<li>\n<p class=\"ds-markdown-paragraph\"><strong>Precio :<\/strong> <strong>XX\u20ac\/vial<\/strong>. [<strong>Encargar ketamina l\u00edquida<\/strong>]<\/p>\n<\/li>\n<\/ul>","protected":false},"excerpt":{"rendered":"<p><strong>Ketamina<\/strong> es un anest\u00e9sico disociativo y un compuesto psicotr\u00f3pico ampliamente estudiado en los campos de la <strong>neurociencia<\/strong>y <strong>estudios conductuales<\/strong>y <strong>investigaci\u00f3n farmac\u00e9utica<\/strong>. Conocido por sus efectos sobre <strong>percepci\u00f3n<\/strong>el <strong>memoria<\/strong>y <strong>trastornos psiqui\u00e1tricos<\/strong>Se utiliza en investigaciones sobre el tratamiento del dolor, la depresi\u00f3n y el trastorno de estr\u00e9s postraum\u00e1tico (TEPT). En Factoryson suministramos <strong>ketamina de gran pureza<\/strong> para <strong>investigaci\u00f3n y aplicaciones industriales<\/strong>con calidad garantizada y entrega fiable.<\/p>\n<h3><strong>\u00bfC\u00f3mo act\u00faa la ketamina?<\/strong><\/h3>\n<p>La ketamina act\u00faa como<strong>Antagonista del receptor NMDA (N-metil-D-aspartato)<\/strong>bloqueando las se\u00f1ales en el sistema nervioso central. Esto provoca un <strong>anestesia disociativa<\/strong>Tambi\u00e9n se asocia a una reducci\u00f3n de la percepci\u00f3n del dolor y a efectos sobre la conciencia. Sus propiedades psicotr\u00f3picas y disociativas la convierten en una herramienta importante para estudiar la neuroplasticidad y los tratamientos de los trastornos psiqui\u00e1tricos.<\/p>\n<ul>\n<li><strong>Inicio de los efectos<\/strong> De 1 a 5 minutos (inyecci\u00f3n) o de 20 a 30 minutos (oral).<\/li>\n<li><strong>Efectos m\u00e1ximos<\/strong> De 30 minutos a 1 hora.<\/li>\n<li><strong>Duraci\u00f3n de los efectos<\/strong> 1 a 2 horas, dependiendo de la dosis y el m\u00e9todo de administraci\u00f3n.<\/li>\n<\/ul>\n<h3><strong>F\u00f3rmula y datos del producto<\/strong><\/h3>\n<ul>\n<li><strong>Nombre qu\u00edmico<\/strong> (RS)-2-(2-clorofenil)-2-(metilamino)ciclohexanona<\/li>\n<li><strong>F\u00f3rmula molecular<\/strong> C13H16ClNO<\/li>\n<li><strong>Masa molar<\/strong> 237,72 g\/mol<\/li>\n<\/ul>","protected":false},"featured_media":5274,"comment_status":"open","ping_status":"closed","template":"","meta":{"site-sidebar-layout":"default","site-content-layout":"","ast-site-content-layout":"default","site-content-style":"default","site-sidebar-style":"default","ast-global-header-display":"","ast-banner-title-visibility":"","ast-main-header-display":"","ast-hfb-above-header-display":"","ast-hfb-below-header-display":"","ast-hfb-mobile-header-display":"","site-post-title":"","ast-breadcrumbs-content":"","ast-featured-img":"","footer-sml-layout":"","theme-transparent-header-meta":"default","adv-header-id-meta":"","stick-header-meta":"","header-above-stick-meta":"","header-main-stick-meta":"","header-below-stick-meta":"","astra-migrate-meta-layouts":"set","ast-page-background-enabled":"default","ast-page-background-meta":{"desktop":{"background-color":"","background-image":"","background-repeat":"repeat","background-position":"center center","background-size":"auto","background-attachment":"scroll","background-type":"","background-media":"","overlay-type":"","overlay-color":"","overlay-opacity":"","overlay-gradient":""},"tablet":{"background-color":"","background-image":"","background-repeat":"repeat","background-position":"center center","background-size":"auto","background-attachment":"scroll","background-type":"","background-media":"","overlay-type":"","overlay-color":"","overlay-opacity":"","overlay-gradient":""},"mobile":{"background-color":"","background-image":"","background-repeat":"repeat","background-position":"center center","background-size":"auto","background-attachment":"scroll","background-type":"","background-media":"","overlay-type":"","overlay-color":"","overlay-opacity":"","overlay-gradient":""}},"ast-content-background-meta":{"desktop":{"background-color":"var(--ast-global-color-5)","background-image":"","background-repeat":"repeat","background-position":"center center","background-size":"auto","background-attachment":"scroll","background-type":"","background-media":"","overlay-type":"","overlay-color":"","overlay-opacity":"","overlay-gradient":""},"tablet":{"background-color":"var(--ast-global-color-5)","background-image":"","background-repeat":"repeat","background-position":"center center","background-size":"auto","background-attachment":"scroll","background-type":"","background-media":"","overlay-type":"","overlay-color":"","overlay-opacity":"","overlay-gradient":""},"mobile":{"background-color":"var(--ast-global-color-5)","background-image":"","background-repeat":"repeat","background-position":"center center","background-size":"auto","background-attachment":"scroll","background-type":"","background-media":"","overlay-type":"","overlay-color":"","overlay-opacity":"","overlay-gradient":""}},"_joinchat":[]},"product_brand":[],"product_cat":[141],"product_tag":[197,181,200,184,193,188,195,186,182,189,198,183,191,192,185,194,187,196,190,199],"class_list":{"0":"post-5050","1":"product","2":"type-product","3":"status-publish","4":"has-post-thumbnail","6":"product_cat-sex-meth","7":"product_tag-achat-securise-de-ketamine","8":"product_tag-achetez-ketamine","9":"product_tag-applications-cognitives-de-la-ketamine","10":"product_tag-commandez-ketamine-en-ligne","11":"product_tag-commandez-ketamine-maintenant","12":"product_tag-emballage-discret-de-ketamine","13":"product_tag-fournisseur-fiable-de-ketamine","14":"product_tag-fournisseurs-fiables-de-ketamine","15":"product_tag-ketamine-a-vendre","16":"product_tag-ketamine-abordable-en-ligne","17":"product_tag-ketamine-authentique-en-ligne","18":"product_tag-ketamine-de-haute-qualite","19":"product_tag-ketamine-pour-etudes-therapeutiques","20":"product_tag-ketamine-pour-neuroplasticite","21":"product_tag-ketamine-pour-recherche","22":"product_tag-livraison-mondiale-de-ketamine","23":"product_tag-livraison-securisee-de-ketamine","24":"product_tag-ou-acheter-de-la-ketamine","25":"product_tag-produits-premium-de-ketamine","26":"product_tag-recherche-pharmacologique-sur-la-ketamine","27":"desktop-align-left","28":"tablet-align-left","29":"mobile-align-left","31":"first","32":"instock","33":"shipping-taxable","34":"purchasable","35":"product-type-variable"},"yoast_head":"<!-- This site is optimized with the Yoast SEO plugin v26.9 - https:\/\/yoast.com\/product\/yoast-seo-wordpress\/ -->\n<title>Ketamina \u00e0 vendre \u2013 Acheter de la Ketamina en ligne | Gblexprimer<\/title>\n<meta name=\"description\" content=\"Achetez de la Ketamina en ligne sur GBLexprimer. Ketamina \u00e0 vendre, dot\u00e9e d&#039;une formulation de haute qualit\u00e9 utilis\u00e9e dans des contextes m\u00e9dicaux et de laboratoire.\" \/>\n<meta name=\"robots\" content=\"index, follow, max-snippet:-1, max-image-preview:large, max-video-preview:-1\" \/>\n<link rel=\"canonical\" href=\"https:\/\/gblexprimer.com\/es\/producto\/ketamina\/\" \/>\n<meta property=\"og:locale\" content=\"es_ES\" \/>\n<meta property=\"og:type\" content=\"article\" \/>\n<meta property=\"og:title\" content=\"Ketamina \u00e0 vendre \u2013 Acheter de la Ketamina en ligne | Gblexprimer\" \/>\n<meta property=\"og:description\" content=\"Achetez de la Ketamina en ligne sur GBLexprimer. Ketamina \u00e0 vendre, dot\u00e9e d&#039;une formulation de haute qualit\u00e9 utilis\u00e9e dans des contextes m\u00e9dicaux et de laboratoire.\" \/>\n<meta property=\"og:url\" content=\"https:\/\/gblexprimer.com\/es\/producto\/ketamina\/\" \/>\n<meta property=\"og:site_name\" content=\"GBL Exprimer\" \/>\n<meta property=\"article:modified_time\" content=\"2026-04-11T07:23:45+00:00\" \/>\n<meta property=\"og:image\" content=\"https:\/\/gblexprimer.com\/wp-content\/uploads\/2024\/11\/Ketamina.jpg\" \/>\n\t<meta property=\"og:image:width\" content=\"600\" \/>\n\t<meta property=\"og:image:height\" content=\"600\" \/>\n\t<meta property=\"og:image:type\" content=\"image\/jpeg\" \/>\n<meta name=\"twitter:card\" content=\"summary_large_image\" \/>\n<meta name=\"twitter:label1\" content=\"Tiempo de lectura\" \/>\n\t<meta name=\"twitter:data1\" content=\"4 minutos\" \/>\n<script type=\"application\/ld+json\" class=\"yoast-schema-graph\">{\"@context\":\"https:\/\/schema.org\",\"@graph\":[{\"@type\":\"WebPage\",\"@id\":\"https:\/\/gblexprimer.com\/product\/ketamina\/\",\"url\":\"https:\/\/gblexprimer.com\/product\/ketamina\/\",\"name\":\"Ketamina \u00e0 vendre \u2013 Acheter de la Ketamina en ligne | Gblexprimer\",\"isPartOf\":{\"@id\":\"https:\/\/gblexprimer.com\/#website\"},\"primaryImageOfPage\":{\"@id\":\"https:\/\/gblexprimer.com\/product\/ketamina\/#primaryimage\"},\"image\":{\"@id\":\"https:\/\/gblexprimer.com\/product\/ketamina\/#primaryimage\"},\"thumbnailUrl\":\"https:\/\/gblexprimer.com\/wp-content\/uploads\/2024\/11\/Ketamina.jpg\",\"datePublished\":\"2024-11-26T06:13:59+00:00\",\"dateModified\":\"2026-04-11T07:23:45+00:00\",\"description\":\"Achetez de la Ketamina en ligne sur GBLexprimer. Ketamina \u00e0 vendre, dot\u00e9e d'une formulation de haute qualit\u00e9 utilis\u00e9e dans des contextes m\u00e9dicaux et de laboratoire.\",\"breadcrumb\":{\"@id\":\"https:\/\/gblexprimer.com\/product\/ketamina\/#breadcrumb\"},\"inLanguage\":\"es\",\"potentialAction\":[{\"@type\":\"ReadAction\",\"target\":[\"https:\/\/gblexprimer.com\/product\/ketamina\/\"]}]},{\"@type\":\"ImageObject\",\"inLanguage\":\"es\",\"@id\":\"https:\/\/gblexprimer.com\/product\/ketamina\/#primaryimage\",\"url\":\"https:\/\/gblexprimer.com\/wp-content\/uploads\/2024\/11\/Ketamina.jpg\",\"contentUrl\":\"https:\/\/gblexprimer.com\/wp-content\/uploads\/2024\/11\/Ketamina.jpg\",\"width\":600,\"height\":600,\"caption\":\"Ketamina\"},{\"@type\":\"BreadcrumbList\",\"@id\":\"https:\/\/gblexprimer.com\/product\/ketamina\/#breadcrumb\",\"itemListElement\":[{\"@type\":\"ListItem\",\"position\":1,\"name\":\"Home\",\"item\":\"https:\/\/gblexprimer.com\/\"},{\"@type\":\"ListItem\",\"position\":2,\"name\":\"Shop\",\"item\":\"https:\/\/gblexprimer.com\/shop\/\"},{\"@type\":\"ListItem\",\"position\":3,\"name\":\"Ketamina\"}]},{\"@type\":\"WebSite\",\"@id\":\"https:\/\/gblexprimer.com\/#website\",\"url\":\"https:\/\/gblexprimer.com\/\",\"name\":\"GBL Exprimer\",\"description\":\"\",\"publisher\":{\"@id\":\"https:\/\/gblexprimer.com\/#organization\"},\"potentialAction\":[{\"@type\":\"SearchAction\",\"target\":{\"@type\":\"EntryPoint\",\"urlTemplate\":\"https:\/\/gblexprimer.com\/?s={search_term_string}\"},\"query-input\":{\"@type\":\"PropertyValueSpecification\",\"valueRequired\":true,\"valueName\":\"search_term_string\"}}],\"inLanguage\":\"es\"},{\"@type\":\"Organization\",\"@id\":\"https:\/\/gblexprimer.com\/#organization\",\"name\":\"GBL Exprimer\",\"url\":\"https:\/\/gblexprimer.com\/\",\"logo\":{\"@type\":\"ImageObject\",\"inLanguage\":\"es\",\"@id\":\"https:\/\/gblexprimer.com\/#\/schema\/logo\/image\/\",\"url\":\"https:\/\/gblexprimer.com\/wp-content\/uploads\/2024\/01\/logo.png\",\"contentUrl\":\"https:\/\/gblexprimer.com\/wp-content\/uploads\/2024\/01\/logo.png\",\"width\":220,\"height\":80,\"caption\":\"GBL Exprimer\"},\"image\":{\"@id\":\"https:\/\/gblexprimer.com\/#\/schema\/logo\/image\/\"}}]}<\/script>\n<!-- \/ Yoast SEO plugin. -->","yoast_head_json":{"title":"Ketamina \u00e0 vendre \u2013 Acheter de la Ketamina en ligne | Gblexprimer","description":"Achetez de la Ketamina en ligne sur GBLexprimer. Ketamina \u00e0 vendre, dot\u00e9e d'une formulation de haute qualit\u00e9 utilis\u00e9e dans des contextes m\u00e9dicaux et de laboratoire.","robots":{"index":"index","follow":"follow","max-snippet":"max-snippet:-1","max-image-preview":"max-image-preview:large","max-video-preview":"max-video-preview:-1"},"canonical":"https:\/\/gblexprimer.com\/es\/producto\/ketamina\/","og_locale":"es_ES","og_type":"article","og_title":"Ketamina \u00e0 vendre \u2013 Acheter de la Ketamina en ligne | Gblexprimer","og_description":"Achetez de la Ketamina en ligne sur GBLexprimer. Ketamina \u00e0 vendre, dot\u00e9e d'une formulation de haute qualit\u00e9 utilis\u00e9e dans des contextes m\u00e9dicaux et de laboratoire.","og_url":"https:\/\/gblexprimer.com\/es\/producto\/ketamina\/","og_site_name":"GBL Exprimer","article_modified_time":"2026-04-11T07:23:45+00:00","og_image":[{"width":600,"height":600,"url":"https:\/\/gblexprimer.com\/wp-content\/uploads\/2024\/11\/Ketamina.jpg","type":"image\/jpeg"}],"twitter_card":"summary_large_image","twitter_misc":{"Tiempo de lectura":"4 minutos"},"schema":{"@context":"https:\/\/schema.org","@graph":[{"@type":"WebPage","@id":"https:\/\/gblexprimer.com\/product\/ketamina\/","url":"https:\/\/gblexprimer.com\/product\/ketamina\/","name":"Ketamina \u00e0 vendre \u2013 Acheter de la Ketamina en ligne | Gblexprimer","isPartOf":{"@id":"https:\/\/gblexprimer.com\/#website"},"primaryImageOfPage":{"@id":"https:\/\/gblexprimer.com\/product\/ketamina\/#primaryimage"},"image":{"@id":"https:\/\/gblexprimer.com\/product\/ketamina\/#primaryimage"},"thumbnailUrl":"https:\/\/gblexprimer.com\/wp-content\/uploads\/2024\/11\/Ketamina.jpg","datePublished":"2024-11-26T06:13:59+00:00","dateModified":"2026-04-11T07:23:45+00:00","description":"Achetez de la Ketamina en ligne sur GBLexprimer. Ketamina \u00e0 vendre, dot\u00e9e d'une formulation de haute qualit\u00e9 utilis\u00e9e dans des contextes m\u00e9dicaux et de laboratoire.","breadcrumb":{"@id":"https:\/\/gblexprimer.com\/product\/ketamina\/#breadcrumb"},"inLanguage":"es","potentialAction":[{"@type":"ReadAction","target":["https:\/\/gblexprimer.com\/product\/ketamina\/"]}]},{"@type":"ImageObject","inLanguage":"es","@id":"https:\/\/gblexprimer.com\/product\/ketamina\/#primaryimage","url":"https:\/\/gblexprimer.com\/wp-content\/uploads\/2024\/11\/Ketamina.jpg","contentUrl":"https:\/\/gblexprimer.com\/wp-content\/uploads\/2024\/11\/Ketamina.jpg","width":600,"height":600,"caption":"Ketamina"},{"@type":"BreadcrumbList","@id":"https:\/\/gblexprimer.com\/product\/ketamina\/#breadcrumb","itemListElement":[{"@type":"ListItem","position":1,"name":"Home","item":"https:\/\/gblexprimer.com\/"},{"@type":"ListItem","position":2,"name":"Shop","item":"https:\/\/gblexprimer.com\/shop\/"},{"@type":"ListItem","position":3,"name":"Ketamina"}]},{"@type":"WebSite","@id":"https:\/\/gblexprimer.com\/#website","url":"https:\/\/gblexprimer.com\/","name":"GBL Express","description":"","publisher":{"@id":"https:\/\/gblexprimer.com\/#organization"},"potentialAction":[{"@type":"SearchAction","target":{"@type":"EntryPoint","urlTemplate":"https:\/\/gblexprimer.com\/?s={search_term_string}"},"query-input":{"@type":"PropertyValueSpecification","valueRequired":true,"valueName":"search_term_string"}}],"inLanguage":"es"},{"@type":"Organization","@id":"https:\/\/gblexprimer.com\/#organization","name":"GBL Express","url":"https:\/\/gblexprimer.com\/","logo":{"@type":"ImageObject","inLanguage":"es","@id":"https:\/\/gblexprimer.com\/#\/schema\/logo\/image\/","url":"https:\/\/gblexprimer.com\/wp-content\/uploads\/2024\/01\/logo.png","contentUrl":"https:\/\/gblexprimer.com\/wp-content\/uploads\/2024\/01\/logo.png","width":220,"height":80,"caption":"GBL Exprimer"},"image":{"@id":"https:\/\/gblexprimer.com\/#\/schema\/logo\/image\/"}}]}},"_links":{"self":[{"href":"https:\/\/gblexprimer.com\/es\/wp-json\/wp\/v2\/product\/5050","targetHints":{"allow":["GET"]}}],"collection":[{"href":"https:\/\/gblexprimer.com\/es\/wp-json\/wp\/v2\/product"}],"about":[{"href":"https:\/\/gblexprimer.com\/es\/wp-json\/wp\/v2\/types\/product"}],"replies":[{"embeddable":true,"href":"https:\/\/gblexprimer.com\/es\/wp-json\/wp\/v2\/comments?post=5050"}],"wp:featuredmedia":[{"embeddable":true,"href":"https:\/\/gblexprimer.com\/es\/wp-json\/wp\/v2\/media\/5274"}],"wp:attachment":[{"href":"https:\/\/gblexprimer.com\/es\/wp-json\/wp\/v2\/media?parent=5050"}],"wp:term":[{"taxonomy":"product_brand","embeddable":true,"href":"https:\/\/gblexprimer.com\/es\/wp-json\/wp\/v2\/product_brand?post=5050"},{"taxonomy":"product_cat","embeddable":true,"href":"https:\/\/gblexprimer.com\/es\/wp-json\/wp\/v2\/product_cat?post=5050"},{"taxonomy":"product_tag","embeddable":true,"href":"https:\/\/gblexprimer.com\/es\/wp-json\/wp\/v2\/product_tag?post=5050"}],"curies":[{"name":"wp","href":"https:\/\/api.w.org\/{rel}","templated":true}]}}