{"id":5061,"date":"2024-11-26T06:17:38","date_gmt":"2024-11-26T06:17:38","guid":{"rendered":"https:\/\/gblexprimer.com\/?post_type=product&#038;p=5061"},"modified":"2026-04-11T07:22:20","modified_gmt":"2026-04-11T07:22:20","slug":"heroina","status":"publish","type":"product","link":"https:\/\/gblexprimer.com\/es\/producto\/heroina\/","title":{"rendered":"Hero\u00edna"},"content":{"rendered":"<h2>Achetez de l\u2019H\u00e9ro\u00efne en Ligne<\/h2>\n<p><a href=\"https:\/\/gblexprimer.com\/es\/producto\/heroina\/\"><strong>Hero\u00edna<\/strong><\/a> es un opioide derivado de la morfina, conocido por sus potentes efectos sobre el sistema nervioso central. Hist\u00f3ricamente se ha utilizado en contextos m\u00e9dicos, <strong>hero\u00edna<\/strong> se estudia ahora principalmente por sus interacciones neuroqu\u00edmicas y su impacto en el comportamiento humano. En <a href=\"https:\/\/gblexprimer.com\/es\/\"><strong>GBlexpress<\/strong><\/a>proponemos <strong>hero\u00edna de alta calidad<\/strong>con transacciones seguras, envasado discreto y entrega r\u00e1pida para satisfacer las necesidades de investigadores y profesionales Comprar Hero\u00edna<a href=\"https:\/\/gblexprimer.com\/es\/producto\/heaven-pure-ecstasy-500-mg-%ce%b3-acido-hidroxibutirico-ghb\/\">.<\/a><\/p>\n<h3><strong>Aplicaciones y usos de la hero\u00edna<\/strong><\/h3>\n<h4><strong>Investigaci\u00f3n cient\u00edfica y farmacol\u00f3gica<\/strong><\/h4>\n<p><a href=\"https:\/\/en.wikipedia.org\/wiki\/Heroin\"><strong>Hero\u00edna<\/strong><\/a> se utiliza en estudios para comprender sus interacciones con los receptores opioides, incluido su papel en la modulaci\u00f3n del dolor, la adicci\u00f3n y las respuestas neuroqu\u00edmicas.<a href=\"https:\/\/gblexpress.com\/ko-tropfen\/\">.<\/a><\/p>\n<h4><strong>Estudios sobre trastornos adictivos<\/strong><\/h4>\n<p>Los investigadores analizan <strong>hero\u00edna<\/strong> comprender mejor los mecanismos de la adicci\u00f3n y desarrollar tratamientos eficaces contra el abuso de opi\u00e1ceos.<\/p>\n<h4><strong>Impacto en el comportamiento y las emociones<\/strong><\/h4>\n<p>Por sus efectos psicoactivos, <strong>hero\u00edna<\/strong> se estudia por su influencia en las emociones, la cognici\u00f3n y los comportamientos asociados a la recompensa y el placer.<\/p>\n<h3><strong>\u00bfPor qu\u00e9 comprar hero\u00edna en GBlexprimer?<\/strong><\/h3>\n<p>En <strong>GBlexpress<\/strong>Nos comprometemos a ofrecer productos de alta calidad y servicios fiables para satisfacer las necesidades de los investigadores.<\/p>\n<h4><strong>Hero\u00edna de alta calidad<\/strong><\/h4>\n<p>Nuestra <a href=\"https:\/\/gblexprimer.com\/es\/producto\/ketamina\/\"><strong>hero\u00edna<\/strong><\/a> se somete a rigurosas pruebas para garantizar su pureza y seguridad, cumpliendo las normas m\u00e1s estrictas de la investigaci\u00f3n cient\u00edfica.<\/p>\n<h4><strong>Transacciones seguras y envases discretos<\/strong><\/h4>\n<p>Garantizamos pagos seguros y embalajes discretos para proteger la confidencialidad de cada pedido.<\/p>\n<h4><strong>Entrega r\u00e1pida y fiable<\/strong><\/h4>\n<p>Con una red log\u00edstica de eficacia probada, entregamos sus pedidos r\u00e1pidamente y sin demora, est\u00e9 donde est\u00e9.<\/p>\n<h4><strong>Asequibilidad y accesibilidad<\/strong><\/h4>\n<p>Ofrecemos <strong>hero\u00edna<\/strong> a precios competitivos, garantizando un valor excelente sin comprometer la calidad.<\/p>\n<h3><strong>Comprar hero\u00edna en l\u00ednea hoy<\/strong><\/h3>\n<p>\u00bfBusca una fuente fiable de <strong>hero\u00edna<\/strong> ? En <strong>GBlexpress<\/strong>proponemos <strong>hero\u00edna de primera calidad<\/strong>ideal para estudios farmacol\u00f3gicos o neuroqu\u00edmicos. Benef\u00edciese de una entrega r\u00e1pida, un embalaje discreto y un pago seguro. <strong>Comprar hero\u00edna por Internet<\/strong> ahora y descubra la fiabilidad y facilidad de compra en <strong>GBlexpress<\/strong>.<\/p>","protected":false},"excerpt":{"rendered":"<p><strong>Hero\u00edna<\/strong> (diacetilmorfina) es un opioide semisint\u00e9tico derivado de la morfina, conocido por sus potentes efectos sobre el sistema nervioso central. Utilizada en la investigaci\u00f3n cient\u00edfica y m\u00e9dica, la hero\u00edna es un objeto de estudio clave para comprender los mecanismos de la adicci\u00f3n, el tratamiento del dolor y los receptores opioides.<\/p>\n<h3><strong>\u00bfC\u00f3mo funciona la hero\u00edna?<\/strong><\/h3>\n<p>La hero\u00edna act\u00faa uni\u00e9ndose a los receptores opioides del cerebro, en particular a los receptores \u00b5 (mu). Esta interacci\u00f3n provoca una reducci\u00f3n de la percepci\u00f3n del dolor y una liberaci\u00f3n de dopamina, lo que se traduce en sensaciones de bienestar y euforia.<\/p>\n<ul>\n<li><strong>Efectos principales :<\/strong> Alivio intenso del dolor, euforia y relajaci\u00f3n.<\/li>\n<li><strong>Modo de acci\u00f3n :<\/strong> R\u00e1pida conversi\u00f3n en morfina en el organismo, estimulando directamente los receptores opioides.<\/li>\n<\/ul>\n<h3><strong>F\u00f3rmula y datos del producto<\/strong><\/h3>\n<ul>\n<li><strong>Nombre qu\u00edmico :<\/strong> Diacetilmorfina<\/li>\n<li><strong>F\u00f3rmula molecular :<\/strong> C21H23NO5<\/li>\n<li><strong>Masa molar :<\/strong> 369,41 g\/mol<\/li>\n<\/ul>\n<h3><strong>Detalles de los efectos<\/strong><\/h3>\n<ul>\n<li><strong>Inicio de los efectos :<\/strong> 2 a 10 minutos despu\u00e9s de la administraci\u00f3n.<\/li>\n<li><strong>Duraci\u00f3n de los efectos :<\/strong> De 3 a 6 horas, seg\u00fan la dosis y la v\u00eda de administraci\u00f3n.<\/li>\n<\/ul>","protected":false},"featured_media":5271,"comment_status":"open","ping_status":"closed","template":"","meta":{"site-sidebar-layout":"default","site-content-layout":"","ast-site-content-layout":"default","site-content-style":"default","site-sidebar-style":"default","ast-global-header-display":"","ast-banner-title-visibility":"","ast-main-header-display":"","ast-hfb-above-header-display":"","ast-hfb-below-header-display":"","ast-hfb-mobile-header-display":"","site-post-title":"","ast-breadcrumbs-content":"","ast-featured-img":"","footer-sml-layout":"","theme-transparent-header-meta":"default","adv-header-id-meta":"","stick-header-meta":"","header-above-stick-meta":"","header-main-stick-meta":"","header-below-stick-meta":"","astra-migrate-meta-layouts":"set","ast-page-background-enabled":"default","ast-page-background-meta":{"desktop":{"background-color":"","background-image":"","background-repeat":"repeat","background-position":"center center","background-size":"auto","background-attachment":"scroll","background-type":"","background-media":"","overlay-type":"","overlay-color":"","overlay-opacity":"","overlay-gradient":""},"tablet":{"background-color":"","background-image":"","background-repeat":"repeat","background-position":"center center","background-size":"auto","background-attachment":"scroll","background-type":"","background-media":"","overlay-type":"","overlay-color":"","overlay-opacity":"","overlay-gradient":""},"mobile":{"background-color":"","background-image":"","background-repeat":"repeat","background-position":"center center","background-size":"auto","background-attachment":"scroll","background-type":"","background-media":"","overlay-type":"","overlay-color":"","overlay-opacity":"","overlay-gradient":""}},"ast-content-background-meta":{"desktop":{"background-color":"var(--ast-global-color-5)","background-image":"","background-repeat":"repeat","background-position":"center center","background-size":"auto","background-attachment":"scroll","background-type":"","background-media":"","overlay-type":"","overlay-color":"","overlay-opacity":"","overlay-gradient":""},"tablet":{"background-color":"var(--ast-global-color-5)","background-image":"","background-repeat":"repeat","background-position":"center center","background-size":"auto","background-attachment":"scroll","background-type":"","background-media":"","overlay-type":"","overlay-color":"","overlay-opacity":"","overlay-gradient":""},"mobile":{"background-color":"var(--ast-global-color-5)","background-image":"","background-repeat":"repeat","background-position":"center center","background-size":"auto","background-attachment":"scroll","background-type":"","background-media":"","overlay-type":"","overlay-color":"","overlay-opacity":"","overlay-gradient":""}},"_joinchat":[]},"product_brand":[],"product_cat":[141],"product_tag":[255,258,266,272,260,256,271,262,257,263,265,269,264,259,273,267,261,268,270],"class_list":{"0":"post-5061","1":"product","2":"type-product","3":"status-publish","4":"has-post-thumbnail","6":"product_cat-sex-meth","7":"product_tag-achetez-heroine","8":"product_tag-commandez-heroine-en-ligne","9":"product_tag-commandez-heroine-maintenant","10":"product_tag-etudes-sur-les-recepteurs-opioides-et-heroine","11":"product_tag-fournisseurs-fiables-de-heroine","12":"product_tag-heroine-a-vendre","13":"product_tag-heroine-abordable-en-ligne","14":"product_tag-heroine-authentique-en-ligne","15":"product_tag-heroine-de-haute-qualite","16":"product_tag-heroine-pour-etudes-de-dependance","17":"product_tag-heroine-pour-etudes-neurochimiques","18":"product_tag-heroine-pour-etudes-psychoactives","19":"product_tag-heroine-pour-neurosciences","20":"product_tag-heroine-pour-recherche","21":"product_tag-heroine-pour-recherche-medicale","22":"product_tag-livraison-rapide-de-heroine","23":"product_tag-livraison-securisee-de-heroine","24":"product_tag-ou-acheter-de-lheroine","25":"product_tag-produits-premium-heroine","26":"desktop-align-left","27":"tablet-align-left","28":"mobile-align-left","30":"first","31":"instock","32":"shipping-taxable","33":"purchasable","34":"product-type-variable"},"yoast_head":"<!-- This site is optimized with the Yoast SEO plugin v26.9 - https:\/\/yoast.com\/product\/yoast-seo-wordpress\/ -->\n<title>H\u00e9ro\u00efne \u00e0 vendre \u2013 Acheter de l&#039;h\u00e9ro\u00efne en ligne | Gblexprimer<\/title>\n<meta name=\"description\" content=\"Achetez de l&#039;h\u00e9ro\u00efne en ligne sur GBLexprimer. H\u00e9ro\u00efne \u00e0 vendre, d&#039;une puret\u00e9 de haute qualit\u00e9 et disponible en approvisionnement fiable \u00e0 des fins de recherche.\" \/>\n<meta name=\"robots\" content=\"index, follow, max-snippet:-1, max-image-preview:large, max-video-preview:-1\" \/>\n<link rel=\"canonical\" href=\"https:\/\/gblexprimer.com\/es\/producto\/heroina\/\" \/>\n<meta property=\"og:locale\" content=\"es_ES\" \/>\n<meta property=\"og:type\" content=\"article\" \/>\n<meta property=\"og:title\" content=\"H\u00e9ro\u00efne \u00e0 vendre \u2013 Acheter de l&#039;h\u00e9ro\u00efne en ligne | Gblexprimer\" \/>\n<meta property=\"og:description\" content=\"Achetez de l&#039;h\u00e9ro\u00efne en ligne sur GBLexprimer. H\u00e9ro\u00efne \u00e0 vendre, d&#039;une puret\u00e9 de haute qualit\u00e9 et disponible en approvisionnement fiable \u00e0 des fins de recherche.\" \/>\n<meta property=\"og:url\" content=\"https:\/\/gblexprimer.com\/es\/producto\/heroina\/\" \/>\n<meta property=\"og:site_name\" content=\"GBL Exprimer\" \/>\n<meta property=\"article:modified_time\" content=\"2026-04-11T07:22:20+00:00\" \/>\n<meta property=\"og:image\" content=\"https:\/\/gblexprimer.com\/wp-content\/uploads\/2024\/11\/Heroine.jpg\" \/>\n\t<meta property=\"og:image:width\" content=\"600\" \/>\n\t<meta property=\"og:image:height\" content=\"600\" \/>\n\t<meta property=\"og:image:type\" content=\"image\/jpeg\" \/>\n<meta name=\"twitter:card\" content=\"summary_large_image\" \/>\n<meta name=\"twitter:label1\" content=\"Tiempo de lectura\" \/>\n\t<meta name=\"twitter:data1\" content=\"2 minutos\" \/>\n<script type=\"application\/ld+json\" class=\"yoast-schema-graph\">{\"@context\":\"https:\/\/schema.org\",\"@graph\":[{\"@type\":\"WebPage\",\"@id\":\"https:\/\/gblexprimer.com\/product\/heroine\/\",\"url\":\"https:\/\/gblexprimer.com\/product\/heroine\/\",\"name\":\"H\u00e9ro\u00efne \u00e0 vendre \u2013 Acheter de l'h\u00e9ro\u00efne en ligne | Gblexprimer\",\"isPartOf\":{\"@id\":\"https:\/\/gblexprimer.com\/#website\"},\"primaryImageOfPage\":{\"@id\":\"https:\/\/gblexprimer.com\/product\/heroine\/#primaryimage\"},\"image\":{\"@id\":\"https:\/\/gblexprimer.com\/product\/heroine\/#primaryimage\"},\"thumbnailUrl\":\"https:\/\/gblexprimer.com\/wp-content\/uploads\/2024\/11\/Heroine.jpg\",\"datePublished\":\"2024-11-26T06:17:38+00:00\",\"dateModified\":\"2026-04-11T07:22:20+00:00\",\"description\":\"Achetez de l'h\u00e9ro\u00efne en ligne sur GBLexprimer. H\u00e9ro\u00efne \u00e0 vendre, d'une puret\u00e9 de haute qualit\u00e9 et disponible en approvisionnement fiable \u00e0 des fins de recherche.\",\"breadcrumb\":{\"@id\":\"https:\/\/gblexprimer.com\/product\/heroine\/#breadcrumb\"},\"inLanguage\":\"es\",\"potentialAction\":[{\"@type\":\"ReadAction\",\"target\":[\"https:\/\/gblexprimer.com\/product\/heroine\/\"]}]},{\"@type\":\"ImageObject\",\"inLanguage\":\"es\",\"@id\":\"https:\/\/gblexprimer.com\/product\/heroine\/#primaryimage\",\"url\":\"https:\/\/gblexprimer.com\/wp-content\/uploads\/2024\/11\/Heroine.jpg\",\"contentUrl\":\"https:\/\/gblexprimer.com\/wp-content\/uploads\/2024\/11\/Heroine.jpg\",\"width\":600,\"height\":600,\"caption\":\"H\u00e9ro\u00efne\"},{\"@type\":\"BreadcrumbList\",\"@id\":\"https:\/\/gblexprimer.com\/product\/heroine\/#breadcrumb\",\"itemListElement\":[{\"@type\":\"ListItem\",\"position\":1,\"name\":\"Home\",\"item\":\"https:\/\/gblexprimer.com\/\"},{\"@type\":\"ListItem\",\"position\":2,\"name\":\"Shop\",\"item\":\"https:\/\/gblexprimer.com\/shop\/\"},{\"@type\":\"ListItem\",\"position\":3,\"name\":\"H\u00e9ro\u00efne\"}]},{\"@type\":\"WebSite\",\"@id\":\"https:\/\/gblexprimer.com\/#website\",\"url\":\"https:\/\/gblexprimer.com\/\",\"name\":\"GBL Exprimer\",\"description\":\"\",\"publisher\":{\"@id\":\"https:\/\/gblexprimer.com\/#organization\"},\"potentialAction\":[{\"@type\":\"SearchAction\",\"target\":{\"@type\":\"EntryPoint\",\"urlTemplate\":\"https:\/\/gblexprimer.com\/?s={search_term_string}\"},\"query-input\":{\"@type\":\"PropertyValueSpecification\",\"valueRequired\":true,\"valueName\":\"search_term_string\"}}],\"inLanguage\":\"es\"},{\"@type\":\"Organization\",\"@id\":\"https:\/\/gblexprimer.com\/#organization\",\"name\":\"GBL Exprimer\",\"url\":\"https:\/\/gblexprimer.com\/\",\"logo\":{\"@type\":\"ImageObject\",\"inLanguage\":\"es\",\"@id\":\"https:\/\/gblexprimer.com\/#\/schema\/logo\/image\/\",\"url\":\"https:\/\/gblexprimer.com\/wp-content\/uploads\/2024\/01\/logo.png\",\"contentUrl\":\"https:\/\/gblexprimer.com\/wp-content\/uploads\/2024\/01\/logo.png\",\"width\":220,\"height\":80,\"caption\":\"GBL Exprimer\"},\"image\":{\"@id\":\"https:\/\/gblexprimer.com\/#\/schema\/logo\/image\/\"}}]}<\/script>\n<!-- \/ Yoast SEO plugin. -->","yoast_head_json":{"title":"H\u00e9ro\u00efne \u00e0 vendre \u2013 Acheter de l'h\u00e9ro\u00efne en ligne | Gblexprimer","description":"Achetez de l'h\u00e9ro\u00efne en ligne sur GBLexprimer. H\u00e9ro\u00efne \u00e0 vendre, d'une puret\u00e9 de haute qualit\u00e9 et disponible en approvisionnement fiable \u00e0 des fins de recherche.","robots":{"index":"index","follow":"follow","max-snippet":"max-snippet:-1","max-image-preview":"max-image-preview:large","max-video-preview":"max-video-preview:-1"},"canonical":"https:\/\/gblexprimer.com\/es\/producto\/heroina\/","og_locale":"es_ES","og_type":"article","og_title":"H\u00e9ro\u00efne \u00e0 vendre \u2013 Acheter de l'h\u00e9ro\u00efne en ligne | Gblexprimer","og_description":"Achetez de l'h\u00e9ro\u00efne en ligne sur GBLexprimer. H\u00e9ro\u00efne \u00e0 vendre, d'une puret\u00e9 de haute qualit\u00e9 et disponible en approvisionnement fiable \u00e0 des fins de recherche.","og_url":"https:\/\/gblexprimer.com\/es\/producto\/heroina\/","og_site_name":"GBL Exprimer","article_modified_time":"2026-04-11T07:22:20+00:00","og_image":[{"width":600,"height":600,"url":"https:\/\/gblexprimer.com\/wp-content\/uploads\/2024\/11\/Heroine.jpg","type":"image\/jpeg"}],"twitter_card":"summary_large_image","twitter_misc":{"Tiempo de lectura":"2 minutos"},"schema":{"@context":"https:\/\/schema.org","@graph":[{"@type":"WebPage","@id":"https:\/\/gblexprimer.com\/product\/heroine\/","url":"https:\/\/gblexprimer.com\/product\/heroine\/","name":"H\u00e9ro\u00efne \u00e0 vendre \u2013 Acheter de l'h\u00e9ro\u00efne en ligne | Gblexprimer","isPartOf":{"@id":"https:\/\/gblexprimer.com\/#website"},"primaryImageOfPage":{"@id":"https:\/\/gblexprimer.com\/product\/heroine\/#primaryimage"},"image":{"@id":"https:\/\/gblexprimer.com\/product\/heroine\/#primaryimage"},"thumbnailUrl":"https:\/\/gblexprimer.com\/wp-content\/uploads\/2024\/11\/Heroine.jpg","datePublished":"2024-11-26T06:17:38+00:00","dateModified":"2026-04-11T07:22:20+00:00","description":"Achetez de l'h\u00e9ro\u00efne en ligne sur GBLexprimer. H\u00e9ro\u00efne \u00e0 vendre, d'une puret\u00e9 de haute qualit\u00e9 et disponible en approvisionnement fiable \u00e0 des fins de recherche.","breadcrumb":{"@id":"https:\/\/gblexprimer.com\/product\/heroine\/#breadcrumb"},"inLanguage":"es","potentialAction":[{"@type":"ReadAction","target":["https:\/\/gblexprimer.com\/product\/heroine\/"]}]},{"@type":"ImageObject","inLanguage":"es","@id":"https:\/\/gblexprimer.com\/product\/heroine\/#primaryimage","url":"https:\/\/gblexprimer.com\/wp-content\/uploads\/2024\/11\/Heroine.jpg","contentUrl":"https:\/\/gblexprimer.com\/wp-content\/uploads\/2024\/11\/Heroine.jpg","width":600,"height":600,"caption":"H\u00e9ro\u00efne"},{"@type":"BreadcrumbList","@id":"https:\/\/gblexprimer.com\/product\/heroine\/#breadcrumb","itemListElement":[{"@type":"ListItem","position":1,"name":"Home","item":"https:\/\/gblexprimer.com\/"},{"@type":"ListItem","position":2,"name":"Shop","item":"https:\/\/gblexprimer.com\/shop\/"},{"@type":"ListItem","position":3,"name":"H\u00e9ro\u00efne"}]},{"@type":"WebSite","@id":"https:\/\/gblexprimer.com\/#website","url":"https:\/\/gblexprimer.com\/","name":"GBL Express","description":"","publisher":{"@id":"https:\/\/gblexprimer.com\/#organization"},"potentialAction":[{"@type":"SearchAction","target":{"@type":"EntryPoint","urlTemplate":"https:\/\/gblexprimer.com\/?s={search_term_string}"},"query-input":{"@type":"PropertyValueSpecification","valueRequired":true,"valueName":"search_term_string"}}],"inLanguage":"es"},{"@type":"Organization","@id":"https:\/\/gblexprimer.com\/#organization","name":"GBL Express","url":"https:\/\/gblexprimer.com\/","logo":{"@type":"ImageObject","inLanguage":"es","@id":"https:\/\/gblexprimer.com\/#\/schema\/logo\/image\/","url":"https:\/\/gblexprimer.com\/wp-content\/uploads\/2024\/01\/logo.png","contentUrl":"https:\/\/gblexprimer.com\/wp-content\/uploads\/2024\/01\/logo.png","width":220,"height":80,"caption":"GBL Exprimer"},"image":{"@id":"https:\/\/gblexprimer.com\/#\/schema\/logo\/image\/"}}]}},"_links":{"self":[{"href":"https:\/\/gblexprimer.com\/es\/wp-json\/wp\/v2\/product\/5061","targetHints":{"allow":["GET"]}}],"collection":[{"href":"https:\/\/gblexprimer.com\/es\/wp-json\/wp\/v2\/product"}],"about":[{"href":"https:\/\/gblexprimer.com\/es\/wp-json\/wp\/v2\/types\/product"}],"replies":[{"embeddable":true,"href":"https:\/\/gblexprimer.com\/es\/wp-json\/wp\/v2\/comments?post=5061"}],"wp:featuredmedia":[{"embeddable":true,"href":"https:\/\/gblexprimer.com\/es\/wp-json\/wp\/v2\/media\/5271"}],"wp:attachment":[{"href":"https:\/\/gblexprimer.com\/es\/wp-json\/wp\/v2\/media?parent=5061"}],"wp:term":[{"taxonomy":"product_brand","embeddable":true,"href":"https:\/\/gblexprimer.com\/es\/wp-json\/wp\/v2\/product_brand?post=5061"},{"taxonomy":"product_cat","embeddable":true,"href":"https:\/\/gblexprimer.com\/es\/wp-json\/wp\/v2\/product_cat?post=5061"},{"taxonomy":"product_tag","embeddable":true,"href":"https:\/\/gblexprimer.com\/es\/wp-json\/wp\/v2\/product_tag?post=5061"}],"curies":[{"name":"wp","href":"https:\/\/api.w.org\/{rel}","templated":true}]}}