{"id":5143,"date":"2024-11-27T10:09:34","date_gmt":"2024-11-27T10:09:34","guid":{"rendered":"https:\/\/gblexprimer.com\/?post_type=product&#038;p=5143"},"modified":"2026-04-10T10:07:10","modified_gmt":"2026-04-10T10:07:10","slug":"anavar-50mg","status":"publish","type":"product","link":"https:\/\/gblexprimer.com\/es\/producto\/anavar-50mg\/","title":{"rendered":"Anavar 50mg"},"content":{"rendered":"<h2>Anavar 50 mg: Su reputaci\u00f3n en el mundo del fitness<\/h2>\n<p><a href=\"https:\/\/gblexprimer.com\/es\/producto\/anavar-50mg\/\">Anavar 50 mg<\/a> Se menciona a menudo en las comunidades de culturismo y fitness por su reputaci\u00f3n en t\u00e9rminos de definici\u00f3n muscular y p\u00e9rdida de grasa. Muchos atletas lo utilizan durante las fases de definici\u00f3n, ya que generalmente se asocia con la preservaci\u00f3n de la masa muscular magra a la vez que se reduce la masa grasa.<\/p>\n<h3>\u00bfPor qu\u00e9 es tan popular Anavar 50 mg?<\/h3>\n<p>Definici\u00f3n muscular sin aumento excesivo de volumen<\/p>\n<p>El Anavar se cita a menudo por su capacidad para promover una apariencia esbelta y musculosa, en lugar de un aumento significativo de volumen. Por eso es popular entre quienes se preocupan por la est\u00e9tica y la definici\u00f3n muscular.<\/p>\n<h3>Ayuda a perder grasa durante las fases de definici\u00f3n.<\/h3>\n<p>Los usuarios a menudo asocian Anavar con un metabolismo mejorado, lo que puede promover la p\u00e9rdida de grasa cuando se combina con un entrenamiento y una nutrici\u00f3n estructurados. <a href=\"https:\/\/gblexprimer.com\/es\/\">GBLExpress<\/a><\/p>\n<h3>Mayor fuerza y \u200b\u200bresistencia<\/h3>\n<p>Otro beneficio frecuentemente reportado es la mejora en la fuerza y \u200b\u200bla resistencia, permitiendo sesiones de entrenamiento m\u00e1s regulares e intensas.<\/p>\n<h3>Perfil percibido como m\u00e1s amable<\/h3>\n<p>Compar\u00e9 \u00e0 d&rsquo;autres compos\u00e9s anabolisants, l&rsquo;Anavar est souvent d\u00e9crit comme \u00e9tant plus doux lorsqu&rsquo;il est utilis\u00e9 de <a href=\"https:\/\/gblexprimer.com\/es\/producto\/deca-durabin-300mg\/\">mani\u00e8re<\/a> responsable, ce qui explique pourquoi il est parfois \u00e9voqu\u00e9 aussi bien par les d\u00e9butants que par les athl\u00e8tes confirm\u00e9s.<\/p>\n<h3>Informaci\u00f3n importante sobre seguridad y legislaci\u00f3n<\/h3>\n<p><a href=\"https:\/\/en.wikipedia.org\/?title=Anavar&amp;redirect=no\">L&rsquo;Anavar (oxandrolone)<\/a> Este medicamento se vende con receta en muchos pa\u00edses, y su uso sin supervisi\u00f3n m\u00e9dica puede estar restringido o incluso ser ilegal. La dosis, la duraci\u00f3n del tratamiento y el estado de salud individual son fundamentales para la seguridad, y el uso indebido puede provocar efectos adversos.<\/p>\n<p>Cualquier persona que est\u00e9 considerando el uso de sustancias para mejorar el rendimiento debe priorizar el asesoramiento m\u00e9dico, la informaci\u00f3n adecuada y el conocimiento de la legislaci\u00f3n local.<\/p>\n<h3>Conclusi\u00f3n<\/h3>\n<p>Anavar 50 mg sigue atrayendo el inter\u00e9s de quienes se centran en la definici\u00f3n muscular, el control de la grasa y la mejora del rendimiento deportivo. Sin embargo, la toma de decisiones informada, el cumplimiento de los requisitos legales y la consideraci\u00f3n de los riesgos para la salud siempre deben ser primordiales.<\/p>","protected":false},"excerpt":{"rendered":"<p>Anavar 50 mg : Sa r\u00e9putation dans le milieu du fitness Anavar 50 mg est souvent \u00e9voqu\u00e9 dans les communaut\u00e9s de musculation et de fitness pour sa r\u00e9putation en mati\u00e8re de d\u00e9finition musculaire et de perte de graisse. De nombreux athl\u00e8tes l&rsquo;utilisent lors des phases de s\u00e8che, car il est g\u00e9n\u00e9ralement associ\u00e9 \u00e0 la pr\u00e9servation [&hellip;]<\/p>","protected":false},"featured_media":5264,"comment_status":"open","ping_status":"closed","template":"","meta":{"site-sidebar-layout":"default","site-content-layout":"","ast-site-content-layout":"default","site-content-style":"default","site-sidebar-style":"default","ast-global-header-display":"","ast-banner-title-visibility":"","ast-main-header-display":"","ast-hfb-above-header-display":"","ast-hfb-below-header-display":"","ast-hfb-mobile-header-display":"","site-post-title":"","ast-breadcrumbs-content":"","ast-featured-img":"","footer-sml-layout":"","theme-transparent-header-meta":"default","adv-header-id-meta":"","stick-header-meta":"","header-above-stick-meta":"","header-main-stick-meta":"","header-below-stick-meta":"","astra-migrate-meta-layouts":"set","ast-page-background-enabled":"default","ast-page-background-meta":{"desktop":{"background-color":"","background-image":"","background-repeat":"repeat","background-position":"center center","background-size":"auto","background-attachment":"scroll","background-type":"","background-media":"","overlay-type":"","overlay-color":"","overlay-opacity":"","overlay-gradient":""},"tablet":{"background-color":"","background-image":"","background-repeat":"repeat","background-position":"center center","background-size":"auto","background-attachment":"scroll","background-type":"","background-media":"","overlay-type":"","overlay-color":"","overlay-opacity":"","overlay-gradient":""},"mobile":{"background-color":"","background-image":"","background-repeat":"repeat","background-position":"center center","background-size":"auto","background-attachment":"scroll","background-type":"","background-media":"","overlay-type":"","overlay-color":"","overlay-opacity":"","overlay-gradient":""}},"ast-content-background-meta":{"desktop":{"background-color":"var(--ast-global-color-5)","background-image":"","background-repeat":"repeat","background-position":"center center","background-size":"auto","background-attachment":"scroll","background-type":"","background-media":"","overlay-type":"","overlay-color":"","overlay-opacity":"","overlay-gradient":""},"tablet":{"background-color":"var(--ast-global-color-5)","background-image":"","background-repeat":"repeat","background-position":"center center","background-size":"auto","background-attachment":"scroll","background-type":"","background-media":"","overlay-type":"","overlay-color":"","overlay-opacity":"","overlay-gradient":""},"mobile":{"background-color":"var(--ast-global-color-5)","background-image":"","background-repeat":"repeat","background-position":"center center","background-size":"auto","background-attachment":"scroll","background-type":"","background-media":"","overlay-type":"","overlay-color":"","overlay-opacity":"","overlay-gradient":""}},"_joinchat":[]},"product_brand":[],"product_cat":[583],"product_tag":[],"class_list":{"0":"post-5143","1":"product","2":"type-product","3":"status-publish","4":"has-post-thumbnail","6":"product_cat-steroids","7":"desktop-align-left","8":"tablet-align-left","9":"mobile-align-left","11":"first","12":"instock","13":"shipping-taxable","14":"purchasable","15":"product-type-variable"},"yoast_head":"<!-- This site is optimized with the Yoast SEO plugin v26.9 - https:\/\/yoast.com\/product\/yoast-seo-wordpress\/ -->\n<title>Acheter Anavar 50 mg en ligne \u2013 Anavar 50 mg \u00e0 vendre<\/title>\n<meta name=\"description\" content=\"L&#039;Anavar (oxandrolone) est un st\u00e9ro\u00efde anabolisant \u00e9tudi\u00e9 en ligne pour ses applications m\u00e9dicales et ses effets sur la performance. D\u00e9couvrez ses caract\u00e9ristiques, ses effets potentiels et les pr\u00e9cautions \u00e0 prendre pour votre sant\u00e9.\" \/>\n<meta name=\"robots\" content=\"index, follow, max-snippet:-1, max-image-preview:large, max-video-preview:-1\" \/>\n<link rel=\"canonical\" href=\"https:\/\/gblexprimer.com\/es\/producto\/anavar-50mg\/\" \/>\n<meta property=\"og:locale\" content=\"es_ES\" \/>\n<meta property=\"og:type\" content=\"article\" \/>\n<meta property=\"og:title\" content=\"Acheter Anavar 50 mg en ligne \u2013 Anavar 50 mg \u00e0 vendre\" \/>\n<meta property=\"og:description\" content=\"L&#039;Anavar (oxandrolone) est un st\u00e9ro\u00efde anabolisant \u00e9tudi\u00e9 en ligne pour ses applications m\u00e9dicales et ses effets sur la performance. D\u00e9couvrez ses caract\u00e9ristiques, ses effets potentiels et les pr\u00e9cautions \u00e0 prendre pour votre sant\u00e9.\" \/>\n<meta property=\"og:url\" content=\"https:\/\/gblexprimer.com\/es\/producto\/anavar-50mg\/\" \/>\n<meta property=\"og:site_name\" content=\"GBL Exprimer\" \/>\n<meta property=\"article:modified_time\" content=\"2026-04-10T10:07:10+00:00\" \/>\n<meta property=\"og:image\" content=\"https:\/\/gblexprimer.com\/wp-content\/uploads\/2024\/11\/Anavar-50mg.jpg\" \/>\n\t<meta property=\"og:image:width\" content=\"600\" \/>\n\t<meta property=\"og:image:height\" content=\"600\" \/>\n\t<meta property=\"og:image:type\" content=\"image\/jpeg\" \/>\n<meta name=\"twitter:card\" content=\"summary_large_image\" \/>\n<meta name=\"twitter:label1\" content=\"Tiempo de lectura\" \/>\n\t<meta name=\"twitter:data1\" content=\"2 minutos\" \/>\n<script type=\"application\/ld+json\" class=\"yoast-schema-graph\">{\"@context\":\"https:\/\/schema.org\",\"@graph\":[{\"@type\":\"WebPage\",\"@id\":\"https:\/\/gblexprimer.com\/product\/anavar-50mg\/\",\"url\":\"https:\/\/gblexprimer.com\/product\/anavar-50mg\/\",\"name\":\"Acheter Anavar 50 mg en ligne \u2013 Anavar 50 mg \u00e0 vendre\",\"isPartOf\":{\"@id\":\"https:\/\/gblexprimer.com\/#website\"},\"primaryImageOfPage\":{\"@id\":\"https:\/\/gblexprimer.com\/product\/anavar-50mg\/#primaryimage\"},\"image\":{\"@id\":\"https:\/\/gblexprimer.com\/product\/anavar-50mg\/#primaryimage\"},\"thumbnailUrl\":\"https:\/\/gblexprimer.com\/wp-content\/uploads\/2024\/11\/Anavar-50mg.jpg\",\"datePublished\":\"2024-11-27T10:09:34+00:00\",\"dateModified\":\"2026-04-10T10:07:10+00:00\",\"description\":\"L'Anavar (oxandrolone) est un st\u00e9ro\u00efde anabolisant \u00e9tudi\u00e9 en ligne pour ses applications m\u00e9dicales et ses effets sur la performance. D\u00e9couvrez ses caract\u00e9ristiques, ses effets potentiels et les pr\u00e9cautions \u00e0 prendre pour votre sant\u00e9.\",\"breadcrumb\":{\"@id\":\"https:\/\/gblexprimer.com\/product\/anavar-50mg\/#breadcrumb\"},\"inLanguage\":\"es\",\"potentialAction\":[{\"@type\":\"ReadAction\",\"target\":[\"https:\/\/gblexprimer.com\/product\/anavar-50mg\/\"]}]},{\"@type\":\"ImageObject\",\"inLanguage\":\"es\",\"@id\":\"https:\/\/gblexprimer.com\/product\/anavar-50mg\/#primaryimage\",\"url\":\"https:\/\/gblexprimer.com\/wp-content\/uploads\/2024\/11\/Anavar-50mg.jpg\",\"contentUrl\":\"https:\/\/gblexprimer.com\/wp-content\/uploads\/2024\/11\/Anavar-50mg.jpg\",\"width\":600,\"height\":600,\"caption\":\"Anavar-50mg\"},{\"@type\":\"BreadcrumbList\",\"@id\":\"https:\/\/gblexprimer.com\/product\/anavar-50mg\/#breadcrumb\",\"itemListElement\":[{\"@type\":\"ListItem\",\"position\":1,\"name\":\"Home\",\"item\":\"https:\/\/gblexprimer.com\/\"},{\"@type\":\"ListItem\",\"position\":2,\"name\":\"Shop\",\"item\":\"https:\/\/gblexprimer.com\/shop\/\"},{\"@type\":\"ListItem\",\"position\":3,\"name\":\"Anavar 50mg\"}]},{\"@type\":\"WebSite\",\"@id\":\"https:\/\/gblexprimer.com\/#website\",\"url\":\"https:\/\/gblexprimer.com\/\",\"name\":\"GBL Exprimer\",\"description\":\"\",\"publisher\":{\"@id\":\"https:\/\/gblexprimer.com\/#organization\"},\"potentialAction\":[{\"@type\":\"SearchAction\",\"target\":{\"@type\":\"EntryPoint\",\"urlTemplate\":\"https:\/\/gblexprimer.com\/?s={search_term_string}\"},\"query-input\":{\"@type\":\"PropertyValueSpecification\",\"valueRequired\":true,\"valueName\":\"search_term_string\"}}],\"inLanguage\":\"es\"},{\"@type\":\"Organization\",\"@id\":\"https:\/\/gblexprimer.com\/#organization\",\"name\":\"GBL Exprimer\",\"url\":\"https:\/\/gblexprimer.com\/\",\"logo\":{\"@type\":\"ImageObject\",\"inLanguage\":\"es\",\"@id\":\"https:\/\/gblexprimer.com\/#\/schema\/logo\/image\/\",\"url\":\"https:\/\/gblexprimer.com\/wp-content\/uploads\/2024\/01\/logo.png\",\"contentUrl\":\"https:\/\/gblexprimer.com\/wp-content\/uploads\/2024\/01\/logo.png\",\"width\":220,\"height\":80,\"caption\":\"GBL Exprimer\"},\"image\":{\"@id\":\"https:\/\/gblexprimer.com\/#\/schema\/logo\/image\/\"}}]}<\/script>\n<!-- \/ Yoast SEO plugin. -->","yoast_head_json":{"title":"Acheter Anavar 50 mg en ligne \u2013 Anavar 50 mg \u00e0 vendre","description":"L'Anavar (oxandrolone) est un st\u00e9ro\u00efde anabolisant \u00e9tudi\u00e9 en ligne pour ses applications m\u00e9dicales et ses effets sur la performance. D\u00e9couvrez ses caract\u00e9ristiques, ses effets potentiels et les pr\u00e9cautions \u00e0 prendre pour votre sant\u00e9.","robots":{"index":"index","follow":"follow","max-snippet":"max-snippet:-1","max-image-preview":"max-image-preview:large","max-video-preview":"max-video-preview:-1"},"canonical":"https:\/\/gblexprimer.com\/es\/producto\/anavar-50mg\/","og_locale":"es_ES","og_type":"article","og_title":"Acheter Anavar 50 mg en ligne \u2013 Anavar 50 mg \u00e0 vendre","og_description":"L'Anavar (oxandrolone) est un st\u00e9ro\u00efde anabolisant \u00e9tudi\u00e9 en ligne pour ses applications m\u00e9dicales et ses effets sur la performance. D\u00e9couvrez ses caract\u00e9ristiques, ses effets potentiels et les pr\u00e9cautions \u00e0 prendre pour votre sant\u00e9.","og_url":"https:\/\/gblexprimer.com\/es\/producto\/anavar-50mg\/","og_site_name":"GBL Exprimer","article_modified_time":"2026-04-10T10:07:10+00:00","og_image":[{"width":600,"height":600,"url":"https:\/\/gblexprimer.com\/wp-content\/uploads\/2024\/11\/Anavar-50mg.jpg","type":"image\/jpeg"}],"twitter_card":"summary_large_image","twitter_misc":{"Tiempo de lectura":"2 minutos"},"schema":{"@context":"https:\/\/schema.org","@graph":[{"@type":"WebPage","@id":"https:\/\/gblexprimer.com\/product\/anavar-50mg\/","url":"https:\/\/gblexprimer.com\/product\/anavar-50mg\/","name":"Acheter Anavar 50 mg en ligne \u2013 Anavar 50 mg \u00e0 vendre","isPartOf":{"@id":"https:\/\/gblexprimer.com\/#website"},"primaryImageOfPage":{"@id":"https:\/\/gblexprimer.com\/product\/anavar-50mg\/#primaryimage"},"image":{"@id":"https:\/\/gblexprimer.com\/product\/anavar-50mg\/#primaryimage"},"thumbnailUrl":"https:\/\/gblexprimer.com\/wp-content\/uploads\/2024\/11\/Anavar-50mg.jpg","datePublished":"2024-11-27T10:09:34+00:00","dateModified":"2026-04-10T10:07:10+00:00","description":"L'Anavar (oxandrolone) est un st\u00e9ro\u00efde anabolisant \u00e9tudi\u00e9 en ligne pour ses applications m\u00e9dicales et ses effets sur la performance. D\u00e9couvrez ses caract\u00e9ristiques, ses effets potentiels et les pr\u00e9cautions \u00e0 prendre pour votre sant\u00e9.","breadcrumb":{"@id":"https:\/\/gblexprimer.com\/product\/anavar-50mg\/#breadcrumb"},"inLanguage":"es","potentialAction":[{"@type":"ReadAction","target":["https:\/\/gblexprimer.com\/product\/anavar-50mg\/"]}]},{"@type":"ImageObject","inLanguage":"es","@id":"https:\/\/gblexprimer.com\/product\/anavar-50mg\/#primaryimage","url":"https:\/\/gblexprimer.com\/wp-content\/uploads\/2024\/11\/Anavar-50mg.jpg","contentUrl":"https:\/\/gblexprimer.com\/wp-content\/uploads\/2024\/11\/Anavar-50mg.jpg","width":600,"height":600,"caption":"Anavar-50mg"},{"@type":"BreadcrumbList","@id":"https:\/\/gblexprimer.com\/product\/anavar-50mg\/#breadcrumb","itemListElement":[{"@type":"ListItem","position":1,"name":"Home","item":"https:\/\/gblexprimer.com\/"},{"@type":"ListItem","position":2,"name":"Shop","item":"https:\/\/gblexprimer.com\/shop\/"},{"@type":"ListItem","position":3,"name":"Anavar 50mg"}]},{"@type":"WebSite","@id":"https:\/\/gblexprimer.com\/#website","url":"https:\/\/gblexprimer.com\/","name":"GBL Express","description":"","publisher":{"@id":"https:\/\/gblexprimer.com\/#organization"},"potentialAction":[{"@type":"SearchAction","target":{"@type":"EntryPoint","urlTemplate":"https:\/\/gblexprimer.com\/?s={search_term_string}"},"query-input":{"@type":"PropertyValueSpecification","valueRequired":true,"valueName":"search_term_string"}}],"inLanguage":"es"},{"@type":"Organization","@id":"https:\/\/gblexprimer.com\/#organization","name":"GBL Express","url":"https:\/\/gblexprimer.com\/","logo":{"@type":"ImageObject","inLanguage":"es","@id":"https:\/\/gblexprimer.com\/#\/schema\/logo\/image\/","url":"https:\/\/gblexprimer.com\/wp-content\/uploads\/2024\/01\/logo.png","contentUrl":"https:\/\/gblexprimer.com\/wp-content\/uploads\/2024\/01\/logo.png","width":220,"height":80,"caption":"GBL Exprimer"},"image":{"@id":"https:\/\/gblexprimer.com\/#\/schema\/logo\/image\/"}}]}},"_links":{"self":[{"href":"https:\/\/gblexprimer.com\/es\/wp-json\/wp\/v2\/product\/5143","targetHints":{"allow":["GET"]}}],"collection":[{"href":"https:\/\/gblexprimer.com\/es\/wp-json\/wp\/v2\/product"}],"about":[{"href":"https:\/\/gblexprimer.com\/es\/wp-json\/wp\/v2\/types\/product"}],"replies":[{"embeddable":true,"href":"https:\/\/gblexprimer.com\/es\/wp-json\/wp\/v2\/comments?post=5143"}],"wp:featuredmedia":[{"embeddable":true,"href":"https:\/\/gblexprimer.com\/es\/wp-json\/wp\/v2\/media\/5264"}],"wp:attachment":[{"href":"https:\/\/gblexprimer.com\/es\/wp-json\/wp\/v2\/media?parent=5143"}],"wp:term":[{"taxonomy":"product_brand","embeddable":true,"href":"https:\/\/gblexprimer.com\/es\/wp-json\/wp\/v2\/product_brand?post=5143"},{"taxonomy":"product_cat","embeddable":true,"href":"https:\/\/gblexprimer.com\/es\/wp-json\/wp\/v2\/product_cat?post=5143"},{"taxonomy":"product_tag","embeddable":true,"href":"https:\/\/gblexprimer.com\/es\/wp-json\/wp\/v2\/product_tag?post=5143"}],"curies":[{"name":"wp","href":"https:\/\/api.w.org\/{rel}","templated":true}]}}