{"id":5145,"date":"2024-11-27T10:09:26","date_gmt":"2024-11-27T10:09:26","guid":{"rendered":"https:\/\/gblexprimer.com\/?post_type=product&#038;p=5145"},"modified":"2026-04-10T10:07:31","modified_gmt":"2026-04-10T10:07:31","slug":"deca-durabin-300mg","status":"publish","type":"product","link":"https:\/\/gblexprimer.com\/es\/producto\/deca-durabin-300mg\/","title":{"rendered":"Deca Durabin 300 mg"},"content":{"rendered":"<h2>Deca Durabolin 300 mg: conocido por su desarrollo y recuperaci\u00f3n muscular.<\/h2>\n<p>Le <a href=\"https:\/\/gblexprimer.com\/es\/producto\/deca-durabin-300mg\/\"><strong>Deca Durabolin 300 mg<\/strong><\/a>El decanoato de nandrolona, \u200b\u200bcuyo ingrediente activo es la nandrolona, \u200b\u200bes una de las sustancias m\u00e1s conocidas y debatidas en el mundo del culturismo y el entrenamiento de fuerza. Es especialmente valorado por sus efectos prolongados y por favorecer el crecimiento muscular y la recuperaci\u00f3n tras sesiones de entrenamiento intensas.<\/p>\n<p>Muchos atletas asocian el Deca Durabolin con un aumento sostenido de la fuerza y \u200b\u200buna mejor recuperaci\u00f3n. Otro beneficio mencionado con frecuencia es el apoyo percibido para las articulaciones y el tejido conectivo, lo cual es particularmente importante durante el entrenamiento intenso.<\/p>\n<p>Gr\u00e2ce \u00e0 sa lib\u00e9ration lente, le <a href=\"https:\/\/gblexprimer.com\/es\/producto\/xyrem-180-ml-zu-500-mg-%ce%b3-hydroxybuttersaeure-ghb\/\">d\u00e9canoate de<\/a> nandrolone est souvent d\u00e9crit comme ayant un effet stable et constant. Cela le rend particuli\u00e8rement pertinent dans les discussions concernant les phases d&rsquo;entra\u00eenement \u00e0 long terme. Cependant, comme pour toutes les substances am\u00e9liorant la performance, il est essentiel de s&rsquo;informer, de faire preuve de responsabilit\u00e9 et de suivre une formation ad\u00e9quate en mati\u00e8re de sant\u00e9.<\/p>\n<h3>Efectos secundarios de Deca Durabolin<\/h3>\n<p>Todas las rese\u00f1as en l\u00ednea de Deca Durabolin indican que este esteroide es seguro. Por supuesto, para proteger su salud, es fundamental seguir las dosis recomendadas. La \u00fanica contraindicaci\u00f3n para usar Deca es la resistencia del cuerpo al principio activo. De hecho, la seguridad se ha convertido en un factor clave en la popularidad de este esteroide. Adem\u00e1s, ahora es posible comprar Deca Durabolin en farmacias especializadas, como nuestra farmacia en l\u00ednea. <a href=\"https:\/\/gblexprimer.com\/es\/\"><strong>GBLExpress<\/strong><\/a><\/p>\n<h3>Terapia post ciclo (PCT)<\/h3>\n<p>Tras un ciclo de Deca, la terapia post ciclo (TPC) es esencial. Esta terapia de recuperaci\u00f3n comienza dos semanas despu\u00e9s de la \u00faltima inyecci\u00f3n. Como es habitual con la TPC, se puede usar tamoxifeno o clomifeno durante este periodo para una recuperaci\u00f3n hormonal \u00f3ptima. Si, tras un ciclo prolongado de Deca, tiene dificultades para recuperar sus niveles hormonales naturales, puede considerar a\u00f1adir gonadotropinas, como la hCG, a su ciclo de recuperaci\u00f3n.<\/p>\n<p>Esto le permitir\u00e1 recuperarse m\u00e1s r\u00e1pidamente despu\u00e9s de ciclos anab\u00f3licos largos o intensivos. En la secci\u00f3n de inyecciones de Deca Durabolin, encontrar\u00e1 productos de otros fabricantes. Tambi\u00e9n le recomendamos consultar nuestra secci\u00f3n completa sobre esteroides inyectables. El env\u00edo de Deca 300 en Estados Unidos tarda de 5 a 12 d\u00edas h\u00e1biles. Si tiene alg\u00fan problema, no dude en contactar con nuestro servicio de atenci\u00f3n al cliente.<\/p>\n<h3>\u00bfPor qu\u00e9 elegir Deca Durabolin?<\/h3>\n<p><a href=\"https:\/\/en.wikipedia.org\/wiki\/Nandrolone_decanoate\">Deca Durabolin<\/a> Deca Durabolin es uno de los esteroides anab\u00f3licos m\u00e1s confiables para desarrollar masa muscular, mejorar la fuerza y \u200b\u200bpromover la recuperaci\u00f3n articular. Compre Deca Durabolin en l\u00ednea a un proveedor confiable para obtener la mejor calidad y una entrega r\u00e1pida y discreta. Si se usa correctamente, Deca Durabolin puede ayudarle a lograr ganancias significativas en fuerza, tama\u00f1o y rendimiento general.<\/p>","protected":false},"excerpt":{"rendered":"<p>Deca Durabolin 300 mg \u2013 Reconnu pour la construction musculaire et la r\u00e9cup\u00e9ration Le Deca Durabolin 300 mg, dont le principe actif est le d\u00e9canoate de nandrolone, est l&rsquo;une des substances les plus connues et les plus discut\u00e9es dans le milieu du bodybuilding et de la musculation. Il est particuli\u00e8rement appr\u00e9ci\u00e9 pour ses effets prolong\u00e9s [&hellip;]<\/p>","protected":false},"featured_media":5261,"comment_status":"open","ping_status":"closed","template":"","meta":{"site-sidebar-layout":"default","site-content-layout":"","ast-site-content-layout":"default","site-content-style":"default","site-sidebar-style":"default","ast-global-header-display":"","ast-banner-title-visibility":"","ast-main-header-display":"","ast-hfb-above-header-display":"","ast-hfb-below-header-display":"","ast-hfb-mobile-header-display":"","site-post-title":"","ast-breadcrumbs-content":"","ast-featured-img":"","footer-sml-layout":"","theme-transparent-header-meta":"default","adv-header-id-meta":"","stick-header-meta":"","header-above-stick-meta":"","header-main-stick-meta":"","header-below-stick-meta":"","astra-migrate-meta-layouts":"set","ast-page-background-enabled":"default","ast-page-background-meta":{"desktop":{"background-color":"","background-image":"","background-repeat":"repeat","background-position":"center center","background-size":"auto","background-attachment":"scroll","background-type":"","background-media":"","overlay-type":"","overlay-color":"","overlay-opacity":"","overlay-gradient":""},"tablet":{"background-color":"","background-image":"","background-repeat":"repeat","background-position":"center center","background-size":"auto","background-attachment":"scroll","background-type":"","background-media":"","overlay-type":"","overlay-color":"","overlay-opacity":"","overlay-gradient":""},"mobile":{"background-color":"","background-image":"","background-repeat":"repeat","background-position":"center center","background-size":"auto","background-attachment":"scroll","background-type":"","background-media":"","overlay-type":"","overlay-color":"","overlay-opacity":"","overlay-gradient":""}},"ast-content-background-meta":{"desktop":{"background-color":"var(--ast-global-color-5)","background-image":"","background-repeat":"repeat","background-position":"center center","background-size":"auto","background-attachment":"scroll","background-type":"","background-media":"","overlay-type":"","overlay-color":"","overlay-opacity":"","overlay-gradient":""},"tablet":{"background-color":"var(--ast-global-color-5)","background-image":"","background-repeat":"repeat","background-position":"center center","background-size":"auto","background-attachment":"scroll","background-type":"","background-media":"","overlay-type":"","overlay-color":"","overlay-opacity":"","overlay-gradient":""},"mobile":{"background-color":"var(--ast-global-color-5)","background-image":"","background-repeat":"repeat","background-position":"center center","background-size":"auto","background-attachment":"scroll","background-type":"","background-media":"","overlay-type":"","overlay-color":"","overlay-opacity":"","overlay-gradient":""}},"_joinchat":[]},"product_brand":[],"product_cat":[583],"product_tag":[],"class_list":{"0":"post-5145","1":"product","2":"type-product","3":"status-publish","4":"has-post-thumbnail","6":"product_cat-steroids","7":"desktop-align-left","8":"tablet-align-left","9":"mobile-align-left","11":"first","12":"instock","13":"shipping-taxable","14":"purchasable","15":"product-type-variable"},"yoast_head":"<!-- This site is optimized with the Yoast SEO plugin v26.9 - https:\/\/yoast.com\/product\/yoast-seo-wordpress\/ -->\n<title>Achetez Deca Durabin 300mg en ligne | Gblexprimer<\/title>\n<meta name=\"description\" content=\"Achetez du Deca Durabin en ligne. Ce produit contient de la nandrolone, un compos\u00e9 anabolisant utilis\u00e9 dans certains traitements m\u00e9dicaux et pour am\u00e9liorer les performances. D\u00e9couvrez ses propri\u00e9t\u00e9s, ses effets et son origine pharmaceutique.\" \/>\n<meta name=\"robots\" content=\"index, follow, max-snippet:-1, max-image-preview:large, max-video-preview:-1\" \/>\n<link rel=\"canonical\" href=\"https:\/\/gblexprimer.com\/es\/producto\/deca-durabin-300mg\/\" \/>\n<meta property=\"og:locale\" content=\"es_ES\" \/>\n<meta property=\"og:type\" content=\"article\" \/>\n<meta property=\"og:title\" content=\"Achetez Deca Durabin 300mg en ligne | Gblexprimer\" \/>\n<meta property=\"og:description\" content=\"Achetez du Deca Durabin en ligne. Ce produit contient de la nandrolone, un compos\u00e9 anabolisant utilis\u00e9 dans certains traitements m\u00e9dicaux et pour am\u00e9liorer les performances. D\u00e9couvrez ses propri\u00e9t\u00e9s, ses effets et son origine pharmaceutique.\" \/>\n<meta property=\"og:url\" content=\"https:\/\/gblexprimer.com\/es\/producto\/deca-durabin-300mg\/\" \/>\n<meta property=\"og:site_name\" content=\"GBL Exprimer\" \/>\n<meta property=\"article:modified_time\" content=\"2026-04-10T10:07:31+00:00\" \/>\n<meta property=\"og:image\" content=\"https:\/\/gblexprimer.com\/wp-content\/uploads\/2024\/11\/Deca-Durabin.jpg\" \/>\n\t<meta property=\"og:image:width\" content=\"600\" \/>\n\t<meta property=\"og:image:height\" content=\"600\" \/>\n\t<meta property=\"og:image:type\" content=\"image\/jpeg\" \/>\n<meta name=\"twitter:card\" content=\"summary_large_image\" \/>\n<meta name=\"twitter:label1\" content=\"Tiempo de lectura\" \/>\n\t<meta name=\"twitter:data1\" content=\"3 minutos\" \/>\n<script type=\"application\/ld+json\" class=\"yoast-schema-graph\">{\"@context\":\"https:\/\/schema.org\",\"@graph\":[{\"@type\":\"WebPage\",\"@id\":\"https:\/\/gblexprimer.com\/product\/deca-durabin-300mg\/\",\"url\":\"https:\/\/gblexprimer.com\/product\/deca-durabin-300mg\/\",\"name\":\"Achetez Deca Durabin 300mg en ligne | Gblexprimer\",\"isPartOf\":{\"@id\":\"https:\/\/gblexprimer.com\/#website\"},\"primaryImageOfPage\":{\"@id\":\"https:\/\/gblexprimer.com\/product\/deca-durabin-300mg\/#primaryimage\"},\"image\":{\"@id\":\"https:\/\/gblexprimer.com\/product\/deca-durabin-300mg\/#primaryimage\"},\"thumbnailUrl\":\"https:\/\/gblexprimer.com\/wp-content\/uploads\/2024\/11\/Deca-Durabin.jpg\",\"datePublished\":\"2024-11-27T10:09:26+00:00\",\"dateModified\":\"2026-04-10T10:07:31+00:00\",\"description\":\"Achetez du Deca Durabin en ligne. Ce produit contient de la nandrolone, un compos\u00e9 anabolisant utilis\u00e9 dans certains traitements m\u00e9dicaux et pour am\u00e9liorer les performances. D\u00e9couvrez ses propri\u00e9t\u00e9s, ses effets et son origine pharmaceutique.\",\"breadcrumb\":{\"@id\":\"https:\/\/gblexprimer.com\/product\/deca-durabin-300mg\/#breadcrumb\"},\"inLanguage\":\"es\",\"potentialAction\":[{\"@type\":\"ReadAction\",\"target\":[\"https:\/\/gblexprimer.com\/product\/deca-durabin-300mg\/\"]}]},{\"@type\":\"ImageObject\",\"inLanguage\":\"es\",\"@id\":\"https:\/\/gblexprimer.com\/product\/deca-durabin-300mg\/#primaryimage\",\"url\":\"https:\/\/gblexprimer.com\/wp-content\/uploads\/2024\/11\/Deca-Durabin.jpg\",\"contentUrl\":\"https:\/\/gblexprimer.com\/wp-content\/uploads\/2024\/11\/Deca-Durabin.jpg\",\"width\":600,\"height\":600,\"caption\":\"Deca-Durabin\"},{\"@type\":\"BreadcrumbList\",\"@id\":\"https:\/\/gblexprimer.com\/product\/deca-durabin-300mg\/#breadcrumb\",\"itemListElement\":[{\"@type\":\"ListItem\",\"position\":1,\"name\":\"Home\",\"item\":\"https:\/\/gblexprimer.com\/\"},{\"@type\":\"ListItem\",\"position\":2,\"name\":\"Shop\",\"item\":\"https:\/\/gblexprimer.com\/shop\/\"},{\"@type\":\"ListItem\",\"position\":3,\"name\":\"Deca Durabin 300mg\"}]},{\"@type\":\"WebSite\",\"@id\":\"https:\/\/gblexprimer.com\/#website\",\"url\":\"https:\/\/gblexprimer.com\/\",\"name\":\"GBL Exprimer\",\"description\":\"\",\"publisher\":{\"@id\":\"https:\/\/gblexprimer.com\/#organization\"},\"potentialAction\":[{\"@type\":\"SearchAction\",\"target\":{\"@type\":\"EntryPoint\",\"urlTemplate\":\"https:\/\/gblexprimer.com\/?s={search_term_string}\"},\"query-input\":{\"@type\":\"PropertyValueSpecification\",\"valueRequired\":true,\"valueName\":\"search_term_string\"}}],\"inLanguage\":\"es\"},{\"@type\":\"Organization\",\"@id\":\"https:\/\/gblexprimer.com\/#organization\",\"name\":\"GBL Exprimer\",\"url\":\"https:\/\/gblexprimer.com\/\",\"logo\":{\"@type\":\"ImageObject\",\"inLanguage\":\"es\",\"@id\":\"https:\/\/gblexprimer.com\/#\/schema\/logo\/image\/\",\"url\":\"https:\/\/gblexprimer.com\/wp-content\/uploads\/2024\/01\/logo.png\",\"contentUrl\":\"https:\/\/gblexprimer.com\/wp-content\/uploads\/2024\/01\/logo.png\",\"width\":220,\"height\":80,\"caption\":\"GBL Exprimer\"},\"image\":{\"@id\":\"https:\/\/gblexprimer.com\/#\/schema\/logo\/image\/\"}}]}<\/script>\n<!-- \/ Yoast SEO plugin. -->","yoast_head_json":{"title":"Achetez Deca Durabin 300mg en ligne | Gblexprimer","description":"Achetez du Deca Durabin en ligne. Ce produit contient de la nandrolone, un compos\u00e9 anabolisant utilis\u00e9 dans certains traitements m\u00e9dicaux et pour am\u00e9liorer les performances. D\u00e9couvrez ses propri\u00e9t\u00e9s, ses effets et son origine pharmaceutique.","robots":{"index":"index","follow":"follow","max-snippet":"max-snippet:-1","max-image-preview":"max-image-preview:large","max-video-preview":"max-video-preview:-1"},"canonical":"https:\/\/gblexprimer.com\/es\/producto\/deca-durabin-300mg\/","og_locale":"es_ES","og_type":"article","og_title":"Achetez Deca Durabin 300mg en ligne | Gblexprimer","og_description":"Achetez du Deca Durabin en ligne. Ce produit contient de la nandrolone, un compos\u00e9 anabolisant utilis\u00e9 dans certains traitements m\u00e9dicaux et pour am\u00e9liorer les performances. D\u00e9couvrez ses propri\u00e9t\u00e9s, ses effets et son origine pharmaceutique.","og_url":"https:\/\/gblexprimer.com\/es\/producto\/deca-durabin-300mg\/","og_site_name":"GBL Exprimer","article_modified_time":"2026-04-10T10:07:31+00:00","og_image":[{"width":600,"height":600,"url":"https:\/\/gblexprimer.com\/wp-content\/uploads\/2024\/11\/Deca-Durabin.jpg","type":"image\/jpeg"}],"twitter_card":"summary_large_image","twitter_misc":{"Tiempo de lectura":"3 minutos"},"schema":{"@context":"https:\/\/schema.org","@graph":[{"@type":"WebPage","@id":"https:\/\/gblexprimer.com\/product\/deca-durabin-300mg\/","url":"https:\/\/gblexprimer.com\/product\/deca-durabin-300mg\/","name":"Achetez Deca Durabin 300mg en ligne | Gblexprimer","isPartOf":{"@id":"https:\/\/gblexprimer.com\/#website"},"primaryImageOfPage":{"@id":"https:\/\/gblexprimer.com\/product\/deca-durabin-300mg\/#primaryimage"},"image":{"@id":"https:\/\/gblexprimer.com\/product\/deca-durabin-300mg\/#primaryimage"},"thumbnailUrl":"https:\/\/gblexprimer.com\/wp-content\/uploads\/2024\/11\/Deca-Durabin.jpg","datePublished":"2024-11-27T10:09:26+00:00","dateModified":"2026-04-10T10:07:31+00:00","description":"Achetez du Deca Durabin en ligne. Ce produit contient de la nandrolone, un compos\u00e9 anabolisant utilis\u00e9 dans certains traitements m\u00e9dicaux et pour am\u00e9liorer les performances. D\u00e9couvrez ses propri\u00e9t\u00e9s, ses effets et son origine pharmaceutique.","breadcrumb":{"@id":"https:\/\/gblexprimer.com\/product\/deca-durabin-300mg\/#breadcrumb"},"inLanguage":"es","potentialAction":[{"@type":"ReadAction","target":["https:\/\/gblexprimer.com\/product\/deca-durabin-300mg\/"]}]},{"@type":"ImageObject","inLanguage":"es","@id":"https:\/\/gblexprimer.com\/product\/deca-durabin-300mg\/#primaryimage","url":"https:\/\/gblexprimer.com\/wp-content\/uploads\/2024\/11\/Deca-Durabin.jpg","contentUrl":"https:\/\/gblexprimer.com\/wp-content\/uploads\/2024\/11\/Deca-Durabin.jpg","width":600,"height":600,"caption":"Deca-Durabin"},{"@type":"BreadcrumbList","@id":"https:\/\/gblexprimer.com\/product\/deca-durabin-300mg\/#breadcrumb","itemListElement":[{"@type":"ListItem","position":1,"name":"Home","item":"https:\/\/gblexprimer.com\/"},{"@type":"ListItem","position":2,"name":"Shop","item":"https:\/\/gblexprimer.com\/shop\/"},{"@type":"ListItem","position":3,"name":"Deca Durabin 300mg"}]},{"@type":"WebSite","@id":"https:\/\/gblexprimer.com\/#website","url":"https:\/\/gblexprimer.com\/","name":"GBL Express","description":"","publisher":{"@id":"https:\/\/gblexprimer.com\/#organization"},"potentialAction":[{"@type":"SearchAction","target":{"@type":"EntryPoint","urlTemplate":"https:\/\/gblexprimer.com\/?s={search_term_string}"},"query-input":{"@type":"PropertyValueSpecification","valueRequired":true,"valueName":"search_term_string"}}],"inLanguage":"es"},{"@type":"Organization","@id":"https:\/\/gblexprimer.com\/#organization","name":"GBL Express","url":"https:\/\/gblexprimer.com\/","logo":{"@type":"ImageObject","inLanguage":"es","@id":"https:\/\/gblexprimer.com\/#\/schema\/logo\/image\/","url":"https:\/\/gblexprimer.com\/wp-content\/uploads\/2024\/01\/logo.png","contentUrl":"https:\/\/gblexprimer.com\/wp-content\/uploads\/2024\/01\/logo.png","width":220,"height":80,"caption":"GBL Exprimer"},"image":{"@id":"https:\/\/gblexprimer.com\/#\/schema\/logo\/image\/"}}]}},"_links":{"self":[{"href":"https:\/\/gblexprimer.com\/es\/wp-json\/wp\/v2\/product\/5145","targetHints":{"allow":["GET"]}}],"collection":[{"href":"https:\/\/gblexprimer.com\/es\/wp-json\/wp\/v2\/product"}],"about":[{"href":"https:\/\/gblexprimer.com\/es\/wp-json\/wp\/v2\/types\/product"}],"replies":[{"embeddable":true,"href":"https:\/\/gblexprimer.com\/es\/wp-json\/wp\/v2\/comments?post=5145"}],"wp:featuredmedia":[{"embeddable":true,"href":"https:\/\/gblexprimer.com\/es\/wp-json\/wp\/v2\/media\/5261"}],"wp:attachment":[{"href":"https:\/\/gblexprimer.com\/es\/wp-json\/wp\/v2\/media?parent=5145"}],"wp:term":[{"taxonomy":"product_brand","embeddable":true,"href":"https:\/\/gblexprimer.com\/es\/wp-json\/wp\/v2\/product_brand?post=5145"},{"taxonomy":"product_cat","embeddable":true,"href":"https:\/\/gblexprimer.com\/es\/wp-json\/wp\/v2\/product_cat?post=5145"},{"taxonomy":"product_tag","embeddable":true,"href":"https:\/\/gblexprimer.com\/es\/wp-json\/wp\/v2\/product_tag?post=5145"}],"curies":[{"name":"wp","href":"https:\/\/api.w.org\/{rel}","templated":true}]}}