{"id":75,"date":"2023-12-26T07:26:48","date_gmt":"2023-12-26T07:26:48","guid":{"rendered":"https:\/\/cannasmed.com\/gbl\/?post_type=product&#038;p=75"},"modified":"2026-04-08T09:03:47","modified_gmt":"2026-04-08T09:03:47","slug":"-55","status":"publish","type":"product","link":"https:\/\/gblexprimer.com\/es\/producto\/-55\/","title":{"rendered":"Comprar Ketamina S+ Is\u00f3mero 99% | 500g online"},"content":{"rendered":"<h2>Acheter de l&rsquo;isom\u00e8re S+ de k\u00e9tamine (puret\u00e9 99 %) | 500 g en ligne<br \/>\nAchetez 50 g d&rsquo;isom\u00e8re S+ de k\u00e9tamine d&rsquo;une puret\u00e9 de 99 %.<\/h2>\n<p>Il est possible de se <strong><a href=\"https:\/\/gblexprimer.com\/es\/producto\/-55\/\">procurer l&rsquo;isom\u00e8re S+ de la k\u00e9tamine en ligne<\/a><\/strong>. Une autre option est la S(+)-k\u00e9tamine, qui constitue l&rsquo;\u00e9nantiom\u00e8re dextrogyre pur de la k\u00e9tamine ; celle-ci est disponible pour des applications m\u00e9dicales en analg\u00e9sie et en anesth\u00e9sie. De plus, <strong>l&rsquo;action de ce m\u00e9dicament est m\u00e9di\u00e9e<\/strong> par l&rsquo;inhibition non comp\u00e9titive du <strong>r\u00e9cepteur N-m\u00e9thyl-D-aspartate (NMDA)<\/strong> ; toutefois, il interagit \u00e9galement avec les r\u00e9cepteurs opio\u00efdes, monoaminergiques, ad\u00e9nosinergiques et autres r\u00e9cepteurs purinergiques.\u00a0 <strong><a style=\"font-size: 16px; background-color: #ffffff;\" href=\"https:\/\/gblexprimer.com\/es\/\">GblExpress<\/a><\/strong><\/p>\n<h3>Achetez l&rsquo;isom\u00e8re S de la k\u00e9tamine pour combattre la d\u00e9pression.<\/h3>\n<p>Articles sur les canaux calciques de type L. <strong><a href=\"https:\/\/gblexprimer.com\/es\/producto\/-2\/\">R\u00e9cepteurs m\u00e9tabotropes<\/a><\/strong> du glutamate (mGluR). Les r\u00e9cepteurs de l&rsquo;acide \u03b1-amino-3-hydroxy-5-m\u00e9thyl-4-isoxazolepropionique (AMPA) sont \u00e9galement d\u00e9crits. On observe une stimulation du <strong>syst\u00e8me nerveux sympathique<\/strong>. Dans les situations o\u00f9 l&rsquo;\u00e9tat du patient est pr\u00e9caire, <strong>la S(+)-k\u00e9tamine<\/strong> constitue un excellent m\u00e9dicament pour l&rsquo;analg\u00e9sie ou pour induire une anesth\u00e9sie. Des possibilit\u00e9s th\u00e9rapeutiques int\u00e9ressantes sont \u00e9galement offertes par des produits aux propri\u00e9t\u00e9s bronchodilatatrices, antihyperalg\u00e9siques, neuroprotectrices ou anti\u00e9pileptiques.<\/p>\n<h3>Cristaux de k\u00e9tamine HCl : o\u00f9 les acheter en ligne et quel est leur prix ?<\/h3>\n<p>Nous approvisionnons \u00e9galement, <strong>de mani\u00e8re efficace<\/strong>, les fabricants et les d\u00e9taillants en produits de haute qualit\u00e9. De plus, nos services de livraison et d&rsquo;exp\u00e9dition sont totalement sans risque. Nous sommes heureux de proposer nos produits \u00e0 la vente, en petites comme en grandes quantit\u00e9s, partout dans le monde. Achetez l&rsquo;isom\u00e8re S de la <strong><a href=\"https:\/\/en.wikipedia.org\/wiki\/Ketamine\">k\u00e9tamine en ligne<\/a><\/strong>.<\/p>\n<p>Par ailleurs, nous exportons et distribuons des m\u00e9dicaments \u00e0 l&rsquo;\u00e9chelle mondiale depuis plus de 5 ans, afin de garantir en permanence une <strong><a href=\"https:\/\/www.energiauutiset.fi\/kategoriat\/tuotanto\/usassa-500-miljardin-viherinvestoinnit.html\">s\u00e9curit\u00e9 \u00e0 100 % et une<\/a><\/strong> livraison centralis\u00e9e. De plus, selon le volume de votre commande, nous pouvons vous accorder une r\u00e9duction comprise entre 10 % et 15 % sur les achats importants.<\/p>\n<h3>Acheter des cristaux de k\u00e9tamine en ligne<\/h3>\n<p>En outre, tous nos prix sont excellents, <strong>raisonnables et extr\u00eamement abordables<\/strong>, car nous maintenons nos frais g\u00e9n\u00e9raux \u00e0 un niveau bas. Nous tenons \u00e0 pr\u00e9ciser que toutes nos commandes sont garanties par notre service client.<\/p>\n<p>Enfin, nous assurons une distribution rapide et s\u00e9curis\u00e9e \u00e0 travers le monde, en toute discr\u00e9tion. <a href=\"https:\/\/gblexprimer.com\/es\/tienda\/\"><strong>Voir les sp\u00e9cifications<\/strong><\/a><\/p>","protected":false},"excerpt":{"rendered":"<p>Acheter de l&rsquo;isom\u00e8re S+ de k\u00e9tamine (puret\u00e9 99 %) | 500 g en ligne Achetez 50 g d&rsquo;isom\u00e8re S+ de k\u00e9tamine d&rsquo;une puret\u00e9 de 99 %. Il est possible de se procurer l&rsquo;isom\u00e8re S+ de la k\u00e9tamine en ligne. Une autre option est la S(+)-k\u00e9tamine, qui constitue l&rsquo;\u00e9nantiom\u00e8re dextrogyre pur de la k\u00e9tamine ; celle-ci [&hellip;]<\/p>","protected":false},"featured_media":88,"comment_status":"open","ping_status":"closed","template":"","meta":{"site-sidebar-layout":"default","site-content-layout":"","ast-site-content-layout":"default","site-content-style":"default","site-sidebar-style":"default","ast-global-header-display":"","ast-banner-title-visibility":"","ast-main-header-display":"","ast-hfb-above-header-display":"","ast-hfb-below-header-display":"","ast-hfb-mobile-header-display":"","site-post-title":"","ast-breadcrumbs-content":"","ast-featured-img":"","footer-sml-layout":"","theme-transparent-header-meta":"default","adv-header-id-meta":"","stick-header-meta":"","header-above-stick-meta":"","header-main-stick-meta":"","header-below-stick-meta":"","astra-migrate-meta-layouts":"set","ast-page-background-enabled":"default","ast-page-background-meta":{"desktop":{"background-color":"","background-image":"","background-repeat":"repeat","background-position":"center center","background-size":"auto","background-attachment":"scroll","background-type":"","background-media":"","overlay-type":"","overlay-color":"","overlay-opacity":"","overlay-gradient":""},"tablet":{"background-color":"","background-image":"","background-repeat":"repeat","background-position":"center center","background-size":"auto","background-attachment":"scroll","background-type":"","background-media":"","overlay-type":"","overlay-color":"","overlay-opacity":"","overlay-gradient":""},"mobile":{"background-color":"","background-image":"","background-repeat":"repeat","background-position":"center center","background-size":"auto","background-attachment":"scroll","background-type":"","background-media":"","overlay-type":"","overlay-color":"","overlay-opacity":"","overlay-gradient":""}},"ast-content-background-meta":{"desktop":{"background-color":"var(--ast-global-color-5)","background-image":"","background-repeat":"repeat","background-position":"center center","background-size":"auto","background-attachment":"scroll","background-type":"","background-media":"","overlay-type":"","overlay-color":"","overlay-opacity":"","overlay-gradient":""},"tablet":{"background-color":"var(--ast-global-color-5)","background-image":"","background-repeat":"repeat","background-position":"center center","background-size":"auto","background-attachment":"scroll","background-type":"","background-media":"","overlay-type":"","overlay-color":"","overlay-opacity":"","overlay-gradient":""},"mobile":{"background-color":"var(--ast-global-color-5)","background-image":"","background-repeat":"repeat","background-position":"center center","background-size":"auto","background-attachment":"scroll","background-type":"","background-media":"","overlay-type":"","overlay-color":"","overlay-opacity":"","overlay-gradient":""}},"_joinchat":[]},"product_brand":[],"product_cat":[15],"product_tag":[],"class_list":{"0":"post-75","1":"product","2":"type-product","3":"status-publish","4":"has-post-thumbnail","6":"product_cat-uncategorized","7":"desktop-align-left","8":"tablet-align-left","9":"mobile-align-left","11":"first","12":"instock","13":"shipping-taxable","14":"purchasable","15":"product-type-variable"},"yoast_head":"<!-- This site is optimized with the Yoast SEO plugin v26.9 - https:\/\/yoast.com\/product\/yoast-seo-wordpress\/ -->\n<title>Acheter K\u00e9tamine S+ Isomer 99% r\u00eane | 500g en ligne<\/title>\n<meta name=\"description\" content=\"GBLExprimer est le meilleur magasin o\u00f9 acheter de la k\u00e9tamine S+ Isomer 99% rein | 500g en ligne. Commandez maintenant!\" \/>\n<meta name=\"robots\" content=\"index, follow, max-snippet:-1, max-image-preview:large, max-video-preview:-1\" \/>\n<link rel=\"canonical\" href=\"https:\/\/gblexprimer.com\/es\/producto\/-55\/\" \/>\n<meta property=\"og:locale\" content=\"es_ES\" \/>\n<meta property=\"og:type\" content=\"article\" \/>\n<meta property=\"og:title\" content=\"Acheter K\u00e9tamine S+ Isomer 99% r\u00eane | 500g en ligne\" \/>\n<meta property=\"og:description\" content=\"GBLExprimer est le meilleur magasin o\u00f9 acheter de la k\u00e9tamine S+ Isomer 99% rein | 500g en ligne. Commandez maintenant!\" \/>\n<meta property=\"og:url\" content=\"https:\/\/gblexprimer.com\/es\/producto\/-55\/\" \/>\n<meta property=\"og:site_name\" content=\"GBL Exprimer\" \/>\n<meta property=\"article:modified_time\" content=\"2026-04-08T09:03:47+00:00\" \/>\n<meta property=\"og:image\" content=\"https:\/\/gblexprimer.com\/wp-content\/uploads\/2023\/12\/Ketamin-S-Isomer-99-rein-500g.jpg\" \/>\n\t<meta property=\"og:image:width\" content=\"600\" \/>\n\t<meta property=\"og:image:height\" content=\"600\" \/>\n\t<meta property=\"og:image:type\" content=\"image\/jpeg\" \/>\n<meta name=\"twitter:card\" content=\"summary_large_image\" \/>\n<meta name=\"twitter:label1\" content=\"Tiempo de lectura\" \/>\n\t<meta name=\"twitter:data1\" content=\"2 minutos\" \/>\n<script type=\"application\/ld+json\" class=\"yoast-schema-graph\">{\"@context\":\"https:\/\/schema.org\",\"@graph\":[{\"@type\":\"WebPage\",\"@id\":\"https:\/\/gblexprimer.com\/product\/ketamine-s-isomere-99-rene-500g\/\",\"url\":\"https:\/\/gblexprimer.com\/product\/ketamine-s-isomere-99-rene-500g\/\",\"name\":\"Acheter K\u00e9tamine S+ Isomer 99% r\u00eane | 500g en ligne\",\"isPartOf\":{\"@id\":\"https:\/\/gblexprimer.com\/#website\"},\"primaryImageOfPage\":{\"@id\":\"https:\/\/gblexprimer.com\/product\/ketamine-s-isomere-99-rene-500g\/#primaryimage\"},\"image\":{\"@id\":\"https:\/\/gblexprimer.com\/product\/ketamine-s-isomere-99-rene-500g\/#primaryimage\"},\"thumbnailUrl\":\"https:\/\/gblexprimer.com\/wp-content\/uploads\/2023\/12\/Ketamin-S-Isomer-99-rein-500g.jpg\",\"datePublished\":\"2023-12-26T07:26:48+00:00\",\"dateModified\":\"2026-04-08T09:03:47+00:00\",\"description\":\"GBLExprimer est le meilleur magasin o\u00f9 acheter de la k\u00e9tamine S+ Isomer 99% rein | 500g en ligne. Commandez maintenant!\",\"breadcrumb\":{\"@id\":\"https:\/\/gblexprimer.com\/product\/ketamine-s-isomere-99-rene-500g\/#breadcrumb\"},\"inLanguage\":\"es\",\"potentialAction\":[{\"@type\":\"ReadAction\",\"target\":[\"https:\/\/gblexprimer.com\/product\/ketamine-s-isomere-99-rene-500g\/\"]}]},{\"@type\":\"ImageObject\",\"inLanguage\":\"es\",\"@id\":\"https:\/\/gblexprimer.com\/product\/ketamine-s-isomere-99-rene-500g\/#primaryimage\",\"url\":\"https:\/\/gblexprimer.com\/wp-content\/uploads\/2023\/12\/Ketamin-S-Isomer-99-rein-500g.jpg\",\"contentUrl\":\"https:\/\/gblexprimer.com\/wp-content\/uploads\/2023\/12\/Ketamin-S-Isomer-99-rein-500g.jpg\",\"width\":600,\"height\":600,\"caption\":\"Acheter K\u00e9tamine S+ Isomer 99% r\u00eane | 500g en ligne\"},{\"@type\":\"BreadcrumbList\",\"@id\":\"https:\/\/gblexprimer.com\/product\/ketamine-s-isomere-99-rene-500g\/#breadcrumb\",\"itemListElement\":[{\"@type\":\"ListItem\",\"position\":1,\"name\":\"Home\",\"item\":\"https:\/\/gblexprimer.com\/\"},{\"@type\":\"ListItem\",\"position\":2,\"name\":\"Shop\",\"item\":\"https:\/\/gblexprimer.com\/shop\/\"},{\"@type\":\"ListItem\",\"position\":3,\"name\":\"Acheter K\u00e9tamine S+ Isomer 99% r\u00eane | 500g en ligne\"}]},{\"@type\":\"WebSite\",\"@id\":\"https:\/\/gblexprimer.com\/#website\",\"url\":\"https:\/\/gblexprimer.com\/\",\"name\":\"GBL Exprimer\",\"description\":\"\",\"publisher\":{\"@id\":\"https:\/\/gblexprimer.com\/#organization\"},\"potentialAction\":[{\"@type\":\"SearchAction\",\"target\":{\"@type\":\"EntryPoint\",\"urlTemplate\":\"https:\/\/gblexprimer.com\/?s={search_term_string}\"},\"query-input\":{\"@type\":\"PropertyValueSpecification\",\"valueRequired\":true,\"valueName\":\"search_term_string\"}}],\"inLanguage\":\"es\"},{\"@type\":\"Organization\",\"@id\":\"https:\/\/gblexprimer.com\/#organization\",\"name\":\"GBL Exprimer\",\"url\":\"https:\/\/gblexprimer.com\/\",\"logo\":{\"@type\":\"ImageObject\",\"inLanguage\":\"es\",\"@id\":\"https:\/\/gblexprimer.com\/#\/schema\/logo\/image\/\",\"url\":\"https:\/\/gblexprimer.com\/wp-content\/uploads\/2024\/01\/logo.png\",\"contentUrl\":\"https:\/\/gblexprimer.com\/wp-content\/uploads\/2024\/01\/logo.png\",\"width\":220,\"height\":80,\"caption\":\"GBL Exprimer\"},\"image\":{\"@id\":\"https:\/\/gblexprimer.com\/#\/schema\/logo\/image\/\"}}]}<\/script>\n<!-- \/ Yoast SEO plugin. -->","yoast_head_json":{"title":"Comprar Ketamina S+ Is\u00f3mero 99% | 500g online","description":"GBLExprimer es la mejor tienda para comprar Ketamina S+ Isomer 99% ri\u00f1\u00f3n | 500g online. \u00a1Haga su pedido ahora!","robots":{"index":"index","follow":"follow","max-snippet":"max-snippet:-1","max-image-preview":"max-image-preview:large","max-video-preview":"max-video-preview:-1"},"canonical":"https:\/\/gblexprimer.com\/es\/producto\/-55\/","og_locale":"es_ES","og_type":"article","og_title":"Acheter K\u00e9tamine S+ Isomer 99% r\u00eane | 500g en ligne","og_description":"GBLExprimer est le meilleur magasin o\u00f9 acheter de la k\u00e9tamine S+ Isomer 99% rein | 500g en ligne. Commandez maintenant!","og_url":"https:\/\/gblexprimer.com\/es\/producto\/-55\/","og_site_name":"GBL Exprimer","article_modified_time":"2026-04-08T09:03:47+00:00","og_image":[{"width":600,"height":600,"url":"https:\/\/gblexprimer.com\/wp-content\/uploads\/2023\/12\/Ketamin-S-Isomer-99-rein-500g.jpg","type":"image\/jpeg"}],"twitter_card":"summary_large_image","twitter_misc":{"Tiempo de lectura":"2 minutos"},"schema":{"@context":"https:\/\/schema.org","@graph":[{"@type":"WebPage","@id":"https:\/\/gblexprimer.com\/product\/ketamine-s-isomere-99-rene-500g\/","url":"https:\/\/gblexprimer.com\/product\/ketamine-s-isomere-99-rene-500g\/","name":"Comprar Ketamina S+ Is\u00f3mero 99% | 500g online","isPartOf":{"@id":"https:\/\/gblexprimer.com\/#website"},"primaryImageOfPage":{"@id":"https:\/\/gblexprimer.com\/product\/ketamine-s-isomere-99-rene-500g\/#primaryimage"},"image":{"@id":"https:\/\/gblexprimer.com\/product\/ketamine-s-isomere-99-rene-500g\/#primaryimage"},"thumbnailUrl":"https:\/\/gblexprimer.com\/wp-content\/uploads\/2023\/12\/Ketamin-S-Isomer-99-rein-500g.jpg","datePublished":"2023-12-26T07:26:48+00:00","dateModified":"2026-04-08T09:03:47+00:00","description":"GBLExprimer es la mejor tienda para comprar Ketamina S+ Isomer 99% ri\u00f1\u00f3n | 500g online. \u00a1Haga su pedido ahora!","breadcrumb":{"@id":"https:\/\/gblexprimer.com\/product\/ketamine-s-isomere-99-rene-500g\/#breadcrumb"},"inLanguage":"es","potentialAction":[{"@type":"ReadAction","target":["https:\/\/gblexprimer.com\/product\/ketamine-s-isomere-99-rene-500g\/"]}]},{"@type":"ImageObject","inLanguage":"es","@id":"https:\/\/gblexprimer.com\/product\/ketamine-s-isomere-99-rene-500g\/#primaryimage","url":"https:\/\/gblexprimer.com\/wp-content\/uploads\/2023\/12\/Ketamin-S-Isomer-99-rein-500g.jpg","contentUrl":"https:\/\/gblexprimer.com\/wp-content\/uploads\/2023\/12\/Ketamin-S-Isomer-99-rein-500g.jpg","width":600,"height":600,"caption":"Acheter K\u00e9tamine S+ Isomer 99% r\u00eane | 500g en ligne"},{"@type":"BreadcrumbList","@id":"https:\/\/gblexprimer.com\/product\/ketamine-s-isomere-99-rene-500g\/#breadcrumb","itemListElement":[{"@type":"ListItem","position":1,"name":"Home","item":"https:\/\/gblexprimer.com\/"},{"@type":"ListItem","position":2,"name":"Shop","item":"https:\/\/gblexprimer.com\/shop\/"},{"@type":"ListItem","position":3,"name":"Acheter K\u00e9tamine S+ Isomer 99% r\u00eane | 500g en ligne"}]},{"@type":"WebSite","@id":"https:\/\/gblexprimer.com\/#website","url":"https:\/\/gblexprimer.com\/","name":"GBL Express","description":"","publisher":{"@id":"https:\/\/gblexprimer.com\/#organization"},"potentialAction":[{"@type":"SearchAction","target":{"@type":"EntryPoint","urlTemplate":"https:\/\/gblexprimer.com\/?s={search_term_string}"},"query-input":{"@type":"PropertyValueSpecification","valueRequired":true,"valueName":"search_term_string"}}],"inLanguage":"es"},{"@type":"Organization","@id":"https:\/\/gblexprimer.com\/#organization","name":"GBL Express","url":"https:\/\/gblexprimer.com\/","logo":{"@type":"ImageObject","inLanguage":"es","@id":"https:\/\/gblexprimer.com\/#\/schema\/logo\/image\/","url":"https:\/\/gblexprimer.com\/wp-content\/uploads\/2024\/01\/logo.png","contentUrl":"https:\/\/gblexprimer.com\/wp-content\/uploads\/2024\/01\/logo.png","width":220,"height":80,"caption":"GBL Exprimer"},"image":{"@id":"https:\/\/gblexprimer.com\/#\/schema\/logo\/image\/"}}]}},"_links":{"self":[{"href":"https:\/\/gblexprimer.com\/es\/wp-json\/wp\/v2\/product\/75","targetHints":{"allow":["GET"]}}],"collection":[{"href":"https:\/\/gblexprimer.com\/es\/wp-json\/wp\/v2\/product"}],"about":[{"href":"https:\/\/gblexprimer.com\/es\/wp-json\/wp\/v2\/types\/product"}],"replies":[{"embeddable":true,"href":"https:\/\/gblexprimer.com\/es\/wp-json\/wp\/v2\/comments?post=75"}],"wp:featuredmedia":[{"embeddable":true,"href":"https:\/\/gblexprimer.com\/es\/wp-json\/wp\/v2\/media\/88"}],"wp:attachment":[{"href":"https:\/\/gblexprimer.com\/es\/wp-json\/wp\/v2\/media?parent=75"}],"wp:term":[{"taxonomy":"product_brand","embeddable":true,"href":"https:\/\/gblexprimer.com\/es\/wp-json\/wp\/v2\/product_brand?post=75"},{"taxonomy":"product_cat","embeddable":true,"href":"https:\/\/gblexprimer.com\/es\/wp-json\/wp\/v2\/product_cat?post=75"},{"taxonomy":"product_tag","embeddable":true,"href":"https:\/\/gblexprimer.com\/es\/wp-json\/wp\/v2\/product_tag?post=75"}],"curies":[{"name":"wp","href":"https:\/\/api.w.org\/{rel}","templated":true}]}}