{"id":5221,"date":"2025-02-02T00:33:12","date_gmt":"2025-02-02T00:33:12","guid":{"rendered":"https:\/\/gblexprimer.com\/?page_id=5221"},"modified":"2025-02-02T00:33:13","modified_gmt":"2025-02-02T00:33:13","slug":"quest-ce-que-le-ghb","status":"publish","type":"page","link":"https:\/\/gblexprimer.com\/hu\/quest-ce-que-le-ghb\/","title":{"rendered":"Mi a GHB?"},"content":{"rendered":"<figure class=\"wp-block-image aligncenter size-full is-resized\"><img fetchpriority=\"high\" decoding=\"async\" width=\"225\" height=\"224\" src=\"https:\/\/gblexprimer.com\/wp-content\/uploads\/2025\/02\/Heaven-Pure-Ecstasy-12.jpeg\" alt=\"\" class=\"wp-image-5222\" style=\"width:225px;height:auto\" srcset=\"https:\/\/gblexprimer.com\/wp-content\/uploads\/2025\/02\/Heaven-Pure-Ecstasy-12.jpeg 225w, https:\/\/gblexprimer.com\/wp-content\/uploads\/2025\/02\/Heaven-Pure-Ecstasy-12-150x150.jpeg 150w, https:\/\/gblexprimer.com\/wp-content\/uploads\/2025\/02\/Heaven-Pure-Ecstasy-12-12x12.jpeg 12w, https:\/\/gblexprimer.com\/wp-content\/uploads\/2025\/02\/Heaven-Pure-Ecstasy-12-100x100.jpeg 100w\" sizes=\"(max-width: 225px) 100vw, 225px\" \/><\/figure>\n\n\n\n<p>A GHB (gamma-hidroxibutir\u00e1t) szagtalan, sz\u00edntelen, enyh\u00e9n s\u00f3s \u00edz\u0171 folyad\u00e9k. A nyugtat\u00f3k k\u00f6z\u00e9 sorolj\u00e1k, \u00e9s ugyanabba a gy\u00f3gyszercsal\u00e1dba tartozik, mint a rohipnol \u00e9s a ketamin. Mi a GHB? <a href=\"https:\/\/chemspowder.com\/es\/\">.<\/a><\/p>\n\n\n\n<p>A GHB-t \u00e1ltal\u00e1nos \u00e9rz\u00e9stelen\u00edt\u0151k\u00e9nt haszn\u00e1lj\u00e1k Eur\u00f3p\u00e1ban. Az Egyes\u00fclt \u00c1llamokban az FDA 2002-ben enged\u00e9lyezte a GHB-t a narkolepszia (alv\u00e1szavar) kezel\u00e9s\u00e9re. Ezt az enged\u00e9lyt szigor\u00fa korl\u00e1toz\u00e1sok k\u00eds\u00e9rt\u00e9k, t\u00f6bbek k\u00f6z\u00f6tt a GHB kiz\u00e1r\u00f3lag a narkolepszia kezel\u00e9s\u00e9re val\u00f3 alkalmaz\u00e1sa \u00e9s az FDA \u00e1ltal ellen\u0151rz\u00f6tt betegnyilv\u00e1ntart\u00e1s l\u00e9trehoz\u00e1s\u00e1nak k\u00f6telezetts\u00e9ge.<a href=\"https:\/\/gblexprimer.com\/hu\/\">.<\/a><\/p>\n\n\n\n<p>A GHB-t ebben az orsz\u00e1gban randev\u00fameger\u0151szakol\u00f3 drogk\u00e9nt haszn\u00e1lj\u00e1k: az \u00e1ldozat ital\u00e1ba cs\u00fasztatva sz\u00e9d\u00fcl\u00e9st, zavarts\u00e1got, \u00e1lmoss\u00e1got \u00e9s n\u00e9ha eszm\u00e9letveszt\u00e9st okoz. Ha a GHB-t alkohollal kombin\u00e1lj\u00e1k, k\u00fcl\u00f6n\u00f6sen vesz\u00e9lyes, mivel a k\u00e9t depressz\u00edv szer kombin\u00e1ci\u00f3ja t\u00faladagol\u00e1shoz vezethet. Miel\u0151tt a GHB haszn\u00e1lat\u00e1t korl\u00e1tozt\u00e1k volna, a test\u00e9p\u00edt\u0151k sz\u00e1m\u00e1ra a n\u00f6veked\u00e9si hormon felszabad\u00edt\u00e1s\u00e1ra \u00e9s az izom\u00e9p\u00edt\u00e9sre szolg\u00e1l\u00f3 term\u00e9kk\u00e9nt forgalmazt\u00e1k. Nincs bizony\u00edt\u00e9k arra, hogy ez val\u00f3ban \u00edgy van. A GHB-t \"gy\u00f3gyn\u00f6v\u00e9nyes\" kieg\u00e9sz\u00edt\u0151k\u00e9nt is forgalmazt\u00e1k, hogy seg\u00edtse az alv\u00e1st \u00e9s a depresszi\u00f3 lek\u00fczd\u00e9s\u00e9t.<\/p>\n\n\n\n<p>A kutat\u00f3k nem tudj\u00e1k pontosan, hogy a GHB hogyan hat a neurok\u00e9mi\u00e1ra, de nagyon er\u0151s nyugtat\u00f3nak sz\u00e1m\u00edt, mivel kis d\u00f3zisok is s\u00falyos hat\u00e1sokkal j\u00e1rhatnak, p\u00e9ld\u00e1ul eszm\u00e9letveszt\u00e9ssel. Bizony\u00edt\u00e9kok arra utalnak, hogy k\u00f6nnyen \u00e1tjut a v\u00e9r-agy g\u00e1ton, azon a fiziol\u00f3giai mechanizmuson, amely szab\u00e1lyozza a vegyi anyagok \u00e9s t\u00e1panyagok agyba val\u00f3 bejut\u00e1s\u00e1t. Ez\u00e9rt olyan m\u00f3don k\u00e9pes k\u00f6zvetlen\u00fcl az agyra hatni, ahogyan m\u00e1s gy\u00f3gyszerek nem.<\/p>\n\n\n\n<h3 class=\"wp-block-heading\">Hogyan haszn\u00e1lj\u00e1k a GHB-t?<\/h3>\n\n\n\n<p>A GHB-t \u00e1ltal\u00e1ban foly\u00e9kony form\u00e1ban szedik, de n\u00e9ha por, tabletta vagy kapszula form\u00e1j\u00e1ban is megtal\u00e1lhat\u00f3. Mivel a GHB foly\u00e9kony form\u00e1ban v\u00e1ltoz\u00f3 er\u0151ss\u00e9g\u0171, \u00e9s az emberek k\u00fcl\u00f6nb\u00f6z\u0151k\u00e9ppen reag\u00e1lnak, nagyon k\u00f6nny\u0171 vesz\u00e9lyes adagot bevenni a k\u00e1b\u00edt\u00f3szerb\u0151l. A k\u00e1b\u00edt\u00f3szer hat\u00e1sa 10-20 perccel a bev\u00e9tel ut\u00e1n kezd\u0151dik, \u00e9s ak\u00e1r 4 \u00f3r\u00e1n \u00e1t is tarthat.<\/p>\n\n\n\n<h2 class=\"wp-block-heading\">Mi\u00e9rt szednek az emberek GHB-t?<\/h2>\n\n\n\n<p>A GHB hallucin\u00e1ci\u00f3kat, valamint a relax\u00e1ci\u00f3 \u00e9s az euf\u00f3ria \u00e9rz\u00e9s\u00e9t keltheti. A GHB-t haszn\u00e1l\u00f3 emberek az energia, a vonzalom \u00e9s a t\u00e1rsas\u00e1gi \u00e9rz\u00e9s, az enyhe g\u00e1tl\u00e1stalans\u00e1g \u00e9s a szexu\u00e1lis \u00e9lm\u00e9ny javul\u00e1s\u00e1r\u00f3l is besz\u00e1molnak.<\/p>\n\n\n\n<h3 class=\"wp-block-heading\">Vannak-e r\u00f6vid t\u00e1v\u00fa kock\u00e1zatok a GHB szed\u00e9s\u00e9vel kapcsolatban?<\/h3>\n\n\n\n<p>Az eg\u00e9szs\u00e9g\u00fcgyi kock\u00e1zatok k\u00f6z\u00e9 tartozik a h\u00e1nyinger, a koordin\u00e1ci\u00f3 elveszt\u00e9se, a koncentr\u00e1ci\u00f3s neh\u00e9zs\u00e9gek \u00e9s az \u00f6klendez\u00e9si reflex elveszt\u00e9se. Mivel a d\u00f3zisok nehezen sz\u00e1mszer\u0171s\u00edthet\u0151k, k\u00f6nnyen el\u0151fordulhat t\u00faladagol\u00e1s, k\u00fcl\u00f6n\u00f6sen alkohollal kombin\u00e1lva. A GHB-t\u00faladagol\u00e1s figyelmeztet\u0151 jelei a k\u00f6vetkez\u0151k lehetnek<\/p>\n\n\n\n<p>H\u00e1ny\u00e1s<br>Intenz\u00edv fejf\u00e1j\u00e1s<br>Nagyon lass\u00fa l\u00e9gz\u00e9s \u00e9s sz\u00edvver\u00e9s<br>Megvon\u00e1si t\u00fcnetek, mint p\u00e9ld\u00e1ul \u00e1lmatlans\u00e1g, szorong\u00e1s, remeg\u00e9s \u00e9s izzad\u00e1s.<br>mem\u00f3riazavar<br>L\u00e9gz\u00e9si neh\u00e9zs\u00e9gek<br>Eszm\u00e9letveszt\u00e9s<\/p>\n\n\n\n<p>A t\u00faladagol\u00e1s vesz\u00e9lye miatt a GHB tal\u00e1n a legvesz\u00e9lyesebb klubdrog a k\u00f6zvetlen k\u00f6vetkezm\u00e9nyek szempontj\u00e1b\u00f3l. A GHB 1995 \u00f3ta 73 hal\u00e1lesetet okozott. A GHB okozta s\u00fcrg\u0151ss\u00e9gi felv\u00e9telek sz\u00e1ma 1998 \u00e9s 2000 k\u00f6z\u00f6tt orsz\u00e1gosan majdnem megn\u00e9gyszerez\u0151d\u00f6tt, 4969 esetet jelentettek.<\/p>\n\n\n\n<p>Mivel a GHB viszonylag gyorsan t\u00e1vozik a szervezetb\u0151l, orvosi vizsg\u00e1latokkal nem mutathat\u00f3 ki k\u00f6nnyen. Fontos, hogy elmondja egy eg\u00e9szs\u00e9g\u00fcgyi szakembernek, hogy GHB-t vett be, hogy megfelel\u0151 orvosi seg\u00edts\u00e9get kaphasson.<\/p>\n\n\n\n<p>A GHB k\u00f6nnyen \u00e9szrev\u00e9tlen\u00fcl ker\u00fclhet az ember ital\u00e1ba. Ha olyan t\u00fcneteket kezd tapasztalni, amelyeknek semmi k\u00f6ze ahhoz, hogy mit iszik, azonnal forduljon seg\u00edts\u00e9g\u00e9rt.<\/p>\n\n\n\n<p>Ne feledje, hogy az illeg\u00e1lis drogokat titkos laborat\u00f3riumokban \u00e1ll\u00edtj\u00e1k el\u0151, \u00e9s soha nem lehet biztos benne, hogy mi van a drogban, vagy hogy mennyire er\u0151s. A GHB recept alapj\u00e1n t\u00f6rt\u00e9n\u0151 el\u0151\u00e1ll\u00edt\u00e1sa szint\u00e9n rendk\u00edv\u00fcl vesz\u00e9lyes, mivel sz\u00e1mos olyan ember, aki nem megfelel\u0151en \u00e1ll\u00edtotta el\u0151 a GHB-t, meg\u00e9gette a sz\u00e1j\u00e1t, a tork\u00e1t \u00e9s a nyel\u0151cs\u00f6v\u00e9t az alapvet\u0151en savas vegy\u00fclettel.<\/p>\n\n\n\n<h4 class=\"wp-block-heading\">A GHB f\u00fcgg\u0151s\u00e9get okoz?<\/h4>\n\n\n\n<p>A GHB ism\u00e9telt haszn\u00e1lata elvon\u00e1si t\u00fcnetekhez vezethet, bele\u00e9rtve az \u00e1lmatlans\u00e1got, a szorong\u00e1st \u00e9s a remeg\u00e9st. Az elvon\u00e1s \u00e9lm\u00e9nye a f\u00fcgg\u0151s\u00e9g egyik jele. A GHB-vel val\u00f3 vissza\u00e9l\u00e9sr\u0151l nem sok statisztika \u00e1ll rendelkez\u00e9sre, de a rendelkez\u00e9sre \u00e1ll\u00f3 inform\u00e1ci\u00f3k arra utalnak, hogy a GHB-vel val\u00f3 vissza\u00e9l\u00e9s egyre n\u00f6vekszik. Sz\u00e1mos GHB-f\u00fcgg\u0151s\u00e9gi esetr\u0151l sz\u00e1moltak be, \u00e9s \u00fagy t\u0171nik, hogy ha valaki egyszer f\u00fcgg\u0151v\u00e9 v\u00e1lt, nehezebb leszokni a GHB-r\u0151l, mint a kokainr\u00f3l vagy a heroinr\u00f3l. A kezel\u00e9si lehet\u0151s\u00e9gek tov\u00e1bbra is korl\u00e1tozottak. A GHB elvon\u00e1si t\u00fcneteinek s\u00falyoss\u00e1ga miatt a detoxik\u00e1ci\u00f3 sor\u00e1n felt\u00e9tlen\u00fcl szakember seg\u00edts\u00e9g\u00e9t kell k\u00e9rni. Az elvon\u00e1si t\u00fcnetek k\u00f6z\u00e9 tartozhat a del\u00edrium, a dezorient\u00e1lts\u00e1g \u00e9s a hallucin\u00e1ci\u00f3k, amelyek ak\u00e1r k\u00e9t h\u00e9tig is eltarthatnak Mi a GHB.<\/p>\n\n\n\n<h4 class=\"wp-block-heading\">A GHB illeg\u00e1lis?<\/h4>\n\n\n\n<p>A GHB haszn\u00e1lata csak akkor leg\u00e1lis, ha azt narkolepszia kezel\u00e9s\u00e9re \u00edrj\u00e1k fel. A birtokl\u00e1s, haszn\u00e1lat, el\u0151\u00e1ll\u00edt\u00e1s \u00e9s \u00e9rt\u00e9kes\u00edt\u00e9s egy\u00e9b form\u00e1i s\u00falyos b\u00f6rt\u00f6nb\u00fcntet\u00e9ssel, p\u00e9nzb\u00edrs\u00e1ggal \u00e9s fegyelmi elj\u00e1r\u00e1ssal b\u00fcntethet\u0151k az UCSC-n\u00e9l.<\/p>\n\n\n\n<p>Hogyan seg\u00edthetek egy drogprobl\u00e9m\u00e1kkal k\u00fczd\u0151 bar\u00e1tomnak?<br>Ha agg\u00f3dsz egy bar\u00e1tod drog- vagy alkoholfogyaszt\u00e1sa miatt, ez az oldal hasznos inform\u00e1ci\u00f3kat tartalmaz a seg\u00edts\u00e9gny\u00fajt\u00e1s k\u00fcl\u00f6nb\u00f6z\u0151 m\u00f3djair\u00f3l, Mi a GHB.<\/p>","protected":false},"excerpt":{"rendered":"<p>Le GHB (gamma hydroxybutyrate) est un liquide inodore et incolore au go\u00fbt l\u00e9g\u00e8rement sal\u00e9. Il est class\u00e9 parmi les s\u00e9datifs et appartient \u00e0 la m\u00eame famille de m\u00e9dicaments que le Rohypnol et la k\u00e9tamine, Qu&rsquo;est-ce que le GHB . Le GHB est utilis\u00e9 comme anesth\u00e9sique g\u00e9n\u00e9ral en Europe. Aux \u00c9tats-Unis, la FDA a approuv\u00e9 le [&hellip;]<\/p>","protected":false},"author":1,"featured_media":0,"parent":0,"menu_order":0,"comment_status":"closed","ping_status":"closed","template":"","meta":{"site-sidebar-layout":"default","site-content-layout":"","ast-site-content-layout":"","site-content-style":"default","site-sidebar-style":"default","ast-global-header-display":"","ast-banner-title-visibility":"","ast-main-header-display":"","ast-hfb-above-header-display":"","ast-hfb-below-header-display":"","ast-hfb-mobile-header-display":"","site-post-title":"","ast-breadcrumbs-content":"","ast-featured-img":"","footer-sml-layout":"","theme-transparent-header-meta":"","adv-header-id-meta":"","stick-header-meta":"","header-above-stick-meta":"","header-main-stick-meta":"","header-below-stick-meta":"","astra-migrate-meta-layouts":"default","ast-page-background-enabled":"default","ast-page-background-meta":{"desktop":{"background-color":"","background-image":"","background-repeat":"repeat","background-position":"center center","background-size":"auto","background-attachment":"scroll","background-type":"","background-media":"","overlay-type":"","overlay-color":"","overlay-opacity":"","overlay-gradient":""},"tablet":{"background-color":"","background-image":"","background-repeat":"repeat","background-position":"center center","background-size":"auto","background-attachment":"scroll","background-type":"","background-media":"","overlay-type":"","overlay-color":"","overlay-opacity":"","overlay-gradient":""},"mobile":{"background-color":"","background-image":"","background-repeat":"repeat","background-position":"center center","background-size":"auto","background-attachment":"scroll","background-type":"","background-media":"","overlay-type":"","overlay-color":"","overlay-opacity":"","overlay-gradient":""}},"ast-content-background-meta":{"desktop":{"background-color":"var(--ast-global-color-5)","background-image":"","background-repeat":"repeat","background-position":"center center","background-size":"auto","background-attachment":"scroll","background-type":"","background-media":"","overlay-type":"","overlay-color":"","overlay-opacity":"","overlay-gradient":""},"tablet":{"background-color":"var(--ast-global-color-5)","background-image":"","background-repeat":"repeat","background-position":"center center","background-size":"auto","background-attachment":"scroll","background-type":"","background-media":"","overlay-type":"","overlay-color":"","overlay-opacity":"","overlay-gradient":""},"mobile":{"background-color":"var(--ast-global-color-5)","background-image":"","background-repeat":"repeat","background-position":"center center","background-size":"auto","background-attachment":"scroll","background-type":"","background-media":"","overlay-type":"","overlay-color":"","overlay-opacity":"","overlay-gradient":""}},"_joinchat":[],"footnotes":""},"class_list":["post-5221","page","type-page","status-publish","hentry"],"yoast_head":"<!-- This site is optimized with the Yoast SEO plugin v26.9 - https:\/\/yoast.com\/product\/yoast-seo-wordpress\/ -->\n<title>Qu&#039;est-ce que le GHB - GHB (gamma hydroxybutyrate)<\/title>\n<meta name=\"description\" content=\"Qu&#039;est-ce que le GHB , La consommation r\u00e9p\u00e9t\u00e9e de GHB peut entra\u00eener des effets de sevrage, notamment l&#039;insomnie, l&#039;anxi\u00e9t\u00e9 et les tremblements. L&#039;exp\u00e9rience du sevrage est l&#039;un des signes de la d\u00e9pendance.\" \/>\n<meta name=\"robots\" content=\"index, follow, max-snippet:-1, max-image-preview:large, max-video-preview:-1\" \/>\n<link rel=\"canonical\" href=\"https:\/\/gblexprimer.com\/hu\/quest-ce-que-le-ghb\/\" \/>\n<meta property=\"og:locale\" content=\"hu_HU\" \/>\n<meta property=\"og:type\" content=\"article\" \/>\n<meta property=\"og:title\" content=\"Qu&#039;est-ce que le GHB - GHB (gamma hydroxybutyrate)\" \/>\n<meta property=\"og:description\" content=\"Qu&#039;est-ce que le GHB , La consommation r\u00e9p\u00e9t\u00e9e de GHB peut entra\u00eener des effets de sevrage, notamment l&#039;insomnie, l&#039;anxi\u00e9t\u00e9 et les tremblements. L&#039;exp\u00e9rience du sevrage est l&#039;un des signes de la d\u00e9pendance.\" \/>\n<meta property=\"og:url\" content=\"https:\/\/gblexprimer.com\/hu\/quest-ce-que-le-ghb\/\" \/>\n<meta property=\"og:site_name\" content=\"GBL Exprimer\" \/>\n<meta property=\"article:modified_time\" content=\"2025-02-02T00:33:13+00:00\" \/>\n<meta property=\"og:image\" content=\"https:\/\/gblexprimer.com\/wp-content\/uploads\/2025\/02\/Heaven-Pure-Ecstasy-12.jpeg\" \/>\n<meta name=\"twitter:card\" content=\"summary_large_image\" \/>\n<meta name=\"twitter:label1\" content=\"Becs\u00fclt olvas\u00e1si id\u0151\" \/>\n\t<meta name=\"twitter:data1\" content=\"5 perc\" \/>\n<script type=\"application\/ld+json\" class=\"yoast-schema-graph\">{\"@context\":\"https:\/\/schema.org\",\"@graph\":[{\"@type\":\"WebPage\",\"@id\":\"https:\/\/gblexprimer.com\/quest-ce-que-le-ghb\/\",\"url\":\"https:\/\/gblexprimer.com\/quest-ce-que-le-ghb\/\",\"name\":\"Qu'est-ce que le GHB - GHB (gamma hydroxybutyrate)\",\"isPartOf\":{\"@id\":\"https:\/\/gblexprimer.com\/#website\"},\"primaryImageOfPage\":{\"@id\":\"https:\/\/gblexprimer.com\/quest-ce-que-le-ghb\/#primaryimage\"},\"image\":{\"@id\":\"https:\/\/gblexprimer.com\/quest-ce-que-le-ghb\/#primaryimage\"},\"thumbnailUrl\":\"https:\/\/gblexprimer.com\/wp-content\/uploads\/2025\/02\/Heaven-Pure-Ecstasy-12.jpeg\",\"datePublished\":\"2025-02-02T00:33:12+00:00\",\"dateModified\":\"2025-02-02T00:33:13+00:00\",\"description\":\"Qu'est-ce que le GHB , La consommation r\u00e9p\u00e9t\u00e9e de GHB peut entra\u00eener des effets de sevrage, notamment l'insomnie, l'anxi\u00e9t\u00e9 et les tremblements. L'exp\u00e9rience du sevrage est l'un des signes de la d\u00e9pendance.\",\"breadcrumb\":{\"@id\":\"https:\/\/gblexprimer.com\/quest-ce-que-le-ghb\/#breadcrumb\"},\"inLanguage\":\"hu\",\"potentialAction\":[{\"@type\":\"ReadAction\",\"target\":[\"https:\/\/gblexprimer.com\/quest-ce-que-le-ghb\/\"]}]},{\"@type\":\"ImageObject\",\"inLanguage\":\"hu\",\"@id\":\"https:\/\/gblexprimer.com\/quest-ce-que-le-ghb\/#primaryimage\",\"url\":\"https:\/\/gblexprimer.com\/wp-content\/uploads\/2025\/02\/Heaven-Pure-Ecstasy-12.jpeg\",\"contentUrl\":\"https:\/\/gblexprimer.com\/wp-content\/uploads\/2025\/02\/Heaven-Pure-Ecstasy-12.jpeg\"},{\"@type\":\"BreadcrumbList\",\"@id\":\"https:\/\/gblexprimer.com\/quest-ce-que-le-ghb\/#breadcrumb\",\"itemListElement\":[{\"@type\":\"ListItem\",\"position\":1,\"name\":\"Home\",\"item\":\"https:\/\/gblexprimer.com\/\"},{\"@type\":\"ListItem\",\"position\":2,\"name\":\"Qu&#8217;est-ce que le GHB ?\"}]},{\"@type\":\"WebSite\",\"@id\":\"https:\/\/gblexprimer.com\/#website\",\"url\":\"https:\/\/gblexprimer.com\/\",\"name\":\"GBL Exprimer\",\"description\":\"\",\"publisher\":{\"@id\":\"https:\/\/gblexprimer.com\/#organization\"},\"potentialAction\":[{\"@type\":\"SearchAction\",\"target\":{\"@type\":\"EntryPoint\",\"urlTemplate\":\"https:\/\/gblexprimer.com\/?s={search_term_string}\"},\"query-input\":{\"@type\":\"PropertyValueSpecification\",\"valueRequired\":true,\"valueName\":\"search_term_string\"}}],\"inLanguage\":\"hu\"},{\"@type\":\"Organization\",\"@id\":\"https:\/\/gblexprimer.com\/#organization\",\"name\":\"GBL Exprimer\",\"url\":\"https:\/\/gblexprimer.com\/\",\"logo\":{\"@type\":\"ImageObject\",\"inLanguage\":\"hu\",\"@id\":\"https:\/\/gblexprimer.com\/#\/schema\/logo\/image\/\",\"url\":\"https:\/\/gblexprimer.com\/wp-content\/uploads\/2024\/01\/logo.png\",\"contentUrl\":\"https:\/\/gblexprimer.com\/wp-content\/uploads\/2024\/01\/logo.png\",\"width\":220,\"height\":80,\"caption\":\"GBL Exprimer\"},\"image\":{\"@id\":\"https:\/\/gblexprimer.com\/#\/schema\/logo\/image\/\"}}]}<\/script>\n<!-- \/ Yoast SEO plugin. -->","yoast_head_json":{"title":"Mi a GHB - GHB (gamma-hidroxibutir\u00e1t)","description":"Mi a GHB , A GHB ism\u00e9telt haszn\u00e1lata elvon\u00e1si t\u00fcnetekhez vezethet, bele\u00e9rtve az \u00e1lmatlans\u00e1got, a szorong\u00e1st \u00e9s a remeg\u00e9st. Az elvon\u00e1s \u00e9lm\u00e9nye a f\u00fcgg\u0151s\u00e9g egyik jele.","robots":{"index":"index","follow":"follow","max-snippet":"max-snippet:-1","max-image-preview":"max-image-preview:large","max-video-preview":"max-video-preview:-1"},"canonical":"https:\/\/gblexprimer.com\/hu\/quest-ce-que-le-ghb\/","og_locale":"hu_HU","og_type":"article","og_title":"Qu'est-ce que le GHB - GHB (gamma hydroxybutyrate)","og_description":"Qu'est-ce que le GHB , La consommation r\u00e9p\u00e9t\u00e9e de GHB peut entra\u00eener des effets de sevrage, notamment l'insomnie, l'anxi\u00e9t\u00e9 et les tremblements. L'exp\u00e9rience du sevrage est l'un des signes de la d\u00e9pendance.","og_url":"https:\/\/gblexprimer.com\/hu\/quest-ce-que-le-ghb\/","og_site_name":"GBL Exprimer","article_modified_time":"2025-02-02T00:33:13+00:00","og_image":[{"url":"https:\/\/gblexprimer.com\/wp-content\/uploads\/2025\/02\/Heaven-Pure-Ecstasy-12.jpeg","type":"","width":"","height":""}],"twitter_card":"summary_large_image","twitter_misc":{"Becs\u00fclt olvas\u00e1si id\u0151":"5 perc"},"schema":{"@context":"https:\/\/schema.org","@graph":[{"@type":"WebPage","@id":"https:\/\/gblexprimer.com\/quest-ce-que-le-ghb\/","url":"https:\/\/gblexprimer.com\/quest-ce-que-le-ghb\/","name":"Mi a GHB - GHB (gamma-hidroxibutir\u00e1t)","isPartOf":{"@id":"https:\/\/gblexprimer.com\/#website"},"primaryImageOfPage":{"@id":"https:\/\/gblexprimer.com\/quest-ce-que-le-ghb\/#primaryimage"},"image":{"@id":"https:\/\/gblexprimer.com\/quest-ce-que-le-ghb\/#primaryimage"},"thumbnailUrl":"https:\/\/gblexprimer.com\/wp-content\/uploads\/2025\/02\/Heaven-Pure-Ecstasy-12.jpeg","datePublished":"2025-02-02T00:33:12+00:00","dateModified":"2025-02-02T00:33:13+00:00","description":"Mi a GHB , A GHB ism\u00e9telt haszn\u00e1lata elvon\u00e1si t\u00fcnetekhez vezethet, bele\u00e9rtve az \u00e1lmatlans\u00e1got, a szorong\u00e1st \u00e9s a remeg\u00e9st. Az elvon\u00e1s \u00e9lm\u00e9nye a f\u00fcgg\u0151s\u00e9g egyik jele.","breadcrumb":{"@id":"https:\/\/gblexprimer.com\/quest-ce-que-le-ghb\/#breadcrumb"},"inLanguage":"hu","potentialAction":[{"@type":"ReadAction","target":["https:\/\/gblexprimer.com\/quest-ce-que-le-ghb\/"]}]},{"@type":"ImageObject","inLanguage":"hu","@id":"https:\/\/gblexprimer.com\/quest-ce-que-le-ghb\/#primaryimage","url":"https:\/\/gblexprimer.com\/wp-content\/uploads\/2025\/02\/Heaven-Pure-Ecstasy-12.jpeg","contentUrl":"https:\/\/gblexprimer.com\/wp-content\/uploads\/2025\/02\/Heaven-Pure-Ecstasy-12.jpeg"},{"@type":"BreadcrumbList","@id":"https:\/\/gblexprimer.com\/quest-ce-que-le-ghb\/#breadcrumb","itemListElement":[{"@type":"ListItem","position":1,"name":"Home","item":"https:\/\/gblexprimer.com\/"},{"@type":"ListItem","position":2,"name":"Qu&#8217;est-ce que le GHB ?"}]},{"@type":"WebSite","@id":"https:\/\/gblexprimer.com\/#website","url":"https:\/\/gblexprimer.com\/","name":"GBL Express","description":"","publisher":{"@id":"https:\/\/gblexprimer.com\/#organization"},"potentialAction":[{"@type":"SearchAction","target":{"@type":"EntryPoint","urlTemplate":"https:\/\/gblexprimer.com\/?s={search_term_string}"},"query-input":{"@type":"PropertyValueSpecification","valueRequired":true,"valueName":"search_term_string"}}],"inLanguage":"hu"},{"@type":"Organization","@id":"https:\/\/gblexprimer.com\/#organization","name":"GBL Express","url":"https:\/\/gblexprimer.com\/","logo":{"@type":"ImageObject","inLanguage":"hu","@id":"https:\/\/gblexprimer.com\/#\/schema\/logo\/image\/","url":"https:\/\/gblexprimer.com\/wp-content\/uploads\/2024\/01\/logo.png","contentUrl":"https:\/\/gblexprimer.com\/wp-content\/uploads\/2024\/01\/logo.png","width":220,"height":80,"caption":"GBL Exprimer"},"image":{"@id":"https:\/\/gblexprimer.com\/#\/schema\/logo\/image\/"}}]}},"_links":{"self":[{"href":"https:\/\/gblexprimer.com\/hu\/wp-json\/wp\/v2\/pages\/5221","targetHints":{"allow":["GET"]}}],"collection":[{"href":"https:\/\/gblexprimer.com\/hu\/wp-json\/wp\/v2\/pages"}],"about":[{"href":"https:\/\/gblexprimer.com\/hu\/wp-json\/wp\/v2\/types\/page"}],"author":[{"embeddable":true,"href":"https:\/\/gblexprimer.com\/hu\/wp-json\/wp\/v2\/users\/1"}],"replies":[{"embeddable":true,"href":"https:\/\/gblexprimer.com\/hu\/wp-json\/wp\/v2\/comments?post=5221"}],"version-history":[{"count":1,"href":"https:\/\/gblexprimer.com\/hu\/wp-json\/wp\/v2\/pages\/5221\/revisions"}],"predecessor-version":[{"id":5223,"href":"https:\/\/gblexprimer.com\/hu\/wp-json\/wp\/v2\/pages\/5221\/revisions\/5223"}],"wp:attachment":[{"href":"https:\/\/gblexprimer.com\/hu\/wp-json\/wp\/v2\/media?parent=5221"}],"curies":[{"name":"wp","href":"https:\/\/api.w.org\/{rel}","templated":true}]}}