{"id":34,"date":"2023-12-26T07:26:40","date_gmt":"2023-12-26T07:26:40","guid":{"rendered":"https:\/\/cannasmed.com\/gbl\/?post_type=product&#038;p=34"},"modified":"2026-04-09T09:30:56","modified_gmt":"2026-04-09T09:30:56","slug":"-18","status":"publish","type":"product","link":"https:\/\/gblexprimer.com\/hu\/termek\/-18\/","title":{"rendered":"V\u00e1s\u00e1rl\u00e1s Valocordin Diazepam Tropfen 10 mg online"},"content":{"rendered":"<h2>Acheter Valocordin Diazepam Tropfen 10 mg en Ligne chez GBLexprimer \u2013 Haute Qualit\u00e9 et Test\u00e9 en Laboratoire<\/h2>\n<p>Keres <a href=\"https:\/\/gblexprimer.com\/hu\/termek\/-18\/\"><strong>Valocordin Diazepam Tropfen<\/strong><\/a> magas min\u0151s\u00e9g? A  oldalon. <strong>GBExpress<\/strong>k\u00edn\u00e1lunk <strong>Valocordin Diazepam Tropfen<\/strong> laborat\u00f3riumi vizsg\u00e1lat <strong>garant\u00e1lt tisztas\u00e1g<\/strong> kutat\u00e1si ig\u00e9nyeihez. Haszn\u00e1lja ki a mi lehet\u0151s\u00e9geinket <strong>gyors sz\u00e1ll\u00edt\u00e1s<\/strong>, <strong>versenyk\u00e9pes \u00e1rak<\/strong> V\u00e1s\u00e1rl\u00e1s Valocordin Diazepam Tropfen 10 mg online\u00a0<a href=\"https:\/\/gblexpress.com\/ritalin\/\">.<\/a><\/p>\n<h4>Mi\u00e9rt v\u00e1s\u00e1roljon Valocordin Diazepam Tropfen 10 mg-ot a GBLexprime-t\u0151l?<\/h4>\n<p>A <strong><a href=\"https:\/\/en.wikipedia.org\/wiki\/Diazepam\">Valocordin Diazepam<\/a> Tropfen 10 mg<\/strong> megb\u00edzhat\u00f3 besz\u00e1ll\u00edt\u00f3kt\u00f3l sz\u00e1rmazik, \u00e9s szigor\u00fa min\u0151s\u00e9gellen\u0151rz\u00e9snek vetik al\u00e1 annak \u00e9rdek\u00e9ben, hogy megfeleljen a legmagasabb k\u00f6vetelm\u00e9nyeknek. <strong>GBExpress<\/strong> kiv\u00e1l\u00f3 min\u0151s\u00e9g\u0171 term\u00e9keket biztos\u00edt az \u00d6n kutat\u00e1saihoz<\/p>\n<p><strong>Valocordin Diazepam Tropfen<\/strong> :<\/p>\n<ul>\n<li><strong>Garant\u00e1lt tisztas\u00e1g<\/strong> : Test\u00e9 en laboratoire avec une puret\u00e9 <strong><a href=\"https:\/\/gblexprimer.com\/hu\/termek\/-23\/\">maximale pour des r\u00e9sultats<\/a><\/strong> fiables.<\/li>\n<li><strong>Gyors, biztons\u00e1gos sz\u00e1ll\u00edt\u00e1s<\/strong> : A megrendel\u00e9s gyorsan feldolgozott \u00e9s biztons\u00e1gosan sz\u00e1ll\u00edtott.<\/li>\n<li><strong>Megfizethet\u0151 \u00e1rak<\/strong> : K\u00edn\u00e1lunk <strong>Valocordin Diazepam Tropfen<\/strong> magas min\u0151s\u00e9g versenyk\u00e9pes \u00e1ron.<\/li>\n<\/ul>\n<h4>Milyen t\u00edpus\u00fa gy\u00f3gyszer a Valocordin Diazepam Tropfen 10 mg?<\/h4>\n<p>A <strong>Valocordin Diazepam Tropfen<\/strong> els\u0151sorban tudom\u00e1nyos kutat\u00e1si k\u00f6rnyezetben haszn\u00e1lj\u00e1k a diazep\u00e1m k\u00f6zponti idegrendszerre gyakorolt \u200b\u200bhat\u00e1s\u00e1nak tanulm\u00e1nyoz\u00e1s\u00e1ra. Ezeket a cseppeket csak arra tervezt\u00e9k <strong>kutat\u00e1si alkalmaz\u00e1sok<\/strong> \u00e9s nem emberi fogyaszt\u00e1sra sz\u00e1nj\u00e1k. <a href=\"https:\/\/gblexprimer.com\/hu\/\"><strong>GBlexpress<\/strong><\/a><\/p>\n<h4>Mi\u00e9rt v\u00e1lassza a GBLexprimer-t?<\/h4>\n<ul>\n<li><strong>Megb\u00edzhat\u00f3 sz\u00e1ll\u00edt\u00f3<\/strong> : Csak neves gy\u00e1rt\u00f3k term\u00e9keit szerezz\u00fck be.<\/li>\n<li><strong>Szigor\u00fa ellen\u0151rz\u00e9sek<\/strong> Minden egyes t\u00e9tel <strong>Valocordin Diazepam Tropfen<\/strong> min\u0151s\u00e9g\u00e9nek biztos\u00edt\u00e1sa \u00e9rdek\u00e9ben alaposan tesztelt\u00e9k.<\/li>\n<li><strong>\u00dcgyf\u00e9l-el\u00e9gedetts\u00e9g<\/strong> : Elk\u00f6telezettek vagyunk amellett, hogy kiv\u00e9teles \u00fcgyf\u00e9lszolg\u00e1latot ny\u00fajtsunk, hogy az \u00d6n v\u00e1s\u00e1rl\u00e1si \u00e9lm\u00e9nye optim\u00e1lis legyen.<\/li>\n<\/ul>\n<h4>Hogyan rendelhetek online Valocordin Diazepam Tropfen 10 mg-ot?<\/h4>\n<p>Megrendel\u00e9s <strong>Valocordin Diazepam Tropfen<\/strong> a  c\u00edmen. <strong>GBExpress<\/strong> egyszer\u0171 \u00e9s biztons\u00e1gos. L\u00e1togasson el oldalunkra, v\u00e1lassza ki a k\u00edv\u00e1nt mennyis\u00e9get, \u00e9s n\u00e9h\u00e1ny kattint\u00e1ssal adja le rendel\u00e9s\u00e9t. A mi <a href=\"https:\/\/www.drugs.com\/diazepam.html\"><strong>gyors sz\u00e1ll\u00edt\u00e1s<\/strong><\/a> \u00e9s <strong>diszkr\u00e9t csomagol\u00e1s<\/strong>, biztos lehet benne, hogy term\u00e9kei id\u0151ben \u00e9s biztons\u00e1gosan meg\u00e9rkeznek.<\/p>\n<p><strong>Rendeljen most a GBLexprimer-t\u0151l<\/strong> hogy megszerezz\u00fck <strong>Valocordin Diazepam Tropfen<\/strong> versenyk\u00e9pes \u00e1ron. Haszn\u00e1lja ki megb\u00edzhat\u00f3 term\u00e9keinket \u00e9s kiv\u00e1l\u00f3 \u00fcgyf\u00e9lszolg\u00e1latunkat! <a href=\"https:\/\/gblexprimer.com\/hu\/termek\/-18\/\"><strong>Des achats sans tracas<\/strong><\/a><\/p>","protected":false},"excerpt":{"rendered":"<p><strong>Valocordin Diazepam Tropfen<\/strong> diazep\u00e1mot, a benzodiazepin oszt\u00e1lyba tartoz\u00f3 szorong\u00e1sold\u00f3 \u00e9s nyugtat\u00f3 hat\u00e1s\u00fa gy\u00f3gyszert tartalmaz. Els\u0151sorban szorong\u00e1s, alv\u00e1szavarok \u00e9s izomg\u00f6rcs\u00f6k kezel\u00e9s\u00e9re haszn\u00e1lj\u00e1k. Ezt a gy\u00f3gyszert er\u0151s hat\u00e1sa \u00e9s a f\u00fcgg\u0151s\u00e9g kialakul\u00e1s\u00e1nak lehet\u0151s\u00e9ge miatt \u00f3vatosan kell szedni.<\/p>\n<h4><strong>Jelz\u00e9sek:<\/strong><\/h4>\n<ul>\n<li>Szorong\u00e1sos zavarok kezel\u00e9se.<\/li>\n<li>Ideges eredet\u0171 \u00e1lmatlans\u00e1g.<\/li>\n<li>Izomg\u00f6rcs\u00f6k vagy s\u00falyos izomfesz\u00fclts\u00e9g.<\/li>\n<\/ul>\n<h4><strong>Hat\u00e1sok :<\/strong><\/h4>\n<ul>\n<li>Gyors nyugtat\u00f3 \u00e9s szorong\u00e1sold\u00f3 hat\u00e1s.<\/li>\n<li>Izomlaz\u00edt\u00e1s.<\/li>\n<li>Jav\u00edtott alv\u00e1smin\u0151s\u00e9g.<\/li>\n<\/ul>\n<h4><strong>Adagol\u00e1s :<\/strong><\/h4>\n<p>Az adagol\u00e1s az egy\u00e9ni ig\u00e9nyeknek megfelel\u0151en v\u00e1ltozik. Orvosnak kell fel\u00edrnia \u00e9s szigor\u00faan be kell tartania, hogy elker\u00fclje a nemk\u00edv\u00e1natos hat\u00e1sok vagy a f\u00fcgg\u0151s\u00e9g kock\u00e1zat\u00e1t.<\/p>","protected":false},"featured_media":102,"comment_status":"open","ping_status":"closed","template":"","meta":{"site-sidebar-layout":"default","site-content-layout":"","ast-site-content-layout":"default","site-content-style":"default","site-sidebar-style":"default","ast-global-header-display":"","ast-banner-title-visibility":"","ast-main-header-display":"","ast-hfb-above-header-display":"","ast-hfb-below-header-display":"","ast-hfb-mobile-header-display":"","site-post-title":"","ast-breadcrumbs-content":"","ast-featured-img":"","footer-sml-layout":"","theme-transparent-header-meta":"default","adv-header-id-meta":"","stick-header-meta":"","header-above-stick-meta":"","header-main-stick-meta":"","header-below-stick-meta":"","astra-migrate-meta-layouts":"set","ast-page-background-enabled":"default","ast-page-background-meta":{"desktop":{"background-color":"","background-image":"","background-repeat":"repeat","background-position":"center center","background-size":"auto","background-attachment":"scroll","background-type":"","background-media":"","overlay-type":"","overlay-color":"","overlay-opacity":"","overlay-gradient":""},"tablet":{"background-color":"","background-image":"","background-repeat":"repeat","background-position":"center center","background-size":"auto","background-attachment":"scroll","background-type":"","background-media":"","overlay-type":"","overlay-color":"","overlay-opacity":"","overlay-gradient":""},"mobile":{"background-color":"","background-image":"","background-repeat":"repeat","background-position":"center center","background-size":"auto","background-attachment":"scroll","background-type":"","background-media":"","overlay-type":"","overlay-color":"","overlay-opacity":"","overlay-gradient":""}},"ast-content-background-meta":{"desktop":{"background-color":"var(--ast-global-color-5)","background-image":"","background-repeat":"repeat","background-position":"center center","background-size":"auto","background-attachment":"scroll","background-type":"","background-media":"","overlay-type":"","overlay-color":"","overlay-opacity":"","overlay-gradient":""},"tablet":{"background-color":"var(--ast-global-color-5)","background-image":"","background-repeat":"repeat","background-position":"center center","background-size":"auto","background-attachment":"scroll","background-type":"","background-media":"","overlay-type":"","overlay-color":"","overlay-opacity":"","overlay-gradient":""},"mobile":{"background-color":"var(--ast-global-color-5)","background-image":"","background-repeat":"repeat","background-position":"center center","background-size":"auto","background-attachment":"scroll","background-type":"","background-media":"","overlay-type":"","overlay-color":"","overlay-opacity":"","overlay-gradient":""}},"_joinchat":[]},"product_brand":[],"product_cat":[84],"product_tag":[469,482,474,483,478,481,470,487,472,480,473,471,485,479,477,476,475,484,468,486],"class_list":{"0":"post-34","1":"product","2":"type-product","3":"status-publish","4":"has-post-thumbnail","6":"product_cat-ko-drops","7":"product_tag-acheter-valocordin-diazepam-tropfen","8":"product_tag-analyse-de-valocordin-diazepam","9":"product_tag-application-de-valocordin-diazepam","10":"product_tag-chimie-de-valocordin-diazepam","11":"product_tag-disponibilite-de-valocordin-diazepam","12":"product_tag-distribution-de-valocordin-diazepam","13":"product_tag-fournisseur-de-valocordin-diazepam-tropfen","14":"product_tag-laboratoire-de-recherche-valocordin-diazepam","15":"product_tag-laboratoire-valocordin-diazepam","16":"product_tag-marche-de-valocordin-diazepam","17":"product_tag-prix-de-valocordin-diazepam-tropfen","18":"product_tag-recherche-sur-valocordin-diazepam","19":"product_tag-reference-materiel-valocordin-diazepam","20":"product_tag-reglementations-valocordin-diazepam","21":"product_tag-risques-de-valocordin-diazepam-tropfen","22":"product_tag-securite-de-valocordin-diazepam","23":"product_tag-stockage-de-valocordin-diazepam-tropfen","24":"product_tag-substance-valocordin-diazepam","25":"product_tag-valocordin-diazepam-tropfen-10-mg","26":"product_tag-vente-en-gros-valocordin-diazepam","27":"desktop-align-left","28":"tablet-align-left","29":"mobile-align-left","31":"first","32":"instock","33":"shipping-taxable","34":"purchasable","35":"product-type-variable","36":"has-default-attributes"},"yoast_head":"<!-- This site is optimized with the Yoast SEO plugin v26.9 - https:\/\/yoast.com\/product\/yoast-seo-wordpress\/ -->\n<title>Acheter Valocordin Diazepam Gouttes 10 mg en ligne | Gblexprimer<\/title>\n<meta name=\"description\" content=\"Les gouttes Valocordin Diazepam contiennent du diaz\u00e9pam, une benzodiaz\u00e9pine utilis\u00e9e pour g\u00e9rer l&#039;anxi\u00e9t\u00e9, les spasmes musculaires et certaines affections neurologiques. Il agit sur le syst\u00e8me nerveux central pour produire des effets apaisants.\" \/>\n<meta name=\"robots\" content=\"index, follow, max-snippet:-1, max-image-preview:large, max-video-preview:-1\" \/>\n<link rel=\"canonical\" href=\"https:\/\/gblexprimer.com\/hu\/termek\/-18\/\" \/>\n<meta property=\"og:locale\" content=\"hu_HU\" \/>\n<meta property=\"og:type\" content=\"article\" \/>\n<meta property=\"og:title\" content=\"Acheter Valocordin Diazepam Gouttes 10 mg en ligne | Gblexprimer\" \/>\n<meta property=\"og:description\" content=\"Les gouttes Valocordin Diazepam contiennent du diaz\u00e9pam, une benzodiaz\u00e9pine utilis\u00e9e pour g\u00e9rer l&#039;anxi\u00e9t\u00e9, les spasmes musculaires et certaines affections neurologiques. Il agit sur le syst\u00e8me nerveux central pour produire des effets apaisants.\" \/>\n<meta property=\"og:url\" content=\"https:\/\/gblexprimer.com\/hu\/termek\/-18\/\" \/>\n<meta property=\"og:site_name\" content=\"GBL Exprimer\" \/>\n<meta property=\"article:modified_time\" content=\"2026-04-09T09:30:56+00:00\" \/>\n<meta property=\"og:image\" content=\"https:\/\/gblexprimer.com\/wp-content\/uploads\/2023\/12\/Valocordin-Diazepam-Tropfen-10-mg.jpg\" \/>\n\t<meta property=\"og:image:width\" content=\"600\" \/>\n\t<meta property=\"og:image:height\" content=\"600\" \/>\n\t<meta property=\"og:image:type\" content=\"image\/jpeg\" \/>\n<meta name=\"twitter:card\" content=\"summary_large_image\" \/>\n<meta name=\"twitter:label1\" content=\"Becs\u00fclt olvas\u00e1si id\u0151\" \/>\n\t<meta name=\"twitter:data1\" content=\"2 perc\" \/>\n<script type=\"application\/ld+json\" class=\"yoast-schema-graph\">{\"@context\":\"https:\/\/schema.org\",\"@graph\":[{\"@type\":\"WebPage\",\"@id\":\"https:\/\/gblexprimer.com\/product\/valocordin-diazepam-tropfene-10-mg\/\",\"url\":\"https:\/\/gblexprimer.com\/product\/valocordin-diazepam-tropfene-10-mg\/\",\"name\":\"Acheter Valocordin Diazepam Gouttes 10 mg en ligne | Gblexprimer\",\"isPartOf\":{\"@id\":\"https:\/\/gblexprimer.com\/#website\"},\"primaryImageOfPage\":{\"@id\":\"https:\/\/gblexprimer.com\/product\/valocordin-diazepam-tropfene-10-mg\/#primaryimage\"},\"image\":{\"@id\":\"https:\/\/gblexprimer.com\/product\/valocordin-diazepam-tropfene-10-mg\/#primaryimage\"},\"thumbnailUrl\":\"https:\/\/gblexprimer.com\/wp-content\/uploads\/2023\/12\/Valocordin-Diazepam-Tropfen-10-mg.jpg\",\"datePublished\":\"2023-12-26T07:26:40+00:00\",\"dateModified\":\"2026-04-09T09:30:56+00:00\",\"description\":\"Les gouttes Valocordin Diazepam contiennent du diaz\u00e9pam, une benzodiaz\u00e9pine utilis\u00e9e pour g\u00e9rer l'anxi\u00e9t\u00e9, les spasmes musculaires et certaines affections neurologiques. Il agit sur le syst\u00e8me nerveux central pour produire des effets apaisants.\",\"breadcrumb\":{\"@id\":\"https:\/\/gblexprimer.com\/product\/valocordin-diazepam-tropfene-10-mg\/#breadcrumb\"},\"inLanguage\":\"hu\",\"potentialAction\":[{\"@type\":\"ReadAction\",\"target\":[\"https:\/\/gblexprimer.com\/product\/valocordin-diazepam-tropfene-10-mg\/\"]}]},{\"@type\":\"ImageObject\",\"inLanguage\":\"hu\",\"@id\":\"https:\/\/gblexprimer.com\/product\/valocordin-diazepam-tropfene-10-mg\/#primaryimage\",\"url\":\"https:\/\/gblexprimer.com\/wp-content\/uploads\/2023\/12\/Valocordin-Diazepam-Tropfen-10-mg.jpg\",\"contentUrl\":\"https:\/\/gblexprimer.com\/wp-content\/uploads\/2023\/12\/Valocordin-Diazepam-Tropfen-10-mg.jpg\",\"width\":600,\"height\":600,\"caption\":\"Acheter Valocordin Diaz\u00e9pam Tropf\u00e8ne 10 mg en ligne\"},{\"@type\":\"BreadcrumbList\",\"@id\":\"https:\/\/gblexprimer.com\/product\/valocordin-diazepam-tropfene-10-mg\/#breadcrumb\",\"itemListElement\":[{\"@type\":\"ListItem\",\"position\":1,\"name\":\"Home\",\"item\":\"https:\/\/gblexprimer.com\/\"},{\"@type\":\"ListItem\",\"position\":2,\"name\":\"Shop\",\"item\":\"https:\/\/gblexprimer.com\/shop\/\"},{\"@type\":\"ListItem\",\"position\":3,\"name\":\"Acheter Valocordin Diaz\u00e9pam Tropf\u00e8ne 10 mg en ligne\"}]},{\"@type\":\"WebSite\",\"@id\":\"https:\/\/gblexprimer.com\/#website\",\"url\":\"https:\/\/gblexprimer.com\/\",\"name\":\"GBL Exprimer\",\"description\":\"\",\"publisher\":{\"@id\":\"https:\/\/gblexprimer.com\/#organization\"},\"potentialAction\":[{\"@type\":\"SearchAction\",\"target\":{\"@type\":\"EntryPoint\",\"urlTemplate\":\"https:\/\/gblexprimer.com\/?s={search_term_string}\"},\"query-input\":{\"@type\":\"PropertyValueSpecification\",\"valueRequired\":true,\"valueName\":\"search_term_string\"}}],\"inLanguage\":\"hu\"},{\"@type\":\"Organization\",\"@id\":\"https:\/\/gblexprimer.com\/#organization\",\"name\":\"GBL Exprimer\",\"url\":\"https:\/\/gblexprimer.com\/\",\"logo\":{\"@type\":\"ImageObject\",\"inLanguage\":\"hu\",\"@id\":\"https:\/\/gblexprimer.com\/#\/schema\/logo\/image\/\",\"url\":\"https:\/\/gblexprimer.com\/wp-content\/uploads\/2024\/01\/logo.png\",\"contentUrl\":\"https:\/\/gblexprimer.com\/wp-content\/uploads\/2024\/01\/logo.png\",\"width\":220,\"height\":80,\"caption\":\"GBL Exprimer\"},\"image\":{\"@id\":\"https:\/\/gblexprimer.com\/#\/schema\/logo\/image\/\"}}]}<\/script>\n<!-- \/ Yoast SEO plugin. -->","yoast_head_json":{"title":"Acheter Valocordin Diazepam Gouttes 10 mg en ligne | Gblexprimer","description":"Les gouttes Valocordin Diazepam contiennent du diaz\u00e9pam, une benzodiaz\u00e9pine utilis\u00e9e pour g\u00e9rer l'anxi\u00e9t\u00e9, les spasmes musculaires et certaines affections neurologiques. Il agit sur le syst\u00e8me nerveux central pour produire des effets apaisants.","robots":{"index":"index","follow":"follow","max-snippet":"max-snippet:-1","max-image-preview":"max-image-preview:large","max-video-preview":"max-video-preview:-1"},"canonical":"https:\/\/gblexprimer.com\/hu\/termek\/-18\/","og_locale":"hu_HU","og_type":"article","og_title":"Acheter Valocordin Diazepam Gouttes 10 mg en ligne | Gblexprimer","og_description":"Les gouttes Valocordin Diazepam contiennent du diaz\u00e9pam, une benzodiaz\u00e9pine utilis\u00e9e pour g\u00e9rer l'anxi\u00e9t\u00e9, les spasmes musculaires et certaines affections neurologiques. Il agit sur le syst\u00e8me nerveux central pour produire des effets apaisants.","og_url":"https:\/\/gblexprimer.com\/hu\/termek\/-18\/","og_site_name":"GBL Exprimer","article_modified_time":"2026-04-09T09:30:56+00:00","og_image":[{"width":600,"height":600,"url":"https:\/\/gblexprimer.com\/wp-content\/uploads\/2023\/12\/Valocordin-Diazepam-Tropfen-10-mg.jpg","type":"image\/jpeg"}],"twitter_card":"summary_large_image","twitter_misc":{"Becs\u00fclt olvas\u00e1si id\u0151":"2 perc"},"schema":{"@context":"https:\/\/schema.org","@graph":[{"@type":"WebPage","@id":"https:\/\/gblexprimer.com\/product\/valocordin-diazepam-tropfene-10-mg\/","url":"https:\/\/gblexprimer.com\/product\/valocordin-diazepam-tropfene-10-mg\/","name":"Acheter Valocordin Diazepam Gouttes 10 mg en ligne | Gblexprimer","isPartOf":{"@id":"https:\/\/gblexprimer.com\/#website"},"primaryImageOfPage":{"@id":"https:\/\/gblexprimer.com\/product\/valocordin-diazepam-tropfene-10-mg\/#primaryimage"},"image":{"@id":"https:\/\/gblexprimer.com\/product\/valocordin-diazepam-tropfene-10-mg\/#primaryimage"},"thumbnailUrl":"https:\/\/gblexprimer.com\/wp-content\/uploads\/2023\/12\/Valocordin-Diazepam-Tropfen-10-mg.jpg","datePublished":"2023-12-26T07:26:40+00:00","dateModified":"2026-04-09T09:30:56+00:00","description":"Les gouttes Valocordin Diazepam contiennent du diaz\u00e9pam, une benzodiaz\u00e9pine utilis\u00e9e pour g\u00e9rer l'anxi\u00e9t\u00e9, les spasmes musculaires et certaines affections neurologiques. Il agit sur le syst\u00e8me nerveux central pour produire des effets apaisants.","breadcrumb":{"@id":"https:\/\/gblexprimer.com\/product\/valocordin-diazepam-tropfene-10-mg\/#breadcrumb"},"inLanguage":"hu","potentialAction":[{"@type":"ReadAction","target":["https:\/\/gblexprimer.com\/product\/valocordin-diazepam-tropfene-10-mg\/"]}]},{"@type":"ImageObject","inLanguage":"hu","@id":"https:\/\/gblexprimer.com\/product\/valocordin-diazepam-tropfene-10-mg\/#primaryimage","url":"https:\/\/gblexprimer.com\/wp-content\/uploads\/2023\/12\/Valocordin-Diazepam-Tropfen-10-mg.jpg","contentUrl":"https:\/\/gblexprimer.com\/wp-content\/uploads\/2023\/12\/Valocordin-Diazepam-Tropfen-10-mg.jpg","width":600,"height":600,"caption":"Acheter Valocordin Diaz\u00e9pam Tropf\u00e8ne 10 mg en ligne"},{"@type":"BreadcrumbList","@id":"https:\/\/gblexprimer.com\/product\/valocordin-diazepam-tropfene-10-mg\/#breadcrumb","itemListElement":[{"@type":"ListItem","position":1,"name":"Home","item":"https:\/\/gblexprimer.com\/"},{"@type":"ListItem","position":2,"name":"Shop","item":"https:\/\/gblexprimer.com\/shop\/"},{"@type":"ListItem","position":3,"name":"Acheter Valocordin Diaz\u00e9pam Tropf\u00e8ne 10 mg en ligne"}]},{"@type":"WebSite","@id":"https:\/\/gblexprimer.com\/#website","url":"https:\/\/gblexprimer.com\/","name":"GBL Express","description":"","publisher":{"@id":"https:\/\/gblexprimer.com\/#organization"},"potentialAction":[{"@type":"SearchAction","target":{"@type":"EntryPoint","urlTemplate":"https:\/\/gblexprimer.com\/?s={search_term_string}"},"query-input":{"@type":"PropertyValueSpecification","valueRequired":true,"valueName":"search_term_string"}}],"inLanguage":"hu"},{"@type":"Organization","@id":"https:\/\/gblexprimer.com\/#organization","name":"GBL Express","url":"https:\/\/gblexprimer.com\/","logo":{"@type":"ImageObject","inLanguage":"hu","@id":"https:\/\/gblexprimer.com\/#\/schema\/logo\/image\/","url":"https:\/\/gblexprimer.com\/wp-content\/uploads\/2024\/01\/logo.png","contentUrl":"https:\/\/gblexprimer.com\/wp-content\/uploads\/2024\/01\/logo.png","width":220,"height":80,"caption":"GBL Exprimer"},"image":{"@id":"https:\/\/gblexprimer.com\/#\/schema\/logo\/image\/"}}]}},"_links":{"self":[{"href":"https:\/\/gblexprimer.com\/hu\/wp-json\/wp\/v2\/product\/34","targetHints":{"allow":["GET"]}}],"collection":[{"href":"https:\/\/gblexprimer.com\/hu\/wp-json\/wp\/v2\/product"}],"about":[{"href":"https:\/\/gblexprimer.com\/hu\/wp-json\/wp\/v2\/types\/product"}],"replies":[{"embeddable":true,"href":"https:\/\/gblexprimer.com\/hu\/wp-json\/wp\/v2\/comments?post=34"}],"wp:featuredmedia":[{"embeddable":true,"href":"https:\/\/gblexprimer.com\/hu\/wp-json\/wp\/v2\/media\/102"}],"wp:attachment":[{"href":"https:\/\/gblexprimer.com\/hu\/wp-json\/wp\/v2\/media?parent=34"}],"wp:term":[{"taxonomy":"product_brand","embeddable":true,"href":"https:\/\/gblexprimer.com\/hu\/wp-json\/wp\/v2\/product_brand?post=34"},{"taxonomy":"product_cat","embeddable":true,"href":"https:\/\/gblexprimer.com\/hu\/wp-json\/wp\/v2\/product_cat?post=34"},{"taxonomy":"product_tag","embeddable":true,"href":"https:\/\/gblexprimer.com\/hu\/wp-json\/wp\/v2\/product_tag?post=34"}],"curies":[{"name":"wp","href":"https:\/\/api.w.org\/{rel}","templated":true}]}}