{"id":35,"date":"2023-12-26T07:26:40","date_gmt":"2023-12-26T07:26:40","guid":{"rendered":"https:\/\/cannasmed.com\/gbl\/?post_type=product&#038;p=35"},"modified":"2026-04-11T07:15:58","modified_gmt":"2026-04-11T07:15:58","slug":"-19","status":"publish","type":"product","link":"https:\/\/gblexprimer.com\/hu\/termek\/-19\/","title":{"rendered":"Diazepam Ratiopharm 5 mg diazep\u00e1m"},"content":{"rendered":"<h2>V\u00e1s\u00e1rl\u00e1s Diazepam Ratiopharm 5 mg Diazepam online<\/h2>\n<p>A Sample.com-on val\u00f3di diazepam tablett\u00e1kat v\u00e1s\u00e1rolhat magabiztosan. A gy\u00f3gyszer felad\u00e1sa el\u0151tt online konzult\u00e1ci\u00f3ra van sz\u00fcks\u00e9g egy orvossal, hogy meg\u00e1llap\u00edthat\u00f3 legyen, hogy ki\u00e1ll\u00edthat\u00f3-e t\u00f6rv\u00e9nyes recept. Annak biztos\u00edt\u00e1sa, hogy a diazep\u00e1m (Valium) a megfelel\u0151 gy\u00f3gyszer az \u00d6n sz\u00e1m\u00e1ra, online tan\u00e1csad\u00e1ssal \u00e9rhet\u0151 el. Ez az online gy\u00f3gyszert\u00e1rhoz hasonl\u00f3 elj\u00e1r\u00e1s seg\u00edt abban, hogy a v\u00e1s\u00e1rl\u00e1s sor\u00e1n a <a href=\"https:\/\/gblexprimer.com\/hu\/termek\/-19\/\">Diazepam online<\/a> biztons\u00e1gos \u00e9s megfelel\u0151 az \u00d6n sz\u00e1m\u00e1ra. B\u00e1rmilyen gy\u00f3gyszeres kezel\u00e9s megkezd\u00e9se el\u0151tt mindig besz\u00e9ljen kezel\u0151orvos\u00e1val vagy m\u00e1s eg\u00e9szs\u00e9g\u00fcgyi szakemberrel, hogy megbizonyosodjon arr\u00f3l, hogy a gy\u00f3gyszeres kezel\u00e9s megfelel az \u00d6n k\u00fcl\u00f6nleges ig\u00e9nyeinek.<\/p>\n<h3>Milyen t\u00edpus\u00fa gy\u00f3gyszer a diazepam?<\/h3>\n<p>Le <a href=\"https:\/\/en.wikipedia.org\/wiki\/Diazepam\">diazepam<\/a> A diazep\u00e1m szorong\u00e1s, p\u00e1nikrohamok, izomg\u00f6rcs\u00f6k \u00e9s egy\u00e9b t\u00fcnetek kezel\u00e9s\u00e9re haszn\u00e1lt gy\u00f3gyszer.<br \/>\nN\u00e9h\u00e1ny embernek diazep\u00e1mot \u00edrnak fel, hogy seg\u00edtsen nekik ellazulni egy orvosi beavatkoz\u00e1s el\u0151tt. Fel\u00edrhat\u00f3 izomlaz\u00edt\u00f3k\u00e9nt<br \/>\nLe diaz\u00e9pam \u00e9tait autrefois connu sous le nom de <a href=\"https:\/\/gblexprimer.com\/hu\/termek\/menny-tiszta-ecstasy-500-mg-%ce%b3-hidroxi-vajsav-ghb\/\">Valium<\/a>, bien que cette marque de diaz\u00e9pam ne soit plus disponible au Royaume-Uni.<br \/>\nEllen\u0151rz\u00f6tt anyag<br \/>\nA diazep\u00e1mot \u00e1ltal\u00e1ban tabletta form\u00e1j\u00e1ban szedik, de fel\u00edrhat\u00f3 foly\u00e9kony vagy rekt\u00e1lis form\u00e1ban is.<br \/>\nJavasoljuk, hogy ne szedje a diazep\u00e1mot n\u00e9gy h\u00e9tn\u00e9l hosszabb ideig egym\u00e1s ut\u00e1n, mivel fenn\u00e1ll a gy\u00f3gyszerf\u00fcgg\u0151s\u00e9g kialakul\u00e1s\u00e1nak vesz\u00e9lye (Young Minds, 2023). Kezel\u0151orvosa el fogja tudni magyar\u00e1zni az \u00d6n egy\u00e9ni sz\u00fcks\u00e9gleteinek megfelel\u0151 alkalmaz\u00e1si id\u0151tartamot.<br \/>\nMivel a diazepam \u00e1lmoss\u00e1got okozhat, szed\u00e9se alatt nem szabad vezetni vagy neh\u00e9z g\u00e9peket haszn\u00e1lni.<br \/>\nFontos, hogy olvassa el a betegt\u00e1j\u00e9koztat\u00f3t a gyakori mell\u00e9khat\u00e1sok \u00e9s figyelmeztet\u00e9sek teljes list\u00e1j\u00e1\u00e9rt, \u00e9s mindig k\u00e9rje ki kezel\u0151orvosa tan\u00e1cs\u00e1t az \u00d6n konkr\u00e9t eg\u00e9szs\u00e9g\u00fcgyi \u00e1llapot\u00e1nak megfelel\u0151 kezel\u00e9s\u00e9r\u0151l.<\/p>\n<h3>Hogyan kell a diazep\u00e1mot felr\u00e1zni?<\/h3>\n<p>A benzodiazepinek, bele\u00e9rtve a diazep\u00e1mot is, \u00fagy hatnak, hogy az agyban l\u00e9v\u0151 bizonyos vegyi anyagokra hatnak, \u00e9s fokozz\u00e1k a GABA k\u00f6t\u0151d\u00e9s\u00e9t a GABA-receptorokhoz (Michel, T., 2011). Ezek a vegyi anyagok nyugtat\u00f3 hat\u00e1ssal vannak az agyra (Cuncic, A., 2022), ami seg\u00edthet cs\u00f6kkenteni a szorong\u00e1st, seg\u00edthet az izmok ellazul\u00e1s\u00e1ban, illetve ellazul\u00e1st vagy \u00e1lmoss\u00e1got okozhat. M\u00e9g a rohamtev\u00e9kenys\u00e9get is meg\u00e1ll\u00edthatja (Epilepszia Alap\u00edtv\u00e1ny, 2018). N\u00e9ha a diazep\u00e1mot altat\u00f3k\u00e9nt \u00edrj\u00e1k fel. <a href=\"https:\/\/gblexprimer.com\/hu\/\">Gblexprimer<\/a><\/p>\n<p>Mivel a diazep\u00e1m tablett\u00e1nak sz\u00e1mos k\u00fcl\u00f6nb\u00f6z\u0151 hat\u00e1sa lehet, sz\u00e1mos betegs\u00e9gre \u00edrj\u00e1k fel. Ezek k\u00f6z\u00e9 tartozhat a szorong\u00e1s, az elalv\u00e1si neh\u00e9zs\u00e9gek vagy a roham eset\u00e9n beadand\u00f3 s\u00fcrg\u0151ss\u00e9gi gy\u00f3gyszer.<\/p>","protected":false},"excerpt":{"rendered":"<p>Acheter Diaz\u00e9pam Ratiopharm 5 mg Diaz\u00e9pam en ligne Sur Sample.com, vous pouvez acheter des comprim\u00e9s de diaz\u00e9pam authentiques en toute confiance. Avant l&rsquo;envoi du m\u00e9dicament, une consultation en ligne d&rsquo;un m\u00e9decin est n\u00e9cessaire pour d\u00e9terminer si une ordonnance l\u00e9gitime peut \u00eatre \u00e9tablie. S&rsquo;assurer que le Diaz\u00e9pam (Valium) est le bon m\u00e9dicament pour vous est assur\u00e9 [&hellip;]<\/p>","protected":false},"featured_media":101,"comment_status":"open","ping_status":"closed","template":"","meta":{"site-sidebar-layout":"default","site-content-layout":"","ast-site-content-layout":"default","site-content-style":"default","site-sidebar-style":"default","ast-global-header-display":"","ast-banner-title-visibility":"","ast-main-header-display":"","ast-hfb-above-header-display":"","ast-hfb-below-header-display":"","ast-hfb-mobile-header-display":"","site-post-title":"","ast-breadcrumbs-content":"","ast-featured-img":"","footer-sml-layout":"","theme-transparent-header-meta":"default","adv-header-id-meta":"","stick-header-meta":"","header-above-stick-meta":"","header-main-stick-meta":"","header-below-stick-meta":"","astra-migrate-meta-layouts":"set","ast-page-background-enabled":"default","ast-page-background-meta":{"desktop":{"background-color":"","background-image":"","background-repeat":"repeat","background-position":"center center","background-size":"auto","background-attachment":"scroll","background-type":"","background-media":"","overlay-type":"","overlay-color":"","overlay-opacity":"","overlay-gradient":""},"tablet":{"background-color":"","background-image":"","background-repeat":"repeat","background-position":"center center","background-size":"auto","background-attachment":"scroll","background-type":"","background-media":"","overlay-type":"","overlay-color":"","overlay-opacity":"","overlay-gradient":""},"mobile":{"background-color":"","background-image":"","background-repeat":"repeat","background-position":"center center","background-size":"auto","background-attachment":"scroll","background-type":"","background-media":"","overlay-type":"","overlay-color":"","overlay-opacity":"","overlay-gradient":""}},"ast-content-background-meta":{"desktop":{"background-color":"var(--ast-global-color-5)","background-image":"","background-repeat":"repeat","background-position":"center center","background-size":"auto","background-attachment":"scroll","background-type":"","background-media":"","overlay-type":"","overlay-color":"","overlay-opacity":"","overlay-gradient":""},"tablet":{"background-color":"var(--ast-global-color-5)","background-image":"","background-repeat":"repeat","background-position":"center center","background-size":"auto","background-attachment":"scroll","background-type":"","background-media":"","overlay-type":"","overlay-color":"","overlay-opacity":"","overlay-gradient":""},"mobile":{"background-color":"var(--ast-global-color-5)","background-image":"","background-repeat":"repeat","background-position":"center center","background-size":"auto","background-attachment":"scroll","background-type":"","background-media":"","overlay-type":"","overlay-color":"","overlay-opacity":"","overlay-gradient":""}},"_joinchat":[]},"product_brand":[],"product_cat":[84],"product_tag":[],"class_list":{"0":"post-35","1":"product","2":"type-product","3":"status-publish","4":"has-post-thumbnail","6":"product_cat-ko-drops","7":"desktop-align-left","8":"tablet-align-left","9":"mobile-align-left","11":"first","12":"instock","13":"featured","14":"shipping-taxable","15":"purchasable","16":"product-type-variable","17":"has-default-attributes"},"yoast_head":"<!-- This site is optimized with the Yoast SEO plugin v26.9 - https:\/\/yoast.com\/product\/yoast-seo-wordpress\/ -->\n<title>Acheter du Diazepam-ratiopharm 5 mg en ligne | Gblexprimer<\/title>\n<meta name=\"description\" content=\"Le Diazepam-ratiopharm contient du diaz\u00e9pam, une benzodiaz\u00e9pine qui aide \u00e0 soulager l&#039;anxi\u00e9t\u00e9, les spasmes musculaires et les troubles convulsifs en apaisant le syst\u00e8me nerveux central.\" \/>\n<meta name=\"robots\" content=\"index, follow, max-snippet:-1, max-image-preview:large, max-video-preview:-1\" \/>\n<link rel=\"canonical\" href=\"https:\/\/gblexprimer.com\/hu\/termek\/-19\/\" \/>\n<meta property=\"og:locale\" content=\"hu_HU\" \/>\n<meta property=\"og:type\" content=\"article\" \/>\n<meta property=\"og:title\" content=\"Acheter du Diazepam-ratiopharm 5 mg en ligne | Gblexprimer\" \/>\n<meta property=\"og:description\" content=\"Le Diazepam-ratiopharm contient du diaz\u00e9pam, une benzodiaz\u00e9pine qui aide \u00e0 soulager l&#039;anxi\u00e9t\u00e9, les spasmes musculaires et les troubles convulsifs en apaisant le syst\u00e8me nerveux central.\" \/>\n<meta property=\"og:url\" content=\"https:\/\/gblexprimer.com\/hu\/termek\/-19\/\" \/>\n<meta property=\"og:site_name\" content=\"GBL Exprimer\" \/>\n<meta property=\"article:modified_time\" content=\"2026-04-11T07:15:58+00:00\" \/>\n<meta property=\"og:image\" content=\"https:\/\/gblexprimer.com\/wp-content\/uploads\/2023\/12\/Diazepam-Ratiopharm-5-mg-Diazepam.jpg\" \/>\n\t<meta property=\"og:image:width\" content=\"600\" \/>\n\t<meta property=\"og:image:height\" content=\"600\" \/>\n\t<meta property=\"og:image:type\" content=\"image\/jpeg\" \/>\n<meta name=\"twitter:card\" content=\"summary_large_image\" \/>\n<meta name=\"twitter:label1\" content=\"Becs\u00fclt olvas\u00e1si id\u0151\" \/>\n\t<meta name=\"twitter:data1\" content=\"3 perc\" \/>\n<script type=\"application\/ld+json\" class=\"yoast-schema-graph\">{\"@context\":\"https:\/\/schema.org\",\"@graph\":[{\"@type\":\"WebPage\",\"@id\":\"https:\/\/gblexprimer.com\/product\/diazepam-ratiopharm-5-mg-diazepam\/\",\"url\":\"https:\/\/gblexprimer.com\/product\/diazepam-ratiopharm-5-mg-diazepam\/\",\"name\":\"Acheter du Diazepam-ratiopharm 5 mg en ligne | Gblexprimer\",\"isPartOf\":{\"@id\":\"https:\/\/gblexprimer.com\/#website\"},\"primaryImageOfPage\":{\"@id\":\"https:\/\/gblexprimer.com\/product\/diazepam-ratiopharm-5-mg-diazepam\/#primaryimage\"},\"image\":{\"@id\":\"https:\/\/gblexprimer.com\/product\/diazepam-ratiopharm-5-mg-diazepam\/#primaryimage\"},\"thumbnailUrl\":\"https:\/\/gblexprimer.com\/wp-content\/uploads\/2023\/12\/Diazepam-Ratiopharm-5-mg-Diazepam.jpg\",\"datePublished\":\"2023-12-26T07:26:40+00:00\",\"dateModified\":\"2026-04-11T07:15:58+00:00\",\"description\":\"Le Diazepam-ratiopharm contient du diaz\u00e9pam, une benzodiaz\u00e9pine qui aide \u00e0 soulager l'anxi\u00e9t\u00e9, les spasmes musculaires et les troubles convulsifs en apaisant le syst\u00e8me nerveux central.\",\"breadcrumb\":{\"@id\":\"https:\/\/gblexprimer.com\/product\/diazepam-ratiopharm-5-mg-diazepam\/#breadcrumb\"},\"inLanguage\":\"hu\",\"potentialAction\":[{\"@type\":\"ReadAction\",\"target\":[\"https:\/\/gblexprimer.com\/product\/diazepam-ratiopharm-5-mg-diazepam\/\"]}]},{\"@type\":\"ImageObject\",\"inLanguage\":\"hu\",\"@id\":\"https:\/\/gblexprimer.com\/product\/diazepam-ratiopharm-5-mg-diazepam\/#primaryimage\",\"url\":\"https:\/\/gblexprimer.com\/wp-content\/uploads\/2023\/12\/Diazepam-Ratiopharm-5-mg-Diazepam.jpg\",\"contentUrl\":\"https:\/\/gblexprimer.com\/wp-content\/uploads\/2023\/12\/Diazepam-Ratiopharm-5-mg-Diazepam.jpg\",\"width\":600,\"height\":600,\"caption\":\"Diaz\u00e9pam Ratiopharm 5 mg Diaz\u00e9pam\"},{\"@type\":\"BreadcrumbList\",\"@id\":\"https:\/\/gblexprimer.com\/product\/diazepam-ratiopharm-5-mg-diazepam\/#breadcrumb\",\"itemListElement\":[{\"@type\":\"ListItem\",\"position\":1,\"name\":\"Home\",\"item\":\"https:\/\/gblexprimer.com\/\"},{\"@type\":\"ListItem\",\"position\":2,\"name\":\"Shop\",\"item\":\"https:\/\/gblexprimer.com\/shop\/\"},{\"@type\":\"ListItem\",\"position\":3,\"name\":\"Diaz\u00e9pam Ratiopharm 5 mg Diaz\u00e9pam\"}]},{\"@type\":\"WebSite\",\"@id\":\"https:\/\/gblexprimer.com\/#website\",\"url\":\"https:\/\/gblexprimer.com\/\",\"name\":\"GBL Exprimer\",\"description\":\"\",\"publisher\":{\"@id\":\"https:\/\/gblexprimer.com\/#organization\"},\"potentialAction\":[{\"@type\":\"SearchAction\",\"target\":{\"@type\":\"EntryPoint\",\"urlTemplate\":\"https:\/\/gblexprimer.com\/?s={search_term_string}\"},\"query-input\":{\"@type\":\"PropertyValueSpecification\",\"valueRequired\":true,\"valueName\":\"search_term_string\"}}],\"inLanguage\":\"hu\"},{\"@type\":\"Organization\",\"@id\":\"https:\/\/gblexprimer.com\/#organization\",\"name\":\"GBL Exprimer\",\"url\":\"https:\/\/gblexprimer.com\/\",\"logo\":{\"@type\":\"ImageObject\",\"inLanguage\":\"hu\",\"@id\":\"https:\/\/gblexprimer.com\/#\/schema\/logo\/image\/\",\"url\":\"https:\/\/gblexprimer.com\/wp-content\/uploads\/2024\/01\/logo.png\",\"contentUrl\":\"https:\/\/gblexprimer.com\/wp-content\/uploads\/2024\/01\/logo.png\",\"width\":220,\"height\":80,\"caption\":\"GBL Exprimer\"},\"image\":{\"@id\":\"https:\/\/gblexprimer.com\/#\/schema\/logo\/image\/\"}}]}<\/script>\n<!-- \/ Yoast SEO plugin. -->","yoast_head_json":{"title":"Acheter du Diazepam-ratiopharm 5 mg en ligne | Gblexprimer","description":"Le Diazepam-ratiopharm contient du diaz\u00e9pam, une benzodiaz\u00e9pine qui aide \u00e0 soulager l'anxi\u00e9t\u00e9, les spasmes musculaires et les troubles convulsifs en apaisant le syst\u00e8me nerveux central.","robots":{"index":"index","follow":"follow","max-snippet":"max-snippet:-1","max-image-preview":"max-image-preview:large","max-video-preview":"max-video-preview:-1"},"canonical":"https:\/\/gblexprimer.com\/hu\/termek\/-19\/","og_locale":"hu_HU","og_type":"article","og_title":"Acheter du Diazepam-ratiopharm 5 mg en ligne | Gblexprimer","og_description":"Le Diazepam-ratiopharm contient du diaz\u00e9pam, une benzodiaz\u00e9pine qui aide \u00e0 soulager l'anxi\u00e9t\u00e9, les spasmes musculaires et les troubles convulsifs en apaisant le syst\u00e8me nerveux central.","og_url":"https:\/\/gblexprimer.com\/hu\/termek\/-19\/","og_site_name":"GBL Exprimer","article_modified_time":"2026-04-11T07:15:58+00:00","og_image":[{"width":600,"height":600,"url":"https:\/\/gblexprimer.com\/wp-content\/uploads\/2023\/12\/Diazepam-Ratiopharm-5-mg-Diazepam.jpg","type":"image\/jpeg"}],"twitter_card":"summary_large_image","twitter_misc":{"Becs\u00fclt olvas\u00e1si id\u0151":"3 perc"},"schema":{"@context":"https:\/\/schema.org","@graph":[{"@type":"WebPage","@id":"https:\/\/gblexprimer.com\/product\/diazepam-ratiopharm-5-mg-diazepam\/","url":"https:\/\/gblexprimer.com\/product\/diazepam-ratiopharm-5-mg-diazepam\/","name":"Acheter du Diazepam-ratiopharm 5 mg en ligne | Gblexprimer","isPartOf":{"@id":"https:\/\/gblexprimer.com\/#website"},"primaryImageOfPage":{"@id":"https:\/\/gblexprimer.com\/product\/diazepam-ratiopharm-5-mg-diazepam\/#primaryimage"},"image":{"@id":"https:\/\/gblexprimer.com\/product\/diazepam-ratiopharm-5-mg-diazepam\/#primaryimage"},"thumbnailUrl":"https:\/\/gblexprimer.com\/wp-content\/uploads\/2023\/12\/Diazepam-Ratiopharm-5-mg-Diazepam.jpg","datePublished":"2023-12-26T07:26:40+00:00","dateModified":"2026-04-11T07:15:58+00:00","description":"Le Diazepam-ratiopharm contient du diaz\u00e9pam, une benzodiaz\u00e9pine qui aide \u00e0 soulager l'anxi\u00e9t\u00e9, les spasmes musculaires et les troubles convulsifs en apaisant le syst\u00e8me nerveux central.","breadcrumb":{"@id":"https:\/\/gblexprimer.com\/product\/diazepam-ratiopharm-5-mg-diazepam\/#breadcrumb"},"inLanguage":"hu","potentialAction":[{"@type":"ReadAction","target":["https:\/\/gblexprimer.com\/product\/diazepam-ratiopharm-5-mg-diazepam\/"]}]},{"@type":"ImageObject","inLanguage":"hu","@id":"https:\/\/gblexprimer.com\/product\/diazepam-ratiopharm-5-mg-diazepam\/#primaryimage","url":"https:\/\/gblexprimer.com\/wp-content\/uploads\/2023\/12\/Diazepam-Ratiopharm-5-mg-Diazepam.jpg","contentUrl":"https:\/\/gblexprimer.com\/wp-content\/uploads\/2023\/12\/Diazepam-Ratiopharm-5-mg-Diazepam.jpg","width":600,"height":600,"caption":"Diaz\u00e9pam Ratiopharm 5 mg Diaz\u00e9pam"},{"@type":"BreadcrumbList","@id":"https:\/\/gblexprimer.com\/product\/diazepam-ratiopharm-5-mg-diazepam\/#breadcrumb","itemListElement":[{"@type":"ListItem","position":1,"name":"Home","item":"https:\/\/gblexprimer.com\/"},{"@type":"ListItem","position":2,"name":"Shop","item":"https:\/\/gblexprimer.com\/shop\/"},{"@type":"ListItem","position":3,"name":"Diaz\u00e9pam Ratiopharm 5 mg Diaz\u00e9pam"}]},{"@type":"WebSite","@id":"https:\/\/gblexprimer.com\/#website","url":"https:\/\/gblexprimer.com\/","name":"GBL Express","description":"","publisher":{"@id":"https:\/\/gblexprimer.com\/#organization"},"potentialAction":[{"@type":"SearchAction","target":{"@type":"EntryPoint","urlTemplate":"https:\/\/gblexprimer.com\/?s={search_term_string}"},"query-input":{"@type":"PropertyValueSpecification","valueRequired":true,"valueName":"search_term_string"}}],"inLanguage":"hu"},{"@type":"Organization","@id":"https:\/\/gblexprimer.com\/#organization","name":"GBL Express","url":"https:\/\/gblexprimer.com\/","logo":{"@type":"ImageObject","inLanguage":"hu","@id":"https:\/\/gblexprimer.com\/#\/schema\/logo\/image\/","url":"https:\/\/gblexprimer.com\/wp-content\/uploads\/2024\/01\/logo.png","contentUrl":"https:\/\/gblexprimer.com\/wp-content\/uploads\/2024\/01\/logo.png","width":220,"height":80,"caption":"GBL Exprimer"},"image":{"@id":"https:\/\/gblexprimer.com\/#\/schema\/logo\/image\/"}}]}},"_links":{"self":[{"href":"https:\/\/gblexprimer.com\/hu\/wp-json\/wp\/v2\/product\/35","targetHints":{"allow":["GET"]}}],"collection":[{"href":"https:\/\/gblexprimer.com\/hu\/wp-json\/wp\/v2\/product"}],"about":[{"href":"https:\/\/gblexprimer.com\/hu\/wp-json\/wp\/v2\/types\/product"}],"replies":[{"embeddable":true,"href":"https:\/\/gblexprimer.com\/hu\/wp-json\/wp\/v2\/comments?post=35"}],"wp:featuredmedia":[{"embeddable":true,"href":"https:\/\/gblexprimer.com\/hu\/wp-json\/wp\/v2\/media\/101"}],"wp:attachment":[{"href":"https:\/\/gblexprimer.com\/hu\/wp-json\/wp\/v2\/media?parent=35"}],"wp:term":[{"taxonomy":"product_brand","embeddable":true,"href":"https:\/\/gblexprimer.com\/hu\/wp-json\/wp\/v2\/product_brand?post=35"},{"taxonomy":"product_cat","embeddable":true,"href":"https:\/\/gblexprimer.com\/hu\/wp-json\/wp\/v2\/product_cat?post=35"},{"taxonomy":"product_tag","embeddable":true,"href":"https:\/\/gblexprimer.com\/hu\/wp-json\/wp\/v2\/product_tag?post=35"}],"curies":[{"name":"wp","href":"https:\/\/api.w.org\/{rel}","templated":true}]}}