{"id":5035,"date":"2024-11-26T06:06:29","date_gmt":"2024-11-26T06:06:29","guid":{"rendered":"https:\/\/gblexprimer.com\/?post_type=product&#038;p=5035"},"modified":"2026-04-13T04:20:36","modified_gmt":"2026-04-13T04:20:36","slug":"vasarolni-mefedron","status":"publish","type":"product","link":"https:\/\/gblexprimer.com\/hu\/termek\/vasarolni-mefedron\/","title":{"rendered":"Mefedron"},"content":{"rendered":"<h3><strong>V\u00e1s\u00e1rl\u00e1s mefedron (MefeDron) online GBlexprimer<\/strong><\/h3>\n<p class=\"ds-markdown-paragraph\">Garant\u00e1ljuk, hogy minden term\u00e9k\u00fcnk, bele\u00e9rtve a <strong>4-MMC<\/strong> \u00e9s a <strong>3-MMC<\/strong>, a k\u00f6vetkez\u0151kre vonatkoznak <strong>szigor\u00fa tesztek<\/strong> min\u0151s\u00e9g \u00e9s tisztas\u00e1g.<\/p>\n<p class=\"ds-markdown-paragraph\"><strong>Biztons\u00e1gos \u00e9s biztons\u00e1gos tranzakci\u00f3k :<\/strong> Tiszteletben tartjuk az \u00d6n <strong>adatv\u00e9delem<\/strong>. Ez\u00e9rt aj\u00e1nlunk \u00d6nnek egy <strong>diszkr\u00e9t felad\u00e1s<\/strong> \u00e9s <strong>biztons\u00e1gos fizet\u00e9si lehet\u0151s\u00e9gek<\/strong>, ami a v\u00e1s\u00e1rl\u00e1si \u00e9lm\u00e9nyt <strong>folyad\u00e9k<\/strong>.<\/p>\n<p class=\"ds-markdown-paragraph\"><strong>Gyors sz\u00e1ll\u00edt\u00e1s vil\u00e1gszerte:<\/strong> Ak\u00e1r a <strong>4-MMC online v\u00e1s\u00e1rl\u00e1s<\/strong> vagy m\u00e1s <strong>szintetikus katinonok<\/strong>, biztos\u00edtjuk <strong>gyors, megb\u00edzhat\u00f3 sz\u00e1ll\u00edt\u00e1s<\/strong> annak biztos\u00edt\u00e1sa \u00e9rdek\u00e9ben, hogy a megrendel\u00e9s meg\u00e9rkezzen \u00d6nh\u00f6z <strong>teljes biztons\u00e1g<\/strong> \u00e9s <strong>hat\u00e1rid\u0151re<\/strong>.<\/p>\n<p><strong>La <a href=\"https:\/\/gblexprimer.com\/hu\/termek\/vasarolni-mefedron\/\">mefedron<\/a><\/strong>m\u00e1s n\u00e9ven <strong>MefeDron<\/strong> vagy <strong>4-MMC<\/strong>, egy szintetikus katinon, amely stimul\u00e1ns \u00e9s euf\u00f3rikus hat\u00e1sa miatt n\u00e9pszer\u0171. Sz\u00e9les k\u00f6rben keresett mind rekre\u00e1ci\u00f3s, mind tudom\u00e1nyos c\u00e9lokra. A GBlexprimer-n\u00e9l a k\u00f6vetkez\u0151ket k\u00edn\u00e1ljuk <strong>kiv\u00e1l\u00f3 min\u0151s\u00e9g\u0171 mefedron<\/strong>, A M\u00e9ph\u00e9drone szigor\u00faan tesztelt term\u00e9k, gyors \u00e9s diszkr\u00e9t sz\u00e1ll\u00edt\u00e1si lehet\u0151s\u00e9ggel. V\u00e1s\u00e1rolja meg a M\u00e9ph\u00e9drone-t. <a href=\"https:\/\/gblexprimer.com\/hu\/\"><strong>GBlexpress<\/strong><\/a><\/p>\n<h3><strong>Mi\u00e9rt v\u00e1lassza a GBlexprimer-t a mefedron v\u00e1s\u00e1rl\u00e1s\u00e1hoz?<\/strong><\/h3>\n<h4><strong>1. Kiv\u00e1l\u00f3 min\u0151s\u00e9g\u0171 mefedron<\/strong><\/h4>\n<p>A <strong>mefedron<\/strong> a biztons\u00e1gos \u00e9s megb\u00edzhat\u00f3 haszn\u00e1latra vonatkoz\u00f3 legszigor\u00fabb el\u0151\u00edr\u00e1soknak megfelel\u0151en tesztelik, hogy garant\u00e1lj\u00e1k tisztas\u00e1g\u00e1t \u00e9s hat\u00e9konys\u00e1g\u00e1t.<\/p>\n<h4><strong>2. Megb\u00edzhat\u00f3 mefedron-besz\u00e1ll\u00edt\u00f3k<\/strong><\/h4>\n<p>T\u00f6bb \u00e9ves tapasztalattal a GBlexprimer a tiszta mefedron megb\u00edzhat\u00f3 sz\u00e1ll\u00edt\u00f3jak\u00e9nt ismert, krist\u00e1lyok, por vagy por form\u00e1j\u00e1ban.<\/p>\n<h4><strong>3. Biztons\u00e1gos tranzakci\u00f3k \u00e9s diszkr\u00e9t csomagol\u00e1s<\/strong><\/h4>\n<p>Biztons\u00e1gos v\u00e1s\u00e1rl\u00e1si folyamatot k\u00edn\u00e1lunk, v\u00e9dett fizet\u00e9ssel \u00e9s diszkr\u00e9t csomagol\u00e1ssal, hogy megv\u00e9dj\u00fck \u00fcgyfeleink titoktart\u00e1s\u00e1t.<\/p>\n<h4><strong>4. Gyors, megb\u00edzhat\u00f3 sz\u00e1ll\u00edt\u00e1s<\/strong><\/h4>\n<p>Garant\u00e1ljuk <strong>gyors sz\u00e1ll\u00edt\u00e1s<\/strong> az \u00d6n <strong>mefedron<\/strong>, Ak\u00e1r kis, ak\u00e1r nagy mennyis\u00e9get rendel.<\/p>\n<h4><strong>5. Versenyd\u00edjak<\/strong><\/h4>\n<p>Haszn\u00e1lja ki a <strong>a legjobb \u00e1rak a mefedronon<\/strong>egy\u00e9ni ig\u00e9nyekre szabott vagy t\u00f6meges megrendel\u00e9sekre szabott lehet\u0151s\u00e9gekkel.<\/p>\n<h3><strong>A M\u00e9ph\u00e9drone (MefeDron) alkalmaz\u00e1sai \u00e9s felhaszn\u00e1l\u00e1sa<\/strong><\/h3>\n<h4><strong>Szabadid\u0151s c\u00e9l\u00fa felhaszn\u00e1l\u00e1s<\/strong><\/h4>\n<p>La <strong>mefedron<\/strong> Energetiz\u00e1l\u00f3, szoci\u00e1lis \u00e9s stimul\u00e1l\u00f3 hat\u00e1sa miatt nagyra \u00e9rt\u00e9kelik, \u00e9s gyakran haszn\u00e1lj\u00e1k buli k\u00f6rnyezetben, p\u00e9ld\u00e1ul klubokban \u00e9s fesztiv\u00e1lokon.<\/p>\n<h4><strong>Tudom\u00e1nyos kutat\u00e1s<\/strong><\/h4>\n<p>Kutat\u00e1si c\u00e9lokra, <a href=\"https:\/\/gblexprimer.com\/hu\/termek\/methamphetamine\/\"><strong>mefedron<\/strong><\/a> a neurotranszmitterekkel, p\u00e9ld\u00e1ul a dopaminnal \u00e9s a szerotoninnal val\u00f3 k\u00f6lcs\u00f6nhat\u00e1sait vizsg\u00e1lj\u00e1k, hozz\u00e1j\u00e1rulva a neurok\u00e9miai mechanizmusok jobb meg\u00e9rt\u00e9s\u00e9hez.<\/p>\n<h4><strong>El\u00e9rhet\u0151 form\u00e1k<\/strong><\/h4>\n<p>A GBlexprimer, akkor lehet v\u00e1s\u00e1rolni <strong>mefedron krist\u00e1lyok, porok vagy tablett\u00e1k form\u00e1j\u00e1ban<\/strong>az \u00d6n egyedi ig\u00e9nyeihez igaz\u00edtva.<\/p>\n<h3><strong>V\u00e1s\u00e1roljon mefedron online ma<\/strong><\/h3>\n<p>A GBlexprimer az \u00d6n megb\u00edzhat\u00f3 partnere a v\u00e1s\u00e1rl\u00e1shoz <a href=\"https:\/\/en.wikipedia.org\/wiki\/Mephedrone\"><strong>mefedron (MefeDron)<\/strong><\/a> online. A <strong>tiszta mefedron<\/strong> el\u00e9rhet\u0151 a <strong>versenyk\u00e9pes \u00e1rak<\/strong>, gyors sz\u00e1ll\u00edt\u00e1ssal \u00e9s biztons\u00e1gos fizet\u00e9ssel. Rendeljen m\u00e9g ma, \u00e9s fedezze fel, hogy mi\u00e9rt mi vagyunk az el\u0151nyben r\u00e9szes\u00edtett v\u00e1laszt\u00e1s a v\u00e1s\u00e1rl\u00f3k sz\u00e1m\u00e1ra a k\u00f6vetkez\u0151 term\u00e9kek eset\u00e9ben <strong>mefedron<\/strong> a vil\u00e1g minden t\u00e1j\u00e1n. <a href=\"https:\/\/gblexprimer.com\/hu\/termek\/vasarolni-mefedron\/\">Trouvez vos favoris<\/a><\/p>","protected":false},"excerpt":{"rendered":"<h2 class=\"title\">V\u00e1s\u00e1rl\u00e1s mefedron (4-MMC) online<\/h2>\n<p><strong>Mefedron<\/strong>vagy <strong>4-MMC<\/strong> (<strong>4-Metilmetilkatinon<\/strong>), egy n\u00e9pszer\u0171 szintetikus serkent\u0151szer a <strong>katinonok<\/strong>. Ismert a hat\u00e1sair\u00f3l <strong>dopamin<\/strong> \u00e9s a <strong>szerotonin<\/strong>Sz\u00e9les k\u00f6rben haszn\u00e1lj\u00e1k a k\u00f6vetkez\u0151 t\u00e9m\u00e1kban v\u00e9gzett kutat\u00e1sokban <strong>szintetikus stimul\u00e1nsok<\/strong> \u00e9s azok neurol\u00f3giai hat\u00e1sa.<\/p>\n<h3><strong>Hogyan m\u0171k\u00f6dik a M\u00e9ph\u00e9drone?<\/strong><\/h3>\n<p>La <strong>mefedron<\/strong> \u00fagy hat, hogy n\u00f6veli a <strong>neurotranszmitterek felszabadul\u00e1sa<\/strong> (dopamin, szerotonin), mik\u00f6zben blokkolja azok visszav\u00e9tel\u00e9t, ami megn\u00f6vekedett energi\u00e1t, euf\u00f3ri\u00e1t \u00e9s kognit\u00edv kapacit\u00e1st eredm\u00e9nyez.<\/p>\n<ul>\n<li><strong>A hat\u00e1sok kezdete :<\/strong> 15-45 perc.<\/li>\n<li><strong>Id\u0151tartam:<\/strong> 3-5 \u00f3ra.<\/li>\n<\/ul>\n<h3><strong>K\u00e9plet \u00e9s adatok<\/strong><\/h3>\n<ul>\n<li><strong>K\u00e9miai n\u00e9v :<\/strong> 4-Metilmetilkatinon<\/li>\n<li><strong>Molekula k\u00e9plet :<\/strong> C11H15NO<\/li>\n<li><strong>Molekulat\u00f6meg :<\/strong> 177,24 g\/mol<\/li>\n<\/ul>\n<h3><strong>F\u0151bb alkalmaz\u00e1sok<\/strong><\/h3>\n<ul>\n<li><strong>Idegtudom\u00e1nyi kutat\u00e1s :<\/strong> A dopaminnal \u00e9s a szerotoninnal kapcsolatos vizsg\u00e1latok.<\/li>\n<li><strong>Farmakol\u00f3gia :<\/strong> A stimul\u00e1nsok fejleszt\u00e9se \u00e9s elemz\u00e9se.<\/li>\n<li><strong>Viselked\u00e9s:<\/strong> Az energi\u00e1ra \u00e9s a t\u00e1rsadalmi interakci\u00f3ra gyakorolt hat\u00e1s.<\/li>\n<\/ul>","protected":false},"featured_media":5284,"comment_status":"open","ping_status":"closed","template":"","meta":{"site-sidebar-layout":"default","site-content-layout":"","ast-site-content-layout":"default","site-content-style":"default","site-sidebar-style":"default","ast-global-header-display":"","ast-banner-title-visibility":"","ast-main-header-display":"","ast-hfb-above-header-display":"","ast-hfb-below-header-display":"","ast-hfb-mobile-header-display":"","site-post-title":"","ast-breadcrumbs-content":"","ast-featured-img":"","footer-sml-layout":"","theme-transparent-header-meta":"default","adv-header-id-meta":"","stick-header-meta":"","header-above-stick-meta":"","header-main-stick-meta":"","header-below-stick-meta":"","astra-migrate-meta-layouts":"set","ast-page-background-enabled":"default","ast-page-background-meta":{"desktop":{"background-color":"","background-image":"","background-repeat":"repeat","background-position":"center center","background-size":"auto","background-attachment":"scroll","background-type":"","background-media":"","overlay-type":"","overlay-color":"","overlay-opacity":"","overlay-gradient":""},"tablet":{"background-color":"","background-image":"","background-repeat":"repeat","background-position":"center center","background-size":"auto","background-attachment":"scroll","background-type":"","background-media":"","overlay-type":"","overlay-color":"","overlay-opacity":"","overlay-gradient":""},"mobile":{"background-color":"","background-image":"","background-repeat":"repeat","background-position":"center center","background-size":"auto","background-attachment":"scroll","background-type":"","background-media":"","overlay-type":"","overlay-color":"","overlay-opacity":"","overlay-gradient":""}},"ast-content-background-meta":{"desktop":{"background-color":"var(--ast-global-color-5)","background-image":"","background-repeat":"repeat","background-position":"center center","background-size":"auto","background-attachment":"scroll","background-type":"","background-media":"","overlay-type":"","overlay-color":"","overlay-opacity":"","overlay-gradient":""},"tablet":{"background-color":"var(--ast-global-color-5)","background-image":"","background-repeat":"repeat","background-position":"center center","background-size":"auto","background-attachment":"scroll","background-type":"","background-media":"","overlay-type":"","overlay-color":"","overlay-opacity":"","overlay-gradient":""},"mobile":{"background-color":"var(--ast-global-color-5)","background-image":"","background-repeat":"repeat","background-position":"center center","background-size":"auto","background-attachment":"scroll","background-type":"","background-media":"","overlay-type":"","overlay-color":"","overlay-opacity":"","overlay-gradient":""}},"_joinchat":[]},"product_brand":[],"product_cat":[141],"product_tag":[298,295,304,302,315,297,296,312,299,313,307,311,300,305,310,301,306,309,308,303,314],"class_list":{"0":"post-5035","1":"product","2":"type-product","3":"status-publish","4":"has-post-thumbnail","6":"product_cat-sex-meth","7":"product_tag-4-mmc-pure","8":"product_tag-achetez-mephedrone","9":"product_tag-commandez-mephedrone-en-ligne","10":"product_tag-fournisseur-fiable-de-mephedrone","11":"product_tag-fournisseurs-de-mephedrone-fiables","12":"product_tag-mefedron-a-vendre","13":"product_tag-mephedrone-a-vendre","14":"product_tag-mephedrone-authentique","15":"product_tag-mephedrone-de-haute-qualite","16":"product_tag-mephedrone-disponible-immediatement","17":"product_tag-mephedrone-en-cristaux","18":"product_tag-mephedrone-livraison-discrete","19":"product_tag-mephedrone-livraison-rapide","20":"product_tag-mephedrone-pour-recherche","21":"product_tag-mephedrone-pour-soirees","22":"product_tag-mephedrone-pure-en-ligne","23":"product_tag-mephedrone-recreative","24":"product_tag-ou-acheter-mephedrone","25":"product_tag-poudre-de-mephedrone","26":"product_tag-prix-de-la-mephedrone","27":"product_tag-produits-premium-mephedrone","28":"desktop-align-left","29":"tablet-align-left","30":"mobile-align-left","32":"first","33":"instock","34":"shipping-taxable","35":"purchasable","36":"product-type-variable"},"yoast_head":"<!-- This site is optimized with the Yoast SEO plugin v26.9 - https:\/\/yoast.com\/product\/yoast-seo-wordpress\/ -->\n<title>Achetez de la M\u00e9ph\u00e9drone (MefeDron) en Ligne | GBlexprimer<\/title>\n<meta name=\"description\" content=\"Achetez de la m\u00e9ph\u00e9drone pure (MefeDron) en ligne sur GBlexprimer. Disponible en pilules, cristaux, poudres. Livraison rapide et paiement s\u00e9curis\u00e9. Commandez maintenant !\" \/>\n<meta name=\"robots\" content=\"index, follow, max-snippet:-1, max-image-preview:large, max-video-preview:-1\" \/>\n<link rel=\"canonical\" href=\"https:\/\/gblexprimer.com\/hu\/termek\/vasarolni-mefedron\/\" \/>\n<meta property=\"og:locale\" content=\"hu_HU\" \/>\n<meta property=\"og:type\" content=\"article\" \/>\n<meta property=\"og:title\" content=\"Achetez de la M\u00e9ph\u00e9drone (MefeDron) en Ligne | GBlexprimer\" \/>\n<meta property=\"og:description\" content=\"Achetez de la m\u00e9ph\u00e9drone pure (MefeDron) en ligne sur GBlexprimer. Disponible en pilules, cristaux, poudres. Livraison rapide et paiement s\u00e9curis\u00e9. Commandez maintenant !\" \/>\n<meta property=\"og:url\" content=\"https:\/\/gblexprimer.com\/hu\/termek\/vasarolni-mefedron\/\" \/>\n<meta property=\"og:site_name\" content=\"GBL Exprimer\" \/>\n<meta property=\"article:modified_time\" content=\"2026-04-13T04:20:36+00:00\" \/>\n<meta property=\"og:image\" content=\"https:\/\/gblexprimer.com\/wp-content\/uploads\/2024\/11\/Mephedrone.jpg\" \/>\n\t<meta property=\"og:image:width\" content=\"600\" \/>\n\t<meta property=\"og:image:height\" content=\"600\" \/>\n\t<meta property=\"og:image:type\" content=\"image\/jpeg\" \/>\n<meta name=\"twitter:card\" content=\"summary_large_image\" \/>\n<meta name=\"twitter:label1\" content=\"Becs\u00fclt olvas\u00e1si id\u0151\" \/>\n\t<meta name=\"twitter:data1\" content=\"3 perc\" \/>\n<script type=\"application\/ld+json\" class=\"yoast-schema-graph\">{\"@context\":\"https:\/\/schema.org\",\"@graph\":[{\"@type\":\"WebPage\",\"@id\":\"https:\/\/gblexprimer.com\/product\/achetez-mephedrone\/\",\"url\":\"https:\/\/gblexprimer.com\/product\/achetez-mephedrone\/\",\"name\":\"Achetez de la M\u00e9ph\u00e9drone (MefeDron) en Ligne | GBlexprimer\",\"isPartOf\":{\"@id\":\"https:\/\/gblexprimer.com\/#website\"},\"primaryImageOfPage\":{\"@id\":\"https:\/\/gblexprimer.com\/product\/achetez-mephedrone\/#primaryimage\"},\"image\":{\"@id\":\"https:\/\/gblexprimer.com\/product\/achetez-mephedrone\/#primaryimage\"},\"thumbnailUrl\":\"https:\/\/gblexprimer.com\/wp-content\/uploads\/2024\/11\/Mephedrone.jpg\",\"datePublished\":\"2024-11-26T06:06:29+00:00\",\"dateModified\":\"2026-04-13T04:20:36+00:00\",\"description\":\"Achetez de la m\u00e9ph\u00e9drone pure (MefeDron) en ligne sur GBlexprimer. Disponible en pilules, cristaux, poudres. Livraison rapide et paiement s\u00e9curis\u00e9. Commandez maintenant !\",\"breadcrumb\":{\"@id\":\"https:\/\/gblexprimer.com\/product\/achetez-mephedrone\/#breadcrumb\"},\"inLanguage\":\"hu\",\"potentialAction\":[{\"@type\":\"ReadAction\",\"target\":[\"https:\/\/gblexprimer.com\/product\/achetez-mephedrone\/\"]}]},{\"@type\":\"ImageObject\",\"inLanguage\":\"hu\",\"@id\":\"https:\/\/gblexprimer.com\/product\/achetez-mephedrone\/#primaryimage\",\"url\":\"https:\/\/gblexprimer.com\/wp-content\/uploads\/2024\/11\/Mephedrone.jpg\",\"contentUrl\":\"https:\/\/gblexprimer.com\/wp-content\/uploads\/2024\/11\/Mephedrone.jpg\",\"width\":600,\"height\":600,\"caption\":\"M\u00e9ph\u00e9drone\"},{\"@type\":\"BreadcrumbList\",\"@id\":\"https:\/\/gblexprimer.com\/product\/achetez-mephedrone\/#breadcrumb\",\"itemListElement\":[{\"@type\":\"ListItem\",\"position\":1,\"name\":\"Home\",\"item\":\"https:\/\/gblexprimer.com\/\"},{\"@type\":\"ListItem\",\"position\":2,\"name\":\"Shop\",\"item\":\"https:\/\/gblexprimer.com\/shop\/\"},{\"@type\":\"ListItem\",\"position\":3,\"name\":\"M\u00e9ph\u00e9drone\"}]},{\"@type\":\"WebSite\",\"@id\":\"https:\/\/gblexprimer.com\/#website\",\"url\":\"https:\/\/gblexprimer.com\/\",\"name\":\"GBL Exprimer\",\"description\":\"\",\"publisher\":{\"@id\":\"https:\/\/gblexprimer.com\/#organization\"},\"potentialAction\":[{\"@type\":\"SearchAction\",\"target\":{\"@type\":\"EntryPoint\",\"urlTemplate\":\"https:\/\/gblexprimer.com\/?s={search_term_string}\"},\"query-input\":{\"@type\":\"PropertyValueSpecification\",\"valueRequired\":true,\"valueName\":\"search_term_string\"}}],\"inLanguage\":\"hu\"},{\"@type\":\"Organization\",\"@id\":\"https:\/\/gblexprimer.com\/#organization\",\"name\":\"GBL Exprimer\",\"url\":\"https:\/\/gblexprimer.com\/\",\"logo\":{\"@type\":\"ImageObject\",\"inLanguage\":\"hu\",\"@id\":\"https:\/\/gblexprimer.com\/#\/schema\/logo\/image\/\",\"url\":\"https:\/\/gblexprimer.com\/wp-content\/uploads\/2024\/01\/logo.png\",\"contentUrl\":\"https:\/\/gblexprimer.com\/wp-content\/uploads\/2024\/01\/logo.png\",\"width\":220,\"height\":80,\"caption\":\"GBL Exprimer\"},\"image\":{\"@id\":\"https:\/\/gblexprimer.com\/#\/schema\/logo\/image\/\"}}]}<\/script>\n<!-- \/ Yoast SEO plugin. -->","yoast_head_json":{"title":"V\u00e1s\u00e1rl\u00e1s mefedron (MefeDron) online | GBlexprimer","description":"V\u00e1s\u00e1roljon tiszta mefedron (MefeDron) online GBlexprimer. Kaphat\u00f3 tablett\u00e1k, krist\u00e1lyok \u00e9s porok form\u00e1j\u00e1ban. Gyors sz\u00e1ll\u00edt\u00e1s \u00e9s biztons\u00e1gos fizet\u00e9s. Rendeljen most !","robots":{"index":"index","follow":"follow","max-snippet":"max-snippet:-1","max-image-preview":"max-image-preview:large","max-video-preview":"max-video-preview:-1"},"canonical":"https:\/\/gblexprimer.com\/hu\/termek\/vasarolni-mefedron\/","og_locale":"hu_HU","og_type":"article","og_title":"Achetez de la M\u00e9ph\u00e9drone (MefeDron) en Ligne | GBlexprimer","og_description":"Achetez de la m\u00e9ph\u00e9drone pure (MefeDron) en ligne sur GBlexprimer. Disponible en pilules, cristaux, poudres. Livraison rapide et paiement s\u00e9curis\u00e9. Commandez maintenant !","og_url":"https:\/\/gblexprimer.com\/hu\/termek\/vasarolni-mefedron\/","og_site_name":"GBL Exprimer","article_modified_time":"2026-04-13T04:20:36+00:00","og_image":[{"width":600,"height":600,"url":"https:\/\/gblexprimer.com\/wp-content\/uploads\/2024\/11\/Mephedrone.jpg","type":"image\/jpeg"}],"twitter_card":"summary_large_image","twitter_misc":{"Becs\u00fclt olvas\u00e1si id\u0151":"3 perc"},"schema":{"@context":"https:\/\/schema.org","@graph":[{"@type":"WebPage","@id":"https:\/\/gblexprimer.com\/product\/achetez-mephedrone\/","url":"https:\/\/gblexprimer.com\/product\/achetez-mephedrone\/","name":"V\u00e1s\u00e1rl\u00e1s mefedron (MefeDron) online | GBlexprimer","isPartOf":{"@id":"https:\/\/gblexprimer.com\/#website"},"primaryImageOfPage":{"@id":"https:\/\/gblexprimer.com\/product\/achetez-mephedrone\/#primaryimage"},"image":{"@id":"https:\/\/gblexprimer.com\/product\/achetez-mephedrone\/#primaryimage"},"thumbnailUrl":"https:\/\/gblexprimer.com\/wp-content\/uploads\/2024\/11\/Mephedrone.jpg","datePublished":"2024-11-26T06:06:29+00:00","dateModified":"2026-04-13T04:20:36+00:00","description":"V\u00e1s\u00e1roljon tiszta mefedron (MefeDron) online GBlexprimer. Kaphat\u00f3 tablett\u00e1k, krist\u00e1lyok \u00e9s porok form\u00e1j\u00e1ban. Gyors sz\u00e1ll\u00edt\u00e1s \u00e9s biztons\u00e1gos fizet\u00e9s. Rendeljen most !","breadcrumb":{"@id":"https:\/\/gblexprimer.com\/product\/achetez-mephedrone\/#breadcrumb"},"inLanguage":"hu","potentialAction":[{"@type":"ReadAction","target":["https:\/\/gblexprimer.com\/product\/achetez-mephedrone\/"]}]},{"@type":"ImageObject","inLanguage":"hu","@id":"https:\/\/gblexprimer.com\/product\/achetez-mephedrone\/#primaryimage","url":"https:\/\/gblexprimer.com\/wp-content\/uploads\/2024\/11\/Mephedrone.jpg","contentUrl":"https:\/\/gblexprimer.com\/wp-content\/uploads\/2024\/11\/Mephedrone.jpg","width":600,"height":600,"caption":"M\u00e9ph\u00e9drone"},{"@type":"BreadcrumbList","@id":"https:\/\/gblexprimer.com\/product\/achetez-mephedrone\/#breadcrumb","itemListElement":[{"@type":"ListItem","position":1,"name":"Home","item":"https:\/\/gblexprimer.com\/"},{"@type":"ListItem","position":2,"name":"Shop","item":"https:\/\/gblexprimer.com\/shop\/"},{"@type":"ListItem","position":3,"name":"M\u00e9ph\u00e9drone"}]},{"@type":"WebSite","@id":"https:\/\/gblexprimer.com\/#website","url":"https:\/\/gblexprimer.com\/","name":"GBL Express","description":"","publisher":{"@id":"https:\/\/gblexprimer.com\/#organization"},"potentialAction":[{"@type":"SearchAction","target":{"@type":"EntryPoint","urlTemplate":"https:\/\/gblexprimer.com\/?s={search_term_string}"},"query-input":{"@type":"PropertyValueSpecification","valueRequired":true,"valueName":"search_term_string"}}],"inLanguage":"hu"},{"@type":"Organization","@id":"https:\/\/gblexprimer.com\/#organization","name":"GBL Express","url":"https:\/\/gblexprimer.com\/","logo":{"@type":"ImageObject","inLanguage":"hu","@id":"https:\/\/gblexprimer.com\/#\/schema\/logo\/image\/","url":"https:\/\/gblexprimer.com\/wp-content\/uploads\/2024\/01\/logo.png","contentUrl":"https:\/\/gblexprimer.com\/wp-content\/uploads\/2024\/01\/logo.png","width":220,"height":80,"caption":"GBL Exprimer"},"image":{"@id":"https:\/\/gblexprimer.com\/#\/schema\/logo\/image\/"}}]}},"_links":{"self":[{"href":"https:\/\/gblexprimer.com\/hu\/wp-json\/wp\/v2\/product\/5035","targetHints":{"allow":["GET"]}}],"collection":[{"href":"https:\/\/gblexprimer.com\/hu\/wp-json\/wp\/v2\/product"}],"about":[{"href":"https:\/\/gblexprimer.com\/hu\/wp-json\/wp\/v2\/types\/product"}],"replies":[{"embeddable":true,"href":"https:\/\/gblexprimer.com\/hu\/wp-json\/wp\/v2\/comments?post=5035"}],"wp:featuredmedia":[{"embeddable":true,"href":"https:\/\/gblexprimer.com\/hu\/wp-json\/wp\/v2\/media\/5284"}],"wp:attachment":[{"href":"https:\/\/gblexprimer.com\/hu\/wp-json\/wp\/v2\/media?parent=5035"}],"wp:term":[{"taxonomy":"product_brand","embeddable":true,"href":"https:\/\/gblexprimer.com\/hu\/wp-json\/wp\/v2\/product_brand?post=5035"},{"taxonomy":"product_cat","embeddable":true,"href":"https:\/\/gblexprimer.com\/hu\/wp-json\/wp\/v2\/product_cat?post=5035"},{"taxonomy":"product_tag","embeddable":true,"href":"https:\/\/gblexprimer.com\/hu\/wp-json\/wp\/v2\/product_tag?post=5035"}],"curies":[{"name":"wp","href":"https:\/\/api.w.org\/{rel}","templated":true}]}}