{"id":5036,"date":"2024-11-26T06:06:34","date_gmt":"2024-11-26T06:06:34","guid":{"rendered":"https:\/\/gblexprimer.com\/?post_type=product&#038;p=5036"},"modified":"2026-04-13T04:20:56","modified_gmt":"2026-04-13T04:20:56","slug":"methamphetamine","status":"publish","type":"product","link":"https:\/\/gblexprimer.com\/hu\/termek\/methamphetamine\/","title":{"rendered":"Metamfetamin"},"content":{"rendered":"<h3><strong>V\u00e1s\u00e1rl\u00e1s metamfetamin (Metamfetamina) Online a GBlexprimer<\/strong><\/h3>\n<p><strong>La <a href=\"https:\/\/gblexprimer.com\/hu\/termek\/methamphetamine\/\">metamfetamin<\/a><\/strong>m\u00e1s n\u00e9ven <strong>Metamfetamina<\/strong>a k\u00f6zponti idegrendszer er\u0151s stimul\u00e1nsa. Energetiz\u00e1l\u00f3 \u00e9s euforikus hat\u00e1sair\u00f3l h\u00edres, \u00e9s mind szabadid\u0151s c\u00e9lokra, mind tudom\u00e1nyos tanulm\u00e1nyokhoz haszn\u00e1lj\u00e1k. A  oldalon. <a href=\"https:\/\/gblexprimer.com\/hu\/\"><strong>GBlexpress<\/strong><\/a>javasoljuk <strong>kiv\u00e1l\u00f3 min\u0151s\u00e9g\u0171 metamfetamin<\/strong>biztons\u00e1gos fizet\u00e9si lehet\u0151s\u00e9gekkel, diszkr\u00e9t csomagol\u00e1ssal \u00e9s gyors sz\u00e1ll\u00edt\u00e1ssal <strong>V\u00e1s\u00e1rolj metamfetamint<\/strong><a href=\"https:\/\/gblexpress.com\/shop\/kaufen-alprazolam-pulver-100g-online\/\">.<\/a><\/p>\n<h3><strong>A metamfetamin (metamfetamina) alkalmaz\u00e1sai \u00e9s felhaszn\u00e1l\u00e1sai<\/strong><\/h3>\n<h4><strong>Szabadid\u0151s c\u00e9l\u00fa felhaszn\u00e1l\u00e1s<\/strong><\/h4>\n<p>La <strong>metamfetamin<\/strong> nagyra \u00e9rt\u00e9kelik \u00e9l\u00e9nk\u00edt\u0151 hat\u00e1sa miatt, amely jav\u00edtja az \u00e9bers\u00e9get, az energi\u00e1t \u00e9s a koncentr\u00e1ci\u00f3t, amit gyakran keresnek \u00fcnnepi vagy intenz\u00edv k\u00f6rnyezetben.<\/p>\n<h4><strong>Tudom\u00e1nyos kutat\u00e1s<\/strong><\/h4>\n<p>A laborat\u00f3riumokban, <strong>a <a href=\"https:\/\/en.wikipedia.org\/wiki\/Methamphetamine\">metamfetamin<\/a><\/strong> a neurotranszmitterekkel, p\u00e9ld\u00e1ul a dopaminnal val\u00f3 k\u00f6lcs\u00f6nhat\u00e1s\u00e1t, valamint az agy jutalmaz\u00e1si \u00e9s motiv\u00e1ci\u00f3s rendszer\u00e9re gyakorolt hat\u00e1s\u00e1t vizsg\u00e1lj\u00e1k.<\/p>\n<h4><strong>El\u00e9rhet\u0151 form\u00e1k<\/strong><\/h4>\n<p>L\u00e1togasson el a  oldalra. <strong>GBlexpress<\/strong>a <strong>metamfetamin<\/strong> az \u00d6n egyedi ig\u00e9nyeihez igazodva, k\u00fcl\u00f6nb\u00f6z\u0151 form\u00e1kban, t\u00f6bbek k\u00f6z\u00f6tt krist\u00e1lyokban, porokban \u00e9s tablett\u00e1kban kaphat\u00f3.<\/p>\n<h3><strong>Mi\u00e9rt \u00e9rdemes metamfetamint v\u00e1s\u00e1rolni a GBlexprimer-t\u0151l?<\/strong><\/h3>\n<h4><strong>1. Kiv\u00e1l\u00f3 min\u0151s\u00e9g\u0171 metamfetamin<\/strong><\/h4>\n<p>A <strong>metamfetamin<\/strong> szigor\u00faan tesztelik, hogy garant\u00e1lj\u00e1k tisztas\u00e1g\u00e1t \u00e9s hat\u00e9konys\u00e1g\u00e1t, \u00e9s megfeleljen a legmagasabb k\u00f6vetelm\u00e9nyeknek.<\/p>\n<h4><strong>2. Megb\u00edzhat\u00f3 metamfetamin besz\u00e1ll\u00edt\u00f3k<\/strong><\/h4>\n<p>Szil\u00e1rd h\u00edrn\u00e9vvel, <strong>GBlexpress<\/strong> elismert, megb\u00edzhat\u00f3 besz\u00e1ll\u00edt\u00f3ja a <strong>tiszta metamfetamin<\/strong>ide\u00e1lis kutat\u00e1si vagy egy\u00e9b ellen\u0151rz\u00f6tt alkalmaz\u00e1sokhoz.<\/p>\n<h4><strong>3. Biztons\u00e1gos tranzakci\u00f3k \u00e9s diszkr\u00e9t csomagol\u00e1s<\/strong><\/h4>\n<p>Garant\u00e1ljuk a biztons\u00e1gos fizet\u00e9st \u00e9s a teljes titoktart\u00e1st a diszkr\u00e9t csomagol\u00e1snak k\u00f6sz\u00f6nhet\u0151en, \u00edgy biztos\u00edtva a gondtalan v\u00e1s\u00e1rl\u00e1si \u00e9lm\u00e9nyt.<\/p>\n<h4><strong>4. Gyors, megb\u00edzhat\u00f3 sz\u00e1ll\u00edt\u00e1s<\/strong><\/h4>\n<p>A kipr\u00f3b\u00e1lt \u00e9s bev\u00e1lt logisztik\u00e1nknak k\u00f6sz\u00f6nhet\u0151en garant\u00e1lni tudjuk megrendel\u00e9s\u00e9nek gyors \u00e9s megb\u00edzhat\u00f3 kisz\u00e1ll\u00edt\u00e1s\u00e1t, f\u00fcggetlen\u00fcl a mennyis\u00e9gt\u0151l.<\/p>\n<h4><strong>5. Versenyd\u00edjak<\/strong><\/h4>\n<p>Haszn\u00e1lja ki a <a href=\"https:\/\/gblexprimer.com\/hu\/termek\/poppers\/\"><strong>a metamfetamin legjobb \u00e1rai<\/strong><\/a>egy\u00e9ni \u00e9s t\u00f6meges rendel\u00e9si lehet\u0151s\u00e9gekkel.<\/p>\n<h3><strong>V\u00e1s\u00e1rolj metamfetamint online ma<\/strong><\/h3>\n<p><strong>GBlexpress<\/strong> az \u00d6n megb\u00edzhat\u00f3 partnere a v\u00e1s\u00e1rl\u00e1shoz <strong>metamfetamin (Metamfetamina)<\/strong>. Kiv\u00e1l\u00f3 min\u0151s\u00e9g\u0171 term\u00e9keket k\u00edn\u00e1lunk gyors sz\u00e1ll\u00edt\u00e1ssal, biztons\u00e1gos fizet\u00e9ssel \u00e9s kiv\u00e1l\u00f3 \u00fcgyf\u00e9lszolg\u00e1lattal. <strong>Rendeljen most<\/strong> versenyk\u00e9pes \u00e1raink \u00e9s megb\u00edzhat\u00f3, bizalmas v\u00e1s\u00e1rl\u00e1si tapasztalatunk el\u0151nyeit \u00e9lvezheti. <a href=\"https:\/\/gblexprimer.com\/hu\/termek\/methamphetamine\/\"><strong>Faites vos achats d\u00e8s aujourd&rsquo;hui<\/strong><\/a><\/p>","protected":false},"excerpt":{"rendered":"<p class=\"ds-markdown-paragraph\"><strong>Metamfetamin online v\u00e1s\u00e1rl\u00e1sa<\/strong><br \/>\n<strong>Crystal meth online v\u00e1s\u00e1rl\u00e1s | Crystal meth en vente en ligne | Crystal meth<\/strong><br \/>\nA finom\u00edtott metamfetamint az amerikai korl\u00e1toz\u00e1sok miatt ma m\u00e1r Eur\u00f3p\u00e1b\u00f3l, Mexik\u00f3b\u00f3l \u00e9s Kanad\u00e1b\u00f3l szerzik be. Ez a kutat\u00e1si vegyszer <strong>nincsenek nemk\u00edv\u00e1natos mell\u00e9khat\u00e1sok<\/strong> az akci\u00f3 alatt \u00e9s ut\u00e1n. <strong>Doh\u00e1nyz\u00e1s<\/strong> ad <strong>er\u0151sebb hat\u00e1sok<\/strong>.<\/p>\n<p class=\"ds-markdown-paragraph\">A hat\u00f3s\u00e1gok minden er\u0151fesz\u00edt\u00e9se ellen\u00e9re a <strong>a legtiszt\u00e1bb metamfetamin<\/strong> el\u00e9rhet\u0151 - az \u00fagynevezett <strong>\u00abK\u00e9k cucc\u00bb<\/strong> - m\u00e1r online is megv\u00e1s\u00e1rolhat\u00f3. Ez a <strong>metamfetamin cukorka<\/strong> t\u00f6k\u00e9letes a Breaking Bad rajong\u00f3k sz\u00e1m\u00e1ra.<\/p>\n<h3><strong>Hogyan m\u0171k\u00f6dik a M\u00e9ph\u00e9drone?<\/strong><\/h3>\n<p>La <strong>mefedron<\/strong> \u00fagy hat, hogy n\u00f6veli a <strong>neurotranszmitterek felszabadul\u00e1sa<\/strong> (dopamin, szerotonin), mik\u00f6zben blokkolja azok visszav\u00e9tel\u00e9t, ami megn\u00f6vekedett energi\u00e1t, euf\u00f3ri\u00e1t \u00e9s kognit\u00edv kapacit\u00e1st eredm\u00e9nyez.<\/p>\n<ul>\n<li><strong>A hat\u00e1sok kezdete :<\/strong> 15-45 perc.<\/li>\n<li><strong>Id\u0151tartam:<\/strong> 3-5 \u00f3ra.<\/li>\n<\/ul>\n<h3><strong>K\u00e9plet \u00e9s adatok<\/strong><\/h3>\n<ul>\n<li><strong>K\u00e9miai n\u00e9v :<\/strong> 4-Metilmetilkatinon<\/li>\n<li><strong>Molekula k\u00e9plet :<\/strong> C11H15NO<\/li>\n<li><strong>Molekulat\u00f6meg :<\/strong> 177,24 g\/mol<\/li>\n<\/ul>","protected":false},"featured_media":5283,"comment_status":"open","ping_status":"closed","template":"","meta":{"site-sidebar-layout":"default","site-content-layout":"","ast-site-content-layout":"default","site-content-style":"default","site-sidebar-style":"default","ast-global-header-display":"","ast-banner-title-visibility":"","ast-main-header-display":"","ast-hfb-above-header-display":"","ast-hfb-below-header-display":"","ast-hfb-mobile-header-display":"","site-post-title":"","ast-breadcrumbs-content":"","ast-featured-img":"","footer-sml-layout":"","theme-transparent-header-meta":"default","adv-header-id-meta":"","stick-header-meta":"","header-above-stick-meta":"","header-main-stick-meta":"","header-below-stick-meta":"","astra-migrate-meta-layouts":"set","ast-page-background-enabled":"default","ast-page-background-meta":{"desktop":{"background-color":"","background-image":"","background-repeat":"repeat","background-position":"center center","background-size":"auto","background-attachment":"scroll","background-type":"","background-media":"","overlay-type":"","overlay-color":"","overlay-opacity":"","overlay-gradient":""},"tablet":{"background-color":"","background-image":"","background-repeat":"repeat","background-position":"center center","background-size":"auto","background-attachment":"scroll","background-type":"","background-media":"","overlay-type":"","overlay-color":"","overlay-opacity":"","overlay-gradient":""},"mobile":{"background-color":"","background-image":"","background-repeat":"repeat","background-position":"center center","background-size":"auto","background-attachment":"scroll","background-type":"","background-media":"","overlay-type":"","overlay-color":"","overlay-opacity":"","overlay-gradient":""}},"ast-content-background-meta":{"desktop":{"background-color":"var(--ast-global-color-5)","background-image":"","background-repeat":"repeat","background-position":"center center","background-size":"auto","background-attachment":"scroll","background-type":"","background-media":"","overlay-type":"","overlay-color":"","overlay-opacity":"","overlay-gradient":""},"tablet":{"background-color":"var(--ast-global-color-5)","background-image":"","background-repeat":"repeat","background-position":"center center","background-size":"auto","background-attachment":"scroll","background-type":"","background-media":"","overlay-type":"","overlay-color":"","overlay-opacity":"","overlay-gradient":""},"mobile":{"background-color":"var(--ast-global-color-5)","background-image":"","background-repeat":"repeat","background-position":"center center","background-size":"auto","background-attachment":"scroll","background-type":"","background-media":"","overlay-type":"","overlay-color":"","overlay-opacity":"","overlay-gradient":""}},"_joinchat":[]},"product_brand":[],"product_cat":[141],"product_tag":[316,320,334,324,318,317,330,319,323,321,322,331,325,327,326,328,332,329,333],"class_list":{"0":"post-5036","1":"product","2":"type-product","3":"status-publish","4":"has-post-thumbnail","6":"product_cat-sex-meth","7":"product_tag-achetez-methamphetamine","8":"product_tag-commandez-methamphetamine-en-ligne","9":"product_tag-fournisseurs-de-methamphetamine-fiables","10":"product_tag-fournisseurs-fiables-de-methamphetamine","11":"product_tag-metamfetamina-pure","12":"product_tag-methamphetamine-a-vendre","13":"product_tag-methamphetamine-authentique","14":"product_tag-methamphetamine-de-haute-qualite","15":"product_tag-methamphetamine-en-comprimes","16":"product_tag-methamphetamine-en-cristaux","17":"product_tag-methamphetamine-en-poudre","18":"product_tag-methamphetamine-livraison-discrete","19":"product_tag-methamphetamine-livraison-rapide","20":"product_tag-methamphetamine-pour-recherche","21":"product_tag-methamphetamine-pure-en-ligne","22":"product_tag-methamphetamine-recreative","23":"product_tag-ou-acheter-methamphetamine","24":"product_tag-prix-de-la-methamphetamine","25":"product_tag-produits-premium-methamphetamine","26":"desktop-align-left","27":"tablet-align-left","28":"mobile-align-left","30":"first","31":"instock","32":"shipping-taxable","33":"purchasable","34":"product-type-variable"},"yoast_head":"<!-- This site is optimized with the Yoast SEO plugin v26.9 - https:\/\/yoast.com\/product\/yoast-seo-wordpress\/ -->\n<title>Achetez de la M\u00e9thamph\u00e9tamine (Metamfetamina) | GBlexprimer<\/title>\n<meta name=\"description\" content=\"Achetez de la m\u00e9thamph\u00e9tamine pure (Metamfetamina) en ligne sur GBlexprimer. Disponible en cristaux, poudres, comprim\u00e9s. Livraison rapide et paiement s\u00e9curis\u00e9. Commandez d\u00e8s aujourd\u2019hui !\" \/>\n<meta name=\"robots\" content=\"index, follow, max-snippet:-1, max-image-preview:large, max-video-preview:-1\" \/>\n<link rel=\"canonical\" href=\"https:\/\/gblexprimer.com\/hu\/termek\/methamphetamine\/\" \/>\n<meta property=\"og:locale\" content=\"hu_HU\" \/>\n<meta property=\"og:type\" content=\"article\" \/>\n<meta property=\"og:title\" content=\"Achetez de la M\u00e9thamph\u00e9tamine (Metamfetamina) | GBlexprimer\" \/>\n<meta property=\"og:description\" content=\"Achetez de la m\u00e9thamph\u00e9tamine pure (Metamfetamina) en ligne sur GBlexprimer. Disponible en cristaux, poudres, comprim\u00e9s. Livraison rapide et paiement s\u00e9curis\u00e9. Commandez d\u00e8s aujourd\u2019hui !\" \/>\n<meta property=\"og:url\" content=\"https:\/\/gblexprimer.com\/hu\/termek\/methamphetamine\/\" \/>\n<meta property=\"og:site_name\" content=\"GBL Exprimer\" \/>\n<meta property=\"article:modified_time\" content=\"2026-04-13T04:20:56+00:00\" \/>\n<meta property=\"og:image\" content=\"https:\/\/gblexprimer.com\/wp-content\/uploads\/2024\/11\/Methamphetamine.jpg\" \/>\n\t<meta property=\"og:image:width\" content=\"600\" \/>\n\t<meta property=\"og:image:height\" content=\"600\" \/>\n\t<meta property=\"og:image:type\" content=\"image\/jpeg\" \/>\n<meta name=\"twitter:card\" content=\"summary_large_image\" \/>\n<meta name=\"twitter:label1\" content=\"Becs\u00fclt olvas\u00e1si id\u0151\" \/>\n\t<meta name=\"twitter:data1\" content=\"2 perc\" \/>\n<script type=\"application\/ld+json\" class=\"yoast-schema-graph\">{\"@context\":\"https:\/\/schema.org\",\"@graph\":[{\"@type\":\"WebPage\",\"@id\":\"https:\/\/gblexprimer.com\/product\/methamphetamine\/\",\"url\":\"https:\/\/gblexprimer.com\/product\/methamphetamine\/\",\"name\":\"Achetez de la M\u00e9thamph\u00e9tamine (Metamfetamina) | GBlexprimer\",\"isPartOf\":{\"@id\":\"https:\/\/gblexprimer.com\/#website\"},\"primaryImageOfPage\":{\"@id\":\"https:\/\/gblexprimer.com\/product\/methamphetamine\/#primaryimage\"},\"image\":{\"@id\":\"https:\/\/gblexprimer.com\/product\/methamphetamine\/#primaryimage\"},\"thumbnailUrl\":\"https:\/\/gblexprimer.com\/wp-content\/uploads\/2024\/11\/Methamphetamine.jpg\",\"datePublished\":\"2024-11-26T06:06:34+00:00\",\"dateModified\":\"2026-04-13T04:20:56+00:00\",\"description\":\"Achetez de la m\u00e9thamph\u00e9tamine pure (Metamfetamina) en ligne sur GBlexprimer. Disponible en cristaux, poudres, comprim\u00e9s. Livraison rapide et paiement s\u00e9curis\u00e9. Commandez d\u00e8s aujourd\u2019hui !\",\"breadcrumb\":{\"@id\":\"https:\/\/gblexprimer.com\/product\/methamphetamine\/#breadcrumb\"},\"inLanguage\":\"hu\",\"potentialAction\":[{\"@type\":\"ReadAction\",\"target\":[\"https:\/\/gblexprimer.com\/product\/methamphetamine\/\"]}]},{\"@type\":\"ImageObject\",\"inLanguage\":\"hu\",\"@id\":\"https:\/\/gblexprimer.com\/product\/methamphetamine\/#primaryimage\",\"url\":\"https:\/\/gblexprimer.com\/wp-content\/uploads\/2024\/11\/Methamphetamine.jpg\",\"contentUrl\":\"https:\/\/gblexprimer.com\/wp-content\/uploads\/2024\/11\/Methamphetamine.jpg\",\"width\":600,\"height\":600,\"caption\":\"M\u00e9thamph\u00e9tamine\"},{\"@type\":\"BreadcrumbList\",\"@id\":\"https:\/\/gblexprimer.com\/product\/methamphetamine\/#breadcrumb\",\"itemListElement\":[{\"@type\":\"ListItem\",\"position\":1,\"name\":\"Home\",\"item\":\"https:\/\/gblexprimer.com\/\"},{\"@type\":\"ListItem\",\"position\":2,\"name\":\"Shop\",\"item\":\"https:\/\/gblexprimer.com\/shop\/\"},{\"@type\":\"ListItem\",\"position\":3,\"name\":\"M\u00e9thamph\u00e9tamine\"}]},{\"@type\":\"WebSite\",\"@id\":\"https:\/\/gblexprimer.com\/#website\",\"url\":\"https:\/\/gblexprimer.com\/\",\"name\":\"GBL Exprimer\",\"description\":\"\",\"publisher\":{\"@id\":\"https:\/\/gblexprimer.com\/#organization\"},\"potentialAction\":[{\"@type\":\"SearchAction\",\"target\":{\"@type\":\"EntryPoint\",\"urlTemplate\":\"https:\/\/gblexprimer.com\/?s={search_term_string}\"},\"query-input\":{\"@type\":\"PropertyValueSpecification\",\"valueRequired\":true,\"valueName\":\"search_term_string\"}}],\"inLanguage\":\"hu\"},{\"@type\":\"Organization\",\"@id\":\"https:\/\/gblexprimer.com\/#organization\",\"name\":\"GBL Exprimer\",\"url\":\"https:\/\/gblexprimer.com\/\",\"logo\":{\"@type\":\"ImageObject\",\"inLanguage\":\"hu\",\"@id\":\"https:\/\/gblexprimer.com\/#\/schema\/logo\/image\/\",\"url\":\"https:\/\/gblexprimer.com\/wp-content\/uploads\/2024\/01\/logo.png\",\"contentUrl\":\"https:\/\/gblexprimer.com\/wp-content\/uploads\/2024\/01\/logo.png\",\"width\":220,\"height\":80,\"caption\":\"GBL Exprimer\"},\"image\":{\"@id\":\"https:\/\/gblexprimer.com\/#\/schema\/logo\/image\/\"}}]}<\/script>\n<!-- \/ Yoast SEO plugin. -->","yoast_head_json":{"title":"V\u00e1s\u00e1rl\u00e1s Metamfetamin (Metamfetamina) | GBlexprimer","description":"V\u00e1s\u00e1roljon tiszta metamfetamint (Metamfetamina) online a GBlexprimer. Krist\u00e1lyok, porok \u00e9s tablett\u00e1k form\u00e1j\u00e1ban kaphat\u00f3. Gyors sz\u00e1ll\u00edt\u00e1s \u00e9s biztons\u00e1gos fizet\u00e9s. Rendeljen m\u00e9g ma!","robots":{"index":"index","follow":"follow","max-snippet":"max-snippet:-1","max-image-preview":"max-image-preview:large","max-video-preview":"max-video-preview:-1"},"canonical":"https:\/\/gblexprimer.com\/hu\/termek\/methamphetamine\/","og_locale":"hu_HU","og_type":"article","og_title":"Achetez de la M\u00e9thamph\u00e9tamine (Metamfetamina) | GBlexprimer","og_description":"Achetez de la m\u00e9thamph\u00e9tamine pure (Metamfetamina) en ligne sur GBlexprimer. Disponible en cristaux, poudres, comprim\u00e9s. Livraison rapide et paiement s\u00e9curis\u00e9. Commandez d\u00e8s aujourd\u2019hui !","og_url":"https:\/\/gblexprimer.com\/hu\/termek\/methamphetamine\/","og_site_name":"GBL Exprimer","article_modified_time":"2026-04-13T04:20:56+00:00","og_image":[{"width":600,"height":600,"url":"https:\/\/gblexprimer.com\/wp-content\/uploads\/2024\/11\/Methamphetamine.jpg","type":"image\/jpeg"}],"twitter_card":"summary_large_image","twitter_misc":{"Becs\u00fclt olvas\u00e1si id\u0151":"2 perc"},"schema":{"@context":"https:\/\/schema.org","@graph":[{"@type":"WebPage","@id":"https:\/\/gblexprimer.com\/product\/methamphetamine\/","url":"https:\/\/gblexprimer.com\/product\/methamphetamine\/","name":"V\u00e1s\u00e1rl\u00e1s Metamfetamin (Metamfetamina) | GBlexprimer","isPartOf":{"@id":"https:\/\/gblexprimer.com\/#website"},"primaryImageOfPage":{"@id":"https:\/\/gblexprimer.com\/product\/methamphetamine\/#primaryimage"},"image":{"@id":"https:\/\/gblexprimer.com\/product\/methamphetamine\/#primaryimage"},"thumbnailUrl":"https:\/\/gblexprimer.com\/wp-content\/uploads\/2024\/11\/Methamphetamine.jpg","datePublished":"2024-11-26T06:06:34+00:00","dateModified":"2026-04-13T04:20:56+00:00","description":"V\u00e1s\u00e1roljon tiszta metamfetamint (Metamfetamina) online a GBlexprimer. Krist\u00e1lyok, porok \u00e9s tablett\u00e1k form\u00e1j\u00e1ban kaphat\u00f3. Gyors sz\u00e1ll\u00edt\u00e1s \u00e9s biztons\u00e1gos fizet\u00e9s. Rendeljen m\u00e9g ma!","breadcrumb":{"@id":"https:\/\/gblexprimer.com\/product\/methamphetamine\/#breadcrumb"},"inLanguage":"hu","potentialAction":[{"@type":"ReadAction","target":["https:\/\/gblexprimer.com\/product\/methamphetamine\/"]}]},{"@type":"ImageObject","inLanguage":"hu","@id":"https:\/\/gblexprimer.com\/product\/methamphetamine\/#primaryimage","url":"https:\/\/gblexprimer.com\/wp-content\/uploads\/2024\/11\/Methamphetamine.jpg","contentUrl":"https:\/\/gblexprimer.com\/wp-content\/uploads\/2024\/11\/Methamphetamine.jpg","width":600,"height":600,"caption":"M\u00e9thamph\u00e9tamine"},{"@type":"BreadcrumbList","@id":"https:\/\/gblexprimer.com\/product\/methamphetamine\/#breadcrumb","itemListElement":[{"@type":"ListItem","position":1,"name":"Home","item":"https:\/\/gblexprimer.com\/"},{"@type":"ListItem","position":2,"name":"Shop","item":"https:\/\/gblexprimer.com\/shop\/"},{"@type":"ListItem","position":3,"name":"M\u00e9thamph\u00e9tamine"}]},{"@type":"WebSite","@id":"https:\/\/gblexprimer.com\/#website","url":"https:\/\/gblexprimer.com\/","name":"GBL Express","description":"","publisher":{"@id":"https:\/\/gblexprimer.com\/#organization"},"potentialAction":[{"@type":"SearchAction","target":{"@type":"EntryPoint","urlTemplate":"https:\/\/gblexprimer.com\/?s={search_term_string}"},"query-input":{"@type":"PropertyValueSpecification","valueRequired":true,"valueName":"search_term_string"}}],"inLanguage":"hu"},{"@type":"Organization","@id":"https:\/\/gblexprimer.com\/#organization","name":"GBL Express","url":"https:\/\/gblexprimer.com\/","logo":{"@type":"ImageObject","inLanguage":"hu","@id":"https:\/\/gblexprimer.com\/#\/schema\/logo\/image\/","url":"https:\/\/gblexprimer.com\/wp-content\/uploads\/2024\/01\/logo.png","contentUrl":"https:\/\/gblexprimer.com\/wp-content\/uploads\/2024\/01\/logo.png","width":220,"height":80,"caption":"GBL Exprimer"},"image":{"@id":"https:\/\/gblexprimer.com\/#\/schema\/logo\/image\/"}}]}},"_links":{"self":[{"href":"https:\/\/gblexprimer.com\/hu\/wp-json\/wp\/v2\/product\/5036","targetHints":{"allow":["GET"]}}],"collection":[{"href":"https:\/\/gblexprimer.com\/hu\/wp-json\/wp\/v2\/product"}],"about":[{"href":"https:\/\/gblexprimer.com\/hu\/wp-json\/wp\/v2\/types\/product"}],"replies":[{"embeddable":true,"href":"https:\/\/gblexprimer.com\/hu\/wp-json\/wp\/v2\/comments?post=5036"}],"wp:featuredmedia":[{"embeddable":true,"href":"https:\/\/gblexprimer.com\/hu\/wp-json\/wp\/v2\/media\/5283"}],"wp:attachment":[{"href":"https:\/\/gblexprimer.com\/hu\/wp-json\/wp\/v2\/media?parent=5036"}],"wp:term":[{"taxonomy":"product_brand","embeddable":true,"href":"https:\/\/gblexprimer.com\/hu\/wp-json\/wp\/v2\/product_brand?post=5036"},{"taxonomy":"product_cat","embeddable":true,"href":"https:\/\/gblexprimer.com\/hu\/wp-json\/wp\/v2\/product_cat?post=5036"},{"taxonomy":"product_tag","embeddable":true,"href":"https:\/\/gblexprimer.com\/hu\/wp-json\/wp\/v2\/product_tag?post=5036"}],"curies":[{"name":"wp","href":"https:\/\/api.w.org\/{rel}","templated":true}]}}