{"id":5037,"date":"2024-11-26T06:06:40","date_gmt":"2024-11-26T06:06:40","guid":{"rendered":"https:\/\/gblexprimer.com\/?post_type=product&#038;p=5037"},"modified":"2026-04-13T04:33:44","modified_gmt":"2026-04-13T04:33:44","slug":"viagra","status":"publish","type":"product","link":"https:\/\/gblexprimer.com\/hu\/termek\/viagra\/","title":{"rendered":"Viagra"},"content":{"rendered":"<h3><strong>Viagra online v\u00e1s\u00e1rl\u00e1sa a GBlexprimer oldalon<\/strong><\/h3>\n<p><a href=\"https:\/\/gblexprimer.com\/hu\/termek\/viagra\/\"><strong>Viagra<\/strong><\/a>\u00e1ltal\u00e1nos n\u00e9ven is ismert <strong>sildenafil<\/strong>egy n\u00e9pszer\u0171 gy\u00f3gyszer a mereved\u00e9si zavarok kezel\u00e9s\u00e9re. A hat\u00e9konys\u00e1g\u00e1r\u00f3l ismert, a jobb v\u00e9rkering\u00e9s el\u0151seg\u00edt\u00e9s\u00e9vel seg\u00edt jav\u00edtani a szexu\u00e1lis teljes\u00edtm\u00e9nyt \u00e9s az el\u00e9gedetts\u00e9get. A  oldalon. <a href=\"https:\/\/gblexprimer.com\/hu\/\"><strong>GBlexpress<\/strong><\/a>javasoljuk <strong>hiteles, kiv\u00e1l\u00f3 min\u0151s\u00e9g\u0171 Viagra<\/strong>gyors sz\u00e1ll\u00edt\u00e1ssal, diszkr\u00e9t csomagol\u00e1ssal \u00e9s biztons\u00e1gos fizet\u00e9si lehet\u0151s\u00e9gekkel Buy Viagra<a href=\"https:\/\/gblexpress.com\/shop\/ko-tropfen-kaufen-online\/\">.<\/a><\/p>\n<p>Le Viagra est le traitement le plus connu contre les troubles de l\u2019\u00e9rection chez l\u2019homme. Mais comment <strong>Viagra v\u00e1s\u00e1rl\u00e1s<\/strong> biztons\u00e1gban? A f\u00e9lrevezet\u0151 rekl\u00e1mok, a v\u00e9ny n\u00e9lk\u00fcl kaphat\u00f3 online \u00e9rt\u00e9kes\u00edt\u00e9s \u00e9s a hamis\u00edtott term\u00e9kek k\u00f6z\u00f6tt nagyon fontos tudni, hogy mi enged\u00e9lyezett - \u00e9s mi nem.<\/p>\n<h3><strong>Mi\u00e9rt v\u00e1lassza a GBlexprimer-t a Viagra v\u00e1s\u00e1rl\u00e1s\u00e1hoz?<\/strong><\/h3>\n<h4><strong>Hiteless\u00e9g \u00e9s kiv\u00e1l\u00f3 min\u0151s\u00e9g<\/strong><\/h4>\n<p>Term\u00e9keink hiteles\u00edtettek \u00e9s teszteltek, hogy garant\u00e1lj\u00e1k hat\u00e9konys\u00e1gukat. K\u00edn\u00e1lunk mindkett\u0151 <strong><a href=\"https:\/\/en.wikipedia.org\/wiki\/Viagra_(disambiguation)\">Viagra<\/a> Eredeti<\/strong> \u00e9s \u00e1ltal\u00e1nos alternat\u00edv\u00e1k, mint p\u00e9ld\u00e1ul <a href=\"https:\/\/gblexprimer.com\/hu\/termek\/vasarolni-mefedron\/\"><strong>sildenafil<\/strong><\/a>k\u00fcl\u00f6nb\u00f6z\u0151 adagokban (25 mg, 50 mg, 100 mg) kaphat\u00f3<a href=\"https:\/\/gblexprimer.com\/hu\/termek\/100-grammos-mdma-kozetek\/\">.<\/a><\/p>\n<h4><strong>Gyors, diszkr\u00e9t sz\u00e1ll\u00edt\u00e1s<\/strong><\/h4>\n<p>Mi biztos\u00edtjuk <strong>gyors sz\u00e1ll\u00edt\u00e1s<\/strong> \u00e9s egy <strong>diszkr\u00e9t csomagol\u00e1s<\/strong> hogy garant\u00e1ljuk az \u00d6n titoktart\u00e1s\u00e1t.<\/p>\n<h4><strong>Biztons\u00e1gos fizet\u00e9sek<\/strong><\/h4>\n<p>\u00c9lvezze a biztons\u00e1gos fizet\u00e9st a gondtalan v\u00e1s\u00e1rl\u00e1s \u00e9lm\u00e9ny\u00e9\u00e9rt.<\/p>\n<h4><strong>Versenyk\u00e9pes \u00e9s el\u00e9rhet\u0151 \u00e1rak<\/strong><\/h4>\n<p>V\u00e1s\u00e1roljon <strong>Viagra versenyk\u00e9pes \u00e1ron<\/strong>t\u00f6meges megrendel\u00e9sek eset\u00e9n kedvezm\u00e9nyekkel.<\/p>\n<h3><strong>A Viagra alkalmaz\u00e1sa \u00e9s felhaszn\u00e1l\u00e1sa<\/strong><\/h3>\n<h4><strong>A mereved\u00e9si zavar kezel\u00e9se<\/strong><\/h4>\n<p>A Viagr\u00e1t az erekci\u00f3 el\u00e9r\u00e9s\u00e9nek \u00e9s fenntart\u00e1s\u00e1nak jav\u00edt\u00e1sa \u00e9rdek\u00e9ben \u00edrj\u00e1k fel, seg\u00edtve a szexu\u00e1lis \u00f6nbizalom \u00e9s teljes\u00edtm\u00e9ny helyre\u00e1ll\u00edt\u00e1s\u00e1t.<\/p>\n<h4><strong>Jav\u00edtott v\u00e9rkering\u00e9s<\/strong><\/h4>\n<p>A szildenafil az erek ellaz\u00edt\u00e1s\u00e1val m\u0171k\u00f6dik, jav\u00edtva a v\u00e9r\u00e1raml\u00e1st a c\u00e9lter\u00fcleteken.<\/p>\n<h4><strong>Biztons\u00e1gos haszn\u00e1lat<\/strong><\/h4>\n<p>Eg\u00e9szs\u00e9g\u00fcgyi szakemberek \u00e1ltal aj\u00e1nlott, <strong>Viagra<\/strong> hat\u00e9kony megold\u00e1s, ha az el\u0151\u00edrt adagokban alkalmazz\u00e1k.<\/p>\n<div>\n<div>\n<p><em>A Charles tudom\u00e1nyos bizotts\u00e1g\u00e1nak orvosai \u00e1ltal hiteles\u00edtett tartalom.<\/em><\/p>\n<\/div>\n<\/div>\n<div>\n<div>\n<p>Le <strong>Viagra<\/strong> est sans doute le m\u00e9dicament le plus connu dans le monde pour traiter les troubles de l\u2019\u00e9rection chez l\u2019homme. Mais comment agit-il ? Est-il possible d\u2019en acheter sans ordonnance ? Et quels sont ses effets r\u00e9els et ses risques ? Cet article vous explique tout ce qu\u2019il faut savoir sur ce traitement embl\u00e9matique de la dysfonction \u00e9rectile.<\/p>\n<\/div>\n<\/div>\n<h3><strong>V\u00e1s\u00e1roljon Viagra Online ma<\/strong><\/h3>\n<p>Ak\u00e1r keres <strong>Eredeti Viagra<\/strong> vagy hat\u00e9kony generikus v\u00e1ltozatok, <strong>GBlexpress<\/strong> az \u00d6n megb\u00edzhat\u00f3 besz\u00e1ll\u00edt\u00f3ja. Min\u0151s\u00e9gi term\u00e9keket, gyors sz\u00e1ll\u00edt\u00e1st \u00e9s kiv\u00e9teles \u00fcgyf\u00e9lszolg\u00e1latot k\u00edn\u00e1lunk. <strong>V\u00e1s\u00e1roljon Viagra online ma<\/strong> hogy visszanyerje bizalm\u00e1t, \u00e9s \u00e9lvezze a z\u00f6kken\u0151mentes, diszkr\u00e9t v\u00e1s\u00e1rl\u00e1si \u00e9lm\u00e9nyt. <a href=\"https:\/\/gblexprimer.com\/hu\/termek\/viagra\/\"><strong>Achetez en toute confiance<\/strong><\/a><\/p>","protected":false},"excerpt":{"rendered":"<p><strong>Viagra<\/strong>amelynek hat\u00f3anyaga <strong>sildenafil<\/strong>egy olyan gy\u00f3gyszer, amelyet sz\u00e9les k\u00f6rben alkalmaznak a mereved\u00e9si zavarok kezel\u00e9s\u00e9re. A sz\u00f6vetek v\u00e9r\u00e1raml\u00e1s\u00e1nak n\u00f6vel\u00e9s\u00e9vel, <strong>Viagra<\/strong> elismert hat\u00e9konys\u00e1ga \u00e9s gyors hat\u00e1sa miatt. Ezt a vegy\u00fcletet laborat\u00f3riumban is vizsg\u00e1lj\u00e1k az \u00e9rrendszeri mechanizmusokra gyakorolt hat\u00e1sa \u00e9s egy\u00e9b orvosi alkalmaz\u00e1sokban rejl\u0151 lehet\u0151s\u00e9gei szempontj\u00e1b\u00f3l.<\/p>\n<h3><strong>Hogyan m\u0171k\u00f6dik a Viagra?<\/strong><\/h3>\n<p>Le <strong>sildenafil<\/strong> a PDE5 (foszfodi\u00e9szter\u00e1z 5. t\u00edpus\u00fa) enzim g\u00e1tl\u00e1s\u00e1val m\u0171k\u00f6dik, ami jav\u00edtja az erek t\u00e1gul\u00e1s\u00e1t \u00e9s megk\u00f6nny\u00edti a v\u00e9r \u00e1raml\u00e1s\u00e1t a mereved\u00e9si sz\u00f6vetekhez.<\/p>\n<ul>\n<li><strong>F\u0151bb hat\u00e1sok :<\/strong> Jav\u00edtott mereved\u00e9si reakci\u00f3, jobb v\u00e9rkering\u00e9s \u00e9s bizonyos kering\u00e9si zavarok t\u00fcneteinek cs\u00f6kken\u00e9se.<\/li>\n<li><strong>A hat\u00e1sok kezdete :<\/strong> 30-60 perccel a bead\u00e1s ut\u00e1n.<\/li>\n<li><strong>A hat\u00e1sok id\u0151tartama :<\/strong> Egy\u00e9nt\u0151l f\u00fcgg\u0151en 4-6 \u00f3ra.<\/li>\n<\/ul>\n<h3><strong>K\u00e9plet \u00e9s adatok<\/strong><\/h3>\n<ul>\n<li><strong>K\u00e9miai n\u00e9v :<\/strong> Sildenafil citr\u00e1t<\/li>\n<li><strong>Molekula k\u00e9plet :<\/strong> C22H30N6O4S<\/li>\n<li><strong>Molekulat\u00f6meg :<\/strong> 474,58 g\/mol<\/li>\n<\/ul>","protected":false},"featured_media":5282,"comment_status":"open","ping_status":"closed","template":"","meta":{"site-sidebar-layout":"default","site-content-layout":"","ast-site-content-layout":"default","site-content-style":"default","site-sidebar-style":"default","ast-global-header-display":"","ast-banner-title-visibility":"","ast-main-header-display":"","ast-hfb-above-header-display":"","ast-hfb-below-header-display":"","ast-hfb-mobile-header-display":"","site-post-title":"","ast-breadcrumbs-content":"","ast-featured-img":"","footer-sml-layout":"","theme-transparent-header-meta":"default","adv-header-id-meta":"","stick-header-meta":"","header-above-stick-meta":"","header-main-stick-meta":"","header-below-stick-meta":"","astra-migrate-meta-layouts":"set","ast-page-background-enabled":"default","ast-page-background-meta":{"desktop":{"background-color":"","background-image":"","background-repeat":"repeat","background-position":"center center","background-size":"auto","background-attachment":"scroll","background-type":"","background-media":"","overlay-type":"","overlay-color":"","overlay-opacity":"","overlay-gradient":""},"tablet":{"background-color":"","background-image":"","background-repeat":"repeat","background-position":"center center","background-size":"auto","background-attachment":"scroll","background-type":"","background-media":"","overlay-type":"","overlay-color":"","overlay-opacity":"","overlay-gradient":""},"mobile":{"background-color":"","background-image":"","background-repeat":"repeat","background-position":"center center","background-size":"auto","background-attachment":"scroll","background-type":"","background-media":"","overlay-type":"","overlay-color":"","overlay-opacity":"","overlay-gradient":""}},"ast-content-background-meta":{"desktop":{"background-color":"var(--ast-global-color-5)","background-image":"","background-repeat":"repeat","background-position":"center center","background-size":"auto","background-attachment":"scroll","background-type":"","background-media":"","overlay-type":"","overlay-color":"","overlay-opacity":"","overlay-gradient":""},"tablet":{"background-color":"var(--ast-global-color-5)","background-image":"","background-repeat":"repeat","background-position":"center center","background-size":"auto","background-attachment":"scroll","background-type":"","background-media":"","overlay-type":"","overlay-color":"","overlay-opacity":"","overlay-gradient":""},"mobile":{"background-color":"var(--ast-global-color-5)","background-image":"","background-repeat":"repeat","background-position":"center center","background-size":"auto","background-attachment":"scroll","background-type":"","background-media":"","overlay-type":"","overlay-color":"","overlay-opacity":"","overlay-gradient":""}},"_joinchat":[]},"product_brand":[],"product_cat":[141],"product_tag":[393,377,382,394,385,392,387,390,379,378,383,380,388,395,381,391,396,389,386,384],"class_list":{"0":"post-5037","1":"product","2":"type-product","3":"status-publish","4":"has-post-thumbnail","6":"product_cat-sex-meth","7":"product_tag-achat-discret-de-viagra","8":"product_tag-achetez-viagra","9":"product_tag-commandez-viagra-en-ligne","10":"product_tag-commandez-viagra-maintenant","11":"product_tag-fournisseurs-fiables-de-viagra","12":"product_tag-meilleurs-prix-viagra","13":"product_tag-ou-acheter-viagra","14":"product_tag-produits-premium-viagra","15":"product_tag-sildenafil-authentique","16":"product_tag-viagra-a-vendre","17":"product_tag-viagra-de-haute-qualite","18":"product_tag-viagra-generique","19":"product_tag-viagra-generique-pas-cher","20":"product_tag-viagra-livraison-securisee","21":"product_tag-viagra-original-livraison-rapide","22":"product_tag-viagra-pour-circulation-sanguine","23":"product_tag-viagra-pour-confiance-et-performance","24":"product_tag-viagra-pour-performance-sexuelle","25":"product_tag-viagra-pour-troubles-de-lerection","26":"product_tag-viagra-prix-abordable","27":"desktop-align-left","28":"tablet-align-left","29":"mobile-align-left","31":"first","32":"instock","33":"shipping-taxable","34":"purchasable","35":"product-type-variable"},"yoast_head":"<!-- This site is optimized with the Yoast SEO plugin v26.9 - https:\/\/yoast.com\/product\/yoast-seo-wordpress\/ -->\n<title>Achetez du Viagra | Qualit\u00e9 Sup\u00e9rieure et Livraison Discr\u00e8te<\/title>\n<meta name=\"description\" content=\"Achetez du Viagra authentique en ligne sur GBlexprimer. Original et g\u00e9n\u00e9rique disponibles : livraison rapide, emballage discret et paiement s\u00e9curis\u00e9. Commandez maintenant !\" \/>\n<meta name=\"robots\" content=\"index, follow, max-snippet:-1, max-image-preview:large, max-video-preview:-1\" \/>\n<link rel=\"canonical\" href=\"https:\/\/gblexprimer.com\/hu\/termek\/viagra\/\" \/>\n<meta property=\"og:locale\" content=\"hu_HU\" \/>\n<meta property=\"og:type\" content=\"article\" \/>\n<meta property=\"og:title\" content=\"Achetez du Viagra | Qualit\u00e9 Sup\u00e9rieure et Livraison Discr\u00e8te\" \/>\n<meta property=\"og:description\" content=\"Achetez du Viagra authentique en ligne sur GBlexprimer. Original et g\u00e9n\u00e9rique disponibles : livraison rapide, emballage discret et paiement s\u00e9curis\u00e9. Commandez maintenant !\" \/>\n<meta property=\"og:url\" content=\"https:\/\/gblexprimer.com\/hu\/termek\/viagra\/\" \/>\n<meta property=\"og:site_name\" content=\"GBL Exprimer\" \/>\n<meta property=\"article:modified_time\" content=\"2026-04-13T04:33:44+00:00\" \/>\n<meta property=\"og:image\" content=\"https:\/\/gblexprimer.com\/wp-content\/uploads\/2024\/11\/Viagra.jpg\" \/>\n\t<meta property=\"og:image:width\" content=\"600\" \/>\n\t<meta property=\"og:image:height\" content=\"600\" \/>\n\t<meta property=\"og:image:type\" content=\"image\/jpeg\" \/>\n<meta name=\"twitter:card\" content=\"summary_large_image\" \/>\n<meta name=\"twitter:label1\" content=\"Becs\u00fclt olvas\u00e1si id\u0151\" \/>\n\t<meta name=\"twitter:data1\" content=\"3 perc\" \/>\n<script type=\"application\/ld+json\" class=\"yoast-schema-graph\">{\"@context\":\"https:\/\/schema.org\",\"@graph\":[{\"@type\":\"WebPage\",\"@id\":\"https:\/\/gblexprimer.com\/product\/viagra\/\",\"url\":\"https:\/\/gblexprimer.com\/product\/viagra\/\",\"name\":\"Achetez du Viagra | Qualit\u00e9 Sup\u00e9rieure et Livraison Discr\u00e8te\",\"isPartOf\":{\"@id\":\"https:\/\/gblexprimer.com\/#website\"},\"primaryImageOfPage\":{\"@id\":\"https:\/\/gblexprimer.com\/product\/viagra\/#primaryimage\"},\"image\":{\"@id\":\"https:\/\/gblexprimer.com\/product\/viagra\/#primaryimage\"},\"thumbnailUrl\":\"https:\/\/gblexprimer.com\/wp-content\/uploads\/2024\/11\/Viagra.jpg\",\"datePublished\":\"2024-11-26T06:06:40+00:00\",\"dateModified\":\"2026-04-13T04:33:44+00:00\",\"description\":\"Achetez du Viagra authentique en ligne sur GBlexprimer. Original et g\u00e9n\u00e9rique disponibles : livraison rapide, emballage discret et paiement s\u00e9curis\u00e9. Commandez maintenant !\",\"breadcrumb\":{\"@id\":\"https:\/\/gblexprimer.com\/product\/viagra\/#breadcrumb\"},\"inLanguage\":\"hu\",\"potentialAction\":[{\"@type\":\"ReadAction\",\"target\":[\"https:\/\/gblexprimer.com\/product\/viagra\/\"]}]},{\"@type\":\"ImageObject\",\"inLanguage\":\"hu\",\"@id\":\"https:\/\/gblexprimer.com\/product\/viagra\/#primaryimage\",\"url\":\"https:\/\/gblexprimer.com\/wp-content\/uploads\/2024\/11\/Viagra.jpg\",\"contentUrl\":\"https:\/\/gblexprimer.com\/wp-content\/uploads\/2024\/11\/Viagra.jpg\",\"width\":600,\"height\":600,\"caption\":\"Viagra\"},{\"@type\":\"BreadcrumbList\",\"@id\":\"https:\/\/gblexprimer.com\/product\/viagra\/#breadcrumb\",\"itemListElement\":[{\"@type\":\"ListItem\",\"position\":1,\"name\":\"Home\",\"item\":\"https:\/\/gblexprimer.com\/\"},{\"@type\":\"ListItem\",\"position\":2,\"name\":\"Shop\",\"item\":\"https:\/\/gblexprimer.com\/shop\/\"},{\"@type\":\"ListItem\",\"position\":3,\"name\":\"Viagra\"}]},{\"@type\":\"WebSite\",\"@id\":\"https:\/\/gblexprimer.com\/#website\",\"url\":\"https:\/\/gblexprimer.com\/\",\"name\":\"GBL Exprimer\",\"description\":\"\",\"publisher\":{\"@id\":\"https:\/\/gblexprimer.com\/#organization\"},\"potentialAction\":[{\"@type\":\"SearchAction\",\"target\":{\"@type\":\"EntryPoint\",\"urlTemplate\":\"https:\/\/gblexprimer.com\/?s={search_term_string}\"},\"query-input\":{\"@type\":\"PropertyValueSpecification\",\"valueRequired\":true,\"valueName\":\"search_term_string\"}}],\"inLanguage\":\"hu\"},{\"@type\":\"Organization\",\"@id\":\"https:\/\/gblexprimer.com\/#organization\",\"name\":\"GBL Exprimer\",\"url\":\"https:\/\/gblexprimer.com\/\",\"logo\":{\"@type\":\"ImageObject\",\"inLanguage\":\"hu\",\"@id\":\"https:\/\/gblexprimer.com\/#\/schema\/logo\/image\/\",\"url\":\"https:\/\/gblexprimer.com\/wp-content\/uploads\/2024\/01\/logo.png\",\"contentUrl\":\"https:\/\/gblexprimer.com\/wp-content\/uploads\/2024\/01\/logo.png\",\"width\":220,\"height\":80,\"caption\":\"GBL Exprimer\"},\"image\":{\"@id\":\"https:\/\/gblexprimer.com\/#\/schema\/logo\/image\/\"}}]}<\/script>\n<!-- \/ Yoast SEO plugin. -->","yoast_head_json":{"title":"Viagra v\u00e1s\u00e1rl\u00e1s | Kiv\u00e1l\u00f3 min\u0151s\u00e9g \u00e9s diszkr\u00e9t sz\u00e1ll\u00edt\u00e1s","description":"V\u00e1s\u00e1roljon val\u00f3di Viagra online a GBlexprimer. Eredeti \u00e9s generikus kaphat\u00f3: gyors sz\u00e1ll\u00edt\u00e1s, diszkr\u00e9t csomagol\u00e1s \u00e9s biztons\u00e1gos fizet\u00e9s. Rendeljen most!","robots":{"index":"index","follow":"follow","max-snippet":"max-snippet:-1","max-image-preview":"max-image-preview:large","max-video-preview":"max-video-preview:-1"},"canonical":"https:\/\/gblexprimer.com\/hu\/termek\/viagra\/","og_locale":"hu_HU","og_type":"article","og_title":"Achetez du Viagra | Qualit\u00e9 Sup\u00e9rieure et Livraison Discr\u00e8te","og_description":"Achetez du Viagra authentique en ligne sur GBlexprimer. Original et g\u00e9n\u00e9rique disponibles : livraison rapide, emballage discret et paiement s\u00e9curis\u00e9. Commandez maintenant !","og_url":"https:\/\/gblexprimer.com\/hu\/termek\/viagra\/","og_site_name":"GBL Exprimer","article_modified_time":"2026-04-13T04:33:44+00:00","og_image":[{"width":600,"height":600,"url":"https:\/\/gblexprimer.com\/wp-content\/uploads\/2024\/11\/Viagra.jpg","type":"image\/jpeg"}],"twitter_card":"summary_large_image","twitter_misc":{"Becs\u00fclt olvas\u00e1si id\u0151":"3 perc"},"schema":{"@context":"https:\/\/schema.org","@graph":[{"@type":"WebPage","@id":"https:\/\/gblexprimer.com\/product\/viagra\/","url":"https:\/\/gblexprimer.com\/product\/viagra\/","name":"Viagra v\u00e1s\u00e1rl\u00e1s | Kiv\u00e1l\u00f3 min\u0151s\u00e9g \u00e9s diszkr\u00e9t sz\u00e1ll\u00edt\u00e1s","isPartOf":{"@id":"https:\/\/gblexprimer.com\/#website"},"primaryImageOfPage":{"@id":"https:\/\/gblexprimer.com\/product\/viagra\/#primaryimage"},"image":{"@id":"https:\/\/gblexprimer.com\/product\/viagra\/#primaryimage"},"thumbnailUrl":"https:\/\/gblexprimer.com\/wp-content\/uploads\/2024\/11\/Viagra.jpg","datePublished":"2024-11-26T06:06:40+00:00","dateModified":"2026-04-13T04:33:44+00:00","description":"V\u00e1s\u00e1roljon val\u00f3di Viagra online a GBlexprimer. Eredeti \u00e9s generikus kaphat\u00f3: gyors sz\u00e1ll\u00edt\u00e1s, diszkr\u00e9t csomagol\u00e1s \u00e9s biztons\u00e1gos fizet\u00e9s. Rendeljen most!","breadcrumb":{"@id":"https:\/\/gblexprimer.com\/product\/viagra\/#breadcrumb"},"inLanguage":"hu","potentialAction":[{"@type":"ReadAction","target":["https:\/\/gblexprimer.com\/product\/viagra\/"]}]},{"@type":"ImageObject","inLanguage":"hu","@id":"https:\/\/gblexprimer.com\/product\/viagra\/#primaryimage","url":"https:\/\/gblexprimer.com\/wp-content\/uploads\/2024\/11\/Viagra.jpg","contentUrl":"https:\/\/gblexprimer.com\/wp-content\/uploads\/2024\/11\/Viagra.jpg","width":600,"height":600,"caption":"Viagra"},{"@type":"BreadcrumbList","@id":"https:\/\/gblexprimer.com\/product\/viagra\/#breadcrumb","itemListElement":[{"@type":"ListItem","position":1,"name":"Home","item":"https:\/\/gblexprimer.com\/"},{"@type":"ListItem","position":2,"name":"Shop","item":"https:\/\/gblexprimer.com\/shop\/"},{"@type":"ListItem","position":3,"name":"Viagra"}]},{"@type":"WebSite","@id":"https:\/\/gblexprimer.com\/#website","url":"https:\/\/gblexprimer.com\/","name":"GBL Express","description":"","publisher":{"@id":"https:\/\/gblexprimer.com\/#organization"},"potentialAction":[{"@type":"SearchAction","target":{"@type":"EntryPoint","urlTemplate":"https:\/\/gblexprimer.com\/?s={search_term_string}"},"query-input":{"@type":"PropertyValueSpecification","valueRequired":true,"valueName":"search_term_string"}}],"inLanguage":"hu"},{"@type":"Organization","@id":"https:\/\/gblexprimer.com\/#organization","name":"GBL Express","url":"https:\/\/gblexprimer.com\/","logo":{"@type":"ImageObject","inLanguage":"hu","@id":"https:\/\/gblexprimer.com\/#\/schema\/logo\/image\/","url":"https:\/\/gblexprimer.com\/wp-content\/uploads\/2024\/01\/logo.png","contentUrl":"https:\/\/gblexprimer.com\/wp-content\/uploads\/2024\/01\/logo.png","width":220,"height":80,"caption":"GBL Exprimer"},"image":{"@id":"https:\/\/gblexprimer.com\/#\/schema\/logo\/image\/"}}]}},"_links":{"self":[{"href":"https:\/\/gblexprimer.com\/hu\/wp-json\/wp\/v2\/product\/5037","targetHints":{"allow":["GET"]}}],"collection":[{"href":"https:\/\/gblexprimer.com\/hu\/wp-json\/wp\/v2\/product"}],"about":[{"href":"https:\/\/gblexprimer.com\/hu\/wp-json\/wp\/v2\/types\/product"}],"replies":[{"embeddable":true,"href":"https:\/\/gblexprimer.com\/hu\/wp-json\/wp\/v2\/comments?post=5037"}],"wp:featuredmedia":[{"embeddable":true,"href":"https:\/\/gblexprimer.com\/hu\/wp-json\/wp\/v2\/media\/5282"}],"wp:attachment":[{"href":"https:\/\/gblexprimer.com\/hu\/wp-json\/wp\/v2\/media?parent=5037"}],"wp:term":[{"taxonomy":"product_brand","embeddable":true,"href":"https:\/\/gblexprimer.com\/hu\/wp-json\/wp\/v2\/product_brand?post=5037"},{"taxonomy":"product_cat","embeddable":true,"href":"https:\/\/gblexprimer.com\/hu\/wp-json\/wp\/v2\/product_cat?post=5037"},{"taxonomy":"product_tag","embeddable":true,"href":"https:\/\/gblexprimer.com\/hu\/wp-json\/wp\/v2\/product_tag?post=5037"}],"curies":[{"name":"wp","href":"https:\/\/api.w.org\/{rel}","templated":true}]}}