{"id":5038,"date":"2024-11-26T06:06:42","date_gmt":"2024-11-26T06:06:42","guid":{"rendered":"https:\/\/gblexprimer.com\/?post_type=product&#038;p=5038"},"modified":"2026-04-13T04:21:35","modified_gmt":"2026-04-13T04:21:35","slug":"poppers","status":"publish","type":"product","link":"https:\/\/gblexprimer.com\/hu\/termek\/poppers\/","title":{"rendered":"Poppers"},"content":{"rendered":"<h2><strong>Poppers online v\u00e1s\u00e1rl\u00e1sa a GBlexprimer-n\u00e9l<\/strong><\/h2>\n<p><strong>Vegy\u00e9l n\u00e9h\u00e1nyat <a href=\"https:\/\/gblexprimer.com\/hu\/termek\/poppers\/\">poppers<\/a> hiteles \u00e9s kiv\u00e1l\u00f3 min\u0151s\u00e9g\u0171<\/strong> a  oldalon <strong>GBlexpress<\/strong>a megb\u00edzhat\u00f3 sz\u00e1ll\u00edt\u00f3 az \u00d6n <strong>poppers<\/strong>. Ezek az ill\u00e9kony folyad\u00e9kok, amelyek olyan nitriteken alapulnak, mint a propil-, amil- vagy izobutil-nitrit, h\u00edresek azonnali izomlaz\u00edt\u00f3 hat\u00e1sukr\u00f3l \u00e9s az \u00e9rz\u00e9kszervi \u00e9lm\u00e9nyek fokoz\u00e1s\u00e1ra val\u00f3 k\u00e9pess\u00e9g\u00fckr\u0151l. T\u00f6k\u00e9letes szabadid\u0151s vagy szem\u00e9lyes haszn\u00e1latra, <strong>poppers<\/strong> nagyon n\u00e9pszer\u0171ek a p\u00e1rtk\u00f6z\u00f6ss\u00e9gekben \u00e9s azon t\u00fal is. A  oldalon <a href=\"https:\/\/gblexprimer.com\/hu\/\"><strong>GBlexpress<\/strong><\/a>Garant\u00e1ljuk a biztons\u00e1gos v\u00e1s\u00e1rl\u00e1si \u00e9lm\u00e9nyt, a gyors \u00e9s diszkr\u00e9t kisz\u00e1ll\u00edt\u00e1st, valamint a term\u00e9kek sz\u00e9les v\u00e1laszt\u00e9k\u00e1t. <strong>poppers elad\u00f3<\/strong>minden ig\u00e9nyt kiel\u00e9g\u00edt\u0151<a href=\"https:\/\/gblexpress.com\/shop\/ko-tropfen-kaufen-online\/\">.<\/a><\/p>\n<h3><strong>Mi\u00e9rt \u00e9rdemes a GBlexprimert\u0151l v\u00e1s\u00e1rolni?<\/strong><\/h3>\n<h4><strong>Kiv\u00e1l\u00f3 min\u0151s\u00e9g\u0171 Poppers<\/strong><\/h4>\n<p>A <a href=\"https:\/\/en.wikipedia.org\/wiki\/Poppers\"><strong>poppers<\/strong><\/a> szigor\u00faan tesztelik, hogy garant\u00e1lj\u00e1k eredetis\u00e9g\u00fcket \u00e9s biztons\u00e1goss\u00e1gukat. Olyan neves m\u00e1rk\u00e1kat k\u00edn\u00e1lunk, mint <strong>Rush<\/strong>, <strong>Amszterdam<\/strong>\u00e9s <strong>Jungle Juice<\/strong>t\u00f6bbf\u00e9le form\u00e1tumban is el\u00e9rhet\u0151.<\/p>\n<h4><strong>Gyors, diszkr\u00e9t sz\u00e1ll\u00edt\u00e1s<\/strong><\/h4>\n<p>A  c\u00edmen <strong>GBlexpress<\/strong>a <strong>poppers<\/strong> gyorsan, diszkr\u00e9ten csomagolva sz\u00e1ll\u00edtj\u00e1k, hogy garant\u00e1lj\u00e1k az \u00d6n bizalmas kezel\u00e9s\u00e9t.<\/p>\n<h4><strong>Biztons\u00e1gos fizet\u00e9s<\/strong><\/h4>\n<p>\u00c9lvezze a biztons\u00e1gos fizet\u00e9st \u00e9s a probl\u00e9mamentes v\u00e1s\u00e1rl\u00e1si \u00e9lm\u00e9nyt megb\u00edzhat\u00f3 platformunkon.<\/p>\n<h4><strong>Versenyd\u00edjak<\/strong><\/h4>\n<p>A <strong>poppers elad\u00f3<\/strong> versenyk\u00e9pes \u00e1ron k\u00edn\u00e1ljuk, nagy t\u00e9telben t\u00f6rt\u00e9n\u0151 megrendel\u00e9s eset\u00e9n kedvezm\u00e9nyekkel.<\/p>\n<h3><strong>Alkalmaz\u00e1sok \u00e9s a Poppers felhaszn\u00e1l\u00e1sa<\/strong><\/h3>\n<h4><strong>Izomlaz\u00edt\u00e1s<\/strong><\/h4>\n<p>A <a href=\"https:\/\/gblexprimer.com\/hu\/termek\/szteroidok-2\/\"><strong>poppers<\/strong><\/a> ismertek arr\u00f3l a k\u00e9pess\u00e9g\u00fckr\u0151l, hogy gyorsan ellaz\u00edtj\u00e1k az izmokat, azonnali j\u00f3 k\u00f6z\u00e9rzetet biztos\u00edtva.<\/p>\n<h4><strong>Az \u00fcnnepi \u00e9lm\u00e9nyek fokoz\u00e1sa<\/strong><\/h4>\n<p>Nagyon n\u00e9pszer\u0171 a klubokban \u00e9s a partikon, a <strong>poppers<\/strong> fokozz\u00e1k az \u00e9rz\u00e9seket, \u00e9s egyedi dimenzi\u00f3t adnak az \u00fcnnepi pillanatoknak.<\/p>\n<h4><strong>Szem\u00e9lyes wellness<\/strong><\/h4>\n<p>Az \u00fcnnepi haszn\u00e1laton t\u00fal a <strong>poppers<\/strong> a relax\u00e1ci\u00f3 el\u0151seg\u00edt\u00e9s\u00e9re is haszn\u00e1lj\u00e1k szem\u00e9lyes kontextusban.<\/p>\n<h3><strong>V\u00e1s\u00e1roljon Poppers Online ma<\/strong><\/h3>\n<p>Ak\u00e1r keres <strong>Rush poppers<\/strong>, <strong>Amszterdam<\/strong>vagy m\u00e1s ismert m\u00e1rk\u00e1k, <strong>GBlexpress<\/strong> az \u00d6n els\u0151 sz\u00e1m\u00fa v\u00e1laszt\u00e1sa. K\u00edn\u00e1lunk <strong>hiteles poppers<\/strong>gyorsan \u00e9s diszkr\u00e9ten sz\u00e1ll\u00edtj\u00e1k. <strong>V\u00e1s\u00e1roljon online poppert<\/strong> m\u00e9g ma, \u00e9s fedezze fel, mi\u00e9rt mi vagyunk a fogyaszt\u00f3k \u00e1ltal vil\u00e1gszerte el\u0151nyben r\u00e9szes\u00edtett besz\u00e1ll\u00edt\u00f3. <a href=\"https:\/\/gblexprimer.com\/hu\/termek\/poppers\/\">Meilleures ventes<\/a><\/p>","protected":false},"excerpt":{"rendered":"<p><strong>Poppers<\/strong>vagy alkil-nitr\u00e1tok, olyan k\u00e9miai vegy\u00fcletek, amelyek sz\u00e9les k\u00f6rben ismertek gyors relax\u00e1l\u00f3 \u00e9s \u00e9rt\u00e1g\u00edt\u00f3 hat\u00e1sukr\u00f3l. Szabadid\u0151s vagy tudom\u00e1nyos c\u00e9lokra haszn\u00e1lva az erek t\u00e1g\u00edt\u00e1s\u00e1val hatnak, el\u0151seg\u00edtik az izmok ellazul\u00e1s\u00e1t \u00e9s az \u00e1tmeneti j\u00f3 k\u00f6z\u00e9rzetet. A <strong>poppers<\/strong> a laborat\u00f3riumban is vizsg\u00e1lj\u00e1k sz\u00edv- \u00e9s \u00e9rrendszeri alkalmaz\u00e1saik \u00e9s egyedi k\u00e9miai hat\u00e1saik miatt.<\/p>\n<h3><strong>Hogyan m\u0171k\u00f6dik a Poppers?<\/strong><\/h3>\n<p>A <strong>poppers<\/strong> nitrog\u00e9n-oxidot (NO) szabad\u00edt fel, amely azonnal kit\u00e1g\u00edtja az ereket \u00e9s ellaz\u00edtja az izmokat.<\/p>\n<ul>\n<li><strong>F\u0151bb hat\u00e1sok :<\/strong> Gyors relax\u00e1ci\u00f3, melegs\u00e9g\u00e9rzet \u00e9s a v\u00e9r\u00e1raml\u00e1s \u00e1tmeneti javul\u00e1sa.<\/li>\n<li><strong>Hat\u00e1sm\u00f3d :<\/strong> K\u00f6zvetlen bel\u00e9gz\u00e9s a gyors felsz\u00edv\u00f3d\u00e1s \u00e9s azonnali hat\u00e1s \u00e9rdek\u00e9ben.<\/li>\n<li><strong>Id\u0151tartam:<\/strong> Csak n\u00e9h\u00e1ny perc.<\/li>\n<\/ul>\n<h3><strong>K\u00e9plet \u00e9s adatok<\/strong><\/h3>\n<ul>\n<li><strong>F\u0151 vegy\u00fcletek :<\/strong>\n<ul>\n<li>Amil-nitrit (C5H11ONO)<\/li>\n<li>Butil-nitrit (C4H9ONO)<\/li>\n<li>Izobutil-nitrit (C4H9ONO)<\/li>\n<\/ul>\n<\/li>\n<\/ul>","protected":false},"featured_media":5281,"comment_status":"open","ping_status":"closed","template":"","meta":{"site-sidebar-layout":"default","site-content-layout":"","ast-site-content-layout":"default","site-content-style":"default","site-sidebar-style":"default","ast-global-header-display":"","ast-banner-title-visibility":"","ast-main-header-display":"","ast-hfb-above-header-display":"","ast-hfb-below-header-display":"","ast-hfb-mobile-header-display":"","site-post-title":"","ast-breadcrumbs-content":"","ast-featured-img":"","footer-sml-layout":"","theme-transparent-header-meta":"default","adv-header-id-meta":"","stick-header-meta":"","header-above-stick-meta":"","header-main-stick-meta":"","header-below-stick-meta":"","astra-migrate-meta-layouts":"set","ast-page-background-enabled":"default","ast-page-background-meta":{"desktop":{"background-color":"","background-image":"","background-repeat":"repeat","background-position":"center center","background-size":"auto","background-attachment":"scroll","background-type":"","background-media":"","overlay-type":"","overlay-color":"","overlay-opacity":"","overlay-gradient":""},"tablet":{"background-color":"","background-image":"","background-repeat":"repeat","background-position":"center center","background-size":"auto","background-attachment":"scroll","background-type":"","background-media":"","overlay-type":"","overlay-color":"","overlay-opacity":"","overlay-gradient":""},"mobile":{"background-color":"","background-image":"","background-repeat":"repeat","background-position":"center center","background-size":"auto","background-attachment":"scroll","background-type":"","background-media":"","overlay-type":"","overlay-color":"","overlay-opacity":"","overlay-gradient":""}},"ast-content-background-meta":{"desktop":{"background-color":"var(--ast-global-color-5)","background-image":"","background-repeat":"repeat","background-position":"center center","background-size":"auto","background-attachment":"scroll","background-type":"","background-media":"","overlay-type":"","overlay-color":"","overlay-opacity":"","overlay-gradient":""},"tablet":{"background-color":"var(--ast-global-color-5)","background-image":"","background-repeat":"repeat","background-position":"center center","background-size":"auto","background-attachment":"scroll","background-type":"","background-media":"","overlay-type":"","overlay-color":"","overlay-opacity":"","overlay-gradient":""},"mobile":{"background-color":"var(--ast-global-color-5)","background-image":"","background-repeat":"repeat","background-position":"center center","background-size":"auto","background-attachment":"scroll","background-type":"","background-media":"","overlay-type":"","overlay-color":"","overlay-opacity":"","overlay-gradient":""}},"_joinchat":[]},"product_brand":[],"product_cat":[141],"product_tag":[335,350,352,343,348,345,353,336,338,342,344,339,346,355,351,341,347,354,337,349,340],"class_list":{"0":"post-5038","1":"product","2":"type-product","3":"status-publish","4":"has-post-thumbnail","6":"product_cat-sex-meth","7":"product_tag-achetez-poppers","8":"product_tag-commandez-poppers-maintenant","9":"product_tag-fournisseurs-de-poppers-fiables","10":"product_tag-fournisseurs-fiables-de-poppers","11":"product_tag-meilleurs-poppers-en-ligne","12":"product_tag-nitrites-de-propyle","13":"product_tag-ou-acheter-des-poppers","14":"product_tag-poppers-a-vendre","15":"product_tag-poppers-amsterdam","16":"product_tag-poppers-authentiques-en-ligne","17":"product_tag-poppers-de-haute-qualite","18":"product_tag-poppers-jungle-juice","19":"product_tag-poppers-livraison-rapide","20":"product_tag-poppers-populaires","21":"product_tag-poppers-pour-communaute-lgbtq","22":"product_tag-poppers-pour-soirees","23":"product_tag-poppers-prix-abordables","24":"product_tag-poppers-recreatifs","25":"product_tag-poppers-rush","26":"product_tag-produits-premium-poppers","27":"product_tag-relaxation-musculaire-poppers","28":"desktop-align-left","29":"tablet-align-left","30":"mobile-align-left","32":"first","33":"instock","34":"shipping-taxable","35":"purchasable","36":"product-type-variable"},"yoast_head":"<!-- This site is optimized with the Yoast SEO plugin v26.9 - https:\/\/yoast.com\/product\/yoast-seo-wordpress\/ -->\n<title>Achetez des Poppers en Ligne | Haute Qualit\u00e9 et Livraison Rapide<\/title>\n<meta name=\"description\" content=\"Achetez des poppers authentiques en ligne sur GBlexprimer. Produits de qualit\u00e9 sup\u00e9rieure : Rush, Amsterdam, Jungle Juice. Livraison rapide et discr\u00e8te. Commandez maintenant !\" \/>\n<meta name=\"robots\" content=\"index, follow, max-snippet:-1, max-image-preview:large, max-video-preview:-1\" \/>\n<link rel=\"canonical\" href=\"https:\/\/gblexprimer.com\/hu\/termek\/poppers\/\" \/>\n<meta property=\"og:locale\" content=\"hu_HU\" \/>\n<meta property=\"og:type\" content=\"article\" \/>\n<meta property=\"og:title\" content=\"Achetez des Poppers en Ligne | Haute Qualit\u00e9 et Livraison Rapide\" \/>\n<meta property=\"og:description\" content=\"Achetez des poppers authentiques en ligne sur GBlexprimer. Produits de qualit\u00e9 sup\u00e9rieure : Rush, Amsterdam, Jungle Juice. Livraison rapide et discr\u00e8te. Commandez maintenant !\" \/>\n<meta property=\"og:url\" content=\"https:\/\/gblexprimer.com\/hu\/termek\/poppers\/\" \/>\n<meta property=\"og:site_name\" content=\"GBL Exprimer\" \/>\n<meta property=\"article:modified_time\" content=\"2026-04-13T04:21:35+00:00\" \/>\n<meta property=\"og:image\" content=\"https:\/\/gblexprimer.com\/wp-content\/uploads\/2024\/11\/Poppers.jpg\" \/>\n\t<meta property=\"og:image:width\" content=\"600\" \/>\n\t<meta property=\"og:image:height\" content=\"600\" \/>\n\t<meta property=\"og:image:type\" content=\"image\/jpeg\" \/>\n<meta name=\"twitter:card\" content=\"summary_large_image\" \/>\n<meta name=\"twitter:label1\" content=\"Becs\u00fclt olvas\u00e1si id\u0151\" \/>\n\t<meta name=\"twitter:data1\" content=\"2 perc\" \/>\n<script type=\"application\/ld+json\" class=\"yoast-schema-graph\">{\"@context\":\"https:\/\/schema.org\",\"@graph\":[{\"@type\":\"WebPage\",\"@id\":\"https:\/\/gblexprimer.com\/product\/poppers\/\",\"url\":\"https:\/\/gblexprimer.com\/product\/poppers\/\",\"name\":\"Achetez des Poppers en Ligne | Haute Qualit\u00e9 et Livraison Rapide\",\"isPartOf\":{\"@id\":\"https:\/\/gblexprimer.com\/#website\"},\"primaryImageOfPage\":{\"@id\":\"https:\/\/gblexprimer.com\/product\/poppers\/#primaryimage\"},\"image\":{\"@id\":\"https:\/\/gblexprimer.com\/product\/poppers\/#primaryimage\"},\"thumbnailUrl\":\"https:\/\/gblexprimer.com\/wp-content\/uploads\/2024\/11\/Poppers.jpg\",\"datePublished\":\"2024-11-26T06:06:42+00:00\",\"dateModified\":\"2026-04-13T04:21:35+00:00\",\"description\":\"Achetez des poppers authentiques en ligne sur GBlexprimer. Produits de qualit\u00e9 sup\u00e9rieure : Rush, Amsterdam, Jungle Juice. Livraison rapide et discr\u00e8te. Commandez maintenant !\",\"breadcrumb\":{\"@id\":\"https:\/\/gblexprimer.com\/product\/poppers\/#breadcrumb\"},\"inLanguage\":\"hu\",\"potentialAction\":[{\"@type\":\"ReadAction\",\"target\":[\"https:\/\/gblexprimer.com\/product\/poppers\/\"]}]},{\"@type\":\"ImageObject\",\"inLanguage\":\"hu\",\"@id\":\"https:\/\/gblexprimer.com\/product\/poppers\/#primaryimage\",\"url\":\"https:\/\/gblexprimer.com\/wp-content\/uploads\/2024\/11\/Poppers.jpg\",\"contentUrl\":\"https:\/\/gblexprimer.com\/wp-content\/uploads\/2024\/11\/Poppers.jpg\",\"width\":600,\"height\":600,\"caption\":\"Poppers\"},{\"@type\":\"BreadcrumbList\",\"@id\":\"https:\/\/gblexprimer.com\/product\/poppers\/#breadcrumb\",\"itemListElement\":[{\"@type\":\"ListItem\",\"position\":1,\"name\":\"Home\",\"item\":\"https:\/\/gblexprimer.com\/\"},{\"@type\":\"ListItem\",\"position\":2,\"name\":\"Shop\",\"item\":\"https:\/\/gblexprimer.com\/shop\/\"},{\"@type\":\"ListItem\",\"position\":3,\"name\":\"Poppers\"}]},{\"@type\":\"WebSite\",\"@id\":\"https:\/\/gblexprimer.com\/#website\",\"url\":\"https:\/\/gblexprimer.com\/\",\"name\":\"GBL Exprimer\",\"description\":\"\",\"publisher\":{\"@id\":\"https:\/\/gblexprimer.com\/#organization\"},\"potentialAction\":[{\"@type\":\"SearchAction\",\"target\":{\"@type\":\"EntryPoint\",\"urlTemplate\":\"https:\/\/gblexprimer.com\/?s={search_term_string}\"},\"query-input\":{\"@type\":\"PropertyValueSpecification\",\"valueRequired\":true,\"valueName\":\"search_term_string\"}}],\"inLanguage\":\"hu\"},{\"@type\":\"Organization\",\"@id\":\"https:\/\/gblexprimer.com\/#organization\",\"name\":\"GBL Exprimer\",\"url\":\"https:\/\/gblexprimer.com\/\",\"logo\":{\"@type\":\"ImageObject\",\"inLanguage\":\"hu\",\"@id\":\"https:\/\/gblexprimer.com\/#\/schema\/logo\/image\/\",\"url\":\"https:\/\/gblexprimer.com\/wp-content\/uploads\/2024\/01\/logo.png\",\"contentUrl\":\"https:\/\/gblexprimer.com\/wp-content\/uploads\/2024\/01\/logo.png\",\"width\":220,\"height\":80,\"caption\":\"GBL Exprimer\"},\"image\":{\"@id\":\"https:\/\/gblexprimer.com\/#\/schema\/logo\/image\/\"}}]}<\/script>\n<!-- \/ Yoast SEO plugin. -->","yoast_head_json":{"title":"Poppers online v\u00e1s\u00e1rl\u00e1s | Kiv\u00e1l\u00f3 min\u0151s\u00e9g \u00e9s gyors sz\u00e1ll\u00edt\u00e1s","description":"V\u00e1s\u00e1roljon hiteles poppert online a GBlexprimer weboldal\u00e1n. Kiv\u00e1l\u00f3 min\u0151s\u00e9g\u0171 term\u00e9kek: Rush, Amsterdam, Jungle Juice. Gyors, diszkr\u00e9t sz\u00e1ll\u00edt\u00e1s. Rendeljen most!","robots":{"index":"index","follow":"follow","max-snippet":"max-snippet:-1","max-image-preview":"max-image-preview:large","max-video-preview":"max-video-preview:-1"},"canonical":"https:\/\/gblexprimer.com\/hu\/termek\/poppers\/","og_locale":"hu_HU","og_type":"article","og_title":"Achetez des Poppers en Ligne | Haute Qualit\u00e9 et Livraison Rapide","og_description":"Achetez des poppers authentiques en ligne sur GBlexprimer. Produits de qualit\u00e9 sup\u00e9rieure : Rush, Amsterdam, Jungle Juice. Livraison rapide et discr\u00e8te. Commandez maintenant !","og_url":"https:\/\/gblexprimer.com\/hu\/termek\/poppers\/","og_site_name":"GBL Exprimer","article_modified_time":"2026-04-13T04:21:35+00:00","og_image":[{"width":600,"height":600,"url":"https:\/\/gblexprimer.com\/wp-content\/uploads\/2024\/11\/Poppers.jpg","type":"image\/jpeg"}],"twitter_card":"summary_large_image","twitter_misc":{"Becs\u00fclt olvas\u00e1si id\u0151":"2 perc"},"schema":{"@context":"https:\/\/schema.org","@graph":[{"@type":"WebPage","@id":"https:\/\/gblexprimer.com\/product\/poppers\/","url":"https:\/\/gblexprimer.com\/product\/poppers\/","name":"Poppers online v\u00e1s\u00e1rl\u00e1s | Kiv\u00e1l\u00f3 min\u0151s\u00e9g \u00e9s gyors sz\u00e1ll\u00edt\u00e1s","isPartOf":{"@id":"https:\/\/gblexprimer.com\/#website"},"primaryImageOfPage":{"@id":"https:\/\/gblexprimer.com\/product\/poppers\/#primaryimage"},"image":{"@id":"https:\/\/gblexprimer.com\/product\/poppers\/#primaryimage"},"thumbnailUrl":"https:\/\/gblexprimer.com\/wp-content\/uploads\/2024\/11\/Poppers.jpg","datePublished":"2024-11-26T06:06:42+00:00","dateModified":"2026-04-13T04:21:35+00:00","description":"V\u00e1s\u00e1roljon hiteles poppert online a GBlexprimer weboldal\u00e1n. Kiv\u00e1l\u00f3 min\u0151s\u00e9g\u0171 term\u00e9kek: Rush, Amsterdam, Jungle Juice. Gyors, diszkr\u00e9t sz\u00e1ll\u00edt\u00e1s. Rendeljen most!","breadcrumb":{"@id":"https:\/\/gblexprimer.com\/product\/poppers\/#breadcrumb"},"inLanguage":"hu","potentialAction":[{"@type":"ReadAction","target":["https:\/\/gblexprimer.com\/product\/poppers\/"]}]},{"@type":"ImageObject","inLanguage":"hu","@id":"https:\/\/gblexprimer.com\/product\/poppers\/#primaryimage","url":"https:\/\/gblexprimer.com\/wp-content\/uploads\/2024\/11\/Poppers.jpg","contentUrl":"https:\/\/gblexprimer.com\/wp-content\/uploads\/2024\/11\/Poppers.jpg","width":600,"height":600,"caption":"Poppers"},{"@type":"BreadcrumbList","@id":"https:\/\/gblexprimer.com\/product\/poppers\/#breadcrumb","itemListElement":[{"@type":"ListItem","position":1,"name":"Home","item":"https:\/\/gblexprimer.com\/"},{"@type":"ListItem","position":2,"name":"Shop","item":"https:\/\/gblexprimer.com\/shop\/"},{"@type":"ListItem","position":3,"name":"Poppers"}]},{"@type":"WebSite","@id":"https:\/\/gblexprimer.com\/#website","url":"https:\/\/gblexprimer.com\/","name":"GBL Express","description":"","publisher":{"@id":"https:\/\/gblexprimer.com\/#organization"},"potentialAction":[{"@type":"SearchAction","target":{"@type":"EntryPoint","urlTemplate":"https:\/\/gblexprimer.com\/?s={search_term_string}"},"query-input":{"@type":"PropertyValueSpecification","valueRequired":true,"valueName":"search_term_string"}}],"inLanguage":"hu"},{"@type":"Organization","@id":"https:\/\/gblexprimer.com\/#organization","name":"GBL Express","url":"https:\/\/gblexprimer.com\/","logo":{"@type":"ImageObject","inLanguage":"hu","@id":"https:\/\/gblexprimer.com\/#\/schema\/logo\/image\/","url":"https:\/\/gblexprimer.com\/wp-content\/uploads\/2024\/01\/logo.png","contentUrl":"https:\/\/gblexprimer.com\/wp-content\/uploads\/2024\/01\/logo.png","width":220,"height":80,"caption":"GBL Exprimer"},"image":{"@id":"https:\/\/gblexprimer.com\/#\/schema\/logo\/image\/"}}]}},"_links":{"self":[{"href":"https:\/\/gblexprimer.com\/hu\/wp-json\/wp\/v2\/product\/5038","targetHints":{"allow":["GET"]}}],"collection":[{"href":"https:\/\/gblexprimer.com\/hu\/wp-json\/wp\/v2\/product"}],"about":[{"href":"https:\/\/gblexprimer.com\/hu\/wp-json\/wp\/v2\/types\/product"}],"replies":[{"embeddable":true,"href":"https:\/\/gblexprimer.com\/hu\/wp-json\/wp\/v2\/comments?post=5038"}],"wp:featuredmedia":[{"embeddable":true,"href":"https:\/\/gblexprimer.com\/hu\/wp-json\/wp\/v2\/media\/5281"}],"wp:attachment":[{"href":"https:\/\/gblexprimer.com\/hu\/wp-json\/wp\/v2\/media?parent=5038"}],"wp:term":[{"taxonomy":"product_brand","embeddable":true,"href":"https:\/\/gblexprimer.com\/hu\/wp-json\/wp\/v2\/product_brand?post=5038"},{"taxonomy":"product_cat","embeddable":true,"href":"https:\/\/gblexprimer.com\/hu\/wp-json\/wp\/v2\/product_cat?post=5038"},{"taxonomy":"product_tag","embeddable":true,"href":"https:\/\/gblexprimer.com\/hu\/wp-json\/wp\/v2\/product_tag?post=5038"}],"curies":[{"name":"wp","href":"https:\/\/api.w.org\/{rel}","templated":true}]}}