{"id":5049,"date":"2024-11-26T06:13:53","date_gmt":"2024-11-26T06:13:53","guid":{"rendered":"https:\/\/gblexprimer.com\/?post_type=product&#038;p=5049"},"modified":"2026-04-11T08:00:17","modified_gmt":"2026-04-11T08:00:17","slug":"mdma-ekstaza","status":"publish","type":"product","link":"https:\/\/gblexprimer.com\/hu\/termek\/mdma-ekstaza\/","title":{"rendered":"MDMA (Ekstaza)"},"content":{"rendered":"<h2><strong>MDMA (ecstasy) v\u00e1s\u00e1rl\u00e1sa online \u2013 GBLExprimer<br \/>\n<\/strong><\/h2>\n<p><strong>La <a href=\"https:\/\/gblexprimer.com\/hu\/termek\/mdma-ekstaza\/\">MDMA<\/a><\/strong>m\u00e1s n\u00e9ven<strong>Ecstasy<\/strong> vagy <strong>de Molly<\/strong>egy szintetikus pszichoakt\u00edv anyag, amely stimul\u00e1ns \u00e9s empatog\u00e9n hat\u00e1sair\u00f3l ismert. Els\u0151sorban rekre\u00e1ci\u00f3s c\u00e9lokra haszn\u00e1lj\u00e1k <strong>MDMA<\/strong> ter\u00e1pi\u00e1s potenci\u00e1lj\u00e1t is vizsg\u00e1lj\u00e1k, k\u00fcl\u00f6n\u00f6sen a poszttraum\u00e1s stressz zavar (PTSD) kezel\u00e9s\u00e9ben. A  weboldalon <a href=\"https:\/\/gblexprimer.com\/hu\/\"><strong>GBlexpress<\/strong><\/a>javasoljuk <strong>tiszta, kiv\u00e1l\u00f3 min\u0151s\u00e9g\u0171 MDMA<\/strong>, Biztons\u00e1gos tranzakci\u00f3kkal, diszkr\u00e9t csomagol\u00e1ssal \u00e9s gyors sz\u00e1ll\u00edt\u00e1ssal. V\u00e1s\u00e1roljon MDMA-t.<\/p>\n<p class=\"ds-markdown-paragraph\"><a href=\"https:\/\/en.wikipedia.org\/wiki\/MDMA\"><strong>MDMA por elad\u00f3<\/strong><\/a>, k\u00f6zismert nev\u00e9n \u00abecstasy\u00bb. Az MDMA az elm\u00falt 20 \u00e9vben az Egyes\u00fclt Kir\u00e1lys\u00e1g acid house, rave \u00e9s dance club szc\u00e9n\u00e1j\u00e1nak k\u00f6z\u00e9ppontj\u00e1ban \u00e1llt. Az Egyes\u00fclt Kir\u00e1lys\u00e1g \u00e9ves b\u0171n\u00fcgyi felm\u00e9r\u00e9s\u00e9nek adatai szerint az ecstasy haszn\u00e1lata 2001 \u00f3ta cs\u00f6kkent. <strong>V\u00e1s\u00e1roljon tiszta MDMA port \u00e9s krist\u00e1lyt online<\/strong>.<\/p>\n<p class=\"ds-markdown-paragraph\">Ezt a l\u00e1tsz\u00f3lagos hanyatl\u00e1st vizsg\u00e1ljuk meg itt egyidej\u0171leg a <strong>\u00abaz ext\u00e1zis \u00bb\u00faj\" form\u00e1ja<\/strong> az Egyes\u00fclt \u00c1llamokban - a <strong>MDMA por vagy krist\u00e1ly<\/strong> - \u00e9s\u00a0<strong>A k\u00e9rd\u00e9s, hogy ez mennyire tekinthet\u0151 az ecstasy \u00abpr\u00e9mium\u00bb term\u00e9kk\u00e9nt val\u00f3 sikeres \u00fajb\u00f3li bevezet\u00e9s\u00e9nek, miut\u00e1n a felhaszn\u00e1l\u00f3k ki\u00e1br\u00e1ndultak az olcs\u00f3 \u00e9s k\u00f6nnyen hozz\u00e1f\u00e9rhet\u0151 tablett\u00e1kb\u00f3l, a min\u0151s\u00e9g.<\/strong>.<\/p>\n<p class=\"ds-markdown-paragraph\">Ezek a v\u00e1ltoz\u00e1sok olyan politikai k\u00f6rnyezetben t\u00f6rt\u00e9ntek, amely az elm\u00falt \u00e9vtizedben az \u00e1llam \u00e9s a mag\u00e1nszektor k\u00f6z\u00f6tti kapcsolatot helyezte el\u0151t\u00e9rbe. <strong>k\u00e1b\u00edt\u00f3szer-b\u0171n\u00f6z\u00e9s<\/strong>, a <a href=\"https:\/\/gblexprimer.com\/hu\/termek\/nyugtato-gyogyszerek\/\"><strong>k\u00e9nyszer\u00edt\u0151 kezel\u00e9s<\/strong><\/a> a b\u0171n\u00fcgyi beavatkoz\u00e1sok keret\u00e9ben a probl\u00e9m\u00e1s felhaszn\u00e1l\u00f3k, valamint a b\u0171n\u00fcgyi beavatkoz\u00e1sok hangs\u00falyoz\u00e1sa mellett a <strong>tivorny\u00e1z\u00e1s<\/strong> \u00e9s <strong>az alkohollal kapcsolatos kock\u00e1zatok<\/strong>.<\/p>\n<p class=\"ds-markdown-paragraph\">Ez a fejl\u0151d\u00e9s a k\u00f6vetkez\u0151kh\u00f6z vezetett <strong>jelent\u0151s cs\u00f6kken\u00e9s<\/strong> az ecstasy-haszn\u00e1l\u00f3k sz\u00e1m\u00e1ra el\u00e9rhet\u0151 inform\u00e1ci\u00f3, t\u00e1mogat\u00e1s \u00e9s kezel\u00e9s a drogfogyaszt\u00e1s f\u00e9nykora \u00f3ta. <strong>kock\u00e1zatcs\u00f6kkent\u00e9s<\/strong> a t\u00e1ncdrogokkal kapcsolatos, a <strong>Biztons\u00e1gosabb t\u00e1nc<\/strong> az 1990-es \u00e9vek k\u00f6zep\u00e9n. <strong>V\u00e1s\u00e1roljon tiszta MDMA-t online<\/strong>, por vagy krist\u00e1ly form\u00e1j\u00e1ban.<\/p>\n<p class=\"ds-markdown-paragraph\"><strong>MDMA por<\/strong><\/p>\n<p class=\"ds-markdown-paragraph\">Le <strong>MDMA por krist\u00e1ly<\/strong> egy olyan gy\u00f3gyszer, amely egyszerre hat <strong>stimul\u00e1ns<\/strong> \u00e9s egy <strong>pszichedelikus<\/strong> - hogy energetiz\u00e1l\u00f3 hat\u00e1st fejtsen ki, valamint <strong>id\u0151torzul\u00e1sok<\/strong> \u00e9s felfog\u00f3k\u00e9pess\u00e9g <strong>fokozott emp\u00e1tia<\/strong>. \u00c1ltal\u00e1ban tabletta vagy kapszula form\u00e1j\u00e1ban szedik, \u00e9s hat\u00e1sa 3-6 \u00f3r\u00e1n \u00e1t tart. A jelentett \u00e1tlagos adag egy-k\u00e9t tabletta, \u00e9s minden egyes tabletta \u00e1ltal\u00e1ban 60-120 milligramm <strong>MDMA az Egyes\u00fclt \u00c1llamokban<\/strong>. Nem ritka, hogy a felhaszn\u00e1l\u00f3k m\u00e1sodik adagot is bevesznek, amikor az els\u0151 adag hat\u00e1sa kezd elhalv\u00e1nyulni.<\/p>\n<p class=\"ds-markdown-paragraph\"><strong>MDMA por krist\u00e1lyok online<\/strong> a <strong>3,4-metil\u00e9ndioximetamfetamin<\/strong> (MDMA) egy <strong>szintetikus gy\u00f3gyszer<\/strong> ami megv\u00e1ltoztatja a hangulatot \u00e9s az \u00e9rz\u00e9kel\u00e9st. K\u00e9miailag hasonl\u00edt a stimul\u00e1nsokhoz \u00e9s a hallucinog\u00e9nekhez, \u00e9s a k\u00f6vetkez\u0151 \u00e9rz\u00e9seket v\u00e1ltja ki\u2019<strong>megn\u00f6vekedett energia<\/strong>, a <strong>\u00f6r\u00f6m<\/strong>, a <strong>\u00e9rzelmi melegs\u00e9g<\/strong>, valamint egy <strong>torz \u00e9rz\u00e9kszervi \u00e9s id\u0151\u00e9rz\u00e9kel\u00e9s<\/strong>.<\/p>\n<h3><strong>Az MDMA (Ekstaza) alkalmaz\u00e1sai \u00e9s felhaszn\u00e1l\u00e1sai<\/strong><\/h3>\n<h4><strong>Szabadid\u0151s c\u00e9l\u00fa felhaszn\u00e1l\u00e1s<\/strong><\/h4>\n<p>La <a href=\"https:\/\/en.wikipedia.org\/wiki\/MDMA\"><strong>MDMA<\/strong><\/a> n\u00e9pszer\u0171 a fesztiv\u00e1lokon, bulikon \u00e9s a klub- \u00e9s rave-kult\u00far\u00e1hoz kapcsol\u00f3d\u00f3 rendezv\u00e9nyeken, k\u00f6sz\u00f6nhet\u0151en az energi\u00e1ra, a t\u00e1rsas\u00e1gi \u00e9letre \u00e9s az \u00e9rz\u00e9kszervi \u00e9rz\u00e9kel\u00e9sre gyakorolt hat\u00e1s\u00e1nak.<a href=\"https:\/\/gblexpress.com\/shop\/gbl-online-kaufen-%ce%b3-butyrolacton-kaufen\/\">.<\/a><\/p>\n<h4><strong>Tudom\u00e1nyos \u00e9s ter\u00e1pi\u00e1s kutat\u00e1s<\/strong><\/h4>\n<p>A leg\u00fajabb tanulm\u00e1nyok azt mutatj\u00e1k, hogy a <strong>MDMA<\/strong> az olyan rendelleness\u00e9gek kezel\u00e9s\u00e9ben, mint a PTSD \u00e9s a szoci\u00e1lis szorong\u00e1s. A kutat\u00f3k a <strong>MDMA<\/strong> a szerotoninnal val\u00f3 k\u00f6lcs\u00f6nhat\u00e1sainak \u00e9s neurok\u00e9miai hat\u00e1s\u00e1nak felt\u00e1r\u00e1s\u00e1ra.<\/p>\n<h4><strong>El\u00e9rhet\u0151 form\u00e1k<\/strong><\/h4>\n<p>L\u00e1togasson el a  oldalra. <strong>GBlexpress<\/strong>megv\u00e1s\u00e1rolhatja <strong>MDMA tabletta, kapszula vagy krist\u00e1ly form\u00e1j\u00e1ban<\/strong>az \u00d6n egyedi ig\u00e9nyeit\u0151l f\u00fcgg\u0151en.<\/p>\n<h3><strong>Mi\u00e9rt \u00e9rdemes MDMA-t v\u00e1s\u00e1rolni a GBlexprimer-t\u0151l?<\/strong><\/h3>\n<h4><strong>Kiv\u00e1l\u00f3 min\u0151s\u00e9g\u0171 MDMA<\/strong><\/h4>\n<p>A <strong>MDMA<\/strong> szigor\u00faan tesztelik, hogy garant\u00e1lj\u00e1k tisztas\u00e1g\u00e1t \u00e9s eredetis\u00e9g\u00e9t.<\/p>\n<h4><strong>Megb\u00edzhat\u00f3 besz\u00e1ll\u00edt\u00f3k<\/strong><\/h4>\n<p>Bizony\u00edtottan megb\u00edzhat\u00f3 elad\u00f3k vagyunk a k\u00f6vetkez\u0151 term\u00e9kek ter\u00e9n <strong>MDMA<\/strong> minden ig\u00e9ny\u00e9t kiel\u00e9g\u00edti.<\/p>\n<h4><strong>Biztons\u00e1gos tranzakci\u00f3k \u00e9s diszkr\u00e9t csomagol\u00e1s<\/strong><\/h4>\n<p>Biztons\u00e1gos fizet\u00e9st \u00e9s bizalmas k\u00e9zbes\u00edt\u00e9st biztos\u00edtunk az \u00d6n adatainak v\u00e9delme \u00e9rdek\u00e9ben.<\/p>\n<h4><strong>Gyors, megb\u00edzhat\u00f3 sz\u00e1ll\u00edt\u00e1s<\/strong><\/h4>\n<p>Rendeljen online \u00e9s kapja meg <strong>MDMA<\/strong> gyorsan, hat\u00e9kony logisztikai h\u00e1l\u00f3zatunknak k\u00f6sz\u00f6nhet\u0151en.<\/p>\n<h3><strong>V\u00e1s\u00e1rl\u00e1s MDMA online ma<\/strong><\/h3>\n<p>Keresek egy helyet, ahol v\u00e1s\u00e1rolni <strong>MDMA<\/strong> online? A <strong>GBlexpress<\/strong>k\u00edn\u00e1lunk <strong>Kiv\u00e1l\u00f3 min\u0151s\u00e9g\u0171 MDMA tablett\u00e1k, kapszul\u00e1k \u00e9s krist\u00e1lyok<\/strong>. Haszn\u00e1lja ki a <strong>legjobb \u00e1rak grammonk\u00e9nt<\/strong>, A diszkr\u00e9t sz\u00e1ll\u00edt\u00e1s \u00e9s a gyors kiszolg\u00e1l\u00e1s el\u0151nyeit is \u00e9lvezheti. Rendeljen most a megb\u00edzhat\u00f3, probl\u00e9mamentes \u00e9lm\u00e9ny\u00e9rt. <strong>V\u00e1s\u00e1rolj MDMA-t online<\/strong> m\u00e9g ma, \u00e9s megtudhatja, mi\u00e9rt mi vagyunk a legkedveltebb v\u00e1laszt\u00e1s a v\u00e1s\u00e1rl\u00f3k sz\u00e1m\u00e1ra a <strong>MDMA<\/strong>.<\/p>","protected":false},"excerpt":{"rendered":"<div class=\"ds-message _63c77b1\">\n<div class=\"ds-markdown\">\n<p class=\"ds-markdown-paragraph\"><strong>Rendeljen laborat\u00f3riumban bevizsg\u00e1lt MDMA tablett\u00e1kat online.<\/strong><br \/>\nV\u00e1s\u00e1roljon MDMA-t online a <strong>gblexprimer<\/strong>. MDMA elad\u00f3 most, sz\u00e1ll\u00edt\u00e1ssal <strong>biztons\u00e1gos \u00e9s gyors<\/strong> glob\u00e1lis szinten.<\/p>\n<\/div>\n<\/div>\n<p>Az MDMA \u00fagy m\u0171k\u00f6dik, hogy n\u00f6veli a szerotonin, a dopamin \u00e9s a noradrenalin felszabadul\u00e1s\u00e1t az agyban, mik\u00f6zben g\u00e1tolja ezek visszav\u00e9tel\u00e9t. Ez a kombin\u00e1ci\u00f3 fokozza a pozit\u00edv \u00e9rzelmeket, az emp\u00e1ti\u00e1t \u00e9s a ment\u00e1lis stimul\u00e1ci\u00f3t.<\/p>\n<ul>\n<li><strong>F\u0151bb hat\u00e1sok :<\/strong> Euf\u00f3ria, az \u00e9rzelmi k\u00f6zels\u00e9g \u00e9rz\u00e9se \u00e9s fokozott energia.<\/li>\n<li><strong>Hat\u00e1sm\u00f3d :<\/strong> K\u00f6zvetlen k\u00f6lcs\u00f6nhat\u00e1s a neurotranszmitter-transzporterekkel, hogy meghosszabb\u00edtsa aktivit\u00e1sukat az agyban.<\/li>\n<\/ul>\n<h3><strong>A term\u00e9k k\u00e9plete \u00e9s adatai<\/strong><\/h3>\n<ul>\n<li><strong>K\u00e9miai n\u00e9v :<\/strong> 3,4-Metil\u00e9n-dioxi-metamfetamin<\/li>\n<li><strong>Molekula k\u00e9plet :<\/strong> C11H15NO2<\/li>\n<li><strong>Mol\u00e1ris t\u00f6meg :<\/strong> 193,25 g\/mol<\/li>\n<\/ul>\n<h3><strong>Hat\u00e1sok r\u00e9szletei<\/strong><\/h3>\n<ul>\n<li><strong>A hat\u00e1sok kezdete :<\/strong> 20-60 perccel a lenyel\u00e9s ut\u00e1n.<\/li>\n<li><strong>Cs\u00facshat\u00e1sok :<\/strong> 2-4 \u00f3ra.<\/li>\n<li><strong>Teljes id\u0151tartam :<\/strong> 4-6 \u00f3ra, az adagt\u00f3l \u00e9s az anyagcser\u00e9t\u0151l f\u00fcgg\u0151en.<\/li>\n<\/ul>","protected":false},"featured_media":5133,"comment_status":"open","ping_status":"closed","template":"","meta":{"site-sidebar-layout":"default","site-content-layout":"","ast-site-content-layout":"default","site-content-style":"default","site-sidebar-style":"default","ast-global-header-display":"","ast-banner-title-visibility":"","ast-main-header-display":"","ast-hfb-above-header-display":"","ast-hfb-below-header-display":"","ast-hfb-mobile-header-display":"","site-post-title":"","ast-breadcrumbs-content":"","ast-featured-img":"","footer-sml-layout":"","theme-transparent-header-meta":"default","adv-header-id-meta":"","stick-header-meta":"","header-above-stick-meta":"","header-main-stick-meta":"","header-below-stick-meta":"","astra-migrate-meta-layouts":"set","ast-page-background-enabled":"default","ast-page-background-meta":{"desktop":{"background-color":"","background-image":"","background-repeat":"repeat","background-position":"center center","background-size":"auto","background-attachment":"scroll","background-type":"","background-media":"","overlay-type":"","overlay-color":"","overlay-opacity":"","overlay-gradient":""},"tablet":{"background-color":"","background-image":"","background-repeat":"repeat","background-position":"center center","background-size":"auto","background-attachment":"scroll","background-type":"","background-media":"","overlay-type":"","overlay-color":"","overlay-opacity":"","overlay-gradient":""},"mobile":{"background-color":"","background-image":"","background-repeat":"repeat","background-position":"center center","background-size":"auto","background-attachment":"scroll","background-type":"","background-media":"","overlay-type":"","overlay-color":"","overlay-opacity":"","overlay-gradient":""}},"ast-content-background-meta":{"desktop":{"background-color":"var(--ast-global-color-5)","background-image":"","background-repeat":"repeat","background-position":"center center","background-size":"auto","background-attachment":"scroll","background-type":"","background-media":"","overlay-type":"","overlay-color":"","overlay-opacity":"","overlay-gradient":""},"tablet":{"background-color":"var(--ast-global-color-5)","background-image":"","background-repeat":"repeat","background-position":"center center","background-size":"auto","background-attachment":"scroll","background-type":"","background-media":"","overlay-type":"","overlay-color":"","overlay-opacity":"","overlay-gradient":""},"mobile":{"background-color":"var(--ast-global-color-5)","background-image":"","background-repeat":"repeat","background-position":"center center","background-size":"auto","background-attachment":"scroll","background-type":"","background-media":"","overlay-type":"","overlay-color":"","overlay-opacity":"","overlay-gradient":""}},"_joinchat":[]},"product_brand":[],"product_cat":[141],"product_tag":[289,274,277,282,278,293,279,275,285,292,284,294,290,288,287,291,280,286,283,276,281],"class_list":{"0":"post-5049","1":"product","2":"type-product","3":"status-publish","4":"has-post-thumbnail","6":"product_cat-sex-meth","7":"product_tag-achat-securise-de-mdma","8":"product_tag-achetez-mdma","9":"product_tag-capsules-de-mdma","10":"product_tag-commandez-mdma-en-ligne","11":"product_tag-cristaux-de-mdma","12":"product_tag-fournisseur-authentique-de-mdma","13":"product_tag-fournisseurs-de-mdma-fiables","14":"product_tag-mdma-a-vendre","15":"product_tag-mdma-de-haute-qualite","16":"product_tag-mdma-disponible-immediatement","17":"product_tag-mdma-livraison-discrete","18":"product_tag-mdma-livraison-rapide","19":"product_tag-mdma-pour-raves","20":"product_tag-mdma-pour-recherche","21":"product_tag-mdma-pour-soirees","22":"product_tag-mdma-pure-a-vendre","23":"product_tag-mdma-pure-en-ligne","24":"product_tag-meilleurs-fournisseurs-de-mdma","25":"product_tag-ou-acheter-mdma","26":"product_tag-pilules-de-mdma","27":"product_tag-prix-de-la-mdma-par-gramme","28":"desktop-align-left","29":"tablet-align-left","30":"mobile-align-left","32":"first","33":"instock","34":"shipping-taxable","35":"purchasable","36":"product-type-variable"},"yoast_head":"<!-- This site is optimized with the Yoast SEO plugin v26.9 - https:\/\/yoast.com\/product\/yoast-seo-wordpress\/ -->\n<title>Achetez de la MDMA | Fournisseur Fiable sur GBlexprimer<\/title>\n<meta name=\"description\" content=\"Achetez de la MDMA en ligne sur GBlexprimer. MDMA de qualit\u00e9 sup\u00e9rieure : pilules, capsules, cristaux. Livraison rapide, paiement s\u00e9curis\u00e9, commandez maintenant !\" \/>\n<meta name=\"robots\" content=\"index, follow, max-snippet:-1, max-image-preview:large, max-video-preview:-1\" \/>\n<link rel=\"canonical\" href=\"https:\/\/gblexprimer.com\/hu\/termek\/mdma-ekstaza\/\" \/>\n<meta property=\"og:locale\" content=\"hu_HU\" \/>\n<meta property=\"og:type\" content=\"article\" \/>\n<meta property=\"og:title\" content=\"Achetez de la MDMA | Fournisseur Fiable sur GBlexprimer\" \/>\n<meta property=\"og:description\" content=\"Achetez de la MDMA en ligne sur GBlexprimer. MDMA de qualit\u00e9 sup\u00e9rieure : pilules, capsules, cristaux. Livraison rapide, paiement s\u00e9curis\u00e9, commandez maintenant !\" \/>\n<meta property=\"og:url\" content=\"https:\/\/gblexprimer.com\/hu\/termek\/mdma-ekstaza\/\" \/>\n<meta property=\"og:site_name\" content=\"GBL Exprimer\" \/>\n<meta property=\"article:modified_time\" content=\"2026-04-11T08:00:17+00:00\" \/>\n<meta property=\"og:image\" content=\"https:\/\/gblexprimer.com\/wp-content\/uploads\/2024\/11\/Mephedrone-MDMA-drug-rehabilitation-centre-South-Africa.jpg\" \/>\n\t<meta property=\"og:image:width\" content=\"615\" \/>\n\t<meta property=\"og:image:height\" content=\"409\" \/>\n\t<meta property=\"og:image:type\" content=\"image\/jpeg\" \/>\n<meta name=\"twitter:card\" content=\"summary_large_image\" \/>\n<meta name=\"twitter:label1\" content=\"Becs\u00fclt olvas\u00e1si id\u0151\" \/>\n\t<meta name=\"twitter:data1\" content=\"4 perc\" \/>\n<script type=\"application\/ld+json\" class=\"yoast-schema-graph\">{\"@context\":\"https:\/\/schema.org\",\"@graph\":[{\"@type\":\"WebPage\",\"@id\":\"https:\/\/gblexprimer.com\/product\/mdma-ekstaza\/\",\"url\":\"https:\/\/gblexprimer.com\/product\/mdma-ekstaza\/\",\"name\":\"Achetez de la MDMA | Fournisseur Fiable sur GBlexprimer\",\"isPartOf\":{\"@id\":\"https:\/\/gblexprimer.com\/#website\"},\"primaryImageOfPage\":{\"@id\":\"https:\/\/gblexprimer.com\/product\/mdma-ekstaza\/#primaryimage\"},\"image\":{\"@id\":\"https:\/\/gblexprimer.com\/product\/mdma-ekstaza\/#primaryimage\"},\"thumbnailUrl\":\"https:\/\/gblexprimer.com\/wp-content\/uploads\/2024\/11\/Mephedrone-MDMA-drug-rehabilitation-centre-South-Africa.jpg\",\"datePublished\":\"2024-11-26T06:13:53+00:00\",\"dateModified\":\"2026-04-11T08:00:17+00:00\",\"description\":\"Achetez de la MDMA en ligne sur GBlexprimer. MDMA de qualit\u00e9 sup\u00e9rieure : pilules, capsules, cristaux. Livraison rapide, paiement s\u00e9curis\u00e9, commandez maintenant !\",\"breadcrumb\":{\"@id\":\"https:\/\/gblexprimer.com\/product\/mdma-ekstaza\/#breadcrumb\"},\"inLanguage\":\"hu\",\"potentialAction\":[{\"@type\":\"ReadAction\",\"target\":[\"https:\/\/gblexprimer.com\/product\/mdma-ekstaza\/\"]}]},{\"@type\":\"ImageObject\",\"inLanguage\":\"hu\",\"@id\":\"https:\/\/gblexprimer.com\/product\/mdma-ekstaza\/#primaryimage\",\"url\":\"https:\/\/gblexprimer.com\/wp-content\/uploads\/2024\/11\/Mephedrone-MDMA-drug-rehabilitation-centre-South-Africa.jpg\",\"contentUrl\":\"https:\/\/gblexprimer.com\/wp-content\/uploads\/2024\/11\/Mephedrone-MDMA-drug-rehabilitation-centre-South-Africa.jpg\",\"width\":615,\"height\":409},{\"@type\":\"BreadcrumbList\",\"@id\":\"https:\/\/gblexprimer.com\/product\/mdma-ekstaza\/#breadcrumb\",\"itemListElement\":[{\"@type\":\"ListItem\",\"position\":1,\"name\":\"Home\",\"item\":\"https:\/\/gblexprimer.com\/\"},{\"@type\":\"ListItem\",\"position\":2,\"name\":\"Shop\",\"item\":\"https:\/\/gblexprimer.com\/shop\/\"},{\"@type\":\"ListItem\",\"position\":3,\"name\":\"MDMA (Ekstaza)\"}]},{\"@type\":\"WebSite\",\"@id\":\"https:\/\/gblexprimer.com\/#website\",\"url\":\"https:\/\/gblexprimer.com\/\",\"name\":\"GBL Exprimer\",\"description\":\"\",\"publisher\":{\"@id\":\"https:\/\/gblexprimer.com\/#organization\"},\"potentialAction\":[{\"@type\":\"SearchAction\",\"target\":{\"@type\":\"EntryPoint\",\"urlTemplate\":\"https:\/\/gblexprimer.com\/?s={search_term_string}\"},\"query-input\":{\"@type\":\"PropertyValueSpecification\",\"valueRequired\":true,\"valueName\":\"search_term_string\"}}],\"inLanguage\":\"hu\"},{\"@type\":\"Organization\",\"@id\":\"https:\/\/gblexprimer.com\/#organization\",\"name\":\"GBL Exprimer\",\"url\":\"https:\/\/gblexprimer.com\/\",\"logo\":{\"@type\":\"ImageObject\",\"inLanguage\":\"hu\",\"@id\":\"https:\/\/gblexprimer.com\/#\/schema\/logo\/image\/\",\"url\":\"https:\/\/gblexprimer.com\/wp-content\/uploads\/2024\/01\/logo.png\",\"contentUrl\":\"https:\/\/gblexprimer.com\/wp-content\/uploads\/2024\/01\/logo.png\",\"width\":220,\"height\":80,\"caption\":\"GBL Exprimer\"},\"image\":{\"@id\":\"https:\/\/gblexprimer.com\/#\/schema\/logo\/image\/\"}}]}<\/script>\n<!-- \/ Yoast SEO plugin. -->","yoast_head_json":{"title":"V\u00e1s\u00e1rl\u00e1s MDMA | Megb\u00edzhat\u00f3 sz\u00e1ll\u00edt\u00f3 a GBlexprimer oldalon","description":"V\u00e1s\u00e1rl\u00e1s MDMA online GBlexprimer. Kiv\u00e1l\u00f3 min\u0151s\u00e9g\u0171 MDMA: tablett\u00e1k, kapszul\u00e1k, krist\u00e1lyok. Gyors sz\u00e1ll\u00edt\u00e1s, biztons\u00e1gos fizet\u00e9s, rendeljen most!","robots":{"index":"index","follow":"follow","max-snippet":"max-snippet:-1","max-image-preview":"max-image-preview:large","max-video-preview":"max-video-preview:-1"},"canonical":"https:\/\/gblexprimer.com\/hu\/termek\/mdma-ekstaza\/","og_locale":"hu_HU","og_type":"article","og_title":"Achetez de la MDMA | Fournisseur Fiable sur GBlexprimer","og_description":"Achetez de la MDMA en ligne sur GBlexprimer. MDMA de qualit\u00e9 sup\u00e9rieure : pilules, capsules, cristaux. Livraison rapide, paiement s\u00e9curis\u00e9, commandez maintenant !","og_url":"https:\/\/gblexprimer.com\/hu\/termek\/mdma-ekstaza\/","og_site_name":"GBL Exprimer","article_modified_time":"2026-04-11T08:00:17+00:00","og_image":[{"width":615,"height":409,"url":"https:\/\/gblexprimer.com\/wp-content\/uploads\/2024\/11\/Mephedrone-MDMA-drug-rehabilitation-centre-South-Africa.jpg","type":"image\/jpeg"}],"twitter_card":"summary_large_image","twitter_misc":{"Becs\u00fclt olvas\u00e1si id\u0151":"4 perc"},"schema":{"@context":"https:\/\/schema.org","@graph":[{"@type":"WebPage","@id":"https:\/\/gblexprimer.com\/product\/mdma-ekstaza\/","url":"https:\/\/gblexprimer.com\/product\/mdma-ekstaza\/","name":"V\u00e1s\u00e1rl\u00e1s MDMA | Megb\u00edzhat\u00f3 sz\u00e1ll\u00edt\u00f3 a GBlexprimer oldalon","isPartOf":{"@id":"https:\/\/gblexprimer.com\/#website"},"primaryImageOfPage":{"@id":"https:\/\/gblexprimer.com\/product\/mdma-ekstaza\/#primaryimage"},"image":{"@id":"https:\/\/gblexprimer.com\/product\/mdma-ekstaza\/#primaryimage"},"thumbnailUrl":"https:\/\/gblexprimer.com\/wp-content\/uploads\/2024\/11\/Mephedrone-MDMA-drug-rehabilitation-centre-South-Africa.jpg","datePublished":"2024-11-26T06:13:53+00:00","dateModified":"2026-04-11T08:00:17+00:00","description":"V\u00e1s\u00e1rl\u00e1s MDMA online GBlexprimer. Kiv\u00e1l\u00f3 min\u0151s\u00e9g\u0171 MDMA: tablett\u00e1k, kapszul\u00e1k, krist\u00e1lyok. Gyors sz\u00e1ll\u00edt\u00e1s, biztons\u00e1gos fizet\u00e9s, rendeljen most!","breadcrumb":{"@id":"https:\/\/gblexprimer.com\/product\/mdma-ekstaza\/#breadcrumb"},"inLanguage":"hu","potentialAction":[{"@type":"ReadAction","target":["https:\/\/gblexprimer.com\/product\/mdma-ekstaza\/"]}]},{"@type":"ImageObject","inLanguage":"hu","@id":"https:\/\/gblexprimer.com\/product\/mdma-ekstaza\/#primaryimage","url":"https:\/\/gblexprimer.com\/wp-content\/uploads\/2024\/11\/Mephedrone-MDMA-drug-rehabilitation-centre-South-Africa.jpg","contentUrl":"https:\/\/gblexprimer.com\/wp-content\/uploads\/2024\/11\/Mephedrone-MDMA-drug-rehabilitation-centre-South-Africa.jpg","width":615,"height":409},{"@type":"BreadcrumbList","@id":"https:\/\/gblexprimer.com\/product\/mdma-ekstaza\/#breadcrumb","itemListElement":[{"@type":"ListItem","position":1,"name":"Home","item":"https:\/\/gblexprimer.com\/"},{"@type":"ListItem","position":2,"name":"Shop","item":"https:\/\/gblexprimer.com\/shop\/"},{"@type":"ListItem","position":3,"name":"MDMA (Ekstaza)"}]},{"@type":"WebSite","@id":"https:\/\/gblexprimer.com\/#website","url":"https:\/\/gblexprimer.com\/","name":"GBL Express","description":"","publisher":{"@id":"https:\/\/gblexprimer.com\/#organization"},"potentialAction":[{"@type":"SearchAction","target":{"@type":"EntryPoint","urlTemplate":"https:\/\/gblexprimer.com\/?s={search_term_string}"},"query-input":{"@type":"PropertyValueSpecification","valueRequired":true,"valueName":"search_term_string"}}],"inLanguage":"hu"},{"@type":"Organization","@id":"https:\/\/gblexprimer.com\/#organization","name":"GBL Express","url":"https:\/\/gblexprimer.com\/","logo":{"@type":"ImageObject","inLanguage":"hu","@id":"https:\/\/gblexprimer.com\/#\/schema\/logo\/image\/","url":"https:\/\/gblexprimer.com\/wp-content\/uploads\/2024\/01\/logo.png","contentUrl":"https:\/\/gblexprimer.com\/wp-content\/uploads\/2024\/01\/logo.png","width":220,"height":80,"caption":"GBL Exprimer"},"image":{"@id":"https:\/\/gblexprimer.com\/#\/schema\/logo\/image\/"}}]}},"_links":{"self":[{"href":"https:\/\/gblexprimer.com\/hu\/wp-json\/wp\/v2\/product\/5049","targetHints":{"allow":["GET"]}}],"collection":[{"href":"https:\/\/gblexprimer.com\/hu\/wp-json\/wp\/v2\/product"}],"about":[{"href":"https:\/\/gblexprimer.com\/hu\/wp-json\/wp\/v2\/types\/product"}],"replies":[{"embeddable":true,"href":"https:\/\/gblexprimer.com\/hu\/wp-json\/wp\/v2\/comments?post=5049"}],"wp:featuredmedia":[{"embeddable":true,"href":"https:\/\/gblexprimer.com\/hu\/wp-json\/wp\/v2\/media\/5133"}],"wp:attachment":[{"href":"https:\/\/gblexprimer.com\/hu\/wp-json\/wp\/v2\/media?parent=5049"}],"wp:term":[{"taxonomy":"product_brand","embeddable":true,"href":"https:\/\/gblexprimer.com\/hu\/wp-json\/wp\/v2\/product_brand?post=5049"},{"taxonomy":"product_cat","embeddable":true,"href":"https:\/\/gblexprimer.com\/hu\/wp-json\/wp\/v2\/product_cat?post=5049"},{"taxonomy":"product_tag","embeddable":true,"href":"https:\/\/gblexprimer.com\/hu\/wp-json\/wp\/v2\/product_tag?post=5049"}],"curies":[{"name":"wp","href":"https:\/\/api.w.org\/{rel}","templated":true}]}}