{"id":5143,"date":"2024-11-27T10:09:34","date_gmt":"2024-11-27T10:09:34","guid":{"rendered":"https:\/\/gblexprimer.com\/?post_type=product&#038;p=5143"},"modified":"2026-04-10T10:07:10","modified_gmt":"2026-04-10T10:07:10","slug":"anavar-50mg","status":"publish","type":"product","link":"https:\/\/gblexprimer.com\/hu\/termek\/anavar-50mg\/","title":{"rendered":"Anavar 50mg"},"content":{"rendered":"<h2>Anavar 50 mg: H\u00edrneve a fitneszvil\u00e1gban<\/h2>\n<p><a href=\"https:\/\/gblexprimer.com\/hu\/termek\/anavar-50mg\/\">Anavar 50 mg<\/a> Gyakran emlegetik a test\u00e9p\u00edt\u0151 \u00e9s fitnesz k\u00f6z\u00f6ss\u00e9gekben az izomdefin\u00edci\u00f3 \u00e9s a zs\u00edr\u00e9get\u00e9s ter\u00e9n szerzett h\u00edrneve miatt. Sok sportol\u00f3 haszn\u00e1lja a v\u00e1g\u00e1si f\u00e1zisokban, mivel \u00e1ltal\u00e1ban az izomt\u00f6meg meg\u0151rz\u00e9s\u00e9vel, mik\u00f6zben cs\u00f6kkenti a zs\u00edrt\u00f6meget.<\/p>\n<h3>Mi\u00e9rt olyan n\u00e9pszer\u0171 az Anavar 50 mg?<\/h3>\n<p>Izomdefin\u00edci\u00f3 t\u00falzott t\u00f6megel\u00e9s n\u00e9lk\u00fcl<\/p>\n<p>Az Anavart gyakran az\u00e9rt emlegetik, mert k\u00e9pes el\u0151seg\u00edteni a sz\u00e1lk\u00e1s, izmos megjelen\u00e9st, nem pedig a jelent\u0151s t\u00f6megn\u00f6vel\u00e9st. Ez\u00e9rt n\u00e9pszer\u0171 azok k\u00f6r\u00e9ben, akik az eszt\u00e9tik\u00e1ra \u00e9s az izomdefin\u00edci\u00f3ra t\u00f6r\u0151dnek.<\/p>\n<h3>Seg\u00edti a zs\u00edr\u00e9get\u00e9st a v\u00e1g\u00e1si f\u00e1zisok sor\u00e1n<\/h3>\n<p>A felhaszn\u00e1l\u00f3k gyakran t\u00e1rs\u00edtj\u00e1k az Anavart a jobb anyagcser\u00e9vel, ami struktur\u00e1lt edz\u00e9ssel \u00e9s t\u00e1pl\u00e1lkoz\u00e1ssal kombin\u00e1lva el\u0151seg\u00edtheti a zs\u00edr\u00e9get\u00e9st. <a href=\"https:\/\/gblexprimer.com\/hu\/\">GBLExpress<\/a><\/p>\n<h3>Fokozott er\u0151 \u00e9s \u00e1ll\u00f3k\u00e9pess\u00e9g<\/h3>\n<p>Egy m\u00e1sik gyakran jelentett el\u0151ny az er\u0151 \u00e9s az \u00e1ll\u00f3k\u00e9pess\u00e9g javul\u00e1sa, ami lehet\u0151v\u00e9 teszi a rendszeresebb \u00e9s intenz\u00edvebb edz\u00e9seket.<\/p>\n<h3>A profil szel\u00eddebbnek \u00e9rz\u0151dik<\/h3>\n<p>Compar\u00e9 \u00e0 d&rsquo;autres compos\u00e9s anabolisants, l&rsquo;Anavar est souvent d\u00e9crit comme \u00e9tant plus doux lorsqu&rsquo;il est utilis\u00e9 de <a href=\"https:\/\/gblexprimer.com\/hu\/termek\/deca-durabin-300mg\/\">mani\u00e8re<\/a> responsable, ce qui explique pourquoi il est parfois \u00e9voqu\u00e9 aussi bien par les d\u00e9butants que par les athl\u00e8tes confirm\u00e9s.<\/p>\n<h3>Fontos inform\u00e1ci\u00f3k a biztons\u00e1gr\u00f3l \u00e9s a jogszab\u00e1lyokr\u00f3l<\/h3>\n<p><a href=\"https:\/\/en.wikipedia.org\/?title=Anavar&amp;redirect=no\">L&rsquo;Anavar (oxandrolone)<\/a> Ez a gy\u00f3gyszer sz\u00e1mos orsz\u00e1gban v\u00e9nyk\u00f6teles, \u00e9s orvosi fel\u00fcgyelet n\u00e9lk\u00fcli alkalmaz\u00e1sa korl\u00e1tozott vagy ak\u00e1r illeg\u00e1lis is lehet. Az adagol\u00e1s, a kezel\u00e9s id\u0151tartama \u00e9s az egy\u00e9ni eg\u00e9szs\u00e9gi \u00e1llapot fontos szerepet j\u00e1tszik a biztons\u00e1gban, \u00e9s a helytelen haszn\u00e1lat mell\u00e9khat\u00e1sokhoz vezethet.<\/p>\n<p>B\u00e1rki, aki teljes\u00edtm\u00e9nyn\u00f6vel\u0151 szerek haszn\u00e1lat\u00e1t fontolgatja, priorit\u00e1sk\u00e9nt kell kezelje az orvosi tan\u00e1csad\u00e1st, a megfelel\u0151 t\u00e1j\u00e9koztat\u00e1st \u00e9s a helyi jogszab\u00e1lyok ismeret\u00e9t.<\/p>\n<h3>K\u00f6vetkeztet\u00e9s<\/h3>\n<p>Az Anavar 50 mg tov\u00e1bbra is felkelti az izomdefin\u00edci\u00f3ra, a zs\u00edr\u00e9get\u00e9sre \u00e9s a sportteljes\u00edtm\u00e9ny jav\u00edt\u00e1s\u00e1ra \u00f6sszpontos\u00edt\u00f3k \u00e9rdekl\u0151d\u00e9s\u00e9t. Azonban a megalapozott d\u00f6nt\u00e9shozatalnak, a jogi el\u0151\u00edr\u00e1sok betart\u00e1s\u00e1nak \u00e9s az eg\u00e9szs\u00e9g\u00fcgyi kock\u00e1zatok figyelembev\u00e9tel\u00e9nek mindig kiemelked\u0151 fontoss\u00e1g\u00fanak kell lennie.<\/p>","protected":false},"excerpt":{"rendered":"<p>Anavar 50 mg : Sa r\u00e9putation dans le milieu du fitness Anavar 50 mg est souvent \u00e9voqu\u00e9 dans les communaut\u00e9s de musculation et de fitness pour sa r\u00e9putation en mati\u00e8re de d\u00e9finition musculaire et de perte de graisse. De nombreux athl\u00e8tes l&rsquo;utilisent lors des phases de s\u00e8che, car il est g\u00e9n\u00e9ralement associ\u00e9 \u00e0 la pr\u00e9servation [&hellip;]<\/p>","protected":false},"featured_media":5264,"comment_status":"open","ping_status":"closed","template":"","meta":{"site-sidebar-layout":"default","site-content-layout":"","ast-site-content-layout":"default","site-content-style":"default","site-sidebar-style":"default","ast-global-header-display":"","ast-banner-title-visibility":"","ast-main-header-display":"","ast-hfb-above-header-display":"","ast-hfb-below-header-display":"","ast-hfb-mobile-header-display":"","site-post-title":"","ast-breadcrumbs-content":"","ast-featured-img":"","footer-sml-layout":"","theme-transparent-header-meta":"default","adv-header-id-meta":"","stick-header-meta":"","header-above-stick-meta":"","header-main-stick-meta":"","header-below-stick-meta":"","astra-migrate-meta-layouts":"set","ast-page-background-enabled":"default","ast-page-background-meta":{"desktop":{"background-color":"","background-image":"","background-repeat":"repeat","background-position":"center center","background-size":"auto","background-attachment":"scroll","background-type":"","background-media":"","overlay-type":"","overlay-color":"","overlay-opacity":"","overlay-gradient":""},"tablet":{"background-color":"","background-image":"","background-repeat":"repeat","background-position":"center center","background-size":"auto","background-attachment":"scroll","background-type":"","background-media":"","overlay-type":"","overlay-color":"","overlay-opacity":"","overlay-gradient":""},"mobile":{"background-color":"","background-image":"","background-repeat":"repeat","background-position":"center center","background-size":"auto","background-attachment":"scroll","background-type":"","background-media":"","overlay-type":"","overlay-color":"","overlay-opacity":"","overlay-gradient":""}},"ast-content-background-meta":{"desktop":{"background-color":"var(--ast-global-color-5)","background-image":"","background-repeat":"repeat","background-position":"center center","background-size":"auto","background-attachment":"scroll","background-type":"","background-media":"","overlay-type":"","overlay-color":"","overlay-opacity":"","overlay-gradient":""},"tablet":{"background-color":"var(--ast-global-color-5)","background-image":"","background-repeat":"repeat","background-position":"center center","background-size":"auto","background-attachment":"scroll","background-type":"","background-media":"","overlay-type":"","overlay-color":"","overlay-opacity":"","overlay-gradient":""},"mobile":{"background-color":"var(--ast-global-color-5)","background-image":"","background-repeat":"repeat","background-position":"center center","background-size":"auto","background-attachment":"scroll","background-type":"","background-media":"","overlay-type":"","overlay-color":"","overlay-opacity":"","overlay-gradient":""}},"_joinchat":[]},"product_brand":[],"product_cat":[583],"product_tag":[],"class_list":{"0":"post-5143","1":"product","2":"type-product","3":"status-publish","4":"has-post-thumbnail","6":"product_cat-steroids","7":"desktop-align-left","8":"tablet-align-left","9":"mobile-align-left","11":"first","12":"instock","13":"shipping-taxable","14":"purchasable","15":"product-type-variable"},"yoast_head":"<!-- This site is optimized with the Yoast SEO plugin v26.9 - https:\/\/yoast.com\/product\/yoast-seo-wordpress\/ -->\n<title>Acheter Anavar 50 mg en ligne \u2013 Anavar 50 mg \u00e0 vendre<\/title>\n<meta name=\"description\" content=\"L&#039;Anavar (oxandrolone) est un st\u00e9ro\u00efde anabolisant \u00e9tudi\u00e9 en ligne pour ses applications m\u00e9dicales et ses effets sur la performance. D\u00e9couvrez ses caract\u00e9ristiques, ses effets potentiels et les pr\u00e9cautions \u00e0 prendre pour votre sant\u00e9.\" \/>\n<meta name=\"robots\" content=\"index, follow, max-snippet:-1, max-image-preview:large, max-video-preview:-1\" \/>\n<link rel=\"canonical\" href=\"https:\/\/gblexprimer.com\/hu\/termek\/anavar-50mg\/\" \/>\n<meta property=\"og:locale\" content=\"hu_HU\" \/>\n<meta property=\"og:type\" content=\"article\" \/>\n<meta property=\"og:title\" content=\"Acheter Anavar 50 mg en ligne \u2013 Anavar 50 mg \u00e0 vendre\" \/>\n<meta property=\"og:description\" content=\"L&#039;Anavar (oxandrolone) est un st\u00e9ro\u00efde anabolisant \u00e9tudi\u00e9 en ligne pour ses applications m\u00e9dicales et ses effets sur la performance. D\u00e9couvrez ses caract\u00e9ristiques, ses effets potentiels et les pr\u00e9cautions \u00e0 prendre pour votre sant\u00e9.\" \/>\n<meta property=\"og:url\" content=\"https:\/\/gblexprimer.com\/hu\/termek\/anavar-50mg\/\" \/>\n<meta property=\"og:site_name\" content=\"GBL Exprimer\" \/>\n<meta property=\"article:modified_time\" content=\"2026-04-10T10:07:10+00:00\" \/>\n<meta property=\"og:image\" content=\"https:\/\/gblexprimer.com\/wp-content\/uploads\/2024\/11\/Anavar-50mg.jpg\" \/>\n\t<meta property=\"og:image:width\" content=\"600\" \/>\n\t<meta property=\"og:image:height\" content=\"600\" \/>\n\t<meta property=\"og:image:type\" content=\"image\/jpeg\" \/>\n<meta name=\"twitter:card\" content=\"summary_large_image\" \/>\n<meta name=\"twitter:label1\" content=\"Becs\u00fclt olvas\u00e1si id\u0151\" \/>\n\t<meta name=\"twitter:data1\" content=\"2 perc\" \/>\n<script type=\"application\/ld+json\" class=\"yoast-schema-graph\">{\"@context\":\"https:\/\/schema.org\",\"@graph\":[{\"@type\":\"WebPage\",\"@id\":\"https:\/\/gblexprimer.com\/product\/anavar-50mg\/\",\"url\":\"https:\/\/gblexprimer.com\/product\/anavar-50mg\/\",\"name\":\"Acheter Anavar 50 mg en ligne \u2013 Anavar 50 mg \u00e0 vendre\",\"isPartOf\":{\"@id\":\"https:\/\/gblexprimer.com\/#website\"},\"primaryImageOfPage\":{\"@id\":\"https:\/\/gblexprimer.com\/product\/anavar-50mg\/#primaryimage\"},\"image\":{\"@id\":\"https:\/\/gblexprimer.com\/product\/anavar-50mg\/#primaryimage\"},\"thumbnailUrl\":\"https:\/\/gblexprimer.com\/wp-content\/uploads\/2024\/11\/Anavar-50mg.jpg\",\"datePublished\":\"2024-11-27T10:09:34+00:00\",\"dateModified\":\"2026-04-10T10:07:10+00:00\",\"description\":\"L'Anavar (oxandrolone) est un st\u00e9ro\u00efde anabolisant \u00e9tudi\u00e9 en ligne pour ses applications m\u00e9dicales et ses effets sur la performance. D\u00e9couvrez ses caract\u00e9ristiques, ses effets potentiels et les pr\u00e9cautions \u00e0 prendre pour votre sant\u00e9.\",\"breadcrumb\":{\"@id\":\"https:\/\/gblexprimer.com\/product\/anavar-50mg\/#breadcrumb\"},\"inLanguage\":\"hu\",\"potentialAction\":[{\"@type\":\"ReadAction\",\"target\":[\"https:\/\/gblexprimer.com\/product\/anavar-50mg\/\"]}]},{\"@type\":\"ImageObject\",\"inLanguage\":\"hu\",\"@id\":\"https:\/\/gblexprimer.com\/product\/anavar-50mg\/#primaryimage\",\"url\":\"https:\/\/gblexprimer.com\/wp-content\/uploads\/2024\/11\/Anavar-50mg.jpg\",\"contentUrl\":\"https:\/\/gblexprimer.com\/wp-content\/uploads\/2024\/11\/Anavar-50mg.jpg\",\"width\":600,\"height\":600,\"caption\":\"Anavar-50mg\"},{\"@type\":\"BreadcrumbList\",\"@id\":\"https:\/\/gblexprimer.com\/product\/anavar-50mg\/#breadcrumb\",\"itemListElement\":[{\"@type\":\"ListItem\",\"position\":1,\"name\":\"Home\",\"item\":\"https:\/\/gblexprimer.com\/\"},{\"@type\":\"ListItem\",\"position\":2,\"name\":\"Shop\",\"item\":\"https:\/\/gblexprimer.com\/shop\/\"},{\"@type\":\"ListItem\",\"position\":3,\"name\":\"Anavar 50mg\"}]},{\"@type\":\"WebSite\",\"@id\":\"https:\/\/gblexprimer.com\/#website\",\"url\":\"https:\/\/gblexprimer.com\/\",\"name\":\"GBL Exprimer\",\"description\":\"\",\"publisher\":{\"@id\":\"https:\/\/gblexprimer.com\/#organization\"},\"potentialAction\":[{\"@type\":\"SearchAction\",\"target\":{\"@type\":\"EntryPoint\",\"urlTemplate\":\"https:\/\/gblexprimer.com\/?s={search_term_string}\"},\"query-input\":{\"@type\":\"PropertyValueSpecification\",\"valueRequired\":true,\"valueName\":\"search_term_string\"}}],\"inLanguage\":\"hu\"},{\"@type\":\"Organization\",\"@id\":\"https:\/\/gblexprimer.com\/#organization\",\"name\":\"GBL Exprimer\",\"url\":\"https:\/\/gblexprimer.com\/\",\"logo\":{\"@type\":\"ImageObject\",\"inLanguage\":\"hu\",\"@id\":\"https:\/\/gblexprimer.com\/#\/schema\/logo\/image\/\",\"url\":\"https:\/\/gblexprimer.com\/wp-content\/uploads\/2024\/01\/logo.png\",\"contentUrl\":\"https:\/\/gblexprimer.com\/wp-content\/uploads\/2024\/01\/logo.png\",\"width\":220,\"height\":80,\"caption\":\"GBL Exprimer\"},\"image\":{\"@id\":\"https:\/\/gblexprimer.com\/#\/schema\/logo\/image\/\"}}]}<\/script>\n<!-- \/ Yoast SEO plugin. -->","yoast_head_json":{"title":"Acheter Anavar 50 mg en ligne \u2013 Anavar 50 mg \u00e0 vendre","description":"L'Anavar (oxandrolone) est un st\u00e9ro\u00efde anabolisant \u00e9tudi\u00e9 en ligne pour ses applications m\u00e9dicales et ses effets sur la performance. D\u00e9couvrez ses caract\u00e9ristiques, ses effets potentiels et les pr\u00e9cautions \u00e0 prendre pour votre sant\u00e9.","robots":{"index":"index","follow":"follow","max-snippet":"max-snippet:-1","max-image-preview":"max-image-preview:large","max-video-preview":"max-video-preview:-1"},"canonical":"https:\/\/gblexprimer.com\/hu\/termek\/anavar-50mg\/","og_locale":"hu_HU","og_type":"article","og_title":"Acheter Anavar 50 mg en ligne \u2013 Anavar 50 mg \u00e0 vendre","og_description":"L'Anavar (oxandrolone) est un st\u00e9ro\u00efde anabolisant \u00e9tudi\u00e9 en ligne pour ses applications m\u00e9dicales et ses effets sur la performance. D\u00e9couvrez ses caract\u00e9ristiques, ses effets potentiels et les pr\u00e9cautions \u00e0 prendre pour votre sant\u00e9.","og_url":"https:\/\/gblexprimer.com\/hu\/termek\/anavar-50mg\/","og_site_name":"GBL Exprimer","article_modified_time":"2026-04-10T10:07:10+00:00","og_image":[{"width":600,"height":600,"url":"https:\/\/gblexprimer.com\/wp-content\/uploads\/2024\/11\/Anavar-50mg.jpg","type":"image\/jpeg"}],"twitter_card":"summary_large_image","twitter_misc":{"Becs\u00fclt olvas\u00e1si id\u0151":"2 perc"},"schema":{"@context":"https:\/\/schema.org","@graph":[{"@type":"WebPage","@id":"https:\/\/gblexprimer.com\/product\/anavar-50mg\/","url":"https:\/\/gblexprimer.com\/product\/anavar-50mg\/","name":"Acheter Anavar 50 mg en ligne \u2013 Anavar 50 mg \u00e0 vendre","isPartOf":{"@id":"https:\/\/gblexprimer.com\/#website"},"primaryImageOfPage":{"@id":"https:\/\/gblexprimer.com\/product\/anavar-50mg\/#primaryimage"},"image":{"@id":"https:\/\/gblexprimer.com\/product\/anavar-50mg\/#primaryimage"},"thumbnailUrl":"https:\/\/gblexprimer.com\/wp-content\/uploads\/2024\/11\/Anavar-50mg.jpg","datePublished":"2024-11-27T10:09:34+00:00","dateModified":"2026-04-10T10:07:10+00:00","description":"L'Anavar (oxandrolone) est un st\u00e9ro\u00efde anabolisant \u00e9tudi\u00e9 en ligne pour ses applications m\u00e9dicales et ses effets sur la performance. D\u00e9couvrez ses caract\u00e9ristiques, ses effets potentiels et les pr\u00e9cautions \u00e0 prendre pour votre sant\u00e9.","breadcrumb":{"@id":"https:\/\/gblexprimer.com\/product\/anavar-50mg\/#breadcrumb"},"inLanguage":"hu","potentialAction":[{"@type":"ReadAction","target":["https:\/\/gblexprimer.com\/product\/anavar-50mg\/"]}]},{"@type":"ImageObject","inLanguage":"hu","@id":"https:\/\/gblexprimer.com\/product\/anavar-50mg\/#primaryimage","url":"https:\/\/gblexprimer.com\/wp-content\/uploads\/2024\/11\/Anavar-50mg.jpg","contentUrl":"https:\/\/gblexprimer.com\/wp-content\/uploads\/2024\/11\/Anavar-50mg.jpg","width":600,"height":600,"caption":"Anavar-50mg"},{"@type":"BreadcrumbList","@id":"https:\/\/gblexprimer.com\/product\/anavar-50mg\/#breadcrumb","itemListElement":[{"@type":"ListItem","position":1,"name":"Home","item":"https:\/\/gblexprimer.com\/"},{"@type":"ListItem","position":2,"name":"Shop","item":"https:\/\/gblexprimer.com\/shop\/"},{"@type":"ListItem","position":3,"name":"Anavar 50mg"}]},{"@type":"WebSite","@id":"https:\/\/gblexprimer.com\/#website","url":"https:\/\/gblexprimer.com\/","name":"GBL Express","description":"","publisher":{"@id":"https:\/\/gblexprimer.com\/#organization"},"potentialAction":[{"@type":"SearchAction","target":{"@type":"EntryPoint","urlTemplate":"https:\/\/gblexprimer.com\/?s={search_term_string}"},"query-input":{"@type":"PropertyValueSpecification","valueRequired":true,"valueName":"search_term_string"}}],"inLanguage":"hu"},{"@type":"Organization","@id":"https:\/\/gblexprimer.com\/#organization","name":"GBL Express","url":"https:\/\/gblexprimer.com\/","logo":{"@type":"ImageObject","inLanguage":"hu","@id":"https:\/\/gblexprimer.com\/#\/schema\/logo\/image\/","url":"https:\/\/gblexprimer.com\/wp-content\/uploads\/2024\/01\/logo.png","contentUrl":"https:\/\/gblexprimer.com\/wp-content\/uploads\/2024\/01\/logo.png","width":220,"height":80,"caption":"GBL Exprimer"},"image":{"@id":"https:\/\/gblexprimer.com\/#\/schema\/logo\/image\/"}}]}},"_links":{"self":[{"href":"https:\/\/gblexprimer.com\/hu\/wp-json\/wp\/v2\/product\/5143","targetHints":{"allow":["GET"]}}],"collection":[{"href":"https:\/\/gblexprimer.com\/hu\/wp-json\/wp\/v2\/product"}],"about":[{"href":"https:\/\/gblexprimer.com\/hu\/wp-json\/wp\/v2\/types\/product"}],"replies":[{"embeddable":true,"href":"https:\/\/gblexprimer.com\/hu\/wp-json\/wp\/v2\/comments?post=5143"}],"wp:featuredmedia":[{"embeddable":true,"href":"https:\/\/gblexprimer.com\/hu\/wp-json\/wp\/v2\/media\/5264"}],"wp:attachment":[{"href":"https:\/\/gblexprimer.com\/hu\/wp-json\/wp\/v2\/media?parent=5143"}],"wp:term":[{"taxonomy":"product_brand","embeddable":true,"href":"https:\/\/gblexprimer.com\/hu\/wp-json\/wp\/v2\/product_brand?post=5143"},{"taxonomy":"product_cat","embeddable":true,"href":"https:\/\/gblexprimer.com\/hu\/wp-json\/wp\/v2\/product_cat?post=5143"},{"taxonomy":"product_tag","embeddable":true,"href":"https:\/\/gblexprimer.com\/hu\/wp-json\/wp\/v2\/product_tag?post=5143"}],"curies":[{"name":"wp","href":"https:\/\/api.w.org\/{rel}","templated":true}]}}