{"id":76,"date":"2023-12-26T07:26:48","date_gmt":"2023-12-26T07:26:48","guid":{"rendered":"https:\/\/cannasmed.com\/gbl\/?post_type=product&#038;p=76"},"modified":"2026-04-08T09:28:17","modified_gmt":"2026-04-08T09:28:17","slug":"lorazepam-25-mg-buborekcsomagolasban","status":"publish","type":"product","link":"https:\/\/gblexprimer.com\/hu\/termek\/lorazepam-25-mg-buborekcsomagolasban\/","title":{"rendered":"V\u00e1s\u00e1rl\u00e1s Lorazepam 2.5 mg bubor\u00e9kcsomagol\u00e1sban online"},"content":{"rendered":"<h2>5F-MDMB-2201 por elad\u00f3 Ausztr\u00e1li\u00e1ban<\/h2>\n<p data-start=\"141\" data-end=\"693\"><strong><a href=\"https:\/\/gblexprimer.com\/hu\/termek\/lorazepam-25-mg-buborekcsomagolasban\/\">Ativan Loraz\u00e9pam 2,5 mg<\/a><\/strong> est un m\u00e9dicament sur ordonnance utilis\u00e9 pour traiter les troubles anxieux, les crises de panique, l&rsquo;agitation et l&rsquo;insomnie li\u00e9es au stress et \u00e0 l&rsquo;anxi\u00e9t\u00e9. Appartenant \u00e0 la famille des benzodiaz\u00e9pines, Ativan procure de puissants effets calmants, s\u00e9datifs et <strong data-start=\"425\" data-end=\"440\">myorelaxant<\/strong>, offrant un <strong data-start=\"453\" data-end=\"486\">effet s\u00e9datif et anxiolytique<\/strong> ainsi qu\u2019un <strong data-start=\"499\" data-end=\"525\">effet calmant c\u00e9r\u00e9bral<\/strong>, aidant ainsi les utilisateurs \u00e0 soulager l&rsquo;anxi\u00e9t\u00e9 et la tension intenses. Il est reconnu comme un <a href=\"https:\/\/gblexprimer.com\/hu\/termek\/-21\/\"><strong data-start=\"626\" data-end=\"651\">anxiolytique puissant<\/strong><\/a> \u00e9s egy <strong data-start=\"658\" data-end=\"692\">traitement anxiolytique fiable<\/strong>.<\/p>\n<p data-start=\"695\" data-end=\"983\">Con\u00e7u pour un usage m\u00e9dical de courte dur\u00e9e, Ativan Loraz\u00e9pam 2,5 mg agit rapidement pour r\u00e9tablir l&rsquo;\u00e9quilibre \u00e9motionnel et am\u00e9liorer le bien-\u00eatre g\u00e9n\u00e9ral. Son utilisation repose sur une <strong data-start=\"883\" data-end=\"911\">prescription obligatoire<\/strong> afin de garantir la <strong data-start=\"932\" data-end=\"960\">s\u00e9curit\u00e9 des m\u00e9dicaments<\/strong> et un usage appropri\u00e9.<\/p>\n<h3 data-section-id=\"gqivfl\" data-start=\"985\" data-end=\"1032\">Hogyan m\u0171k\u00f6dik az Ativan Lorazepam 2,5 mg?<\/h3>\n<p data-start=\"1034\" data-end=\"1294\">Ativan augmente l&rsquo;activit\u00e9 du GABA, un neurotransmetteur calmant naturel du cerveau. Cela ralentit l&rsquo;activit\u00e9 c\u00e9r\u00e9brale excessive associ\u00e9e \u00e0 l&rsquo;anxi\u00e9t\u00e9 et au stress, procurant une sensation de d\u00e9tente et de clart\u00e9 mentale gr\u00e2ce \u00e0 son <strong data-start=\"1267\" data-end=\"1293\">effet calmant c\u00e9r\u00e9bral<\/strong>.<\/p>\n<h3 data-section-id=\"1sge3vc\" data-start=\"1296\" data-end=\"1331\">F\u0151 ter\u00e1pi\u00e1s hat\u00e1sok<\/h3>\n<p data-start=\"1333\" data-end=\"1567\">Cs\u00f6kkenti a szorong\u00e1st \u00e9s a p\u00e1nikrohamokat<br data-start=\"1374\" data-end=\"1377\" \/>Csillap\u00edtja az izgatotts\u00e1got \u00e9s az \u00e9rzelmi stresszt<br data-start=\"1422\" data-end=\"1425\" \/>D\u00e9tend les muscles et am\u00e9liore le sommeil gr\u00e2ce \u00e0 son effet <a href=\"https:\/\/en.wikipedia.org\/wiki\/Lorazepam\"><strong data-start=\"1485\" data-end=\"1500\">myorelaxant<\/strong><\/a><br data-start=\"1500\" data-end=\"1503\" \/>Permet le <strong data-start=\"1513\" data-end=\"1548\">contr\u00f4le des crises d\u2019\u00e9pilepsie<\/strong> en cas d&rsquo;urgence<\/p>\n<h3 data-section-id=\"qon0hf\" data-start=\"1569\" data-end=\"1614\">Mode d'administration d'Ativan (loraz\u00e9pam)<\/h3>\n<p data-start=\"1616\" data-end=\"1921\">Az Ativan alkalmaz\u00e1s\u00e1nak m\u00f3dja a beteg eg\u00e9szs\u00e9gi \u00e1llapot\u00e1t\u00f3l, a t\u00fcnetek s\u00falyoss\u00e1g\u00e1t\u00f3l \u00e9s a kezel\u00e9s s\u00fcrg\u0151ss\u00e9g\u00e9t\u0151l f\u00fcgg. Az Ativan (lorazepam) k\u00fcl\u00f6nb\u00f6z\u0151 adagol\u00e1si form\u00e1kban kaphat\u00f3, \u00edgy rugalmasan alkalmazhat\u00f3 mind a rutinszer\u0171 j\u00e1r\u00f3beteg-ell\u00e1t\u00e1sban, mind a s\u00fcrg\u0151ss\u00e9gi helyzetekben.<\/p>\n<h3 data-section-id=\"1lv7xzm\" data-start=\"1923\" data-end=\"1978\">Hol lehet Ativan (Lorazepam) 2,5 mg-ot online v\u00e1s\u00e1rolni?<\/h3>\n<p data-start=\"1980\" data-end=\"2351\">Commandez en toute s\u00e9curit\u00e9 aupr\u00e8s d&rsquo;une <strong data-start=\"2021\" data-end=\"2050\">pharmacie en ligne fiable<\/strong> et d\u2019une <strong data-start=\"2060\" data-end=\"2080\">pharmacie agr\u00e9\u00e9e<\/strong>. Profitez d\u2019un <strong data-start=\"2096\" data-end=\"2118\">achat en ligne s\u00fbr<\/strong>, avec des <strong data-start=\"2129\" data-end=\"2157\">m\u00e9dicaments authentiques<\/strong>, un <strong data-start=\"2162\" data-end=\"2195\">paiement s\u00e9curis\u00e9 m\u00e9dicaments<\/strong> \u00e9s egy <strong data-start=\"2203\" data-end=\"2238\">commande s\u00e9curis\u00e9e de loraz\u00e9pam<\/strong>. La <strong data-start=\"2243\" data-end=\"2276\">disponibilit\u00e9 Ativan en ligne<\/strong> permet un acc\u00e8s rapide, accompagn\u00e9 d\u2019une <strong data-start=\"2318\" data-end=\"2350\">gyors, diszkr\u00e9t sz\u00e1ll\u00edt\u00e1s<\/strong>.<\/p>\n<p data-start=\"2353\" data-end=\"2473\">Gyors, nyomon k\u00f6vethet\u0151 sz\u00e1ll\u00edt\u00e1s. V\u00e1s\u00e1roljon Ativan (Lorazepam) 2,5 mg-ot online \u2013 M\u00e1r el\u00e9rhet\u0151 a k\u00f6vetkez\u0151 c\u00edmen: <strong><a href=\"https:\/\/gblexprimer.com\/hu\/\">GblExpress<\/a>.<\/strong><\/p>\n<h3 data-section-id=\"1kvoo38\" data-start=\"2475\" data-end=\"2503\">Gyakran Ism\u00e9telt K\u00e9rd\u00e9sek (GYIK)<\/h3>\n<p data-start=\"2505\" data-end=\"2681\"><strong data-start=\"2505\" data-end=\"2554\">K: Mi az Ativan (Lorazepam) 2,5 mg c\u00e9lja?<\/strong><br data-start=\"2554\" data-end=\"2557\" \/>A: Szorong\u00e1s, p\u00e1nikrohamok, \u00e1lmatlans\u00e1g, izgatotts\u00e1g kezel\u00e9s\u00e9re \u00e9s m\u0171t\u00e9t el\u0151tti szed\u00e1ci\u00f3ra haszn\u00e1lj\u00e1k.<\/p>\n<p data-start=\"2683\" data-end=\"2870\"><strong data-start=\"2683\" data-end=\"2753\">K: Biztons\u00e1gos az Ativan (Lorazepam) 2,5 mg online v\u00e1s\u00e1rl\u00e1sa?<\/strong><br data-start=\"2753\" data-end=\"2756\" \/>R : Oui, si vous l&rsquo;achetez aupr\u00e8s d&rsquo;une pharmacie agr\u00e9\u00e9e et v\u00e9rifi\u00e9e garantissant la <a href=\"https:\/\/www.mayoclinic.org\/drugs-supplements\/lorazepam-oral-route\/description\/drg-20072296\"><strong data-start=\"2841\" data-end=\"2869\">s\u00e9curit\u00e9 des m\u00e9dicaments<\/strong><\/a>.<\/p>\n<p data-start=\"2872\" data-end=\"3009\"><strong data-start=\"2872\" data-end=\"2931\">A: Mennyi id\u0151 alatt kezd el hatni az Ativan?<\/strong><br data-start=\"2931\" data-end=\"2934\" \/>V: A hat\u00e1sa 20-30 percen bel\u00fcl jelentkezik, \u00e9s 6-8 \u00f3r\u00e1n \u00e1t tart.<\/p>\n<h3 data-section-id=\"1gmgd3q\" data-start=\"3011\" data-end=\"3029\">Fontos megjegyz\u00e9s<\/h3>\n<p data-start=\"3031\" data-end=\"3359\">La posologie doit \u00eatre adapt\u00e9e individuellement par un professionnel de sant\u00e9 qualifi\u00e9. L\u2019Ativan doit \u00eatre pris uniquement selon la prescription et la posologie ne doit pas \u00eatre augment\u00e9e ni le traitement interrompu brutalement sans avis m\u00e9dical en raison du risque de <strong data-start=\"3300\" data-end=\"3327\">d\u00e9pendance au loraz\u00e9pam<\/strong> \u00e9s <strong data-start=\"3334\" data-end=\"3358\">sympt\u00f4mes de sevrage<\/strong>. <a href=\"https:\/\/gblexprimer.com\/hu\/termek\/lorazepam-25-mg-buborekcsomagolasban\/\"><strong>Voir les d\u00e9tails du produit<\/strong><\/a><\/p>","protected":false},"excerpt":{"rendered":"<p>Ativan Loraz\u00e9pam 2,5 mg : un soulagement rapide et efficace de l&rsquo;anxi\u00e9t\u00e9 Ativan Loraz\u00e9pam 2,5 mg est un m\u00e9dicament sur ordonnance utilis\u00e9 pour traiter les troubles anxieux, les crises de panique, l&rsquo;agitation et l&rsquo;insomnie li\u00e9es au stress et \u00e0 l&rsquo;anxi\u00e9t\u00e9. Appartenant \u00e0 la famille des benzodiaz\u00e9pines, Ativan procure de puissants effets calmants, s\u00e9datifs et myorelaxant, [&hellip;]<\/p>","protected":false},"featured_media":87,"comment_status":"open","ping_status":"closed","template":"","meta":{"site-sidebar-layout":"default","site-content-layout":"","ast-site-content-layout":"default","site-content-style":"default","site-sidebar-style":"default","ast-global-header-display":"","ast-banner-title-visibility":"","ast-main-header-display":"","ast-hfb-above-header-display":"","ast-hfb-below-header-display":"","ast-hfb-mobile-header-display":"","site-post-title":"","ast-breadcrumbs-content":"","ast-featured-img":"","footer-sml-layout":"","theme-transparent-header-meta":"default","adv-header-id-meta":"","stick-header-meta":"","header-above-stick-meta":"","header-main-stick-meta":"","header-below-stick-meta":"","astra-migrate-meta-layouts":"set","ast-page-background-enabled":"default","ast-page-background-meta":{"desktop":{"background-color":"","background-image":"","background-repeat":"repeat","background-position":"center center","background-size":"auto","background-attachment":"scroll","background-type":"","background-media":"","overlay-type":"","overlay-color":"","overlay-opacity":"","overlay-gradient":""},"tablet":{"background-color":"","background-image":"","background-repeat":"repeat","background-position":"center center","background-size":"auto","background-attachment":"scroll","background-type":"","background-media":"","overlay-type":"","overlay-color":"","overlay-opacity":"","overlay-gradient":""},"mobile":{"background-color":"","background-image":"","background-repeat":"repeat","background-position":"center center","background-size":"auto","background-attachment":"scroll","background-type":"","background-media":"","overlay-type":"","overlay-color":"","overlay-opacity":"","overlay-gradient":""}},"ast-content-background-meta":{"desktop":{"background-color":"var(--ast-global-color-5)","background-image":"","background-repeat":"repeat","background-position":"center center","background-size":"auto","background-attachment":"scroll","background-type":"","background-media":"","overlay-type":"","overlay-color":"","overlay-opacity":"","overlay-gradient":""},"tablet":{"background-color":"var(--ast-global-color-5)","background-image":"","background-repeat":"repeat","background-position":"center center","background-size":"auto","background-attachment":"scroll","background-type":"","background-media":"","overlay-type":"","overlay-color":"","overlay-opacity":"","overlay-gradient":""},"mobile":{"background-color":"var(--ast-global-color-5)","background-image":"","background-repeat":"repeat","background-position":"center center","background-size":"auto","background-attachment":"scroll","background-type":"","background-media":"","overlay-type":"","overlay-color":"","overlay-opacity":"","overlay-gradient":""}},"_joinchat":[]},"product_brand":[],"product_cat":[84],"product_tag":[],"class_list":{"0":"post-76","1":"product","2":"type-product","3":"status-publish","4":"has-post-thumbnail","6":"product_cat-ko-drops","7":"desktop-align-left","8":"tablet-align-left","9":"mobile-align-left","11":"first","12":"instock","13":"featured","14":"shipping-taxable","15":"purchasable","16":"product-type-variable"},"yoast_head":"<!-- This site is optimized with the Yoast SEO plugin v26.9 - https:\/\/yoast.com\/product\/yoast-seo-wordpress\/ -->\n<title>Acheter Loraz\u00e9pam 2,5 mg sous blister en ligne | GbleExprimer<\/title>\n<meta name=\"description\" content=\"Le loraz\u00e9pam est un m\u00e9dicament de la famille des benzodiaz\u00e9pines couramment prescrit pour traiter l&#039;anxi\u00e9t\u00e9, l&#039;insomnie et les troubles convulsifs. D\u00e9couvrez ses indications th\u00e9rapeutiques, sa posologie et les pr\u00e9cautions d&#039;emploi.\" \/>\n<meta name=\"robots\" content=\"index, follow, max-snippet:-1, max-image-preview:large, max-video-preview:-1\" \/>\n<link rel=\"canonical\" href=\"https:\/\/gblexprimer.com\/hu\/termek\/lorazepam-25-mg-buborekcsomagolasban\/\" \/>\n<meta property=\"og:locale\" content=\"hu_HU\" \/>\n<meta property=\"og:type\" content=\"article\" \/>\n<meta property=\"og:title\" content=\"Acheter Loraz\u00e9pam 2,5 mg sous blister en ligne | GbleExprimer\" \/>\n<meta property=\"og:description\" content=\"Le loraz\u00e9pam est un m\u00e9dicament de la famille des benzodiaz\u00e9pines couramment prescrit pour traiter l&#039;anxi\u00e9t\u00e9, l&#039;insomnie et les troubles convulsifs. D\u00e9couvrez ses indications th\u00e9rapeutiques, sa posologie et les pr\u00e9cautions d&#039;emploi.\" \/>\n<meta property=\"og:url\" content=\"https:\/\/gblexprimer.com\/hu\/termek\/lorazepam-25-mg-buborekcsomagolasban\/\" \/>\n<meta property=\"og:site_name\" content=\"GBL Exprimer\" \/>\n<meta property=\"article:modified_time\" content=\"2026-04-08T09:28:17+00:00\" \/>\n<meta property=\"og:image\" content=\"https:\/\/gblexprimer.com\/wp-content\/uploads\/2023\/12\/Lorazepam-2.5mg-Im-Blister.jpg\" \/>\n\t<meta property=\"og:image:width\" content=\"600\" \/>\n\t<meta property=\"og:image:height\" content=\"600\" \/>\n\t<meta property=\"og:image:type\" content=\"image\/jpeg\" \/>\n<meta name=\"twitter:card\" content=\"summary_large_image\" \/>\n<meta name=\"twitter:label1\" content=\"Becs\u00fclt olvas\u00e1si id\u0151\" \/>\n\t<meta name=\"twitter:data1\" content=\"3 perc\" \/>\n<script type=\"application\/ld+json\" class=\"yoast-schema-graph\">{\"@context\":\"https:\/\/schema.org\",\"@graph\":[{\"@type\":\"WebPage\",\"@id\":\"https:\/\/gblexprimer.com\/product\/lorazepam-25-mg-sous-blister\/\",\"url\":\"https:\/\/gblexprimer.com\/product\/lorazepam-25-mg-sous-blister\/\",\"name\":\"Acheter Loraz\u00e9pam 2,5 mg sous blister en ligne | GbleExprimer\",\"isPartOf\":{\"@id\":\"https:\/\/gblexprimer.com\/#website\"},\"primaryImageOfPage\":{\"@id\":\"https:\/\/gblexprimer.com\/product\/lorazepam-25-mg-sous-blister\/#primaryimage\"},\"image\":{\"@id\":\"https:\/\/gblexprimer.com\/product\/lorazepam-25-mg-sous-blister\/#primaryimage\"},\"thumbnailUrl\":\"https:\/\/gblexprimer.com\/wp-content\/uploads\/2023\/12\/Lorazepam-2.5mg-Im-Blister.jpg\",\"datePublished\":\"2023-12-26T07:26:48+00:00\",\"dateModified\":\"2026-04-08T09:28:17+00:00\",\"description\":\"Le loraz\u00e9pam est un m\u00e9dicament de la famille des benzodiaz\u00e9pines couramment prescrit pour traiter l'anxi\u00e9t\u00e9, l'insomnie et les troubles convulsifs. D\u00e9couvrez ses indications th\u00e9rapeutiques, sa posologie et les pr\u00e9cautions d'emploi.\",\"breadcrumb\":{\"@id\":\"https:\/\/gblexprimer.com\/product\/lorazepam-25-mg-sous-blister\/#breadcrumb\"},\"inLanguage\":\"hu\",\"potentialAction\":[{\"@type\":\"ReadAction\",\"target\":[\"https:\/\/gblexprimer.com\/product\/lorazepam-25-mg-sous-blister\/\"]}]},{\"@type\":\"ImageObject\",\"inLanguage\":\"hu\",\"@id\":\"https:\/\/gblexprimer.com\/product\/lorazepam-25-mg-sous-blister\/#primaryimage\",\"url\":\"https:\/\/gblexprimer.com\/wp-content\/uploads\/2023\/12\/Lorazepam-2.5mg-Im-Blister.jpg\",\"contentUrl\":\"https:\/\/gblexprimer.com\/wp-content\/uploads\/2023\/12\/Lorazepam-2.5mg-Im-Blister.jpg\",\"width\":600,\"height\":600,\"caption\":\"Acheter Loraz\u00e9pam 2,5 mg sous blister en ligne\"},{\"@type\":\"BreadcrumbList\",\"@id\":\"https:\/\/gblexprimer.com\/product\/lorazepam-25-mg-sous-blister\/#breadcrumb\",\"itemListElement\":[{\"@type\":\"ListItem\",\"position\":1,\"name\":\"Home\",\"item\":\"https:\/\/gblexprimer.com\/\"},{\"@type\":\"ListItem\",\"position\":2,\"name\":\"Shop\",\"item\":\"https:\/\/gblexprimer.com\/shop\/\"},{\"@type\":\"ListItem\",\"position\":3,\"name\":\"Acheter Loraz\u00e9pam 2,5 mg sous blister en ligne\"}]},{\"@type\":\"WebSite\",\"@id\":\"https:\/\/gblexprimer.com\/#website\",\"url\":\"https:\/\/gblexprimer.com\/\",\"name\":\"GBL Exprimer\",\"description\":\"\",\"publisher\":{\"@id\":\"https:\/\/gblexprimer.com\/#organization\"},\"potentialAction\":[{\"@type\":\"SearchAction\",\"target\":{\"@type\":\"EntryPoint\",\"urlTemplate\":\"https:\/\/gblexprimer.com\/?s={search_term_string}\"},\"query-input\":{\"@type\":\"PropertyValueSpecification\",\"valueRequired\":true,\"valueName\":\"search_term_string\"}}],\"inLanguage\":\"hu\"},{\"@type\":\"Organization\",\"@id\":\"https:\/\/gblexprimer.com\/#organization\",\"name\":\"GBL Exprimer\",\"url\":\"https:\/\/gblexprimer.com\/\",\"logo\":{\"@type\":\"ImageObject\",\"inLanguage\":\"hu\",\"@id\":\"https:\/\/gblexprimer.com\/#\/schema\/logo\/image\/\",\"url\":\"https:\/\/gblexprimer.com\/wp-content\/uploads\/2024\/01\/logo.png\",\"contentUrl\":\"https:\/\/gblexprimer.com\/wp-content\/uploads\/2024\/01\/logo.png\",\"width\":220,\"height\":80,\"caption\":\"GBL Exprimer\"},\"image\":{\"@id\":\"https:\/\/gblexprimer.com\/#\/schema\/logo\/image\/\"}}]}<\/script>\n<!-- \/ Yoast SEO plugin. -->","yoast_head_json":{"title":"Acheter Loraz\u00e9pam 2,5 mg sous blister en ligne | GbleExprimer","description":"Le loraz\u00e9pam est un m\u00e9dicament de la famille des benzodiaz\u00e9pines couramment prescrit pour traiter l'anxi\u00e9t\u00e9, l'insomnie et les troubles convulsifs. D\u00e9couvrez ses indications th\u00e9rapeutiques, sa posologie et les pr\u00e9cautions d'emploi.","robots":{"index":"index","follow":"follow","max-snippet":"max-snippet:-1","max-image-preview":"max-image-preview:large","max-video-preview":"max-video-preview:-1"},"canonical":"https:\/\/gblexprimer.com\/hu\/termek\/lorazepam-25-mg-buborekcsomagolasban\/","og_locale":"hu_HU","og_type":"article","og_title":"Acheter Loraz\u00e9pam 2,5 mg sous blister en ligne | GbleExprimer","og_description":"Le loraz\u00e9pam est un m\u00e9dicament de la famille des benzodiaz\u00e9pines couramment prescrit pour traiter l'anxi\u00e9t\u00e9, l'insomnie et les troubles convulsifs. D\u00e9couvrez ses indications th\u00e9rapeutiques, sa posologie et les pr\u00e9cautions d'emploi.","og_url":"https:\/\/gblexprimer.com\/hu\/termek\/lorazepam-25-mg-buborekcsomagolasban\/","og_site_name":"GBL Exprimer","article_modified_time":"2026-04-08T09:28:17+00:00","og_image":[{"width":600,"height":600,"url":"https:\/\/gblexprimer.com\/wp-content\/uploads\/2023\/12\/Lorazepam-2.5mg-Im-Blister.jpg","type":"image\/jpeg"}],"twitter_card":"summary_large_image","twitter_misc":{"Becs\u00fclt olvas\u00e1si id\u0151":"3 perc"},"schema":{"@context":"https:\/\/schema.org","@graph":[{"@type":"WebPage","@id":"https:\/\/gblexprimer.com\/product\/lorazepam-25-mg-sous-blister\/","url":"https:\/\/gblexprimer.com\/product\/lorazepam-25-mg-sous-blister\/","name":"Acheter Loraz\u00e9pam 2,5 mg sous blister en ligne | GbleExprimer","isPartOf":{"@id":"https:\/\/gblexprimer.com\/#website"},"primaryImageOfPage":{"@id":"https:\/\/gblexprimer.com\/product\/lorazepam-25-mg-sous-blister\/#primaryimage"},"image":{"@id":"https:\/\/gblexprimer.com\/product\/lorazepam-25-mg-sous-blister\/#primaryimage"},"thumbnailUrl":"https:\/\/gblexprimer.com\/wp-content\/uploads\/2023\/12\/Lorazepam-2.5mg-Im-Blister.jpg","datePublished":"2023-12-26T07:26:48+00:00","dateModified":"2026-04-08T09:28:17+00:00","description":"Le loraz\u00e9pam est un m\u00e9dicament de la famille des benzodiaz\u00e9pines couramment prescrit pour traiter l'anxi\u00e9t\u00e9, l'insomnie et les troubles convulsifs. D\u00e9couvrez ses indications th\u00e9rapeutiques, sa posologie et les pr\u00e9cautions d'emploi.","breadcrumb":{"@id":"https:\/\/gblexprimer.com\/product\/lorazepam-25-mg-sous-blister\/#breadcrumb"},"inLanguage":"hu","potentialAction":[{"@type":"ReadAction","target":["https:\/\/gblexprimer.com\/product\/lorazepam-25-mg-sous-blister\/"]}]},{"@type":"ImageObject","inLanguage":"hu","@id":"https:\/\/gblexprimer.com\/product\/lorazepam-25-mg-sous-blister\/#primaryimage","url":"https:\/\/gblexprimer.com\/wp-content\/uploads\/2023\/12\/Lorazepam-2.5mg-Im-Blister.jpg","contentUrl":"https:\/\/gblexprimer.com\/wp-content\/uploads\/2023\/12\/Lorazepam-2.5mg-Im-Blister.jpg","width":600,"height":600,"caption":"Acheter Loraz\u00e9pam 2,5 mg sous blister en ligne"},{"@type":"BreadcrumbList","@id":"https:\/\/gblexprimer.com\/product\/lorazepam-25-mg-sous-blister\/#breadcrumb","itemListElement":[{"@type":"ListItem","position":1,"name":"Home","item":"https:\/\/gblexprimer.com\/"},{"@type":"ListItem","position":2,"name":"Shop","item":"https:\/\/gblexprimer.com\/shop\/"},{"@type":"ListItem","position":3,"name":"Acheter Loraz\u00e9pam 2,5 mg sous blister en ligne"}]},{"@type":"WebSite","@id":"https:\/\/gblexprimer.com\/#website","url":"https:\/\/gblexprimer.com\/","name":"GBL Express","description":"","publisher":{"@id":"https:\/\/gblexprimer.com\/#organization"},"potentialAction":[{"@type":"SearchAction","target":{"@type":"EntryPoint","urlTemplate":"https:\/\/gblexprimer.com\/?s={search_term_string}"},"query-input":{"@type":"PropertyValueSpecification","valueRequired":true,"valueName":"search_term_string"}}],"inLanguage":"hu"},{"@type":"Organization","@id":"https:\/\/gblexprimer.com\/#organization","name":"GBL Express","url":"https:\/\/gblexprimer.com\/","logo":{"@type":"ImageObject","inLanguage":"hu","@id":"https:\/\/gblexprimer.com\/#\/schema\/logo\/image\/","url":"https:\/\/gblexprimer.com\/wp-content\/uploads\/2024\/01\/logo.png","contentUrl":"https:\/\/gblexprimer.com\/wp-content\/uploads\/2024\/01\/logo.png","width":220,"height":80,"caption":"GBL Exprimer"},"image":{"@id":"https:\/\/gblexprimer.com\/#\/schema\/logo\/image\/"}}]}},"_links":{"self":[{"href":"https:\/\/gblexprimer.com\/hu\/wp-json\/wp\/v2\/product\/76","targetHints":{"allow":["GET"]}}],"collection":[{"href":"https:\/\/gblexprimer.com\/hu\/wp-json\/wp\/v2\/product"}],"about":[{"href":"https:\/\/gblexprimer.com\/hu\/wp-json\/wp\/v2\/types\/product"}],"replies":[{"embeddable":true,"href":"https:\/\/gblexprimer.com\/hu\/wp-json\/wp\/v2\/comments?post=76"}],"wp:featuredmedia":[{"embeddable":true,"href":"https:\/\/gblexprimer.com\/hu\/wp-json\/wp\/v2\/media\/87"}],"wp:attachment":[{"href":"https:\/\/gblexprimer.com\/hu\/wp-json\/wp\/v2\/media?parent=76"}],"wp:term":[{"taxonomy":"product_brand","embeddable":true,"href":"https:\/\/gblexprimer.com\/hu\/wp-json\/wp\/v2\/product_brand?post=76"},{"taxonomy":"product_cat","embeddable":true,"href":"https:\/\/gblexprimer.com\/hu\/wp-json\/wp\/v2\/product_cat?post=76"},{"taxonomy":"product_tag","embeddable":true,"href":"https:\/\/gblexprimer.com\/hu\/wp-json\/wp\/v2\/product_tag?post=76"}],"curies":[{"name":"wp","href":"https:\/\/api.w.org\/{rel}","templated":true}]}}