{"id":5221,"date":"2025-02-02T00:33:12","date_gmt":"2025-02-02T00:33:12","guid":{"rendered":"https:\/\/gblexprimer.com\/?page_id=5221"},"modified":"2025-02-02T00:33:13","modified_gmt":"2025-02-02T00:33:13","slug":"quest-ce-que-le-ghb","status":"publish","type":"page","link":"https:\/\/gblexprimer.com\/it\/quest-ce-que-le-ghb\/","title":{"rendered":"Che cos'\u00e8 il GHB?"},"content":{"rendered":"<figure class=\"wp-block-image aligncenter size-full is-resized\"><img fetchpriority=\"high\" decoding=\"async\" width=\"225\" height=\"224\" src=\"https:\/\/gblexprimer.com\/wp-content\/uploads\/2025\/02\/Heaven-Pure-Ecstasy-12.jpeg\" alt=\"\" class=\"wp-image-5222\" style=\"width:225px;height:auto\" srcset=\"https:\/\/gblexprimer.com\/wp-content\/uploads\/2025\/02\/Heaven-Pure-Ecstasy-12.jpeg 225w, https:\/\/gblexprimer.com\/wp-content\/uploads\/2025\/02\/Heaven-Pure-Ecstasy-12-150x150.jpeg 150w, https:\/\/gblexprimer.com\/wp-content\/uploads\/2025\/02\/Heaven-Pure-Ecstasy-12-12x12.jpeg 12w, https:\/\/gblexprimer.com\/wp-content\/uploads\/2025\/02\/Heaven-Pure-Ecstasy-12-100x100.jpeg 100w\" sizes=\"(max-width: 225px) 100vw, 225px\" \/><\/figure>\n\n\n\n<p>Le GHB (gamma hydroxybutyrate) est un liquide inodore et incolore au go\u00fbt l\u00e9g\u00e8rement sal\u00e9. Il est class\u00e9 parmi les s\u00e9datifs et appartient \u00e0 la m\u00eame famille de m\u00e9dicaments que le Rohypnol et la k\u00e9tamine, Qu&rsquo;est-ce que le GHB <a href=\"https:\/\/chemspowder.com\/es\/\">.<\/a><\/p>\n\n\n\n<p>Le GHB est utilis\u00e9 comme anesth\u00e9sique g\u00e9n\u00e9ral en Europe. Aux \u00c9tats-Unis, la FDA a approuv\u00e9 le GHB pour le traitement de la narcolepsie (un trouble du sommeil) en 2002. Cette autorisation \u00e9tait assortie de restrictions s\u00e9v\u00e8res, notamment l&rsquo;utilisation du GHB uniquement pour le traitement de la narcolepsie et l&rsquo;obligation de cr\u00e9er un registre de patients contr\u00f4l\u00e9 par la FDA<a href=\"https:\/\/gblexprimer.com\/it\/\">.<\/a><\/p>\n\n\n\n<p>Le GHB a \u00e9t\u00e9 utilis\u00e9 dans ce pays comme drogue du viol : il peut \u00eatre gliss\u00e9 dans le verre de la victime, provoquant des vertiges, de la confusion, de la somnolence et parfois une perte de conscience. Lorsque le GHB est associ\u00e9 \u00e0 l&rsquo;alcool, il est particuli\u00e8rement dangereux car la combinaison de deux d\u00e9presseurs peut entra\u00eener une overdose. Avant que l&rsquo;usage du GHB ne soit restreint, il \u00e9tait commercialis\u00e9 aupr\u00e8s des culturistes comme un produit permettant de lib\u00e9rer l&rsquo;hormone de croissance et de d\u00e9velopper les muscles. Il n&rsquo;existe aucune preuve qu&rsquo;il produise cet effet. Le GHB \u00e9tait \u00e9galement commercialis\u00e9 en tant que suppl\u00e9ment \u00ab \u00e0 base de plantes \u00bb pour aider \u00e0 dormir et \u00e0 lutter contre la d\u00e9pression.<\/p>\n\n\n\n<p>Les chercheurs ne savent pas pr\u00e9cis\u00e9ment comment le GHB agit sur la neurochimie, mais il est consid\u00e9r\u00e9 comme un s\u00e9datif tr\u00e8s puissant, car de petites doses peuvent avoir des effets graves, tels que la perte de conscience. Des preuves sugg\u00e8rent qu&rsquo;il traverse facilement la barri\u00e8re h\u00e9mato-enc\u00e9phalique, le m\u00e9canisme physiologique qui r\u00e9gule la lib\u00e9ration de substances chimiques et de nutriments dans le cerveau. Il a donc la capacit\u00e9 d&rsquo;agir directement sur le cerveau d&rsquo;une mani\u00e8re que d&rsquo;autres m\u00e9dicaments n&rsquo;ont pas.<\/p>\n\n\n\n<h3 class=\"wp-block-heading\">Comment le GHB est-il utilis\u00e9 ?<\/h3>\n\n\n\n<p>Le GHB est g\u00e9n\u00e9ralement consomm\u00e9 sous forme liquide, mais on le trouve parfois sous forme de poudre, de comprim\u00e9s ou de g\u00e9lules. \u00c9tant donn\u00e9 que, sous sa forme liquide, la force du GHB varie et que les r\u00e9actions des personnes varient, il est tr\u00e8s facile d&rsquo;absorber une dose dangereuse de cette drogue. Les effets de la drogue commencent 10 \u00e0 20 minutes apr\u00e8s la prise et durent jusqu&rsquo;\u00e0 4 heures.<\/p>\n\n\n\n<h2 class=\"wp-block-heading\">Pourquoi les gens prennent-ils du GHB ?<\/h2>\n\n\n\n<p>Le GHB peut produire des hallucinations et des sentiments de relaxation et d&rsquo;euphorie. Les personnes qui consomment du GHB d\u00e9clarent \u00e9galement ressentir un regain d&rsquo;\u00e9nergie, se sentir affectueuses et sociables, une l\u00e9g\u00e8re d\u00e9sinhibition et une am\u00e9lioration de leur exp\u00e9rience sexuelle.<\/p>\n\n\n\n<h3 class=\"wp-block-heading\">La prise de GHB pr\u00e9sente-t-elle des risques \u00e0 court terme ?<\/h3>\n\n\n\n<p>Les risques pour la sant\u00e9 comprennent les naus\u00e9es, la perte de coordination, les difficult\u00e9s de concentration et la perte du r\u00e9flexe naus\u00e9eux. Les doses \u00e9tant difficiles \u00e0 quantifier, un surdosage peut se produire assez facilement, en particulier lorsqu&rsquo;il est associ\u00e9 \u00e0 de l&rsquo;alcool. Les signes avant-coureurs d&rsquo;un surdosage de GHB peuvent \u00eatre les suivants<\/p>\n\n\n\n<p>Vomissements<br>Maux de t\u00eate intenses<br>Respiration et rythme cardiaque tr\u00e8s lents<br>Sympt\u00f4mes de sevrage tels que l&rsquo;insomnie, l&rsquo;anxi\u00e9t\u00e9, les tremblements et la transpiration<br>des pertes de m\u00e9moire<br>Difficult\u00e9s respiratoires<br>Perte de conscience<\/p>\n\n\n\n<p>En raison du risque d&rsquo;overdose, le GHB est peut-\u00eatre la drogue de club la plus dangereuse en termes de cons\u00e9quences imm\u00e9diates. Le GHB a caus\u00e9 73 d\u00e9c\u00e8s depuis 1995. Le nombre d&rsquo;admissions aux urgences pour cause de GHB a presque quadrupl\u00e9 au niveau national entre 1998 et 2000, avec 4 969 cas signal\u00e9s.<\/p>\n\n\n\n<p>Le GHB quittant relativement rapidement le syst\u00e8me corporel, il n&rsquo;est pas facilement d\u00e9tectable par les tests m\u00e9dicaux. Il est important de signaler \u00e0 un professionnel de la sant\u00e9 que vous avez consomm\u00e9 du GHB afin de recevoir l&rsquo;aide m\u00e9dicale appropri\u00e9e.<\/p>\n\n\n\n<p>Le GHB peut facilement \u00eatre gliss\u00e9 dans la boisson d&rsquo;une personne sans \u00eatre d\u00e9tect\u00e9. Si vous commencez \u00e0 ressentir des sympt\u00f4mes qui n&rsquo;ont rien \u00e0 voir avec ce que vous buvez, demandez imm\u00e9diatement de l&rsquo;aide.<\/p>\n\n\n\n<p>N&rsquo;oubliez pas que les drogues ill\u00e9gales sont produites dans des laboratoires clandestins et que vous ne pouvez jamais \u00eatre s\u00fbr de ce que contient la drogue ou de sa puissance. Fabriquer du GHB \u00e0 partir d&rsquo;une recette est \u00e9galement extr\u00eamement dangereux, car un certain nombre de personnes qui n&rsquo;avaient pas formul\u00e9 le GHB correctement se sont br\u00fbl\u00e9 la bouche, la gorge et l&rsquo;\u0153sophage avec ce qui \u00e9tait essentiellement un compos\u00e9 acide.<\/p>\n\n\n\n<h4 class=\"wp-block-heading\">Le GHB cr\u00e9e-t-il une d\u00e9pendance ?<\/h4>\n\n\n\n<p>La consommation r\u00e9p\u00e9t\u00e9e de GHB peut entra\u00eener des effets de sevrage, notamment l&rsquo;insomnie, l&rsquo;anxi\u00e9t\u00e9 et les tremblements. L&rsquo;exp\u00e9rience du sevrage est l&rsquo;un des signes de la d\u00e9pendance. Il n&rsquo;existe pas beaucoup de statistiques sur l&rsquo;abus de GHB, mais les informations disponibles sugg\u00e8rent que l&rsquo;abus de GHB est en augmentation. Un certain nombre de cas de d\u00e9pendance au GHB ont \u00e9t\u00e9 signal\u00e9s et il semble qu&rsquo;une fois qu&rsquo;une personne est d\u00e9pendante, il est plus difficile de se d\u00e9faire du GHB que de la coca\u00efne ou de l&rsquo;h\u00e9ro\u00efne. Les possibilit\u00e9s de traitement restent limit\u00e9es. En raison de la gravit\u00e9 des sympt\u00f4mes de sevrage du GHB, il est imp\u00e9ratif d&rsquo;avoir recours \u00e0 une aide professionnelle lors de la d\u00e9sintoxication. Le sevrage peut inclure le d\u00e9lire, la d\u00e9sorientation et des hallucinations qui peuvent durer jusqu&rsquo;\u00e0 deux semaines Qu&rsquo;est-ce que le GHB.<\/p>\n\n\n\n<h4 class=\"wp-block-heading\">Le GHB est-il ill\u00e9gal ?<\/h4>\n\n\n\n<p>L&rsquo;utilisation du GHB n&rsquo;est l\u00e9gale que lorsqu&rsquo;il est prescrit \u00e0 une personne pour le traitement de la narcolepsie. Les autres types de possession, d&rsquo;utilisation, de fabrication et de vente sont passibles de lourdes peines d&#8217;emprisonnement, d&rsquo;amendes et de sanctions disciplinaires \u00e0 l&rsquo;UCSC.<\/p>\n\n\n\n<p>Comment puis-je aider un ami qui a des probl\u00e8mes avec la drogue ?<br>Si vous \u00eates pr\u00e9occup\u00e9 par la consommation de drogue ou d&rsquo;alcool d&rsquo;un ami, cette page contient des informations utiles sur les diff\u00e9rentes fa\u00e7ons de l&rsquo;aider, Qu&rsquo;est-ce que le GHB.<\/p>","protected":false},"excerpt":{"rendered":"<p>Le GHB (gamma hydroxybutyrate) est un liquide inodore et incolore au go\u00fbt l\u00e9g\u00e8rement sal\u00e9. Il est class\u00e9 parmi les s\u00e9datifs et appartient \u00e0 la m\u00eame famille de m\u00e9dicaments que le Rohypnol et la k\u00e9tamine, Qu&rsquo;est-ce que le GHB . Le GHB est utilis\u00e9 comme anesth\u00e9sique g\u00e9n\u00e9ral en Europe. Aux \u00c9tats-Unis, la FDA a approuv\u00e9 le [&hellip;]<\/p>","protected":false},"author":1,"featured_media":0,"parent":0,"menu_order":0,"comment_status":"closed","ping_status":"closed","template":"","meta":{"site-sidebar-layout":"default","site-content-layout":"","ast-site-content-layout":"","site-content-style":"default","site-sidebar-style":"default","ast-global-header-display":"","ast-banner-title-visibility":"","ast-main-header-display":"","ast-hfb-above-header-display":"","ast-hfb-below-header-display":"","ast-hfb-mobile-header-display":"","site-post-title":"","ast-breadcrumbs-content":"","ast-featured-img":"","footer-sml-layout":"","theme-transparent-header-meta":"","adv-header-id-meta":"","stick-header-meta":"","header-above-stick-meta":"","header-main-stick-meta":"","header-below-stick-meta":"","astra-migrate-meta-layouts":"default","ast-page-background-enabled":"default","ast-page-background-meta":{"desktop":{"background-color":"","background-image":"","background-repeat":"repeat","background-position":"center center","background-size":"auto","background-attachment":"scroll","background-type":"","background-media":"","overlay-type":"","overlay-color":"","overlay-opacity":"","overlay-gradient":""},"tablet":{"background-color":"","background-image":"","background-repeat":"repeat","background-position":"center center","background-size":"auto","background-attachment":"scroll","background-type":"","background-media":"","overlay-type":"","overlay-color":"","overlay-opacity":"","overlay-gradient":""},"mobile":{"background-color":"","background-image":"","background-repeat":"repeat","background-position":"center center","background-size":"auto","background-attachment":"scroll","background-type":"","background-media":"","overlay-type":"","overlay-color":"","overlay-opacity":"","overlay-gradient":""}},"ast-content-background-meta":{"desktop":{"background-color":"var(--ast-global-color-5)","background-image":"","background-repeat":"repeat","background-position":"center center","background-size":"auto","background-attachment":"scroll","background-type":"","background-media":"","overlay-type":"","overlay-color":"","overlay-opacity":"","overlay-gradient":""},"tablet":{"background-color":"var(--ast-global-color-5)","background-image":"","background-repeat":"repeat","background-position":"center center","background-size":"auto","background-attachment":"scroll","background-type":"","background-media":"","overlay-type":"","overlay-color":"","overlay-opacity":"","overlay-gradient":""},"mobile":{"background-color":"var(--ast-global-color-5)","background-image":"","background-repeat":"repeat","background-position":"center center","background-size":"auto","background-attachment":"scroll","background-type":"","background-media":"","overlay-type":"","overlay-color":"","overlay-opacity":"","overlay-gradient":""}},"_joinchat":[],"footnotes":""},"class_list":["post-5221","page","type-page","status-publish","hentry"],"yoast_head":"<!-- This site is optimized with the Yoast SEO plugin v26.9 - https:\/\/yoast.com\/product\/yoast-seo-wordpress\/ -->\n<title>Qu&#039;est-ce que le GHB - GHB (gamma hydroxybutyrate)<\/title>\n<meta name=\"description\" content=\"Qu&#039;est-ce que le GHB , La consommation r\u00e9p\u00e9t\u00e9e de GHB peut entra\u00eener des effets de sevrage, notamment l&#039;insomnie, l&#039;anxi\u00e9t\u00e9 et les tremblements. L&#039;exp\u00e9rience du sevrage est l&#039;un des signes de la d\u00e9pendance.\" \/>\n<meta name=\"robots\" content=\"index, follow, max-snippet:-1, max-image-preview:large, max-video-preview:-1\" \/>\n<link rel=\"canonical\" href=\"https:\/\/gblexprimer.com\/it\/quest-ce-que-le-ghb\/\" \/>\n<meta property=\"og:locale\" content=\"it_IT\" \/>\n<meta property=\"og:type\" content=\"article\" \/>\n<meta property=\"og:title\" content=\"Qu&#039;est-ce que le GHB - GHB (gamma hydroxybutyrate)\" \/>\n<meta property=\"og:description\" content=\"Qu&#039;est-ce que le GHB , La consommation r\u00e9p\u00e9t\u00e9e de GHB peut entra\u00eener des effets de sevrage, notamment l&#039;insomnie, l&#039;anxi\u00e9t\u00e9 et les tremblements. L&#039;exp\u00e9rience du sevrage est l&#039;un des signes de la d\u00e9pendance.\" \/>\n<meta property=\"og:url\" content=\"https:\/\/gblexprimer.com\/it\/quest-ce-que-le-ghb\/\" \/>\n<meta property=\"og:site_name\" content=\"GBL Exprimer\" \/>\n<meta property=\"article:modified_time\" content=\"2025-02-02T00:33:13+00:00\" \/>\n<meta property=\"og:image\" content=\"https:\/\/gblexprimer.com\/wp-content\/uploads\/2025\/02\/Heaven-Pure-Ecstasy-12.jpeg\" \/>\n<meta name=\"twitter:card\" content=\"summary_large_image\" \/>\n<meta name=\"twitter:label1\" content=\"Tempo di lettura stimato\" \/>\n\t<meta name=\"twitter:data1\" content=\"5 minuti\" \/>\n<script type=\"application\/ld+json\" class=\"yoast-schema-graph\">{\"@context\":\"https:\/\/schema.org\",\"@graph\":[{\"@type\":\"WebPage\",\"@id\":\"https:\/\/gblexprimer.com\/quest-ce-que-le-ghb\/\",\"url\":\"https:\/\/gblexprimer.com\/quest-ce-que-le-ghb\/\",\"name\":\"Qu'est-ce que le GHB - GHB (gamma hydroxybutyrate)\",\"isPartOf\":{\"@id\":\"https:\/\/gblexprimer.com\/#website\"},\"primaryImageOfPage\":{\"@id\":\"https:\/\/gblexprimer.com\/quest-ce-que-le-ghb\/#primaryimage\"},\"image\":{\"@id\":\"https:\/\/gblexprimer.com\/quest-ce-que-le-ghb\/#primaryimage\"},\"thumbnailUrl\":\"https:\/\/gblexprimer.com\/wp-content\/uploads\/2025\/02\/Heaven-Pure-Ecstasy-12.jpeg\",\"datePublished\":\"2025-02-02T00:33:12+00:00\",\"dateModified\":\"2025-02-02T00:33:13+00:00\",\"description\":\"Qu'est-ce que le GHB , La consommation r\u00e9p\u00e9t\u00e9e de GHB peut entra\u00eener des effets de sevrage, notamment l'insomnie, l'anxi\u00e9t\u00e9 et les tremblements. L'exp\u00e9rience du sevrage est l'un des signes de la d\u00e9pendance.\",\"breadcrumb\":{\"@id\":\"https:\/\/gblexprimer.com\/quest-ce-que-le-ghb\/#breadcrumb\"},\"inLanguage\":\"it-IT\",\"potentialAction\":[{\"@type\":\"ReadAction\",\"target\":[\"https:\/\/gblexprimer.com\/quest-ce-que-le-ghb\/\"]}]},{\"@type\":\"ImageObject\",\"inLanguage\":\"it-IT\",\"@id\":\"https:\/\/gblexprimer.com\/quest-ce-que-le-ghb\/#primaryimage\",\"url\":\"https:\/\/gblexprimer.com\/wp-content\/uploads\/2025\/02\/Heaven-Pure-Ecstasy-12.jpeg\",\"contentUrl\":\"https:\/\/gblexprimer.com\/wp-content\/uploads\/2025\/02\/Heaven-Pure-Ecstasy-12.jpeg\"},{\"@type\":\"BreadcrumbList\",\"@id\":\"https:\/\/gblexprimer.com\/quest-ce-que-le-ghb\/#breadcrumb\",\"itemListElement\":[{\"@type\":\"ListItem\",\"position\":1,\"name\":\"Home\",\"item\":\"https:\/\/gblexprimer.com\/\"},{\"@type\":\"ListItem\",\"position\":2,\"name\":\"Qu&#8217;est-ce que le GHB ?\"}]},{\"@type\":\"WebSite\",\"@id\":\"https:\/\/gblexprimer.com\/#website\",\"url\":\"https:\/\/gblexprimer.com\/\",\"name\":\"GBL Exprimer\",\"description\":\"\",\"publisher\":{\"@id\":\"https:\/\/gblexprimer.com\/#organization\"},\"potentialAction\":[{\"@type\":\"SearchAction\",\"target\":{\"@type\":\"EntryPoint\",\"urlTemplate\":\"https:\/\/gblexprimer.com\/?s={search_term_string}\"},\"query-input\":{\"@type\":\"PropertyValueSpecification\",\"valueRequired\":true,\"valueName\":\"search_term_string\"}}],\"inLanguage\":\"it-IT\"},{\"@type\":\"Organization\",\"@id\":\"https:\/\/gblexprimer.com\/#organization\",\"name\":\"GBL Exprimer\",\"url\":\"https:\/\/gblexprimer.com\/\",\"logo\":{\"@type\":\"ImageObject\",\"inLanguage\":\"it-IT\",\"@id\":\"https:\/\/gblexprimer.com\/#\/schema\/logo\/image\/\",\"url\":\"https:\/\/gblexprimer.com\/wp-content\/uploads\/2024\/01\/logo.png\",\"contentUrl\":\"https:\/\/gblexprimer.com\/wp-content\/uploads\/2024\/01\/logo.png\",\"width\":220,\"height\":80,\"caption\":\"GBL Exprimer\"},\"image\":{\"@id\":\"https:\/\/gblexprimer.com\/#\/schema\/logo\/image\/\"}}]}<\/script>\n<!-- \/ Yoast SEO plugin. -->","yoast_head_json":{"title":"Qu'est-ce que le GHB - GHB (gamma hydroxybutyrate)","description":"Qu'est-ce que le GHB , La consommation r\u00e9p\u00e9t\u00e9e de GHB peut entra\u00eener des effets de sevrage, notamment l'insomnie, l'anxi\u00e9t\u00e9 et les tremblements. L'exp\u00e9rience du sevrage est l'un des signes de la d\u00e9pendance.","robots":{"index":"index","follow":"follow","max-snippet":"max-snippet:-1","max-image-preview":"max-image-preview:large","max-video-preview":"max-video-preview:-1"},"canonical":"https:\/\/gblexprimer.com\/it\/quest-ce-que-le-ghb\/","og_locale":"it_IT","og_type":"article","og_title":"Qu'est-ce que le GHB - GHB (gamma hydroxybutyrate)","og_description":"Qu'est-ce que le GHB , La consommation r\u00e9p\u00e9t\u00e9e de GHB peut entra\u00eener des effets de sevrage, notamment l'insomnie, l'anxi\u00e9t\u00e9 et les tremblements. L'exp\u00e9rience du sevrage est l'un des signes de la d\u00e9pendance.","og_url":"https:\/\/gblexprimer.com\/it\/quest-ce-que-le-ghb\/","og_site_name":"GBL Exprimer","article_modified_time":"2025-02-02T00:33:13+00:00","og_image":[{"url":"https:\/\/gblexprimer.com\/wp-content\/uploads\/2025\/02\/Heaven-Pure-Ecstasy-12.jpeg","type":"","width":"","height":""}],"twitter_card":"summary_large_image","twitter_misc":{"Tempo di lettura stimato":"5 minuti"},"schema":{"@context":"https:\/\/schema.org","@graph":[{"@type":"WebPage","@id":"https:\/\/gblexprimer.com\/quest-ce-que-le-ghb\/","url":"https:\/\/gblexprimer.com\/quest-ce-que-le-ghb\/","name":"Qu'est-ce que le GHB - GHB (gamma hydroxybutyrate)","isPartOf":{"@id":"https:\/\/gblexprimer.com\/#website"},"primaryImageOfPage":{"@id":"https:\/\/gblexprimer.com\/quest-ce-que-le-ghb\/#primaryimage"},"image":{"@id":"https:\/\/gblexprimer.com\/quest-ce-que-le-ghb\/#primaryimage"},"thumbnailUrl":"https:\/\/gblexprimer.com\/wp-content\/uploads\/2025\/02\/Heaven-Pure-Ecstasy-12.jpeg","datePublished":"2025-02-02T00:33:12+00:00","dateModified":"2025-02-02T00:33:13+00:00","description":"Qu'est-ce que le GHB , La consommation r\u00e9p\u00e9t\u00e9e de GHB peut entra\u00eener des effets de sevrage, notamment l'insomnie, l'anxi\u00e9t\u00e9 et les tremblements. L'exp\u00e9rience du sevrage est l'un des signes de la d\u00e9pendance.","breadcrumb":{"@id":"https:\/\/gblexprimer.com\/quest-ce-que-le-ghb\/#breadcrumb"},"inLanguage":"it-IT","potentialAction":[{"@type":"ReadAction","target":["https:\/\/gblexprimer.com\/quest-ce-que-le-ghb\/"]}]},{"@type":"ImageObject","inLanguage":"it-IT","@id":"https:\/\/gblexprimer.com\/quest-ce-que-le-ghb\/#primaryimage","url":"https:\/\/gblexprimer.com\/wp-content\/uploads\/2025\/02\/Heaven-Pure-Ecstasy-12.jpeg","contentUrl":"https:\/\/gblexprimer.com\/wp-content\/uploads\/2025\/02\/Heaven-Pure-Ecstasy-12.jpeg"},{"@type":"BreadcrumbList","@id":"https:\/\/gblexprimer.com\/quest-ce-que-le-ghb\/#breadcrumb","itemListElement":[{"@type":"ListItem","position":1,"name":"Home","item":"https:\/\/gblexprimer.com\/"},{"@type":"ListItem","position":2,"name":"Qu&#8217;est-ce que le GHB ?"}]},{"@type":"WebSite","@id":"https:\/\/gblexprimer.com\/#website","url":"https:\/\/gblexprimer.com\/","name":"GBL Express","description":"","publisher":{"@id":"https:\/\/gblexprimer.com\/#organization"},"potentialAction":[{"@type":"SearchAction","target":{"@type":"EntryPoint","urlTemplate":"https:\/\/gblexprimer.com\/?s={search_term_string}"},"query-input":{"@type":"PropertyValueSpecification","valueRequired":true,"valueName":"search_term_string"}}],"inLanguage":"it-IT"},{"@type":"Organization","@id":"https:\/\/gblexprimer.com\/#organization","name":"GBL Express","url":"https:\/\/gblexprimer.com\/","logo":{"@type":"ImageObject","inLanguage":"it-IT","@id":"https:\/\/gblexprimer.com\/#\/schema\/logo\/image\/","url":"https:\/\/gblexprimer.com\/wp-content\/uploads\/2024\/01\/logo.png","contentUrl":"https:\/\/gblexprimer.com\/wp-content\/uploads\/2024\/01\/logo.png","width":220,"height":80,"caption":"GBL Exprimer"},"image":{"@id":"https:\/\/gblexprimer.com\/#\/schema\/logo\/image\/"}}]}},"_links":{"self":[{"href":"https:\/\/gblexprimer.com\/it\/wp-json\/wp\/v2\/pages\/5221","targetHints":{"allow":["GET"]}}],"collection":[{"href":"https:\/\/gblexprimer.com\/it\/wp-json\/wp\/v2\/pages"}],"about":[{"href":"https:\/\/gblexprimer.com\/it\/wp-json\/wp\/v2\/types\/page"}],"author":[{"embeddable":true,"href":"https:\/\/gblexprimer.com\/it\/wp-json\/wp\/v2\/users\/1"}],"replies":[{"embeddable":true,"href":"https:\/\/gblexprimer.com\/it\/wp-json\/wp\/v2\/comments?post=5221"}],"version-history":[{"count":1,"href":"https:\/\/gblexprimer.com\/it\/wp-json\/wp\/v2\/pages\/5221\/revisions"}],"predecessor-version":[{"id":5223,"href":"https:\/\/gblexprimer.com\/it\/wp-json\/wp\/v2\/pages\/5221\/revisions\/5223"}],"wp:attachment":[{"href":"https:\/\/gblexprimer.com\/it\/wp-json\/wp\/v2\/media?parent=5221"}],"curies":[{"name":"wp","href":"https:\/\/api.w.org\/{rel}","templated":true}]}}