{"id":36,"date":"2023-12-26T07:26:41","date_gmt":"2023-12-26T07:26:41","guid":{"rendered":"https:\/\/cannasmed.com\/gbl\/?post_type=product&#038;p=36"},"modified":"2026-04-11T07:17:55","modified_gmt":"2026-04-11T07:17:55","slug":"heaven-pure-ecstasy-500-mg-%ce%b3-acido-idrossibutirrico-ghb","status":"publish","type":"product","link":"https:\/\/gblexprimer.com\/it\/prodotto\/heaven-pure-ecstasy-500-mg-%ce%b3-acido-idrossibutirrico-ghb\/","title":{"rendered":"Heaven Pure Ecstasy 500 mg di acido \u03b3-idrossibutirrico (GHB)"},"content":{"rendered":"<div class=\"ds-markdown\">\n<h2 class=\"ds-markdown-paragraph\">Achetez du Heaven Pure Ecstasy 500mg (GHB) en ligne \u2013 Puret\u00e9 de qualit\u00e9, S\u00e9curit\u00e9 de confiance<\/h2>\n<p class=\"ds-markdown-paragraph\"><a href=\"https:\/\/gblexprimer.com\/it\/categoria-di-prodotto\/ghb\/\"><strong>Ordinare Heaven Pure Ecstasy (GHB) online<\/strong><\/a>Scopri la pura essenza del relax e dell'euforia con Heaven Pure Ecstasy (GHB), una soluzione premium a base di gamma-idrossibutirrato, ricercata per i suoi esclusivi effetti calmanti e di miglioramento dell'umore. Che tu voglia ordinare Heaven Pure Ecstasy (GHB) online per uso personale o esplorare opzioni per il divertimento ricreativo, \u00e8 fondamentale capire cosa distingue questo prodotto e come orientarsi responsabilmente sul mercato.<\/p>\n<h3 class=\"ds-markdown-paragraph\">Che cos'\u00e8 Heaven Pure Ecstasy (GHB) Ordinare Heaven Pure Ecstasy (GHB) online?<\/h3>\n<p class=\"ds-markdown-paragraph\">Le <strong>Estasi pura del cielo (GHB)<\/strong> \u00e8 una forma altamente raffinata di gamma-idrossibutirrato, nota per la sua capacit\u00e0 di indurre un profondo rilassamento, promuovere la socievolezza e migliorare le esperienze sensoriali. Ampiamente riconosciuta negli ambienti del benessere e del tempo libero, questa sostanza \u00e8 apprezzata per la sua azione rapida e i suoi effetti delicati.<\/p>\n<p class=\"ds-markdown-paragraph\">Sa popularit\u00e9 d\u00e9coule de ses propri\u00e9t\u00e9s \u00e0 la <a href=\"https:\/\/gblexprimer.com\/it\/prodotto\/eroina\/\">fois euphorisantes<\/a> et s\u00e9datives, souvent utilis\u00e9es en environnements contr\u00f4l\u00e9s pour se d\u00e9tendre ou am\u00e9liorer l&rsquo;humeur<a href=\"https:\/\/nembutalboutique.com\/\">.<\/a><\/p>\n<h3 class=\"ds-markdown-paragraph\">Capire il GHB: natura chimica ed effetti<\/h3>\n<p class=\"ds-markdown-paragraph\">Il GHB \u00e8 naturalmente presente nel corpo umano e funziona come depressore del sistema nervoso centrale. Se usato in modo responsabile <strong>Estasi pura del cielo (GHB)<\/strong> pu\u00f2 favorire la tranquillit\u00e0, l'aumento del piacere e la riduzione dell'ansia.<\/p>\n<p class=\"ds-markdown-paragraph\">Tuttavia, \u00e8 importante riconoscere che un uso inappropriato comporta rischi quali sedazione, alterazione della coordinazione o effetti pi\u00f9 gravi a dosi elevate.<\/p>\n<h3 class=\"ds-markdown-paragraph\">Stato giuridico: informatevi prima di acquistare<\/h3>\n<p class=\"ds-markdown-paragraph\">Le leggi che riguardano <a href=\"https:\/\/en.wikipedia.org\/wiki\/%CE%93-Hydroxybutyric_acid\"><strong>GHB<\/strong><\/a> varia notevolmente da regione a regione. In alcune aree \u00e8 classificata come sostanza controllata a causa del suo potenziale di abuso. Prima di acquistare Heaven Pure Ecstasy (GHB) online, assicuratevi di aver compreso il quadro giuridico locale per evitare complicazioni legali.<\/p>\n<p class=\"ds-markdown-paragraph\">L'acquisto responsabile comprende il rispetto di tutte le normative e restrizioni locali.<\/p>\n<h3 class=\"ds-markdown-paragraph\">Rischi dell'acquisto di GHB online: cosa bisogna sapere<\/h3>\n<p class=\"ds-markdown-paragraph\">Il mercato online offre convenienza, ma presenta anche dei rischi. Le maggiori preoccupazioni per l'acquisto di GHB online sono rappresentate da prodotti contraffatti, lotti contaminati e venditori inaffidabili. Questi prodotti non solo non producono gli effetti desiderati, ma possono anche mettere a rischio la salute.<\/p>\n<p class=\"ds-markdown-paragraph\">Cercate sempre venditori affidabili che forniscano informazioni trasparenti sui loro prodotti e sul servizio clienti.<\/p>\n<h4 class=\"ds-markdown-paragraph\">Come essere sicuri quando si ordina online l'Heaven Pure Ecstasy (GHB)<\/h4>\n<ul>\n<li>\n<p class=\"ds-markdown-paragraph\">Controllare la fonte: scegliere venditori con recensioni verificate e dettagli di contatto chiari.<\/p>\n<\/li>\n<li>\n<p class=\"ds-markdown-paragraph\">Controllate la purezza del prodotto: Cercate prodotti testati in laboratorio o garanzie di autenticit\u00e0.<\/p>\n<\/li>\n<li>\n<p class=\"ds-markdown-paragraph\">Comprendere il dosaggio: iniziare con la minima quantit\u00e0 efficace e non mescolare mai con altre sostanze.<\/p>\n<\/li>\n<li>\n<p class=\"ds-markdown-paragraph\">Pratica di riduzione del rischio: utilizzare ambienti sicuri, possibilmente con persone fidate nelle vicinanze.<\/p>\n<\/li>\n<\/ul>\n<h4 class=\"ds-markdown-paragraph\">Alternative e supporto<\/h4>\n<p class=\"ds-markdown-paragraph\">Se state cercando degli integratori per migliorare l'umore o rilassarvi, esistono alternative pi\u00f9 sicure e legali. Consultate il personale sanitario per avere consigli sugli integratori o sulle terapie pi\u00f9 adatte alle vostre esigenze. Per chi \u00e8 alle prese con problemi di consumo di sostanze, molti gruppi di sostegno e risorse offrono aiuto e consigli riservati. <a href=\"https:\/\/gblexprimer.com\/it\/\"><strong>GBLExpress<\/strong><\/a><\/p>\n<p class=\"ds-markdown-paragraph\">Perch\u00e9 scegliere noi come luogo migliore per acquistare Heaven Pure Ecstasy (GHB)?<\/p>\n<p class=\"ds-markdown-paragraph\">Mettiamo la vostra sicurezza e la vostra soddisfazione al primo posto offrendo :<\/p>\n<ul>\n<li>\n<p class=\"ds-markdown-paragraph\">Heaven Pure Ecstasy (GHB) di prima qualit\u00e0, testata per purezza e potenza<\/p>\n<\/li>\n<li>\n<p class=\"ds-markdown-paragraph\">Prezzi competitivi e bassi per l'Heaven Pure Ecstasy (GHB) senza compromessi sulla qualit\u00e0<\/p>\n<\/li>\n<li>\n<p class=\"ds-markdown-paragraph\">Un processo di ordinazione sicuro e discreto con consegna affidabile in tutto il mondo<\/p>\n<\/li>\n<li>\n<p class=\"ds-markdown-paragraph\">Un servizio clienti esperto pronto a rispondere a qualsiasi domanda o dubbio<\/p>\n<\/li>\n<\/ul>\n<h5 class=\"ds-markdown-paragraph\">Conclusione<\/h5>\n<p class=\"ds-markdown-paragraph\">La scelta di acquistare online Heaven Pure Ecstasy (GHB) deve sempre essere fatta con piena consapevolezza e cautela. La nostra missione \u00e8 quella di fornire una piattaforma affidabile dove poter accedere in sicurezza a prodotti di prima qualit\u00e0 rimanendo informati sui rischi e sull'uso responsabile. Esplorate subito la nostra selezione e scoprite con fiducia i benefici rilassanti dell'Heaven Pure Ecstasy.<\/p>\n<p class=\"ds-markdown-paragraph\">Ordinate oggi stesso Heaven Pure Ecstasy (GHB) online, perch\u00e9 la vostra sicurezza e soddisfazione vengono prima di tutto.<\/p>\n<\/div>","protected":false},"excerpt":{"rendered":"<p>L'acido \u03b3-idrossibutirrico, noto anche come acido gamma-idrossibutirrico, GHB o acido 4-idrossibutanoico, \u00e8 un neurotrasmettitore naturale e una droga depressiva. \u00c8 un precursore di GABA, glutammato e glicina in alcune aree del cervello. Agisce sul recettore del GHB ed \u00e8 un debole agonista del recettore GABAB. Il GHB \u00e8 stato utilizzato in medicina come anestetico generale e come trattamento per la cataplessia, la narcolessia e l'alcolismo.<\/p>","protected":false},"featured_media":99,"comment_status":"open","ping_status":"closed","template":"","meta":{"site-sidebar-layout":"default","site-content-layout":"","ast-site-content-layout":"default","site-content-style":"default","site-sidebar-style":"default","ast-global-header-display":"","ast-banner-title-visibility":"","ast-main-header-display":"","ast-hfb-above-header-display":"","ast-hfb-below-header-display":"","ast-hfb-mobile-header-display":"","site-post-title":"","ast-breadcrumbs-content":"","ast-featured-img":"","footer-sml-layout":"","theme-transparent-header-meta":"default","adv-header-id-meta":"","stick-header-meta":"","header-above-stick-meta":"","header-main-stick-meta":"","header-below-stick-meta":"","astra-migrate-meta-layouts":"set","ast-page-background-enabled":"default","ast-page-background-meta":{"desktop":{"background-color":"","background-image":"","background-repeat":"repeat","background-position":"center center","background-size":"auto","background-attachment":"scroll","background-type":"","background-media":"","overlay-type":"","overlay-color":"","overlay-opacity":"","overlay-gradient":""},"tablet":{"background-color":"","background-image":"","background-repeat":"repeat","background-position":"center center","background-size":"auto","background-attachment":"scroll","background-type":"","background-media":"","overlay-type":"","overlay-color":"","overlay-opacity":"","overlay-gradient":""},"mobile":{"background-color":"","background-image":"","background-repeat":"repeat","background-position":"center center","background-size":"auto","background-attachment":"scroll","background-type":"","background-media":"","overlay-type":"","overlay-color":"","overlay-opacity":"","overlay-gradient":""}},"ast-content-background-meta":{"desktop":{"background-color":"var(--ast-global-color-5)","background-image":"","background-repeat":"repeat","background-position":"center center","background-size":"auto","background-attachment":"scroll","background-type":"","background-media":"","overlay-type":"","overlay-color":"","overlay-opacity":"","overlay-gradient":""},"tablet":{"background-color":"var(--ast-global-color-5)","background-image":"","background-repeat":"repeat","background-position":"center center","background-size":"auto","background-attachment":"scroll","background-type":"","background-media":"","overlay-type":"","overlay-color":"","overlay-opacity":"","overlay-gradient":""},"mobile":{"background-color":"var(--ast-global-color-5)","background-image":"","background-repeat":"repeat","background-position":"center center","background-size":"auto","background-attachment":"scroll","background-type":"","background-media":"","overlay-type":"","overlay-color":"","overlay-opacity":"","overlay-gradient":""}},"_joinchat":[]},"product_brand":[],"product_cat":[18],"product_tag":[],"class_list":{"0":"post-36","1":"product","2":"type-product","3":"status-publish","4":"has-post-thumbnail","6":"product_cat-ghb","7":"desktop-align-left","8":"tablet-align-left","9":"mobile-align-left","11":"first","12":"instock","13":"shipping-taxable","14":"purchasable","15":"product-type-variable","16":"has-default-attributes"},"yoast_head":"<!-- This site is optimized with the Yoast SEO plugin v26.9 - https:\/\/yoast.com\/product\/yoast-seo-wordpress\/ -->\n<title>Acheter de l&#039;acide gamma-hydroxybutyrique (GHB) 500mg en ligne<\/title>\n<meta name=\"description\" content=\"L&#039;acide gamma-hydroxybutyrique (GHB) est un d\u00e9presseur du syst\u00e8me nerveux central qui poss\u00e8de \u00e0 la fois des d\u00e9riv\u00e9s \u00e0 usage m\u00e9dical et des usages r\u00e9cr\u00e9atifs illicites. Il pr\u00e9sente des risques importants, notamment la s\u00e9dation, la d\u00e9pression respiratoire et la d\u00e9pendance.\" \/>\n<meta name=\"robots\" content=\"index, follow, max-snippet:-1, max-image-preview:large, max-video-preview:-1\" \/>\n<link rel=\"canonical\" href=\"https:\/\/gblexprimer.com\/it\/prodotto\/heaven-pure-ecstasy-500-mg-\u03b3-acido-idrossibutirrico-ghb\/\" \/>\n<meta property=\"og:locale\" content=\"it_IT\" \/>\n<meta property=\"og:type\" content=\"article\" \/>\n<meta property=\"og:title\" content=\"Acheter de l&#039;acide gamma-hydroxybutyrique (GHB) 500mg en ligne\" \/>\n<meta property=\"og:description\" content=\"L&#039;acide gamma-hydroxybutyrique (GHB) est un d\u00e9presseur du syst\u00e8me nerveux central qui poss\u00e8de \u00e0 la fois des d\u00e9riv\u00e9s \u00e0 usage m\u00e9dical et des usages r\u00e9cr\u00e9atifs illicites. Il pr\u00e9sente des risques importants, notamment la s\u00e9dation, la d\u00e9pression respiratoire et la d\u00e9pendance.\" \/>\n<meta property=\"og:url\" content=\"https:\/\/gblexprimer.com\/it\/prodotto\/heaven-pure-ecstasy-500-mg-\u03b3-acido-idrossibutirrico-ghb\/\" \/>\n<meta property=\"og:site_name\" content=\"GBL Exprimer\" \/>\n<meta property=\"article:modified_time\" content=\"2026-04-11T07:17:55+00:00\" \/>\n<meta property=\"og:image\" content=\"https:\/\/gblexprimer.com\/wp-content\/uploads\/2023\/12\/Heaven-Pure-Ecstasy-500-mg.jpg\" \/>\n\t<meta property=\"og:image:width\" content=\"600\" \/>\n\t<meta property=\"og:image:height\" content=\"600\" \/>\n\t<meta property=\"og:image:type\" content=\"image\/jpeg\" \/>\n<meta name=\"twitter:card\" content=\"summary_large_image\" \/>\n<meta name=\"twitter:label1\" content=\"Tempo di lettura stimato\" \/>\n\t<meta name=\"twitter:data1\" content=\"4 minuti\" \/>\n<script type=\"application\/ld+json\" class=\"yoast-schema-graph\">{\"@context\":\"https:\/\/schema.org\",\"@graph\":[{\"@type\":\"WebPage\",\"@id\":\"https:\/\/gblexprimer.com\/product\/heaven-pure-ecstasy-500-mg-dacide-%ce%b3-hydroxybutyrique-ghb\/\",\"url\":\"https:\/\/gblexprimer.com\/product\/heaven-pure-ecstasy-500-mg-dacide-%ce%b3-hydroxybutyrique-ghb\/\",\"name\":\"Acheter de l'acide gamma-hydroxybutyrique (GHB) 500mg en ligne\",\"isPartOf\":{\"@id\":\"https:\/\/gblexprimer.com\/#website\"},\"primaryImageOfPage\":{\"@id\":\"https:\/\/gblexprimer.com\/product\/heaven-pure-ecstasy-500-mg-dacide-%ce%b3-hydroxybutyrique-ghb\/#primaryimage\"},\"image\":{\"@id\":\"https:\/\/gblexprimer.com\/product\/heaven-pure-ecstasy-500-mg-dacide-%ce%b3-hydroxybutyrique-ghb\/#primaryimage\"},\"thumbnailUrl\":\"https:\/\/gblexprimer.com\/wp-content\/uploads\/2023\/12\/Heaven-Pure-Ecstasy-500-mg.jpg\",\"datePublished\":\"2023-12-26T07:26:41+00:00\",\"dateModified\":\"2026-04-11T07:17:55+00:00\",\"description\":\"L'acide gamma-hydroxybutyrique (GHB) est un d\u00e9presseur du syst\u00e8me nerveux central qui poss\u00e8de \u00e0 la fois des d\u00e9riv\u00e9s \u00e0 usage m\u00e9dical et des usages r\u00e9cr\u00e9atifs illicites. Il pr\u00e9sente des risques importants, notamment la s\u00e9dation, la d\u00e9pression respiratoire et la d\u00e9pendance.\",\"breadcrumb\":{\"@id\":\"https:\/\/gblexprimer.com\/product\/heaven-pure-ecstasy-500-mg-dacide-%ce%b3-hydroxybutyrique-ghb\/#breadcrumb\"},\"inLanguage\":\"it-IT\",\"potentialAction\":[{\"@type\":\"ReadAction\",\"target\":[\"https:\/\/gblexprimer.com\/product\/heaven-pure-ecstasy-500-mg-dacide-%ce%b3-hydroxybutyrique-ghb\/\"]}]},{\"@type\":\"ImageObject\",\"inLanguage\":\"it-IT\",\"@id\":\"https:\/\/gblexprimer.com\/product\/heaven-pure-ecstasy-500-mg-dacide-%ce%b3-hydroxybutyrique-ghb\/#primaryimage\",\"url\":\"https:\/\/gblexprimer.com\/wp-content\/uploads\/2023\/12\/Heaven-Pure-Ecstasy-500-mg.jpg\",\"contentUrl\":\"https:\/\/gblexprimer.com\/wp-content\/uploads\/2023\/12\/Heaven-Pure-Ecstasy-500-mg.jpg\",\"width\":600,\"height\":600,\"caption\":\"Gamma-Hydroxybutyrate GHB \u00e0 vendre\"},{\"@type\":\"BreadcrumbList\",\"@id\":\"https:\/\/gblexprimer.com\/product\/heaven-pure-ecstasy-500-mg-dacide-%ce%b3-hydroxybutyrique-ghb\/#breadcrumb\",\"itemListElement\":[{\"@type\":\"ListItem\",\"position\":1,\"name\":\"Home\",\"item\":\"https:\/\/gblexprimer.com\/\"},{\"@type\":\"ListItem\",\"position\":2,\"name\":\"Shop\",\"item\":\"https:\/\/gblexprimer.com\/shop\/\"},{\"@type\":\"ListItem\",\"position\":3,\"name\":\"Heaven Pure Ecstasy 500 mg d&#8217;acide \u03b3-hydroxybutyrique (GHB)\"}]},{\"@type\":\"WebSite\",\"@id\":\"https:\/\/gblexprimer.com\/#website\",\"url\":\"https:\/\/gblexprimer.com\/\",\"name\":\"GBL Exprimer\",\"description\":\"\",\"publisher\":{\"@id\":\"https:\/\/gblexprimer.com\/#organization\"},\"potentialAction\":[{\"@type\":\"SearchAction\",\"target\":{\"@type\":\"EntryPoint\",\"urlTemplate\":\"https:\/\/gblexprimer.com\/?s={search_term_string}\"},\"query-input\":{\"@type\":\"PropertyValueSpecification\",\"valueRequired\":true,\"valueName\":\"search_term_string\"}}],\"inLanguage\":\"it-IT\"},{\"@type\":\"Organization\",\"@id\":\"https:\/\/gblexprimer.com\/#organization\",\"name\":\"GBL Exprimer\",\"url\":\"https:\/\/gblexprimer.com\/\",\"logo\":{\"@type\":\"ImageObject\",\"inLanguage\":\"it-IT\",\"@id\":\"https:\/\/gblexprimer.com\/#\/schema\/logo\/image\/\",\"url\":\"https:\/\/gblexprimer.com\/wp-content\/uploads\/2024\/01\/logo.png\",\"contentUrl\":\"https:\/\/gblexprimer.com\/wp-content\/uploads\/2024\/01\/logo.png\",\"width\":220,\"height\":80,\"caption\":\"GBL Exprimer\"},\"image\":{\"@id\":\"https:\/\/gblexprimer.com\/#\/schema\/logo\/image\/\"}}]}<\/script>\n<!-- \/ Yoast SEO plugin. -->","yoast_head_json":{"title":"Acheter de l'acide gamma-hydroxybutyrique (GHB) 500mg en ligne","description":"L'acide gamma-hydroxybutyrique (GHB) est un d\u00e9presseur du syst\u00e8me nerveux central qui poss\u00e8de \u00e0 la fois des d\u00e9riv\u00e9s \u00e0 usage m\u00e9dical et des usages r\u00e9cr\u00e9atifs illicites. Il pr\u00e9sente des risques importants, notamment la s\u00e9dation, la d\u00e9pression respiratoire et la d\u00e9pendance.","robots":{"index":"index","follow":"follow","max-snippet":"max-snippet:-1","max-image-preview":"max-image-preview:large","max-video-preview":"max-video-preview:-1"},"canonical":"https:\/\/gblexprimer.com\/it\/prodotto\/heaven-pure-ecstasy-500-mg-\u03b3-acido-idrossibutirrico-ghb\/","og_locale":"it_IT","og_type":"article","og_title":"Acheter de l'acide gamma-hydroxybutyrique (GHB) 500mg en ligne","og_description":"L'acide gamma-hydroxybutyrique (GHB) est un d\u00e9presseur du syst\u00e8me nerveux central qui poss\u00e8de \u00e0 la fois des d\u00e9riv\u00e9s \u00e0 usage m\u00e9dical et des usages r\u00e9cr\u00e9atifs illicites. Il pr\u00e9sente des risques importants, notamment la s\u00e9dation, la d\u00e9pression respiratoire et la d\u00e9pendance.","og_url":"https:\/\/gblexprimer.com\/it\/prodotto\/heaven-pure-ecstasy-500-mg-\u03b3-acido-idrossibutirrico-ghb\/","og_site_name":"GBL Exprimer","article_modified_time":"2026-04-11T07:17:55+00:00","og_image":[{"width":600,"height":600,"url":"https:\/\/gblexprimer.com\/wp-content\/uploads\/2023\/12\/Heaven-Pure-Ecstasy-500-mg.jpg","type":"image\/jpeg"}],"twitter_card":"summary_large_image","twitter_misc":{"Tempo di lettura stimato":"4 minuti"},"schema":{"@context":"https:\/\/schema.org","@graph":[{"@type":"WebPage","@id":"https:\/\/gblexprimer.com\/product\/heaven-pure-ecstasy-500-mg-dacide-%ce%b3-hydroxybutyrique-ghb\/","url":"https:\/\/gblexprimer.com\/product\/heaven-pure-ecstasy-500-mg-dacide-%ce%b3-hydroxybutyrique-ghb\/","name":"Acheter de l'acide gamma-hydroxybutyrique (GHB) 500mg en ligne","isPartOf":{"@id":"https:\/\/gblexprimer.com\/#website"},"primaryImageOfPage":{"@id":"https:\/\/gblexprimer.com\/product\/heaven-pure-ecstasy-500-mg-dacide-%ce%b3-hydroxybutyrique-ghb\/#primaryimage"},"image":{"@id":"https:\/\/gblexprimer.com\/product\/heaven-pure-ecstasy-500-mg-dacide-%ce%b3-hydroxybutyrique-ghb\/#primaryimage"},"thumbnailUrl":"https:\/\/gblexprimer.com\/wp-content\/uploads\/2023\/12\/Heaven-Pure-Ecstasy-500-mg.jpg","datePublished":"2023-12-26T07:26:41+00:00","dateModified":"2026-04-11T07:17:55+00:00","description":"L'acide gamma-hydroxybutyrique (GHB) est un d\u00e9presseur du syst\u00e8me nerveux central qui poss\u00e8de \u00e0 la fois des d\u00e9riv\u00e9s \u00e0 usage m\u00e9dical et des usages r\u00e9cr\u00e9atifs illicites. Il pr\u00e9sente des risques importants, notamment la s\u00e9dation, la d\u00e9pression respiratoire et la d\u00e9pendance.","breadcrumb":{"@id":"https:\/\/gblexprimer.com\/product\/heaven-pure-ecstasy-500-mg-dacide-%ce%b3-hydroxybutyrique-ghb\/#breadcrumb"},"inLanguage":"it-IT","potentialAction":[{"@type":"ReadAction","target":["https:\/\/gblexprimer.com\/product\/heaven-pure-ecstasy-500-mg-dacide-%ce%b3-hydroxybutyrique-ghb\/"]}]},{"@type":"ImageObject","inLanguage":"it-IT","@id":"https:\/\/gblexprimer.com\/product\/heaven-pure-ecstasy-500-mg-dacide-%ce%b3-hydroxybutyrique-ghb\/#primaryimage","url":"https:\/\/gblexprimer.com\/wp-content\/uploads\/2023\/12\/Heaven-Pure-Ecstasy-500-mg.jpg","contentUrl":"https:\/\/gblexprimer.com\/wp-content\/uploads\/2023\/12\/Heaven-Pure-Ecstasy-500-mg.jpg","width":600,"height":600,"caption":"Gamma-Hydroxybutyrate GHB \u00e0 vendre"},{"@type":"BreadcrumbList","@id":"https:\/\/gblexprimer.com\/product\/heaven-pure-ecstasy-500-mg-dacide-%ce%b3-hydroxybutyrique-ghb\/#breadcrumb","itemListElement":[{"@type":"ListItem","position":1,"name":"Home","item":"https:\/\/gblexprimer.com\/"},{"@type":"ListItem","position":2,"name":"Shop","item":"https:\/\/gblexprimer.com\/shop\/"},{"@type":"ListItem","position":3,"name":"Heaven Pure Ecstasy 500 mg d&#8217;acide \u03b3-hydroxybutyrique (GHB)"}]},{"@type":"WebSite","@id":"https:\/\/gblexprimer.com\/#website","url":"https:\/\/gblexprimer.com\/","name":"GBL Express","description":"","publisher":{"@id":"https:\/\/gblexprimer.com\/#organization"},"potentialAction":[{"@type":"SearchAction","target":{"@type":"EntryPoint","urlTemplate":"https:\/\/gblexprimer.com\/?s={search_term_string}"},"query-input":{"@type":"PropertyValueSpecification","valueRequired":true,"valueName":"search_term_string"}}],"inLanguage":"it-IT"},{"@type":"Organization","@id":"https:\/\/gblexprimer.com\/#organization","name":"GBL Express","url":"https:\/\/gblexprimer.com\/","logo":{"@type":"ImageObject","inLanguage":"it-IT","@id":"https:\/\/gblexprimer.com\/#\/schema\/logo\/image\/","url":"https:\/\/gblexprimer.com\/wp-content\/uploads\/2024\/01\/logo.png","contentUrl":"https:\/\/gblexprimer.com\/wp-content\/uploads\/2024\/01\/logo.png","width":220,"height":80,"caption":"GBL Exprimer"},"image":{"@id":"https:\/\/gblexprimer.com\/#\/schema\/logo\/image\/"}}]}},"_links":{"self":[{"href":"https:\/\/gblexprimer.com\/it\/wp-json\/wp\/v2\/product\/36","targetHints":{"allow":["GET"]}}],"collection":[{"href":"https:\/\/gblexprimer.com\/it\/wp-json\/wp\/v2\/product"}],"about":[{"href":"https:\/\/gblexprimer.com\/it\/wp-json\/wp\/v2\/types\/product"}],"replies":[{"embeddable":true,"href":"https:\/\/gblexprimer.com\/it\/wp-json\/wp\/v2\/comments?post=36"}],"wp:featuredmedia":[{"embeddable":true,"href":"https:\/\/gblexprimer.com\/it\/wp-json\/wp\/v2\/media\/99"}],"wp:attachment":[{"href":"https:\/\/gblexprimer.com\/it\/wp-json\/wp\/v2\/media?parent=36"}],"wp:term":[{"taxonomy":"product_brand","embeddable":true,"href":"https:\/\/gblexprimer.com\/it\/wp-json\/wp\/v2\/product_brand?post=36"},{"taxonomy":"product_cat","embeddable":true,"href":"https:\/\/gblexprimer.com\/it\/wp-json\/wp\/v2\/product_cat?post=36"},{"taxonomy":"product_tag","embeddable":true,"href":"https:\/\/gblexprimer.com\/it\/wp-json\/wp\/v2\/product_tag?post=36"}],"curies":[{"name":"wp","href":"https:\/\/api.w.org\/{rel}","templated":true}]}}