{"id":5038,"date":"2024-11-26T06:06:42","date_gmt":"2024-11-26T06:06:42","guid":{"rendered":"https:\/\/gblexprimer.com\/?post_type=product&#038;p=5038"},"modified":"2026-04-13T04:21:35","modified_gmt":"2026-04-13T04:21:35","slug":"popper-popper-di-plastica","status":"publish","type":"product","link":"https:\/\/gblexprimer.com\/it\/prodotto\/popper-popper-di-plastica\/","title":{"rendered":"Panzerotti"},"content":{"rendered":"<h2><strong>Acquista Poppers online su GBlexprime<\/strong><\/h2>\n<p><strong>Comprane un po' <a href=\"https:\/\/gblexprimer.com\/it\/prodotto\/popper-popper-di-plastica\/\">popper, popper di plastica<\/a> autentico e di alta qualit\u00e0<\/strong> SU <strong>GBlexpress<\/strong>il fornitore di fiducia per il tuo <strong>popper, popper di plastica<\/strong>. Questi liquidi volatili, a base di nitriti come il nitrito di propile, amile o isobutile, sono rinomati per i loro immediati effetti di rilassamento muscolare e per la loro capacit\u00e0 di migliorare le esperienze sensoriali. Perfetto per uso ricreativo o personale, <strong>i poppers<\/strong> sono molto apprezzati nelle comunit\u00e0 di partito e non solo. A casa di <a href=\"https:\/\/gblexprimer.com\/it\/\"><strong>GBlexpress<\/strong><\/a>, garantiamo un'esperienza di acquisto sicura, una consegna veloce e discreta e un'ampia selezione di <strong>poppers in vendita<\/strong>, adattato a tutte le esigenze<a href=\"https:\/\/gblexpress.com\/shop\/ko-tropfen-kaufen-online\/\">.<\/a><\/p>\n<h3><strong>Perch\u00e9 acquistare Poppers da GBlexprime?<\/strong><\/h3>\n<h4><strong>Poppers di alta qualit\u00e0<\/strong><\/h4>\n<p>Il nostro <a href=\"https:\/\/en.wikipedia.org\/wiki\/Poppers\"><strong>popper, popper di plastica<\/strong><\/a> sont rigoureusement test\u00e9s pour garantir leur authenticit\u00e9 et leur s\u00e9curit\u00e9. Nous proposons des marques renomm\u00e9es comme <strong>Rush<\/strong>, <strong>Amsterdam<\/strong>e <strong>Succo della giungla<\/strong>, disponibili in diversi formati.<\/p>\n<h4><strong>Consegna veloce e discreta<\/strong><\/h4>\n<p>Avec <strong>GBlexpress<\/strong>, vos <strong>popper, popper di plastica<\/strong> vengono consegnati rapidamente e imballati con discrezione per garantire la vostra riservatezza.<\/p>\n<h4><strong>Pagamento sicuro<\/strong><\/h4>\n<p>Profitez de paiements prot\u00e9g\u00e9s et d\u2019une exp\u00e9rience d\u2019achat sans tracas sur notre plateforme fiable.<\/p>\n<h4><strong>Premi competitivi<\/strong><\/h4>\n<p>Il nostro <strong>poppers in vendita<\/strong> sont propos\u00e9s \u00e0 des prix comp\u00e9titifs, avec des r\u00e9ductions pour les commandes en gros.<\/p>\n<h3><strong>Applications et Usages des Poppers<\/strong><\/h3>\n<h4><strong>Relaxation Musculaire<\/strong><\/h4>\n<p>Il <a href=\"https:\/\/gblexprimer.com\/it\/prodotto\/steroidi\/\"><strong>popper, popper di plastica<\/strong><\/a> sont connus pour leur capacit\u00e9 \u00e0 d\u00e9tendre rapidement les muscles, offrant une sensation imm\u00e9diate de bien-\u00eatre.<\/p>\n<h4><strong>Am\u00e9lioration des Exp\u00e9riences Festives<\/strong><\/h4>\n<p>Tr\u00e8s populaires dans les clubs et soir\u00e9es, les <strong>popper, popper di plastica<\/strong> intensifient les sensations et ajoutent une dimension unique aux moments festifs.<\/p>\n<h4><strong>Bien-\u00catre Personnel<\/strong><\/h4>\n<p>Au-del\u00e0 de leur usage festif, les <strong>popper, popper di plastica<\/strong> sont \u00e9galement utilis\u00e9s pour favoriser la d\u00e9tente dans des contextes personnels.<\/p>\n<h3><strong>Achetez des Poppers en Ligne D\u00e8s Aujourd\u2019hui<\/strong><\/h3>\n<p>Che tu stia cercando <strong>poppers Rush<\/strong>, <strong>Amsterdam<\/strong>, ou d\u2019autres marques r\u00e9put\u00e9es, <strong>GBlexpress<\/strong> est votre choix num\u00e9ro un. Nous proposons des <strong>poppers authentiques<\/strong>, livr\u00e9s rapidement et discr\u00e8tement. <strong>Achetez des poppers en ligne<\/strong> d\u00e8s aujourd\u2019hui et d\u00e9couvrez pourquoi nous sommes le fournisseur pr\u00e9f\u00e9r\u00e9 des consommateurs du monde entier. <a href=\"https:\/\/gblexprimer.com\/it\/prodotto\/popper-popper-di-plastica\/\">Meilleures ventes<\/a><\/p>","protected":false},"excerpt":{"rendered":"<p><strong>Panzerotti<\/strong>, ou nitrates alkyles, sont des compos\u00e9s chimiques largement connus pour leurs effets relaxants et vasodilatateurs rapides. Utilis\u00e9s \u00e0 des fins r\u00e9cr\u00e9atives ou scientifiques, ils agissent en dilatant les vaisseaux sanguins, favorisant un rel\u00e2chement musculaire et une sensation de bien-\u00eatre temporaire. Les <strong>popper, popper di plastica<\/strong> sont aussi \u00e9tudi\u00e9s en laboratoire pour leurs applications cardiovasculaires et leurs effets chimiques uniques.<\/p>\n<h3><strong>Comment Fonctionnent les Poppers ?<\/strong><\/h3>\n<p>Il <strong>popper, popper di plastica<\/strong> lib\u00e8rent de l\u2019oxyde nitrique (NO), ce qui provoque une dilatation imm\u00e9diate des vaisseaux sanguins et une relaxation musculaire.<\/p>\n<ul>\n<li><strong>Effetti principali :<\/strong> D\u00e9tente rapide, sensation de chaleur, et am\u00e9lioration temporaire du flux sanguin.<\/li>\n<li><strong>Modalit\u00e0 d'azione :<\/strong> Inhalation directe pour une absorption rapide et des effets instantan\u00e9s.<\/li>\n<li><strong>Durata :<\/strong> Quelques minutes.<\/li>\n<\/ul>\n<h3><strong>Formula e dati<\/strong><\/h3>\n<ul>\n<li><strong>Principaux compos\u00e9s :<\/strong>\n<ul>\n<li>Nitrite d\u2019amyle (C5H11ONO)<\/li>\n<li>Nitrite de butyle (C4H9ONO)<\/li>\n<li>Nitrite d\u2019isobutyle (C4H9ONO)<\/li>\n<\/ul>\n<\/li>\n<\/ul>","protected":false},"featured_media":5281,"comment_status":"open","ping_status":"closed","template":"","meta":{"site-sidebar-layout":"default","site-content-layout":"","ast-site-content-layout":"default","site-content-style":"default","site-sidebar-style":"default","ast-global-header-display":"","ast-banner-title-visibility":"","ast-main-header-display":"","ast-hfb-above-header-display":"","ast-hfb-below-header-display":"","ast-hfb-mobile-header-display":"","site-post-title":"","ast-breadcrumbs-content":"","ast-featured-img":"","footer-sml-layout":"","theme-transparent-header-meta":"default","adv-header-id-meta":"","stick-header-meta":"","header-above-stick-meta":"","header-main-stick-meta":"","header-below-stick-meta":"","astra-migrate-meta-layouts":"set","ast-page-background-enabled":"default","ast-page-background-meta":{"desktop":{"background-color":"","background-image":"","background-repeat":"repeat","background-position":"center center","background-size":"auto","background-attachment":"scroll","background-type":"","background-media":"","overlay-type":"","overlay-color":"","overlay-opacity":"","overlay-gradient":""},"tablet":{"background-color":"","background-image":"","background-repeat":"repeat","background-position":"center center","background-size":"auto","background-attachment":"scroll","background-type":"","background-media":"","overlay-type":"","overlay-color":"","overlay-opacity":"","overlay-gradient":""},"mobile":{"background-color":"","background-image":"","background-repeat":"repeat","background-position":"center center","background-size":"auto","background-attachment":"scroll","background-type":"","background-media":"","overlay-type":"","overlay-color":"","overlay-opacity":"","overlay-gradient":""}},"ast-content-background-meta":{"desktop":{"background-color":"var(--ast-global-color-5)","background-image":"","background-repeat":"repeat","background-position":"center center","background-size":"auto","background-attachment":"scroll","background-type":"","background-media":"","overlay-type":"","overlay-color":"","overlay-opacity":"","overlay-gradient":""},"tablet":{"background-color":"var(--ast-global-color-5)","background-image":"","background-repeat":"repeat","background-position":"center center","background-size":"auto","background-attachment":"scroll","background-type":"","background-media":"","overlay-type":"","overlay-color":"","overlay-opacity":"","overlay-gradient":""},"mobile":{"background-color":"var(--ast-global-color-5)","background-image":"","background-repeat":"repeat","background-position":"center center","background-size":"auto","background-attachment":"scroll","background-type":"","background-media":"","overlay-type":"","overlay-color":"","overlay-opacity":"","overlay-gradient":""}},"_joinchat":[]},"product_brand":[],"product_cat":[141],"product_tag":[335,350,352,343,348,345,353,336,338,342,344,339,346,355,351,341,347,354,337,349,340],"class_list":{"0":"post-5038","1":"product","2":"type-product","3":"status-publish","4":"has-post-thumbnail","6":"product_cat-sex-meth","7":"product_tag-achetez-poppers","8":"product_tag-commandez-poppers-maintenant","9":"product_tag-fournisseurs-de-poppers-fiables","10":"product_tag-fournisseurs-fiables-de-poppers","11":"product_tag-meilleurs-poppers-en-ligne","12":"product_tag-nitrites-de-propyle","13":"product_tag-ou-acheter-des-poppers","14":"product_tag-poppers-a-vendre","15":"product_tag-poppers-amsterdam","16":"product_tag-poppers-authentiques-en-ligne","17":"product_tag-poppers-de-haute-qualite","18":"product_tag-poppers-jungle-juice","19":"product_tag-poppers-livraison-rapide","20":"product_tag-poppers-populaires","21":"product_tag-poppers-pour-communaute-lgbtq","22":"product_tag-poppers-pour-soirees","23":"product_tag-poppers-prix-abordables","24":"product_tag-poppers-recreatifs","25":"product_tag-poppers-rush","26":"product_tag-produits-premium-poppers","27":"product_tag-relaxation-musculaire-poppers","28":"desktop-align-left","29":"tablet-align-left","30":"mobile-align-left","32":"first","33":"instock","34":"shipping-taxable","35":"purchasable","36":"product-type-variable"},"yoast_head":"<!-- This site is optimized with the Yoast SEO plugin v26.9 - https:\/\/yoast.com\/product\/yoast-seo-wordpress\/ -->\n<title>Achetez des Poppers en Ligne | Haute Qualit\u00e9 et Livraison Rapide<\/title>\n<meta name=\"description\" content=\"Achetez des poppers authentiques en ligne sur GBlexprimer. Produits de qualit\u00e9 sup\u00e9rieure : Rush, Amsterdam, Jungle Juice. Livraison rapide et discr\u00e8te. Commandez maintenant !\" \/>\n<meta name=\"robots\" content=\"index, follow, max-snippet:-1, max-image-preview:large, max-video-preview:-1\" \/>\n<link rel=\"canonical\" href=\"https:\/\/gblexprimer.com\/it\/prodotto\/popper-popper-di-plastica\/\" \/>\n<meta property=\"og:locale\" content=\"it_IT\" \/>\n<meta property=\"og:type\" content=\"article\" \/>\n<meta property=\"og:title\" content=\"Achetez des Poppers en Ligne | Haute Qualit\u00e9 et Livraison Rapide\" \/>\n<meta property=\"og:description\" content=\"Achetez des poppers authentiques en ligne sur GBlexprimer. Produits de qualit\u00e9 sup\u00e9rieure : Rush, Amsterdam, Jungle Juice. Livraison rapide et discr\u00e8te. Commandez maintenant !\" \/>\n<meta property=\"og:url\" content=\"https:\/\/gblexprimer.com\/it\/prodotto\/popper-popper-di-plastica\/\" \/>\n<meta property=\"og:site_name\" content=\"GBL Exprimer\" \/>\n<meta property=\"article:modified_time\" content=\"2026-04-13T04:21:35+00:00\" \/>\n<meta property=\"og:image\" content=\"https:\/\/gblexprimer.com\/wp-content\/uploads\/2024\/11\/Poppers.jpg\" \/>\n\t<meta property=\"og:image:width\" content=\"600\" \/>\n\t<meta property=\"og:image:height\" content=\"600\" \/>\n\t<meta property=\"og:image:type\" content=\"image\/jpeg\" \/>\n<meta name=\"twitter:card\" content=\"summary_large_image\" \/>\n<meta name=\"twitter:label1\" content=\"Tempo di lettura stimato\" \/>\n\t<meta name=\"twitter:data1\" content=\"2 minuti\" \/>\n<script type=\"application\/ld+json\" class=\"yoast-schema-graph\">{\"@context\":\"https:\/\/schema.org\",\"@graph\":[{\"@type\":\"WebPage\",\"@id\":\"https:\/\/gblexprimer.com\/product\/poppers\/\",\"url\":\"https:\/\/gblexprimer.com\/product\/poppers\/\",\"name\":\"Achetez des Poppers en Ligne | Haute Qualit\u00e9 et Livraison Rapide\",\"isPartOf\":{\"@id\":\"https:\/\/gblexprimer.com\/#website\"},\"primaryImageOfPage\":{\"@id\":\"https:\/\/gblexprimer.com\/product\/poppers\/#primaryimage\"},\"image\":{\"@id\":\"https:\/\/gblexprimer.com\/product\/poppers\/#primaryimage\"},\"thumbnailUrl\":\"https:\/\/gblexprimer.com\/wp-content\/uploads\/2024\/11\/Poppers.jpg\",\"datePublished\":\"2024-11-26T06:06:42+00:00\",\"dateModified\":\"2026-04-13T04:21:35+00:00\",\"description\":\"Achetez des poppers authentiques en ligne sur GBlexprimer. Produits de qualit\u00e9 sup\u00e9rieure : Rush, Amsterdam, Jungle Juice. Livraison rapide et discr\u00e8te. Commandez maintenant !\",\"breadcrumb\":{\"@id\":\"https:\/\/gblexprimer.com\/product\/poppers\/#breadcrumb\"},\"inLanguage\":\"it-IT\",\"potentialAction\":[{\"@type\":\"ReadAction\",\"target\":[\"https:\/\/gblexprimer.com\/product\/poppers\/\"]}]},{\"@type\":\"ImageObject\",\"inLanguage\":\"it-IT\",\"@id\":\"https:\/\/gblexprimer.com\/product\/poppers\/#primaryimage\",\"url\":\"https:\/\/gblexprimer.com\/wp-content\/uploads\/2024\/11\/Poppers.jpg\",\"contentUrl\":\"https:\/\/gblexprimer.com\/wp-content\/uploads\/2024\/11\/Poppers.jpg\",\"width\":600,\"height\":600,\"caption\":\"Poppers\"},{\"@type\":\"BreadcrumbList\",\"@id\":\"https:\/\/gblexprimer.com\/product\/poppers\/#breadcrumb\",\"itemListElement\":[{\"@type\":\"ListItem\",\"position\":1,\"name\":\"Home\",\"item\":\"https:\/\/gblexprimer.com\/\"},{\"@type\":\"ListItem\",\"position\":2,\"name\":\"Shop\",\"item\":\"https:\/\/gblexprimer.com\/shop\/\"},{\"@type\":\"ListItem\",\"position\":3,\"name\":\"Poppers\"}]},{\"@type\":\"WebSite\",\"@id\":\"https:\/\/gblexprimer.com\/#website\",\"url\":\"https:\/\/gblexprimer.com\/\",\"name\":\"GBL Exprimer\",\"description\":\"\",\"publisher\":{\"@id\":\"https:\/\/gblexprimer.com\/#organization\"},\"potentialAction\":[{\"@type\":\"SearchAction\",\"target\":{\"@type\":\"EntryPoint\",\"urlTemplate\":\"https:\/\/gblexprimer.com\/?s={search_term_string}\"},\"query-input\":{\"@type\":\"PropertyValueSpecification\",\"valueRequired\":true,\"valueName\":\"search_term_string\"}}],\"inLanguage\":\"it-IT\"},{\"@type\":\"Organization\",\"@id\":\"https:\/\/gblexprimer.com\/#organization\",\"name\":\"GBL Exprimer\",\"url\":\"https:\/\/gblexprimer.com\/\",\"logo\":{\"@type\":\"ImageObject\",\"inLanguage\":\"it-IT\",\"@id\":\"https:\/\/gblexprimer.com\/#\/schema\/logo\/image\/\",\"url\":\"https:\/\/gblexprimer.com\/wp-content\/uploads\/2024\/01\/logo.png\",\"contentUrl\":\"https:\/\/gblexprimer.com\/wp-content\/uploads\/2024\/01\/logo.png\",\"width\":220,\"height\":80,\"caption\":\"GBL Exprimer\"},\"image\":{\"@id\":\"https:\/\/gblexprimer.com\/#\/schema\/logo\/image\/\"}}]}<\/script>\n<!-- \/ Yoast SEO plugin. -->","yoast_head_json":{"title":"Achetez des Poppers en Ligne | Haute Qualit\u00e9 et Livraison Rapide","description":"Achetez des poppers authentiques en ligne sur GBlexprimer. Produits de qualit\u00e9 sup\u00e9rieure : Rush, Amsterdam, Jungle Juice. Livraison rapide et discr\u00e8te. Commandez maintenant !","robots":{"index":"index","follow":"follow","max-snippet":"max-snippet:-1","max-image-preview":"max-image-preview:large","max-video-preview":"max-video-preview:-1"},"canonical":"https:\/\/gblexprimer.com\/it\/prodotto\/popper-popper-di-plastica\/","og_locale":"it_IT","og_type":"article","og_title":"Achetez des Poppers en Ligne | Haute Qualit\u00e9 et Livraison Rapide","og_description":"Achetez des poppers authentiques en ligne sur GBlexprimer. Produits de qualit\u00e9 sup\u00e9rieure : Rush, Amsterdam, Jungle Juice. Livraison rapide et discr\u00e8te. Commandez maintenant !","og_url":"https:\/\/gblexprimer.com\/it\/prodotto\/popper-popper-di-plastica\/","og_site_name":"GBL Exprimer","article_modified_time":"2026-04-13T04:21:35+00:00","og_image":[{"width":600,"height":600,"url":"https:\/\/gblexprimer.com\/wp-content\/uploads\/2024\/11\/Poppers.jpg","type":"image\/jpeg"}],"twitter_card":"summary_large_image","twitter_misc":{"Tempo di lettura stimato":"2 minuti"},"schema":{"@context":"https:\/\/schema.org","@graph":[{"@type":"WebPage","@id":"https:\/\/gblexprimer.com\/product\/poppers\/","url":"https:\/\/gblexprimer.com\/product\/poppers\/","name":"Achetez des Poppers en Ligne | Haute Qualit\u00e9 et Livraison Rapide","isPartOf":{"@id":"https:\/\/gblexprimer.com\/#website"},"primaryImageOfPage":{"@id":"https:\/\/gblexprimer.com\/product\/poppers\/#primaryimage"},"image":{"@id":"https:\/\/gblexprimer.com\/product\/poppers\/#primaryimage"},"thumbnailUrl":"https:\/\/gblexprimer.com\/wp-content\/uploads\/2024\/11\/Poppers.jpg","datePublished":"2024-11-26T06:06:42+00:00","dateModified":"2026-04-13T04:21:35+00:00","description":"Achetez des poppers authentiques en ligne sur GBlexprimer. Produits de qualit\u00e9 sup\u00e9rieure : Rush, Amsterdam, Jungle Juice. Livraison rapide et discr\u00e8te. Commandez maintenant !","breadcrumb":{"@id":"https:\/\/gblexprimer.com\/product\/poppers\/#breadcrumb"},"inLanguage":"it-IT","potentialAction":[{"@type":"ReadAction","target":["https:\/\/gblexprimer.com\/product\/poppers\/"]}]},{"@type":"ImageObject","inLanguage":"it-IT","@id":"https:\/\/gblexprimer.com\/product\/poppers\/#primaryimage","url":"https:\/\/gblexprimer.com\/wp-content\/uploads\/2024\/11\/Poppers.jpg","contentUrl":"https:\/\/gblexprimer.com\/wp-content\/uploads\/2024\/11\/Poppers.jpg","width":600,"height":600,"caption":"Poppers"},{"@type":"BreadcrumbList","@id":"https:\/\/gblexprimer.com\/product\/poppers\/#breadcrumb","itemListElement":[{"@type":"ListItem","position":1,"name":"Home","item":"https:\/\/gblexprimer.com\/"},{"@type":"ListItem","position":2,"name":"Shop","item":"https:\/\/gblexprimer.com\/shop\/"},{"@type":"ListItem","position":3,"name":"Poppers"}]},{"@type":"WebSite","@id":"https:\/\/gblexprimer.com\/#website","url":"https:\/\/gblexprimer.com\/","name":"GBL Express","description":"","publisher":{"@id":"https:\/\/gblexprimer.com\/#organization"},"potentialAction":[{"@type":"SearchAction","target":{"@type":"EntryPoint","urlTemplate":"https:\/\/gblexprimer.com\/?s={search_term_string}"},"query-input":{"@type":"PropertyValueSpecification","valueRequired":true,"valueName":"search_term_string"}}],"inLanguage":"it-IT"},{"@type":"Organization","@id":"https:\/\/gblexprimer.com\/#organization","name":"GBL Express","url":"https:\/\/gblexprimer.com\/","logo":{"@type":"ImageObject","inLanguage":"it-IT","@id":"https:\/\/gblexprimer.com\/#\/schema\/logo\/image\/","url":"https:\/\/gblexprimer.com\/wp-content\/uploads\/2024\/01\/logo.png","contentUrl":"https:\/\/gblexprimer.com\/wp-content\/uploads\/2024\/01\/logo.png","width":220,"height":80,"caption":"GBL Exprimer"},"image":{"@id":"https:\/\/gblexprimer.com\/#\/schema\/logo\/image\/"}}]}},"_links":{"self":[{"href":"https:\/\/gblexprimer.com\/it\/wp-json\/wp\/v2\/product\/5038","targetHints":{"allow":["GET"]}}],"collection":[{"href":"https:\/\/gblexprimer.com\/it\/wp-json\/wp\/v2\/product"}],"about":[{"href":"https:\/\/gblexprimer.com\/it\/wp-json\/wp\/v2\/types\/product"}],"replies":[{"embeddable":true,"href":"https:\/\/gblexprimer.com\/it\/wp-json\/wp\/v2\/comments?post=5038"}],"wp:featuredmedia":[{"embeddable":true,"href":"https:\/\/gblexprimer.com\/it\/wp-json\/wp\/v2\/media\/5281"}],"wp:attachment":[{"href":"https:\/\/gblexprimer.com\/it\/wp-json\/wp\/v2\/media?parent=5038"}],"wp:term":[{"taxonomy":"product_brand","embeddable":true,"href":"https:\/\/gblexprimer.com\/it\/wp-json\/wp\/v2\/product_brand?post=5038"},{"taxonomy":"product_cat","embeddable":true,"href":"https:\/\/gblexprimer.com\/it\/wp-json\/wp\/v2\/product_cat?post=5038"},{"taxonomy":"product_tag","embeddable":true,"href":"https:\/\/gblexprimer.com\/it\/wp-json\/wp\/v2\/product_tag?post=5038"}],"curies":[{"name":"wp","href":"https:\/\/api.w.org\/{rel}","templated":true}]}}