{"id":5048,"date":"2024-11-26T06:13:51","date_gmt":"2024-11-26T06:13:51","guid":{"rendered":"https:\/\/gblexprimer.com\/?post_type=product&#038;p=5048"},"modified":"2026-04-13T04:21:44","modified_gmt":"2026-04-13T04:21:44","slug":"steroidi","status":"publish","type":"product","link":"https:\/\/gblexprimer.com\/it\/prodotto\/steroidi\/","title":{"rendered":"Steroidi"},"content":{"rendered":"<h2><strong>Acquistare steroidi (Sterydy) online su GBlexprimer<\/strong><\/h2>\n<p><a href=\"https:\/\/gblexprimer.com\/it\/prodotto\/steroidi\/\"><strong>Steroidi<\/strong><\/a>conosciuto anche come <strong>Steroidi<\/strong>sono composti sintetici utilizzati per migliorare le prestazioni fisiche, aumentare la massa muscolare e talvolta anche per scopi medici. Questi prodotti sono apprezzati dagli atleti, dai culturisti e da chi cerca di massimizzare la propria forza e resistenza. A casa di <a href=\"https:\/\/gblexprimer.com\/it\/\"><strong>GBlexpress<\/strong><\/a>Offriamo una vasta gamma di <strong>steroidi di alta qualit\u00e0<\/strong>rigorosamente testati, con opzioni di consegna rapide e discrete per soddisfare le tue esigenze Acquista steroidi<a href=\"https:\/\/gblexpress.com\/shop\/tilidin-ratiopharm-plus-50-4-mg-tilidin-naloxon\/\">.<\/a><\/p>\n<p><strong>Dianabol 10mg<\/strong><br \/>\n<strong>Anavar 50mg<\/strong><br \/>\n<strong>Testosterone 250mg<\/strong><br \/>\n<strong>Deca-Durabolin 300 mg<\/strong><\/p>\n<h3><strong>Perch\u00e9 scegliere GB exprimer per i tuoi steroidi?<\/strong><\/h3>\n<h4><strong>Steroidi di alta qualit\u00e0<\/strong><\/h4>\n<p>Il nostro <a href=\"https:\/\/en.wikipedia.org\/wiki\/Steroid\"><strong>steroidi<\/strong><\/a> sono selezionati per la loro efficacia e sicurezza. Offriamo prodotti autentici, tra cui marchi noti come <strong>Dianabol<\/strong>, <strong>Testosterone<\/strong>, <strong>Anavar<\/strong>, <strong>Trenbolone<\/strong>e molto altro ancora<a href=\"https:\/\/gblexprimer.com\/it\/prodotto\/-59\/\">.<\/a><\/p>\n<h4><strong>Consegna veloce e discreta<\/strong><\/h4>\n<p>Con GBlexprimer, il vostro <strong>steroidi<\/strong> vengono consegnati rapidamente, in un imballaggio discreto per garantire la vostra riservatezza.<\/p>\n<h4><strong>Pagamenti sicuri<\/strong><\/h4>\n<p>Offriamo metodi di pagamento sicuri per un'esperienza di acquisto senza preoccupazioni.<\/p>\n<h4><strong>Premi competitivi<\/strong><\/h4>\n<p>Approfittate di <a href=\"https:\/\/gblexprimer.com\/it\/prodotto\/testosteron-250mg\/\"><strong>migliori prezzi sugli steroidi<\/strong><\/a>con possibilit\u00e0 di ordini singoli o in blocco.<\/p>\n<h3><strong>Applicazioni e usi degli steroidi (Sterydy)<\/strong><\/h3>\n<h4><strong>Migliorare le prestazioni fisiche<\/strong><\/h4>\n<p>Gli steroidi sono apprezzati da atleti e culturisti per aumentare la forza, la resistenza e la capacit\u00e0 di recupero.<\/p>\n<h4><strong>Costruire massa muscolare<\/strong><\/h4>\n<p>Utilizzato in sessioni di allenamento intense, il <strong>steroidi<\/strong> contribuiscono a un rapido aumento della massa muscolare e a una migliore definizione del corpo.<\/p>\n<h4><strong>Applicazioni mediche<\/strong><\/h4>\n<p>Alcuni steroidi, come <strong>testosterona<\/strong> o corticosteroidi, vengono prescritti per trattare disturbi ormonali o ridurre l'infiammazione.<\/p>\n<h3><strong>Acquista Steroidi (Sterydy) Online Oggi<\/strong><\/h3>\n<p>Che tu stia cercando <strong>steroidi orali<\/strong>e <strong>steroidi iniettabili<\/strong>, o prodotti specifici come <strong>Dianabol<\/strong> o il <strong>Trenbolone<\/strong>, <strong>GBlexpress<\/strong> \u00e8 il tuo fornitore affidabile. I nostri prodotti sono autentici, le nostre consegne sono veloci e il nostro servizio clienti \u00e8 eccezionale. <strong>Acquista steroidi online oggi<\/strong> e scopri perch\u00e9 siamo la scelta preferita di atleti e culturisti. <a href=\"https:\/\/gblexprimer.com\/it\/prodotto\/steroidi\/\">Produits de confiance<\/a><\/p>","protected":false},"excerpt":{"rendered":"<p><strong>Steroidi<\/strong>o <strong>steroidi<\/strong>, sono composti organici sintetici o naturali, ampiamente utilizzati per le loro propriet\u00e0 anabolizzanti e i loro effetti sui processi metabolici. Sono comunemente studiati per il loro ruolo nel miglioramento delle prestazioni, nella rigenerazione muscolare e nei trattamenti medici. Il <strong>steroidi<\/strong> sono stati studiati in laboratorio per valutare il loro impatto sullo sviluppo cellulare e sulla regolazione ormonale.<\/p>\n<h3><strong>Come funziona Sterydy?<\/strong><\/h3>\n<p>Il <strong>steroidi<\/strong> funzionano imitando gli ormoni naturali, come ad esempio <strong>testosterona<\/strong>, Questo stimola la crescita muscolare e migliora il recupero.<\/p>\n<ul>\n<li><strong>Effetti principali :<\/strong> Aumenta la sintesi proteica, stimola la crescita muscolare e riduce le infiammazioni.<\/li>\n<li><strong>Modalit\u00e0 d'azione :<\/strong> Si lega ai recettori ormonali per attivare i processi anabolici nelle cellule.<\/li>\n<li><strong>Durata degli effetti :<\/strong> Varia a seconda del tipo di steroide e del metodo di somministrazione.<\/li>\n<\/ul>\n<h3><strong>Formula e dati<\/strong><\/h3>\n<ul>\n<li><strong>Tipi comuni :<\/strong>\n<ul>\n<li><strong>Steroidi anabolizzanti<\/strong> Testosterone, nandrolone.<\/li>\n<li><strong>Steroidi corticosteroidi<\/strong> Prednisolone, Desametasone.<\/li>\n<\/ul>\n<\/li>\n<li><strong>Formule molecolari :<\/strong> Dipende dal composto specifico (ad esempio, C19H28O2 per il testosterone).<\/li>\n<\/ul>","protected":false},"featured_media":5278,"comment_status":"open","ping_status":"closed","template":"","meta":{"site-sidebar-layout":"default","site-content-layout":"","ast-site-content-layout":"default","site-content-style":"default","site-sidebar-style":"default","ast-global-header-display":"","ast-banner-title-visibility":"","ast-main-header-display":"","ast-hfb-above-header-display":"","ast-hfb-below-header-display":"","ast-hfb-mobile-header-display":"","site-post-title":"","ast-breadcrumbs-content":"","ast-featured-img":"","footer-sml-layout":"","theme-transparent-header-meta":"default","adv-header-id-meta":"","stick-header-meta":"","header-above-stick-meta":"","header-main-stick-meta":"","header-below-stick-meta":"","astra-migrate-meta-layouts":"set","ast-page-background-enabled":"default","ast-page-background-meta":{"desktop":{"background-color":"","background-image":"","background-repeat":"repeat","background-position":"center center","background-size":"auto","background-attachment":"scroll","background-type":"","background-media":"","overlay-type":"","overlay-color":"","overlay-opacity":"","overlay-gradient":""},"tablet":{"background-color":"","background-image":"","background-repeat":"repeat","background-position":"center center","background-size":"auto","background-attachment":"scroll","background-type":"","background-media":"","overlay-type":"","overlay-color":"","overlay-opacity":"","overlay-gradient":""},"mobile":{"background-color":"","background-image":"","background-repeat":"repeat","background-position":"center center","background-size":"auto","background-attachment":"scroll","background-type":"","background-media":"","overlay-type":"","overlay-color":"","overlay-opacity":"","overlay-gradient":""}},"ast-content-background-meta":{"desktop":{"background-color":"var(--ast-global-color-5)","background-image":"","background-repeat":"repeat","background-position":"center center","background-size":"auto","background-attachment":"scroll","background-type":"","background-media":"","overlay-type":"","overlay-color":"","overlay-opacity":"","overlay-gradient":""},"tablet":{"background-color":"var(--ast-global-color-5)","background-image":"","background-repeat":"repeat","background-position":"center center","background-size":"auto","background-attachment":"scroll","background-type":"","background-media":"","overlay-type":"","overlay-color":"","overlay-opacity":"","overlay-gradient":""},"mobile":{"background-color":"var(--ast-global-color-5)","background-image":"","background-repeat":"repeat","background-position":"center center","background-size":"auto","background-attachment":"scroll","background-type":"","background-media":"","overlay-type":"","overlay-color":"","overlay-opacity":"","overlay-gradient":""}},"_joinchat":[]},"product_brand":[],"product_cat":[141],"product_tag":[356,362,360,375,361,365,374,370,372,371,357,358,368,369,376,373,366,367,359,364,363],"class_list":{"0":"post-5048","1":"product","2":"type-product","3":"status-publish","4":"has-post-thumbnail","6":"product_cat-sex-meth","7":"product_tag-achetez-steroides","8":"product_tag-anavar-authentique","9":"product_tag-commandez-steroides-en-ligne","10":"product_tag-commandez-sterydy-maintenant","11":"product_tag-dianabol-a-vendre","12":"product_tag-fournisseurs-fiables-de-steroides","13":"product_tag-meilleurs-steroides-en-ligne","14":"product_tag-ou-acheter-des-steroides","15":"product_tag-prix-abordables-pour-steroides","16":"product_tag-produits-premium-steroides","17":"product_tag-steroides-a-vendre","18":"product_tag-steroides-authentiques","19":"product_tag-steroides-injectables","20":"product_tag-steroides-oraux","21":"product_tag-steroides-pour-athletes-et-bodybuilders","22":"product_tag-steroides-pour-force-et-endurance","23":"product_tag-steroides-pour-musculation","24":"product_tag-steroides-pour-performance-sportive","25":"product_tag-sterydy-de-haute-qualite","26":"product_tag-testosterone-livraison-rapide","27":"product_tag-trenbolone-pure","28":"desktop-align-left","29":"tablet-align-left","30":"mobile-align-left","32":"first","33":"instock","34":"shipping-taxable","35":"purchasable","36":"product-type-variable"},"yoast_head":"<!-- This site is optimized with the Yoast SEO plugin v26.9 - https:\/\/yoast.com\/product\/yoast-seo-wordpress\/ -->\n<title>Achetez des St\u00e9ro\u00efdes (Sterydy) en Ligne | Haute Qualit\u00e9<\/title>\n<meta name=\"description\" content=\"Achetez des st\u00e9ro\u00efdes (Sterydy) en ligne sur GBlexprimer. Produits authentiques pour performances physiques et musculation. Livraison rapide et paiement s\u00e9curis\u00e9. Commandez maintenant !\" \/>\n<meta name=\"robots\" content=\"index, follow, max-snippet:-1, max-image-preview:large, max-video-preview:-1\" \/>\n<link rel=\"canonical\" href=\"https:\/\/gblexprimer.com\/it\/prodotto\/steroidi\/\" \/>\n<meta property=\"og:locale\" content=\"it_IT\" \/>\n<meta property=\"og:type\" content=\"article\" \/>\n<meta property=\"og:title\" content=\"Achetez des St\u00e9ro\u00efdes (Sterydy) en Ligne | Haute Qualit\u00e9\" \/>\n<meta property=\"og:description\" content=\"Achetez des st\u00e9ro\u00efdes (Sterydy) en ligne sur GBlexprimer. Produits authentiques pour performances physiques et musculation. Livraison rapide et paiement s\u00e9curis\u00e9. Commandez maintenant !\" \/>\n<meta property=\"og:url\" content=\"https:\/\/gblexprimer.com\/it\/prodotto\/steroidi\/\" \/>\n<meta property=\"og:site_name\" content=\"GBL Exprimer\" \/>\n<meta property=\"article:modified_time\" content=\"2026-04-13T04:21:44+00:00\" \/>\n<meta property=\"og:image\" content=\"https:\/\/gblexprimer.com\/wp-content\/uploads\/2024\/11\/Steroides.jpg\" \/>\n\t<meta property=\"og:image:width\" content=\"600\" \/>\n\t<meta property=\"og:image:height\" content=\"600\" \/>\n\t<meta property=\"og:image:type\" content=\"image\/jpeg\" \/>\n<meta name=\"twitter:card\" content=\"summary_large_image\" \/>\n<meta name=\"twitter:label1\" content=\"Tempo di lettura stimato\" \/>\n\t<meta name=\"twitter:data1\" content=\"2 minuti\" \/>\n<script type=\"application\/ld+json\" class=\"yoast-schema-graph\">{\"@context\":\"https:\/\/schema.org\",\"@graph\":[{\"@type\":\"WebPage\",\"@id\":\"https:\/\/gblexprimer.com\/product\/steroides\/\",\"url\":\"https:\/\/gblexprimer.com\/product\/steroides\/\",\"name\":\"Achetez des St\u00e9ro\u00efdes (Sterydy) en Ligne | Haute Qualit\u00e9\",\"isPartOf\":{\"@id\":\"https:\/\/gblexprimer.com\/#website\"},\"primaryImageOfPage\":{\"@id\":\"https:\/\/gblexprimer.com\/product\/steroides\/#primaryimage\"},\"image\":{\"@id\":\"https:\/\/gblexprimer.com\/product\/steroides\/#primaryimage\"},\"thumbnailUrl\":\"https:\/\/gblexprimer.com\/wp-content\/uploads\/2024\/11\/Steroides.jpg\",\"datePublished\":\"2024-11-26T06:13:51+00:00\",\"dateModified\":\"2026-04-13T04:21:44+00:00\",\"description\":\"Achetez des st\u00e9ro\u00efdes (Sterydy) en ligne sur GBlexprimer. Produits authentiques pour performances physiques et musculation. Livraison rapide et paiement s\u00e9curis\u00e9. Commandez maintenant !\",\"breadcrumb\":{\"@id\":\"https:\/\/gblexprimer.com\/product\/steroides\/#breadcrumb\"},\"inLanguage\":\"it-IT\",\"potentialAction\":[{\"@type\":\"ReadAction\",\"target\":[\"https:\/\/gblexprimer.com\/product\/steroides\/\"]}]},{\"@type\":\"ImageObject\",\"inLanguage\":\"it-IT\",\"@id\":\"https:\/\/gblexprimer.com\/product\/steroides\/#primaryimage\",\"url\":\"https:\/\/gblexprimer.com\/wp-content\/uploads\/2024\/11\/Steroides.jpg\",\"contentUrl\":\"https:\/\/gblexprimer.com\/wp-content\/uploads\/2024\/11\/Steroides.jpg\",\"width\":600,\"height\":600,\"caption\":\"St\u00e9ro\u00efdes\"},{\"@type\":\"BreadcrumbList\",\"@id\":\"https:\/\/gblexprimer.com\/product\/steroides\/#breadcrumb\",\"itemListElement\":[{\"@type\":\"ListItem\",\"position\":1,\"name\":\"Home\",\"item\":\"https:\/\/gblexprimer.com\/\"},{\"@type\":\"ListItem\",\"position\":2,\"name\":\"Shop\",\"item\":\"https:\/\/gblexprimer.com\/shop\/\"},{\"@type\":\"ListItem\",\"position\":3,\"name\":\"St\u00e9ro\u00efdes\"}]},{\"@type\":\"WebSite\",\"@id\":\"https:\/\/gblexprimer.com\/#website\",\"url\":\"https:\/\/gblexprimer.com\/\",\"name\":\"GBL Exprimer\",\"description\":\"\",\"publisher\":{\"@id\":\"https:\/\/gblexprimer.com\/#organization\"},\"potentialAction\":[{\"@type\":\"SearchAction\",\"target\":{\"@type\":\"EntryPoint\",\"urlTemplate\":\"https:\/\/gblexprimer.com\/?s={search_term_string}\"},\"query-input\":{\"@type\":\"PropertyValueSpecification\",\"valueRequired\":true,\"valueName\":\"search_term_string\"}}],\"inLanguage\":\"it-IT\"},{\"@type\":\"Organization\",\"@id\":\"https:\/\/gblexprimer.com\/#organization\",\"name\":\"GBL Exprimer\",\"url\":\"https:\/\/gblexprimer.com\/\",\"logo\":{\"@type\":\"ImageObject\",\"inLanguage\":\"it-IT\",\"@id\":\"https:\/\/gblexprimer.com\/#\/schema\/logo\/image\/\",\"url\":\"https:\/\/gblexprimer.com\/wp-content\/uploads\/2024\/01\/logo.png\",\"contentUrl\":\"https:\/\/gblexprimer.com\/wp-content\/uploads\/2024\/01\/logo.png\",\"width\":220,\"height\":80,\"caption\":\"GBL Exprimer\"},\"image\":{\"@id\":\"https:\/\/gblexprimer.com\/#\/schema\/logo\/image\/\"}}]}<\/script>\n<!-- \/ Yoast SEO plugin. -->","yoast_head_json":{"title":"Acquistare Steroidi (Sterydy) Online | Alta Qualit\u00e0","description":"Acquistare steroidi (Sterydy) online su GBlexprimer. Prodotti autentici per le prestazioni fisiche e il bodybuilding. Consegna veloce e pagamento sicuro. Ordina ora!","robots":{"index":"index","follow":"follow","max-snippet":"max-snippet:-1","max-image-preview":"max-image-preview:large","max-video-preview":"max-video-preview:-1"},"canonical":"https:\/\/gblexprimer.com\/it\/prodotto\/steroidi\/","og_locale":"it_IT","og_type":"article","og_title":"Achetez des St\u00e9ro\u00efdes (Sterydy) en Ligne | Haute Qualit\u00e9","og_description":"Achetez des st\u00e9ro\u00efdes (Sterydy) en ligne sur GBlexprimer. Produits authentiques pour performances physiques et musculation. Livraison rapide et paiement s\u00e9curis\u00e9. Commandez maintenant !","og_url":"https:\/\/gblexprimer.com\/it\/prodotto\/steroidi\/","og_site_name":"GBL Exprimer","article_modified_time":"2026-04-13T04:21:44+00:00","og_image":[{"width":600,"height":600,"url":"https:\/\/gblexprimer.com\/wp-content\/uploads\/2024\/11\/Steroides.jpg","type":"image\/jpeg"}],"twitter_card":"summary_large_image","twitter_misc":{"Tempo di lettura stimato":"2 minuti"},"schema":{"@context":"https:\/\/schema.org","@graph":[{"@type":"WebPage","@id":"https:\/\/gblexprimer.com\/product\/steroides\/","url":"https:\/\/gblexprimer.com\/product\/steroides\/","name":"Acquistare Steroidi (Sterydy) Online | Alta Qualit\u00e0","isPartOf":{"@id":"https:\/\/gblexprimer.com\/#website"},"primaryImageOfPage":{"@id":"https:\/\/gblexprimer.com\/product\/steroides\/#primaryimage"},"image":{"@id":"https:\/\/gblexprimer.com\/product\/steroides\/#primaryimage"},"thumbnailUrl":"https:\/\/gblexprimer.com\/wp-content\/uploads\/2024\/11\/Steroides.jpg","datePublished":"2024-11-26T06:13:51+00:00","dateModified":"2026-04-13T04:21:44+00:00","description":"Acquistare steroidi (Sterydy) online su GBlexprimer. Prodotti autentici per le prestazioni fisiche e il bodybuilding. Consegna veloce e pagamento sicuro. Ordina ora!","breadcrumb":{"@id":"https:\/\/gblexprimer.com\/product\/steroides\/#breadcrumb"},"inLanguage":"it-IT","potentialAction":[{"@type":"ReadAction","target":["https:\/\/gblexprimer.com\/product\/steroides\/"]}]},{"@type":"ImageObject","inLanguage":"it-IT","@id":"https:\/\/gblexprimer.com\/product\/steroides\/#primaryimage","url":"https:\/\/gblexprimer.com\/wp-content\/uploads\/2024\/11\/Steroides.jpg","contentUrl":"https:\/\/gblexprimer.com\/wp-content\/uploads\/2024\/11\/Steroides.jpg","width":600,"height":600,"caption":"St\u00e9ro\u00efdes"},{"@type":"BreadcrumbList","@id":"https:\/\/gblexprimer.com\/product\/steroides\/#breadcrumb","itemListElement":[{"@type":"ListItem","position":1,"name":"Home","item":"https:\/\/gblexprimer.com\/"},{"@type":"ListItem","position":2,"name":"Shop","item":"https:\/\/gblexprimer.com\/shop\/"},{"@type":"ListItem","position":3,"name":"St\u00e9ro\u00efdes"}]},{"@type":"WebSite","@id":"https:\/\/gblexprimer.com\/#website","url":"https:\/\/gblexprimer.com\/","name":"GBL Express","description":"","publisher":{"@id":"https:\/\/gblexprimer.com\/#organization"},"potentialAction":[{"@type":"SearchAction","target":{"@type":"EntryPoint","urlTemplate":"https:\/\/gblexprimer.com\/?s={search_term_string}"},"query-input":{"@type":"PropertyValueSpecification","valueRequired":true,"valueName":"search_term_string"}}],"inLanguage":"it-IT"},{"@type":"Organization","@id":"https:\/\/gblexprimer.com\/#organization","name":"GBL Express","url":"https:\/\/gblexprimer.com\/","logo":{"@type":"ImageObject","inLanguage":"it-IT","@id":"https:\/\/gblexprimer.com\/#\/schema\/logo\/image\/","url":"https:\/\/gblexprimer.com\/wp-content\/uploads\/2024\/01\/logo.png","contentUrl":"https:\/\/gblexprimer.com\/wp-content\/uploads\/2024\/01\/logo.png","width":220,"height":80,"caption":"GBL Exprimer"},"image":{"@id":"https:\/\/gblexprimer.com\/#\/schema\/logo\/image\/"}}]}},"_links":{"self":[{"href":"https:\/\/gblexprimer.com\/it\/wp-json\/wp\/v2\/product\/5048","targetHints":{"allow":["GET"]}}],"collection":[{"href":"https:\/\/gblexprimer.com\/it\/wp-json\/wp\/v2\/product"}],"about":[{"href":"https:\/\/gblexprimer.com\/it\/wp-json\/wp\/v2\/types\/product"}],"replies":[{"embeddable":true,"href":"https:\/\/gblexprimer.com\/it\/wp-json\/wp\/v2\/comments?post=5048"}],"wp:featuredmedia":[{"embeddable":true,"href":"https:\/\/gblexprimer.com\/it\/wp-json\/wp\/v2\/media\/5278"}],"wp:attachment":[{"href":"https:\/\/gblexprimer.com\/it\/wp-json\/wp\/v2\/media?parent=5048"}],"wp:term":[{"taxonomy":"product_brand","embeddable":true,"href":"https:\/\/gblexprimer.com\/it\/wp-json\/wp\/v2\/product_brand?post=5048"},{"taxonomy":"product_cat","embeddable":true,"href":"https:\/\/gblexprimer.com\/it\/wp-json\/wp\/v2\/product_cat?post=5048"},{"taxonomy":"product_tag","embeddable":true,"href":"https:\/\/gblexprimer.com\/it\/wp-json\/wp\/v2\/product_tag?post=5048"}],"curies":[{"name":"wp","href":"https:\/\/api.w.org\/{rel}","templated":true}]}}